{"id":953,"date":"2021-03-17T11:25:17","date_gmt":"2021-03-17T10:25:17","guid":{"rendered":"http:\/\/www.sacmo.com\/?page_id=953"},"modified":"2021-06-03T09:54:26","modified_gmt":"2021-06-03T07:54:26","slug":"pharmaceutique","status":"publish","type":"page","link":"https:\/\/www.sacmo.com\/fr\/votre-secteur-dactivite\/pharmaceutique\/","title":{"rendered":"Pharmaceutique"},"content":{"rendered":"<div id=\"pl-953\"  class=\"panel-layout\" ><div id=\"pg-953-0\"  class=\"panel-grid panel-has-style\" ><div class=\"panel-row-style panel-row-style-for-953-0\" ><div id=\"pgc-953-0-0\"  class=\"panel-grid-cell\" ><div id=\"panel-953-0-0-0\" class=\"so-panel widget widget_smartheme_titre_widget panel-first-child panel-last-child\" data-index=\"0\" ><div\n\t\t\t\n\t\t\tclass=\"so-widget-smartheme_titre_widget so-widget-smartheme_titre_widget-default-d75171398898-953\"\n\t\t\t\n\t\t><div class=\"container_titre center\">\n\t<div class=\"titre\">\n\t\t\t\t<h2>40 ANNEES D\u2019EXPERTISE INDUSTRIELLE AU SERVICE DE LA SANTE<\/h2>\n\t<\/div>\n\t<\/div><\/div><\/div><\/div><\/div><\/div><div id=\"pg-953-1\"  class=\"panel-grid panel-has-style\" ><div class=\"panel-row-style panel-row-style-for-953-1\" ><div id=\"pgc-953-1-0\"  class=\"panel-grid-cell\" ><div id=\"panel-953-1-0-0\" class=\"so-panel widget widget_editeur panel-first-child panel-last-child\" data-index=\"1\" ><div\n\t\t\t\n\t\t\tclass=\"so-widget-editeur so-widget-editeur-base\"\n\t\t\t\n\t\t>\t\t\t<div class=\"smarttheme_editeur\">\n\t\t<p>Le secteur de la sant\u00e9 est encadr\u00e9 par des r\u00e9glementations nombreuses et exigeantes qui se traduisent par la mise en place de protocoles rigoureux au sein des unit\u00e9s de production dans l\u2019industrie pharmaceutique. Les traitements d\u00e9velopp\u00e9s par les laboratoires pharmaceutiques doivent \u00eatre produits dans des conditions sanitaires strictes afin que le m\u00e9dicament administr\u00e9 au patient final soit fiable et conforme aux normes en vigueur. Les op\u00e9rations de contr\u00f4le et de tra\u00e7abilit\u00e9 des m\u00e9dicaments contribuent \u00e0 s\u00e9curiser chaque lot fabriqu\u00e9. En tant que sp\u00e9cialiste des solutions sur-mesure, SACMO con\u00e7oit et r\u00e9alise des machines pour l\u2019industrie pharmaceutique int\u00e9grant notamment des fonctions d\u2019\u00e9tiquetage, de contr\u00f4le et de pick &amp; place. Gr\u00e2ce \u00e0 nos comp\u00e9tences en robotique et en m\u00e9canique, nous mettons au point des machines agiles qui r\u00e9pondent en tous points \u00e0 vos cahiers des charges. Nous avons d\u00e9velopp\u00e9 des \u00e9tiqueteuses polyvalentes int\u00e9grant une d\u00e9pose d\u2019\u00e9tiquette et des fonctions permettant de v\u00e9rifier diff\u00e9rents points de contr\u00f4le sur les produits trait\u00e9s. Nous avons r\u00e9alis\u00e9 des modules pour am\u00e9liorer les contr\u00f4les qualit\u00e9 qui simplifient les op\u00e9rations de pr\u00e9l\u00e8vement et de r\u00e9int\u00e9gration des produits dans la ligne de conditionnement pharmaceutique.<\/p>\n<\/div>\n<\/div><\/div><\/div><div id=\"pgc-953-1-1\"  class=\"panel-grid-cell\" ><div id=\"panel-953-1-1-0\" class=\"so-panel widget widget_smart-image panel-first-child panel-last-child\" data-index=\"2\" ><div\n\t\t\t\n\t\t\tclass=\"so-widget-smart-image so-widget-smart-image-default-40cd750bba98-953\"\n\t\t\t\n\t\t><div class=\"sow-image-container\">\n\t<div class=\"containerSmartImage right-center zoom  ajuster\"><div class=\"chargementSmartImage\"><div class=\"containerLoader\"><div class=\"loader\"><\/div><\/div><\/div><div style=\"background-image: url(https:\/\/www.sacmo.com\/fr\/wp-content\/uploads\/2021\/03\/sacmo_module_etiquetage-1-768x432.jpg);\" class=\"smartImage carre \"><\/div><\/div>\t\t\t<div class=\"fond_popup_image\"><\/div>\n\t\t<div id=\"popup_image\">\n\t\t\t<div class=\"container-prevPopup\"><div class=\"prevPopup\"><\/div><\/div>\n\t\t\t<div class=\"container-nextPopup\"><div class=\"nextPopup\"><\/div><\/div>\n\t\t\t<div class=\"popup containerPopup\">\n\t\t\t\t<div class=\"container_exit\"><div class=\"exit\"><\/div><\/div>\n\t\t\t\t<div class=\"contenuPopup container\">\n\t\t\t\t\t<div class=\"row\">\n\t\t\t\t\t\t<div class=\"col-md-12\">\n\t\t\t\t\t\t\t<img decoding=\"async\" src=\"https:\/\/www.sacmo.com\/fr\/wp-content\/uploads\/2021\/03\/sacmo_module_etiquetage-1-768x432.jpg\">\n\t\t\t\t\t\t<\/div>\n\t\t\t\t\t<\/div>\n\t\t\t\t<\/div>\n\t\t\t<\/div>\n\t\t<\/div>\n\t<\/div>\n\n<\/div><\/div><\/div><\/div><\/div><div id=\"pg-953-2\"  class=\"panel-grid panel-has-style\" ><div class=\"panel-row-style panel-row-style-for-953-2\" ><div id=\"pgc-953-2-0\"  class=\"panel-grid-cell\" ><div id=\"panel-953-2-0-0\" class=\"so-panel widget widget_smart-image panel-first-child panel-last-child\" data-index=\"3\" ><div\n\t\t\t\n\t\t\tclass=\"so-widget-smart-image so-widget-smart-image-default-40cd750bba98-953\"\n\t\t\t\n\t\t><div class=\"sow-image-container\">\n\t<div class=\"containerSmartImage right-center zoom  ajuster\"><div class=\"chargementSmartImage\"><div class=\"containerLoader\"><div class=\"loader\"><\/div><\/div><\/div><div style=\"background-image: url(https:\/\/www.sacmo.com\/fr\/wp-content\/uploads\/2021\/03\/sacmo_convoyeur_vertical_buffer-1-768x432.jpg);\" class=\"smartImage carre \"><\/div><\/div>\t\t\t<div class=\"fond_popup_image\"><\/div>\n\t\t<div id=\"popup_image\">\n\t\t\t<div class=\"container-prevPopup\"><div class=\"prevPopup\"><\/div><\/div>\n\t\t\t<div class=\"container-nextPopup\"><div class=\"nextPopup\"><\/div><\/div>\n\t\t\t<div class=\"popup containerPopup\">\n\t\t\t\t<div class=\"container_exit\"><div class=\"exit\"><\/div><\/div>\n\t\t\t\t<div class=\"contenuPopup container\">\n\t\t\t\t\t<div class=\"row\">\n\t\t\t\t\t\t<div class=\"col-md-12\">\n\t\t\t\t\t\t\t<img decoding=\"async\" src=\"https:\/\/www.sacmo.com\/fr\/wp-content\/uploads\/2021\/03\/sacmo_convoyeur_vertical_buffer-1-768x432.jpg\">\n\t\t\t\t\t\t<\/div>\n\t\t\t\t\t<\/div>\n\t\t\t\t<\/div>\n\t\t\t<\/div>\n\t\t<\/div>\n\t<\/div>\n\n<\/div><\/div><\/div><div id=\"pgc-953-2-1\"  class=\"panel-grid-cell\" ><div id=\"panel-953-2-1-0\" class=\"so-panel widget widget_smartheme_titre_widget panel-first-child\" data-index=\"4\" ><div class=\"panel-widget-style panel-widget-style-for-953-2-1-0\" ><div\n\t\t\t\n\t\t\tclass=\"so-widget-smartheme_titre_widget so-widget-smartheme_titre_widget-default-d75171398898-953\"\n\t\t\t\n\t\t><div class=\"container_titre left\">\n\t<div class=\"titre\">\n\t\t\t\t<h3>Des solutions sur-mesure pour vos lignes de conditionnement pharmaceutique<\/h3>\n\t<\/div>\n\t<\/div><\/div><\/div><\/div><div id=\"panel-953-2-1-1\" class=\"so-panel widget widget_editeur panel-last-child\" data-index=\"5\" ><div\n\t\t\t\n\t\t\tclass=\"so-widget-editeur so-widget-editeur-base\"\n\t\t\t\n\t\t>\t\t\t<div class=\"smarttheme_editeur\">\n\t\t<p>Comment atteindre vos objectifs de rendement ? Comment optimiser vos flux de production ? Comment g\u00e9rer les variations de cadence de production ? L\u2019am\u00e9lioration de vos performances soul\u00e8vent de nombreuses probl\u00e9matiques et pour les r\u00e9soudre vous avez besoin d\u2019\u00eatre conseill\u00e9 par des sp\u00e9cialistes en solutions industrielles. L\u2019exp\u00e9rience des \u00e9quipes SACMO permet de vous aider \u00e0 atteindre vos objectifs de productivit\u00e9 en vous apportant des solutions pour optimiser vos flux de produits et am\u00e9liorer vos taux de rendement. Parmi nos r\u00e9alisations pour l\u2019industrie pharmaceutique se trouvent des modules d\u2019accumulation permettant de disposer d\u2019un stock \u00ab tampon \u00bb entre deux machines ou encore des ensembles de convoyeurs sur-mesure pour permettre une grande capacit\u00e9 d\u2019accumulation.<\/p>\n<\/div>\n<\/div><\/div><\/div><\/div><\/div><div id=\"pg-953-3\"  class=\"panel-grid panel-has-style\" ><div class=\"panel-row-style panel-row-style-for-953-3\" ><div id=\"pgc-953-3-0\"  class=\"panel-grid-cell\" ><div id=\"panel-953-3-0-0\" class=\"so-panel widget widget_editeur panel-first-child\" data-index=\"6\" ><div\n\t\t\t\n\t\t\tclass=\"so-widget-editeur so-widget-editeur-base\"\n\t\t\t\n\t\t>\t\t\t<div class=\"smarttheme_editeur\">\n\t\t<p>Chaque m\u00e9dicament doit \u00eatre emball\u00e9 avec le plus grand soin afin que sa qualit\u00e9 et sa tra\u00e7abilit\u00e9 soient pr\u00e9serv\u00e9es tout au long de son parcours, depuis votre laboratoire jusque chez le patient auquel il est destin\u00e9. Les op\u00e9rations de fin de ligne vont contribuer \u00e0 la tra\u00e7abilit\u00e9 et garantir l\u2019inviolabilit\u00e9 du produit pendant tout le cycle logistique (exp\u00e9dition, distribution\u2026).<\/p>\n<\/div>\n<\/div><\/div><div id=\"panel-953-3-0-1\" class=\"so-panel widget widget_smartheme_titre_widget\" data-index=\"7\" ><div class=\"panel-widget-style panel-widget-style-for-953-3-0-1\" ><div\n\t\t\t\n\t\t\tclass=\"so-widget-smartheme_titre_widget so-widget-smartheme_titre_widget-default-d75171398898-953\"\n\t\t\t\n\t\t><div class=\"container_titre left\">\n\t<div class=\"titre\">\n\t\t\t\t<h2>NOS ENCAISSEUSES<\/h2>\n\t<\/div>\n\t<\/div><\/div><\/div><\/div><div id=\"panel-953-3-0-2\" class=\"so-panel widget widget_editeur\" data-index=\"8\" ><div\n\t\t\t\n\t\t\tclass=\"so-widget-editeur so-widget-editeur-base\"\n\t\t\t\n\t\t>\t\t\t<div class=\"smarttheme_editeur\">\n\t\t<p>SACMO propose une gamme d\u2019encaisseuses pour les lignes de conditionnement pharmaceutiques telles que l\u2019encaisseuse semi-automatique, l\u2019encaisseuse robotis\u00e9e, ou la table de groupage pour mise en caisse manuelle. Chaque encaisseuse peut \u00eatre compl\u00e9t\u00e9e par d\u2019autres modules comme une \u00e9tiqueteuse de caisse, une fermeuse ou une scotcheuse de caisse.<\/p>\n<\/div>\n<\/div><\/div><div id=\"panel-953-3-0-3\" class=\"so-panel widget widget_bouton panel-last-child\" data-index=\"9\" ><div\n\t\t\t\n\t\t\tclass=\"so-widget-bouton so-widget-bouton-default-40cd750bba98-953\"\n\t\t\t\n\t\t><div class=\"container_btn gauche\">\r\n\t\t<a href=\"https:\/\/www.sacmo.com\/fr\/machines-de-conditionnement\/\">\t\r\n\t\t\t<div class=\"btn rouge\">\r\n\t\t\t<span>En savoir plus<\/span>\r\n\t\t<\/div>\r\n\t<\/a>\r\n<\/div>\r\n<\/div><\/div><\/div><div id=\"pgc-953-3-1\"  class=\"panel-grid-cell\" ><div id=\"panel-953-3-1-0\" class=\"so-panel widget widget_smart-image panel-first-child panel-last-child\" data-index=\"10\" ><div\n\t\t\t\n\t\t\tclass=\"so-widget-smart-image so-widget-smart-image-default-40cd750bba98-953\"\n\t\t\t\n\t\t><div class=\"sow-image-container\">\n\t<div class=\"containerSmartImage center-center\"><div class=\"chargementSmartImage\"><div class=\"containerLoader\"><div class=\"loader\"><\/div><\/div><\/div><img decoding=\"async\" src=\"https:\/\/www.sacmo.com\/fr\/wp-content\/uploads\/2021\/04\/02-Encaisseuse-tubes-scaled-1-768x432.jpg\" title=\"02-Encaisseuse tubes\" alt=\"02-Encaisseuse tubes\" class=\"smartImage\"><\/div>\t<\/div>\n\n<\/div><\/div><\/div><\/div><\/div><div id=\"pg-953-4\"  class=\"panel-grid panel-has-style\" ><div class=\"panel-row-style panel-row-style-for-953-4\" ><div id=\"pgc-953-4-0\"  class=\"panel-grid-cell\" ><div id=\"panel-953-4-0-0\" class=\"so-panel widget widget_smart-image panel-first-child panel-last-child\" data-index=\"11\" ><div\n\t\t\t\n\t\t\tclass=\"so-widget-smart-image so-widget-smart-image-default-40cd750bba98-953\"\n\t\t\t\n\t\t><div class=\"sow-image-container\">\n\t<div class=\"containerSmartImage center-center\"><div class=\"chargementSmartImage\"><div class=\"containerLoader\"><div class=\"loader\"><\/div><\/div><\/div><img decoding=\"async\" src=\"https:\/\/www.sacmo.com\/fr\/wp-content\/uploads\/2021\/04\/007-PALETTISEUR-SACMO-2-768x432.jpg\" title=\"007-PALETTISEUR SACMO\" alt=\"007-PALETTISEUR SACMO\" class=\"smartImage\"><\/div>\t<\/div>\n\n<\/div><\/div><\/div><div id=\"pgc-953-4-1\"  class=\"panel-grid-cell\" ><div id=\"panel-953-4-1-0\" class=\"so-panel widget widget_smartheme_titre_widget panel-first-child\" data-index=\"12\" ><div class=\"panel-widget-style panel-widget-style-for-953-4-1-0\" ><div\n\t\t\t\n\t\t\tclass=\"so-widget-smartheme_titre_widget so-widget-smartheme_titre_widget-default-d75171398898-953\"\n\t\t\t\n\t\t><div class=\"container_titre left\">\n\t<div class=\"titre\">\n\t\t\t\t<h2>NOS PALETTISEURS<\/h2>\n\t<\/div>\n\t<\/div><\/div><\/div><\/div><div id=\"panel-953-4-1-1\" class=\"so-panel widget widget_editeur\" data-index=\"13\" ><div\n\t\t\t\n\t\t\tclass=\"so-widget-editeur so-widget-editeur-base\"\n\t\t\t\n\t\t>\t\t\t<div class=\"smarttheme_editeur\">\n\t\t<p>SACMO a mis au point une gamme de palettiseurs pour les lignes de conditionnement pharmaceutiques enti\u00e8rement personnalisables et adaptables \u00e0 vos sp\u00e9cifications.<br \/>\nPalettiseur collaboratif ou robotique, avec simple ou double zone de palettisation, avec ou sans d\u00e9pose d\u2019intercalaires\u2026 les possibilit\u00e9s de configuration de nos palettiseurs sont nombreuses.<\/p>\n<\/div>\n<\/div><\/div><div id=\"panel-953-4-1-2\" class=\"so-panel widget widget_bouton panel-last-child\" data-index=\"14\" ><div\n\t\t\t\n\t\t\tclass=\"so-widget-bouton so-widget-bouton-default-40cd750bba98-953\"\n\t\t\t\n\t\t><div class=\"container_btn gauche\">\r\n\t\t<a href=\"https:\/\/www.sacmo.com\/fr\/machines-de-conditionnement\/\">\t\r\n\t\t\t<div class=\"btn rouge\">\r\n\t\t\t<span>En savoir plus<\/span>\r\n\t\t<\/div>\r\n\t<\/a>\r\n<\/div>\r\n<\/div><\/div><\/div><\/div><\/div><div id=\"pg-953-5\"  class=\"panel-grid panel-has-style\" ><div class=\"panel-row-style panel-row-style-for-953-5\" ><div id=\"pgc-953-5-0\"  class=\"panel-grid-cell\" ><div id=\"panel-953-5-0-0\" class=\"so-panel widget widget_smartheme_titre_widget panel-first-child\" data-index=\"15\" ><div class=\"panel-widget-style panel-widget-style-for-953-5-0-0\" ><div\n\t\t\t\n\t\t\tclass=\"so-widget-smartheme_titre_widget so-widget-smartheme_titre_widget-default-d75171398898-953\"\n\t\t\t\n\t\t><div class=\"container_titre center\">\n\t<div class=\"titre\">\n\t\t\t\t<h3>Les machines con\u00e7ues par SACMO sont compatibles avec un large choix de produits de la parapharmacie et de l\u2019industrie pharmaceutique :<\/h3>\n\t<\/div>\n\t<\/div><\/div><\/div><\/div><div id=\"panel-953-5-0-1\" class=\"so-panel widget widget_siteorigin-panels-builder panel-last-child\" data-index=\"16\" ><div id=\"pl-w60b88ab211f7a\"  class=\"panel-layout\" ><div id=\"pg-w60b88ab211f7a-0\"  class=\"panel-grid panel-no-style\" ><div id=\"pgc-w60b88ab211f7a-0-0\"  class=\"panel-grid-cell\" ><div id=\"panel-w60b88ab211f7a-0-0-0\" class=\"so-panel widget widget_smartheme_titre_widget panel-first-child\" data-index=\"0\" ><div class=\"panel-widget-style panel-widget-style-for-w60b88ab211f7a-0-0-0\" ><div\n\t\t\t\n\t\t\tclass=\"so-widget-smartheme_titre_widget so-widget-smartheme_titre_widget-default-d75171398898\"\n\t\t\t\n\t\t><div class=\"container_titre left\">\n\t<div class=\"titre\">\n\t\t\t\t<h4>Pharmacie<\/h4>\n\t<\/div>\n\t<\/div><\/div><\/div><\/div><div id=\"panel-w60b88ab211f7a-0-0-1\" class=\"so-panel widget widget_editeur panel-last-child\" data-index=\"1\" ><div\n\t\t\t\n\t\t\tclass=\"so-widget-editeur so-widget-editeur-base\"\n\t\t\t\n\t\t>\t\t\t<div class=\"smarttheme_editeur\">\n\t\t<ul>\n<li><span style=\"font-size: 16px;\">Comprim\u00e9s<\/span><\/li>\n<li><span style=\"font-size: 16px;\">Flacons<\/span><\/li>\n<li><span style=\"font-size: 16px;\">Inhalateurs<\/span><\/li>\n<li><span style=\"font-size: 16px;\">Blisters<\/span><\/li>\n<li><span style=\"font-size: 16px;\">Sachets<\/span><\/li>\n<li><span style=\"font-size: 16px;\">Etuis<\/span><\/li>\n<li><span style=\"font-size: 16px;\">Caisses<\/span><\/li>\n<li><span style=\"font-size: 16px;\">Palettes<\/span><\/li>\n<\/ul>\n<\/div>\n<\/div><\/div><\/div><div id=\"pgc-w60b88ab211f7a-0-1\"  class=\"panel-grid-cell\" ><div id=\"panel-w60b88ab211f7a-0-1-0\" class=\"so-panel widget widget_smartheme_titre_widget panel-first-child\" data-index=\"2\" ><div class=\"panel-widget-style panel-widget-style-for-w60b88ab211f7a-0-1-0\" ><div\n\t\t\t\n\t\t\tclass=\"so-widget-smartheme_titre_widget so-widget-smartheme_titre_widget-default-d75171398898\"\n\t\t\t\n\t\t><div class=\"container_titre left\">\n\t<div class=\"titre\">\n\t\t\t\t<h4>Parapharmacie<\/h4>\n\t<\/div>\n\t<\/div><\/div><\/div><\/div><div id=\"panel-w60b88ab211f7a-0-1-1\" class=\"so-panel widget widget_editeur panel-last-child\" data-index=\"3\" ><div\n\t\t\t\n\t\t\tclass=\"so-widget-editeur so-widget-editeur-base\"\n\t\t\t\n\t\t>\t\t\t<div class=\"smarttheme_editeur\">\n\t\t<ul>\n<li><span style=\"font-size: 16px;\"><a href=\"https:\/\/www.sacmo.com\/fr\/nos-solutions-de-conditionnement\/tubes\/\">Tubes<\/a><\/span><\/li>\n<li><span style=\"font-size: 16px;\"><a href=\"https:\/\/www.sacmo.com\/fr\/nos-solutions-de-conditionnement\/flacons\/\">Flacons<\/a><\/span><\/li>\n<li><span style=\"font-size: 16px;\"><a href=\"https:\/\/www.sacmo.com\/fr\/nos-solutions-de-conditionnement\/aerosols\/\">A\u00e9rosols<\/a><\/span><\/li>\n<li><span style=\"font-size: 16px;\">Etuis<\/span><\/li>\n<li><span style=\"font-size: 16px;\">Caisses<\/span><\/li>\n<li><span style=\"font-size: 16px;\">Palettes<\/span><\/li>\n<\/ul>\n<\/div>\n<\/div><\/div><\/div><\/div><\/div><\/div><\/div><\/div><\/div><div id=\"pg-953-6\"  class=\"panel-grid panel-has-style\" ><div class=\"panel-row-style panel-row-style-for-953-6\" ><div id=\"pgc-953-6-0\"  class=\"panel-grid-cell\" ><div id=\"panel-953-6-0-0\" class=\"so-panel widget widget_smartheme_titre_widget panel-first-child\" data-index=\"17\" ><div class=\"panel-widget-style panel-widget-style-for-953-6-0-0\" ><div\n\t\t\t\n\t\t\tclass=\"so-widget-smartheme_titre_widget so-widget-smartheme_titre_widget-default-d75171398898-953\"\n\t\t\t\n\t\t><div class=\"container_titre left\">\n\t<div class=\"titre\">\n\t\t\t\t<h2>Cellule robotis\u00e9e Pick and Place<\/h2>\n\t<\/div>\n\t<\/div><\/div><\/div><\/div><div id=\"panel-953-6-0-1\" class=\"so-panel widget widget_editeur\" data-index=\"18\" ><div\n\t\t\t\n\t\t\tclass=\"so-widget-editeur so-widget-editeur-base\"\n\t\t\t\n\t\t>\t\t\t<div class=\"smarttheme_editeur\">\n\t\t<p>Nous avons r\u00e9alis\u00e9 une cellule robotis\u00e9e qui pr\u00e9l\u00e8ve des produits, les accumule temporairement sur un convoyeur de stockage et les r\u00e9int\u00e8gre dans la ligne de conditionnement. Notre client cherchait \u00e0 optimiser les flux de produits entre deux machines sur sa ligne dans un espace restreint. Nous avons con\u00e7u cette solution de stockage tampon qui permet aux machines en amont de continuer de produire en cas de d\u00e9faut de la machine en aval.<\/p>\n<\/div>\n<\/div><\/div><div id=\"panel-953-6-0-2\" class=\"so-panel widget widget_bouton panel-last-child\" data-index=\"19\" ><div\n\t\t\t\n\t\t\tclass=\"so-widget-bouton so-widget-bouton-default-40cd750bba98-953\"\n\t\t\t\n\t\t><div class=\"container_btn gauche\">\r\n\t\t<a href=\"https:\/\/www.sacmo.com\/fr\/machines-de-conditionnement\/\">\t\r\n\t\t\t<div class=\"btn rouge\">\r\n\t\t\t<span>En savoir plus<\/span>\r\n\t\t<\/div>\r\n\t<\/a>\r\n<\/div>\r\n<\/div><\/div><\/div><div id=\"pgc-953-6-1\"  class=\"panel-grid-cell\" ><div id=\"panel-953-6-1-0\" class=\"so-panel widget widget_smart-image panel-first-child panel-last-child\" data-index=\"20\" ><div\n\t\t\t\n\t\t\tclass=\"so-widget-smart-image so-widget-smart-image-default-40cd750bba98-953\"\n\t\t\t\n\t\t><div class=\"sow-image-container\">\n\t<div class=\"containerSmartImage center-center zoom\"><div class=\"chargementSmartImage\"><div class=\"containerLoader\"><div class=\"loader\"><\/div><\/div><\/div><img decoding=\"async\" src=\"https:\/\/www.sacmo.com\/fr\/wp-content\/uploads\/2021\/04\/Robot-pick-and-place-stockage-tampon-DSC08830-scaled-1-768x512.jpg\" title=\"Robot pick and place &#8211; stockage tampon-DSC08830\" alt=\"Robot pick and place &#8211; stockage tampon-DSC08830\" class=\"smartImage\"><\/div>\t\t\t<div class=\"fond_popup_image\"><\/div>\n\t\t<div id=\"popup_image\">\n\t\t\t<div class=\"container-prevPopup\"><div class=\"prevPopup\"><\/div><\/div>\n\t\t\t<div class=\"container-nextPopup\"><div class=\"nextPopup\"><\/div><\/div>\n\t\t\t<div class=\"popup containerPopup\">\n\t\t\t\t<div class=\"container_exit\"><div class=\"exit\"><\/div><\/div>\n\t\t\t\t<div class=\"contenuPopup container\">\n\t\t\t\t\t<div class=\"row\">\n\t\t\t\t\t\t<div class=\"col-md-12\">\n\t\t\t\t\t\t\t<img decoding=\"async\" src=\"https:\/\/www.sacmo.com\/fr\/wp-content\/uploads\/2021\/04\/Robot-pick-and-place-stockage-tampon-DSC08830-scaled-1-768x512.jpg\">\n\t\t\t\t\t\t<\/div>\n\t\t\t\t\t<\/div>\n\t\t\t\t<\/div>\n\t\t\t<\/div>\n\t\t<\/div>\n\t<\/div>\n\n<\/div><\/div><\/div><\/div><\/div><div id=\"pg-953-7\"  class=\"panel-grid panel-has-style\" ><div class=\"panel-row-style panel-row-style-for-953-7\" ><div id=\"pgc-953-7-0\"  class=\"panel-grid-cell\" ><div id=\"panel-953-7-0-0\" class=\"so-panel widget widget_smart-image panel-first-child panel-last-child\" data-index=\"21\" ><div\n\t\t\t\n\t\t\tclass=\"so-widget-smart-image so-widget-smart-image-default-40cd750bba98-953\"\n\t\t\t\n\t\t><div class=\"sow-image-container\">\n\t<div class=\"containerSmartImage center-center zoom\"><div class=\"chargementSmartImage\"><div class=\"containerLoader\"><div class=\"loader\"><\/div><\/div><\/div><img decoding=\"async\" src=\"https:\/\/www.sacmo.com\/fr\/wp-content\/uploads\/2021\/04\/Module-etiquetage-controle-04519-scaled-1-768x432.jpg\" title=\"Module etiquetage controle-04519\" alt=\"Module etiquetage controle-04519\" class=\"smartImage\"><\/div>\t\t\t<div class=\"fond_popup_image\"><\/div>\n\t\t<div id=\"popup_image\">\n\t\t\t<div class=\"container-prevPopup\"><div class=\"prevPopup\"><\/div><\/div>\n\t\t\t<div class=\"container-nextPopup\"><div class=\"nextPopup\"><\/div><\/div>\n\t\t\t<div class=\"popup containerPopup\">\n\t\t\t\t<div class=\"container_exit\"><div class=\"exit\"><\/div><\/div>\n\t\t\t\t<div class=\"contenuPopup container\">\n\t\t\t\t\t<div class=\"row\">\n\t\t\t\t\t\t<div class=\"col-md-12\">\n\t\t\t\t\t\t\t<img decoding=\"async\" src=\"https:\/\/www.sacmo.com\/fr\/wp-content\/uploads\/2021\/04\/Module-etiquetage-controle-04519-scaled-1-768x432.jpg\">\n\t\t\t\t\t\t<\/div>\n\t\t\t\t\t<\/div>\n\t\t\t\t<\/div>\n\t\t\t<\/div>\n\t\t<\/div>\n\t<\/div>\n\n<\/div><\/div><\/div><div id=\"pgc-953-7-1\"  class=\"panel-grid-cell\" ><div id=\"panel-953-7-1-0\" class=\"so-panel widget widget_smartheme_titre_widget panel-first-child\" data-index=\"22\" ><div class=\"panel-widget-style panel-widget-style-for-953-7-1-0\" ><div\n\t\t\t\n\t\t\tclass=\"so-widget-smartheme_titre_widget so-widget-smartheme_titre_widget-default-d75171398898-953\"\n\t\t\t\n\t\t><div class=\"container_titre left\">\n\t<div class=\"titre\">\n\t\t\t\t<h2>Etiqueteuse avec triple contr\u00f4le<\/h2>\n\t<\/div>\n\t<\/div><\/div><\/div><\/div><div id=\"panel-953-7-1-1\" class=\"so-panel widget widget_editeur\" data-index=\"23\" ><div\n\t\t\t\n\t\t\tclass=\"so-widget-editeur so-widget-editeur-base\"\n\t\t\t\n\t\t>\t\t\t<div class=\"smarttheme_editeur\">\n\t\t<p>Pour notre client, expert en solutions contre les maladies respiratoires, nous avons d\u00e9velopp\u00e9 une machine int\u00e9grant un poste d\u2019\u00e9tiquetage d\u2019inhalateurs et 3 postes de contr\u00f4le multi-positions. Les cam\u00e9ras v\u00e9rifient le nombre de doses indiqu\u00e9 sur le compteur (face sup\u00e9rieure de l\u2019inhalateur), la pr\u00e9sence de l\u2019\u00e9tiquette (face avant) et les informations de tra\u00e7abilit\u00e9 (c\u00f4t\u00e9 bouchon). En cas de d\u00e9faut relev\u00e9, le produit est rejet\u00e9 dans un bac.<\/p>\n<\/div>\n<\/div><\/div><div id=\"panel-953-7-1-2\" class=\"so-panel widget widget_bouton panel-last-child\" data-index=\"24\" ><div\n\t\t\t\n\t\t\tclass=\"so-widget-bouton so-widget-bouton-default-40cd750bba98-953\"\n\t\t\t\n\t\t><div class=\"container_btn gauche\">\r\n\t\t<a href=\"https:\/\/www.sacmo.com\/fr\/machines-de-conditionnement\/\">\t\r\n\t\t\t<div class=\"btn rouge\">\r\n\t\t\t<span>En savoir plus<\/span>\r\n\t\t<\/div>\r\n\t<\/a>\r\n<\/div>\r\n<\/div><\/div><\/div><\/div><\/div><div id=\"pg-953-8\"  class=\"panel-grid panel-has-style\" ><div class=\"panel-row-style panel-row-style-for-953-8\" ><div id=\"pgc-953-8-0\"  class=\"panel-grid-cell\" ><div id=\"panel-953-8-0-0\" class=\"so-panel widget widget_bouton panel-first-child panel-last-child\" data-index=\"25\" ><div\n\t\t\t\n\t\t\tclass=\"so-widget-bouton so-widget-bouton-default-40cd750bba98-953\"\n\t\t\t\n\t\t><div class=\"container_btn centre\">\r\n\t\t<a href=\"https:\/\/www.sacmo.com\/fr\/nos-solutions-de-conditionnement\/produits-pharmaceutiques\/\">\t\r\n\t\t\t<div class=\"btn rouge\">\r\n\t\t\t<span>D\u00e9couvrez nos solutions pour l\u2019industrie pharmaceutique<\/span>\r\n\t\t<\/div>\r\n\t<\/a>\r\n<\/div>\r\n<\/div><\/div><\/div><\/div><\/div><\/div>","protected":false},"excerpt":{"rendered":"<p>40 ANNEES D\u2019EXPERTISE INDUSTRIELLE AU SERVICE DE LA SANTE Le secteur de la sant\u00e9 est encadr\u00e9 par des r\u00e9glementations nombreuses [&hellip;]<\/p>\n","protected":false},"author":1,"featured_media":754,"parent":518,"menu_order":0,"comment_status":"closed","ping_status":"closed","template":"","meta":{"content-type":"","footnotes":""},"class_list":["post-953","page","type-page","status-publish","has-post-thumbnail","hentry"],"_links":{"self":[{"href":"https:\/\/www.sacmo.com\/fr\/wp-json\/wp\/v2\/pages\/953","targetHints":{"allow":["GET"]}}],"collection":[{"href":"https:\/\/www.sacmo.com\/fr\/wp-json\/wp\/v2\/pages"}],"about":[{"href":"https:\/\/www.sacmo.com\/fr\/wp-json\/wp\/v2\/types\/page"}],"author":[{"embeddable":true,"href":"https:\/\/www.sacmo.com\/fr\/wp-json\/wp\/v2\/users\/1"}],"replies":[{"embeddable":true,"href":"https:\/\/www.sacmo.com\/fr\/wp-json\/wp\/v2\/comments?post=953"}],"version-history":[{"count":8,"href":"https:\/\/www.sacmo.com\/fr\/wp-json\/wp\/v2\/pages\/953\/revisions"}],"predecessor-version":[{"id":2702,"href":"https:\/\/www.sacmo.com\/fr\/wp-json\/wp\/v2\/pages\/953\/revisions\/2702"}],"up":[{"embeddable":true,"href":"https:\/\/www.sacmo.com\/fr\/wp-json\/wp\/v2\/pages\/518"}],"wp:featuredmedia":[{"embeddable":true,"href":"https:\/\/www.sacmo.com\/fr\/wp-json\/wp\/v2\/media\/754"}],"wp:attachment":[{"href":"https:\/\/www.sacmo.com\/fr\/wp-json\/wp\/v2\/media?parent=953"}],"curies":[{"name":"wp","href":"https:\/\/api.w.org\/{rel}","templated":true}]}}