{"id":902,"date":"2021-03-17T09:25:23","date_gmt":"2021-03-17T08:25:23","guid":{"rendered":"http:\/\/www.sacmo.com\/?page_id=902"},"modified":"2021-07-01T17:28:14","modified_gmt":"2021-07-01T15:28:14","slug":"manipulateur-de-capot","status":"publish","type":"page","link":"https:\/\/www.sacmo.com\/fr\/nos-machines-de-conditionnement\/manipulateur\/","title":{"rendered":"Manipulateurs"},"content":{"rendered":"<div id=\"pl-902\"  class=\"panel-layout\" ><div id=\"pg-902-0\"  class=\"panel-grid panel-has-style\" ><div class=\"panel-row-style panel-row-style-for-902-0\" ><div id=\"pgc-902-0-0\"  class=\"panel-grid-cell\" ><div id=\"panel-902-0-0-0\" class=\"so-panel widget widget_smartheme_titre_widget panel-first-child\" data-index=\"0\" ><div\n\t\t\t\n\t\t\tclass=\"so-widget-smartheme_titre_widget so-widget-smartheme_titre_widget-default-d75171398898-902\"\n\t\t\t\n\t\t><div class=\"container_titre center\">\n\t<div class=\"titre\">\n\t\t\t\t<h2>NOS MANIPULATEURS POLYVALENTS ET SUR-MESURE<\/h2>\n\t<\/div>\n\t<\/div><\/div><\/div><div id=\"panel-902-0-0-1\" class=\"so-panel widget widget_editeur panel-last-child\" data-index=\"1\" ><div\n\t\t\t\n\t\t\tclass=\"so-widget-editeur so-widget-editeur-base\"\n\t\t\t\n\t\t>\t<div class=\"smarttheme_editeur column_text\">\n\t<p>Les manipulateurs industriels qu\u2019ils soient robotis\u00e9s ou motoris\u00e9s sont con\u00e7us tels des machines polyvalentes qui permettent de prendre, d\u00e9poser, assembler ou d\u00e9placer des produits vers une autre machine. Les manipulateurs de composants sont indispensables \u00e0 la bonne performance d\u2019une ligne de production. Il existe de multiples applications telles que le pick &amp; place, le vissage ou le bouchage, l\u2019\u00e9tiquetage, le marquage, la mise en godet ou l\u2019extraction de godets. Comme les fonctions possibles sont nombreuses, SACMO con\u00e7oit des manipulateurs robotis\u00e9s personnalisables pour r\u00e9pondre \u00e0 un large domaine d\u2019applications. L\u2019autre point fort des manipulateurs robotis\u00e9s SACMO, c\u2019est leur flexibilit\u00e9. En effet, le changement de format s\u2019effectue en quelques minutes et sans outil.<br \/>De la prise de thermoform\u00e9s \u00e0 la mise en godet, R\u00e9alisez n\u2019importe quelle op\u00e9ration de prise et d\u00e9pose de composants gr\u00e2ce \u00e0 nos manipulateurs robotis\u00e9s ultra-polyvalents. Ainsi pour manipuler, prendre, d\u00e9poser, transf\u00e9rer, orienter ou conditionner des produits, SACMO propose des manipulateurs robotis\u00e9s ou motoris\u00e9s qui s\u2019adaptent \u00e0 la taille et \u00e0 la forme des composants, \u00e0 la cadence de la ligne et aux diff\u00e9rents secteurs industriels.<\/p>\n<\/div>\n<\/div><\/div><\/div><\/div><\/div><div id=\"pg-902-1\"  class=\"panel-grid panel-has-style\" ><div class=\"panel-row-style panel-row-style-for-902-1\" ><div id=\"pgc-902-1-0\"  class=\"panel-grid-cell\" ><div id=\"panel-902-1-0-0\" class=\"so-panel widget widget_smartheme_titre_widget panel-first-child\" data-index=\"2\" ><div\n\t\t\t\n\t\t\tclass=\"so-widget-smartheme_titre_widget so-widget-smartheme_titre_widget-default-d75171398898-902\"\n\t\t\t\n\t\t><div class=\"container_titre center\">\n\t<div class=\"titre\">\n\t\t\t\t<h3>Manipulateur multifonctions<\/h3>\n\t<\/div>\n\t<\/div><\/div><\/div><div id=\"panel-902-1-0-1\" class=\"so-panel widget widget_smarttheme_media_gallery_masonry\" data-index=\"3\" ><div\n\t\t\t\n\t\t\tclass=\"so-widget-smarttheme_media_gallery_masonry so-widget-smarttheme_media_gallery_masonry-default-d75171398898-902\"\n\t\t\t\n\t\t><div class=\"container_galerie_masonry\">\r\n\t<div class=\"galerie_masonry one_column\">\r\n\t\t\t\t\t\t\t\t<div class=\"container_image rectangle center\" attr-image=\"https:\/\/www.sacmo.com\/fr\/wp-content\/uploads\/2021\/04\/manipulateur_3en1_sacmo-1.jpg\">\r\n\t\t\t\t<div class=\"image center\" style=\"background-image: url(https:\/\/www.sacmo.com\/fr\/wp-content\/uploads\/2021\/04\/manipulateur_3en1_sacmo-1.jpg)\"><\/div>\r\n\t\t\t\t<div class=\"filtre center\" style=\"background-image: linear-gradient(#b91b1d, #b91b1d), url(https:\/\/www.sacmo.com\/fr\/wp-content\/uploads\/2021\/04\/manipulateur_3en1_sacmo-1.jpg);\"><\/div>\r\n\t\t\t\t\t\t\t<\/div>\r\n\t\t\t<\/div>\r\n<\/div>\r\n\r\n<div class=\"fond_popup_masonry\"><\/div>\r\n<div class=\"popup_masonry\">\r\n\t<div class=\"container-prevPopup\"><div class=\"prevPopup\"><\/div><\/div>\r\n\t<div class=\"container-nextPopup\"><div class=\"nextPopup\"><\/div><\/div>\r\n\t<div class=\"popup containerPopup\">\r\n\t\t<div class=\"container_exit\"><div class=\"exit\"><\/div><\/div>\r\n\t\t<div class=\"contenuPopup container\">\r\n\t\t\t<div class=\"row\">\r\n\t\t\t\t<div class=\"col-md-12\">\r\n\t\t\t\t\t<img decoding=\"async\" src=\"\">\r\n\t\t\t\t<\/div>\r\n\t\t\t<\/div>\r\n\t\t<\/div>\r\n\t<\/div>\r\n<\/div><\/div><\/div><div id=\"panel-902-1-0-2\" class=\"so-panel widget widget_bouton panel-last-child\" data-index=\"4\" ><div\n\t\t\t\n\t\t\tclass=\"so-widget-bouton so-widget-bouton-default-40cd750bba98-902\"\n\t\t\t\n\t\t><div class=\"container_btn centre\">\r\n\t\t<a href=\"https:\/\/www.sacmo.com\/fr\/nos-machines-de-conditionnement\/manipulateur-de-capot\/manipulateur-etiqueteuse\/\">\t\r\n\t\t\t<div class=\"btn rouge\">\r\n\t\t\t<span>En savoir plus<\/span>\r\n\t\t<\/div>\r\n\t<\/a>\r\n<\/div>\r\n<\/div><\/div><\/div><\/div><\/div><div id=\"pg-902-2\"  class=\"panel-grid panel-has-style\" ><div class=\"panel-row-style panel-row-style-for-902-2\" ><div id=\"pgc-902-2-0\"  class=\"panel-grid-cell\" ><div id=\"panel-902-2-0-0\" class=\"so-panel widget widget_smartheme_titre_widget panel-first-child\" data-index=\"5\" ><div\n\t\t\t\n\t\t\tclass=\"so-widget-smartheme_titre_widget so-widget-smartheme_titre_widget-default-d75171398898-902\"\n\t\t\t\n\t\t><div class=\"container_titre center\">\n\t<div class=\"titre\">\n\t\t\t\t<h3>Manipulateur avec vissage et bouchage<\/h3>\n\t<\/div>\n\t<\/div><\/div><\/div><div id=\"panel-902-2-0-1\" class=\"so-panel widget widget_smarttheme_media_gallery_masonry\" data-index=\"6\" ><div\n\t\t\t\n\t\t\tclass=\"so-widget-smarttheme_media_gallery_masonry so-widget-smarttheme_media_gallery_masonry-default-d75171398898-902\"\n\t\t\t\n\t\t><div class=\"container_galerie_masonry\">\r\n\t<div class=\"galerie_masonry one_column\">\r\n\t\t\t\t\t\t\t\t<div class=\"container_image rectangle center\" attr-image=\"https:\/\/www.sacmo.com\/fr\/wp-content\/uploads\/2021\/04\/manipulateur_boucheuse_sacmo-1.jpg\">\r\n\t\t\t\t<div class=\"image center\" style=\"background-image: url(https:\/\/www.sacmo.com\/fr\/wp-content\/uploads\/2021\/04\/manipulateur_boucheuse_sacmo-1.jpg)\"><\/div>\r\n\t\t\t\t<div class=\"filtre center\" style=\"background-image: linear-gradient(#b91b1d, #b91b1d), url(https:\/\/www.sacmo.com\/fr\/wp-content\/uploads\/2021\/04\/manipulateur_boucheuse_sacmo-1.jpg);\"><\/div>\r\n\t\t\t\t\t\t\t<\/div>\r\n\t\t\t<\/div>\r\n<\/div>\r\n\r\n<div class=\"fond_popup_masonry\"><\/div>\r\n<div class=\"popup_masonry\">\r\n\t<div class=\"container-prevPopup\"><div class=\"prevPopup\"><\/div><\/div>\r\n\t<div class=\"container-nextPopup\"><div class=\"nextPopup\"><\/div><\/div>\r\n\t<div class=\"popup containerPopup\">\r\n\t\t<div class=\"container_exit\"><div class=\"exit\"><\/div><\/div>\r\n\t\t<div class=\"contenuPopup container\">\r\n\t\t\t<div class=\"row\">\r\n\t\t\t\t<div class=\"col-md-12\">\r\n\t\t\t\t\t<img decoding=\"async\" src=\"\">\r\n\t\t\t\t<\/div>\r\n\t\t\t<\/div>\r\n\t\t<\/div>\r\n\t<\/div>\r\n<\/div><\/div><\/div><div id=\"panel-902-2-0-2\" class=\"so-panel widget widget_bouton panel-last-child\" data-index=\"7\" ><div\n\t\t\t\n\t\t\tclass=\"so-widget-bouton so-widget-bouton-default-40cd750bba98-902\"\n\t\t\t\n\t\t><div class=\"container_btn centre\">\r\n\t\t<a href=\"https:\/\/www.sacmo.com\/fr\/nos-machines-de-conditionnement\/manipulateur-de-capot\/manipulateur-vissage-bouchage\/\">\t\r\n\t\t\t<div class=\"btn rouge\">\r\n\t\t\t<span>En savoir plus<\/span>\r\n\t\t<\/div>\r\n\t<\/a>\r\n<\/div>\r\n<\/div><\/div><\/div><\/div><\/div><div id=\"pg-902-3\"  class=\"panel-grid panel-has-style\" ><div class=\"panel-row-style panel-row-style-for-902-3\" ><div id=\"pgc-902-3-0\"  class=\"panel-grid-cell\" ><div id=\"panel-902-3-0-0\" class=\"so-panel widget widget_smartheme_titre_widget panel-first-child\" data-index=\"8\" ><div\n\t\t\t\n\t\t\tclass=\"so-widget-smartheme_titre_widget so-widget-smartheme_titre_widget-default-d75171398898-902\"\n\t\t\t\n\t\t><div class=\"container_titre center\">\n\t<div class=\"titre\">\n\t\t\t\t<h3>Manipulateur de sachets<\/h3>\n\t<\/div>\n\t<\/div><\/div><\/div><div id=\"panel-902-3-0-1\" class=\"so-panel widget widget_smarttheme_media_gallery_masonry\" data-index=\"9\" ><div\n\t\t\t\n\t\t\tclass=\"so-widget-smarttheme_media_gallery_masonry so-widget-smarttheme_media_gallery_masonry-default-d75171398898-902\"\n\t\t\t\n\t\t><div class=\"container_galerie_masonry\">\r\n\t<div class=\"galerie_masonry one_column\">\r\n\t\t\t\t\t\t\t\t<div class=\"container_image rectangle center\" attr-image=\"https:\/\/www.sacmo.com\/fr\/wp-content\/uploads\/2021\/04\/ROBOT-STOCKEUR-1.png\">\r\n\t\t\t\t<div class=\"image center\" style=\"background-image: url(https:\/\/www.sacmo.com\/fr\/wp-content\/uploads\/2021\/04\/ROBOT-STOCKEUR-1.png)\"><\/div>\r\n\t\t\t\t<div class=\"filtre center\" style=\"background-image: linear-gradient(#b91b1d, #b91b1d), url(https:\/\/www.sacmo.com\/fr\/wp-content\/uploads\/2021\/04\/ROBOT-STOCKEUR-1.png);\"><\/div>\r\n\t\t\t\t\t\t\t<\/div>\r\n\t\t\t<\/div>\r\n<\/div>\r\n\r\n<div class=\"fond_popup_masonry\"><\/div>\r\n<div class=\"popup_masonry\">\r\n\t<div class=\"container-prevPopup\"><div class=\"prevPopup\"><\/div><\/div>\r\n\t<div class=\"container-nextPopup\"><div class=\"nextPopup\"><\/div><\/div>\r\n\t<div class=\"popup containerPopup\">\r\n\t\t<div class=\"container_exit\"><div class=\"exit\"><\/div><\/div>\r\n\t\t<div class=\"contenuPopup container\">\r\n\t\t\t<div class=\"row\">\r\n\t\t\t\t<div class=\"col-md-12\">\r\n\t\t\t\t\t<img decoding=\"async\" src=\"\">\r\n\t\t\t\t<\/div>\r\n\t\t\t<\/div>\r\n\t\t<\/div>\r\n\t<\/div>\r\n<\/div><\/div><\/div><div id=\"panel-902-3-0-2\" class=\"so-panel widget widget_bouton panel-last-child\" data-index=\"10\" ><div\n\t\t\t\n\t\t\tclass=\"so-widget-bouton so-widget-bouton-default-40cd750bba98-902\"\n\t\t\t\n\t\t><div class=\"container_btn centre\">\r\n\t\t<a href=\"https:\/\/www.sacmo.com\/fr\/nos-machines-de-conditionnement\/manipulateur-de-capot\/manipulateur-de-sachets\/\">\t\r\n\t\t\t<div class=\"btn rouge\">\r\n\t\t\t<span>En savoir plus<\/span>\r\n\t\t<\/div>\r\n\t<\/a>\r\n<\/div>\r\n<\/div><\/div><\/div><\/div><\/div><\/div>","protected":false},"excerpt":{"rendered":"<p>NOS MANIPULATEURS POLYVALENTS ET SUR-MESURE Les manipulateurs industriels qu\u2019ils soient robotis\u00e9s ou motoris\u00e9s sont con\u00e7us tels des machines polyvalentes qui [&hellip;]<\/p>\n","protected":false},"author":1,"featured_media":642,"parent":641,"menu_order":0,"comment_status":"closed","ping_status":"closed","template":"","meta":{"content-type":"","footnotes":""},"class_list":["post-902","page","type-page","status-publish","has-post-thumbnail","hentry"],"_links":{"self":[{"href":"https:\/\/www.sacmo.com\/fr\/wp-json\/wp\/v2\/pages\/902","targetHints":{"allow":["GET"]}}],"collection":[{"href":"https:\/\/www.sacmo.com\/fr\/wp-json\/wp\/v2\/pages"}],"about":[{"href":"https:\/\/www.sacmo.com\/fr\/wp-json\/wp\/v2\/types\/page"}],"author":[{"embeddable":true,"href":"https:\/\/www.sacmo.com\/fr\/wp-json\/wp\/v2\/users\/1"}],"replies":[{"embeddable":true,"href":"https:\/\/www.sacmo.com\/fr\/wp-json\/wp\/v2\/comments?post=902"}],"version-history":[{"count":9,"href":"https:\/\/www.sacmo.com\/fr\/wp-json\/wp\/v2\/pages\/902\/revisions"}],"predecessor-version":[{"id":3302,"href":"https:\/\/www.sacmo.com\/fr\/wp-json\/wp\/v2\/pages\/902\/revisions\/3302"}],"up":[{"embeddable":true,"href":"https:\/\/www.sacmo.com\/fr\/wp-json\/wp\/v2\/pages\/641"}],"wp:featuredmedia":[{"embeddable":true,"href":"https:\/\/www.sacmo.com\/fr\/wp-json\/wp\/v2\/media\/642"}],"wp:attachment":[{"href":"https:\/\/www.sacmo.com\/fr\/wp-json\/wp\/v2\/media?parent=902"}],"curies":[{"name":"wp","href":"https:\/\/api.w.org\/{rel}","templated":true}]}}