{"id":750,"date":"2021-02-25T19:05:58","date_gmt":"2021-02-25T18:05:58","guid":{"rendered":"http:\/\/www.sacmo.com\/?page_id=750"},"modified":"2021-06-03T09:53:31","modified_gmt":"2021-06-03T07:53:31","slug":"hygiene-2","status":"publish","type":"page","link":"https:\/\/www.sacmo.com\/fr\/votre-secteur-dactivite\/hygiene\/","title":{"rendered":"Hygi\u00e8ne"},"content":{"rendered":"<div id=\"pl-750\"  class=\"panel-layout\" ><div id=\"pg-750-0\"  class=\"panel-grid panel-has-style\" ><div class=\"panel-row-style panel-row-style-for-750-0\" ><div id=\"pgc-750-0-0\"  class=\"panel-grid-cell\" ><div id=\"panel-750-0-0-0\" class=\"so-panel widget widget_smartheme_titre_widget panel-first-child panel-last-child\" data-index=\"0\" ><div class=\"panel-widget-style panel-widget-style-for-750-0-0-0\" ><div\n\t\t\t\n\t\t\tclass=\"so-widget-smartheme_titre_widget so-widget-smartheme_titre_widget-default-d75171398898-750\"\n\t\t\t\n\t\t><div class=\"container_titre center\">\n\t<div class=\"titre\">\n\t\t\t\t<h2>SPECIALISTE DE LA MACHINE DE CONDITIONNEMENT SUR-MESURE<br \/>\nDU REMPLISSAGE \u00c0 LA PALETTISATION, SACMO \u00c0 TOUTES LES SOLUTIONS.<\/h2>\n\t<\/div>\n\t\t\t<span class=\"soustitre\">Le conditionnement de produits cosm\u00e9tiques requiert des solutions uniques.  Chez SACMO, on fabrique les machines qu\u2019il vous faut !<\/span>\n\t<\/div><\/div><\/div><\/div><\/div><\/div><\/div><div id=\"pg-750-1\"  class=\"panel-grid panel-has-style\" ><div class=\"panel-row-style panel-row-style-for-750-1\" ><div id=\"pgc-750-1-0\"  class=\"panel-grid-cell\" ><div id=\"panel-750-1-0-0\" class=\"so-panel widget widget_editeur panel-first-child panel-last-child\" data-index=\"1\" ><div\n\t\t\t\n\t\t\tclass=\"so-widget-editeur so-widget-editeur-base\"\n\t\t\t\n\t\t>\t\t\t<div class=\"smarttheme_editeur\">\n\t\t<p>Utilis\u00e9s au quotidien par des millions d\u2019hommes et de femmes, les produits d\u2019hygi\u00e8ne corporelle doivent assurer la propret\u00e9 des consommateurs et leur apporter du bien-\u00eatre. En tant qu\u2019industriel, vous devez fabriquer ces produits de grande consommation en volume en garantissant leur qualit\u00e9 et en limitant leur impact environnemental. Chez SACMO, nous comprenons que votre packaging doit incarner cette promesse d\u2019hygi\u00e8ne responsable et transparente. Alors, nous accompagnons nos clients dans leurs projets en adaptant nos machines et solutions \u00e0 leurs sp\u00e9cifications.<br \/>\nQue vous cherchiez une machine pour les op\u00e9rations du d\u00e9but de ligne (distribution, remplissage\u2026), milieu de ligne (\u00e9tiquetage, marquage\u2026) ou fin de ligne (mise en caisse, palettisation\u2026), vous trouverez chez SACMO des machines parfaitement adapt\u00e9es au conditionnement des produits d\u2019hygi\u00e8ne corporelle. SACMO con\u00e7oit et fabrique des machines flexibles et personnalisables qui int\u00e8grent les toutes derni\u00e8res technologies ce qui permet de minimiser les temps de changement de formats, am\u00e9liorer la productivit\u00e9 de votre ligne et garantir la qualit\u00e9 de vos produits. Chaque machine est r\u00e9fl\u00e9chie pour \u00eatre accessible et ergonomique afin d\u2019assurer le confort de l\u2019op\u00e9rateur. Chaque \u00e9cran est programm\u00e9 pour assurer une navigation intuitive et un param\u00e9trage facile de la machine.<\/p>\n<\/div>\n<\/div><\/div><\/div><div id=\"pgc-750-1-1\"  class=\"panel-grid-cell\" ><div id=\"panel-750-1-1-0\" class=\"so-panel widget widget_smart-image panel-first-child panel-last-child\" data-index=\"2\" ><div\n\t\t\t\n\t\t\tclass=\"so-widget-smart-image so-widget-smart-image-default-40cd750bba98-750\"\n\t\t\t\n\t\t><div class=\"sow-image-container\">\n\t<div class=\"containerSmartImage right-center   ajuster\"><div class=\"chargementSmartImage\"><div class=\"containerLoader\"><div class=\"loader\"><\/div><\/div><\/div><div style=\"background-image: url(https:\/\/www.sacmo.com\/fr\/wp-content\/uploads\/2021\/02\/sacmo_hygiene_station_de_distribution-1-768x512.jpg);\" class=\"smartImage carre \"><\/div><\/div>\t<\/div>\n\n<\/div><\/div><\/div><\/div><\/div><div id=\"pg-750-2\"  class=\"panel-grid panel-has-style\" ><div class=\"panel-row-style panel-row-style-for-750-2\" ><div id=\"pgc-750-2-0\"  class=\"panel-grid-cell\" ><div id=\"panel-750-2-0-0\" class=\"so-panel widget widget_smart-image panel-first-child panel-last-child\" data-index=\"3\" ><div\n\t\t\t\n\t\t\tclass=\"so-widget-smart-image so-widget-smart-image-default-40cd750bba98-750\"\n\t\t\t\n\t\t><div class=\"sow-image-container\">\n\t<div class=\"containerSmartImage right-center zoom filtre ajuster\"><div class=\"chargementSmartImage\"><div class=\"containerLoader\"><div class=\"loader\"><\/div><\/div><\/div><div style=\"background-image: linear-gradient(rgba(0,0,0,0) calc(100% - 40px), #b91b1d 0), url(https:\/\/www.sacmo.com\/fr\/wp-content\/uploads\/2021\/02\/sacmo_hygiene-1-768x512.jpg);\" class=\"filtre smartImage carre \"><\/div><\/div>\t\t\t<div class=\"fond_popup_image\"><\/div>\n\t\t<div id=\"popup_image\">\n\t\t\t<div class=\"container-prevPopup\"><div class=\"prevPopup\"><\/div><\/div>\n\t\t\t<div class=\"container-nextPopup\"><div class=\"nextPopup\"><\/div><\/div>\n\t\t\t<div class=\"popup containerPopup\">\n\t\t\t\t<div class=\"container_exit\"><div class=\"exit\"><\/div><\/div>\n\t\t\t\t<div class=\"contenuPopup container\">\n\t\t\t\t\t<div class=\"row\">\n\t\t\t\t\t\t<div class=\"col-md-12\">\n\t\t\t\t\t\t\t<img decoding=\"async\" src=\"https:\/\/www.sacmo.com\/fr\/wp-content\/uploads\/2021\/02\/sacmo_hygiene-1-768x512.jpg\">\n\t\t\t\t\t\t<\/div>\n\t\t\t\t\t<\/div>\n\t\t\t\t<\/div>\n\t\t\t<\/div>\n\t\t<\/div>\n\t<\/div>\n\n<\/div><\/div><\/div><div id=\"pgc-750-2-1\"  class=\"panel-grid-cell\" ><div id=\"panel-750-2-1-0\" class=\"so-panel widget widget_smartheme_titre_widget panel-first-child\" data-index=\"4\" ><div\n\t\t\t\n\t\t\tclass=\"so-widget-smartheme_titre_widget so-widget-smartheme_titre_widget-default-d75171398898-750\"\n\t\t\t\n\t\t><div class=\"container_titre left\">\n\t<div class=\"titre\">\n\t\t\t\t<h3>Expert en machines et services, SACMO fait de vos projets une r\u00e9alit\u00e9.<\/h3>\n\t<\/div>\n\t<\/div><\/div><\/div><div id=\"panel-750-2-1-1\" class=\"so-panel widget widget_editeur panel-last-child\" data-index=\"5\" ><div\n\t\t\t\n\t\t\tclass=\"so-widget-editeur so-widget-editeur-base\"\n\t\t\t\n\t\t>\t\t\t<div class=\"smarttheme_editeur\">\n\t\t<p>Notre exp\u00e9rience nous donne toutes les cl\u00e9s pour vous aider \u00e0 optimiser votre ligne de conditionnement de produits d\u2019hygi\u00e8ne. SACMO est pr\u00e9sent de la conception \u00e0 l\u2019installation de la machine sur votre site. Nous proposons une gamme de services additionnels tels que la r\u00e9novation de machines de conditionnement, l\u2019implantation de ligne compl\u00e8te de conditionnement ou encore le d\u00e9m\u00e9nagement de ligne de conditionnement en France et dans le monde entier.<br \/>\nNos clients innovent en cr\u00e9ant des shampoings solides, des tubes en carton recycl\u00e9 ou encore des d\u00e9odorants compress\u00e9s et nous concevons des solutions sur-mesure pour leur permettre d\u2019atteindre leurs objectifs. Vous aussi, faites nous confiance pour vos futurs projets !<\/p>\n<\/div>\n<\/div><\/div><\/div><\/div><\/div><div id=\"pg-750-3\"  class=\"panel-grid panel-has-style\" ><div class=\"panel-row-style panel-row-style-for-750-3\" ><div id=\"pgc-750-3-0\"  class=\"panel-grid-cell\" ><div id=\"panel-750-3-0-0\" class=\"so-panel widget widget_smartheme_titre_widget panel-first-child\" data-index=\"6\" ><div\n\t\t\t\n\t\t\tclass=\"so-widget-smartheme_titre_widget so-widget-smartheme_titre_widget-default-d75171398898-750\"\n\t\t\t\n\t\t><div class=\"container_titre center\">\n\t<div class=\"titre\">\n\t\t\t\t<h3>AVEC SACMO, VOTRE PRODUIT SERA EMBALLE COMME IL FAUT.<\/h3>\n\t<\/div>\n\t<\/div><\/div><\/div><div id=\"panel-750-3-0-1\" class=\"so-panel widget widget_editeur panel-last-child\" data-index=\"7\" ><div class=\"panel-widget-style panel-widget-style-for-750-3-0-1\" ><div\n\t\t\t\n\t\t\tclass=\"so-widget-editeur so-widget-editeur-base\"\n\t\t\t\n\t\t>\t\t\t<div class=\"smarttheme_editeur\">\n\t\t<p>Le saviez-vous ? SACMO est votre interlocuteur privil\u00e9gi\u00e9 pour vos projets de machines de conditionnement sur-mesure, vos projets de lignes compl\u00e8tes de conditionnement, vos nouvelles implantations de ligne, le d\u00e9m\u00e9nagement de lignes, la r\u00e9novation de machines et la r\u00e9alisation de pi\u00e8ces de formats\/d\u2019outillages.<\/p>\n<\/div>\n<\/div><\/div><\/div><\/div><\/div><\/div><div id=\"pg-750-4\"  class=\"panel-grid panel-no-style\" ><div id=\"pgc-750-4-0\"  class=\"panel-grid-cell\" ><div id=\"panel-750-4-0-0\" class=\"so-panel widget widget_smartheme_titre_widget panel-first-child panel-last-child\" data-index=\"8\" ><div class=\"panel-widget-style panel-widget-style-for-750-4-0-0\" ><div\n\t\t\t\n\t\t\tclass=\"so-widget-smartheme_titre_widget so-widget-smartheme_titre_widget-default-d75171398898-750\"\n\t\t\t\n\t\t><div class=\"container_titre center\">\n\t<div class=\"titre\">\n\t\t\t\t<h3>Nos machines sont compatibles avec de nombreux contenants et diff\u00e9rents types de contenus.<\/h3>\n\t<\/div>\n\t<\/div><\/div><\/div><\/div><\/div><\/div><div id=\"pg-750-5\"  class=\"panel-grid panel-has-style\" ><div class=\"panel-row-style panel-row-style-for-750-5\" ><div id=\"pgc-750-5-0\"  class=\"panel-grid-cell\" ><div id=\"panel-750-5-0-0\" class=\"so-panel widget widget_smart-image panel-first-child panel-last-child\" data-index=\"9\" ><div\n\t\t\t\n\t\t\tclass=\"so-widget-smart-image so-widget-smart-image-default-40cd750bba98-750\"\n\t\t\t\n\t\t><div class=\"sow-image-container\">\n\t<div class=\"containerSmartImage center-bottom   \"><div class=\"chargementSmartImage\"><div class=\"containerLoader\"><div class=\"loader\"><\/div><\/div><\/div><div style=\"background-image: url(https:\/\/www.sacmo.com\/fr\/wp-content\/uploads\/2021\/02\/sacmo_cosmetique_expertise-1-768x768.jpg);\" class=\"smartImage carre \"><\/div><\/div>\t<\/div>\n\n<\/div><\/div><\/div><div id=\"pgc-750-5-1\"  class=\"panel-grid-cell\" ><div id=\"panel-750-5-1-0\" class=\"so-panel widget widget_siteorigin-panels-builder panel-first-child panel-last-child\" data-index=\"10\" ><div id=\"pl-w60b88a7bbc40c\"  class=\"panel-layout\" ><div id=\"pg-w60b88a7bbc40c-0\"  class=\"panel-grid panel-no-style\" ><div id=\"pgc-w60b88a7bbc40c-0-0\"  class=\"panel-grid-cell\" ><div id=\"panel-w60b88a7bbc40c-0-0-0\" class=\"so-panel widget widget_smartheme_titre_widget panel-first-child\" data-index=\"0\" ><div class=\"panel-widget-style panel-widget-style-for-w60b88a7bbc40c-0-0-0\" ><div\n\t\t\t\n\t\t\tclass=\"so-widget-smartheme_titre_widget so-widget-smartheme_titre_widget-default-d75171398898\"\n\t\t\t\n\t\t><div class=\"container_titre left\">\n\t<div class=\"titre\">\n\t\t\t\t<h4>Contenants<\/h4>\n\t<\/div>\n\t<\/div><\/div><\/div><\/div><div id=\"panel-w60b88a7bbc40c-0-0-1\" class=\"so-panel widget widget_editeur panel-last-child\" data-index=\"1\" ><div\n\t\t\t\n\t\t\tclass=\"so-widget-editeur so-widget-editeur-base\"\n\t\t\t\n\t\t>\t\t\t<div class=\"smarttheme_editeur\">\n\t\t<ul>\n<li><span style=\"font-size: 16px;\"><a href=\"https:\/\/www.sacmo.com\/fr\/nos-solutions-de-conditionnement\/flacons\/\">Flacons<\/a> (Plastique, verre\u2026)<\/span><\/li>\n<li><span style=\"font-size: 16px;\"><a href=\"https:\/\/www.sacmo.com\/fr\/nos-solutions-de-conditionnement\/pots\/\">Pots<\/a> (Plastique, verre\u2026)<\/span><\/li>\n<li><span style=\"font-size: 16px;\"><a href=\"https:\/\/www.sacmo.com\/fr\/nos-solutions-de-conditionnement\/tubes\/\">Tubes<\/a> (plastique, aluminium, lamin\u00e9, carton)<\/span><\/li>\n<li><span style=\"font-size: 16px;\"><a href=\"https:\/\/www.sacmo.com\/fr\/nos-solutions-de-conditionnement\/autres-produits\/\">Flaconnettes<\/a> (Plastique et verre)<\/span><\/li>\n<li><span style=\"font-size: 16px;\"><a href=\"https:\/\/www.sacmo.com\/fr\/nos-solutions-de-conditionnement\/aerosols\/\">A\u00e9rosols<\/a><\/span><\/li>\n<li><span style=\"font-size: 16px;\">Lingettes<\/span><\/li>\n<li><span style=\"font-size: 16px;\">Boites ou \u00e9tuis<\/span><\/li>\n<li><span style=\"font-size: 16px;\">Cartons<\/span><\/li>\n<li><span style=\"font-size: 16px;\">Palettes<\/span><\/li>\n<\/ul>\n<\/div>\n<\/div><\/div><\/div><\/div><\/div><\/div><\/div><div id=\"pgc-750-5-2\"  class=\"panel-grid-cell\" ><div id=\"panel-750-5-2-0\" class=\"so-panel widget widget_siteorigin-panels-builder panel-first-child panel-last-child\" data-index=\"11\" ><div id=\"pl-w60b88a7bbc5e6\"  class=\"panel-layout\" ><div id=\"pg-w60b88a7bbc5e6-0\"  class=\"panel-grid panel-no-style\" ><div id=\"pgc-w60b88a7bbc5e6-0-0\"  class=\"panel-grid-cell\" ><div id=\"panel-w60b88a7bbc5e6-0-0-0\" class=\"so-panel widget widget_smartheme_titre_widget panel-first-child\" data-index=\"0\" ><div class=\"panel-widget-style panel-widget-style-for-w60b88a7bbc5e6-0-0-0\" ><div\n\t\t\t\n\t\t\tclass=\"so-widget-smartheme_titre_widget so-widget-smartheme_titre_widget-default-d75171398898\"\n\t\t\t\n\t\t><div class=\"container_titre left\">\n\t<div class=\"titre\">\n\t\t\t\t<h4>Contenu<\/h4>\n\t<\/div>\n\t<\/div><\/div><\/div><\/div><div id=\"panel-w60b88a7bbc5e6-0-0-1\" class=\"so-panel widget widget_editeur panel-last-child\" data-index=\"1\" ><div\n\t\t\t\n\t\t\tclass=\"so-widget-editeur so-widget-editeur-base\"\n\t\t\t\n\t\t>\t\t\t<div class=\"smarttheme_editeur\">\n\t\t<ul>\n<li><span style=\"font-size: 16px;\">Liquide (eau de toilette, lotion, eau micellaire)<\/span><\/li>\n<li><span style=\"font-size: 16px;\">Fluide (cr\u00e8me, soin, huile, gel douche)<\/span><\/li>\n<li><span style=\"font-size: 16px;\">Cire (baume, cire coiffante)<\/span><\/li>\n<li><span style=\"font-size: 16px;\">Solide (savon, shampoing)<\/span><\/li>\n<li><span style=\"font-size: 16px;\">P\u00e2te (mascara)<\/span><\/li>\n<li><span style=\"font-size: 16px;\">D\u00e9odorant<\/span><\/li>\n<li><span style=\"font-size: 16px;\">Produits capillaires (laque, spray, coloration shampoing)\u00a0<\/span><\/li>\n<li><span style=\"font-size: 16px;\">Produits solaires (spray, cr\u00e8me, huile...)<\/span><\/li>\n<\/ul>\n<\/div>\n<\/div><\/div><\/div><\/div><\/div><\/div><\/div><\/div><\/div><div id=\"pg-750-6\"  class=\"panel-grid panel-has-style\" ><div class=\"panel-row-style panel-row-style-for-750-6\" ><div id=\"pgc-750-6-0\"  class=\"panel-grid-cell\" ><div id=\"panel-750-6-0-0\" class=\"so-panel widget widget_smartheme_titre_widget panel-first-child panel-last-child\" data-index=\"12\" ><div class=\"panel-widget-style panel-widget-style-for-750-6-0-0\" ><div\n\t\t\t\n\t\t\tclass=\"so-widget-smartheme_titre_widget so-widget-smartheme_titre_widget-default-d75171398898-750\"\n\t\t\t\n\t\t><div class=\"container_titre center\">\n\t<div class=\"titre\">\n\t\t\t\t<h3>Nous concevons, r\u00e9alisons et installons des lignes compl\u00e8tes pour l'industrie de l'hygi\u00e8ne corporelle.<\/h3>\n\t<\/div>\n\t<\/div><\/div><\/div><\/div><\/div><\/div><\/div><div id=\"pg-750-7\"  class=\"panel-grid panel-has-style\" ><div class=\"panel-row-style panel-row-style-for-750-7\" ><div id=\"pgc-750-7-0\"  class=\"panel-grid-cell\" ><div id=\"panel-750-7-0-0\" class=\"so-panel widget widget_bouton panel-first-child\" data-index=\"13\" ><div\n\t\t\t\n\t\t\tclass=\"so-widget-bouton so-widget-bouton-default-40cd750bba98-750\"\n\t\t\t\n\t\t><div class=\"container_btn centre\">\r\n\t\t<a href=\"https:\/\/www.sacmo.com\/fr\/machines-de-conditionnement\/\">\t\r\n\t\t\t<div class=\"btn rouge\">\r\n\t\t\t<span>Toutes nos machines pour cr\u00e9er votre ligne de conditionnement<\/span>\r\n\t\t<\/div>\r\n\t<\/a>\r\n<\/div>\r\n<\/div><\/div><div id=\"panel-750-7-0-1\" class=\"so-panel widget widget_smart-image panel-last-child\" data-index=\"14\" ><div\n\t\t\t\n\t\t\tclass=\"so-widget-smart-image so-widget-smart-image-default-40cd750bba98-750\"\n\t\t\t\n\t\t><div class=\"sow-image-container\">\n\t<div class=\"containerSmartImage center-bottom\"><div class=\"chargementSmartImage\"><div class=\"containerLoader\"><div class=\"loader\"><\/div><\/div><\/div><img decoding=\"async\" src=\"https:\/\/www.sacmo.com\/fr\/wp-content\/uploads\/2021\/04\/Ligne-de-conditionnement-tubes-Ligne-2-pour-site-internet-1.png\" title=\"Ligne de conditionnement pour tubes\" alt=\"Ligne de conditionnement pour tubes\" class=\"smartImage\"><\/div>\t<\/div>\n\n<\/div><\/div><\/div><\/div><\/div><\/div>","protected":false},"excerpt":{"rendered":"<p>SPECIALISTE DE LA MACHINE DE CONDITIONNEMENT SUR-MESURE DU REMPLISSAGE \u00c0 LA PALETTISATION, SACMO \u00c0 TOUTES LES SOLUTIONS. Le conditionnement de [&hellip;]<\/p>\n","protected":false},"author":1,"featured_media":702,"parent":518,"menu_order":0,"comment_status":"closed","ping_status":"closed","template":"","meta":{"content-type":"","footnotes":""},"class_list":["post-750","page","type-page","status-publish","has-post-thumbnail","hentry"],"_links":{"self":[{"href":"https:\/\/www.sacmo.com\/fr\/wp-json\/wp\/v2\/pages\/750","targetHints":{"allow":["GET"]}}],"collection":[{"href":"https:\/\/www.sacmo.com\/fr\/wp-json\/wp\/v2\/pages"}],"about":[{"href":"https:\/\/www.sacmo.com\/fr\/wp-json\/wp\/v2\/types\/page"}],"author":[{"embeddable":true,"href":"https:\/\/www.sacmo.com\/fr\/wp-json\/wp\/v2\/users\/1"}],"replies":[{"embeddable":true,"href":"https:\/\/www.sacmo.com\/fr\/wp-json\/wp\/v2\/comments?post=750"}],"version-history":[{"count":12,"href":"https:\/\/www.sacmo.com\/fr\/wp-json\/wp\/v2\/pages\/750\/revisions"}],"predecessor-version":[{"id":2700,"href":"https:\/\/www.sacmo.com\/fr\/wp-json\/wp\/v2\/pages\/750\/revisions\/2700"}],"up":[{"embeddable":true,"href":"https:\/\/www.sacmo.com\/fr\/wp-json\/wp\/v2\/pages\/518"}],"wp:featuredmedia":[{"embeddable":true,"href":"https:\/\/www.sacmo.com\/fr\/wp-json\/wp\/v2\/media\/702"}],"wp:attachment":[{"href":"https:\/\/www.sacmo.com\/fr\/wp-json\/wp\/v2\/media?parent=750"}],"curies":[{"name":"wp","href":"https:\/\/api.w.org\/{rel}","templated":true}]}}