{"id":744,"date":"2021-02-25T18:48:02","date_gmt":"2021-02-25T17:48:02","guid":{"rendered":"http:\/\/www.sacmo.com\/?page_id=744"},"modified":"2021-06-03T09:52:46","modified_gmt":"2021-06-03T07:52:46","slug":"cosmetiques","status":"publish","type":"page","link":"https:\/\/www.sacmo.com\/fr\/votre-secteur-dactivite\/cosmetique\/","title":{"rendered":"Cosm\u00e9tique"},"content":{"rendered":"<div id=\"pl-744\"  class=\"panel-layout\" ><div id=\"pg-744-0\"  class=\"panel-grid panel-has-style\" ><div class=\"panel-row-style panel-row-style-for-744-0\" ><div id=\"pgc-744-0-0\"  class=\"panel-grid-cell\" ><div id=\"panel-744-0-0-0\" class=\"so-panel widget widget_smartheme_titre_widget panel-first-child panel-last-child\" data-index=\"0\" ><div\n\t\t\t\n\t\t\tclass=\"so-widget-smartheme_titre_widget so-widget-smartheme_titre_widget-default-d75171398898-744\"\n\t\t\t\n\t\t><div class=\"container_titre center\">\n\t<div class=\"titre\">\n\t\t\t\t<h2>40 ANNEES D\u2019EXPERTISE AU SERVICE DE L\u2019INDUSTRIE DE LA BEAUT\u00c9<\/h2>\n\t<\/div>\n\t\t\t<span class=\"soustitre\">Le conditionnement de produits cosm\u00e9tiques requiert des solutions uniques.  Chez SACMO, on fabrique les machines qu\u2019il vous faut !<\/span>\n\t<\/div><\/div><\/div><\/div><\/div><\/div><div id=\"pg-744-1\"  class=\"panel-grid panel-has-style\" ><div class=\"panel-row-style panel-row-style-for-744-1\" ><div id=\"pgc-744-1-0\"  class=\"panel-grid-cell\" ><div id=\"panel-744-1-0-0\" class=\"so-panel widget widget_editeur panel-first-child panel-last-child\" data-index=\"1\" ><div\n\t\t\t\n\t\t\tclass=\"so-widget-editeur so-widget-editeur-base\"\n\t\t\t\n\t\t>\t\t\t<div class=\"smarttheme_editeur\">\n\t\t<p>Les tendances de vos consommateurs \u00e9voluent \u00e0 une vitesse incroyable et vos produits doivent sans cesse \u00eatre adapt\u00e9s. Faire le choix d\u2019emballages recycl\u00e9s et\/ou recyclables, s\u00e9lectionner des mati\u00e8res premi\u00e8res \u00e9co-responsables, apporter de la transparence, garantir la tra\u00e7abilit\u00e9\u2026 voil\u00e0 autant de nouveaux d\u00e9fis industriels auxquels vous \u00eates confront\u00e9s. L\u2019emballage de votre produit refl\u00e8te l\u2019image de votre marque. Chaque emballage doit ainsi \u00eatre r\u00e9gulier, propre, lisible, rassurant et attrayant pour conqu\u00e9rir vos consommateurs.<\/p>\n<\/div>\n<\/div><\/div><\/div><div id=\"pgc-744-1-1\"  class=\"panel-grid-cell\" ><div id=\"panel-744-1-1-0\" class=\"so-panel widget widget_smart-image panel-first-child panel-last-child\" data-index=\"2\" ><div\n\t\t\t\n\t\t\tclass=\"so-widget-smart-image so-widget-smart-image-default-40cd750bba98-744\"\n\t\t\t\n\t\t><div class=\"sow-image-container\">\n\t<div class=\"containerSmartImage left-bottom zoom  ajuster\"><div class=\"chargementSmartImage\"><div class=\"containerLoader\"><div class=\"loader\"><\/div><\/div><\/div><div style=\"background-image: url(https:\/\/www.sacmo.com\/fr\/wp-content\/uploads\/2021\/03\/Makeup-scaled-1-768x432.jpg);\" class=\"smartImage carre \"><\/div><\/div>\t\t\t<div class=\"fond_popup_image\"><\/div>\n\t\t<div id=\"popup_image\">\n\t\t\t<div class=\"container-prevPopup\"><div class=\"prevPopup\"><\/div><\/div>\n\t\t\t<div class=\"container-nextPopup\"><div class=\"nextPopup\"><\/div><\/div>\n\t\t\t<div class=\"popup containerPopup\">\n\t\t\t\t<div class=\"container_exit\"><div class=\"exit\"><\/div><\/div>\n\t\t\t\t<div class=\"contenuPopup container\">\n\t\t\t\t\t<div class=\"row\">\n\t\t\t\t\t\t<div class=\"col-md-12\">\n\t\t\t\t\t\t\t<img decoding=\"async\" src=\"https:\/\/www.sacmo.com\/fr\/wp-content\/uploads\/2021\/03\/Makeup-scaled-1-768x432.jpg\">\n\t\t\t\t\t\t<\/div>\n\t\t\t\t\t<\/div>\n\t\t\t\t<\/div>\n\t\t\t<\/div>\n\t\t<\/div>\n\t<\/div>\n\n<\/div><\/div><\/div><\/div><\/div><div id=\"pg-744-2\"  class=\"panel-grid panel-has-style\" ><div class=\"panel-row-style panel-row-style-for-744-2\" ><div id=\"pgc-744-2-0\"  class=\"panel-grid-cell\" ><div id=\"panel-744-2-0-0\" class=\"so-panel widget widget_smart-image panel-first-child panel-last-child\" data-index=\"3\" ><div\n\t\t\t\n\t\t\tclass=\"so-widget-smart-image so-widget-smart-image-default-40cd750bba98-744\"\n\t\t\t\n\t\t><div class=\"sow-image-container\">\n\t<div class=\"containerSmartImage center-center zoom  ajuster\"><div class=\"chargementSmartImage\"><div class=\"containerLoader\"><div class=\"loader\"><\/div><\/div><\/div><div style=\"background-image: url(https:\/\/www.sacmo.com\/fr\/wp-content\/uploads\/2021\/04\/DSC09550-scaled-1-768x432.jpg);\" class=\"smartImage carre \"><\/div><\/div>\t\t\t<div class=\"fond_popup_image\"><\/div>\n\t\t<div id=\"popup_image\">\n\t\t\t<div class=\"container-prevPopup\"><div class=\"prevPopup\"><\/div><\/div>\n\t\t\t<div class=\"container-nextPopup\"><div class=\"nextPopup\"><\/div><\/div>\n\t\t\t<div class=\"popup containerPopup\">\n\t\t\t\t<div class=\"container_exit\"><div class=\"exit\"><\/div><\/div>\n\t\t\t\t<div class=\"contenuPopup container\">\n\t\t\t\t\t<div class=\"row\">\n\t\t\t\t\t\t<div class=\"col-md-12\">\n\t\t\t\t\t\t\t<img decoding=\"async\" src=\"https:\/\/www.sacmo.com\/fr\/wp-content\/uploads\/2021\/04\/DSC09550-scaled-1-768x432.jpg\">\n\t\t\t\t\t\t<\/div>\n\t\t\t\t\t<\/div>\n\t\t\t\t<\/div>\n\t\t\t<\/div>\n\t\t<\/div>\n\t<\/div>\n\n<\/div><\/div><\/div><div id=\"pgc-744-2-1\"  class=\"panel-grid-cell\" ><div id=\"panel-744-2-1-0\" class=\"so-panel widget widget_smartheme_titre_widget panel-first-child\" data-index=\"4\" ><div class=\"panel-widget-style panel-widget-style-for-744-2-1-0\" ><div\n\t\t\t\n\t\t\tclass=\"so-widget-smartheme_titre_widget so-widget-smartheme_titre_widget-default-d75171398898-744\"\n\t\t\t\n\t\t><div class=\"container_titre left\">\n\t<div class=\"titre\">\n\t\t\t\t<h3>SACMO, des solutions sur-mesure du remplissage \u00e0 la palettisation.<\/h3>\n\t<\/div>\n\t<\/div><\/div><\/div><\/div><div id=\"panel-744-2-1-1\" class=\"so-panel widget widget_editeur panel-last-child\" data-index=\"5\" ><div\n\t\t\t\n\t\t\tclass=\"so-widget-editeur so-widget-editeur-base\"\n\t\t\t\n\t\t>\t\t\t<div class=\"smarttheme_editeur\">\n\t\t<p>Chez SACMO, nous savons que l\u2019emballage est le premier \u00e9l\u00e9ment en contact avec votre consommateur. C\u2019est pourquoi dans nos r\u00e9alisations, nous accordons une attention particuli\u00e8re aux moindres d\u00e9tails. Depuis 1981, SACMO con\u00e7oit des machines de conditionnement et apporte des solutions aux plus grands noms fran\u00e7ais de la cosm\u00e9tique de luxe. Du remplissage \u00e0 la palettisation, nous proposons une gamme de machines personnalisables pour r\u00e9aliser toutes les op\u00e9rations du d\u00e9but \u00e0 la fin de ligne de conditionnement.<\/p>\n<\/div>\n<\/div><\/div><\/div><\/div><\/div><div id=\"pg-744-3\"  class=\"panel-grid panel-has-style\" ><div class=\"panel-row-style panel-row-style-for-744-3\" ><div id=\"pgc-744-3-0\"  class=\"panel-grid-cell\" ><div id=\"panel-744-3-0-0\" class=\"so-panel widget widget_smartheme_titre_widget panel-first-child\" data-index=\"6\" ><div class=\"panel-widget-style panel-widget-style-for-744-3-0-0\" ><div\n\t\t\t\n\t\t\tclass=\"so-widget-smartheme_titre_widget so-widget-smartheme_titre_widget-default-d75171398898-744\"\n\t\t\t\n\t\t><div class=\"container_titre left\">\n\t<div class=\"titre\">\n\t\t\t\t<h3>CHANGEZ DE FORMAT EN TOUTE SIMPLICITE<\/h3>\n\t<\/div>\n\t<\/div><\/div><\/div><\/div><div id=\"panel-744-3-0-1\" class=\"so-panel widget widget_editeur panel-last-child\" data-index=\"7\" ><div\n\t\t\t\n\t\t\tclass=\"so-widget-editeur so-widget-editeur-base\"\n\t\t\t\n\t\t>\t\t\t<div class=\"smarttheme_editeur\">\n\t\t<p>Notre Bureau d\u2019\u00e9tudes con\u00e7oit des machines ultra flexibles dont les postes s\u2019adaptent facilement aux diff\u00e9rents produits. Gr\u00e2ce aux solutions SMED de SACMO, vous n\u2019avez plus besoin d\u2019outils pour passer d\u2019un format \u00e0 un autre !<br \/>\nRemplir un flacon atypique, visser une brosse \u00e0 mascara, marquer des a\u00e9rosols ou encore mettre en \u00e9tui des produits fragiles, sont autant de probl\u00e9matiques auxquelles nos \u00e9quipes apportent des solutions. Les plus grandes marques de cosm\u00e9tiques nous font confiance depuis plusieurs d\u00e9cennies. Faites comme elles et confiez vos projets \u00e0 SACMO, sp\u00e9cialiste des lignes de conditionnement pour l\u2019industrie cosm\u00e9tique.<\/p>\n<\/div>\n<\/div><\/div><\/div><div id=\"pgc-744-3-1\"  class=\"panel-grid-cell\" ><div id=\"panel-744-3-1-0\" class=\"so-panel widget widget_smart-image panel-first-child panel-last-child\" data-index=\"8\" ><div\n\t\t\t\n\t\t\tclass=\"so-widget-smart-image so-widget-smart-image-default-40cd750bba98-744\"\n\t\t\t\n\t\t><div class=\"sow-image-container\">\n\t<div class=\"containerSmartImage center-center zoom  ajuster\"><div class=\"chargementSmartImage\"><div class=\"containerLoader\"><div class=\"loader\"><\/div><\/div><\/div><div style=\"background-image: url(https:\/\/www.sacmo.com\/fr\/wp-content\/uploads\/2021\/03\/02-Visseuse-parfum-scaled-1-768x432.jpg);\" class=\"smartImage carre \"><\/div><\/div>\t\t\t<div class=\"fond_popup_image\"><\/div>\n\t\t<div id=\"popup_image\">\n\t\t\t<div class=\"container-prevPopup\"><div class=\"prevPopup\"><\/div><\/div>\n\t\t\t<div class=\"container-nextPopup\"><div class=\"nextPopup\"><\/div><\/div>\n\t\t\t<div class=\"popup containerPopup\">\n\t\t\t\t<div class=\"container_exit\"><div class=\"exit\"><\/div><\/div>\n\t\t\t\t<div class=\"contenuPopup container\">\n\t\t\t\t\t<div class=\"row\">\n\t\t\t\t\t\t<div class=\"col-md-12\">\n\t\t\t\t\t\t\t<img decoding=\"async\" src=\"https:\/\/www.sacmo.com\/fr\/wp-content\/uploads\/2021\/03\/02-Visseuse-parfum-scaled-1-768x432.jpg\">\n\t\t\t\t\t\t<\/div>\n\t\t\t\t\t<\/div>\n\t\t\t\t<\/div>\n\t\t\t<\/div>\n\t\t<\/div>\n\t<\/div>\n\n<\/div><\/div><\/div><\/div><\/div><div id=\"pg-744-4\"  class=\"panel-grid panel-no-style\" ><div id=\"pgc-744-4-0\"  class=\"panel-grid-cell\" ><div id=\"panel-744-4-0-0\" class=\"so-panel widget widget_smartheme_titre_widget panel-first-child panel-last-child\" data-index=\"9\" ><div class=\"panel-widget-style panel-widget-style-for-744-4-0-0\" ><div\n\t\t\t\n\t\t\tclass=\"so-widget-smartheme_titre_widget so-widget-smartheme_titre_widget-default-d75171398898-744\"\n\t\t\t\n\t\t><div class=\"container_titre center\">\n\t<div class=\"titre\">\n\t\t\t\t<h3>Nos machines sont compatibles avec de nombreux contenants et diff\u00e9rents types de contenus.<\/h3>\n\t<\/div>\n\t<\/div><\/div><\/div><\/div><\/div><\/div><div id=\"pg-744-5\"  class=\"panel-grid panel-has-style\" ><div class=\"panel-row-style panel-row-style-for-744-5\" ><div id=\"pgc-744-5-0\"  class=\"panel-grid-cell\" ><div id=\"panel-744-5-0-0\" class=\"so-panel widget widget_smart-image panel-first-child panel-last-child\" data-index=\"10\" ><div\n\t\t\t\n\t\t\tclass=\"so-widget-smart-image so-widget-smart-image-default-40cd750bba98-744\"\n\t\t\t\n\t\t><div class=\"sow-image-container\">\n\t<div class=\"containerSmartImage center-bottom   \"><div class=\"chargementSmartImage\"><div class=\"containerLoader\"><div class=\"loader\"><\/div><\/div><\/div><div style=\"background-image: url(https:\/\/www.sacmo.com\/fr\/wp-content\/uploads\/2021\/02\/sacmo_cosmetique_expertise-1-768x768.jpg);\" class=\"smartImage carre \"><\/div><\/div>\t<\/div>\n\n<\/div><\/div><\/div><div id=\"pgc-744-5-1\"  class=\"panel-grid-cell\" ><div id=\"panel-744-5-1-0\" class=\"so-panel widget widget_siteorigin-panels-builder panel-first-child panel-last-child\" data-index=\"11\" ><div id=\"pl-w60b88a4e5d2c3\"  class=\"panel-layout\" ><div id=\"pg-w60b88a4e5d2c3-0\"  class=\"panel-grid panel-no-style\" ><div id=\"pgc-w60b88a4e5d2c3-0-0\"  class=\"panel-grid-cell\" ><div id=\"panel-w60b88a4e5d2c3-0-0-0\" class=\"so-panel widget widget_smartheme_titre_widget panel-first-child\" data-index=\"0\" ><div class=\"panel-widget-style panel-widget-style-for-w60b88a4e5d2c3-0-0-0\" ><div\n\t\t\t\n\t\t\tclass=\"so-widget-smartheme_titre_widget so-widget-smartheme_titre_widget-default-d75171398898\"\n\t\t\t\n\t\t><div class=\"container_titre left\">\n\t<div class=\"titre\">\n\t\t\t\t<h4>Contenants<\/h4>\n\t<\/div>\n\t<\/div><\/div><\/div><\/div><div id=\"panel-w60b88a4e5d2c3-0-0-1\" class=\"so-panel widget widget_editeur panel-last-child\" data-index=\"1\" ><div\n\t\t\t\n\t\t\tclass=\"so-widget-editeur so-widget-editeur-base\"\n\t\t\t\n\t\t>\t\t\t<div class=\"smarttheme_editeur\">\n\t\t<ul>\n<li><span style=\"font-size: 16px;\"><a href=\"https:\/\/www.sacmo.com\/fr\/nos-solutions-de-conditionnement\/flacons\/\">Flacons<\/a> (Plastique, verre\u2026)<\/span><\/li>\n<li><span style=\"font-size: 16px;\"><a href=\"https:\/\/www.sacmo.com\/fr\/nos-solutions-de-conditionnement\/pots\/\">Pots<\/a> (Plastique, verre\u2026)<\/span><\/li>\n<li><span style=\"font-size: 16px;\"><a href=\"https:\/\/www.sacmo.com\/fr\/nos-solutions-de-conditionnement\/tubes\/\">Tubes<\/a> (plastique, aluminium, lamin\u00e9, carton)<\/span><\/li>\n<li><span style=\"font-size: 16px;\"><a href=\"https:\/\/www.sacmo.com\/fr\/nos-solutions-de-conditionnement\/parfums\/\">Fioles et \u00e9chantillons<\/a> (Plastique et verre)<\/span><\/li>\n<li><span style=\"font-size: 16px;\"><a href=\"https:\/\/www.sacmo.com\/fr\/nos-solutions-de-conditionnement\/autres-produits\/\">Flaconnettes<\/a> (Plastique et verre)<\/span><\/li>\n<li><span style=\"font-size: 16px;\"><a href=\"https:\/\/www.sacmo.com\/fr\/nos-solutions-de-conditionnement\/maquillages\/\">Rouge \u00e0 l\u00e8vres<\/a><\/span><\/li>\n<li><span style=\"font-size: 16px;\"><a href=\"https:\/\/www.sacmo.com\/fr\/nos-solutions-de-conditionnement\/maquillages\/\">Mascara<\/a><\/span><\/li>\n<li><span style=\"font-size: 16px;\"><a href=\"https:\/\/www.sacmo.com\/fr\/nos-solutions-de-conditionnement\/maquillages\/\">Poudrier<\/a><\/span><\/li>\n<li><span style=\"font-size: 16px;\"><a href=\"https:\/\/www.sacmo.com\/fr\/nos-solutions-de-conditionnement\/aerosols\/\">A\u00e9rosols<\/a><\/span><\/li>\n<li><span style=\"font-size: 16px;\"><a href=\"https:\/\/www.sacmo.com\/fr\/nos-solutions-de-conditionnement\/soins-capillaires\/\">Kit de colorations capillaires<\/a><\/span><\/li>\n<li><span style=\"font-size: 16px;\">Boites ou \u00e9tuis<\/span><\/li>\n<li><span style=\"font-size: 16px;\">Cartons<\/span><\/li>\n<li><span style=\"font-size: 16px;\">Palettes<\/span><\/li>\n<\/ul>\n<\/div>\n<\/div><\/div><\/div><\/div><\/div><\/div><\/div><div id=\"pgc-744-5-2\"  class=\"panel-grid-cell\" ><div id=\"panel-744-5-2-0\" class=\"so-panel widget widget_siteorigin-panels-builder panel-first-child panel-last-child\" data-index=\"12\" ><div id=\"pl-w60b88a4e5d4c2\"  class=\"panel-layout\" ><div id=\"pg-w60b88a4e5d4c2-0\"  class=\"panel-grid panel-no-style\" ><div id=\"pgc-w60b88a4e5d4c2-0-0\"  class=\"panel-grid-cell\" ><div id=\"panel-w60b88a4e5d4c2-0-0-0\" class=\"so-panel widget widget_smartheme_titre_widget panel-first-child\" data-index=\"0\" ><div class=\"panel-widget-style panel-widget-style-for-w60b88a4e5d4c2-0-0-0\" ><div\n\t\t\t\n\t\t\tclass=\"so-widget-smartheme_titre_widget so-widget-smartheme_titre_widget-default-d75171398898\"\n\t\t\t\n\t\t><div class=\"container_titre left\">\n\t<div class=\"titre\">\n\t\t\t\t<h4>Contenu<\/h4>\n\t<\/div>\n\t<\/div><\/div><\/div><\/div><div id=\"panel-w60b88a4e5d4c2-0-0-1\" class=\"so-panel widget widget_editeur panel-last-child\" data-index=\"1\" ><div\n\t\t\t\n\t\t\tclass=\"so-widget-editeur so-widget-editeur-base\"\n\t\t\t\n\t\t>\t\t\t<div class=\"smarttheme_editeur\">\n\t\t<ul>\n<li><span style=\"font-size: 16px;\">Liquide (parfum, lotion, eau micellaire)<\/span><\/li>\n<li><span style=\"font-size: 16px;\">Fluide (cr\u00e8me, soin, fond de teint, huile)<\/span><\/li>\n<li><span style=\"font-size: 16px;\">Cire (Rouge \u00e0 l\u00e8vres)<\/span><\/li>\n<li><span style=\"font-size: 16px;\">P\u00e2te (Mascara)<\/span><\/li>\n<li><span style=\"font-size: 16px;\">Autres maquillages : poudre, gloss<\/span><\/li>\n<li><span style=\"font-size: 16px;\">Oxydant et colorant capillaire<\/span><\/li>\n<\/ul>\n<\/div>\n<\/div><\/div><\/div><\/div><\/div><\/div><\/div><\/div><\/div><div id=\"pg-744-6\"  class=\"panel-grid panel-has-style\" ><div class=\"panel-row-style panel-row-style-for-744-6\" ><div id=\"pgc-744-6-0\"  class=\"panel-grid-cell\" ><div id=\"panel-744-6-0-0\" class=\"so-panel widget widget_smartheme_titre_widget panel-first-child panel-last-child\" data-index=\"13\" ><div class=\"panel-widget-style panel-widget-style-for-744-6-0-0\" ><div\n\t\t\t\n\t\t\tclass=\"so-widget-smartheme_titre_widget so-widget-smartheme_titre_widget-default-d75171398898-744\"\n\t\t\t\n\t\t><div class=\"container_titre center\">\n\t<div class=\"titre\">\n\t\t\t\t<h3>Nous concevons, r\u00e9alisons et installons des lignes compl\u00e8tes pour l\u2019industrie cosm\u00e9tique.<\/h3>\n\t<\/div>\n\t<\/div><\/div><\/div><\/div><\/div><\/div><\/div><div id=\"pg-744-7\"  class=\"panel-grid panel-has-style\" ><div class=\"panel-row-style panel-row-style-for-744-7\" ><div id=\"pgc-744-7-0\"  class=\"panel-grid-cell\" ><div id=\"panel-744-7-0-0\" class=\"so-panel widget widget_bouton panel-first-child\" data-index=\"14\" ><div\n\t\t\t\n\t\t\tclass=\"so-widget-bouton so-widget-bouton-default-40cd750bba98-744\"\n\t\t\t\n\t\t><div class=\"container_btn centre\">\r\n\t\t<a href=\"https:\/\/www.sacmo.com\/fr\/machines-de-conditionnement\/\">\t\r\n\t\t\t<div class=\"btn rouge\">\r\n\t\t\t<span>Toutes nos machines pour cr\u00e9er votre ligne de conditionnement<\/span>\r\n\t\t<\/div>\r\n\t<\/a>\r\n<\/div>\r\n<\/div><\/div><div id=\"panel-744-7-0-1\" class=\"so-panel widget widget_smart-image panel-last-child\" data-index=\"15\" ><div\n\t\t\t\n\t\t\tclass=\"so-widget-smart-image so-widget-smart-image-default-40cd750bba98-744\"\n\t\t\t\n\t\t><div class=\"sow-image-container\">\n\t<div class=\"containerSmartImage center-bottom\"><div class=\"chargementSmartImage\"><div class=\"containerLoader\"><div class=\"loader\"><\/div><\/div><\/div><img decoding=\"async\" src=\"https:\/\/www.sacmo.com\/fr\/wp-content\/uploads\/2021\/04\/Ligne-de-conitionnement-pour-flacons-Ligne-1-pour-site-internet-1.png\" title=\"Ligne de conditionnement pour produits cosm\u00e9tiques\" alt=\"Ligne de conditionnement pour produits cosm\u00e9tiques\" class=\"smartImage\"><\/div>\t<\/div>\n\n<\/div><\/div><\/div><\/div><\/div><\/div>","protected":false},"excerpt":{"rendered":"<p>40 ANNEES D\u2019EXPERTISE AU SERVICE DE L\u2019INDUSTRIE DE LA BEAUT\u00c9 Le conditionnement de produits cosm\u00e9tiques requiert des solutions uniques. Chez [&hellip;]<\/p>\n","protected":false},"author":1,"featured_media":1084,"parent":518,"menu_order":0,"comment_status":"closed","ping_status":"closed","template":"","meta":{"content-type":"","footnotes":""},"class_list":["post-744","page","type-page","status-publish","has-post-thumbnail","hentry"],"_links":{"self":[{"href":"https:\/\/www.sacmo.com\/fr\/wp-json\/wp\/v2\/pages\/744","targetHints":{"allow":["GET"]}}],"collection":[{"href":"https:\/\/www.sacmo.com\/fr\/wp-json\/wp\/v2\/pages"}],"about":[{"href":"https:\/\/www.sacmo.com\/fr\/wp-json\/wp\/v2\/types\/page"}],"author":[{"embeddable":true,"href":"https:\/\/www.sacmo.com\/fr\/wp-json\/wp\/v2\/users\/1"}],"replies":[{"embeddable":true,"href":"https:\/\/www.sacmo.com\/fr\/wp-json\/wp\/v2\/comments?post=744"}],"version-history":[{"count":15,"href":"https:\/\/www.sacmo.com\/fr\/wp-json\/wp\/v2\/pages\/744\/revisions"}],"predecessor-version":[{"id":2698,"href":"https:\/\/www.sacmo.com\/fr\/wp-json\/wp\/v2\/pages\/744\/revisions\/2698"}],"up":[{"embeddable":true,"href":"https:\/\/www.sacmo.com\/fr\/wp-json\/wp\/v2\/pages\/518"}],"wp:featuredmedia":[{"embeddable":true,"href":"https:\/\/www.sacmo.com\/fr\/wp-json\/wp\/v2\/media\/1084"}],"wp:attachment":[{"href":"https:\/\/www.sacmo.com\/fr\/wp-json\/wp\/v2\/media?parent=744"}],"curies":[{"name":"wp","href":"https:\/\/api.w.org\/{rel}","templated":true}]}}