{"id":733,"date":"2021-02-25T15:35:10","date_gmt":"2021-02-25T14:35:10","guid":{"rendered":"http:\/\/www.sacmo.com\/?page_id=733"},"modified":"2021-02-25T15:35:10","modified_gmt":"2021-02-25T14:35:10","slug":"autres-produits","status":"publish","type":"page","link":"https:\/\/www.sacmo.com\/fr\/nos-solutions-de-conditionnement\/autres-produits\/","title":{"rendered":"Autres produits"},"content":{"rendered":"<div id=\"pl-733\"  class=\"panel-layout\" ><div id=\"pg-733-0\"  class=\"panel-grid panel-has-style\" ><div class=\"panel-row-style panel-row-style-for-733-0\" ><div id=\"pgc-733-0-0\"  class=\"panel-grid-cell\" ><div id=\"panel-733-0-0-0\" class=\"so-panel widget widget_smartheme_titre_widget panel-first-child\" data-index=\"0\" ><div\n\t\t\t\n\t\t\tclass=\"so-widget-smartheme_titre_widget so-widget-smartheme_titre_widget-default-d75171398898-733\"\n\t\t\t\n\t\t><div class=\"container_titre center\">\n\t<div class=\"titre\">\n\t\t\t\t<h2>Pour tout autre application, nous \u00e9tudions votre projet.<\/h2>\n\t<\/div>\n\t<\/div><\/div><\/div><div id=\"panel-733-0-0-1\" class=\"so-panel widget widget_editeur\" data-index=\"1\" ><div\n\t\t\t\n\t\t\tclass=\"so-widget-editeur so-widget-editeur-base\"\n\t\t\t\n\t\t>\t\t\t<div class=\"smarttheme_editeur\">\n\t\t<div class=\"page\" data-page-number=\"18\" data-loaded=\"true\">\n<div class=\"textLayer\"><span style=\"font-size: 13pt;\">Expert en machines sur-mesure et services pour les lignes de conditionnement, SACMO rel\u00e8ve chaque jour de nouveaux d\u00e9fis. De la pi\u00e8ce de format \u00e0 la cellule robotis\u00e9e en passant par le d\u00e9m\u00e9nagement de lignes, SACMO met \u00e0 votre service toute sa polyvalence<\/span><br \/>\n<span style=\"font-size: 13pt;\">et ses 40 ann\u00e9es d\u2019exp\u00e9rience.<\/span><\/div>\n<div class=\"annotationLayer\"><\/div>\n<\/div>\n<div class=\"page\" data-page-number=\"19\" data-loaded=\"true\">\n<div class=\"textLayer\"><span style=\"font-size: 13pt;\">Vous avez un projet de palettisation ? Vous avez besoin d\u2019une machine pour une application sp\u00e9cifique ? Vous cherchez un sp\u00e9cialiste du retrofit de machines de conditionnement ?<\/span><br \/>\n<span style=\"font-size: 13pt;\">Nos \u00e9quipes sont \u00e0 votre \u00e9coute pour comprendre vos besoins et vous apporter une solution personnalis\u00e9e.<\/span><\/div>\n<\/div>\n<\/div>\n<\/div><\/div><div id=\"panel-733-0-0-2\" class=\"so-panel widget widget_bouton panel-last-child\" data-index=\"2\" ><div\n\t\t\t\n\t\t\tclass=\"so-widget-bouton so-widget-bouton-default-40cd750bba98-733\"\n\t\t\t\n\t\t><div class=\"container_btn droite\">\r\n\t\t<a href=\"https:\/\/www.sacmo.com\/fr\/contact\/\">\t\r\n\t\t\t<div class=\"btn rouge\">\r\n\t\t\t<span>Contactez-nous<\/span>\r\n\t\t<\/div>\r\n\t<\/a>\r\n<\/div>\r\n<\/div><\/div><\/div><div id=\"pgc-733-0-1\"  class=\"panel-grid-cell\" ><div id=\"panel-733-0-1-0\" class=\"so-panel widget widget_smart-image panel-first-child panel-last-child\" data-index=\"3\" ><div\n\t\t\t\n\t\t\tclass=\"so-widget-smart-image so-widget-smart-image-default-40cd750bba98-733\"\n\t\t\t\n\t\t><div class=\"sow-image-container\">\n\t<div class=\"containerSmartImage right-center zoom filtre ajuster\"><div class=\"chargementSmartImage\"><div class=\"containerLoader\"><div class=\"loader\"><\/div><\/div><\/div><div style=\"background-image: linear-gradient(rgba(0,0,0,0) calc(100% - 40px), #b91b1d 0), url(https:\/\/www.sacmo.com\/fr\/wp-content\/uploads\/2021\/03\/Makeup-scaled-1-768x432.jpg);\" class=\"filtre smartImage carre \"><\/div><\/div>\t\t\t<div class=\"fond_popup_image\"><\/div>\n\t\t<div id=\"popup_image\">\n\t\t\t<div class=\"container-prevPopup\"><div class=\"prevPopup\"><\/div><\/div>\n\t\t\t<div class=\"container-nextPopup\"><div class=\"nextPopup\"><\/div><\/div>\n\t\t\t<div class=\"popup containerPopup\">\n\t\t\t\t<div class=\"container_exit\"><div class=\"exit\"><\/div><\/div>\n\t\t\t\t<div class=\"contenuPopup container\">\n\t\t\t\t\t<div class=\"row\">\n\t\t\t\t\t\t<div class=\"col-md-12\">\n\t\t\t\t\t\t\t<img decoding=\"async\" src=\"https:\/\/www.sacmo.com\/fr\/wp-content\/uploads\/2021\/03\/Makeup-scaled-1-768x432.jpg\">\n\t\t\t\t\t\t<\/div>\n\t\t\t\t\t<\/div>\n\t\t\t\t<\/div>\n\t\t\t<\/div>\n\t\t<\/div>\n\t<\/div>\n\n<\/div><\/div><\/div><\/div><\/div><\/div>","protected":false},"excerpt":{"rendered":"<p>Pour tout autre application, nous \u00e9tudions votre projet. Expert en machines sur-mesure et services pour les lignes de conditionnement, SACMO [&hellip;]<\/p>\n","protected":false},"author":1,"featured_media":1096,"parent":695,"menu_order":0,"comment_status":"closed","ping_status":"closed","template":"","meta":{"content-type":"","footnotes":""},"class_list":["post-733","page","type-page","status-publish","has-post-thumbnail","hentry"],"_links":{"self":[{"href":"https:\/\/www.sacmo.com\/fr\/wp-json\/wp\/v2\/pages\/733","targetHints":{"allow":["GET"]}}],"collection":[{"href":"https:\/\/www.sacmo.com\/fr\/wp-json\/wp\/v2\/pages"}],"about":[{"href":"https:\/\/www.sacmo.com\/fr\/wp-json\/wp\/v2\/types\/page"}],"author":[{"embeddable":true,"href":"https:\/\/www.sacmo.com\/fr\/wp-json\/wp\/v2\/users\/1"}],"replies":[{"embeddable":true,"href":"https:\/\/www.sacmo.com\/fr\/wp-json\/wp\/v2\/comments?post=733"}],"version-history":[{"count":0,"href":"https:\/\/www.sacmo.com\/fr\/wp-json\/wp\/v2\/pages\/733\/revisions"}],"up":[{"embeddable":true,"href":"https:\/\/www.sacmo.com\/fr\/wp-json\/wp\/v2\/pages\/695"}],"wp:featuredmedia":[{"embeddable":true,"href":"https:\/\/www.sacmo.com\/fr\/wp-json\/wp\/v2\/media\/1096"}],"wp:attachment":[{"href":"https:\/\/www.sacmo.com\/fr\/wp-json\/wp\/v2\/media?parent=733"}],"curies":[{"name":"wp","href":"https:\/\/api.w.org\/{rel}","templated":true}]}}