{"id":729,"date":"2021-02-25T15:32:14","date_gmt":"2021-02-25T14:32:14","guid":{"rendered":"http:\/\/www.sacmo.com\/?page_id=729"},"modified":"2023-03-07T09:04:19","modified_gmt":"2023-03-07T08:04:19","slug":"aerosols","status":"publish","type":"page","link":"https:\/\/www.sacmo.com\/fr\/nos-solutions-de-conditionnement\/aerosols\/","title":{"rendered":"A\u00e9rosols"},"content":{"rendered":"<div id=\"pl-729\"  class=\"panel-layout\" ><div id=\"pg-729-0\"  class=\"panel-grid panel-has-style\" ><div class=\"panel-row-style panel-row-style-for-729-0\" ><div id=\"pgc-729-0-0\"  class=\"panel-grid-cell\" ><div id=\"panel-729-0-0-0\" class=\"so-panel widget widget_smartheme_titre_widget panel-first-child\" data-index=\"0\" ><div\n\t\t\t\n\t\t\tclass=\"so-widget-smartheme_titre_widget so-widget-smartheme_titre_widget-default-d75171398898-729\"\n\t\t\t\n\t\t><div class=\"container_titre center\">\n\t<div class=\"titre\">\n\t\t\t\t<h2>Nos solutions pour le conditionnement d'a\u00e9rosols<\/h2>\n\t<\/div>\n\t<\/div><\/div><\/div><div id=\"panel-729-0-0-1\" class=\"so-panel widget widget_editeur panel-last-child\" data-index=\"1\" ><div\n\t\t\t\n\t\t\tclass=\"so-widget-editeur so-widget-editeur-base\"\n\t\t\t\n\t\t>\t<div class=\"smarttheme_editeur column_text\">\n\t<p><span style=\"font-size: 13pt;\">Particuli\u00e8rement adapt\u00e9s aux produits coiffants, aux d\u00e9odorants ou aux mousses \u00e0 raser, les a\u00e9rosols sont pr\u00e9sents dans toutes les salles de bains. La grande qualit\u00e9 de l\u2019a\u00e9rosol, c\u2019est la diffusion micro-a\u00e9r\u00e9e et r\u00e9guli\u00e8re du produit. De nouvelles gammes de produits arrivent sur le march\u00e9 r\u00e9guli\u00e8rement gr\u00e2ce aux nombreuses innovations du secteur. C\u2019est notamment par le design et l\u2019ergonomie des diffuseurs que les marques renouv\u00e8lent leur gamme.<\/span><br \/>\n<span style=\"font-size: 13pt;\">Sur les lignes de conditionnement d\u00e9di\u00e9es aux a\u00e9rosols, sont assembl\u00e9s les diff\u00e9rents \u00e9l\u00e9ments qui composent l\u2019a\u00e9rosol soit le boitier m\u00e9tallique, la valve, le diffuseur et le capot. Le conditionnement de produit sous forme de spray a\u00e9rosols requiert des proc\u00e9d\u00e9s sp\u00e9cifiques du fait de l\u2019injection de gaz propulseur dans le boitier m\u00e9tallique. Le risque explosif est \u00e0 prendre en consid\u00e9ration \u00e0 chaque \u00e9tape du conditionnement.<\/span><br \/>\n<span style=\"font-size: 13pt;\">Le saviez-vous ? Nos \u00e9quipes sont sp\u00e9cialement form\u00e9es pour intervenir en toute s\u00e9curit\u00e9 sur les lignes class\u00e9es ATEX (atmosph\u00e8re explosive).<\/span><br \/>\n<span style=\"font-size: 13pt;\">SACMO propose des services et des solutions sur-mesure pour vos lignes de conditionnement d\u2019a\u00e9rosols. Cellule de distribution robotis\u00e9e, palettiseurs, retrofit de machines ou implantation de ligne, nous disposons de toutes les comp\u00e9tences pour optimiser les performances de votre ligne de conditionnement.<\/span><\/p>\n<\/div>\n<\/div><\/div><\/div><\/div><\/div><div id=\"pg-729-1\"  class=\"panel-grid panel-has-style\" ><div class=\"panel-row-style panel-row-style-for-729-1\" ><div id=\"pgc-729-1-0\"  class=\"panel-grid-cell\" ><div id=\"panel-729-1-0-0\" class=\"so-panel widget widget_smartheme_titre_widget panel-first-child\" data-index=\"2\" ><div\n\t\t\t\n\t\t\tclass=\"so-widget-smartheme_titre_widget so-widget-smartheme_titre_widget-default-d75171398898-729\"\n\t\t\t\n\t\t><div class=\"container_titre left\">\n\t<div class=\"titre\">\n\t\t\t\t<h2>Applications<\/h2>\n\t<\/div>\n\t<\/div><\/div><\/div><div id=\"panel-729-1-0-1\" class=\"so-panel widget widget_editeur panel-last-child\" data-index=\"3\" ><div\n\t\t\t\n\t\t\tclass=\"so-widget-editeur so-widget-editeur-base\"\n\t\t\t\n\t\t>\t\t\t<div class=\"smarttheme_editeur\">\n\t\t<ul>\n<li><span style=\"font-size: 16px;\">Spray coiffant<\/span><\/li>\n<li><span style=\"font-size: 16px;\">D\u00e9odorant<\/span><\/li>\n<li><span style=\"font-size: 16px;\">Mousse<\/span><\/li>\n<li><span style=\"font-size: 16px;\">Gel \u00e0 raser<\/span><\/li>\n<li><span style=\"font-size: 16px;\">Brumisateur<\/span><\/li>\n<li><span style=\"font-size: 16px;\">Protection solaire<\/span><\/li>\n<li><span style=\"font-size: 16px;\">Soin corporel<\/span><\/li>\n<li><span style=\"font-size: 16px;\">Produits domestiques<\/span><\/li>\n<li><span style=\"font-size: 16px;\">Produits chimiques<\/span><\/li>\n<li><span style=\"font-size: 16px;\">Produits industriels<\/span><\/li>\n<\/ul>\n<\/div>\n<\/div><\/div><\/div><div id=\"pgc-729-1-1\"  class=\"panel-grid-cell\" ><div id=\"panel-729-1-1-0\" class=\"so-panel widget widget_smart-image panel-first-child panel-last-child\" data-index=\"4\" ><div\n\t\t\t\n\t\t\tclass=\"so-widget-smart-image so-widget-smart-image-default-40cd750bba98-729\"\n\t\t\t\n\t\t><div class=\"sow-image-container\">\n\t<div class=\"containerSmartImage right-center  filtre ajuster\"><div class=\"chargementSmartImage\"><div class=\"containerLoader\"><div class=\"loader\"><\/div><\/div><\/div><div style=\"background-image: linear-gradient(rgba(0,0,0,0) calc(100% - 40px), #b91b1d 0), url(https:\/\/www.sacmo.com\/fr\/wp-content\/uploads\/2022\/08\/module-rotatif-de-marquage-laser-aerosols-02-min-768x514.jpg);\" class=\"filtre smartImage carre \"><\/div><\/div>\t<\/div>\n\n<\/div><\/div><\/div><\/div><\/div><div id=\"pg-729-2\"  class=\"panel-grid panel-has-style\" ><div class=\"panel-row-style panel-row-style-for-729-2\" ><div id=\"pgc-729-2-0\"  class=\"panel-grid-cell\" ><div id=\"panel-729-2-0-0\" class=\"so-panel widget widget_smartheme_titre_widget panel-first-child\" data-index=\"5\" ><div\n\t\t\t\n\t\t\tclass=\"so-widget-smartheme_titre_widget so-widget-smartheme_titre_widget-default-d75171398898-729\"\n\t\t\t\n\t\t><div class=\"container_titre left\">\n\t<div class=\"titre\">\n\t\t\t\t<h3>D\u00e9couvrez nos solutions sp\u00e9ciales a\u00e9rosols<\/h3>\n\t<\/div>\n\t<\/div><\/div><\/div><div id=\"panel-729-2-0-1\" class=\"so-panel widget widget_vignettes-solutions panel-last-child\" data-index=\"6\" ><div\n\t\t\t\n\t\t\tclass=\"so-widget-vignettes-solutions so-widget-vignettes-solutions-default-40cd750bba98-729\"\n\t\t\t\n\t\t><div class=\"container_vignettes_solutions\">\r\n\t<div class=\"swiper-container\">\r\n\t\t<div class=\"swiper-wrapper\">\t\r\n\t\t\t\t\t\t<div class=\"container_vignette swiper-slide\">\r\n\t\t\t\t\t\t\t\t\t<a href=\"https:\/\/www.sacmo.com\/fr\/nos-machines-de-conditionnement\/etiqueteuses\/\" >\r\n\t\t\t\t\t\t<div class=\"vignette\" style=\"background-image: url(https:\/\/www.sacmo.com\/fr\/wp-content\/uploads\/2021\/04\/sacmo_solution_etiquetage-1-768x614.png)\">\r\n\t\t\t<\/div>\r\n\t\t\t<div class=\"container_texte\">\r\n\t\t\t\t\t\t\t\t\t<div class=\"container_titre \" >\r\n\t\t\t\t\t\t<span>\u00c9tiquetage<\/span>\r\n\t\t\t\t\t<\/div>\r\n\t\t\t\t\t\t\t\t\t\t\t\t\t<div class=\"container_description \">\r\n\t\t\t\t\t\t<p>Apposez des stickers ou des \u00e9tiquettes en toute simplicit\u00e9 gr\u00e2ce \u00e0 nos \u00e9tiqueteuses.<\/p>\r\n\t\t\t\t\t<\/div>\r\n\t\t\t\t\t\t\t<\/div>\r\n\t\t\t\t\t\t\t<div class=\"container_button \">\r\n\t\t\t\t\t<div class=\"button\">\r\n\t\t\t\t\t\t<span>\r\n\t\t\t\t\t\t\tEn savoir plus\t\t\t\t\t\t<\/span>\r\n\t\t\t\t\t<\/div>\r\n\t\t\t\t<\/div>\r\n\t\t\t\t\t\t\t\t\t<\/a>\r\n\t\t\t\t\t<\/div>\r\n\t\t\t\t\t\t<div class=\"container_vignette swiper-slide\">\r\n\t\t\t\t\t\t\t\t\t<a href=\"https:\/\/www.sacmo.com\/fr\/nos-machines-de-conditionnement\/marqueurs-laser\/marqueur-laser-pour-aerosols\/\" >\r\n\t\t\t\t\t\t<div class=\"vignette\" style=\"background-image: url(https:\/\/www.sacmo.com\/fr\/wp-content\/uploads\/2021\/04\/sacmo_soltuion_tracabilite-1-768x432.png)\">\r\n\t\t\t<\/div>\r\n\t\t\t<div class=\"container_texte\">\r\n\t\t\t\t\t\t\t\t\t<div class=\"container_titre \" >\r\n\t\t\t\t\t\t<span>Tra\u00e7abilit\u00e9<\/span>\r\n\t\t\t\t\t<\/div>\r\n\t\t\t\t\t\t\t\t\t\t\t\t\t<div class=\"container_description \">\r\n\t\t\t\t\t\t<p>Int\u00e9grez des marqueurs laser pour inscrire les informations de tra\u00e7abilit\u00e9 sur vos a\u00e9rosols.<\/p>\r\n\t\t\t\t\t<\/div>\r\n\t\t\t\t\t\t\t<\/div>\r\n\t\t\t\t\t\t\t<div class=\"container_button \">\r\n\t\t\t\t\t<div class=\"button\">\r\n\t\t\t\t\t\t<span>\r\n\t\t\t\t\t\t\tEn savoir plus\t\t\t\t\t\t<\/span>\r\n\t\t\t\t\t<\/div>\r\n\t\t\t\t<\/div>\r\n\t\t\t\t\t\t\t\t\t<\/a>\r\n\t\t\t\t\t<\/div>\r\n\t\t\t\t\t\t<div class=\"container_vignette swiper-slide\">\r\n\t\t\t\t\t\t\t\t\t<a href=\"https:\/\/www.sacmo.com\/fr\/nos-machines-de-conditionnement\/encaisseuses\/\" >\r\n\t\t\t\t\t\t<div class=\"vignette\" style=\"background-image: url(https:\/\/www.sacmo.com\/fr\/wp-content\/uploads\/2021\/04\/sacmo_solution_encaissage-1-768x432.png)\">\r\n\t\t\t<\/div>\r\n\t\t\t<div class=\"container_texte\">\r\n\t\t\t\t\t\t\t\t\t<div class=\"container_titre \" >\r\n\t\t\t\t\t\t<span>Encaissage<\/span>\r\n\t\t\t\t\t<\/div>\r\n\t\t\t\t\t\t\t\t\t\t\t\t\t<div class=\"container_description \">\r\n\t\t\t\t\t\t<p>Semi-automatique ou robotis\u00e9e, choisissez la solution de mise en caisse qui vous correspond.<\/p>\r\n\t\t\t\t\t<\/div>\r\n\t\t\t\t\t\t\t<\/div>\r\n\t\t\t\t\t\t\t<div class=\"container_button \">\r\n\t\t\t\t\t<div class=\"button\">\r\n\t\t\t\t\t\t<span>\r\n\t\t\t\t\t\t\tEn savoir plus\t\t\t\t\t\t<\/span>\r\n\t\t\t\t\t<\/div>\r\n\t\t\t\t<\/div>\r\n\t\t\t\t\t\t\t\t\t<\/a>\r\n\t\t\t\t\t<\/div>\r\n\t\t\t\t\t\t<div class=\"container_vignette swiper-slide\">\r\n\t\t\t\t\t\t\t\t\t<a href=\"https:\/\/www.sacmo.com\/fr\/nos-machines-de-conditionnement\/palettiseurs\/\" >\r\n\t\t\t\t\t\t<div class=\"vignette\" style=\"background-image: url(https:\/\/www.sacmo.com\/fr\/wp-content\/uploads\/2021\/04\/sacmo_solution_palettisation-1-768x432.jpg)\">\r\n\t\t\t<\/div>\r\n\t\t\t<div class=\"container_texte\">\r\n\t\t\t\t\t\t\t\t\t<div class=\"container_titre \" >\r\n\t\t\t\t\t\t<span>Palettisation<\/span>\r\n\t\t\t\t\t<\/div>\r\n\t\t\t\t\t\t\t\t\t\t\t\t\t<div class=\"container_description \">\r\n\t\t\t\t\t\t<p>Qu\u2019ils soient robotis\u00e9s ou collaboratifs, nos palettiseurs s\u2019adaptent \u00e0 vos besoins.<\/p>\r\n\t\t\t\t\t<\/div>\r\n\t\t\t\t\t\t\t<\/div>\r\n\t\t\t\t\t\t\t<div class=\"container_button \">\r\n\t\t\t\t\t<div class=\"button\">\r\n\t\t\t\t\t\t<span>\r\n\t\t\t\t\t\t\tEn savoir plus\t\t\t\t\t\t<\/span>\r\n\t\t\t\t\t<\/div>\r\n\t\t\t\t<\/div>\r\n\t\t\t\t\t\t\t\t\t<\/a>\r\n\t\t\t\t\t<\/div>\r\n\t\t\t\t\t\t<div class=\"container_vignette swiper-slide\">\r\n\t\t\t\t\t\t\t\t\t<a href=\"https:\/\/www.sacmo.com\/fr\/convoyeurs\" >\r\n\t\t\t\t\t\t<div class=\"vignette\" style=\"background-image: url(https:\/\/www.sacmo.com\/fr\/wp-content\/uploads\/2021\/04\/sacmo_solution_gestion_flux-1-768x432.png)\">\r\n\t\t\t<\/div>\r\n\t\t\t<div class=\"container_texte\">\r\n\t\t\t\t\t\t\t\t\t<div class=\"container_titre \" >\r\n\t\t\t\t\t\t<span>Gestion de flux<\/span>\r\n\t\t\t\t\t<\/div>\r\n\t\t\t\t\t\t\t\t\t\t\t\t\t<div class=\"container_description \">\r\n\t\t\t\t\t\t<p>Nous r\u00e9alisons des ensembles de convoyeurs sur-mesure pour optimiser vos flux de produits sur la ligne.<\/p>\r\n\t\t\t\t\t<\/div>\r\n\t\t\t\t\t\t\t<\/div>\r\n\t\t\t\t\t\t\t<div class=\"container_button \">\r\n\t\t\t\t\t<div class=\"button\">\r\n\t\t\t\t\t\t<span>\r\n\t\t\t\t\t\t\tEn savoir plus\t\t\t\t\t\t<\/span>\r\n\t\t\t\t\t<\/div>\r\n\t\t\t\t<\/div>\r\n\t\t\t\t\t\t\t\t\t<\/a>\r\n\t\t\t\t\t<\/div>\r\n\t\t\t\t\t\t<div class=\"container_vignette swiper-slide\">\r\n\t\t\t\t\t\t\t\t\t<a href=\"https:\/\/www.sacmo.com\/fr\/nos-machines-de-conditionnement\/manipulateur\/\" >\r\n\t\t\t\t\t\t<div class=\"vignette\" style=\"background-image: url(https:\/\/www.sacmo.com\/fr\/wp-content\/uploads\/2021\/04\/sacmo_solution_manipulation-1-768x480.png)\">\r\n\t\t\t<\/div>\r\n\t\t\t<div class=\"container_texte\">\r\n\t\t\t\t\t\t\t\t\t<div class=\"container_titre \" >\r\n\t\t\t\t\t\t<span>Manipulation<\/span>\r\n\t\t\t\t\t<\/div>\r\n\t\t\t\t\t\t\t\t\t\t\t\t\t<div class=\"container_description \">\r\n\t\t\t\t\t\t<p>R\u00e9alisez la prise et la d\u00e9pose de vos articles gr\u00e2ce \u00e0 des modules robotiques agiles et performants.<\/p>\r\n\t\t\t\t\t<\/div>\r\n\t\t\t\t\t\t\t<\/div>\r\n\t\t\t\t\t\t\t<div class=\"container_button \">\r\n\t\t\t\t\t<div class=\"button\">\r\n\t\t\t\t\t\t<span>\r\n\t\t\t\t\t\t\tEn savoir plus\t\t\t\t\t\t<\/span>\r\n\t\t\t\t\t<\/div>\r\n\t\t\t\t<\/div>\r\n\t\t\t\t\t\t\t\t\t<\/a>\r\n\t\t\t\t\t<\/div>\r\n\t\t\t\t\t\t<div class=\"container_vignette swiper-slide\">\r\n\t\t\t\t\t\t\t\t\t<a href=\"https:\/\/www.sacmo.com\/fr\/services-et-support\/retrofit\/\" >\r\n\t\t\t\t\t\t<div class=\"vignette\" style=\"background-image: url(https:\/\/www.sacmo.com\/fr\/wp-content\/uploads\/2021\/04\/sacmo_solution_remplissage-1-768x432.png)\">\r\n\t\t\t<\/div>\r\n\t\t\t<div class=\"container_texte\">\r\n\t\t\t\t\t\t\t\t\t<div class=\"container_titre \" >\r\n\t\t\t\t\t\t<span>Remplissage<\/span>\r\n\t\t\t\t\t<\/div>\r\n\t\t\t\t\t\t\t\t\t\t\t\t\t<div class=\"container_description \">\r\n\t\t\t\t\t\t<p>Gr\u00e2ce \u00e0 notre exp\u00e9rience, nous r\u00e9alisons \u00e9galement le retrofit de remplisseuses sp\u00e9ciales a\u00e9rosols.<\/p>\r\n\t\t\t\t\t<\/div>\r\n\t\t\t\t\t\t\t<\/div>\r\n\t\t\t\t\t\t\t<div class=\"container_button \">\r\n\t\t\t\t\t<div class=\"button\">\r\n\t\t\t\t\t\t<span>\r\n\t\t\t\t\t\t\tEn savoir plus\t\t\t\t\t\t<\/span>\r\n\t\t\t\t\t<\/div>\r\n\t\t\t\t<\/div>\r\n\t\t\t\t\t\t\t\t\t<\/a>\r\n\t\t\t\t\t<\/div>\r\n\t\t\t\t<\/div>\r\n\t<\/div>\r\n\t<div class=\"swiper-button-next\">\r\n\t\t<div class=\"container_nav_next\">\r\n\t\t\t<div class=\"nav_next\">\r\n\t\t\t\t<span><\/span>\r\n\t\t\t<\/div>\r\n\t\t<\/div>\r\n\t<\/div>\r\n\t<div class=\"swiper-button-prev\">\r\n\t\t<div class=\"container_nav_prev\">\r\n\t\t\t<div class=\"nav_prev\">\r\n\t\t\t\t<span><\/span>\r\n\t\t\t<\/div>\r\n\t\t<\/div>\r\n\t<\/div>\r\n\t<div class=\"container_vignettes-pagination\"><\/div>\r\n<\/div><\/div><\/div><\/div><\/div><\/div><div id=\"pg-729-3\"  class=\"panel-grid panel-has-style\" ><div class=\"panel-row-style panel-row-style-for-729-3\" ><div id=\"pgc-729-3-0\"  class=\"panel-grid-cell\" ><div id=\"panel-729-3-0-0\" class=\"so-panel widget widget_smartheme_titre_widget panel-first-child\" data-index=\"7\" ><div\n\t\t\t\n\t\t\tclass=\"so-widget-smartheme_titre_widget so-widget-smartheme_titre_widget-default-d75171398898-729\"\n\t\t\t\n\t\t><div class=\"container_titre left\">\n\t<div class=\"titre\">\n\t\t\t\t<h3>Nos services compl\u00e9mentaires<\/h3>\n\t<\/div>\n\t<\/div><\/div><\/div><div id=\"panel-729-3-0-1\" class=\"so-panel widget widget_smarttheme_carousel_pictos_widget panel-last-child\" data-index=\"8\" ><div\n\t\t\t\n\t\t\tclass=\"so-widget-smarttheme_carousel_pictos_widget so-widget-smarttheme_carousel_pictos_widget-default-d75171398898-729\"\n\t\t\t\n\t\t><div class=\"container_carousel_pictos\">\r\n\t\t<div class=\"swiper-container  \">\r\n\t\t<div class=\"swiper-wrapper\">\t\r\n\t\t\t\t\t\t\t\t<div class=\"container_picto_titre swiper-slide\">\r\n\t\t\t\t\t\t\t\t\t\t\t\t<a href=\"https:\/\/www.sacmo.com\/fr\/services-et-support\/retrofit\/\">\r\n\t\t\t\t\t\t\t\t<div class=\"container_picto\">\r\n\t\t\t\t\t<div class=\"picto\" style=\"background-image: url(https:\/\/www.sacmo.com\/fr\/wp-content\/uploads\/2020\/12\/retrofit_complet-1.svg)\"><\/div>\r\n\t\t\t\t<\/div>\r\n\t\t\t\t<div class=\"container_titre\">\r\n\t\t\t\t\t<span class=\"titre\">RETROFIT<\/span>\r\n\t\t\t\t<\/div>\r\n\t\t\t\t\t\t\t\t\t<div class=\"container_description\">\r\n\t\t\t\t\t\t<p class=\"description\">SACMO propose aussi de r\u00e9nover des machines de conditionnement.<\/p>\r\n\t\t\t\t\t<\/div>\r\n\t\t\t\t\t\t\t\t\t\t\t\t<\/a>\r\n\t\t\t\t\t\t\t<\/div>\r\n\t\t\t\t\t\t\t\t<div class=\"container_picto_titre swiper-slide\">\r\n\t\t\t\t\t\t\t\t\t\t\t\t<a href=\"https:\/\/www.sacmo.com\/fr\/services-et-support\/outillages-et-pieces-de-format\/\">\r\n\t\t\t\t\t\t\t\t<div class=\"container_picto\">\r\n\t\t\t\t\t<div class=\"picto\" style=\"background-image: url(https:\/\/www.sacmo.com\/fr\/wp-content\/uploads\/2020\/08\/outillage_et_pieces-1.svg)\"><\/div>\r\n\t\t\t\t<\/div>\r\n\t\t\t\t<div class=\"container_titre\">\r\n\t\t\t\t\t<span class=\"titre\">OUTILLAGES <br \/>\nET PIECES DE FORMAT<\/span>\r\n\t\t\t\t<\/div>\r\n\t\t\t\t\t\t\t\t\t<div class=\"container_description\">\r\n\t\t\t\t\t\t<p class=\"description\">Nous concevons et r\u00e9alisons des outillages complets pour vos machines de conditionnement.<\/p>\r\n\t\t\t\t\t<\/div>\r\n\t\t\t\t\t\t\t\t\t\t\t\t<\/a>\r\n\t\t\t\t\t\t\t<\/div>\r\n\t\t\t\t\t\t\t\t<div class=\"container_picto_titre swiper-slide\">\r\n\t\t\t\t\t\t\t\t\t\t\t\t<a href=\"https:\/\/www.sacmo.com\/fr\/services-et-support\/demenagement-transfert-industriel\/\">\r\n\t\t\t\t\t\t\t\t<div class=\"container_picto\">\r\n\t\t\t\t\t<div class=\"picto\" style=\"background-image: url(https:\/\/www.sacmo.com\/fr\/wp-content\/uploads\/2020\/08\/demenagement_de_lignes-1.svg)\"><\/div>\r\n\t\t\t\t<\/div>\r\n\t\t\t\t<div class=\"container_titre\">\r\n\t\t\t\t\t<span class=\"titre\">D\u00c9M\u00c9NAGEMENT DE LIGNES <br \/>\nDE CONDITIONNEMENT<\/span>\r\n\t\t\t\t<\/div>\r\n\t\t\t\t\t\t\t\t\t<div class=\"container_description\">\r\n\t\t\t\t\t\t<p class=\"description\">Nous effectuons vos transferts de lignes intra ou inter-sites, en France et \u00e0 l\u2019\u00e9tranger.<\/p>\r\n\t\t\t\t\t<\/div>\r\n\t\t\t\t\t\t\t\t\t\t\t\t<\/a>\r\n\t\t\t\t\t\t\t<\/div>\r\n\t\t\t\r\n\t\t<\/div>\r\n\t<\/div>\r\n\t<div class=\"swiper-button-next\">\r\n\t\t<div class=\"container_nav_next\">\r\n\t\t\t<div class=\"nav_next\">\r\n\t\t\t\t<span><\/span>\r\n\t\t\t<\/div>\r\n\t\t<\/div>\r\n\t<\/div>\r\n\t<div class=\"swiper-button-prev\">\r\n\t\t<div class=\"container_nav_prev\">\r\n\t\t\t<div class=\"nav_prev\">\r\n\t\t\t\t<span><\/span>\r\n\t\t\t<\/div>\r\n\t\t<\/div>\r\n\t<\/div>\r\n\t<div class=\"container_carousel_pictos-pagination\"><\/div>\r\n<\/div><\/div><\/div><\/div><\/div><\/div><\/div>","protected":false},"excerpt":{"rendered":"<p>Nos solutions pour le conditionnement d&rsquo;a\u00e9rosols Particuli\u00e8rement adapt\u00e9s aux produits coiffants, aux d\u00e9odorants ou aux mousses \u00e0 raser, les a\u00e9rosols [&hellip;]<\/p>\n","protected":false},"author":1,"featured_media":702,"parent":695,"menu_order":0,"comment_status":"closed","ping_status":"closed","template":"","meta":{"content-type":"","footnotes":""},"class_list":["post-729","page","type-page","status-publish","has-post-thumbnail","hentry"],"_links":{"self":[{"href":"https:\/\/www.sacmo.com\/fr\/wp-json\/wp\/v2\/pages\/729","targetHints":{"allow":["GET"]}}],"collection":[{"href":"https:\/\/www.sacmo.com\/fr\/wp-json\/wp\/v2\/pages"}],"about":[{"href":"https:\/\/www.sacmo.com\/fr\/wp-json\/wp\/v2\/types\/page"}],"author":[{"embeddable":true,"href":"https:\/\/www.sacmo.com\/fr\/wp-json\/wp\/v2\/users\/1"}],"replies":[{"embeddable":true,"href":"https:\/\/www.sacmo.com\/fr\/wp-json\/wp\/v2\/comments?post=729"}],"version-history":[{"count":17,"href":"https:\/\/www.sacmo.com\/fr\/wp-json\/wp\/v2\/pages\/729\/revisions"}],"predecessor-version":[{"id":4297,"href":"https:\/\/www.sacmo.com\/fr\/wp-json\/wp\/v2\/pages\/729\/revisions\/4297"}],"up":[{"embeddable":true,"href":"https:\/\/www.sacmo.com\/fr\/wp-json\/wp\/v2\/pages\/695"}],"wp:featuredmedia":[{"embeddable":true,"href":"https:\/\/www.sacmo.com\/fr\/wp-json\/wp\/v2\/media\/702"}],"wp:attachment":[{"href":"https:\/\/www.sacmo.com\/fr\/wp-json\/wp\/v2\/media?parent=729"}],"curies":[{"name":"wp","href":"https:\/\/api.w.org\/{rel}","templated":true}]}}