{"id":727,"date":"2021-02-25T15:31:45","date_gmt":"2021-02-25T14:31:45","guid":{"rendered":"http:\/\/www.sacmo.com\/?page_id=727"},"modified":"2021-06-03T09:59:18","modified_gmt":"2021-06-03T07:59:18","slug":"soins-capillaires","status":"publish","type":"page","link":"https:\/\/www.sacmo.com\/fr\/nos-solutions-de-conditionnement\/soins-capillaires\/","title":{"rendered":"Colorations capillaires"},"content":{"rendered":"<div id=\"pl-727\"  class=\"panel-layout\" ><div id=\"pg-727-0\"  class=\"panel-grid panel-has-style\" ><div class=\"panel-row-style panel-row-style-for-727-0\" ><div id=\"pgc-727-0-0\"  class=\"panel-grid-cell\" ><div id=\"panel-727-0-0-0\" class=\"so-panel widget widget_smartheme_titre_widget panel-first-child\" data-index=\"0\" ><div\n\t\t\t\n\t\t\tclass=\"so-widget-smartheme_titre_widget so-widget-smartheme_titre_widget-default-d75171398898-727\"\n\t\t\t\n\t\t><div class=\"container_titre center\">\n\t<div class=\"titre\">\n\t\t\t\t<h2>Nos solutions pour le conditionnement de colorations capillaires<\/h2>\n\t<\/div>\n\t<\/div><\/div><\/div><div id=\"panel-727-0-0-1\" class=\"so-panel widget widget_editeur panel-last-child\" data-index=\"1\" ><div\n\t\t\t\n\t\t\tclass=\"so-widget-editeur so-widget-editeur-base\"\n\t\t\t\n\t\t>\t<div class=\"smarttheme_editeur column_text\">\n\t<p><span style=\"font-size: 13pt;\">Le march\u00e9 des colorations capillaires est en croissance constante \u00e0 travers le monde depuis plusieurs ann\u00e9es. Les plus grandes marques ont \u00e9largi leurs gammes et de nouvelles marques viennent proposer des produits alternatifs transparents et naturels mettant en avant l\u2019introduction de pigments v\u00e9g\u00e9taux et le choix d\u2019ingr\u00e9dients naturels. De la coloration fantaisie temporaire \u00e0 la coloration semi-permanente, il existe des produits pour toutes les envies. Si les formules et les modes d\u2019application font l\u2019objet d\u2019innovations, il en va de m\u00eame pour les emballages des colorations capillaires.<\/span><\/p>\n<p><span style=\"font-size: 13pt;\">Commercialis\u00e9es sous forme de kits de pr\u00eats \u00e0 l\u2019emploi, les colorations capillaires se composent g\u00e9n\u00e9ralement d\u2019un flacon contenant le r\u00e9v\u00e9lateur, d\u2019un tube avec le colorant, d\u2019un mini shampoing, d\u2019un mini soin, un bouchon-peigne, d\u2019une paire de gants et d\u2019une notice explicative. Les produits de colorations capillaires sont sans cesse repens\u00e9s pour \u00eatre plus respectueux de l\u2019environnement. Ces actions se traduisent par une diminution des emballages plastiques, l\u2019utilisation de mati\u00e8res recyclables ou encore le choix d\u2019ingr\u00e9dients naturels dans les formules. Quand les contenants \u00e9voluent, leurs modes de conditionnement s\u2019adaptent. Gr\u00e2ce \u00e0 nos comp\u00e9tences globales, le \u00e9quipes SACMO vous aide \u00e0 optimiser vos cycles de production de colorations capillaires.<\/span><\/p>\n<p><span style=\"font-size: 13pt;\">De la pi\u00e8ce de format au palettiseur robotis\u00e9, SACMO vous propose des machines et des services parfaitement adapt\u00e9es au conditionnement de colorations pour cheveux.<\/span><\/p>\n<\/div>\n<\/div><\/div><\/div><\/div><\/div><div id=\"pg-727-1\"  class=\"panel-grid panel-has-style\" ><div class=\"panel-row-style panel-row-style-for-727-1\" ><div id=\"pgc-727-1-0\"  class=\"panel-grid-cell\" ><div id=\"panel-727-1-0-0\" class=\"so-panel widget widget_smartheme_titre_widget panel-first-child\" data-index=\"2\" ><div\n\t\t\t\n\t\t\tclass=\"so-widget-smartheme_titre_widget so-widget-smartheme_titre_widget-default-d75171398898-727\"\n\t\t\t\n\t\t><div class=\"container_titre left\">\n\t<div class=\"titre\">\n\t\t\t\t<h2>Applications<\/h2>\n\t<\/div>\n\t<\/div><\/div><\/div><div id=\"panel-727-1-0-1\" class=\"so-panel widget widget_editeur panel-last-child\" data-index=\"3\" ><div\n\t\t\t\n\t\t\tclass=\"so-widget-editeur so-widget-editeur-base\"\n\t\t\t\n\t\t>\t\t\t<div class=\"smarttheme_editeur\">\n\t\t<ul>\n<li><span style=\"font-size: 16px;\">Spray retouche<\/span><\/li>\n<li><span style=\"font-size: 16px;\">Shampoing colorant<\/span><\/li>\n<li><span style=\"font-size: 16px;\">Flacon applicateur (r\u00e9v\u00e9lateur \/ oxydant)<\/span><\/li>\n<li><span style=\"font-size: 16px;\">Tube (colorant)<\/span><\/li>\n<li><span style=\"font-size: 16px;\">Flacon (shampoing)<\/span><\/li>\n<li><span style=\"font-size: 16px;\">Sachet ou blister unidose (soin)<\/span><\/li>\n<li><span style=\"font-size: 16px;\">Accessoires (peigne, gants\u2026)<\/span><\/li>\n<li><span style=\"font-size: 16px;\">Notice<\/span><\/li>\n<li><span style=\"font-size: 16px;\">Etui<\/span><\/li>\n<\/ul>\n<\/div>\n<\/div><\/div><\/div><div id=\"pgc-727-1-1\"  class=\"panel-grid-cell\" ><div id=\"panel-727-1-1-0\" class=\"so-panel widget widget_smart-image panel-first-child panel-last-child\" data-index=\"4\" ><div\n\t\t\t\n\t\t\tclass=\"so-widget-smart-image so-widget-smart-image-default-40cd750bba98-727\"\n\t\t\t\n\t\t><div class=\"sow-image-container\">\n\t<div class=\"containerSmartImage right-center zoom  ajuster\"><div class=\"chargementSmartImage\"><div class=\"containerLoader\"><div class=\"loader\"><\/div><\/div><\/div><div style=\"background-image: url(https:\/\/www.sacmo.com\/fr\/wp-content\/uploads\/2021\/03\/Coloration-01-1-768x432.jpg);\" class=\"smartImage carre \"><\/div><\/div>\t\t\t<div class=\"fond_popup_image\"><\/div>\n\t\t<div id=\"popup_image\">\n\t\t\t<div class=\"container-prevPopup\"><div class=\"prevPopup\"><\/div><\/div>\n\t\t\t<div class=\"container-nextPopup\"><div class=\"nextPopup\"><\/div><\/div>\n\t\t\t<div class=\"popup containerPopup\">\n\t\t\t\t<div class=\"container_exit\"><div class=\"exit\"><\/div><\/div>\n\t\t\t\t<div class=\"contenuPopup container\">\n\t\t\t\t\t<div class=\"row\">\n\t\t\t\t\t\t<div class=\"col-md-12\">\n\t\t\t\t\t\t\t<img decoding=\"async\" src=\"https:\/\/www.sacmo.com\/fr\/wp-content\/uploads\/2021\/03\/Coloration-01-1-768x432.jpg\">\n\t\t\t\t\t\t<\/div>\n\t\t\t\t\t<\/div>\n\t\t\t\t<\/div>\n\t\t\t<\/div>\n\t\t<\/div>\n\t<\/div>\n\n<\/div><\/div><\/div><\/div><\/div><div id=\"pg-727-2\"  class=\"panel-grid panel-has-style\" ><div class=\"panel-row-style panel-row-style-for-727-2\" ><div id=\"pgc-727-2-0\"  class=\"panel-grid-cell\" ><div id=\"panel-727-2-0-0\" class=\"so-panel widget widget_smartheme_titre_widget panel-first-child\" data-index=\"5\" ><div\n\t\t\t\n\t\t\tclass=\"so-widget-smartheme_titre_widget so-widget-smartheme_titre_widget-default-d75171398898-727\"\n\t\t\t\n\t\t><div class=\"container_titre left\">\n\t<div class=\"titre\">\n\t\t\t\t<h3>D\u00e9couvrez nos solutions sp\u00e9ciales soins capillaires<\/h3>\n\t<\/div>\n\t<\/div><\/div><\/div><div id=\"panel-727-2-0-1\" class=\"so-panel widget widget_vignettes-solutions panel-last-child\" data-index=\"6\" ><div\n\t\t\t\n\t\t\tclass=\"so-widget-vignettes-solutions so-widget-vignettes-solutions-default-40cd750bba98-727\"\n\t\t\t\n\t\t><div class=\"container_vignettes_solutions\">\r\n\t<div class=\"swiper-container\">\r\n\t\t<div class=\"swiper-wrapper\">\t\r\n\t\t\t\t\t\t<div class=\"container_vignette swiper-slide\">\r\n\t\t\t\t\t\t\t\t\t<a href=\"https:\/\/www.sacmo.com\/fr\/nos-machines-de-conditionnement\/distributeurs\/\" >\r\n\t\t\t\t\t\t<div class=\"vignette\" style=\"background-image: url(https:\/\/www.sacmo.com\/fr\/wp-content\/uploads\/2021\/04\/chargeur_tubes_sacmo-1-768x432.png)\">\r\n\t\t\t<\/div>\r\n\t\t\t<div class=\"container_texte\">\r\n\t\t\t\t\t\t\t\t\t<div class=\"container_titre \" >\r\n\t\t\t\t\t\t<span>Distribution<\/span>\r\n\t\t\t\t\t<\/div>\r\n\t\t\t\t\t\t\t\t\t\t\t\t\t<div class=\"container_description \">\r\n\t\t\t\t\t\t<p>Nos solutions pour faire entrer les contenants, les accessoires ou les produits semi-finis sur la ligne de conditionnement et alimenter automatiquement les machines en aval.<\/p>\r\n\t\t\t\t\t<\/div>\r\n\t\t\t\t\t\t\t<\/div>\r\n\t\t\t\t\t\t\t<div class=\"container_button \">\r\n\t\t\t\t\t<div class=\"button\">\r\n\t\t\t\t\t\t<span>\r\n\t\t\t\t\t\t\tEn savoir plus\t\t\t\t\t\t<\/span>\r\n\t\t\t\t\t<\/div>\r\n\t\t\t\t<\/div>\r\n\t\t\t\t\t\t\t\t\t<\/a>\r\n\t\t\t\t\t<\/div>\r\n\t\t\t\t\t\t<div class=\"container_vignette swiper-slide without_url\">\r\n\t\t\t\t\t\t\t\t<div class=\"vignette\" style=\"background-image: url(https:\/\/www.sacmo.com\/fr\/wp-content\/uploads\/2021\/04\/distributeur_bouilloute_sacmo-1-768x432.png)\">\r\n\t\t\t<\/div>\r\n\t\t\t<div class=\"container_texte\">\r\n\t\t\t\t\t\t\t\t\t<div class=\"container_titre \" >\r\n\t\t\t\t\t\t<span>Accumulation<\/span>\r\n\t\t\t\t\t<\/div>\r\n\t\t\t\t\t\t\t\t\t\t\t\t\t<div class=\"container_description \">\r\n\t\t\t\t\t\t<p>Vos lignes de produits semi-finis tournent \u00e0 pleine cadence avec nos stations d\u2019accumulation.<\/p>\r\n\t\t\t\t\t<\/div>\r\n\t\t\t\t\t\t\t<\/div>\r\n\t\t\t\t\t\t\t\t<\/div>\r\n\t\t\t\t\t\t<div class=\"container_vignette swiper-slide without_url\">\r\n\t\t\t\t\t\t\t\t<div class=\"vignette\" style=\"background-image: url(https:\/\/www.sacmo.com\/fr\/wp-content\/uploads\/2021\/04\/module_de_marquage_lazer_et_etiquetage_sacmo-1.png-1-768x432.png)\">\r\n\t\t\t<\/div>\r\n\t\t\t<div class=\"container_texte\">\r\n\t\t\t\t\t\t\t\t\t<div class=\"container_titre \" >\r\n\t\t\t\t\t\t<span>Tra\u00e7abilit\u00e9<\/span>\r\n\t\t\t\t\t<\/div>\r\n\t\t\t\t\t\t\t\t\t\t\t\t\t<div class=\"container_description \">\r\n\t\t\t\t\t\t<p>Int\u00e9grez des machines d\u2019\u00e9tiquetage ou de marquage laser pour tracer vos produits.<\/p>\r\n\t\t\t\t\t<\/div>\r\n\t\t\t\t\t\t\t<\/div>\r\n\t\t\t\t\t\t\t\t<\/div>\r\n\t\t\t\t\t\t<div class=\"container_vignette swiper-slide without_url\">\r\n\t\t\t\t\t\t\t\t<div class=\"vignette\" style=\"background-image: url(https:\/\/www.sacmo.com\/fr\/wp-content\/uploads\/2021\/04\/encaisseuse_tubes2_sacmo-1-768x432.png)\">\r\n\t\t\t<\/div>\r\n\t\t\t<div class=\"container_texte\">\r\n\t\t\t\t\t\t\t\t\t<div class=\"container_titre \" >\r\n\t\t\t\t\t\t<span>Personnalisation<\/span>\r\n\t\t\t\t\t<\/div>\r\n\t\t\t\t\t\t\t\t\t\t\t\t\t<div class=\"container_description \">\r\n\t\t\t\t\t\t<p>D\u00e9corez vos tubes et flacons directement sur la ligne avec nos solutions de late-stage customisation.<\/p>\r\n\t\t\t\t\t<\/div>\r\n\t\t\t\t\t\t\t<\/div>\r\n\t\t\t\t\t\t\t\t<\/div>\r\n\t\t\t\t\t\t<div class=\"container_vignette swiper-slide\">\r\n\t\t\t\t\t\t\t\t\t<a href=\"https:\/\/www.sacmo.com\/fr\/nos-machines-de-conditionnement\/manipulateur\/\" >\r\n\t\t\t\t\t\t<div class=\"vignette\" style=\"background-image: url(https:\/\/www.sacmo.com\/fr\/wp-content\/uploads\/2021\/04\/sacmo_mise_en_godet-1-768x432.png)\">\r\n\t\t\t<\/div>\r\n\t\t\t<div class=\"container_texte\">\r\n\t\t\t\t\t\t\t\t\t<div class=\"container_titre \" >\r\n\t\t\t\t\t\t<span>Manipulation<\/span>\r\n\t\t\t\t\t<\/div>\r\n\t\t\t\t\t\t\t\t\t\t\t\t\t<div class=\"container_description \">\r\n\t\t\t\t\t\t<p>R\u00e9alisez la prise et la d\u00e9pose de vos articles gr\u00e2ce \u00e0 des modules robotiques agiles et performants.<\/p>\r\n\t\t\t\t\t<\/div>\r\n\t\t\t\t\t\t\t<\/div>\r\n\t\t\t\t\t\t\t<div class=\"container_button \">\r\n\t\t\t\t\t<div class=\"button\">\r\n\t\t\t\t\t\t<span>\r\n\t\t\t\t\t\t\tEn savoir plus\t\t\t\t\t\t<\/span>\r\n\t\t\t\t\t<\/div>\r\n\t\t\t\t<\/div>\r\n\t\t\t\t\t\t\t\t\t<\/a>\r\n\t\t\t\t\t<\/div>\r\n\t\t\t\t\t\t<div class=\"container_vignette swiper-slide without_url\">\r\n\t\t\t\t\t\t\t\t<div class=\"vignette\" style=\"background-image: url(https:\/\/www.sacmo.com\/fr\/wp-content\/uploads\/2021\/04\/remplisseuse_lineaire_sacmo-1-768x432.png)\">\r\n\t\t\t<\/div>\r\n\t\t\t<div class=\"container_texte\">\r\n\t\t\t\t\t\t\t\t\t<div class=\"container_titre \" >\r\n\t\t\t\t\t\t<span>Remplissage et visage<\/span>\r\n\t\t\t\t\t<\/div>\r\n\t\t\t\t\t\t\t\t\t\t\t\t\t<div class=\"container_description \">\r\n\t\t\t\t\t\t<p>Nos remplisseuses sont sp\u00e9cialement con\u00e7ues pour permettre le transfert des produits dans leurs contenants. Gr\u00e2ce \u00e0 notre exp\u00e9rience, nous r\u00e9alisons \u00e9galement le retrofit de remplisseuses-visseuses.<\/p>\r\n\t\t\t\t\t<\/div>\r\n\t\t\t\t\t\t\t<\/div>\r\n\t\t\t\t\t\t\t\t<\/div>\r\n\t\t\t\t\t\t<div class=\"container_vignette swiper-slide without_url\">\r\n\t\t\t\t\t\t\t\t<div class=\"vignette\" style=\"background-image: url(https:\/\/www.sacmo.com\/fr\/wp-content\/uploads\/2021\/04\/Ligne-de-conditionnement-tubes-Ligne-2-pour-site-internet-1-768x499.png)\">\r\n\t\t\t<\/div>\r\n\t\t\t<div class=\"container_texte\">\r\n\t\t\t\t\t\t\t\t\t<div class=\"container_titre \" >\r\n\t\t\t\t\t\t<span>Mise en \u00e9tui et cellophanage<\/span>\r\n\t\t\t\t\t<\/div>\r\n\t\t\t\t\t\t\t\t\t\t\t\t\t<div class=\"container_description \">\r\n\t\t\t\t\t\t<p>Un savoir-faire in\u00e9gal\u00e9 dans le retrofit d\u2019encartonneuses, d\u2019\u00e9tuyeuses et de cellophaneuses.<\/p>\r\n\t\t\t\t\t<\/div>\r\n\t\t\t\t\t\t\t<\/div>\r\n\t\t\t\t\t\t\t\t<\/div>\r\n\t\t\t\t\t\t<div class=\"container_vignette swiper-slide without_url\">\r\n\t\t\t\t\t\t\t\t<div class=\"vignette\" style=\"background-image: url(https:\/\/www.sacmo.com\/fr\/wp-content\/uploads\/2021\/04\/sacmo_solution_encaissage-1-768x432.png)\">\r\n\t\t\t<\/div>\r\n\t\t\t<div class=\"container_texte\">\r\n\t\t\t\t\t\t\t\t\t<div class=\"container_titre \" >\r\n\t\t\t\t\t\t<span>Encaissage<\/span>\r\n\t\t\t\t\t<\/div>\r\n\t\t\t\t\t\t\t\t\t\t\t\t\t<div class=\"container_description \">\r\n\t\t\t\t\t\t<p>Semi-automatique ou robotis\u00e9e, choisissez la solution de mise en caisse qui vous correspond.<\/p>\r\n\t\t\t\t\t<\/div>\r\n\t\t\t\t\t\t\t<\/div>\r\n\t\t\t\t\t\t\t\t<\/div>\r\n\t\t\t\t\t\t<div class=\"container_vignette swiper-slide without_url\">\r\n\t\t\t\t\t\t\t\t<div class=\"vignette\" style=\"background-image: url(https:\/\/www.sacmo.com\/fr\/wp-content\/uploads\/2021\/04\/sacmo_solution_palettisation-1-768x432.jpg)\">\r\n\t\t\t<\/div>\r\n\t\t\t<div class=\"container_texte\">\r\n\t\t\t\t\t\t\t\t\t<div class=\"container_titre \" >\r\n\t\t\t\t\t\t<span>Palettisation<\/span>\r\n\t\t\t\t\t<\/div>\r\n\t\t\t\t\t\t\t\t\t\t\t\t\t<div class=\"container_description \">\r\n\t\t\t\t\t\t<p>Qu\u2019ils soient robotis\u00e9s ou collaboratifs, nos palettiseurs s\u2019adaptent \u00e0 vos besoins.<\/p>\r\n\t\t\t\t\t<\/div>\r\n\t\t\t\t\t\t\t<\/div>\r\n\t\t\t\t\t\t\t\t<\/div>\r\n\t\t\t\t\t\t<div class=\"container_vignette swiper-slide without_url\">\r\n\t\t\t\t\t\t\t\t<div class=\"vignette\" style=\"background-image: url(https:\/\/www.sacmo.com\/fr\/wp-content\/uploads\/2021\/04\/sacmo_solution_gestion_flux-1-768x432.png)\">\r\n\t\t\t<\/div>\r\n\t\t\t<div class=\"container_texte\">\r\n\t\t\t\t\t\t\t\t\t<div class=\"container_titre \" >\r\n\t\t\t\t\t\t<span>Gestion de flux<\/span>\r\n\t\t\t\t\t<\/div>\r\n\t\t\t\t\t\t\t\t\t\t\t\t\t<div class=\"container_description \">\r\n\t\t\t\t\t\t<p>Nous r\u00e9alisons des ensembles de convoyeurs sur-mesure pour optimiser vos flux de produits sur la ligne.<\/p>\r\n\t\t\t\t\t<\/div>\r\n\t\t\t\t\t\t\t<\/div>\r\n\t\t\t\t\t\t\t\t<\/div>\r\n\t\t\t\t<\/div>\r\n\t<\/div>\r\n\t<div class=\"swiper-button-next\">\r\n\t\t<div class=\"container_nav_next\">\r\n\t\t\t<div class=\"nav_next\">\r\n\t\t\t\t<span><\/span>\r\n\t\t\t<\/div>\r\n\t\t<\/div>\r\n\t<\/div>\r\n\t<div class=\"swiper-button-prev\">\r\n\t\t<div class=\"container_nav_prev\">\r\n\t\t\t<div class=\"nav_prev\">\r\n\t\t\t\t<span><\/span>\r\n\t\t\t<\/div>\r\n\t\t<\/div>\r\n\t<\/div>\r\n\t<div class=\"container_vignettes-pagination\"><\/div>\r\n<\/div><\/div><\/div><\/div><\/div><\/div><div id=\"pg-727-3\"  class=\"panel-grid panel-has-style\" ><div class=\"panel-row-style panel-row-style-for-727-3\" ><div id=\"pgc-727-3-0\"  class=\"panel-grid-cell\" ><div id=\"panel-727-3-0-0\" class=\"so-panel widget widget_smartheme_titre_widget panel-first-child\" data-index=\"7\" ><div\n\t\t\t\n\t\t\tclass=\"so-widget-smartheme_titre_widget so-widget-smartheme_titre_widget-default-d75171398898-727\"\n\t\t\t\n\t\t><div class=\"container_titre left\">\n\t<div class=\"titre\">\n\t\t\t\t<h3>Nos services compl\u00e9mentaires<\/h3>\n\t<\/div>\n\t<\/div><\/div><\/div><div id=\"panel-727-3-0-1\" class=\"so-panel widget widget_smarttheme_carousel_pictos_widget panel-last-child\" data-index=\"8\" ><div\n\t\t\t\n\t\t\tclass=\"so-widget-smarttheme_carousel_pictos_widget so-widget-smarttheme_carousel_pictos_widget-default-d75171398898-727\"\n\t\t\t\n\t\t><div class=\"container_carousel_pictos\">\r\n\t\t<div class=\"swiper-container  \">\r\n\t\t<div class=\"swiper-wrapper\">\t\r\n\t\t\t\t\t\t\t\t<div class=\"container_picto_titre swiper-slide\">\r\n\t\t\t\t\t\t\t\t\t\t\t\t<a href=\"https:\/\/www.sacmo.com\/fr\/services-et-support\/retrofit\/\">\r\n\t\t\t\t\t\t\t\t<div class=\"container_picto\">\r\n\t\t\t\t\t<div class=\"picto\" style=\"background-image: url(https:\/\/www.sacmo.com\/fr\/wp-content\/uploads\/2020\/12\/retrofit_complet-1.svg)\"><\/div>\r\n\t\t\t\t<\/div>\r\n\t\t\t\t<div class=\"container_titre\">\r\n\t\t\t\t\t<span class=\"titre\">RETROFIT<\/span>\r\n\t\t\t\t<\/div>\r\n\t\t\t\t\t\t\t\t\t<div class=\"container_description\">\r\n\t\t\t\t\t\t<p class=\"description\">SACMO propose aussi de r\u00e9nover des machines de conditionnement.<\/p>\r\n\t\t\t\t\t<\/div>\r\n\t\t\t\t\t\t\t\t\t\t\t\t<\/a>\r\n\t\t\t\t\t\t\t<\/div>\r\n\t\t\t\t\t\t\t\t<div class=\"container_picto_titre swiper-slide\">\r\n\t\t\t\t\t\t\t\t\t\t\t\t<a href=\"https:\/\/www.sacmo.com\/fr\/services-et-support\/outillages-et-pieces-de-format\/\">\r\n\t\t\t\t\t\t\t\t<div class=\"container_picto\">\r\n\t\t\t\t\t<div class=\"picto\" style=\"background-image: url(https:\/\/www.sacmo.com\/fr\/wp-content\/uploads\/2020\/08\/outillage_et_pieces-1.svg)\"><\/div>\r\n\t\t\t\t<\/div>\r\n\t\t\t\t<div class=\"container_titre\">\r\n\t\t\t\t\t<span class=\"titre\">OUTILLAGES <br \/>\nET PIECES DE FORMAT<\/span>\r\n\t\t\t\t<\/div>\r\n\t\t\t\t\t\t\t\t\t<div class=\"container_description\">\r\n\t\t\t\t\t\t<p class=\"description\">Nous concevons et r\u00e9alisons des outillages complets pour vos machines de conditionnement.<\/p>\r\n\t\t\t\t\t<\/div>\r\n\t\t\t\t\t\t\t\t\t\t\t\t<\/a>\r\n\t\t\t\t\t\t\t<\/div>\r\n\t\t\t\t\t\t\t\t<div class=\"container_picto_titre swiper-slide\">\r\n\t\t\t\t\t\t\t\t\t\t\t\t<a href=\"https:\/\/www.sacmo.com\/fr\/services-et-support\/demenagement-transfert-industriel\/\">\r\n\t\t\t\t\t\t\t\t<div class=\"container_picto\">\r\n\t\t\t\t\t<div class=\"picto\" style=\"background-image: url(https:\/\/www.sacmo.com\/fr\/wp-content\/uploads\/2020\/08\/demenagement_de_lignes-1.svg)\"><\/div>\r\n\t\t\t\t<\/div>\r\n\t\t\t\t<div class=\"container_titre\">\r\n\t\t\t\t\t<span class=\"titre\">D\u00c9M\u00c9NAGEMENT DE LIGNES <br \/>\nDE CONDITIONNEMENT<\/span>\r\n\t\t\t\t<\/div>\r\n\t\t\t\t\t\t\t\t\t<div class=\"container_description\">\r\n\t\t\t\t\t\t<p class=\"description\">Nous effectuons vos transferts de lignes intra ou inter-sites, en France et \u00e0 l\u2019\u00e9tranger.<\/p>\r\n\t\t\t\t\t<\/div>\r\n\t\t\t\t\t\t\t\t\t\t\t\t<\/a>\r\n\t\t\t\t\t\t\t<\/div>\r\n\t\t\t\r\n\t\t<\/div>\r\n\t<\/div>\r\n\t<div class=\"swiper-button-next\">\r\n\t\t<div class=\"container_nav_next\">\r\n\t\t\t<div class=\"nav_next\">\r\n\t\t\t\t<span><\/span>\r\n\t\t\t<\/div>\r\n\t\t<\/div>\r\n\t<\/div>\r\n\t<div class=\"swiper-button-prev\">\r\n\t\t<div class=\"container_nav_prev\">\r\n\t\t\t<div class=\"nav_prev\">\r\n\t\t\t\t<span><\/span>\r\n\t\t\t<\/div>\r\n\t\t<\/div>\r\n\t<\/div>\r\n\t<div class=\"container_carousel_pictos-pagination\"><\/div>\r\n<\/div><\/div><\/div><\/div><\/div><\/div><\/div>","protected":false},"excerpt":{"rendered":"<p>Nos solutions pour le conditionnement de colorations capillaires Le march\u00e9 des colorations capillaires est en croissance constante \u00e0 travers le [&hellip;]<\/p>\n","protected":false},"author":1,"featured_media":1092,"parent":695,"menu_order":0,"comment_status":"closed","ping_status":"closed","template":"","meta":{"content-type":"","footnotes":""},"class_list":["post-727","page","type-page","status-publish","has-post-thumbnail","hentry"],"_links":{"self":[{"href":"https:\/\/www.sacmo.com\/fr\/wp-json\/wp\/v2\/pages\/727","targetHints":{"allow":["GET"]}}],"collection":[{"href":"https:\/\/www.sacmo.com\/fr\/wp-json\/wp\/v2\/pages"}],"about":[{"href":"https:\/\/www.sacmo.com\/fr\/wp-json\/wp\/v2\/types\/page"}],"author":[{"embeddable":true,"href":"https:\/\/www.sacmo.com\/fr\/wp-json\/wp\/v2\/users\/1"}],"replies":[{"embeddable":true,"href":"https:\/\/www.sacmo.com\/fr\/wp-json\/wp\/v2\/comments?post=727"}],"version-history":[{"count":6,"href":"https:\/\/www.sacmo.com\/fr\/wp-json\/wp\/v2\/pages\/727\/revisions"}],"predecessor-version":[{"id":2716,"href":"https:\/\/www.sacmo.com\/fr\/wp-json\/wp\/v2\/pages\/727\/revisions\/2716"}],"up":[{"embeddable":true,"href":"https:\/\/www.sacmo.com\/fr\/wp-json\/wp\/v2\/pages\/695"}],"wp:featuredmedia":[{"embeddable":true,"href":"https:\/\/www.sacmo.com\/fr\/wp-json\/wp\/v2\/media\/1092"}],"wp:attachment":[{"href":"https:\/\/www.sacmo.com\/fr\/wp-json\/wp\/v2\/media?parent=727"}],"curies":[{"name":"wp","href":"https:\/\/api.w.org\/{rel}","templated":true}]}}