{"id":725,"date":"2021-02-25T15:31:04","date_gmt":"2021-02-25T14:31:04","guid":{"rendered":"http:\/\/www.sacmo.com\/?page_id=725"},"modified":"2023-03-07T14:58:00","modified_gmt":"2023-03-07T13:58:00","slug":"maquillages","status":"publish","type":"page","link":"https:\/\/www.sacmo.com\/fr\/nos-solutions-de-conditionnement\/maquillages\/","title":{"rendered":"Maquillages"},"content":{"rendered":"<div id=\"pl-725\"  class=\"panel-layout\" ><div id=\"pg-725-0\"  class=\"panel-grid panel-has-style\" ><div class=\"panel-row-style panel-row-style-for-725-0\" ><div id=\"pgc-725-0-0\"  class=\"panel-grid-cell\" ><div id=\"panel-725-0-0-0\" class=\"so-panel widget widget_smartheme_titre_widget panel-first-child\" data-index=\"0\" ><div\n\t\t\t\n\t\t\tclass=\"so-widget-smartheme_titre_widget so-widget-smartheme_titre_widget-default-d75171398898-725\"\n\t\t\t\n\t\t><div class=\"container_titre center\">\n\t<div class=\"titre\">\n\t\t\t\t<h2>Nos solutions pour le conditionnement de maquillage<\/h2>\n\t<\/div>\n\t<\/div><\/div><\/div><div id=\"panel-725-0-0-1\" class=\"so-panel widget widget_editeur panel-last-child\" data-index=\"1\" ><div\n\t\t\t\n\t\t\tclass=\"so-widget-editeur so-widget-editeur-base\"\n\t\t\t\n\t\t>\t\t\t<div class=\"smarttheme_editeur\">\n\t\t<p><span style=\"font-size: 13pt;\">La diversit\u00e9 des produits de maquillage dynamise le secteur de la cosm\u00e9tique. Les marques sont \u00e0 l\u2019\u00e9coute des utilisateurs et d\u00e9veloppent des formules adapt\u00e9es \u00e0 leurs demandes. Dans l\u2019univers du maquillage, les tendances des consommateurs \u00e9voluent rapidement et les innovations acc\u00e9l\u00e8rent les cycles de vie des produits. Si les marques renouv\u00e8lent leurs gammes de produits r\u00e9guli\u00e8rement, elles doivent aussi s\u2019assurer de leurs capacit\u00e9s de production. Il est donc imp\u00e9ratif pour les fabricants de disposer d\u2019un outil de production flexible qui permettent de varier facilement les formules, les teintes et les contenants.<\/span><\/p>\n<p><span style=\"font-size: 13pt;\">De la distribution \u00e0 la palettisation, SACMO a d\u00e9velopp\u00e9 des machines pour le conditionnement des produits de maquillages tels que les rouges \u00e0 l\u00e8vres, les fonds de teint, les mascaras, les poudres ou encore les gloss. Enti\u00e8rement automatiques, nos machines int\u00e8grent les meilleures technologies pour vous apporter un maximum de performances.<\/span><\/p>\n<\/div>\n<\/div><\/div><\/div><\/div><\/div><div id=\"pg-725-1\"  class=\"panel-grid panel-has-style\" ><div class=\"panel-row-style panel-row-style-for-725-1\" ><div id=\"pgc-725-1-0\"  class=\"panel-grid-cell\" ><div id=\"panel-725-1-0-0\" class=\"so-panel widget widget_smartheme_titre_widget panel-first-child\" data-index=\"2\" ><div\n\t\t\t\n\t\t\tclass=\"so-widget-smartheme_titre_widget so-widget-smartheme_titre_widget-default-d75171398898-725\"\n\t\t\t\n\t\t><div class=\"container_titre left\">\n\t<div class=\"titre\">\n\t\t\t\t<h2>Applications<\/h2>\n\t<\/div>\n\t<\/div><\/div><\/div><div id=\"panel-725-1-0-1\" class=\"so-panel widget widget_editeur panel-last-child\" data-index=\"3\" ><div\n\t\t\t\n\t\t\tclass=\"so-widget-editeur so-widget-editeur-base\"\n\t\t\t\n\t\t>\t\t\t<div class=\"smarttheme_editeur\">\n\t\t<ul>\n<li><span style=\"font-size: 16px;\">Fond de teint<\/span><\/li>\n<li><span style=\"font-size: 16px;\">Rouge \u00e0 l\u00e8vres<\/span><\/li>\n<li><span style=\"font-size: 16px;\">Gloss<\/span><\/li>\n<li><span style=\"font-size: 16px;\">Fards \u00e0 paupi\u00e8res<\/span><\/li>\n<li><span style=\"font-size: 16px;\">Fards \u00e0 joues<\/span><\/li>\n<li><span style=\"font-size: 16px;\">Poudre compacte<\/span><\/li>\n<li><span style=\"font-size: 16px;\">Poudre libre<\/span><\/li>\n<li><span style=\"font-size: 16px;\">Mascara<\/span><\/li>\n<li><span style=\"font-size: 16px;\">Vernis \u00e0 ongles<\/span><\/li>\n<\/ul>\n<\/div>\n<\/div><\/div><\/div><div id=\"pgc-725-1-1\"  class=\"panel-grid-cell\" ><div id=\"panel-725-1-1-0\" class=\"so-panel widget widget_smart-image panel-first-child panel-last-child\" data-index=\"4\" ><div\n\t\t\t\n\t\t\tclass=\"so-widget-smart-image so-widget-smart-image-default-40cd750bba98-725\"\n\t\t\t\n\t\t><div class=\"sow-image-container\">\n\t<div class=\"containerSmartImage left-center   \"><div style=\"background-image:url(https:\/\/www.sacmo.com\/fr\/wp-content\/uploads\/2021\/03\/Ligne-Rouge-a-levres-Cosmetique-scaled-1-768x512.jpg);\" class=\"smartImage verticale left-center\"><\/div><\/div>\t<\/div>\n\n<\/div><\/div><\/div><\/div><\/div><div id=\"pg-725-2\"  class=\"panel-grid panel-no-style\" ><div id=\"pgc-725-2-0\"  class=\"panel-grid-cell panel-grid-cell-empty\" ><\/div><\/div><div id=\"pg-725-3\"  class=\"panel-grid panel-has-style\" ><div class=\"panel-row-style panel-row-style-for-725-3\" ><div id=\"pgc-725-3-0\"  class=\"panel-grid-cell\" ><div id=\"panel-725-3-0-0\" class=\"so-panel widget widget_smartheme_titre_widget panel-first-child\" data-index=\"5\" ><div\n\t\t\t\n\t\t\tclass=\"so-widget-smartheme_titre_widget so-widget-smartheme_titre_widget-default-d75171398898-725\"\n\t\t\t\n\t\t><div class=\"container_titre left\">\n\t<div class=\"titre\">\n\t\t\t\t<h3>D\u00e9couvrez nos solutions sp\u00e9ciales maquillage<\/h3>\n\t<\/div>\n\t<\/div><\/div><\/div><div id=\"panel-725-3-0-1\" class=\"so-panel widget widget_vignettes-solutions panel-last-child\" data-index=\"6\" ><div\n\t\t\t\n\t\t\tclass=\"so-widget-vignettes-solutions so-widget-vignettes-solutions-default-40cd750bba98-725\"\n\t\t\t\n\t\t><div class=\"container_vignettes_solutions\">\r\n\t<div class=\"swiper-container\">\r\n\t\t<div class=\"swiper-wrapper\">\t\r\n\t\t\t\t\t\t<div class=\"container_vignette swiper-slide\">\r\n\t\t\t\t\t\t\t\t\t<a href=\"https:\/\/www.sacmo.com\/fr\/nos-machines-de-conditionnement\/distributeurs\/\" >\r\n\t\t\t\t\t\t<div class=\"vignette\" style=\"background-image: url(https:\/\/www.sacmo.com\/fr\/wp-content\/uploads\/2021\/04\/sacmo_mise_en_godet-1-768x432.png)\">\r\n\t\t\t<\/div>\r\n\t\t\t<div class=\"container_texte\">\r\n\t\t\t\t\t\t\t\t\t<div class=\"container_titre \" >\r\n\t\t\t\t\t\t<span>Distribution<\/span>\r\n\t\t\t\t\t<\/div>\r\n\t\t\t\t\t\t\t\t\t\t\t\t\t<div class=\"container_description \">\r\n\t\t\t\t\t\t<p>Nos solutions pour faire entrer les contenants (cartouche, flacons, fioles, boitiers \u2026) et leurs accessoires (bouchons, brosses, pompes, houpettes\u2026) sur la ligne de conditionnement et alimenter automatiquement les machines en aval.<\/p>\r\n\t\t\t\t\t<\/div>\r\n\t\t\t\t\t\t\t<\/div>\r\n\t\t\t\t\t\t\t<div class=\"container_button \">\r\n\t\t\t\t\t<div class=\"button\">\r\n\t\t\t\t\t\t<span>\r\n\t\t\t\t\t\t\tEn savoir plus\t\t\t\t\t\t<\/span>\r\n\t\t\t\t\t<\/div>\r\n\t\t\t\t<\/div>\r\n\t\t\t\t\t\t\t\t\t<\/a>\r\n\t\t\t\t\t<\/div>\r\n\t\t\t\t\t\t<div class=\"container_vignette swiper-slide\">\r\n\t\t\t\t\t\t\t\t\t<a href=\"https:\/\/www.sacmo.com\/fr\/nos-machines-de-conditionnement\/manipulateur\/\" >\r\n\t\t\t\t\t\t<div class=\"vignette\" style=\"background-image: url(https:\/\/www.sacmo.com\/fr\/wp-content\/uploads\/2021\/04\/manipulateur_3en1_sacmo-1-768x432.jpg)\">\r\n\t\t\t<\/div>\r\n\t\t\t<div class=\"container_texte\">\r\n\t\t\t\t\t\t\t\t\t<div class=\"container_titre \" >\r\n\t\t\t\t\t\t<span>Manipulation<\/span>\r\n\t\t\t\t\t<\/div>\r\n\t\t\t\t\t\t\t\t\t\t\t\t\t<div class=\"container_description \">\r\n\t\t\t\t\t\t<p>R\u00e9alisez la prise et la d\u00e9pose de vos articles gr\u00e2ce \u00e0 des modules robotiques agiles et performants.<\/p>\r\n\t\t\t\t\t<\/div>\r\n\t\t\t\t\t\t\t<\/div>\r\n\t\t\t\t\t\t\t<div class=\"container_button \">\r\n\t\t\t\t\t<div class=\"button\">\r\n\t\t\t\t\t\t<span>\r\n\t\t\t\t\t\t\tEn savoir plus\t\t\t\t\t\t<\/span>\r\n\t\t\t\t\t<\/div>\r\n\t\t\t\t<\/div>\r\n\t\t\t\t\t\t\t\t\t<\/a>\r\n\t\t\t\t\t<\/div>\r\n\t\t\t\t\t\t<div class=\"container_vignette swiper-slide without_url\">\r\n\t\t\t\t\t\t\t\t<div class=\"vignette\" style=\"background-image: url(https:\/\/www.sacmo.com\/fr\/wp-content\/uploads\/2021\/04\/sacmo_solution_remplissage-1-768x432.jpg)\">\r\n\t\t\t<\/div>\r\n\t\t\t<div class=\"container_texte\">\r\n\t\t\t\t\t\t\t\t\t<div class=\"container_titre \" >\r\n\t\t\t\t\t\t<span>Remplissage et vissage<\/span>\r\n\t\t\t\t\t<\/div>\r\n\t\t\t\t\t\t\t\t\t\t\t\t\t<div class=\"container_description \">\r\n\t\t\t\t\t\t<p>Nos remplisseuses sont sp\u00e9cialement con\u00e7ues pour permettre le transfert des produits dans leurs contenants. A partir d\u2019une base standard, chaque remplisseuse peut \u00eatre \u00e9quip\u00e9e de poste de nettoyage du contenant (soufflage et aspiration), de d\u00e9pose d\u2019objets, de vissage et de marquage laser.<\/p>\r\n\t\t\t\t\t<\/div>\r\n\t\t\t\t\t\t\t<\/div>\r\n\t\t\t\t\t\t\t\t<\/div>\r\n\t\t\t\t\t\t<div class=\"container_vignette swiper-slide without_url\">\r\n\t\t\t\t\t\t\t\t<div class=\"vignette\" style=\"background-image: url(https:\/\/www.sacmo.com\/fr\/wp-content\/uploads\/2021\/04\/sacmo_soltuion_tracabilite-1-768x432.png)\">\r\n\t\t\t<\/div>\r\n\t\t\t<div class=\"container_texte\">\r\n\t\t\t\t\t\t\t\t\t<div class=\"container_titre \" >\r\n\t\t\t\t\t\t<span>Tra\u00e7abilit\u00e9<\/span>\r\n\t\t\t\t\t<\/div>\r\n\t\t\t\t\t\t\t\t\t\t\t\t\t<div class=\"container_description \">\r\n\t\t\t\t\t\t<p>Int\u00e9grez des machines d\u2019\u00e9tiquetage ou de marquage laser pour tracer vos produits.<\/p>\r\n\t\t\t\t\t<\/div>\r\n\t\t\t\t\t\t\t<\/div>\r\n\t\t\t\t\t\t\t\t<\/div>\r\n\t\t\t\t\t\t<div class=\"container_vignette swiper-slide without_url\">\r\n\t\t\t\t\t\t\t\t<div class=\"vignette\" style=\"background-image: url(https:\/\/www.sacmo.com\/fr\/wp-content\/uploads\/2021\/04\/Ligne-de-conitionnement-pour-flacons-Ligne-1-pour-site-internet-1-768x468.png)\">\r\n\t\t\t<\/div>\r\n\t\t\t<div class=\"container_texte\">\r\n\t\t\t\t\t\t\t\t\t<div class=\"container_titre \" >\r\n\t\t\t\t\t\t<span>Mise en \u00e9tui et cellophanage<\/span>\r\n\t\t\t\t\t<\/div>\r\n\t\t\t\t\t\t\t\t\t\t\t\t\t<div class=\"container_description \">\r\n\t\t\t\t\t\t<p>Un savoir-faire in\u00e9gal\u00e9 dans le r\u00e9trofit d\u2019encartonneuses, d\u2019\u00e9tuyeuses et de cellophaneuses.<\/p>\r\n\t\t\t\t\t<\/div>\r\n\t\t\t\t\t\t\t<\/div>\r\n\t\t\t\t\t\t\t\t<\/div>\r\n\t\t\t\t\t\t<div class=\"container_vignette swiper-slide without_url\">\r\n\t\t\t\t\t\t\t\t<div class=\"vignette\" style=\"background-image: url(https:\/\/www.sacmo.com\/fr\/wp-content\/uploads\/2021\/04\/encaisseuse_par_robot_collaboratif_sacmo-1-768x594.png)\">\r\n\t\t\t<\/div>\r\n\t\t\t<div class=\"container_texte\">\r\n\t\t\t\t\t\t\t\t\t<div class=\"container_titre \" >\r\n\t\t\t\t\t\t<span>Encaissage<\/span>\r\n\t\t\t\t\t<\/div>\r\n\t\t\t\t\t\t\t\t\t\t\t\t\t<div class=\"container_description \">\r\n\t\t\t\t\t\t<p>Semi-automatique ou robotis\u00e9e, choisissez la solution de mise en caisse qui vous correspond.<\/p>\r\n\t\t\t\t\t<\/div>\r\n\t\t\t\t\t\t\t<\/div>\r\n\t\t\t\t\t\t\t\t<\/div>\r\n\t\t\t\t\t\t<div class=\"container_vignette swiper-slide without_url\">\r\n\t\t\t\t\t\t\t\t<div class=\"vignette\" style=\"background-image: url(https:\/\/www.sacmo.com\/fr\/wp-content\/uploads\/2021\/04\/palettiseur_sacmo-1-768x432.jpg)\">\r\n\t\t\t<\/div>\r\n\t\t\t<div class=\"container_texte\">\r\n\t\t\t\t\t\t\t\t\t<div class=\"container_titre \" >\r\n\t\t\t\t\t\t<span>Palettisation<\/span>\r\n\t\t\t\t\t<\/div>\r\n\t\t\t\t\t\t\t\t\t\t\t\t\t<div class=\"container_description \">\r\n\t\t\t\t\t\t<p>Qu\u2019ils soient robotis\u00e9s ou collaboratifs, nos palettiseurs s\u2019adaptent \u00e0 vos besoins.<\/p>\r\n\t\t\t\t\t<\/div>\r\n\t\t\t\t\t\t\t<\/div>\r\n\t\t\t\t\t\t\t\t<\/div>\r\n\t\t\t\t\t\t<div class=\"container_vignette swiper-slide without_url\">\r\n\t\t\t\t\t\t\t\t<div class=\"vignette\" style=\"background-image: url(https:\/\/www.sacmo.com\/fr\/wp-content\/uploads\/2021\/04\/sacmo_solution_gestion_flux-1-768x432.png)\">\r\n\t\t\t<\/div>\r\n\t\t\t<div class=\"container_texte\">\r\n\t\t\t\t\t\t\t\t\t<div class=\"container_titre \" >\r\n\t\t\t\t\t\t<span>Gestion de flux<\/span>\r\n\t\t\t\t\t<\/div>\r\n\t\t\t\t\t\t\t\t\t\t\t\t\t<div class=\"container_description \">\r\n\t\t\t\t\t\t<p>Nous r\u00e9alisons des ensembles de convoyeurs sur-mesure pour optimiser vos flux de produits sur la ligne.<\/p>\r\n\t\t\t\t\t<\/div>\r\n\t\t\t\t\t\t\t<\/div>\r\n\t\t\t\t\t\t\t\t<\/div>\r\n\t\t\t\t<\/div>\r\n\t<\/div>\r\n\t<div class=\"swiper-button-next\">\r\n\t\t<div class=\"container_nav_next\">\r\n\t\t\t<div class=\"nav_next\">\r\n\t\t\t\t<span><\/span>\r\n\t\t\t<\/div>\r\n\t\t<\/div>\r\n\t<\/div>\r\n\t<div class=\"swiper-button-prev\">\r\n\t\t<div class=\"container_nav_prev\">\r\n\t\t\t<div class=\"nav_prev\">\r\n\t\t\t\t<span><\/span>\r\n\t\t\t<\/div>\r\n\t\t<\/div>\r\n\t<\/div>\r\n\t<div class=\"container_vignettes-pagination\"><\/div>\r\n<\/div><\/div><\/div><\/div><\/div><\/div><div id=\"pg-725-4\"  class=\"panel-grid panel-has-style\" ><div class=\"panel-row-style panel-row-style-for-725-4\" ><div id=\"pgc-725-4-0\"  class=\"panel-grid-cell\" ><div id=\"panel-725-4-0-0\" class=\"so-panel widget widget_smartheme_titre_widget panel-first-child\" data-index=\"7\" ><div\n\t\t\t\n\t\t\tclass=\"so-widget-smartheme_titre_widget so-widget-smartheme_titre_widget-default-d75171398898-725\"\n\t\t\t\n\t\t><div class=\"container_titre left\">\n\t<div class=\"titre\">\n\t\t\t\t<h3>Nos services compl\u00e9mentaires<\/h3>\n\t<\/div>\n\t<\/div><\/div><\/div><div id=\"panel-725-4-0-1\" class=\"so-panel widget widget_smarttheme_carousel_pictos_widget panel-last-child\" data-index=\"8\" ><div\n\t\t\t\n\t\t\tclass=\"so-widget-smarttheme_carousel_pictos_widget so-widget-smarttheme_carousel_pictos_widget-default-d75171398898-725\"\n\t\t\t\n\t\t><div class=\"container_carousel_pictos\">\r\n\t\t<div class=\"swiper-container  \">\r\n\t\t<div class=\"swiper-wrapper\">\t\r\n\t\t\t\t\t\t\t\t<div class=\"container_picto_titre swiper-slide\">\r\n\t\t\t\t\t\t\t\t\t\t\t\t<a href=\"https:\/\/www.sacmo.com\/fr\/services-et-support\/retrofit\/\">\r\n\t\t\t\t\t\t\t\t<div class=\"container_picto\">\r\n\t\t\t\t\t<div class=\"picto\" style=\"background-image: url(https:\/\/www.sacmo.com\/fr\/wp-content\/uploads\/2020\/12\/retrofit_complet-1.svg)\"><\/div>\r\n\t\t\t\t<\/div>\r\n\t\t\t\t<div class=\"container_titre\">\r\n\t\t\t\t\t<span class=\"titre\">RETROFIT<\/span>\r\n\t\t\t\t<\/div>\r\n\t\t\t\t\t\t\t\t\t<div class=\"container_description\">\r\n\t\t\t\t\t\t<p class=\"description\">SACMO propose aussi de r\u00e9nover des machines de conditionnement.<\/p>\r\n\t\t\t\t\t<\/div>\r\n\t\t\t\t\t\t\t\t\t\t\t\t<\/a>\r\n\t\t\t\t\t\t\t<\/div>\r\n\t\t\t\t\t\t\t\t<div class=\"container_picto_titre swiper-slide\">\r\n\t\t\t\t\t\t\t\t\t\t\t\t<a href=\"https:\/\/www.sacmo.com\/fr\/services-et-support\/outillages-et-pieces-de-format\/\">\r\n\t\t\t\t\t\t\t\t<div class=\"container_picto\">\r\n\t\t\t\t\t<div class=\"picto\" style=\"background-image: url(https:\/\/www.sacmo.com\/fr\/wp-content\/uploads\/2020\/08\/outillage_et_pieces-1.svg)\"><\/div>\r\n\t\t\t\t<\/div>\r\n\t\t\t\t<div class=\"container_titre\">\r\n\t\t\t\t\t<span class=\"titre\">OUTILLAGES <br \/>\nET PIECES DE FORMAT<\/span>\r\n\t\t\t\t<\/div>\r\n\t\t\t\t\t\t\t\t\t<div class=\"container_description\">\r\n\t\t\t\t\t\t<p class=\"description\">Nous concevons et r\u00e9alisons des outillages complets pour vos machines de conditionnement.<\/p>\r\n\t\t\t\t\t<\/div>\r\n\t\t\t\t\t\t\t\t\t\t\t\t<\/a>\r\n\t\t\t\t\t\t\t<\/div>\r\n\t\t\t\t\t\t\t\t<div class=\"container_picto_titre swiper-slide\">\r\n\t\t\t\t\t\t\t\t\t\t\t\t<a href=\"https:\/\/www.sacmo.com\/fr\/services-et-support\/demenagement-transfert-industriel\/\">\r\n\t\t\t\t\t\t\t\t<div class=\"container_picto\">\r\n\t\t\t\t\t<div class=\"picto\" style=\"background-image: url(https:\/\/www.sacmo.com\/fr\/wp-content\/uploads\/2020\/08\/demenagement_de_lignes-1.svg)\"><\/div>\r\n\t\t\t\t<\/div>\r\n\t\t\t\t<div class=\"container_titre\">\r\n\t\t\t\t\t<span class=\"titre\">D\u00c9M\u00c9NAGEMENT DE LIGNES <br \/>\nDE CONDITIONNEMENT<\/span>\r\n\t\t\t\t<\/div>\r\n\t\t\t\t\t\t\t\t\t<div class=\"container_description\">\r\n\t\t\t\t\t\t<p class=\"description\">Nous effectuons vos transferts de lignes intra ou inter-sites, en France et \u00e0 l\u2019\u00e9tranger.<\/p>\r\n\t\t\t\t\t<\/div>\r\n\t\t\t\t\t\t\t\t\t\t\t\t<\/a>\r\n\t\t\t\t\t\t\t<\/div>\r\n\t\t\t\r\n\t\t<\/div>\r\n\t<\/div>\r\n\t<div class=\"swiper-button-next\">\r\n\t\t<div class=\"container_nav_next\">\r\n\t\t\t<div class=\"nav_next\">\r\n\t\t\t\t<span><\/span>\r\n\t\t\t<\/div>\r\n\t\t<\/div>\r\n\t<\/div>\r\n\t<div class=\"swiper-button-prev\">\r\n\t\t<div class=\"container_nav_prev\">\r\n\t\t\t<div class=\"nav_prev\">\r\n\t\t\t\t<span><\/span>\r\n\t\t\t<\/div>\r\n\t\t<\/div>\r\n\t<\/div>\r\n\t<div class=\"container_carousel_pictos-pagination\"><\/div>\r\n<\/div><\/div><\/div><\/div><\/div><\/div><\/div>","protected":false},"excerpt":{"rendered":"<p>Nos solutions pour le conditionnement de maquillage La diversit\u00e9 des produits de maquillage dynamise le secteur de la cosm\u00e9tique. Les [&hellip;]<\/p>\n","protected":false},"author":1,"featured_media":1017,"parent":695,"menu_order":0,"comment_status":"closed","ping_status":"closed","template":"","meta":{"content-type":"","footnotes":""},"class_list":["post-725","page","type-page","status-publish","has-post-thumbnail","hentry"],"_links":{"self":[{"href":"https:\/\/www.sacmo.com\/fr\/wp-json\/wp\/v2\/pages\/725","targetHints":{"allow":["GET"]}}],"collection":[{"href":"https:\/\/www.sacmo.com\/fr\/wp-json\/wp\/v2\/pages"}],"about":[{"href":"https:\/\/www.sacmo.com\/fr\/wp-json\/wp\/v2\/types\/page"}],"author":[{"embeddable":true,"href":"https:\/\/www.sacmo.com\/fr\/wp-json\/wp\/v2\/users\/1"}],"replies":[{"embeddable":true,"href":"https:\/\/www.sacmo.com\/fr\/wp-json\/wp\/v2\/comments?post=725"}],"version-history":[{"count":9,"href":"https:\/\/www.sacmo.com\/fr\/wp-json\/wp\/v2\/pages\/725\/revisions"}],"predecessor-version":[{"id":4319,"href":"https:\/\/www.sacmo.com\/fr\/wp-json\/wp\/v2\/pages\/725\/revisions\/4319"}],"up":[{"embeddable":true,"href":"https:\/\/www.sacmo.com\/fr\/wp-json\/wp\/v2\/pages\/695"}],"wp:featuredmedia":[{"embeddable":true,"href":"https:\/\/www.sacmo.com\/fr\/wp-json\/wp\/v2\/media\/1017"}],"wp:attachment":[{"href":"https:\/\/www.sacmo.com\/fr\/wp-json\/wp\/v2\/media?parent=725"}],"curies":[{"name":"wp","href":"https:\/\/api.w.org\/{rel}","templated":true}]}}