{"id":723,"date":"2021-02-25T15:30:29","date_gmt":"2021-02-25T14:30:29","guid":{"rendered":"http:\/\/www.sacmo.com\/?page_id=723"},"modified":"2023-03-07T14:53:05","modified_gmt":"2023-03-07T13:53:05","slug":"parfums","status":"publish","type":"page","link":"https:\/\/www.sacmo.com\/fr\/nos-solutions-de-conditionnement\/parfums\/","title":{"rendered":"Parfums"},"content":{"rendered":"<div id=\"pl-723\"  class=\"panel-layout\" ><div id=\"pg-723-0\"  class=\"panel-grid panel-has-style\" ><div class=\"panel-row-style panel-row-style-for-723-0\" ><div id=\"pgc-723-0-0\"  class=\"panel-grid-cell\" ><div id=\"panel-723-0-0-0\" class=\"so-panel widget widget_smartheme_titre_widget panel-first-child\" data-index=\"0\" ><div\n\t\t\t\n\t\t\tclass=\"so-widget-smartheme_titre_widget so-widget-smartheme_titre_widget-default-d75171398898-723\"\n\t\t\t\n\t\t><div class=\"container_titre center\">\n\t<div class=\"titre\">\n\t\t\t\t<h2>Nos solutions pour le conditionnement de parfums<\/h2>\n\t<\/div>\n\t<\/div><\/div><\/div><div id=\"panel-723-0-0-1\" class=\"so-panel widget widget_editeur panel-last-child\" data-index=\"1\" ><div\n\t\t\t\n\t\t\tclass=\"so-widget-editeur so-widget-editeur-base\"\n\t\t\t\n\t\t>\t<div class=\"smarttheme_editeur column_text\">\n\t<p><span style=\"font-size: 13pt;\">En parfumerie, chaque flacon est con\u00e7u comme un \u00e9crin pour accueillir un jus qui d\u00e9livre un message olfactif unique. Le parfum est une association entre le contenant et le contenu qui vise \u00e0 conqu\u00e9rir le consommateur en faisant appel aux sens de la vue, du toucher et de l\u2019odorat. Si le verre est le mat\u00e9riau le plus utilis\u00e9 en flaconnerie, il permet de nombreuses fantaisies de rev\u00eatements (aspect givr\u00e9, mat, d\u00e9poli etc.) et offre une possibilit\u00e9 quasi infinie dans le choix des formes. Le contenant doit conserver parfaitement le pr\u00e9cieux liquide, l\u2019\u00e9tape de fermeture est donc essentielle. Parmi les composants qui existent pour fermer les flacons, il y a les pompes \u00e0 claquer, les pompes \u00e0 sertir ou encore les bouchons \u00e0 visser. Des frettes d\u00e9coratives peuvent \u00e9galement \u00eatre ajout\u00e9es pour sublimer le parfum.<\/span><\/p>\n<p><span style=\"font-size: 13pt;\">Le soin apport\u00e9 aux op\u00e9rations de conditionnement doit ainsi \u00eatre \u00e0 la hauteur de la qualit\u00e9 exig\u00e9e par vos clients. De l\u2019\u00e9chantillon aux formats sp\u00e9ciaux, SACMO vous propose des solutions sur-mesure pour le conditionnement de parfums. SACMO a con\u00e7u une gamme de machines vous permettant de composer votre ligne compl\u00e8te de parfums.<\/span><\/p>\n<\/div>\n<\/div><\/div><\/div><\/div><\/div><div id=\"pg-723-1\"  class=\"panel-grid panel-has-style\" ><div class=\"panel-row-style panel-row-style-for-723-1\" ><div id=\"pgc-723-1-0\"  class=\"panel-grid-cell\" ><div id=\"panel-723-1-0-0\" class=\"so-panel widget widget_smartheme_titre_widget panel-first-child\" data-index=\"2\" ><div\n\t\t\t\n\t\t\tclass=\"so-widget-smartheme_titre_widget so-widget-smartheme_titre_widget-default-d75171398898-723\"\n\t\t\t\n\t\t><div class=\"container_titre left\">\n\t<div class=\"titre\">\n\t\t\t\t<h2>Applications<\/h2>\n\t<\/div>\n\t<\/div><\/div><\/div><div id=\"panel-723-1-0-1\" class=\"so-panel widget widget_editeur panel-last-child\" data-index=\"3\" ><div\n\t\t\t\n\t\t\tclass=\"so-widget-editeur so-widget-editeur-base\"\n\t\t\t\n\t\t>\t\t\t<div class=\"smarttheme_editeur\">\n\t\t<ul>\n<li><span style=\"font-size: 16px;\">Eau de parfum<\/span><\/li>\n<li><span style=\"font-size: 16px;\">Eau de toilette<\/span><\/li>\n<li><span style=\"font-size: 16px;\">Echantillon<\/span><\/li>\n<li><span style=\"font-size: 16px;\">Miniatures<\/span><\/li>\n<li><span style=\"font-size: 16px;\">Brume parfum\u00e9e<\/span><\/li>\n<li><span style=\"font-size: 16px;\">Parfum d\u2019int\u00e9rieur<\/span><\/li>\n<\/ul>\n<\/div>\n<\/div><\/div><\/div><div id=\"pgc-723-1-1\"  class=\"panel-grid-cell\" ><div id=\"panel-723-1-1-0\" class=\"so-panel widget widget_smart-image panel-first-child panel-last-child\" data-index=\"4\" ><div\n\t\t\t\n\t\t\tclass=\"so-widget-smart-image so-widget-smart-image-default-40cd750bba98-723\"\n\t\t\t\n\t\t><a href=\"https:\/\/www.sacmo.com\/fr\/nos-machines-de-conditionnement\/manipulateur-de-capot\/manipulateur-vissage-bouchage\/\"><div class=\"sow-image-container\">\n\t<div class=\"containerSmartImage center-center  filtre ajuster\"><div class=\"chargementSmartImage\"><div class=\"containerLoader\"><div class=\"loader\"><\/div><\/div><\/div><div style=\"background-image: linear-gradient(rgba(0,0,0,0) calc(100% - 40px), #b91b1d 0), url(https:\/\/www.sacmo.com\/fr\/wp-content\/uploads\/2021\/03\/02-Visseuse-parfum-scaled-1-768x432.jpg);\" class=\"filtre smartImage carre \"><\/div><\/div>\t<\/div>\n\n<\/a><\/div><\/div><\/div><\/div><\/div><div id=\"pg-723-2\"  class=\"panel-grid panel-has-style\" ><div class=\"panel-row-style panel-row-style-for-723-2\" ><div id=\"pgc-723-2-0\"  class=\"panel-grid-cell\" ><div id=\"panel-723-2-0-0\" class=\"so-panel widget widget_smartheme_titre_widget panel-first-child\" data-index=\"5\" ><div\n\t\t\t\n\t\t\tclass=\"so-widget-smartheme_titre_widget so-widget-smartheme_titre_widget-default-d75171398898-723\"\n\t\t\t\n\t\t><div class=\"container_titre left\">\n\t<div class=\"titre\">\n\t\t\t\t<h3>D\u00e9couvrez nos solutions sp\u00e9ciales parfums<\/h3>\n\t<\/div>\n\t<\/div><\/div><\/div><div id=\"panel-723-2-0-1\" class=\"so-panel widget widget_vignettes-solutions panel-last-child\" data-index=\"6\" ><div\n\t\t\t\n\t\t\tclass=\"so-widget-vignettes-solutions so-widget-vignettes-solutions-default-40cd750bba98-723\"\n\t\t\t\n\t\t><div class=\"container_vignettes_solutions\">\r\n\t<div class=\"swiper-container\">\r\n\t\t<div class=\"swiper-wrapper\">\t\r\n\t\t\t\t\t\t<div class=\"container_vignette swiper-slide\">\r\n\t\t\t\t\t\t\t\t\t<a href=\"https:\/\/www.sacmo.com\/fr\/nos-machines-de-conditionnement\/distributeurs\/\" >\r\n\t\t\t\t\t\t<div class=\"vignette\" style=\"background-image: url(https:\/\/www.sacmo.com\/fr\/wp-content\/uploads\/2021\/04\/sacmo_mise_en_godet-1-768x432.png)\">\r\n\t\t\t<\/div>\r\n\t\t\t<div class=\"container_texte\">\r\n\t\t\t\t\t\t\t\t\t<div class=\"container_titre \" >\r\n\t\t\t\t\t\t<span>Distribution<\/span>\r\n\t\t\t\t\t<\/div>\r\n\t\t\t\t\t\t\t\t\t\t\t\t\t<div class=\"container_description \">\r\n\t\t\t\t\t\t<p>Nos solutions pour faire entrer les flacons et les capots sur la ligne de conditionnement et alimenter automatiquement les machines en aval.<\/p>\r\n\t\t\t\t\t<\/div>\r\n\t\t\t\t\t\t\t<\/div>\r\n\t\t\t\t\t\t\t<div class=\"container_button \">\r\n\t\t\t\t\t<div class=\"button\">\r\n\t\t\t\t\t\t<span>\r\n\t\t\t\t\t\t\tEn savoir plus\t\t\t\t\t\t<\/span>\r\n\t\t\t\t\t<\/div>\r\n\t\t\t\t<\/div>\r\n\t\t\t\t\t\t\t\t\t<\/a>\r\n\t\t\t\t\t<\/div>\r\n\t\t\t\t\t\t<div class=\"container_vignette swiper-slide\">\r\n\t\t\t\t\t\t\t\t\t<a href=\"https:\/\/www.sacmo.com\/fr\/nos-machines-de-conditionnement\/remplisseuses\/\" >\r\n\t\t\t\t\t\t<div class=\"vignette\" style=\"background-image: url(https:\/\/www.sacmo.com\/fr\/wp-content\/uploads\/2021\/04\/manipulateur_boucheuse_sacmo-1-768x480.jpg)\">\r\n\t\t\t<\/div>\r\n\t\t\t<div class=\"container_texte\">\r\n\t\t\t\t\t\t\t\t\t<div class=\"container_titre \" >\r\n\t\t\t\t\t\t<span>Remplissage<\/span>\r\n\t\t\t\t\t<\/div>\r\n\t\t\t\t\t\t\t\t\t\t\t\t\t<div class=\"container_description \">\r\n\t\t\t\t\t\t<p>Nous concevons des machines sur-mesure pour le conditionnement de flacons int\u00e9grant des fonctions de remplissage, de vissage ou de bouchage, de marquage laser ou d\u2019autres options.<\/p>\r\n\t\t\t\t\t<\/div>\r\n\t\t\t\t\t\t\t<\/div>\r\n\t\t\t\t\t\t\t<div class=\"container_button \">\r\n\t\t\t\t\t<div class=\"button\">\r\n\t\t\t\t\t\t<span>\r\n\t\t\t\t\t\t\tEn savoir plus\t\t\t\t\t\t<\/span>\r\n\t\t\t\t\t<\/div>\r\n\t\t\t\t<\/div>\r\n\t\t\t\t\t\t\t\t\t<\/a>\r\n\t\t\t\t\t<\/div>\r\n\t\t\t\t\t\t<div class=\"container_vignette swiper-slide\">\r\n\t\t\t\t\t\t\t\t\t<a href=\"https:\/\/www.sacmo.com\/fr\/nos-machines-de-conditionnement\/etiqueteuses\/\" >\r\n\t\t\t\t\t\t<div class=\"vignette\" style=\"background-image: url(https:\/\/www.sacmo.com\/fr\/wp-content\/uploads\/2021\/04\/sacmo_solution_etiquetage-1-768x614.png)\">\r\n\t\t\t<\/div>\r\n\t\t\t<div class=\"container_texte\">\r\n\t\t\t\t\t\t\t\t\t<div class=\"container_titre \" >\r\n\t\t\t\t\t\t<span>\u00c9tiquetage<\/span>\r\n\t\t\t\t\t<\/div>\r\n\t\t\t\t\t\t\t\t\t\t\t\t\t<div class=\"container_description \">\r\n\t\t\t\t\t\t<p>D\u00e9corer vos flacons gr\u00e2ce avec nos \u00e9tiqueteuses.<\/p>\r\n\t\t\t\t\t<\/div>\r\n\t\t\t\t\t\t\t<\/div>\r\n\t\t\t\t\t\t\t<div class=\"container_button \">\r\n\t\t\t\t\t<div class=\"button\">\r\n\t\t\t\t\t\t<span>\r\n\t\t\t\t\t\t\tEn savoir plus\t\t\t\t\t\t<\/span>\r\n\t\t\t\t\t<\/div>\r\n\t\t\t\t<\/div>\r\n\t\t\t\t\t\t\t\t\t<\/a>\r\n\t\t\t\t\t<\/div>\r\n\t\t\t\t\t\t<div class=\"container_vignette swiper-slide\">\r\n\t\t\t\t\t\t\t\t\t<a href=\"https:\/\/www.sacmo.com\/fr\/nos-machines-de-conditionnement\/marqueurs-laser\/\" >\r\n\t\t\t\t\t\t<div class=\"vignette\" style=\"background-image: url(https:\/\/www.sacmo.com\/fr\/wp-content\/uploads\/2021\/04\/module_de_marquage_lazer_et_etiquetage_sacmo-1.png-1-768x432.png)\">\r\n\t\t\t<\/div>\r\n\t\t\t<div class=\"container_texte\">\r\n\t\t\t\t\t\t\t\t\t<div class=\"container_titre \" >\r\n\t\t\t\t\t\t<span>Tra\u00e7abilit\u00e9<\/span>\r\n\t\t\t\t\t<\/div>\r\n\t\t\t\t\t\t\t\t\t\t\t\t\t<div class=\"container_description \">\r\n\t\t\t\t\t\t<p>Int\u00e9grez des machines d\u2019\u00e9tiquetage ou de marquage laser pour tracer vos produits.<\/p>\r\n\t\t\t\t\t<\/div>\r\n\t\t\t\t\t\t\t<\/div>\r\n\t\t\t\t\t\t\t<div class=\"container_button \">\r\n\t\t\t\t\t<div class=\"button\">\r\n\t\t\t\t\t\t<span>\r\n\t\t\t\t\t\t\tEn savoir plus\t\t\t\t\t\t<\/span>\r\n\t\t\t\t\t<\/div>\r\n\t\t\t\t<\/div>\r\n\t\t\t\t\t\t\t\t\t<\/a>\r\n\t\t\t\t\t<\/div>\r\n\t\t\t\t\t\t<div class=\"container_vignette swiper-slide\">\r\n\t\t\t\t\t\t\t\t\t<a href=\"https:\/\/www.sacmo.com\/fr\/machines-de-conditionnement\/\" >\r\n\t\t\t\t\t\t<div class=\"vignette\" style=\"background-image: url(https:\/\/www.sacmo.com\/fr\/wp-content\/uploads\/2021\/04\/Ligne-de-conitionnement-pour-flacons-Ligne-1-pour-site-internet-1-768x468.png)\">\r\n\t\t\t<\/div>\r\n\t\t\t<div class=\"container_texte\">\r\n\t\t\t\t\t\t\t\t\t<div class=\"container_titre \" >\r\n\t\t\t\t\t\t<span>Mise en \u00e9tui et cellophanage<\/span>\r\n\t\t\t\t\t<\/div>\r\n\t\t\t\t\t\t\t\t\t\t\t\t\t<div class=\"container_description \">\r\n\t\t\t\t\t\t<p>Un savoir-faire in\u00e9gal\u00e9 dans le r\u00e9trofit d\u2019encartonneuses, d\u2019\u00e9tuyeuses et de cellophaneuses.<\/p>\r\n\t\t\t\t\t<\/div>\r\n\t\t\t\t\t\t\t<\/div>\r\n\t\t\t\t\t\t\t<div class=\"container_button \">\r\n\t\t\t\t\t<div class=\"button\">\r\n\t\t\t\t\t\t<span>\r\n\t\t\t\t\t\t\tEn savoir plus\t\t\t\t\t\t<\/span>\r\n\t\t\t\t\t<\/div>\r\n\t\t\t\t<\/div>\r\n\t\t\t\t\t\t\t\t\t<\/a>\r\n\t\t\t\t\t<\/div>\r\n\t\t\t\t\t\t<div class=\"container_vignette swiper-slide\">\r\n\t\t\t\t\t\t\t\t\t<a href=\"https:\/\/www.sacmo.com\/fr\/nos-machines-de-conditionnement\/encaisseuses\/\" >\r\n\t\t\t\t\t\t<div class=\"vignette\" style=\"background-image: url(https:\/\/www.sacmo.com\/fr\/wp-content\/uploads\/2021\/04\/008-ENCAISSEUSE-PAR-ROBOT-COLLABORATIF-1-768x594.png)\">\r\n\t\t\t<\/div>\r\n\t\t\t<div class=\"container_texte\">\r\n\t\t\t\t\t\t\t\t\t<div class=\"container_titre \" >\r\n\t\t\t\t\t\t<span>Encaissage<\/span>\r\n\t\t\t\t\t<\/div>\r\n\t\t\t\t\t\t\t\t\t\t\t\t\t<div class=\"container_description \">\r\n\t\t\t\t\t\t<p>Semi-automatique ou robotis\u00e9e, choisissez la solution de mise en caisse qui vous correspond.<\/p>\r\n\t\t\t\t\t<\/div>\r\n\t\t\t\t\t\t\t<\/div>\r\n\t\t\t\t\t\t\t<div class=\"container_button \">\r\n\t\t\t\t\t<div class=\"button\">\r\n\t\t\t\t\t\t<span>\r\n\t\t\t\t\t\t\tEn savoir plus\t\t\t\t\t\t<\/span>\r\n\t\t\t\t\t<\/div>\r\n\t\t\t\t<\/div>\r\n\t\t\t\t\t\t\t\t\t<\/a>\r\n\t\t\t\t\t<\/div>\r\n\t\t\t\t\t\t<div class=\"container_vignette swiper-slide\">\r\n\t\t\t\t\t\t\t\t\t<a href=\"https:\/\/www.sacmo.com\/fr\/nos-machines-de-conditionnement\/palettiseurs\/\" >\r\n\t\t\t\t\t\t<div class=\"vignette\" style=\"background-image: url(https:\/\/www.sacmo.com\/fr\/wp-content\/uploads\/2021\/04\/sacmo_solution_palettisation-1-768x432.jpg)\">\r\n\t\t\t<\/div>\r\n\t\t\t<div class=\"container_texte\">\r\n\t\t\t\t\t\t\t\t\t<div class=\"container_titre \" >\r\n\t\t\t\t\t\t<span>Palettisation<\/span>\r\n\t\t\t\t\t<\/div>\r\n\t\t\t\t\t\t\t\t\t\t\t\t\t<div class=\"container_description \">\r\n\t\t\t\t\t\t<p>Qu\u2019ils soient robotis\u00e9s ou collaboratifs, nos palettiseurs s\u2019adaptent \u00e0 vos besoins.<\/p>\r\n\t\t\t\t\t<\/div>\r\n\t\t\t\t\t\t\t<\/div>\r\n\t\t\t\t\t\t\t<div class=\"container_button \">\r\n\t\t\t\t\t<div class=\"button\">\r\n\t\t\t\t\t\t<span>\r\n\t\t\t\t\t\t\tEn savoir plus\t\t\t\t\t\t<\/span>\r\n\t\t\t\t\t<\/div>\r\n\t\t\t\t<\/div>\r\n\t\t\t\t\t\t\t\t\t<\/a>\r\n\t\t\t\t\t<\/div>\r\n\t\t\t\t\t\t<div class=\"container_vignette swiper-slide\">\r\n\t\t\t\t\t\t\t\t\t<a href=\"https:\/\/www.sacmo.com\/fr\/convoyeurs\" >\r\n\t\t\t\t\t\t<div class=\"vignette\" style=\"background-image: url(https:\/\/www.sacmo.com\/fr\/wp-content\/uploads\/2021\/04\/sacmo_solution_gestion_flux-1-768x432.png)\">\r\n\t\t\t<\/div>\r\n\t\t\t<div class=\"container_texte\">\r\n\t\t\t\t\t\t\t\t\t<div class=\"container_titre \" >\r\n\t\t\t\t\t\t<span>Gestion des flux<\/span>\r\n\t\t\t\t\t<\/div>\r\n\t\t\t\t\t\t\t\t\t\t\t\t\t<div class=\"container_description \">\r\n\t\t\t\t\t\t<p>Nous r\u00e9alisons des ensembles de convoyeurs sur-mesure pour optimiser vos flux de produits sur la ligne.<\/p>\r\n\t\t\t\t\t<\/div>\r\n\t\t\t\t\t\t\t<\/div>\r\n\t\t\t\t\t\t\t<div class=\"container_button \">\r\n\t\t\t\t\t<div class=\"button\">\r\n\t\t\t\t\t\t<span>\r\n\t\t\t\t\t\t\tEn savoir plus\t\t\t\t\t\t<\/span>\r\n\t\t\t\t\t<\/div>\r\n\t\t\t\t<\/div>\r\n\t\t\t\t\t\t\t\t\t<\/a>\r\n\t\t\t\t\t<\/div>\r\n\t\t\t\t<\/div>\r\n\t<\/div>\r\n\t<div class=\"swiper-button-next\">\r\n\t\t<div class=\"container_nav_next\">\r\n\t\t\t<div class=\"nav_next\">\r\n\t\t\t\t<span><\/span>\r\n\t\t\t<\/div>\r\n\t\t<\/div>\r\n\t<\/div>\r\n\t<div class=\"swiper-button-prev\">\r\n\t\t<div class=\"container_nav_prev\">\r\n\t\t\t<div class=\"nav_prev\">\r\n\t\t\t\t<span><\/span>\r\n\t\t\t<\/div>\r\n\t\t<\/div>\r\n\t<\/div>\r\n\t<div class=\"container_vignettes-pagination\"><\/div>\r\n<\/div><\/div><\/div><\/div><\/div><\/div><div id=\"pg-723-3\"  class=\"panel-grid panel-has-style\" ><div class=\"panel-row-style panel-row-style-for-723-3\" ><div id=\"pgc-723-3-0\"  class=\"panel-grid-cell\" ><div id=\"panel-723-3-0-0\" class=\"so-panel widget widget_smartheme_titre_widget panel-first-child\" data-index=\"7\" ><div\n\t\t\t\n\t\t\tclass=\"so-widget-smartheme_titre_widget so-widget-smartheme_titre_widget-default-d75171398898-723\"\n\t\t\t\n\t\t><div class=\"container_titre left\">\n\t<div class=\"titre\">\n\t\t\t\t<h3>Nos services compl\u00e9mentaires<\/h3>\n\t<\/div>\n\t<\/div><\/div><\/div><div id=\"panel-723-3-0-1\" class=\"so-panel widget widget_smarttheme_carousel_pictos_widget panel-last-child\" data-index=\"8\" ><div\n\t\t\t\n\t\t\tclass=\"so-widget-smarttheme_carousel_pictos_widget so-widget-smarttheme_carousel_pictos_widget-default-d75171398898-723\"\n\t\t\t\n\t\t><div class=\"container_carousel_pictos\">\r\n\t\t<div class=\"swiper-container  \">\r\n\t\t<div class=\"swiper-wrapper\">\t\r\n\t\t\t\t\t\t\t\t<div class=\"container_picto_titre swiper-slide\">\r\n\t\t\t\t\t\t\t\t\t\t\t\t<a href=\"https:\/\/www.sacmo.com\/fr\/services-et-support\/retrofit\/\">\r\n\t\t\t\t\t\t\t\t<div class=\"container_picto\">\r\n\t\t\t\t\t<div class=\"picto\" style=\"background-image: url(https:\/\/www.sacmo.com\/fr\/wp-content\/uploads\/2020\/12\/retrofit_complet-1.svg)\"><\/div>\r\n\t\t\t\t<\/div>\r\n\t\t\t\t<div class=\"container_titre\">\r\n\t\t\t\t\t<span class=\"titre\">RETROFIT<\/span>\r\n\t\t\t\t<\/div>\r\n\t\t\t\t\t\t\t\t\t<div class=\"container_description\">\r\n\t\t\t\t\t\t<p class=\"description\">SACMO propose aussi de r\u00e9nover des machines de conditionnement.<\/p>\r\n\t\t\t\t\t<\/div>\r\n\t\t\t\t\t\t\t\t\t\t\t\t<\/a>\r\n\t\t\t\t\t\t\t<\/div>\r\n\t\t\t\t\t\t\t\t<div class=\"container_picto_titre swiper-slide\">\r\n\t\t\t\t\t\t\t\t\t\t\t\t<a href=\"https:\/\/www.sacmo.com\/fr\/services-et-support\/outillages-et-pieces-de-format\/\">\r\n\t\t\t\t\t\t\t\t<div class=\"container_picto\">\r\n\t\t\t\t\t<div class=\"picto\" style=\"background-image: url(https:\/\/www.sacmo.com\/fr\/wp-content\/uploads\/2020\/08\/outillage_et_pieces-1.svg)\"><\/div>\r\n\t\t\t\t<\/div>\r\n\t\t\t\t<div class=\"container_titre\">\r\n\t\t\t\t\t<span class=\"titre\">OUTILLAGES <br \/>\nET PIECES DE FORMAT<\/span>\r\n\t\t\t\t<\/div>\r\n\t\t\t\t\t\t\t\t\t<div class=\"container_description\">\r\n\t\t\t\t\t\t<p class=\"description\">Nous concevons et r\u00e9alisons des outillages complets pour vos machines de conditionnement.<\/p>\r\n\t\t\t\t\t<\/div>\r\n\t\t\t\t\t\t\t\t\t\t\t\t<\/a>\r\n\t\t\t\t\t\t\t<\/div>\r\n\t\t\t\t\t\t\t\t<div class=\"container_picto_titre swiper-slide\">\r\n\t\t\t\t\t\t\t\t\t\t\t\t<a href=\"https:\/\/www.sacmo.com\/fr\/services-et-support\/demenagement-transfert-industriel\/\">\r\n\t\t\t\t\t\t\t\t<div class=\"container_picto\">\r\n\t\t\t\t\t<div class=\"picto\" style=\"background-image: url(https:\/\/www.sacmo.com\/fr\/wp-content\/uploads\/2020\/08\/demenagement_de_lignes-1.svg)\"><\/div>\r\n\t\t\t\t<\/div>\r\n\t\t\t\t<div class=\"container_titre\">\r\n\t\t\t\t\t<span class=\"titre\">D\u00c9M\u00c9NAGEMENT DE LIGNES <br \/>\nDE CONDITIONNEMENT<\/span>\r\n\t\t\t\t<\/div>\r\n\t\t\t\t\t\t\t\t\t<div class=\"container_description\">\r\n\t\t\t\t\t\t<p class=\"description\">Nous effectuons vos transferts de lignes intra ou inter-sites, en France et \u00e0 l\u2019\u00e9tranger.<\/p>\r\n\t\t\t\t\t<\/div>\r\n\t\t\t\t\t\t\t\t\t\t\t\t<\/a>\r\n\t\t\t\t\t\t\t<\/div>\r\n\t\t\t\r\n\t\t<\/div>\r\n\t<\/div>\r\n\t<div class=\"swiper-button-next\">\r\n\t\t<div class=\"container_nav_next\">\r\n\t\t\t<div class=\"nav_next\">\r\n\t\t\t\t<span><\/span>\r\n\t\t\t<\/div>\r\n\t\t<\/div>\r\n\t<\/div>\r\n\t<div class=\"swiper-button-prev\">\r\n\t\t<div class=\"container_nav_prev\">\r\n\t\t\t<div class=\"nav_prev\">\r\n\t\t\t\t<span><\/span>\r\n\t\t\t<\/div>\r\n\t\t<\/div>\r\n\t<\/div>\r\n\t<div class=\"container_carousel_pictos-pagination\"><\/div>\r\n<\/div><\/div><\/div><\/div><\/div><\/div><\/div>","protected":false},"excerpt":{"rendered":"<p>Nos solutions pour le conditionnement de parfums En parfumerie, chaque flacon est con\u00e7u comme un \u00e9crin pour accueillir un jus [&hellip;]<\/p>\n","protected":false},"author":1,"featured_media":1089,"parent":695,"menu_order":0,"comment_status":"closed","ping_status":"closed","template":"","meta":{"content-type":"","footnotes":""},"class_list":["post-723","page","type-page","status-publish","has-post-thumbnail","hentry"],"_links":{"self":[{"href":"https:\/\/www.sacmo.com\/fr\/wp-json\/wp\/v2\/pages\/723","targetHints":{"allow":["GET"]}}],"collection":[{"href":"https:\/\/www.sacmo.com\/fr\/wp-json\/wp\/v2\/pages"}],"about":[{"href":"https:\/\/www.sacmo.com\/fr\/wp-json\/wp\/v2\/types\/page"}],"author":[{"embeddable":true,"href":"https:\/\/www.sacmo.com\/fr\/wp-json\/wp\/v2\/users\/1"}],"replies":[{"embeddable":true,"href":"https:\/\/www.sacmo.com\/fr\/wp-json\/wp\/v2\/comments?post=723"}],"version-history":[{"count":13,"href":"https:\/\/www.sacmo.com\/fr\/wp-json\/wp\/v2\/pages\/723\/revisions"}],"predecessor-version":[{"id":4318,"href":"https:\/\/www.sacmo.com\/fr\/wp-json\/wp\/v2\/pages\/723\/revisions\/4318"}],"up":[{"embeddable":true,"href":"https:\/\/www.sacmo.com\/fr\/wp-json\/wp\/v2\/pages\/695"}],"wp:featuredmedia":[{"embeddable":true,"href":"https:\/\/www.sacmo.com\/fr\/wp-json\/wp\/v2\/media\/1089"}],"wp:attachment":[{"href":"https:\/\/www.sacmo.com\/fr\/wp-json\/wp\/v2\/media?parent=723"}],"curies":[{"name":"wp","href":"https:\/\/api.w.org\/{rel}","templated":true}]}}