{"id":719,"date":"2021-02-25T15:29:54","date_gmt":"2021-02-25T14:29:54","guid":{"rendered":"http:\/\/www.sacmo.com\/?page_id=719"},"modified":"2023-03-07T14:28:32","modified_gmt":"2023-03-07T13:28:32","slug":"pots","status":"publish","type":"page","link":"https:\/\/www.sacmo.com\/fr\/nos-solutions-de-conditionnement\/pots-cosmetiques\/","title":{"rendered":"Pots"},"content":{"rendered":"<div id=\"pl-719\"  class=\"panel-layout\" ><div id=\"pg-719-0\"  class=\"panel-grid panel-has-style\" ><div class=\"panel-row-style panel-row-style-for-719-0\" ><div id=\"pgc-719-0-0\"  class=\"panel-grid-cell\" ><div id=\"panel-719-0-0-0\" class=\"so-panel widget widget_smartheme_titre_widget panel-first-child\" data-index=\"0\" ><div\n\t\t\t\n\t\t\tclass=\"so-widget-smartheme_titre_widget so-widget-smartheme_titre_widget-default-d75171398898-719\"\n\t\t\t\n\t\t><div class=\"container_titre center\">\n\t<div class=\"titre\">\n\t\t\t\t<h2>Nos solutions pour le conditionnement de pots<\/h2>\n\t<\/div>\n\t<\/div><\/div><\/div><div id=\"panel-719-0-0-1\" class=\"so-panel widget widget_editeur panel-last-child\" data-index=\"1\" ><div\n\t\t\t\n\t\t\tclass=\"so-widget-editeur so-widget-editeur-base\"\n\t\t\t\n\t\t>\t<div class=\"smarttheme_editeur column_text\">\n\t<p><span style=\"font-size: 13pt;\">Le pot est un article de conditionnement intemporel dans les secteurs de la cosm\u00e9tique, de l\u2019hygi\u00e8ne corporelle et de la parapharmacie. R\u00e9sistant et esth\u00e9tique, le pot se d\u00e9cline en diff\u00e9rentes formes et mati\u00e8res, il convient particuli\u00e8rement au conditionnement de produit p\u00e2teux tels que les cr\u00e8mes. De nombreuses options de configurations sont propos\u00e9es pour vous permettre de cr\u00e9er un pot \u00e0 votre image. Par vos choix de mati\u00e8re, de d\u00e9cor, de couvercle et d\u2019opercule, le pot devient bien plus qu\u2019un contenant, il est le reflet de votre marque et sublime votre produit. Pour toutes les op\u00e9rations de conditionnement, SACMO propose des machines et des solutions pr\u00e9servant la qualit\u00e9 de vos produits et de leurs contenants.<\/span><\/p>\n<p><span style=\"font-size: 13pt;\">Du d\u00e9but \u00e0 la fin de ligne, SACMO a d\u00e9velopp\u00e9 des machines sp\u00e9cialement con\u00e7ues pour le conditionnement de pots. Enti\u00e8rement automatiques, nos machines int\u00e8grent les meilleures technologies pour vous apporter un maximum de performances.<\/span><\/p>\n<\/div>\n<\/div><\/div><\/div><\/div><\/div><div id=\"pg-719-1\"  class=\"panel-grid panel-has-style\" ><div class=\"panel-row-style panel-row-style-for-719-1\" ><div id=\"pgc-719-1-0\"  class=\"panel-grid-cell\" ><div id=\"panel-719-1-0-0\" class=\"so-panel widget widget_smartheme_titre_widget panel-first-child\" data-index=\"2\" ><div\n\t\t\t\n\t\t\tclass=\"so-widget-smartheme_titre_widget so-widget-smartheme_titre_widget-default-d75171398898-719\"\n\t\t\t\n\t\t><div class=\"container_titre left\">\n\t<div class=\"titre\">\n\t\t\t\t<h2>Applications<\/h2>\n\t<\/div>\n\t<\/div><\/div><\/div><div id=\"panel-719-1-0-1\" class=\"so-panel widget widget_editeur panel-last-child\" data-index=\"3\" ><div\n\t\t\t\n\t\t\tclass=\"so-widget-editeur so-widget-editeur-base\"\n\t\t\t\n\t\t>\t\t\t<div class=\"smarttheme_editeur\">\n\t\t<ul>\n<li><span style=\"font-size: 16px;\">Cr\u00e8mes hydratantes<\/span><\/li>\n<li><span style=\"font-size: 16px;\">Soins pour le visage<\/span><\/li>\n<li><span style=\"font-size: 16px;\">Soins pour le corps<\/span><\/li>\n<li><span style=\"font-size: 16px;\">Maquillages<\/span><\/li>\n<li><span style=\"font-size: 16px;\">Soins capillaires<\/span><\/li>\n<li><span style=\"font-size: 16px;\">Gel coiffant<\/span><\/li>\n<li><span style=\"font-size: 16px;\">Cire coiffante<\/span><\/li>\n<\/ul>\n<\/div>\n<\/div><\/div><\/div><div id=\"pgc-719-1-1\"  class=\"panel-grid-cell\" ><div id=\"panel-719-1-1-0\" class=\"so-panel widget widget_smart-image panel-first-child panel-last-child\" data-index=\"4\" ><div\n\t\t\t\n\t\t\tclass=\"so-widget-smart-image so-widget-smart-image-default-40cd750bba98-719\"\n\t\t\t\n\t\t><a href=\"https:\/\/www.sacmo.com\/fr\/nos-machines-de-conditionnement\/remplisseuse\/remplisseuse-de-pots-rotative\/\"><div class=\"sow-image-container\">\n\t<div class=\"containerSmartImage center-bottom  filtre ajuster\"><div class=\"chargementSmartImage\"><div class=\"containerLoader\"><div class=\"loader\"><\/div><\/div><\/div><div style=\"background-image: linear-gradient(rgba(0,0,0,0) calc(100% - 40px), #b91b1d 0), url(https:\/\/www.sacmo.com\/fr\/wp-content\/uploads\/2021\/03\/Remplisseuse-Pots02-scaled-1-768x432.jpg);\" class=\"filtre smartImage carre \"><\/div><\/div>\t<\/div>\n\n<\/a><\/div><\/div><\/div><\/div><\/div><div id=\"pg-719-2\"  class=\"panel-grid panel-has-style\" ><div class=\"panel-row-style panel-row-style-for-719-2\" ><div id=\"pgc-719-2-0\"  class=\"panel-grid-cell\" ><div id=\"panel-719-2-0-0\" class=\"so-panel widget widget_smartheme_titre_widget panel-first-child\" data-index=\"5\" ><div\n\t\t\t\n\t\t\tclass=\"so-widget-smartheme_titre_widget so-widget-smartheme_titre_widget-default-d75171398898-719\"\n\t\t\t\n\t\t><div class=\"container_titre left\">\n\t<div class=\"titre\">\n\t\t\t\t<h3>D\u00e9couvrez nos solutions sp\u00e9ciales pots<\/h3>\n\t<\/div>\n\t<\/div><\/div><\/div><div id=\"panel-719-2-0-1\" class=\"so-panel widget widget_vignettes-solutions panel-last-child\" data-index=\"6\" ><div\n\t\t\t\n\t\t\tclass=\"so-widget-vignettes-solutions so-widget-vignettes-solutions-default-40cd750bba98-719\"\n\t\t\t\n\t\t><div class=\"container_vignettes_solutions\">\r\n\t<div class=\"swiper-container\">\r\n\t\t<div class=\"swiper-wrapper\">\t\r\n\t\t\t\t\t\t<div class=\"container_vignette swiper-slide\">\r\n\t\t\t\t\t\t\t\t\t<a href=\"https:\/\/www.sacmo.com\/fr\/nos-machines-de-conditionnement\/distributeurs\/depalettiseur2\/\" >\r\n\t\t\t\t\t\t<div class=\"vignette\" style=\"background-image: url(https:\/\/www.sacmo.com\/fr\/wp-content\/uploads\/2021\/04\/DEPALETTISEUR-2-1-768x432.png)\">\r\n\t\t\t<\/div>\r\n\t\t\t<div class=\"container_texte\">\r\n\t\t\t\t\t\t\t\t\t<div class=\"container_titre \" >\r\n\t\t\t\t\t\t<span>Distribution<\/span>\r\n\t\t\t\t\t<\/div>\r\n\t\t\t\t\t\t\t\t\t\t\t\t\t<div class=\"container_description \">\r\n\t\t\t\t\t\t<p>Nos solutions pour faire entrer les pots, les couvercles ou les topettes sur la ligne de conditionnement et alimenter automatiquement les machines en aval.<\/p>\r\n\t\t\t\t\t<\/div>\r\n\t\t\t\t\t\t\t<\/div>\r\n\t\t\t\t\t\t\t<div class=\"container_button \">\r\n\t\t\t\t\t<div class=\"button\">\r\n\t\t\t\t\t\t<span>\r\n\t\t\t\t\t\t\tEn savoir plus\t\t\t\t\t\t<\/span>\r\n\t\t\t\t\t<\/div>\r\n\t\t\t\t<\/div>\r\n\t\t\t\t\t\t\t\t\t<\/a>\r\n\t\t\t\t\t<\/div>\r\n\t\t\t\t\t\t<div class=\"container_vignette swiper-slide\">\r\n\t\t\t\t\t\t\t\t\t<a href=\"https:\/\/www.sacmo.com\/fr\/nos-machines-de-conditionnement\/remplisseuses\/\" >\r\n\t\t\t\t\t\t<div class=\"vignette\" style=\"background-image: url(https:\/\/www.sacmo.com\/fr\/wp-content\/uploads\/2021\/04\/remplisseuse_lineaire_sacmo-1-768x432.png)\">\r\n\t\t\t<\/div>\r\n\t\t\t<div class=\"container_texte\">\r\n\t\t\t\t\t\t\t\t\t<div class=\"container_titre \" >\r\n\t\t\t\t\t\t<span>Remplissage<\/span>\r\n\t\t\t\t\t<\/div>\r\n\t\t\t\t\t\t\t\t\t\t\t\t\t<div class=\"container_description \">\r\n\t\t\t\t\t\t<p>Nos remplisseuses peuvent conditionner jusqu\u2019\u00e0 120 pots par minute. Outre le transfert de produit dans leurs contenants, nos remplisseuses sont \u00e9quip\u00e9es de poste de nettoyage du contenant (soufflage et aspiration), de d\u00e9pose de topettes, de vissage et de marquage laser.<\/p>\r\n\t\t\t\t\t<\/div>\r\n\t\t\t\t\t\t\t<\/div>\r\n\t\t\t\t\t\t\t<div class=\"container_button \">\r\n\t\t\t\t\t<div class=\"button\">\r\n\t\t\t\t\t\t<span>\r\n\t\t\t\t\t\t\tEn savoir plus\t\t\t\t\t\t<\/span>\r\n\t\t\t\t\t<\/div>\r\n\t\t\t\t<\/div>\r\n\t\t\t\t\t\t\t\t\t<\/a>\r\n\t\t\t\t\t<\/div>\r\n\t\t\t\t\t\t<div class=\"container_vignette swiper-slide\">\r\n\t\t\t\t\t\t\t\t\t<a href=\"https:\/\/www.sacmo.com\/fr\/nos-machines-de-conditionnement\/marqueurs-laser\/\" >\r\n\t\t\t\t\t\t<div class=\"vignette\" style=\"background-image: url(https:\/\/www.sacmo.com\/fr\/wp-content\/uploads\/2021\/04\/module_de_marquage_lazer_et_etiquetage_sacmo-1.png-1-768x432.png)\">\r\n\t\t\t<\/div>\r\n\t\t\t<div class=\"container_texte\">\r\n\t\t\t\t\t\t\t\t\t<div class=\"container_titre \" >\r\n\t\t\t\t\t\t<span>Tra\u00e7abilit\u00e9<\/span>\r\n\t\t\t\t\t<\/div>\r\n\t\t\t\t\t\t\t\t\t\t\t\t\t<div class=\"container_description \">\r\n\t\t\t\t\t\t<p>Int\u00e9grez des machines d\u2019\u00e9tiquetage ou de marquage laser pour tracer vos produits.<\/p>\r\n\t\t\t\t\t<\/div>\r\n\t\t\t\t\t\t\t<\/div>\r\n\t\t\t\t\t\t\t<div class=\"container_button \">\r\n\t\t\t\t\t<div class=\"button\">\r\n\t\t\t\t\t\t<span>\r\n\t\t\t\t\t\t\tEn savoir plus\t\t\t\t\t\t<\/span>\r\n\t\t\t\t\t<\/div>\r\n\t\t\t\t<\/div>\r\n\t\t\t\t\t\t\t\t\t<\/a>\r\n\t\t\t\t\t<\/div>\r\n\t\t\t\t\t\t<div class=\"container_vignette swiper-slide\">\r\n\t\t\t\t\t\t\t\t\t<a href=\"https:\/\/www.sacmo.com\/fr\/services-et-support\/retrofit\/\" >\r\n\t\t\t\t\t\t<div class=\"vignette\" style=\"background-image: url(https:\/\/www.sacmo.com\/fr\/wp-content\/uploads\/2021\/04\/Ligne-de-conditionnement-tubes-Ligne-2-pour-site-internet-1-768x499.png)\">\r\n\t\t\t<\/div>\r\n\t\t\t<div class=\"container_texte\">\r\n\t\t\t\t\t\t\t\t\t<div class=\"container_titre \" >\r\n\t\t\t\t\t\t<span>Mise en \u00e9tui et cellophanage<\/span>\r\n\t\t\t\t\t<\/div>\r\n\t\t\t\t\t\t\t\t\t\t\t\t\t<div class=\"container_description \">\r\n\t\t\t\t\t\t<p>Un savoir-faire in\u00e9gal\u00e9 dans le r\u00e9trofit d\u2019encartonneuses, d\u2019\u00e9tuyeuses et de cellophaneuses.<\/p>\r\n\t\t\t\t\t<\/div>\r\n\t\t\t\t\t\t\t<\/div>\r\n\t\t\t\t\t\t\t<div class=\"container_button \">\r\n\t\t\t\t\t<div class=\"button\">\r\n\t\t\t\t\t\t<span>\r\n\t\t\t\t\t\t\tEn savoir plus\t\t\t\t\t\t<\/span>\r\n\t\t\t\t\t<\/div>\r\n\t\t\t\t<\/div>\r\n\t\t\t\t\t\t\t\t\t<\/a>\r\n\t\t\t\t\t<\/div>\r\n\t\t\t\t\t\t<div class=\"container_vignette swiper-slide\">\r\n\t\t\t\t\t\t\t\t\t<a href=\"https:\/\/www.sacmo.com\/fr\/nos-machines-de-conditionnement\/encaisseuses\/\" >\r\n\t\t\t\t\t\t<div class=\"vignette\" style=\"background-image: url(https:\/\/www.sacmo.com\/fr\/wp-content\/uploads\/2021\/04\/sacmo_solution_encaissage-1-768x432.png)\">\r\n\t\t\t<\/div>\r\n\t\t\t<div class=\"container_texte\">\r\n\t\t\t\t\t\t\t\t\t<div class=\"container_titre \" >\r\n\t\t\t\t\t\t<span>Encaissage<\/span>\r\n\t\t\t\t\t<\/div>\r\n\t\t\t\t\t\t\t\t\t\t\t\t\t<div class=\"container_description \">\r\n\t\t\t\t\t\t<p>Semi-automatique ou robotis\u00e9e, choisissez la solution de mise en caisse qui vous correspond.<\/p>\r\n\t\t\t\t\t<\/div>\r\n\t\t\t\t\t\t\t<\/div>\r\n\t\t\t\t\t\t\t<div class=\"container_button \">\r\n\t\t\t\t\t<div class=\"button\">\r\n\t\t\t\t\t\t<span>\r\n\t\t\t\t\t\t\tEn savoir plus\t\t\t\t\t\t<\/span>\r\n\t\t\t\t\t<\/div>\r\n\t\t\t\t<\/div>\r\n\t\t\t\t\t\t\t\t\t<\/a>\r\n\t\t\t\t\t<\/div>\r\n\t\t\t\t\t\t<div class=\"container_vignette swiper-slide\">\r\n\t\t\t\t\t\t\t\t\t<a href=\"https:\/\/www.sacmo.com\/fr\/nos-machines-de-conditionnement\/palettiseurs\/\" >\r\n\t\t\t\t\t\t<div class=\"vignette\" style=\"background-image: url(https:\/\/www.sacmo.com\/fr\/wp-content\/uploads\/2021\/04\/sacmo_solution_palettisation-1-768x432.jpg)\">\r\n\t\t\t<\/div>\r\n\t\t\t<div class=\"container_texte\">\r\n\t\t\t\t\t\t\t\t\t<div class=\"container_titre \" >\r\n\t\t\t\t\t\t<span>Palletisation<\/span>\r\n\t\t\t\t\t<\/div>\r\n\t\t\t\t\t\t\t\t\t\t\t\t\t<div class=\"container_description \">\r\n\t\t\t\t\t\t<p>Qu\u2019ils soient robotis\u00e9s ou collaboratifs, nos palettiseurs s\u2019adaptent \u00e0 vos besoins.<\/p>\r\n\t\t\t\t\t<\/div>\r\n\t\t\t\t\t\t\t<\/div>\r\n\t\t\t\t\t\t\t<div class=\"container_button \">\r\n\t\t\t\t\t<div class=\"button\">\r\n\t\t\t\t\t\t<span>\r\n\t\t\t\t\t\t\tEn savoir plus\t\t\t\t\t\t<\/span>\r\n\t\t\t\t\t<\/div>\r\n\t\t\t\t<\/div>\r\n\t\t\t\t\t\t\t\t\t<\/a>\r\n\t\t\t\t\t<\/div>\r\n\t\t\t\t\t\t<div class=\"container_vignette swiper-slide\">\r\n\t\t\t\t\t\t\t\t\t<a href=\"https:\/\/www.sacmo.com\/fr\/convoyeurs\" >\r\n\t\t\t\t\t\t<div class=\"vignette\" style=\"background-image: url(https:\/\/www.sacmo.com\/fr\/wp-content\/uploads\/2021\/04\/sacmo_solution_gestion_flux-1-768x432.png)\">\r\n\t\t\t<\/div>\r\n\t\t\t<div class=\"container_texte\">\r\n\t\t\t\t\t\t\t\t\t<div class=\"container_titre \" >\r\n\t\t\t\t\t\t<span>Gestion des flux<\/span>\r\n\t\t\t\t\t<\/div>\r\n\t\t\t\t\t\t\t\t\t\t\t\t\t<div class=\"container_description \">\r\n\t\t\t\t\t\t<p>Nous r\u00e9alisons des ensembles de convoyeurs sur-mesure pour optimiser vos flux de produits sur la ligne.<\/p>\r\n\t\t\t\t\t<\/div>\r\n\t\t\t\t\t\t\t<\/div>\r\n\t\t\t\t\t\t\t<div class=\"container_button \">\r\n\t\t\t\t\t<div class=\"button\">\r\n\t\t\t\t\t\t<span>\r\n\t\t\t\t\t\t\tEn savoir plus\t\t\t\t\t\t<\/span>\r\n\t\t\t\t\t<\/div>\r\n\t\t\t\t<\/div>\r\n\t\t\t\t\t\t\t\t\t<\/a>\r\n\t\t\t\t\t<\/div>\r\n\t\t\t\t<\/div>\r\n\t<\/div>\r\n\t<div class=\"swiper-button-next\">\r\n\t\t<div class=\"container_nav_next\">\r\n\t\t\t<div class=\"nav_next\">\r\n\t\t\t\t<span><\/span>\r\n\t\t\t<\/div>\r\n\t\t<\/div>\r\n\t<\/div>\r\n\t<div class=\"swiper-button-prev\">\r\n\t\t<div class=\"container_nav_prev\">\r\n\t\t\t<div class=\"nav_prev\">\r\n\t\t\t\t<span><\/span>\r\n\t\t\t<\/div>\r\n\t\t<\/div>\r\n\t<\/div>\r\n\t<div class=\"container_vignettes-pagination\"><\/div>\r\n<\/div><\/div><\/div><\/div><\/div><\/div><div id=\"pg-719-3\"  class=\"panel-grid panel-has-style\" ><div class=\"panel-row-style panel-row-style-for-719-3\" ><div id=\"pgc-719-3-0\"  class=\"panel-grid-cell\" ><div id=\"panel-719-3-0-0\" class=\"so-panel widget widget_smartheme_titre_widget panel-first-child\" data-index=\"7\" ><div\n\t\t\t\n\t\t\tclass=\"so-widget-smartheme_titre_widget so-widget-smartheme_titre_widget-default-d75171398898-719\"\n\t\t\t\n\t\t><div class=\"container_titre left\">\n\t<div class=\"titre\">\n\t\t\t\t<h3>Nos services compl\u00e9mentaires<\/h3>\n\t<\/div>\n\t<\/div><\/div><\/div><div id=\"panel-719-3-0-1\" class=\"so-panel widget widget_smarttheme_carousel_pictos_widget panel-last-child\" data-index=\"8\" ><div\n\t\t\t\n\t\t\tclass=\"so-widget-smarttheme_carousel_pictos_widget so-widget-smarttheme_carousel_pictos_widget-default-d75171398898-719\"\n\t\t\t\n\t\t><div class=\"container_carousel_pictos\">\r\n\t\t<div class=\"swiper-container  \">\r\n\t\t<div class=\"swiper-wrapper\">\t\r\n\t\t\t\t\t\t\t\t<div class=\"container_picto_titre swiper-slide\">\r\n\t\t\t\t\t\t\t\t\t\t\t\t<a href=\"https:\/\/www.sacmo.com\/fr\/services-et-support\/retrofit\/\">\r\n\t\t\t\t\t\t\t\t<div class=\"container_picto\">\r\n\t\t\t\t\t<div class=\"picto\" style=\"background-image: url(https:\/\/www.sacmo.com\/fr\/wp-content\/uploads\/2020\/12\/retrofit_complet-1.svg)\"><\/div>\r\n\t\t\t\t<\/div>\r\n\t\t\t\t<div class=\"container_titre\">\r\n\t\t\t\t\t<span class=\"titre\">RETROFIT<\/span>\r\n\t\t\t\t<\/div>\r\n\t\t\t\t\t\t\t\t\t<div class=\"container_description\">\r\n\t\t\t\t\t\t<p class=\"description\">SACMO propose aussi de r\u00e9nover des machines de conditionnement.<\/p>\r\n\t\t\t\t\t<\/div>\r\n\t\t\t\t\t\t\t\t\t\t\t\t<\/a>\r\n\t\t\t\t\t\t\t<\/div>\r\n\t\t\t\t\t\t\t\t<div class=\"container_picto_titre swiper-slide\">\r\n\t\t\t\t\t\t\t\t\t\t\t\t<a href=\"https:\/\/www.sacmo.com\/fr\/services-et-support\/outillages-et-pieces-de-format\/\">\r\n\t\t\t\t\t\t\t\t<div class=\"container_picto\">\r\n\t\t\t\t\t<div class=\"picto\" style=\"background-image: url(https:\/\/www.sacmo.com\/fr\/wp-content\/uploads\/2020\/08\/outillage_et_pieces-1.svg)\"><\/div>\r\n\t\t\t\t<\/div>\r\n\t\t\t\t<div class=\"container_titre\">\r\n\t\t\t\t\t<span class=\"titre\">OUTILLAGES <br \/>\nET PIECES DE FORMAT<\/span>\r\n\t\t\t\t<\/div>\r\n\t\t\t\t\t\t\t\t\t<div class=\"container_description\">\r\n\t\t\t\t\t\t<p class=\"description\">Nous concevons et r\u00e9alisons des outillages complets pour vos machines de conditionnement.<\/p>\r\n\t\t\t\t\t<\/div>\r\n\t\t\t\t\t\t\t\t\t\t\t\t<\/a>\r\n\t\t\t\t\t\t\t<\/div>\r\n\t\t\t\t\t\t\t\t<div class=\"container_picto_titre swiper-slide\">\r\n\t\t\t\t\t\t\t\t\t\t\t\t<a href=\"https:\/\/www.sacmo.com\/fr\/services-et-support\/demenagement-transfert-industriel\/\">\r\n\t\t\t\t\t\t\t\t<div class=\"container_picto\">\r\n\t\t\t\t\t<div class=\"picto\" style=\"background-image: url(https:\/\/www.sacmo.com\/fr\/wp-content\/uploads\/2020\/08\/demenagement_de_lignes-1.svg)\"><\/div>\r\n\t\t\t\t<\/div>\r\n\t\t\t\t<div class=\"container_titre\">\r\n\t\t\t\t\t<span class=\"titre\">D\u00c9M\u00c9NAGEMENT DE LIGNES <br \/>\nDE CONDITIONNEMENT<\/span>\r\n\t\t\t\t<\/div>\r\n\t\t\t\t\t\t\t\t\t<div class=\"container_description\">\r\n\t\t\t\t\t\t<p class=\"description\">Nous effectuons vos transferts de lignes intra ou inter-sites, en France et \u00e0 l\u2019\u00e9tranger.<\/p>\r\n\t\t\t\t\t<\/div>\r\n\t\t\t\t\t\t\t\t\t\t\t\t<\/a>\r\n\t\t\t\t\t\t\t<\/div>\r\n\t\t\t\r\n\t\t<\/div>\r\n\t<\/div>\r\n\t<div class=\"swiper-button-next\">\r\n\t\t<div class=\"container_nav_next\">\r\n\t\t\t<div class=\"nav_next\">\r\n\t\t\t\t<span><\/span>\r\n\t\t\t<\/div>\r\n\t\t<\/div>\r\n\t<\/div>\r\n\t<div class=\"swiper-button-prev\">\r\n\t\t<div class=\"container_nav_prev\">\r\n\t\t\t<div class=\"nav_prev\">\r\n\t\t\t\t<span><\/span>\r\n\t\t\t<\/div>\r\n\t\t<\/div>\r\n\t<\/div>\r\n\t<div class=\"container_carousel_pictos-pagination\"><\/div>\r\n<\/div><\/div><\/div><\/div><\/div><\/div><\/div>","protected":false},"excerpt":{"rendered":"<p>Nos solutions pour le conditionnement de pots Le pot est un article de conditionnement intemporel dans les secteurs de la [&hellip;]<\/p>\n","protected":false},"author":1,"featured_media":4312,"parent":695,"menu_order":0,"comment_status":"closed","ping_status":"closed","template":"","meta":{"content-type":"","footnotes":""},"class_list":["post-719","page","type-page","status-publish","has-post-thumbnail","hentry"],"_links":{"self":[{"href":"https:\/\/www.sacmo.com\/fr\/wp-json\/wp\/v2\/pages\/719","targetHints":{"allow":["GET"]}}],"collection":[{"href":"https:\/\/www.sacmo.com\/fr\/wp-json\/wp\/v2\/pages"}],"about":[{"href":"https:\/\/www.sacmo.com\/fr\/wp-json\/wp\/v2\/types\/page"}],"author":[{"embeddable":true,"href":"https:\/\/www.sacmo.com\/fr\/wp-json\/wp\/v2\/users\/1"}],"replies":[{"embeddable":true,"href":"https:\/\/www.sacmo.com\/fr\/wp-json\/wp\/v2\/comments?post=719"}],"version-history":[{"count":9,"href":"https:\/\/www.sacmo.com\/fr\/wp-json\/wp\/v2\/pages\/719\/revisions"}],"predecessor-version":[{"id":4311,"href":"https:\/\/www.sacmo.com\/fr\/wp-json\/wp\/v2\/pages\/719\/revisions\/4311"}],"up":[{"embeddable":true,"href":"https:\/\/www.sacmo.com\/fr\/wp-json\/wp\/v2\/pages\/695"}],"wp:featuredmedia":[{"embeddable":true,"href":"https:\/\/www.sacmo.com\/fr\/wp-json\/wp\/v2\/media\/4312"}],"wp:attachment":[{"href":"https:\/\/www.sacmo.com\/fr\/wp-json\/wp\/v2\/media?parent=719"}],"curies":[{"name":"wp","href":"https:\/\/api.w.org\/{rel}","templated":true}]}}