{"id":695,"date":"2021-02-25T15:22:45","date_gmt":"2021-02-25T14:22:45","guid":{"rendered":"http:\/\/www.sacmo.com\/?page_id=695"},"modified":"2021-06-03T12:30:20","modified_gmt":"2021-06-03T10:30:20","slug":"nos-solutions-de-conditionnement","status":"publish","type":"page","link":"https:\/\/www.sacmo.com\/fr\/solutions-de-conditionnement\/","title":{"rendered":"Solutions de conditionnement"},"content":{"rendered":"<div id=\"pl-695\"  class=\"panel-layout\" ><div id=\"pg-695-0\"  class=\"panel-grid panel-has-style\" ><div class=\"panel-row-style panel-row-style-for-695-0\" ><div id=\"pgc-695-0-0\"  class=\"panel-grid-cell\" ><div id=\"panel-695-0-0-0\" class=\"so-panel widget widget_smartheme_titre_widget panel-first-child\" data-index=\"0\" ><div\n\t\t\t\n\t\t\tclass=\"so-widget-smartheme_titre_widget so-widget-smartheme_titre_widget-default-d75171398898-695\"\n\t\t\t\n\t\t><div class=\"container_titre center\">\n\t<div class=\"titre\">\n\t\t\t\t<h2>DES SOLUTIONS POUR CHAQUE APPLICATION<\/h2>\n\t<\/div>\n\t<\/div><\/div><\/div><div id=\"panel-695-0-0-1\" class=\"so-panel widget widget_editeur panel-last-child\" data-index=\"1\" ><div\n\t\t\t\n\t\t\tclass=\"so-widget-editeur so-widget-editeur-base\"\n\t\t\t\n\t\t>\t<div class=\"smarttheme_editeur column_text\">\n\t<p><span style=\"font-size: 13pt;\">Depuis 1981, SACMO a install\u00e9 des solutions sur-mesure pour les lignes de conditionnements des plus grandes entreprises industrielles. Notre capacit\u00e9 \u00e0 concevoir des machines sp\u00e9ciales r\u00e9pondant \u00e0 des besoins sp\u00e9cifiques nous permet de revendiquer une v\u00e9ritable expertise des op\u00e9rations r\u00e9alis\u00e9es sur les lignes de conditionnement. Du d\u00e9but \u00e0 la fin de ligne, nous proposons des solutions pour le conditionnement de chaque type de produit. Par notre pr\u00e9sence active dans les secteurs de la cosm\u00e9tique et de la pharmaceutique, nous avons d\u00e9velopp\u00e9 des machines pour le conditionnement de tubes, de pots, de flacons ou encore d\u2019a\u00e9rosols. Au fil des ann\u00e9es, nous nous sommes consid\u00e9rablement implant\u00e9s dans l\u2019univers industriel de la cosm\u00e9tique de luxe et c\u2019est en relevant les d\u00e9fis de nos clients que nous avons r\u00e9alis\u00e9 des solutions uniques pour le conditionnement de parfums, de rouge \u00e0 l\u00e8vres, de mascaras ou encore de poudre.<\/span><\/p>\n<\/div>\n<\/div><\/div><\/div><\/div><\/div><div id=\"pg-695-1\"  class=\"panel-grid panel-has-style\" ><div class=\"panel-row-style panel-row-style-for-695-1\" ><div id=\"pgc-695-1-0\"  class=\"panel-grid-cell\" ><div id=\"panel-695-1-0-0\" class=\"so-panel widget widget_smartheme_titre_widget panel-first-child panel-last-child\" data-index=\"2\" ><div\n\t\t\t\n\t\t\tclass=\"so-widget-smartheme_titre_widget so-widget-smartheme_titre_widget-default-d75171398898-695\"\n\t\t\t\n\t\t><div class=\"container_titre center\">\n\t<div class=\"titre\">\n\t\t\t\t<h2>NOTRE POLYVALENCE SERT VOTRE PERFORMANCE<\/h2>\n\t<\/div>\n\t<\/div><\/div><\/div><\/div><\/div><\/div><div id=\"pg-695-2\"  class=\"panel-grid panel-no-style\" ><div id=\"pgc-695-2-0\"  class=\"panel-grid-cell\" ><div id=\"panel-695-2-0-0\" class=\"so-panel widget widget_galerie-produits panel-first-child panel-last-child\" data-index=\"3\" ><div\n\t\t\t\n\t\t\tclass=\"so-widget-galerie-produits so-widget-galerie-produits-default-40cd750bba98-695\"\n\t\t\t\n\t\t><div class=\"container_galerie_produits\">\r\n\t\t<div class=\"container_produit\">\r\n\t\t<div class=\"produit blanc\" style=\"background-image: url(https:\/\/www.sacmo.com\/fr\/wp-content\/uploads\/2021\/02\/sacmo_cosmetique_expertise-1-768x768.jpg)\">\r\n\t\t\t<div class=\"container_titre_texte\">\r\n\t\t\t\t\t\t\t\t\t<div class=\"container_titre black\" >\r\n\t\t\t\t\t\t<span>TUBES<\/span>\r\n\t\t\t\t\t<\/div>\r\n\t\t\t\t\t\t\t\t\t\t\t\t\t<div class=\"container_texte black\">\r\n\t\t\t\t\t\t<p>Pratique et r\u00e9sistant, le tube est un article de conditionnement qui ne n\u00e9cessite pas de suremballage. Et gr\u00e2ce \u00e0 SACMO, vous pouvez personnaliser chaque tube directement sur la ligne de conditionnement ! D\u00e9couvrez toutes nos solutions pour les tubes\u2026<\/p>\r\n\t\t\t\t\t<\/div>\r\n\t\t\t\t\t\t\t\t\t\t\t\t\t<div class=\"container_button red\">\r\n\t\t\t\t\t\t<a href=\"https:\/\/www.sacmo.com\/fr\/nos-solutions-de-conditionnement\/tubes\/\" >\r\n\t\t\t\t\t\t\t<div class=\"body_button\">\r\n\t\t\t\t\t\t\t\t<div class=\"button\">\r\n\t\t\t\t\t\t\t\t\t<span>En savoir plus<\/span>\r\n\t\t\t\t\t\t\t\t<\/div>\r\n\t\t\t\t\t\t\t<\/div>\r\n\t\t\t\t\t\t<\/a>\t\r\n\t\t\t\t\t<\/div>\r\n\t\t\t\t\t\t\t<\/div>\r\n\t\t<\/div>\r\n\t<\/div>\r\n\t\t<div class=\"container_produit\">\r\n\t\t<div class=\"produit blanc\" style=\"background-image: url(https:\/\/www.sacmo.com\/fr\/wp-content\/uploads\/2021\/03\/01-Head-Remplisseuse-pots-scaled-1-768x432.jpg)\">\r\n\t\t\t<div class=\"container_titre_texte\">\r\n\t\t\t\t\t\t\t\t\t<div class=\"container_titre black\" >\r\n\t\t\t\t\t\t<span>POTS<\/span>\r\n\t\t\t\t\t<\/div>\r\n\t\t\t\t\t\t\t\t\t\t\t\t\t<div class=\"container_texte black\">\r\n\t\t\t\t\t\t<p>Le pot est un contenant intemporel qui convient parfaitement au conditionnement des produits p\u00e2teux tels que les cr\u00e8mes. Du remplissage \u00e0 la palettisation, d\u00e9couvrez toutes les solutions SACMO pour les pots.<\/p>\r\n\t\t\t\t\t<\/div>\r\n\t\t\t\t\t\t\t\t\t\t\t\t\t<div class=\"container_button red\">\r\n\t\t\t\t\t\t<a href=\"https:\/\/www.sacmo.com\/fr\/nos-solutions-de-conditionnement\/pots-cosmetiques\/\" >\r\n\t\t\t\t\t\t\t<div class=\"body_button\">\r\n\t\t\t\t\t\t\t\t<div class=\"button\">\r\n\t\t\t\t\t\t\t\t\t<span>En savoir plus<\/span>\r\n\t\t\t\t\t\t\t\t<\/div>\r\n\t\t\t\t\t\t\t<\/div>\r\n\t\t\t\t\t\t<\/a>\t\r\n\t\t\t\t\t<\/div>\r\n\t\t\t\t\t\t\t<\/div>\r\n\t\t<\/div>\r\n\t<\/div>\r\n\t\t<div class=\"container_produit\">\r\n\t\t<div class=\"produit blanc\" style=\"background-image: url(https:\/\/www.sacmo.com\/fr\/wp-content\/uploads\/2021\/03\/sacmo_ligne_flacons-1-768x432.jpg)\">\r\n\t\t\t<div class=\"container_titre_texte\">\r\n\t\t\t\t\t\t\t\t\t<div class=\"container_titre black\" >\r\n\t\t\t\t\t\t<span>FLACONS<\/span>\r\n\t\t\t\t\t<\/div>\r\n\t\t\t\t\t\t\t\t\t\t\t\t\t<div class=\"container_texte black\">\r\n\t\t\t\t\t\t<p>En verre ou en plastiques, le flacon est un contenant id\u00e9al pour de nombreuses applications en cosm\u00e9tique, pharmaceutique ou encore chimique. Explorez les solutions SACMO qui vous permettront de composer votre ligne de conditionnement de flacons.<\/p>\r\n\t\t\t\t\t<\/div>\r\n\t\t\t\t\t\t\t\t\t\t\t\t\t<div class=\"container_button red\">\r\n\t\t\t\t\t\t<a href=\"https:\/\/www.sacmo.com\/fr\/nos-solutions-de-conditionnement\/flacons\/\" >\r\n\t\t\t\t\t\t\t<div class=\"body_button\">\r\n\t\t\t\t\t\t\t\t<div class=\"button\">\r\n\t\t\t\t\t\t\t\t\t<span>En savoir plus<\/span>\r\n\t\t\t\t\t\t\t\t<\/div>\r\n\t\t\t\t\t\t\t<\/div>\r\n\t\t\t\t\t\t<\/a>\t\r\n\t\t\t\t\t<\/div>\r\n\t\t\t\t\t\t\t<\/div>\r\n\t\t<\/div>\r\n\t<\/div>\r\n\t\t<div class=\"container_produit\">\r\n\t\t<div class=\"produit blanc\" style=\"background-image: url(https:\/\/www.sacmo.com\/fr\/wp-content\/uploads\/2021\/03\/01-Head-Visseuse-et-boucheuse-Parfum-scaled-1-768x432.jpg)\">\r\n\t\t\t<div class=\"container_titre_texte\">\r\n\t\t\t\t\t\t\t\t\t<div class=\"container_titre black\" >\r\n\t\t\t\t\t\t<span>PARFUMS<\/span>\r\n\t\t\t\t\t<\/div>\r\n\t\t\t\t\t\t\t\t\t\t\t\t\t<div class=\"container_texte black\">\r\n\t\t\t\t\t\t<p>Incontournable dans la cosm\u00e9tique de luxe, le parfum refl\u00e8te votre image de marque et votre cr\u00e9ativit\u00e9. Le soin apport\u00e9 aux op\u00e9rations de conditionnement doit ainsi \u00eatre \u00e0 la hauteur de la qualit\u00e9 exig\u00e9e par vos clients. De l\u2019\u00e9chantillon aux formats sp\u00e9ciaux, SACMO vous propose des solutions sur-mesure pour le conditionnement de parfums.<\/p>\r\n\t\t\t\t\t<\/div>\r\n\t\t\t\t\t\t\t\t\t\t\t\t\t<div class=\"container_button red\">\r\n\t\t\t\t\t\t<a href=\"https:\/\/www.sacmo.com\/fr\/nos-solutions-de-conditionnement\/parfums\/\" >\r\n\t\t\t\t\t\t\t<div class=\"body_button\">\r\n\t\t\t\t\t\t\t\t<div class=\"button\">\r\n\t\t\t\t\t\t\t\t\t<span>En savoir plus<\/span>\r\n\t\t\t\t\t\t\t\t<\/div>\r\n\t\t\t\t\t\t\t<\/div>\r\n\t\t\t\t\t\t<\/a>\t\r\n\t\t\t\t\t<\/div>\r\n\t\t\t\t\t\t\t<\/div>\r\n\t\t<\/div>\r\n\t<\/div>\r\n\t\t<div class=\"container_produit\">\r\n\t\t<div class=\"produit blanc\" style=\"background-image: url(https:\/\/www.sacmo.com\/fr\/wp-content\/uploads\/2021\/03\/01-Head-Ligne-Rouge-a-levres-Cosmetique-scaled-1-768x512.jpg)\">\r\n\t\t\t<div class=\"container_titre_texte\">\r\n\t\t\t\t\t\t\t\t\t<div class=\"container_titre black\" >\r\n\t\t\t\t\t\t<span>MAQUILLAGE<\/span>\r\n\t\t\t\t\t<\/div>\r\n\t\t\t\t\t\t\t\t\t\t\t\t\t<div class=\"container_texte black\">\r\n\t\t\t\t\t\t<p>La vari\u00e9t\u00e9 des contenants, des volumes et les d\u00e9clinaisons de couleurs expliquent pourquoi le conditionnement des produits de maquillage requiert des op\u00e9rations techniques et pr\u00e9cises. Pour les r\u00e9aliser, SACMO con\u00e7oit et fabrique des machines sp\u00e9ciales pour les rouges \u00e0 l\u00e8vres, les mascaras, les fonds de teint, les poudres ou encore les vernis \u00e0 ongles.<\/p>\r\n\t\t\t\t\t<\/div>\r\n\t\t\t\t\t\t\t\t\t\t\t\t\t<div class=\"container_button red\">\r\n\t\t\t\t\t\t<a href=\"https:\/\/www.sacmo.com\/fr\/nos-solutions-de-conditionnement\/maquillages\/\" >\r\n\t\t\t\t\t\t\t<div class=\"body_button\">\r\n\t\t\t\t\t\t\t\t<div class=\"button\">\r\n\t\t\t\t\t\t\t\t\t<span>En savoir plus<\/span>\r\n\t\t\t\t\t\t\t\t<\/div>\r\n\t\t\t\t\t\t\t<\/div>\r\n\t\t\t\t\t\t<\/a>\t\r\n\t\t\t\t\t<\/div>\r\n\t\t\t\t\t\t\t<\/div>\r\n\t\t<\/div>\r\n\t<\/div>\r\n\t\t<div class=\"container_produit\">\r\n\t\t<div class=\"produit blanc\" style=\"background-image: url(https:\/\/www.sacmo.com\/fr\/wp-content\/uploads\/2021\/03\/Coloration-01-1-768x432.jpg)\">\r\n\t\t\t<div class=\"container_titre_texte\">\r\n\t\t\t\t\t\t\t\t\t<div class=\"container_titre black\" >\r\n\t\t\t\t\t\t<span>COLORATIONS CAPILLAIRES<\/span>\r\n\t\t\t\t\t<\/div>\r\n\t\t\t\t\t\t\t\t\t\t\t\t\t<div class=\"container_texte black\">\r\n\t\t\t\t\t\t<p>Un kit de coloration pour cheveux est compos\u00e9 g\u00e9n\u00e9ralement d\u2019un flacon de solution colorante, un tube d\u2019oxydant, une dose de shampoing et d\u2019accessoires tels qu\u2019une paire de gants et un peigne. Gr\u00e2ce aux solutions SACMO, vous optimiserez le conditionnement de ces produits semi-finis pour \u00e9laborer un kit de coloration capillaire complet et parfaitement emball\u00e9.<\/p>\r\n\t\t\t\t\t<\/div>\r\n\t\t\t\t\t\t\t\t\t\t\t\t\t<div class=\"container_button red\">\r\n\t\t\t\t\t\t<a href=\"https:\/\/www.sacmo.com\/fr\/nos-solutions-de-conditionnement\/soins-capillaires\/\" >\r\n\t\t\t\t\t\t\t<div class=\"body_button\">\r\n\t\t\t\t\t\t\t\t<div class=\"button\">\r\n\t\t\t\t\t\t\t\t\t<span>En savoir plus<\/span>\r\n\t\t\t\t\t\t\t\t<\/div>\r\n\t\t\t\t\t\t\t<\/div>\r\n\t\t\t\t\t\t<\/a>\t\r\n\t\t\t\t\t<\/div>\r\n\t\t\t\t\t\t\t<\/div>\r\n\t\t<\/div>\r\n\t<\/div>\r\n\t\t<div class=\"container_produit\">\r\n\t\t<div class=\"produit blanc\" style=\"background-image: url(https:\/\/www.sacmo.com\/fr\/wp-content\/uploads\/2021\/02\/sacmo_aerosols-1-768x432.jpg)\">\r\n\t\t\t<div class=\"container_titre_texte\">\r\n\t\t\t\t\t\t\t\t\t<div class=\"container_titre black\" >\r\n\t\t\t\t\t\t<span>AEROSOLS<\/span>\r\n\t\t\t\t\t<\/div>\r\n\t\t\t\t\t\t\t\t\t\t\t\t\t<div class=\"container_texte black\">\r\n\t\t\t\t\t\t<p>Remplir un boitier, le fermer par une valve, y assembler un diffuseur et le prot\u00e9ger un capot, telles sont les principales \u00e9tapes du conditionnement d\u2019a\u00e9rosols. SACMO vous propose ses solutions pour vos lignes de conditionnement de sprays coiffants, d\u00e9odorants, brumisateurs et d\u2019autres a\u00e9rosols.<\/p>\r\n\t\t\t\t\t<\/div>\r\n\t\t\t\t\t\t\t\t\t\t\t\t\t<div class=\"container_button red\">\r\n\t\t\t\t\t\t<a href=\"https:\/\/www.sacmo.com\/fr\/nos-solutions-de-conditionnement\/aerosols\/\" >\r\n\t\t\t\t\t\t\t<div class=\"body_button\">\r\n\t\t\t\t\t\t\t\t<div class=\"button\">\r\n\t\t\t\t\t\t\t\t\t<span>En savoir plus<\/span>\r\n\t\t\t\t\t\t\t\t<\/div>\r\n\t\t\t\t\t\t\t<\/div>\r\n\t\t\t\t\t\t<\/a>\t\r\n\t\t\t\t\t<\/div>\r\n\t\t\t\t\t\t\t<\/div>\r\n\t\t<\/div>\r\n\t<\/div>\r\n\t\t<div class=\"container_produit\">\r\n\t\t<div class=\"produit blanc\" style=\"background-image: url(https:\/\/www.sacmo.com\/fr\/wp-content\/uploads\/2021\/03\/01-Head-Etiqueteuse-inhalateurs-scaled-1-768x432.jpg)\">\r\n\t\t\t<div class=\"container_titre_texte\">\r\n\t\t\t\t\t\t\t\t\t<div class=\"container_titre black\" >\r\n\t\t\t\t\t\t<span>PRODUITS PHARMACEUTIQUES<\/span>\r\n\t\t\t\t\t<\/div>\r\n\t\t\t\t\t\t\t\t\t\t\t\t\t<div class=\"container_texte black\">\r\n\t\t\t\t\t\t<p>Chez SACMO, nous proposons des solutions flexibles et adaptables pour r\u00e9aliser l\u2019emballage secondaire des produits pharmaceutiques et le conditionnement des produits parapharmaceutiques.<\/p>\r\n\t\t\t\t\t<\/div>\r\n\t\t\t\t\t\t\t\t\t\t\t\t\t<div class=\"container_button red\">\r\n\t\t\t\t\t\t<a href=\"https:\/\/www.sacmo.com\/fr\/nos-solutions-de-conditionnement\/tubes\/\" >\r\n\t\t\t\t\t\t\t<div class=\"body_button\">\r\n\t\t\t\t\t\t\t\t<div class=\"button\">\r\n\t\t\t\t\t\t\t\t\t<span>En savoir plus<\/span>\r\n\t\t\t\t\t\t\t\t<\/div>\r\n\t\t\t\t\t\t\t<\/div>\r\n\t\t\t\t\t\t<\/a>\t\r\n\t\t\t\t\t<\/div>\r\n\t\t\t\t\t\t\t<\/div>\r\n\t\t<\/div>\r\n\t<\/div>\r\n\t\t<div class=\"container_produit\">\r\n\t\t<div class=\"produit blanc\" style=\"background-image: url(https:\/\/www.sacmo.com\/fr\/wp-content\/uploads\/2021\/03\/01-Head-Plaquette-Datamatrix-scaled-1-768x432.jpg)\">\r\n\t\t\t<div class=\"container_titre_texte\">\r\n\t\t\t\t\t\t\t\t\t<div class=\"container_titre black\" >\r\n\t\t\t\t\t\t<span>AUTRES PRODUITS<\/span>\r\n\t\t\t\t\t<\/div>\r\n\t\t\t\t\t\t\t\t\t\t\t\t\t<div class=\"container_texte black\">\r\n\t\t\t\t\t\t<p>De la manipulation \u00e0 la palettisation, les solutions SACMO sont adaptables \u00e0 d\u2019autres applications du secteur de la chimie ou aux sp\u00e9cifications de l\u2019industrie agro-alimentaire. Gr\u00e2ce \u00e0 notre expertise en robotique, nous d\u00e9veloppons \u00e9galement des solutions robotis\u00e9es sp\u00e9cialement pour l\u2019industrie automobile.<\/p>\r\n\t\t\t\t\t<\/div>\r\n\t\t\t\t\t\t\t\t\t\t\t\t\t<div class=\"container_button red\">\r\n\t\t\t\t\t\t<a href=\"https:\/\/www.sacmo.com\/fr\/nos-solutions-de-conditionnement\/autres-produits\/\" >\r\n\t\t\t\t\t\t\t<div class=\"body_button\">\r\n\t\t\t\t\t\t\t\t<div class=\"button\">\r\n\t\t\t\t\t\t\t\t\t<span>En savoir plus<\/span>\r\n\t\t\t\t\t\t\t\t<\/div>\r\n\t\t\t\t\t\t\t<\/div>\r\n\t\t\t\t\t\t<\/a>\t\r\n\t\t\t\t\t<\/div>\r\n\t\t\t\t\t\t\t<\/div>\r\n\t\t<\/div>\r\n\t<\/div>\r\n\t<\/div><\/div><\/div><\/div><\/div><\/div>","protected":false},"excerpt":{"rendered":"<p>DES SOLUTIONS POUR CHAQUE APPLICATION Depuis 1981, SACMO a install\u00e9 des solutions sur-mesure pour les lignes de conditionnements des plus [&hellip;]<\/p>\n","protected":false},"author":1,"featured_media":1094,"parent":0,"menu_order":0,"comment_status":"closed","ping_status":"closed","template":"","meta":{"content-type":"","footnotes":""},"class_list":["post-695","page","type-page","status-publish","has-post-thumbnail","hentry"],"_links":{"self":[{"href":"https:\/\/www.sacmo.com\/fr\/wp-json\/wp\/v2\/pages\/695","targetHints":{"allow":["GET"]}}],"collection":[{"href":"https:\/\/www.sacmo.com\/fr\/wp-json\/wp\/v2\/pages"}],"about":[{"href":"https:\/\/www.sacmo.com\/fr\/wp-json\/wp\/v2\/types\/page"}],"author":[{"embeddable":true,"href":"https:\/\/www.sacmo.com\/fr\/wp-json\/wp\/v2\/users\/1"}],"replies":[{"embeddable":true,"href":"https:\/\/www.sacmo.com\/fr\/wp-json\/wp\/v2\/comments?post=695"}],"version-history":[{"count":3,"href":"https:\/\/www.sacmo.com\/fr\/wp-json\/wp\/v2\/pages\/695\/revisions"}],"predecessor-version":[{"id":2764,"href":"https:\/\/www.sacmo.com\/fr\/wp-json\/wp\/v2\/pages\/695\/revisions\/2764"}],"wp:featuredmedia":[{"embeddable":true,"href":"https:\/\/www.sacmo.com\/fr\/wp-json\/wp\/v2\/media\/1094"}],"wp:attachment":[{"href":"https:\/\/www.sacmo.com\/fr\/wp-json\/wp\/v2\/media?parent=695"}],"curies":[{"name":"wp","href":"https:\/\/api.w.org\/{rel}","templated":true}]}}