{"id":622,"date":"2021-02-23T14:41:58","date_gmt":"2021-02-23T13:41:58","guid":{"rendered":"http:\/\/www.sacmo.com\/?page_id=622"},"modified":"2021-05-17T20:07:00","modified_gmt":"2021-05-17T18:07:00","slug":"agroalimentaire-2","status":"publish","type":"page","link":"https:\/\/www.sacmo.com\/fr\/votre-secteur-dactivite\/agroalimentaire\/","title":{"rendered":"Agroalimentaire"},"content":{"rendered":"<div id=\"pl-622\"  class=\"panel-layout\" ><div id=\"pg-622-0\"  class=\"panel-grid panel-has-style\" ><div class=\"panel-row-style panel-row-style-for-622-0\" ><div id=\"pgc-622-0-0\"  class=\"panel-grid-cell\" ><div id=\"panel-622-0-0-0\" class=\"so-panel widget widget_smartheme_titre_widget panel-first-child panel-last-child\" data-index=\"0\" ><div\n\t\t\t\n\t\t\tclass=\"so-widget-smartheme_titre_widget so-widget-smartheme_titre_widget-default-d75171398898-622\"\n\t\t\t\n\t\t><div class=\"container_titre center\">\n\t<div class=\"titre\">\n\t\t\t\t<h3>Sp\u00e9cialiste de la machine sur-mesure et des services pour lignes de conditionnement<\/h3>\n\t<\/div>\n\t<\/div><\/div><\/div><\/div><\/div><\/div><div id=\"pg-622-1\"  class=\"panel-grid panel-has-style\" ><div class=\"panel-row-style panel-row-style-for-622-1\" ><div id=\"pgc-622-1-0\"  class=\"panel-grid-cell\" ><div id=\"panel-622-1-0-0\" class=\"so-panel widget widget_editeur panel-first-child panel-last-child\" data-index=\"1\" ><div\n\t\t\t\n\t\t\tclass=\"so-widget-editeur so-widget-editeur-base\"\n\t\t\t\n\t\t>\t\t\t<div class=\"smarttheme_editeur\">\n\t\t<p>La production agro-alimentaire est soumise \u00e0 des r\u00e9glementations exigeantes en mati\u00e8re d\u2019hygi\u00e8ne et de s\u00e9curit\u00e9. Chaque \u00e9quipement industriel doit r\u00e9pondre aux normes en vigueur tout en contribuant \u00e0 la performance globale de la ligne. Certains acteurs de l\u2019agro-alimentaire choisissent d\u2019exploiter des lignes compl\u00e8tes rassemblant les op\u00e9rations de production, d\u2019emballage et de conditionnement dans un m\u00eame pav\u00e9. La fiabilit\u00e9 des machines est alors capitale pour le rendement de la ligne de production agro-alimentaire. La communication entre les machines est \u00e9galement indispensable dans ce type d\u2019implantation de ligne d\u2019emballage et de conditionnement agro-alimentaire.<\/p>\n<\/div>\n<\/div><\/div><\/div><div id=\"pgc-622-1-1\"  class=\"panel-grid-cell\" ><div id=\"panel-622-1-1-0\" class=\"so-panel widget widget_smart-image panel-first-child panel-last-child\" data-index=\"2\" ><div\n\t\t\t\n\t\t\tclass=\"so-widget-smart-image so-widget-smart-image-default-40cd750bba98-622\"\n\t\t\t\n\t\t><div class=\"sow-image-container\">\n\t<div class=\"containerSmartImage right-center   ajuster\"><div class=\"chargementSmartImage\"><div class=\"containerLoader\"><div class=\"loader\"><\/div><\/div><\/div><div style=\"background-image: url(https:\/\/www.sacmo.com\/fr\/wp-content\/uploads\/2021\/02\/sacmo_agroalimentaire-1-768x512.jpg);\" class=\"smartImage carre \"><\/div><\/div>\t<\/div>\n\n<\/div><\/div><\/div><\/div><\/div><div id=\"pg-622-2\"  class=\"panel-grid panel-has-style\" ><div class=\"panel-row-style panel-row-style-for-622-2\" ><div id=\"pgc-622-2-0\"  class=\"panel-grid-cell\" ><div id=\"panel-622-2-0-0\" class=\"so-panel widget widget_smart-image panel-first-child panel-last-child\" data-index=\"3\" ><div\n\t\t\t\n\t\t\tclass=\"so-widget-smart-image so-widget-smart-image-default-40cd750bba98-622\"\n\t\t\t\n\t\t><div class=\"sow-image-container\">\n\t<div class=\"containerSmartImage left-top zoom  ajuster\"><div class=\"chargementSmartImage\"><div class=\"containerLoader\"><div class=\"loader\"><\/div><\/div><\/div><div style=\"background-image: url(https:\/\/www.sacmo.com\/fr\/wp-content\/uploads\/2021\/04\/Encaisseuse-automatique-Photo02-scaled-1-768x432.jpg);\" class=\"smartImage carre \"><\/div><\/div>\t\t\t<div class=\"fond_popup_image\"><\/div>\n\t\t<div id=\"popup_image\">\n\t\t\t<div class=\"container-prevPopup\"><div class=\"prevPopup\"><\/div><\/div>\n\t\t\t<div class=\"container-nextPopup\"><div class=\"nextPopup\"><\/div><\/div>\n\t\t\t<div class=\"popup containerPopup\">\n\t\t\t\t<div class=\"container_exit\"><div class=\"exit\"><\/div><\/div>\n\t\t\t\t<div class=\"contenuPopup container\">\n\t\t\t\t\t<div class=\"row\">\n\t\t\t\t\t\t<div class=\"col-md-12\">\n\t\t\t\t\t\t\t<img decoding=\"async\" src=\"https:\/\/www.sacmo.com\/fr\/wp-content\/uploads\/2021\/04\/Encaisseuse-automatique-Photo02-scaled-1-768x432.jpg\">\n\t\t\t\t\t\t<\/div>\n\t\t\t\t\t<\/div>\n\t\t\t\t<\/div>\n\t\t\t<\/div>\n\t\t<\/div>\n\t<\/div>\n\n<\/div><\/div><\/div><div id=\"pgc-622-2-1\"  class=\"panel-grid-cell\" ><div id=\"panel-622-2-1-0\" class=\"so-panel widget widget_smartheme_titre_widget panel-first-child\" data-index=\"4\" ><div\n\t\t\t\n\t\t\tclass=\"so-widget-smartheme_titre_widget so-widget-smartheme_titre_widget-default-d75171398898-622\"\n\t\t\t\n\t\t><div class=\"container_titre left\">\n\t<div class=\"titre\">\n\t\t\t\t<h3>SACMO con\u00e7oit, r\u00e9alise et installe des machines sp\u00e9ciales de conditionnement depuis 1981.<\/h3>\n\t<\/div>\n\t<\/div><\/div><\/div><div id=\"panel-622-2-1-1\" class=\"so-panel widget widget_editeur panel-last-child\" data-index=\"5\" ><div\n\t\t\t\n\t\t\tclass=\"so-widget-editeur so-widget-editeur-base\"\n\t\t\t\n\t\t>\t\t\t<div class=\"smarttheme_editeur\">\n\t\t<p>40 ann\u00e9es \u00e0 l\u2019\u00e9coute de nos clients nous permettent de proposer des solutions parfaitement adapt\u00e9es \u00e0 leurs cahiers des charges. Du sous-ensemble au monobloc complet, nous adaptons nos solutions \u00e0 votre besoin. Pour les professionnels de l\u2019agro-alimentaire, SACMO propose des machines et des solutions personnalisables s\u2019int\u00e9grant parfaitement dans les lignes d\u2019emballage et de conditionnement telles que des modules robotiques de pick &amp; place polyvalents, des encaisseuses ou encore des palettiseurs. Du petit producteur au groupe agro-alimentaire, nos clients nous confient leur projet pour obtenir une solution personnalis\u00e9e et adapt\u00e9e \u00e0 leurs sp\u00e9cifications.<\/p>\n<\/div>\n<\/div><\/div><\/div><\/div><\/div><div id=\"pg-622-3\"  class=\"panel-grid panel-has-style\" ><div class=\"panel-row-style panel-row-style-for-622-3\" ><div id=\"pgc-622-3-0\"  class=\"panel-grid-cell\" ><div id=\"panel-622-3-0-0\" class=\"so-panel widget widget_smartheme_titre_widget panel-first-child\" data-index=\"6\" ><div\n\t\t\t\n\t\t\tclass=\"so-widget-smartheme_titre_widget so-widget-smartheme_titre_widget-default-d75171398898-622\"\n\t\t\t\n\t\t><div class=\"container_titre center\">\n\t<div class=\"titre\">\n\t\t\t\t<h3>SACMO propose des machines et des solutions pour l\u2019industrie agro-alimentaire :<\/h3>\n\t<\/div>\n\t<\/div><\/div><\/div><div id=\"panel-622-3-0-1\" class=\"so-panel widget widget_vignette panel-last-child\" data-index=\"7\" ><div\n\t\t\t\n\t\t\tclass=\"so-widget-vignette so-widget-vignette-default-40cd750bba98-622\"\n\t\t\t\n\t\t><div class=\"container_vignettes\">\r\n\t<div class=\"swiper-container\">\r\n\t\t<div class=\"swiper-wrapper\">\t\r\n\t\t\t\t\t\t\t\t\t\t<div class=\"container_vignette swiper-slide without_url fix_height\">\r\n\t\t\t\t\t\t\t\t\t\t\t\t\t\t\t\t<div class=\"display_bock_height\">\r\n\t\t\t\t\r\n\t\t\t\t\t\t\t\t\t\t\t\t\t\t<div class=\"display_bock_height\">\r\n\t\t\t\t\t\t\t\t\t\t<div class=\"vignette\" style=\"background-image: url(https:\/\/www.sacmo.com\/fr\/wp-content\/uploads\/2021\/04\/DEPALETTISEUR-2-1-768x432.png)\">\r\n\t\t\t\t<div class=\"filter \" style=\"background-color: #b91b1d; background-image: url(https:\/\/www.sacmo.com\/fr\/wp-content\/uploads\/2021\/04\/DEPALETTISEUR-2-1-768x432.png) \"><\/div>\r\n\t\t\t\t\t\t\t\t\t<div class=\"container_texte\">\r\n\t\t\t\t\t\t<div class=\"container_titre white\" >\r\n\t\t\t\t\t\t\t<span>D\u00e9palettiseur<\/span>\r\n\t\t\t\t\t\t<\/div>\r\n\t\t\t\t\t<\/div>\r\n\t\t\t\t\t\t\t\t\t\t\t\t\t\t\t<\/div>\r\n\t\t\t\t\t\t\t\t\t\t<\/div>\r\n\t\t\t\t\t\t\t\t\t\t<\/div>\r\n\t\t\t\t\t<\/div>\r\n\t\t\t\t\t\t\t\t\t\t<div class=\"container_vignette swiper-slide without_url fix_height\">\r\n\t\t\t\t\t\t\t\t\t\t\t\t\t\t\t\t<div class=\"display_bock_height\">\r\n\t\t\t\t\r\n\t\t\t\t\t\t\t\t\t\t\t\t\t\t<div class=\"display_bock_height\">\r\n\t\t\t\t\t\t\t\t\t\t<div class=\"vignette\" style=\"background-image: url(https:\/\/www.sacmo.com\/fr\/wp-content\/uploads\/2021\/04\/014-TABLE-TOURNANTE-1-768x432.png)\">\r\n\t\t\t\t<div class=\"filter \" style=\"background-color: #b91b1d; background-image: url(https:\/\/www.sacmo.com\/fr\/wp-content\/uploads\/2021\/04\/014-TABLE-TOURNANTE-1-768x432.png) \"><\/div>\r\n\t\t\t\t\t\t\t\t\t<div class=\"container_texte\">\r\n\t\t\t\t\t\t<div class=\"container_titre white\" >\r\n\t\t\t\t\t\t\t<span>Table de chargement et de d\u00e9chargement<\/span>\r\n\t\t\t\t\t\t<\/div>\r\n\t\t\t\t\t<\/div>\r\n\t\t\t\t\t\t\t\t\t\t\t\t\t\t\t<\/div>\r\n\t\t\t\t\t\t\t\t\t\t<\/div>\r\n\t\t\t\t\t\t\t\t\t\t<\/div>\r\n\t\t\t\t\t<\/div>\r\n\t\t\t\t\t\t\t\t\t\t<div class=\"container_vignette swiper-slide without_url fix_height\">\r\n\t\t\t\t\t\t\t\t\t\t\t\t\t\t\t\t<div class=\"display_bock_height\">\r\n\t\t\t\t\r\n\t\t\t\t\t\t\t\t\t\t\t\t\t\t<div class=\"display_bock_height\">\r\n\t\t\t\t\t\t\t\t\t\t<div class=\"vignette\" style=\"background-image: url(https:\/\/www.sacmo.com\/fr\/wp-content\/uploads\/2021\/04\/013-ECOFUT-1-768x432.png)\">\r\n\t\t\t\t<div class=\"filter \" style=\"background-color: #b91b1d; background-image: url(https:\/\/www.sacmo.com\/fr\/wp-content\/uploads\/2021\/04\/013-ECOFUT-1-768x432.png) \"><\/div>\r\n\t\t\t\t\t\t\t\t\t<div class=\"container_texte\">\r\n\t\t\t\t\t\t<div class=\"container_titre white\" >\r\n\t\t\t\t\t\t\t<span>Chariot mobile \npour presse-f\u00fbts<\/span>\r\n\t\t\t\t\t\t<\/div>\r\n\t\t\t\t\t<\/div>\r\n\t\t\t\t\t\t\t\t\t\t\t\t\t\t\t<\/div>\r\n\t\t\t\t\t\t\t\t\t\t<\/div>\r\n\t\t\t\t\t\t\t\t\t\t<\/div>\r\n\t\t\t\t\t<\/div>\r\n\t\t\t\t\t\t\t\t\t\t<div class=\"container_vignette swiper-slide without_url fix_height\">\r\n\t\t\t\t\t\t\t\t\t\t\t\t\t\t\t\t<div class=\"display_bock_height\">\r\n\t\t\t\t\r\n\t\t\t\t\t\t\t\t\t\t\t\t\t\t<div class=\"display_bock_height\">\r\n\t\t\t\t\t\t\t\t\t\t<div class=\"vignette\" style=\"background-image: url(https:\/\/www.sacmo.com\/fr\/wp-content\/uploads\/2021\/04\/003-DEPILEUR-DE-THERMOFORMES-2-1-768x432.png)\">\r\n\t\t\t\t<div class=\"filter \" style=\"background-color: #b91b1d; background-image: url(https:\/\/www.sacmo.com\/fr\/wp-content\/uploads\/2021\/04\/003-DEPILEUR-DE-THERMOFORMES-2-1-768x432.png) \"><\/div>\r\n\t\t\t\t\t\t\t\t\t<div class=\"container_texte\">\r\n\t\t\t\t\t\t<div class=\"container_titre white\" >\r\n\t\t\t\t\t\t\t<span>D\u00e9pileur de thermoform\u00e9s<\/span>\r\n\t\t\t\t\t\t<\/div>\r\n\t\t\t\t\t<\/div>\r\n\t\t\t\t\t\t\t\t\t\t\t\t\t\t\t<\/div>\r\n\t\t\t\t\t\t\t\t\t\t<\/div>\r\n\t\t\t\t\t\t\t\t\t\t<\/div>\r\n\t\t\t\t\t<\/div>\r\n\t\t\t\t\t\t\t\t\t\t<div class=\"container_vignette swiper-slide without_url fix_height\">\r\n\t\t\t\t\t\t\t\t\t\t\t\t\t\t\t\t<div class=\"display_bock_height\">\r\n\t\t\t\t\r\n\t\t\t\t\t\t\t\t\t\t\t\t\t\t<div class=\"display_bock_height\">\r\n\t\t\t\t\t\t\t\t\t\t<div class=\"vignette\" style=\"background-image: url(https:\/\/www.sacmo.com\/fr\/wp-content\/uploads\/2021\/04\/017-ENCAISSEUSE-TUBES-1-768x432.png)\">\r\n\t\t\t\t<div class=\"filter \" style=\"background-color: #b91b1d; background-image: url(https:\/\/www.sacmo.com\/fr\/wp-content\/uploads\/2021\/04\/017-ENCAISSEUSE-TUBES-1-768x432.png) \"><\/div>\r\n\t\t\t\t\t\t\t\t\t<div class=\"container_texte\">\r\n\t\t\t\t\t\t<div class=\"container_titre white\" >\r\n\t\t\t\t\t\t\t<span>Encaisseuse<\/span>\r\n\t\t\t\t\t\t<\/div>\r\n\t\t\t\t\t<\/div>\r\n\t\t\t\t\t\t\t\t\t\t\t\t\t\t\t<\/div>\r\n\t\t\t\t\t\t\t\t\t\t<\/div>\r\n\t\t\t\t\t\t\t\t\t\t<\/div>\r\n\t\t\t\t\t<\/div>\r\n\t\t\t\t\t\t\t\t\t\t<div class=\"container_vignette swiper-slide without_url fix_height\">\r\n\t\t\t\t\t\t\t\t\t\t\t\t\t\t\t\t<div class=\"display_bock_height\">\r\n\t\t\t\t\r\n\t\t\t\t\t\t\t\t\t\t\t\t\t\t<div class=\"display_bock_height\">\r\n\t\t\t\t\t\t\t\t\t\t<div class=\"vignette\" style=\"background-image: url(https:\/\/www.sacmo.com\/fr\/wp-content\/uploads\/2021\/04\/007-PALETTISEUR-SACMO-2-768x432.jpg)\">\r\n\t\t\t\t<div class=\"filter \" style=\"background-color: #b91b1d; background-image: url(https:\/\/www.sacmo.com\/fr\/wp-content\/uploads\/2021\/04\/007-PALETTISEUR-SACMO-2-768x432.jpg) \"><\/div>\r\n\t\t\t\t\t\t\t\t\t<div class=\"container_texte\">\r\n\t\t\t\t\t\t<div class=\"container_titre white\" >\r\n\t\t\t\t\t\t\t<span>Palettiseur<\/span>\r\n\t\t\t\t\t\t<\/div>\r\n\t\t\t\t\t<\/div>\r\n\t\t\t\t\t\t\t\t\t\t\t\t\t\t\t<\/div>\r\n\t\t\t\t\t\t\t\t\t\t<\/div>\r\n\t\t\t\t\t\t\t\t\t\t<\/div>\r\n\t\t\t\t\t<\/div>\r\n\t\t\t\t<\/div>\r\n\t<\/div>\r\n\t<div class=\"swiper-button-next\">\r\n\t\t<div class=\"container_nav_next\">\r\n\t\t\t<div class=\"nav_next\">\r\n\t\t\t\t<span><\/span>\r\n\t\t\t<\/div>\r\n\t\t<\/div>\r\n\t<\/div>\r\n\t<div class=\"swiper-button-prev\">\r\n\t\t<div class=\"container_nav_prev\">\r\n\t\t\t<div class=\"nav_prev\">\r\n\t\t\t\t<span><\/span>\r\n\t\t\t<\/div>\r\n\t\t<\/div>\r\n\t<\/div>\r\n\t<div class=\"container_vignettes-pagination\"><\/div>\r\n\r\n\t<div class=\"fond_popup_image fond_popup_vignette\"><\/div>\r\n\t<div id=\"popup_image\" class=\"popup_vignette\">\r\n\t\t<div class=\"container-prevPopup\"><div class=\"prevPopup\"><\/div><\/div>\r\n\t\t<div class=\"container-nextPopup\"><div class=\"nextPopup\"><\/div><\/div>\r\n\t\t<div class=\"popup containerPopup\">\r\n\t\t\t<div class=\"container_exit\"><div class=\"exit\"><\/div><\/div>\r\n\t\t\t<div class=\"contenuPopup container\">\r\n\t\t\t\t<div class=\"row\">\r\n\t\t\t\t\t<div class=\"col-md-12\">\r\n\t\t\t\t\t\t<img decoding=\"async\" src=\"\">\r\n\t\t\t\t\t<\/div>\r\n\t\t\t\t<\/div>\r\n\t\t\t<\/div>\r\n\t\t<\/div>\r\n\t<\/div>\r\n<\/div>\r\n\r\n<\/div><\/div><\/div><\/div><\/div><div id=\"pg-622-4\"  class=\"panel-grid panel-has-style\" ><div class=\"panel-row-style panel-row-style-for-622-4\" ><div id=\"pgc-622-4-0\"  class=\"panel-grid-cell\" ><div id=\"panel-622-4-0-0\" class=\"so-panel widget widget_editeur panel-first-child panel-last-child\" data-index=\"8\" ><div class=\"panel-widget-style panel-widget-style-for-622-4-0-0\" ><div\n\t\t\t\n\t\t\tclass=\"so-widget-editeur so-widget-editeur-base\"\n\t\t\t\n\t\t>\t\t\t<div class=\"smarttheme_editeur\">\n\t\t<p><span style=\"font-size: 14pt;\">En confiant votre projet d\u2019automatisation industrielle \u00e0 SACMO, vous avez la garantie d\u2019\u00eatre \u00e9cout\u00e9 et accompagn\u00e9 \u00e0 chaque \u00e9tape. Vous avez aussi la certitude d\u2019obtenir une solution unique et sp\u00e9cialement con\u00e7ue pour votre besoin. Que vous cherchiez \u00e0 robotiser votre unit\u00e9 de <span style=\"color: #000000;\">production<\/span> ou automatiser vos lignes de conditionnement, SACMO vous r\u00e9pond avec une solution performante et sur-mesure.<\/span><\/p>\n<\/div>\n<\/div><\/div><\/div><\/div><\/div><\/div><div id=\"pg-622-5\"  class=\"panel-grid panel-has-style\" ><div class=\"panel-row-style panel-row-style-for-622-5\" ><div id=\"pgc-622-5-0\"  class=\"panel-grid-cell\" ><div id=\"panel-622-5-0-0\" class=\"so-panel widget widget_smartheme_titre_widget panel-first-child\" data-index=\"9\" ><div\n\t\t\t\n\t\t\tclass=\"so-widget-smartheme_titre_widget so-widget-smartheme_titre_widget-default-d75171398898-622\"\n\t\t\t\n\t\t><div class=\"container_titre center\">\n\t<div class=\"titre\">\n\t\t\t\t<h3>D\u00e9couvrez aussi nos prestations compl\u00e8tes pour vos lignes d\u2019emballage et de conditionnement :<\/h3>\n\t<\/div>\n\t<\/div><\/div><\/div><div id=\"panel-622-5-0-1\" class=\"so-panel widget widget_smarttheme_carousel_pictos_widget panel-last-child\" data-index=\"10\" ><div\n\t\t\t\n\t\t\tclass=\"so-widget-smarttheme_carousel_pictos_widget so-widget-smarttheme_carousel_pictos_widget-default-d75171398898-622\"\n\t\t\t\n\t\t><div class=\"container_carousel_pictos\">\r\n\t\t<div class=\"swiper-container  linear\">\r\n\t\t<div class=\"swiper-wrapper\">\t\r\n\t\t\t\t\t\t\t\t<div class=\"container_picto_titre swiper-slide\">\r\n\t\t\t\t\t\t\t\t\t\t\t\t<a href=\"https:\/\/www.sacmo.com\/fr\/services-et-support\/ligne-de-conditionnement-cle-en-main\/\">\r\n\t\t\t\t\t\t\t\t<div class=\"container_picto\">\r\n\t\t\t\t\t<div class=\"picto\" style=\"background-image: url(https:\/\/www.sacmo.com\/fr\/wp-content\/uploads\/2021\/02\/implantation_ligne-1.svg)\"><\/div>\r\n\t\t\t\t<\/div>\r\n\t\t\t\t<div class=\"container_titre\">\r\n\t\t\t\t\t<span class=\"titre\">Implantation de lignes<br \/>\n(De la conception \u00e0 l\u2019installation)<\/span>\r\n\t\t\t\t<\/div>\r\n\t\t\t\t\t\t\t\t\t\t\t\t<\/a>\r\n\t\t\t\t\t\t\t<\/div>\r\n\t\t\t\t\t\t\t\t<div class=\"container_picto_titre swiper-slide\">\r\n\t\t\t\t\t\t\t\t\t\t\t\t<a href=\"https:\/\/www.sacmo.com\/fr\/services-et-support\/demenagement-transfert-industriel\/\">\r\n\t\t\t\t\t\t\t\t<div class=\"container_picto\">\r\n\t\t\t\t\t<div class=\"picto\" style=\"background-image: url(https:\/\/www.sacmo.com\/fr\/wp-content\/uploads\/2020\/08\/demenagement_de_lignes-1.svg)\"><\/div>\r\n\t\t\t\t<\/div>\r\n\t\t\t\t<div class=\"container_titre\">\r\n\t\t\t\t\t<span class=\"titre\">D\u00e9m\u00e9nagement de lignes<br \/>\n(Du d\u00e9montage \u00e0 l\u2019installation)<\/span>\r\n\t\t\t\t<\/div>\r\n\t\t\t\t\t\t\t\t\t\t\t\t<\/a>\r\n\t\t\t\t\t\t\t<\/div>\r\n\t\t\t\t\t\t\t\t<div class=\"container_picto_titre swiper-slide\">\r\n\t\t\t\t\t\t\t\t\t\t\t\t<a href=\"https:\/\/www.sacmo.com\/fr\/services-et-support\/retrofit\/\">\r\n\t\t\t\t\t\t\t\t<div class=\"container_picto\">\r\n\t\t\t\t\t<div class=\"picto\" style=\"background-image: url(https:\/\/www.sacmo.com\/fr\/wp-content\/uploads\/2020\/08\/renovation_machine-1.svg)\"><\/div>\r\n\t\t\t\t<\/div>\r\n\t\t\t\t<div class=\"container_titre\">\r\n\t\t\t\t\t<span class=\"titre\">Modification et r\u00e9novation d\u2019\u00e9quipements<\/span>\r\n\t\t\t\t<\/div>\r\n\t\t\t\t\t\t\t\t\t\t\t\t<\/a>\r\n\t\t\t\t\t\t\t<\/div>\r\n\t\t\t\t\t\t\t\t<div class=\"container_picto_titre swiper-slide\">\r\n\t\t\t\t\t\t\t\t\t\t\t\t<a href=\"https:\/\/www.sacmo.com\/fr\/services-et-support\/outillages-et-pieces-de-format\/\">\r\n\t\t\t\t\t\t\t\t<div class=\"container_picto\">\r\n\t\t\t\t\t<div class=\"picto\" style=\"background-image: url(https:\/\/www.sacmo.com\/fr\/wp-content\/uploads\/2020\/08\/outillage_et_pieces-1.svg)\"><\/div>\r\n\t\t\t\t<\/div>\r\n\t\t\t\t<div class=\"container_titre\">\r\n\t\t\t\t\t<span class=\"titre\">Outillages et pi\u00e8ces de formats<\/span>\r\n\t\t\t\t<\/div>\r\n\t\t\t\t\t\t\t\t\t\t\t\t<\/a>\r\n\t\t\t\t\t\t\t<\/div>\r\n\t\t\t\t\t\t\t\t<div class=\"container_picto_titre swiper-slide\">\r\n\t\t\t\t\t\t\t\t\t\t\t\t<a href=\"https:\/\/www.sacmo.com\/fr\/services-et-support\/service-apres-vente\/maintenance\/\">\r\n\t\t\t\t\t\t\t\t<div class=\"container_picto\">\r\n\t\t\t\t\t<div class=\"picto\" style=\"background-image: url(https:\/\/www.sacmo.com\/fr\/wp-content\/uploads\/2021\/02\/maintenance-1.svg)\"><\/div>\r\n\t\t\t\t<\/div>\r\n\t\t\t\t<div class=\"container_titre\">\r\n\t\t\t\t\t<span class=\"titre\">Maintenance et entretien<\/span>\r\n\t\t\t\t<\/div>\r\n\t\t\t\t\t\t\t\t\t\t\t\t<\/a>\r\n\t\t\t\t\t\t\t<\/div>\r\n\t\t\t\t\t\t\t\t<div class=\"container_picto_titre swiper-slide\">\r\n\t\t\t\t\t\t\t\t\t\t\t\t<a href=\"https:\/\/www.sacmo.com\/fr\/services-et-support\/service-apres-vente\/assistance\/\">\r\n\t\t\t\t\t\t\t\t<div class=\"container_picto\">\r\n\t\t\t\t\t<div class=\"picto\" style=\"background-image: url(https:\/\/www.sacmo.com\/fr\/wp-content\/uploads\/2021\/02\/assistance_depannage-1.svg)\"><\/div>\r\n\t\t\t\t<\/div>\r\n\t\t\t\t<div class=\"container_titre\">\r\n\t\t\t\t\t<span class=\"titre\">Assistance et d\u00e9pannage<\/span>\r\n\t\t\t\t<\/div>\r\n\t\t\t\t\t\t\t\t\t\t\t\t<\/a>\r\n\t\t\t\t\t\t\t<\/div>\r\n\t\t\t\r\n\t\t<\/div>\r\n\t<\/div>\r\n\t<div class=\"swiper-button-next\">\r\n\t\t<div class=\"container_nav_next\">\r\n\t\t\t<div class=\"nav_next\">\r\n\t\t\t\t<span><\/span>\r\n\t\t\t<\/div>\r\n\t\t<\/div>\r\n\t<\/div>\r\n\t<div class=\"swiper-button-prev\">\r\n\t\t<div class=\"container_nav_prev\">\r\n\t\t\t<div class=\"nav_prev\">\r\n\t\t\t\t<span><\/span>\r\n\t\t\t<\/div>\r\n\t\t<\/div>\r\n\t<\/div>\r\n\t<div class=\"container_carousel_pictos-pagination\"><\/div>\r\n<\/div><\/div><\/div><\/div><\/div><\/div><\/div>","protected":false},"excerpt":{"rendered":"<p>Sp\u00e9cialiste de la machine sur-mesure et des services pour lignes de conditionnement La production agro-alimentaire est soumise \u00e0 des r\u00e9glementations [&hellip;]<\/p>\n","protected":false},"author":1,"featured_media":755,"parent":518,"menu_order":0,"comment_status":"closed","ping_status":"closed","template":"","meta":{"content-type":"","footnotes":""},"class_list":["post-622","page","type-page","status-publish","has-post-thumbnail","hentry"],"_links":{"self":[{"href":"https:\/\/www.sacmo.com\/fr\/wp-json\/wp\/v2\/pages\/622","targetHints":{"allow":["GET"]}}],"collection":[{"href":"https:\/\/www.sacmo.com\/fr\/wp-json\/wp\/v2\/pages"}],"about":[{"href":"https:\/\/www.sacmo.com\/fr\/wp-json\/wp\/v2\/types\/page"}],"author":[{"embeddable":true,"href":"https:\/\/www.sacmo.com\/fr\/wp-json\/wp\/v2\/users\/1"}],"replies":[{"embeddable":true,"href":"https:\/\/www.sacmo.com\/fr\/wp-json\/wp\/v2\/comments?post=622"}],"version-history":[{"count":6,"href":"https:\/\/www.sacmo.com\/fr\/wp-json\/wp\/v2\/pages\/622\/revisions"}],"predecessor-version":[{"id":2495,"href":"https:\/\/www.sacmo.com\/fr\/wp-json\/wp\/v2\/pages\/622\/revisions\/2495"}],"up":[{"embeddable":true,"href":"https:\/\/www.sacmo.com\/fr\/wp-json\/wp\/v2\/pages\/518"}],"wp:featuredmedia":[{"embeddable":true,"href":"https:\/\/www.sacmo.com\/fr\/wp-json\/wp\/v2\/media\/755"}],"wp:attachment":[{"href":"https:\/\/www.sacmo.com\/fr\/wp-json\/wp\/v2\/media?parent=622"}],"curies":[{"name":"wp","href":"https:\/\/api.w.org\/{rel}","templated":true}]}}