{"id":607,"date":"2021-02-17T16:35:59","date_gmt":"2021-02-17T15:35:59","guid":{"rendered":"http:\/\/www.sacmo.com\/?page_id=607"},"modified":"2021-06-14T17:30:40","modified_gmt":"2021-06-14T15:30:40","slug":"outillages-et-pieces-de-format","status":"publish","type":"page","link":"https:\/\/www.sacmo.com\/fr\/services-et-support\/outillages-et-pieces-de-format\/","title":{"rendered":"Outillages et pi\u00e8ces de format"},"content":{"rendered":"<div id=\"pl-607\"  class=\"panel-layout\" ><div id=\"pg-607-0\"  class=\"panel-grid panel-has-style\" ><div class=\"panel-row-style panel-row-style-for-607-0\" ><div id=\"pgc-607-0-0\"  class=\"panel-grid-cell\" ><div id=\"panel-607-0-0-0\" class=\"so-panel widget widget_editeur panel-first-child panel-last-child\" data-index=\"0\" ><div\n\t\t\t\n\t\t\tclass=\"so-widget-editeur so-widget-editeur-base\"\n\t\t\t\n\t\t>\t\t\t<div class=\"smarttheme_editeur\">\n\t\t<p><span style=\"font-size: 13pt;\">Le changement de format devient plus facile et plus rapide gr\u00e2ce \u00e0 nos solutions SMED sur-mesure. SACMO con\u00e7oit et fabrique des pi\u00e8ces de formats et des outillages complets qui se montent sur vos machines de conditionnement en quelques instants et sans outils. Notre volont\u00e9 est de vous accompagner dans vos projets de Lean Management en vous fournissant les solutions pour rendre vos lignes de conditionnement les plus flexibles possibles. Nous r\u00e9alisons des pi\u00e8ces de formats et des outillages complets pour vos machines existantes et pour les lignes de conditionnement.<\/span><\/p>\n<\/div>\n<\/div><\/div><\/div><\/div><\/div><div id=\"pg-607-1\"  class=\"panel-grid panel-has-style\" ><div class=\"panel-row-style panel-row-style-for-607-1\" ><div id=\"pgc-607-1-0\"  class=\"panel-grid-cell\" ><div id=\"panel-607-1-0-0\" class=\"so-panel widget widget_smartheme_titre_widget panel-first-child\" data-index=\"1\" ><div\n\t\t\t\n\t\t\tclass=\"so-widget-smartheme_titre_widget so-widget-smartheme_titre_widget-default-d75171398898-607\"\n\t\t\t\n\t\t><div class=\"container_titre left\">\n\t<div class=\"titre\">\n\t\t\t\t<h3>Godets de transport<\/h3>\n\t<\/div>\n\t<\/div><\/div><\/div><div id=\"panel-607-1-0-1\" class=\"so-panel widget widget_editeur panel-last-child\" data-index=\"2\" ><div\n\t\t\t\n\t\t\tclass=\"so-widget-editeur so-widget-editeur-base\"\n\t\t\t\n\t\t>\t\t\t<div class=\"smarttheme_editeur\">\n\t\t<p>Les godets circulent sur les convoyeurs pour transporter des flacons, pots ou autres produits entre les diff\u00e9rentes machines d\u2019une ligne de conditionnement. Usin\u00e9s \u00e0 partir de mati\u00e8res plastiques telles que le poly\u00e9thyl\u00e8ne haute densit\u00e9 (PEHD) ou le polyac\u00e9tal (POM), nos godets de transports maintiennent les flacons pendant les op\u00e9rations de conditionnement telles que le remplissage, le bouchage ou encore l\u2019\u00e9tiquetage et le marquage. Les godets SACMO sont con\u00e7us par notre bureau d\u2019\u00e9tudes et nos techniciens de programmation en usinage \u00e0 commande num\u00e9rique (CNC). Chaque godet de transport est travaill\u00e9 pour correspondre parfaitement \u00e0 la forme du produit. Que le flacon soit de g\u00e9om\u00e9trie complexe, de mati\u00e8re sensible ou de structure instable, le godet que nous r\u00e9alisons lui assurera une stabilit\u00e9 sur toute la ligne de conditionnement.<\/p>\n<\/div>\n<\/div><\/div><\/div><div id=\"pgc-607-1-1\"  class=\"panel-grid-cell\" ><div id=\"panel-607-1-1-0\" class=\"so-panel widget widget_smart-image panel-first-child panel-last-child\" data-index=\"3\" ><div\n\t\t\t\n\t\t\tclass=\"so-widget-smart-image so-widget-smart-image-default-40cd750bba98-607\"\n\t\t\t\n\t\t><div class=\"sow-image-container\">\n\t<div class=\"containerSmartImage center-bottom   ajuster\"><div class=\"chargementSmartImage\"><div class=\"containerLoader\"><div class=\"loader\"><\/div><\/div><\/div><div style=\"background-image: url(https:\/\/www.sacmo.com\/fr\/wp-content\/uploads\/2021\/03\/sacmo_godet_pour_chariot_de_convoyeur_electro-magnetique-1-768x432.jpg);\" class=\"smartImage carre \"><\/div><\/div>\t<\/div>\n\n<\/div><\/div><\/div><\/div><\/div><div id=\"pg-607-2\"  class=\"panel-grid panel-has-style\" ><div class=\"panel-row-style panel-row-style-for-607-2\" ><div id=\"pgc-607-2-0\"  class=\"panel-grid-cell\" ><div id=\"panel-607-2-0-0\" class=\"so-panel widget widget_smart-image panel-first-child panel-last-child\" data-index=\"4\" ><div\n\t\t\t\n\t\t\tclass=\"so-widget-smart-image so-widget-smart-image-default-40cd750bba98-607\"\n\t\t\t\n\t\t><div class=\"sow-image-container\">\n\t<div class=\"containerSmartImage center-center   ajuster\"><div class=\"chargementSmartImage\"><div class=\"containerLoader\"><div class=\"loader\"><\/div><\/div><\/div><div style=\"background-image: url(https:\/\/www.sacmo.com\/fr\/wp-content\/uploads\/2021\/05\/DSC00520-scaled-e1621258644199-768x898.jpg);\" class=\"smartImage carre \"><\/div><\/div>\t<\/div>\n\n<\/div><\/div><\/div><div id=\"pgc-607-2-1\"  class=\"panel-grid-cell\" ><div id=\"panel-607-2-1-0\" class=\"so-panel widget widget_smartheme_titre_widget panel-first-child\" data-index=\"5\" ><div\n\t\t\t\n\t\t\tclass=\"so-widget-smartheme_titre_widget so-widget-smartheme_titre_widget-default-d75171398898-607\"\n\t\t\t\n\t\t><div class=\"container_titre left\">\n\t<div class=\"titre\">\n\t\t\t\t<h3>Nos godets sont 100% SACMO, 100% made in France<\/h3>\n\t<\/div>\n\t<\/div><\/div><\/div><div id=\"panel-607-2-1-1\" class=\"so-panel widget widget_editeur panel-last-child\" data-index=\"6\" ><div\n\t\t\t\n\t\t\tclass=\"so-widget-editeur so-widget-editeur-base\"\n\t\t\t\n\t\t>\t\t\t<div class=\"smarttheme_editeur\">\n\t\t<ul>\n<li><span style=\"font-size: 16px;\">Conception adapt\u00e9e \u00e0 la forme et la mati\u00e8re du produit respectant les contraintes des machines et des lignes<\/span><\/li>\n<li><span style=\"font-size: 16px;\">Pr\u00e8s de 20 couleurs de poly\u00e9thyl\u00e8ne haute densit\u00e9 r\u00e9f\u00e9renc\u00e9es<\/span><\/li>\n<li><span style=\"font-size: 16px;\">Validation du prototype en interne et par le client<\/span><\/li>\n<li><span style=\"font-size: 16px;\">Production dans notre propre atelier d\u2019usinage sur 3 machines CNC<\/span><\/li>\n<li><span style=\"font-size: 16px;\">Int\u00e9gration de pi\u00e8ces de centrage et d\u2019inserts de maintien<\/span><\/li>\n<\/ul>\n<\/div>\n<\/div><\/div><\/div><\/div><\/div><div id=\"pg-607-3\"  class=\"panel-grid panel-has-style\" ><div class=\"panel-row-style panel-row-style-for-607-3\" ><div id=\"pgc-607-3-0\"  class=\"panel-grid-cell\" ><div id=\"panel-607-3-0-0\" class=\"so-panel widget widget_smartheme_titre_widget panel-first-child\" data-index=\"7\" ><div\n\t\t\t\n\t\t\tclass=\"so-widget-smartheme_titre_widget so-widget-smartheme_titre_widget-default-d75171398898-607\"\n\t\t\t\n\t\t><div class=\"container_titre left\">\n\t<div class=\"titre\">\n\t\t\t\t<h3>Notre godet anti-rayure, un mod\u00e8le brevet\u00e9<\/h3>\n\t<\/div>\n\t<\/div><\/div><\/div><div id=\"panel-607-3-0-1\" class=\"so-panel widget widget_editeur\" data-index=\"8\" ><div\n\t\t\t\n\t\t\tclass=\"so-widget-editeur so-widget-editeur-base\"\n\t\t\t\n\t\t>\t\t\t<div class=\"smarttheme_editeur\">\n\t\t<p>SACMO signe un godet anti-rayure r\u00e9volutionnaire qui assure le maintien en position des flacons les plus pr\u00e9cieux (couleur mate, mati\u00e8re noble, rev\u00eatement sensible\u2026).<\/p>\n<p>Gr\u00e2ce \u00e0 notre syst\u00e8me brevet\u00e9, le flacon est automatiquement et parfaitement centr\u00e9 durant chaque op\u00e9ration de conditionnement (remplissage, vissage\u2026). Les mati\u00e8res que nous avons s\u00e9lectionn\u00e9es et test\u00e9es pr\u00e9servent la qualit\u00e9 du flacon tout au long de la chaine de conditionnement.<\/p>\n<\/div>\n<\/div><\/div><div id=\"panel-607-3-0-2\" class=\"so-panel widget widget_bouton panel-last-child\" data-index=\"9\" ><div\n\t\t\t\n\t\t\tclass=\"so-widget-bouton so-widget-bouton-default-40cd750bba98-607\"\n\t\t\t\n\t\t><div class=\"container_btn droite\">\r\n\t\t<a href=\"https:\/\/www.sacmo.com\/fr\/contact\/\">\t\r\n\t\t\t<div class=\"btn rouge\">\r\n\t\t\t<span>Demandez plus d\u2019informations<\/span>\r\n\t\t<\/div>\r\n\t<\/a>\r\n<\/div>\r\n<\/div><\/div><\/div><div id=\"pgc-607-3-1\"  class=\"panel-grid-cell\" ><div id=\"panel-607-3-1-0\" class=\"so-panel widget widget_smart-image panel-first-child panel-last-child\" data-index=\"10\" ><div\n\t\t\t\n\t\t\tclass=\"so-widget-smart-image so-widget-smart-image-default-40cd750bba98-607\"\n\t\t\t\n\t\t><div class=\"sow-image-container\">\n\t<div class=\"containerSmartImage right-center   ajuster\"><div class=\"chargementSmartImage\"><div class=\"containerLoader\"><div class=\"loader\"><\/div><\/div><\/div><div style=\"background-image: url(https:\/\/www.sacmo.com\/fr\/wp-content\/uploads\/2020\/11\/sacmo_guides_de_convoyeurs-1-e1621259248103-768x398.jpg);\" class=\"smartImage carre \"><\/div><\/div>\t<\/div>\n\n<\/div><\/div><\/div><\/div><\/div><div id=\"pg-607-4\"  class=\"panel-grid panel-no-style\" ><div id=\"pgc-607-4-0\"  class=\"panel-grid-cell\" ><div id=\"panel-607-4-0-0\" class=\"so-panel widget widget_galerie-produits-mini panel-first-child panel-last-child\" data-index=\"11\" ><div\n\t\t\t\n\t\t\tclass=\"so-widget-galerie-produits-mini so-widget-galerie-produits-mini-default-40cd750bba98-607\"\n\t\t\t\n\t\t><div class=\"container_galerie_produits\">\r\n\t\t\r\n\t<div class=\"container_produit\">\r\n\t\t\t\t<div class=\"produit rouge\" style=\"background-image: url(https:\/\/www.sacmo.com\/fr\/wp-content\/uploads\/2021\/04\/godet-multiformat-sacmo-1-768x662.jpg)\">\r\n\t\t\t<div class=\"filtre rouge\" style=\"background-image: url(https:\/\/www.sacmo.com\/fr\/wp-content\/uploads\/2021\/04\/godet-multiformat-sacmo-1-768x662.jpg)\"><\/div>\r\n\t\t\t<div class=\"container_titre_texte\">\r\n\t\t\t\t\t\t\t\t\t<div class=\"container_titre white\" >\r\n\t\t\t\t\t\t<span>GODET MULTIFORMAT<\/span>\r\n\t\t\t\t\t<\/div>\r\n\t\t\t\t\t\t\t\t\t\t\t<\/div>\r\n\t\t<\/div>\r\n\t\t\t<\/div>\r\n\t\t\r\n\t<div class=\"container_produit\">\r\n\t\t\t\t<div class=\"produit rouge\" style=\"background-image: url(https:\/\/www.sacmo.com\/fr\/wp-content\/uploads\/2021\/03\/sacmo_godet_pour_chariot_de_convoyeur_electro-magnetique-1-768x432.jpg)\">\r\n\t\t\t<div class=\"filtre rouge\" style=\"background-image: url(https:\/\/www.sacmo.com\/fr\/wp-content\/uploads\/2021\/03\/sacmo_godet_pour_chariot_de_convoyeur_electro-magnetique-1-768x432.jpg)\"><\/div>\r\n\t\t\t<div class=\"container_titre_texte\">\r\n\t\t\t\t\t\t\t\t\t<div class=\"container_titre white\" >\r\n\t\t\t\t\t\t<span>GODET POUR CONVOYEUR ELECTROMAGNETIQUE<\/span>\r\n\t\t\t\t\t<\/div>\r\n\t\t\t\t\t\t\t\t\t\t\t<\/div>\r\n\t\t<\/div>\r\n\t\t\t<\/div>\r\n\t\t\r\n\t<div class=\"container_produit\">\r\n\t\t\t\t<div class=\"produit rouge\" style=\"background-image: url(https:\/\/www.sacmo.com\/fr\/wp-content\/uploads\/2021\/04\/godet-pour-flacons-de-shampoing-sacmo-1.jpg)\">\r\n\t\t\t<div class=\"filtre rouge\" style=\"background-image: url(https:\/\/www.sacmo.com\/fr\/wp-content\/uploads\/2021\/04\/godet-pour-flacons-de-shampoing-sacmo-1.jpg)\"><\/div>\r\n\t\t\t<div class=\"container_titre_texte\">\r\n\t\t\t\t\t\t\t\t\t<div class=\"container_titre white\" >\r\n\t\t\t\t\t\t<span>GODET POUR FLACONS COSMETIQUES<\/span>\r\n\t\t\t\t\t<\/div>\r\n\t\t\t\t\t\t\t\t\t\t\t<\/div>\r\n\t\t<\/div>\r\n\t\t\t<\/div>\r\n\t\t\r\n\t<div class=\"container_produit\">\r\n\t\t\t\t<div class=\"produit rouge\" style=\"background-image: url(https:\/\/www.sacmo.com\/fr\/wp-content\/uploads\/2021\/04\/godet-pour-parfum-sacmo-1-768x805.jpg)\">\r\n\t\t\t<div class=\"filtre rouge\" style=\"background-image: url(https:\/\/www.sacmo.com\/fr\/wp-content\/uploads\/2021\/04\/godet-pour-parfum-sacmo-1-768x805.jpg)\"><\/div>\r\n\t\t\t<div class=\"container_titre_texte\">\r\n\t\t\t\t\t\t\t\t\t<div class=\"container_titre white\" >\r\n\t\t\t\t\t\t<span>GODET POUR PARFUM<\/span>\r\n\t\t\t\t\t<\/div>\r\n\t\t\t\t\t\t\t\t\t\t\t<\/div>\r\n\t\t<\/div>\r\n\t\t\t<\/div>\r\n\t<\/div><\/div><\/div><\/div><\/div><div id=\"pg-607-5\"  class=\"panel-grid panel-has-style\" ><div class=\"panel-row-style panel-row-style-for-607-5\" ><div id=\"pgc-607-5-0\"  class=\"panel-grid-cell\" ><div id=\"panel-607-5-0-0\" class=\"so-panel widget widget_smart-image panel-first-child panel-last-child\" data-index=\"12\" ><div\n\t\t\t\n\t\t\tclass=\"so-widget-smart-image so-widget-smart-image-default-40cd750bba98-607\"\n\t\t\t\n\t\t><div class=\"sow-image-container\">\n\t<div class=\"containerSmartImage right-center   ajuster\"><div class=\"chargementSmartImage\"><div class=\"containerLoader\"><div class=\"loader\"><\/div><\/div><\/div><div style=\"background-image: url(https:\/\/www.sacmo.com\/fr\/wp-content\/uploads\/2021\/03\/Remplisseuse-Pots02-scaled-1-768x432.jpg);\" class=\"smartImage carre \"><\/div><\/div>\t<\/div>\n\n<\/div><\/div><\/div><div id=\"pgc-607-5-1\"  class=\"panel-grid-cell\" ><div id=\"panel-607-5-1-0\" class=\"so-panel widget widget_smartheme_titre_widget panel-first-child\" data-index=\"13\" ><div\n\t\t\t\n\t\t\tclass=\"so-widget-smartheme_titre_widget so-widget-smartheme_titre_widget-default-d75171398898-607\"\n\t\t\t\n\t\t><div class=\"container_titre left\">\n\t<div class=\"titre\">\n\t\t\t\t<h3>Outillages complets pour machines de conditionnement<\/h3>\n\t<\/div>\n\t<\/div><\/div><\/div><div id=\"panel-607-5-1-1\" class=\"so-panel widget widget_editeur panel-last-child\" data-index=\"14\" ><div\n\t\t\t\n\t\t\tclass=\"so-widget-editeur so-widget-editeur-base\"\n\t\t\t\n\t\t>\t\t\t<div class=\"smarttheme_editeur\">\n\t\t<p><span style=\"font-size: 16px;\">Chez SACMO, nous concevons et r\u00e9alisons des outillages complets permettant de changer de format de produit sur nos machines mais aussi celles d\u2019autres constructeurs. Nous privil\u00e9gions des conceptions s\u2019inspirant de la d\u00e9marche S.M.E.D. afin que vos \u00e9quipes puissent passer d\u2019un type de produit \u00e0 un autre en toute simplicit\u00e9.<\/span><\/p>\n<p><span style=\"font-size: 16px;\">SACMO r\u00e9alise des outillages complets pour les machines de conditionnement parmi lesquels se trouvent des pi\u00e8ces de formats pour les fonctions suivantes :<\/span><br \/>\n<span style=\"font-size: 16px;\">Remplissage (becs, pinces de centrage, d\u00e9tection de col\u2026)<\/span><\/p>\n<ul>\n<li><span style=\"font-size: 16px;\">Remplissage (becs, pinces de centrage, d\u00e9tection de col\u2026)<\/span><\/li>\n<li><span style=\"font-size: 16px;\">Vissage ou bouchage (t\u00eates de vissage, mors en silicone\u2026)<\/span><\/li>\n<li><span style=\"font-size: 16px;\">Contr\u00f4les<\/span><\/li>\n<li><span style=\"font-size: 16px;\">D\u00e9pose d\u2019objets<\/span><\/li>\n<li><span style=\"font-size: 16px;\">Mise en \u00e9tui (cassettes, tunnel d\u2019introduction\u2026)<\/span><\/li>\n<li><span style=\"font-size: 16px;\">Mise sous film (pi\u00e8ces pour le fardelage et outillages pour cellophaneuse)<\/span><\/li>\n<li><span style=\"font-size: 16px;\">Mise en caisse (outillages pour encaisseuse)<\/span><\/li>\n<li><span style=\"font-size: 16px;\">Mise sur palette (pr\u00e9henseur de palettiseur\u2026)<\/span><\/li>\n<\/ul>\n<\/div>\n<\/div><\/div><\/div><\/div><\/div><div id=\"pg-607-6\"  class=\"panel-grid panel-has-style\" ><div class=\"panel-row-style panel-row-style-for-607-6\" ><div id=\"pgc-607-6-0\"  class=\"panel-grid-cell\" ><div id=\"panel-607-6-0-0\" class=\"so-panel widget widget_smartheme_titre_widget panel-first-child\" data-index=\"15\" ><div\n\t\t\t\n\t\t\tclass=\"so-widget-smartheme_titre_widget so-widget-smartheme_titre_widget-default-d75171398898-607\"\n\t\t\t\n\t\t><div class=\"container_titre left\">\n\t<div class=\"titre\">\n\t\t\t\t<h3>Outillages pour robot<\/h3>\n\t<\/div>\n\t<\/div><\/div><\/div><div id=\"panel-607-6-0-1\" class=\"so-panel widget widget_editeur\" data-index=\"16\" ><div\n\t\t\t\n\t\t\tclass=\"so-widget-editeur so-widget-editeur-base\"\n\t\t\t\n\t\t>\t\t\t<div class=\"smarttheme_editeur\">\n\t\t<p>En tant qu\u2019int\u00e9grateur robotique, nous concevons et r\u00e9alisons des outillages pour robots industriels et collaboratifs.<br \/>\nNous s\u00e9lectionnons des mati\u00e8res robustes et nous veillons \u00e0 optimiser le poids de l\u2019outil de pr\u00e9hension. Chaque outillage que nous r\u00e9alisons pour un robot est con\u00e7u pour ex\u00e9cuter parfaitement les fonctions d\u00e9finies dans votre cahier des charges (prise, remplissage, orientation, d\u00e9pose\u2026)<\/p>\n<\/div>\n<\/div><\/div><div id=\"panel-607-6-0-2\" class=\"so-panel widget widget_bouton panel-last-child\" data-index=\"17\" ><div\n\t\t\t\n\t\t\tclass=\"so-widget-bouton so-widget-bouton-default-40cd750bba98-607\"\n\t\t\t\n\t\t><div class=\"container_btn droite\">\r\n\t\t<a href=\"https:\/\/www.sacmo.com\/fr\/nos-machines-de-conditionnement\/manipulateur\/\">\t\r\n\t\t\t<div class=\"btn rouge\">\r\n\t\t\t<span>D\u00e9couvrez nos solutions robotiques<\/span>\r\n\t\t<\/div>\r\n\t<\/a>\r\n<\/div>\r\n<\/div><\/div><\/div><div id=\"pgc-607-6-1\"  class=\"panel-grid-cell\" ><div id=\"panel-607-6-1-0\" class=\"so-panel widget widget_smarttheme_media_gallery_masonry panel-first-child panel-last-child\" data-index=\"18\" ><div\n\t\t\t\n\t\t\tclass=\"so-widget-smarttheme_media_gallery_masonry so-widget-smarttheme_media_gallery_masonry-default-d75171398898-607\"\n\t\t\t\n\t\t><div class=\"container_galerie_masonry\">\r\n\t<div class=\"galerie_masonry two_column\">\r\n\t\t\t\t\t\t\t\t<div class=\"container_image rectangle center\" attr-image=\"https:\/\/www.sacmo.com\/fr\/wp-content\/uploads\/2021\/04\/remplisseuse_lineaire_sacmo-1.png\">\r\n\t\t\t\t<div class=\"image center\" style=\"background-image: url(https:\/\/www.sacmo.com\/fr\/wp-content\/uploads\/2021\/04\/remplisseuse_lineaire_sacmo-1.png)\"><\/div>\r\n\t\t\t\t<div class=\"filtre center\" style=\"background-image: linear-gradient(#b91b1d, #b91b1d), url(https:\/\/www.sacmo.com\/fr\/wp-content\/uploads\/2021\/04\/remplisseuse_lineaire_sacmo-1.png);\"><\/div>\r\n\t\t\t\t\t\t\t<\/div>\r\n\t\t\t\t\t\t\t\t<div class=\"container_image carre center\" attr-image=\"https:\/\/www.sacmo.com\/fr\/wp-content\/uploads\/2021\/04\/02-Encaisseuse-tubes-scaled-1.jpg\">\r\n\t\t\t\t<div class=\"image center\" style=\"background-image: url(https:\/\/www.sacmo.com\/fr\/wp-content\/uploads\/2021\/04\/02-Encaisseuse-tubes-scaled-1.jpg)\"><\/div>\r\n\t\t\t\t<div class=\"filtre center\" style=\"background-image: linear-gradient(#b91b1d, #b91b1d), url(https:\/\/www.sacmo.com\/fr\/wp-content\/uploads\/2021\/04\/02-Encaisseuse-tubes-scaled-1.jpg);\"><\/div>\r\n\t\t\t\t\t\t\t<\/div>\r\n\t\t\t\t\t\t\t\t<div class=\"container_image rectangle center\" attr-image=\"https:\/\/www.sacmo.com\/fr\/wp-content\/uploads\/2020\/08\/sacmo_machine_poudre-1.jpg\">\r\n\t\t\t\t<div class=\"image center\" style=\"background-image: url(https:\/\/www.sacmo.com\/fr\/wp-content\/uploads\/2020\/08\/sacmo_machine_poudre-1.jpg)\"><\/div>\r\n\t\t\t\t<div class=\"filtre center\" style=\"background-image: linear-gradient(#b91b1d, #b91b1d), url(https:\/\/www.sacmo.com\/fr\/wp-content\/uploads\/2020\/08\/sacmo_machine_poudre-1.jpg);\"><\/div>\r\n\t\t\t\t\t\t\t<\/div>\r\n\t\t\t<\/div>\r\n<\/div>\r\n\r\n<div class=\"fond_popup_masonry\"><\/div>\r\n<div class=\"popup_masonry\">\r\n\t<div class=\"container-prevPopup\"><div class=\"prevPopup\"><\/div><\/div>\r\n\t<div class=\"container-nextPopup\"><div class=\"nextPopup\"><\/div><\/div>\r\n\t<div class=\"popup containerPopup\">\r\n\t\t<div class=\"container_exit\"><div class=\"exit\"><\/div><\/div>\r\n\t\t<div class=\"contenuPopup container\">\r\n\t\t\t<div class=\"row\">\r\n\t\t\t\t<div class=\"col-md-12\">\r\n\t\t\t\t\t<img decoding=\"async\" src=\"\">\r\n\t\t\t\t<\/div>\r\n\t\t\t<\/div>\r\n\t\t<\/div>\r\n\t<\/div>\r\n<\/div><\/div><\/div><\/div><\/div><\/div><div id=\"pg-607-7\"  class=\"panel-grid panel-has-style\" ><div class=\"panel-row-style panel-row-style-for-607-7\" ><div id=\"pgc-607-7-0\"  class=\"panel-grid-cell\" ><div id=\"panel-607-7-0-0\" class=\"so-panel widget widget_smartheme_titre_widget panel-first-child\" data-index=\"19\" ><div\n\t\t\t\n\t\t\tclass=\"so-widget-smartheme_titre_widget so-widget-smartheme_titre_widget-default-d75171398898-607\"\n\t\t\t\n\t\t><div class=\"container_titre left\">\n\t<div class=\"titre\">\n\t\t\t\t<h3>Guides pour convoyeurs<\/h3>\n\t<\/div>\n\t<\/div><\/div><\/div><div id=\"panel-607-7-0-1\" class=\"so-panel widget widget_editeur\" data-index=\"20\" ><div\n\t\t\t\n\t\t\tclass=\"so-widget-editeur so-widget-editeur-base\"\n\t\t\t\n\t\t>\t\t\t<div class=\"smarttheme_editeur\">\n\t\t<p>\u00c0 simple ou \u00e0 double niveau, avec ou sans rouleaux, des courbes de 30\u00b0 \u00e0 180\u00b0\u2026 les guides de convoyeurs sont usin\u00e9s dans notre atelier pour vous fournir un \u00e9quipement de haute qualit\u00e9.<\/p>\n<\/div>\n<\/div><\/div><div id=\"panel-607-7-0-2\" class=\"so-panel widget widget_smarttheme_media_gallery_masonry panel-last-child\" data-index=\"21\" ><div\n\t\t\t\n\t\t\tclass=\"so-widget-smarttheme_media_gallery_masonry so-widget-smarttheme_media_gallery_masonry-default-d75171398898-607\"\n\t\t\t\n\t\t><div class=\"container_galerie_masonry\">\r\n\t<div class=\"galerie_masonry three_column\">\r\n\t\t\t\t\t\t\t\t<div class=\"container_image rectangle center\" attr-image=\"https:\/\/www.sacmo.com\/fr\/wp-content\/uploads\/2021\/04\/guide-convoyeurs-1.jpg\">\r\n\t\t\t\t<div class=\"image center\" style=\"background-image: url(https:\/\/www.sacmo.com\/fr\/wp-content\/uploads\/2021\/04\/guide-convoyeurs-1.jpg)\"><\/div>\r\n\t\t\t\t<div class=\"filtre center\" style=\"background-image: linear-gradient(#b91b1d, #b91b1d), url(https:\/\/www.sacmo.com\/fr\/wp-content\/uploads\/2021\/04\/guide-convoyeurs-1.jpg);\"><\/div>\r\n\t\t\t\t\t\t\t<\/div>\r\n\t\t\t\t\t\t\t\t<div class=\"container_image rectangle center\" attr-image=\"https:\/\/www.sacmo.com\/fr\/wp-content\/uploads\/2021\/03\/sacmo_guides_de_convoyeurs_usines-1.jpg\">\r\n\t\t\t\t<div class=\"image center\" style=\"background-image: url(https:\/\/www.sacmo.com\/fr\/wp-content\/uploads\/2021\/03\/sacmo_guides_de_convoyeurs_usines-1.jpg)\"><\/div>\r\n\t\t\t\t<div class=\"filtre center\" style=\"background-image: linear-gradient(#b91b1d, #b91b1d), url(https:\/\/www.sacmo.com\/fr\/wp-content\/uploads\/2021\/03\/sacmo_guides_de_convoyeurs_usines-1.jpg);\"><\/div>\r\n\t\t\t\t\t\t\t<\/div>\r\n\t\t\t\t\t\t\t\t<div class=\"container_image rectangle center\" attr-image=\"https:\/\/www.sacmo.com\/fr\/wp-content\/uploads\/2021\/03\/sacmo_godet_pour_chariot_de_convoyeur_electro-magnetique-1.jpg\">\r\n\t\t\t\t<div class=\"image center\" style=\"background-image: url(https:\/\/www.sacmo.com\/fr\/wp-content\/uploads\/2021\/03\/sacmo_godet_pour_chariot_de_convoyeur_electro-magnetique-1.jpg)\"><\/div>\r\n\t\t\t\t<div class=\"filtre center\" style=\"background-image: linear-gradient(#b91b1d, #b91b1d), url(https:\/\/www.sacmo.com\/fr\/wp-content\/uploads\/2021\/03\/sacmo_godet_pour_chariot_de_convoyeur_electro-magnetique-1.jpg);\"><\/div>\r\n\t\t\t\t\t\t\t<\/div>\r\n\t\t\t<\/div>\r\n<\/div>\r\n\r\n<div class=\"fond_popup_masonry\"><\/div>\r\n<div class=\"popup_masonry\">\r\n\t<div class=\"container-prevPopup\"><div class=\"prevPopup\"><\/div><\/div>\r\n\t<div class=\"container-nextPopup\"><div class=\"nextPopup\"><\/div><\/div>\r\n\t<div class=\"popup containerPopup\">\r\n\t\t<div class=\"container_exit\"><div class=\"exit\"><\/div><\/div>\r\n\t\t<div class=\"contenuPopup container\">\r\n\t\t\t<div class=\"row\">\r\n\t\t\t\t<div class=\"col-md-12\">\r\n\t\t\t\t\t<img decoding=\"async\" src=\"\">\r\n\t\t\t\t<\/div>\r\n\t\t\t<\/div>\r\n\t\t<\/div>\r\n\t<\/div>\r\n<\/div><\/div><\/div><\/div><\/div><\/div><\/div>","protected":false},"excerpt":{"rendered":"<p>Le changement de format devient plus facile et plus rapide gr\u00e2ce \u00e0 nos solutions SMED sur-mesure. SACMO con\u00e7oit et fabrique [&hellip;]<\/p>\n","protected":false},"author":1,"featured_media":1109,"parent":568,"menu_order":0,"comment_status":"closed","ping_status":"closed","template":"","meta":{"content-type":"","footnotes":""},"class_list":["post-607","page","type-page","status-publish","has-post-thumbnail","hentry"],"_links":{"self":[{"href":"https:\/\/www.sacmo.com\/fr\/wp-json\/wp\/v2\/pages\/607","targetHints":{"allow":["GET"]}}],"collection":[{"href":"https:\/\/www.sacmo.com\/fr\/wp-json\/wp\/v2\/pages"}],"about":[{"href":"https:\/\/www.sacmo.com\/fr\/wp-json\/wp\/v2\/types\/page"}],"author":[{"embeddable":true,"href":"https:\/\/www.sacmo.com\/fr\/wp-json\/wp\/v2\/users\/1"}],"replies":[{"embeddable":true,"href":"https:\/\/www.sacmo.com\/fr\/wp-json\/wp\/v2\/comments?post=607"}],"version-history":[{"count":41,"href":"https:\/\/www.sacmo.com\/fr\/wp-json\/wp\/v2\/pages\/607\/revisions"}],"predecessor-version":[{"id":3149,"href":"https:\/\/www.sacmo.com\/fr\/wp-json\/wp\/v2\/pages\/607\/revisions\/3149"}],"up":[{"embeddable":true,"href":"https:\/\/www.sacmo.com\/fr\/wp-json\/wp\/v2\/pages\/568"}],"wp:featuredmedia":[{"embeddable":true,"href":"https:\/\/www.sacmo.com\/fr\/wp-json\/wp\/v2\/media\/1109"}],"wp:attachment":[{"href":"https:\/\/www.sacmo.com\/fr\/wp-json\/wp\/v2\/media?parent=607"}],"curies":[{"name":"wp","href":"https:\/\/api.w.org\/{rel}","templated":true}]}}