{"id":590,"date":"2021-02-17T16:09:00","date_gmt":"2021-02-17T15:09:00","guid":{"rendered":"http:\/\/www.sacmo.com\/?page_id=590"},"modified":"2021-06-11T11:07:36","modified_gmt":"2021-06-11T09:07:36","slug":"ligne-de-conditionnement-cle-en-main","status":"publish","type":"page","link":"https:\/\/www.sacmo.com\/fr\/services-et-support\/ligne-de-conditionnement-cle-en-main\/","title":{"rendered":"Ligne de conditionnement cl\u00e9 en main"},"content":{"rendered":"<div id=\"pl-590\"  class=\"panel-layout\" ><div id=\"pg-590-0\"  class=\"panel-grid panel-has-style\" ><div class=\"panel-row-style panel-row-style-for-590-0\" ><div id=\"pgc-590-0-0\"  class=\"panel-grid-cell\" ><div id=\"panel-590-0-0-0\" class=\"so-panel widget widget_smartheme_titre_widget panel-first-child\" data-index=\"0\" ><div\n\t\t\t\n\t\t\tclass=\"so-widget-smartheme_titre_widget so-widget-smartheme_titre_widget-default-d75171398898-590\"\n\t\t\t\n\t\t><div class=\"container_titre left\">\n\t<div class=\"titre\">\n\t\t\t\t<h2>Votre ligne de conditionnement compl\u00e8te, sur-mesure et pr\u00eate \u00e0 l'emploi<\/h2>\n\t<\/div>\n\t<\/div><\/div><\/div><div id=\"panel-590-0-0-1\" class=\"so-panel widget widget_editeur panel-last-child\" data-index=\"1\" ><div\n\t\t\t\n\t\t\tclass=\"so-widget-editeur so-widget-editeur-base\"\n\t\t\t\n\t\t>\t\t\t<div class=\"smarttheme_editeur\">\n\t\t<p>SACMO fournit des lignes de conditionnement compl\u00e8tes et livr\u00e9es cl\u00e9 en main. Du d\u00e9but \u00e0 la fin de ligne, nous pouvons vous fournir des machines estampill\u00e9es SACMO et m\u00eame int\u00e9grer des machines de constructeurs de votre choix. En tant que fabricant de machines et int\u00e9grateur, nous disposons d\u2019un r\u00e9seau de partenaires nous permettant de trouver les solutions techniques les plus performantes.<\/p>\n<\/div>\n<\/div><\/div><\/div><\/div><\/div><div id=\"pg-590-1\"  class=\"panel-grid panel-has-style\" ><div class=\"panel-row-style panel-row-style-for-590-1\" ><div id=\"pgc-590-1-0\"  class=\"panel-grid-cell\" ><div id=\"panel-590-1-0-0\" class=\"so-panel widget widget_smartheme_titre_widget panel-first-child\" data-index=\"2\" ><div\n\t\t\t\n\t\t\tclass=\"so-widget-smartheme_titre_widget so-widget-smartheme_titre_widget-default-d75171398898-590\"\n\t\t\t\n\t\t><div class=\"container_titre left\">\n\t<div class=\"titre\">\n\t\t\t\t<h2>Nos \u00e9quipes vous accompagnent en France <br \/>\net \u00e0 l\u2019international.<\/h2>\n\t<\/div>\n\t<\/div><\/div><\/div><div id=\"panel-590-1-0-1\" class=\"so-panel widget widget_editeur panel-last-child\" data-index=\"3\" ><div\n\t\t\t\n\t\t\tclass=\"so-widget-editeur so-widget-editeur-base\"\n\t\t\t\n\t\t>\t\t\t<div class=\"smarttheme_editeur\">\n\t\t<p>De la conception \u00e0 l\u2019installation, un charg\u00e9 d\u2019affaires coordonne chaque \u00e9tape du projet que vous nous confiez. En v\u00e9ritable gestionnaire de projet, il vous apporte des conseils techniques et vous communique l\u2019avancement de chaque \u00e9tape. Notre Bureau d\u2019\u00e9tudes analyse votre cahier des charges et cr\u00e9\u00e9 la solution qui vous garantira productivit\u00e9 et fiabilit\u00e9. Nos dessinateurs con\u00e7oivent la ligne en y int\u00e9grant les machines, en respectant vos contraintes spatiales et en anticipant les flux de produits. Nos \u00e9quipes de techniciens r\u00e9alisent l\u2019implantation compl\u00e8te de la ligne de conditionnement (machines, convoyeurs, armoires \u00e9lectriques, \u00e9cran de supervision\u2026). \u00c0 l\u2019installation sur votre site, chaque op\u00e9ration de manutention des \u00e9quipements est r\u00e9alis\u00e9e par nos techniciens habilit\u00e9s en respectant toutes les r\u00e8gles de s\u00e9curit\u00e9.<\/p>\n<\/div>\n<\/div><\/div><\/div><div id=\"pgc-590-1-1\"  class=\"panel-grid-cell\" ><div id=\"panel-590-1-1-0\" class=\"so-panel widget widget_smart-image panel-first-child panel-last-child\" data-index=\"4\" ><div\n\t\t\t\n\t\t\tclass=\"so-widget-smart-image so-widget-smart-image-default-40cd750bba98-590\"\n\t\t\t\n\t\t><a href=\"https:\/\/www.sacmo.com\/fr\/machines-de-conditionnement\/\"><div class=\"sow-image-container\">\n\t<div class=\"containerSmartImage right-center  filtre ajuster\"><div class=\"chargementSmartImage\"><div class=\"containerLoader\"><div class=\"loader\"><\/div><\/div><\/div><div style=\"background-image: linear-gradient(rgba(0,0,0,0) calc(100% - 40px), #b91b1d 0), url(https:\/\/www.sacmo.com\/fr\/wp-content\/uploads\/2021\/06\/Mise-en-godet-02-768x432.jpg);\" class=\"filtre smartImage carre \"><\/div><\/div>\t<\/div>\n\n<\/a><\/div><\/div><\/div><\/div><\/div><div id=\"pg-590-2\"  class=\"panel-grid panel-has-style\" ><div class=\"panel-row-style panel-row-style-for-590-2\" ><div id=\"pgc-590-2-0\"  class=\"panel-grid-cell\" ><div id=\"panel-590-2-0-0\" class=\"so-panel widget widget_smartheme_titre_widget panel-first-child\" data-index=\"5\" ><div\n\t\t\t\n\t\t\tclass=\"so-widget-smartheme_titre_widget so-widget-smartheme_titre_widget-default-d75171398898-590\"\n\t\t\t\n\t\t><div class=\"container_titre left\">\n\t<div class=\"titre\">\n\t\t\t\t<h2>Les services SACMO vous garantissent d\u00e9lais et qualit\u00e9 <\/h2>\n\t<\/div>\n\t<\/div><\/div><\/div><div id=\"panel-590-2-0-1\" class=\"so-panel widget widget_editeur\" data-index=\"6\" ><div\n\t\t\t\n\t\t\tclass=\"so-widget-editeur so-widget-editeur-base\"\n\t\t\t\n\t\t>\t\t\t<div class=\"smarttheme_editeur\">\n\t\t<p>Parmi nos r\u00e9alisations, nous avons d\u00e9velopp\u00e9 et livr\u00e9 des lignes de conditionnement pr\u00eates \u00e0 l\u2019emploi pour diff\u00e9rents types de produits.<\/p>\n<\/div>\n<\/div><\/div><div id=\"panel-590-2-0-2\" class=\"so-panel widget widget_smarttheme_carousel_pictos_widget panel-last-child\" data-index=\"7\" ><div\n\t\t\t\n\t\t\tclass=\"so-widget-smarttheme_carousel_pictos_widget so-widget-smarttheme_carousel_pictos_widget-default-d75171398898-590\"\n\t\t\t\n\t\t><div class=\"container_carousel_pictos\">\r\n\t\t<div class=\"swiper-container  \">\r\n\t\t<div class=\"swiper-wrapper\">\t\r\n\t\t\t\t\t\t\t\t<div class=\"container_picto_titre swiper-slide\">\r\n\t\t\t\t\t\t\t\t\t\t\t\t<a href=\"https:\/\/www.sacmo.com\/fr\/nos-solutions-de-conditionnement\/tubes\/\">\r\n\t\t\t\t\t\t\t\t<div class=\"container_picto\">\r\n\t\t\t\t\t<div class=\"picto\" style=\"background-image: url(https:\/\/www.sacmo.com\/fr\/wp-content\/uploads\/2021\/02\/tube-1.svg)\"><\/div>\r\n\t\t\t\t<\/div>\r\n\t\t\t\t<div class=\"container_titre\">\r\n\t\t\t\t\t<span class=\"titre\">Tubes<\/span>\r\n\t\t\t\t<\/div>\r\n\t\t\t\t\t\t\t\t\t\t\t\t<\/a>\r\n\t\t\t\t\t\t\t<\/div>\r\n\t\t\t\t\t\t\t\t<div class=\"container_picto_titre swiper-slide\">\r\n\t\t\t\t\t\t\t\t\t\t\t\t<a href=\"https:\/\/www.sacmo.com\/fr\/nos-solutions-de-conditionnement\/flacons\/\">\r\n\t\t\t\t\t\t\t\t<div class=\"container_picto\">\r\n\t\t\t\t\t<div class=\"picto\" style=\"background-image: url(https:\/\/www.sacmo.com\/fr\/wp-content\/uploads\/2021\/02\/flacon_parfum-1.svg)\"><\/div>\r\n\t\t\t\t<\/div>\r\n\t\t\t\t<div class=\"container_titre\">\r\n\t\t\t\t\t<span class=\"titre\">Flacons<\/span>\r\n\t\t\t\t<\/div>\r\n\t\t\t\t\t\t\t\t\t\t\t\t<\/a>\r\n\t\t\t\t\t\t\t<\/div>\r\n\t\t\t\t\t\t\t\t<div class=\"container_picto_titre swiper-slide\">\r\n\t\t\t\t\t\t\t\t<div class=\"container_picto\">\r\n\t\t\t\t\t<div class=\"picto\" style=\"background-image: url(https:\/\/www.sacmo.com\/fr\/wp-content\/uploads\/2021\/02\/echantillons-1.svg)\"><\/div>\r\n\t\t\t\t<\/div>\r\n\t\t\t\t<div class=\"container_titre\">\r\n\t\t\t\t\t<span class=\"titre\">\u00c9chantillons<\/span>\r\n\t\t\t\t<\/div>\r\n\t\t\t\t\t\t\t\t\t\t\t<\/div>\r\n\t\t\t\t\t\t\t\t<div class=\"container_picto_titre swiper-slide\">\r\n\t\t\t\t\t\t\t\t\t\t\t\t<a href=\"https:\/\/www.sacmo.com\/fr\/nos-solutions-de-conditionnement\/pots-cosmetiques\/\">\r\n\t\t\t\t\t\t\t\t<div class=\"container_picto\">\r\n\t\t\t\t\t<div class=\"picto\" style=\"background-image: url(https:\/\/www.sacmo.com\/fr\/wp-content\/uploads\/2021\/02\/pot-1.svg)\"><\/div>\r\n\t\t\t\t<\/div>\r\n\t\t\t\t<div class=\"container_titre\">\r\n\t\t\t\t\t<span class=\"titre\">Pots<\/span>\r\n\t\t\t\t<\/div>\r\n\t\t\t\t\t\t\t\t\t\t\t\t<\/a>\r\n\t\t\t\t\t\t\t<\/div>\r\n\t\t\t\t\t\t\t\t<div class=\"container_picto_titre swiper-slide\">\r\n\t\t\t\t\t\t\t\t\t\t\t\t<a href=\"https:\/\/www.sacmo.com\/fr\/nos-solutions-de-conditionnement\/soins-capillaires\/\">\r\n\t\t\t\t\t\t\t\t<div class=\"container_picto\">\r\n\t\t\t\t\t<div class=\"picto\" style=\"background-image: url(https:\/\/www.sacmo.com\/fr\/wp-content\/uploads\/2021\/02\/coloration_cheuveux-1.svg)\"><\/div>\r\n\t\t\t\t<\/div>\r\n\t\t\t\t<div class=\"container_titre\">\r\n\t\t\t\t\t<span class=\"titre\">Colorations capillaires<\/span>\r\n\t\t\t\t<\/div>\r\n\t\t\t\t\t\t\t\t\t\t\t\t<\/a>\r\n\t\t\t\t\t\t\t<\/div>\r\n\t\t\t\t\t\t\t\t<div class=\"container_picto_titre swiper-slide\">\r\n\t\t\t\t\t\t\t\t\t\t\t\t<a href=\"https:\/\/www.sacmo.com\/fr\/nos-solutions-de-conditionnement\/aerosols\/\">\r\n\t\t\t\t\t\t\t\t<div class=\"container_picto\">\r\n\t\t\t\t\t<div class=\"picto\" style=\"background-image: url(https:\/\/www.sacmo.com\/fr\/wp-content\/uploads\/2021\/02\/aerosol-1.svg)\"><\/div>\r\n\t\t\t\t<\/div>\r\n\t\t\t\t<div class=\"container_titre\">\r\n\t\t\t\t\t<span class=\"titre\">A\u00e9rosols<\/span>\r\n\t\t\t\t<\/div>\r\n\t\t\t\t\t\t\t\t\t\t\t\t<\/a>\r\n\t\t\t\t\t\t\t<\/div>\r\n\t\t\t\t\t\t\t\t<div class=\"container_picto_titre swiper-slide\">\r\n\t\t\t\t\t\t\t\t<div class=\"container_picto\">\r\n\t\t\t\t\t<div class=\"picto\" style=\"background-image: url(https:\/\/www.sacmo.com\/fr\/wp-content\/uploads\/2021\/02\/rouge_a_levre-1.svg)\"><\/div>\r\n\t\t\t\t<\/div>\r\n\t\t\t\t<div class=\"container_titre\">\r\n\t\t\t\t\t<span class=\"titre\">Rouge \u00e0 l\u00e8vres<\/span>\r\n\t\t\t\t<\/div>\r\n\t\t\t\t\t\t\t\t\t\t\t<\/div>\r\n\t\t\t\t\t\t\t\t<div class=\"container_picto_titre swiper-slide\">\r\n\t\t\t\t\t\t\t\t<div class=\"container_picto\">\r\n\t\t\t\t\t<div class=\"picto\" style=\"background-image: url(https:\/\/www.sacmo.com\/fr\/wp-content\/uploads\/2021\/02\/mascara-1.svg)\"><\/div>\r\n\t\t\t\t<\/div>\r\n\t\t\t\t<div class=\"container_titre\">\r\n\t\t\t\t\t<span class=\"titre\">Mascaras<\/span>\r\n\t\t\t\t<\/div>\r\n\t\t\t\t\t\t\t\t\t\t\t<\/div>\r\n\t\t\t\t\t\t\t\t<div class=\"container_picto_titre swiper-slide\">\r\n\t\t\t\t\t\t\t\t<div class=\"container_picto\">\r\n\t\t\t\t\t<div class=\"picto\" style=\"background-image: url(https:\/\/www.sacmo.com\/fr\/wp-content\/uploads\/2021\/02\/poudre-1.svg)\"><\/div>\r\n\t\t\t\t<\/div>\r\n\t\t\t\t<div class=\"container_titre\">\r\n\t\t\t\t\t<span class=\"titre\">Poudres<\/span>\r\n\t\t\t\t<\/div>\r\n\t\t\t\t\t\t\t\t\t\t\t<\/div>\r\n\t\t\t\r\n\t\t<\/div>\r\n\t<\/div>\r\n\t<div class=\"swiper-button-next\">\r\n\t\t<div class=\"container_nav_next\">\r\n\t\t\t<div class=\"nav_next\">\r\n\t\t\t\t<span><\/span>\r\n\t\t\t<\/div>\r\n\t\t<\/div>\r\n\t<\/div>\r\n\t<div class=\"swiper-button-prev\">\r\n\t\t<div class=\"container_nav_prev\">\r\n\t\t\t<div class=\"nav_prev\">\r\n\t\t\t\t<span><\/span>\r\n\t\t\t<\/div>\r\n\t\t<\/div>\r\n\t<\/div>\r\n\t<div class=\"container_carousel_pictos-pagination\"><\/div>\r\n<\/div><\/div><\/div><\/div><\/div><\/div><div id=\"pg-590-3\"  class=\"panel-grid panel-has-style\" ><div class=\"panel-row-style panel-row-style-for-590-3\" ><div id=\"pgc-590-3-0\"  class=\"panel-grid-cell\" ><div id=\"panel-590-3-0-0\" class=\"so-panel widget widget_smartheme_titre_widget panel-first-child\" data-index=\"8\" ><div\n\t\t\t\n\t\t\tclass=\"so-widget-smartheme_titre_widget so-widget-smartheme_titre_widget-default-d75171398898-590\"\n\t\t\t\n\t\t><div class=\"container_titre left\">\n\t<div class=\"titre\">\n\t\t\t\t<h2>Une ligne cl\u00e9 en main <br \/>\npour le conditionnement de tubes sign\u00e9e SACMO<\/h2>\n\t<\/div>\n\t<\/div><\/div><\/div><div id=\"panel-590-3-0-1\" class=\"so-panel widget widget_editeur panel-last-child\" data-index=\"9\" ><div\n\t\t\t\n\t\t\tclass=\"so-widget-editeur so-widget-editeur-base\"\n\t\t\t\n\t\t>\t\t\t<div class=\"smarttheme_editeur\">\n\t\t<p>Nous avons livr\u00e9 \u00e0 notre client, leader en produits capillaires, une ligne pr\u00eate \u00e0 l\u2019emploi pour le conditionnement de tube. Soucieux d\u2019optimiser ses approvisionnements, notre client cherchait une solution pour r\u00e9duire le nombre de r\u00e9f\u00e9rences de tubes en stock. Nous avons d\u00e9velopp\u00e9 une \u00e9tiqueteuse de tubes permettant de personnaliser \/ d\u00e9corer les tubes directement sur la ligne de conditionnement.<\/p>\n<p>&nbsp;<\/p>\n<p>Notre client a divis\u00e9 par 3 ses r\u00e9f\u00e9rences de tubes et r\u00e9ussi \u00e0 optimiser ses co\u00fbts d\u2019approvisionnement et de stockage. Afin de rendre la ligne la plus autonome et la plus flexible possible, nous avons cr\u00e9\u00e9 une encaisseuse robotis\u00e9e sp\u00e9ciale tubes. Nos \u00e9quipes ont \u00e9galement con\u00e7u l\u2019implantation de la ligne, install\u00e9 chaque \u00e9quipement \u00e0 la position pr\u00e9vue et connect\u00e9 les machines entre elles en optimisant les syst\u00e8mes de convoyage. Nous avons d\u00e9marr\u00e9 la ligne en pr\u00e9sence de notre client qui a soulign\u00e9 notre maitrise des d\u00e9lais et la qualit\u00e9 de nos prestations.<\/p>\n<\/div>\n<\/div><\/div><\/div><div id=\"pgc-590-3-1\"  class=\"panel-grid-cell\" ><div id=\"panel-590-3-1-0\" class=\"so-panel widget widget_smart-image panel-first-child panel-last-child\" data-index=\"10\" ><div\n\t\t\t\n\t\t\tclass=\"so-widget-smart-image so-widget-smart-image-default-40cd750bba98-590\"\n\t\t\t\n\t\t><a href=\"https:\/\/www.sacmo.com\/fr\/nos-solutions-de-conditionnement\/tubes\/\"><div class=\"sow-image-container\">\n\t<div class=\"containerSmartImage right-center  filtre ajuster\"><div class=\"chargementSmartImage\"><div class=\"containerLoader\"><div class=\"loader\"><\/div><\/div><\/div><div style=\"background-image: linear-gradient(rgba(0,0,0,0) calc(100% - 40px), #b91b1d 0), url(https:\/\/www.sacmo.com\/fr\/wp-content\/uploads\/2021\/04\/etiqueteuse-de-tubes-sacmo-1-768x432.jpg);\" class=\"filtre smartImage carre \"><\/div><\/div>\t<\/div>\n\n<\/a><\/div><\/div><\/div><\/div><\/div><\/div>","protected":false},"excerpt":{"rendered":"<p>Votre ligne de conditionnement compl\u00e8te, sur-mesure et pr\u00eate \u00e0 l&#8217;emploi SACMO fournit des lignes de conditionnement compl\u00e8tes et livr\u00e9es cl\u00e9 [&hellip;]<\/p>\n","protected":false},"author":1,"featured_media":800,"parent":568,"menu_order":0,"comment_status":"closed","ping_status":"closed","template":"","meta":{"content-type":"","footnotes":""},"class_list":["post-590","page","type-page","status-publish","has-post-thumbnail","hentry"],"_links":{"self":[{"href":"https:\/\/www.sacmo.com\/fr\/wp-json\/wp\/v2\/pages\/590","targetHints":{"allow":["GET"]}}],"collection":[{"href":"https:\/\/www.sacmo.com\/fr\/wp-json\/wp\/v2\/pages"}],"about":[{"href":"https:\/\/www.sacmo.com\/fr\/wp-json\/wp\/v2\/types\/page"}],"author":[{"embeddable":true,"href":"https:\/\/www.sacmo.com\/fr\/wp-json\/wp\/v2\/users\/1"}],"replies":[{"embeddable":true,"href":"https:\/\/www.sacmo.com\/fr\/wp-json\/wp\/v2\/comments?post=590"}],"version-history":[{"count":14,"href":"https:\/\/www.sacmo.com\/fr\/wp-json\/wp\/v2\/pages\/590\/revisions"}],"predecessor-version":[{"id":3045,"href":"https:\/\/www.sacmo.com\/fr\/wp-json\/wp\/v2\/pages\/590\/revisions\/3045"}],"up":[{"embeddable":true,"href":"https:\/\/www.sacmo.com\/fr\/wp-json\/wp\/v2\/pages\/568"}],"wp:featuredmedia":[{"embeddable":true,"href":"https:\/\/www.sacmo.com\/fr\/wp-json\/wp\/v2\/media\/800"}],"wp:attachment":[{"href":"https:\/\/www.sacmo.com\/fr\/wp-json\/wp\/v2\/media?parent=590"}],"curies":[{"name":"wp","href":"https:\/\/api.w.org\/{rel}","templated":true}]}}