{"id":568,"date":"2021-02-17T15:05:16","date_gmt":"2021-02-17T14:05:16","guid":{"rendered":"http:\/\/www.sacmo.com\/?page_id=568"},"modified":"2021-05-16T11:10:33","modified_gmt":"2021-05-16T09:10:33","slug":"services-et-support","status":"publish","type":"page","link":"https:\/\/www.sacmo.com\/fr\/services-et-support\/","title":{"rendered":"Services et support"},"content":{"rendered":"<div id=\"pl-568\"  class=\"panel-layout\" ><div id=\"pg-568-0\"  class=\"panel-grid panel-has-style\" ><div class=\"panel-row-style panel-row-style-for-568-0\" ><div id=\"pgc-568-0-0\"  class=\"panel-grid-cell\" ><div id=\"panel-568-0-0-0\" class=\"so-panel widget widget_smartheme_titre_widget panel-first-child\" data-index=\"0\" ><div\n\t\t\t\n\t\t\tclass=\"so-widget-smartheme_titre_widget so-widget-smartheme_titre_widget-default-d75171398898-568\"\n\t\t\t\n\t\t><div class=\"container_titre center\">\n\t<div class=\"titre\">\n\t\t\t\t<h2>Sp\u00e9cialiste de la machine sur-mesure et des services pour lignes de conditionnement<\/h2>\n\t<\/div>\n\t<\/div><\/div><\/div><div id=\"panel-568-0-0-1\" class=\"so-panel widget widget_editeur panel-last-child\" data-index=\"1\" ><div\n\t\t\t\n\t\t\tclass=\"so-widget-editeur so-widget-editeur-base\"\n\t\t\t\n\t\t>\t\t\t<div class=\"smarttheme_editeur\">\n\t\t<p>SACMO est une soci\u00e9t\u00e9 experte en solutions compl\u00e8tes d\u00e9di\u00e9es aux lignes de conditionnement. SACMO con\u00e7oit, r\u00e9alise et installe des machines sur-mesure destin\u00e9es majoritaires aux industries cosm\u00e9tiques et pharmaceutiques. Mais SACMO, c\u2019est surtout une soci\u00e9t\u00e9 qui fournit des prestations de services pour les lignes de conditionnement que ce soit en ing\u00e9nierie ou en services apr\u00e8s-vente.<br \/>\nNos \u00e9quipes de techniciens et d\u2019ing\u00e9nieurs passionn\u00e9s mettent toutes leurs comp\u00e9tences au service de vos projets. Une nouvelle ligne \u00e0 implanter ? Une ligne \u00e0 transf\u00e9rer dans un autre pays ? Nos comp\u00e9tences en ing\u00e9nierie transformeront vos projets en r\u00e9ussite. De la modification d\u2019une machine \u00e0 la r\u00e9alisation d\u2019une ligne compl\u00e8te, notre offre de services s\u2019adapte \u00e0 vos besoins. Conception, fabrication, montage, c\u00e2blage, programmation et installation sont effectu\u00e9es par nos propres \u00e9quipes.<\/p>\n<\/div>\n<\/div><\/div><\/div><\/div><\/div><div id=\"pg-568-1\"  class=\"panel-grid panel-has-style\" ><div class=\"panel-row-style panel-row-style-for-568-1\" ><div id=\"pgc-568-1-0\"  class=\"panel-grid-cell\" ><div id=\"panel-568-1-0-0\" class=\"so-panel widget widget_smartheme_titre_widget panel-first-child\" data-index=\"2\" ><div\n\t\t\t\n\t\t\tclass=\"so-widget-smartheme_titre_widget so-widget-smartheme_titre_widget-default-d75171398898-568\"\n\t\t\t\n\t\t><div class=\"container_titre center\">\n\t<div class=\"titre\">\n\t\t\t\t<h3>Nos prestations de services en ing\u00e9nierie pour lignes de conditionnement<\/h3>\n\t<\/div>\n\t\t\t<span class=\"soustitre\">Nos \u00e9quipes mobilisent toutes leurs comp\u00e9tences pour la r\u00e9ussite de vos projets.<\/span>\n\t<\/div><\/div><\/div><div id=\"panel-568-1-0-1\" class=\"so-panel widget widget_smarttheme_carousel_pictos_widget panel-last-child\" data-index=\"3\" ><div\n\t\t\t\n\t\t\tclass=\"so-widget-smarttheme_carousel_pictos_widget so-widget-smarttheme_carousel_pictos_widget-default-d75171398898-568\"\n\t\t\t\n\t\t><div class=\"container_carousel_pictos\">\r\n\t\t<div class=\"swiper-container  linear\">\r\n\t\t<div class=\"swiper-wrapper\">\t\r\n\t\t\t\t\t\t\t\t<div class=\"container_picto_titre swiper-slide\">\r\n\t\t\t\t\t\t\t\t\t\t\t\t<a href=\"https:\/\/www.sacmo.com\/fr\/services-et-support\/conception\/\">\r\n\t\t\t\t\t\t\t\t<div class=\"container_picto\">\r\n\t\t\t\t\t<div class=\"picto\" style=\"background-image: url(https:\/\/www.sacmo.com\/fr\/wp-content\/uploads\/2020\/08\/conception_sur_mesure-1.svg)\"><\/div>\r\n\t\t\t\t<\/div>\r\n\t\t\t\t<div class=\"container_titre\">\r\n\t\t\t\t\t<span class=\"titre\">Conception sur-mesure<\/span>\r\n\t\t\t\t<\/div>\r\n\t\t\t\t\t\t\t\t\t\t\t\t<\/a>\r\n\t\t\t\t\t\t\t<\/div>\r\n\t\t\t\t\t\t\t\t<div class=\"container_picto_titre swiper-slide\">\r\n\t\t\t\t\t\t\t\t\t\t\t\t<a href=\"https:\/\/www.sacmo.com\/fr\/services-et-support\/retrofit\/\">\r\n\t\t\t\t\t\t\t\t<div class=\"container_picto\">\r\n\t\t\t\t\t<div class=\"picto\" style=\"background-image: url(https:\/\/www.sacmo.com\/fr\/wp-content\/uploads\/2020\/12\/retrofit_complet-1.svg)\"><\/div>\r\n\t\t\t\t<\/div>\r\n\t\t\t\t<div class=\"container_titre\">\r\n\t\t\t\t\t<span class=\"titre\">Retrofit de machines de conditionnement<\/span>\r\n\t\t\t\t<\/div>\r\n\t\t\t\t\t\t\t\t\t\t\t\t<\/a>\r\n\t\t\t\t\t\t\t<\/div>\r\n\t\t\t\t\t\t\t\t<div class=\"container_picto_titre swiper-slide\">\r\n\t\t\t\t\t\t\t\t\t\t\t\t<a href=\"https:\/\/www.sacmo.com\/fr\/services-et-support\/ligne-de-conditionnement-cle-en-main\/\">\r\n\t\t\t\t\t\t\t\t<div class=\"container_picto\">\r\n\t\t\t\t\t<div class=\"picto\" style=\"background-image: url(https:\/\/www.sacmo.com\/fr\/wp-content\/uploads\/2020\/08\/ligne_de_conditionnement_cles_en_main-1.svg)\"><\/div>\r\n\t\t\t\t<\/div>\r\n\t\t\t\t<div class=\"container_titre\">\r\n\t\t\t\t\t<span class=\"titre\">Lignes cl\u00e9 en main<\/span>\r\n\t\t\t\t<\/div>\r\n\t\t\t\t\t\t\t\t\t\t\t\t<\/a>\r\n\t\t\t\t\t\t\t<\/div>\r\n\t\t\t\t\t\t\t\t<div class=\"container_picto_titre swiper-slide\">\r\n\t\t\t\t\t\t\t\t\t\t\t\t<a href=\"https:\/\/www.sacmo.com\/fr\/services-et-support\/demenagement-transfert-industriel\/\">\r\n\t\t\t\t\t\t\t\t<div class=\"container_picto\">\r\n\t\t\t\t\t<div class=\"picto\" style=\"background-image: url(https:\/\/www.sacmo.com\/fr\/wp-content\/uploads\/2020\/08\/demenagement_de_lignes-1.svg)\"><\/div>\r\n\t\t\t\t<\/div>\r\n\t\t\t\t<div class=\"container_titre\">\r\n\t\t\t\t\t<span class=\"titre\">D\u00e9m\u00e9nagement de lignes de conditionnement<\/span>\r\n\t\t\t\t<\/div>\r\n\t\t\t\t\t\t\t\t\t\t\t\t<\/a>\r\n\t\t\t\t\t\t\t<\/div>\r\n\t\t\t\r\n\t\t<\/div>\r\n\t<\/div>\r\n\t<div class=\"swiper-button-next\">\r\n\t\t<div class=\"container_nav_next\">\r\n\t\t\t<div class=\"nav_next\">\r\n\t\t\t\t<span><\/span>\r\n\t\t\t<\/div>\r\n\t\t<\/div>\r\n\t<\/div>\r\n\t<div class=\"swiper-button-prev\">\r\n\t\t<div class=\"container_nav_prev\">\r\n\t\t\t<div class=\"nav_prev\">\r\n\t\t\t\t<span><\/span>\r\n\t\t\t<\/div>\r\n\t\t<\/div>\r\n\t<\/div>\r\n\t<div class=\"container_carousel_pictos-pagination\"><\/div>\r\n<\/div><\/div><\/div><\/div><\/div><\/div><div id=\"pg-568-2\"  class=\"panel-grid panel-has-style\" ><div class=\"panel-row-style panel-row-style-for-568-2\" ><div id=\"pgc-568-2-0\"  class=\"panel-grid-cell\" ><div id=\"panel-568-2-0-0\" class=\"so-panel widget widget_smartheme_titre_widget panel-first-child panel-last-child\" data-index=\"4\" ><div\n\t\t\t\n\t\t\tclass=\"so-widget-smartheme_titre_widget so-widget-smartheme_titre_widget-default-d75171398898-568\"\n\t\t\t\n\t\t><div class=\"container_titre center\">\n\t<div class=\"titre\">\n\t\t\t\t<h3>Nos Services apr\u00e8s-vente<\/h3>\n\t<\/div>\n\t\t\t<span class=\"soustitre\">Nos techniciens sont tous form\u00e9s aux interventions permettant de maintenir votre machine dans un \u00e9tat de fonctionnement optimal.<\/span>\n\t<\/div><\/div><\/div><\/div><\/div><\/div><div id=\"pg-568-3\"  class=\"panel-grid panel-has-style\" ><div class=\"panel-row-style panel-row-style-for-568-3\" ><div id=\"pgc-568-3-0\"  class=\"panel-grid-cell\" ><div id=\"panel-568-3-0-0\" class=\"so-panel widget widget_image-text panel-first-child panel-last-child\" data-index=\"5\" ><div\n\t\t\t\n\t\t\tclass=\"so-widget-image-text so-widget-image-text-default-40cd750bba98-568\"\n\t\t\t\n\t\t>\r\n<div class=\"container_image_texte\">\r\n\t<div class=\"image_texte\" style=\"background-image: url(https:\/\/www.sacmo.com\/fr\/wp-content\/uploads\/2021\/03\/Conception-mecanique-Entete-DSC05614-scaled-1-768x432.jpg)\">\r\n\t\t<div class=\"filter white-filter\" style=\"background-color: #fff; background-image: url(https:\/\/www.sacmo.com\/fr\/wp-content\/uploads\/2021\/03\/Conception-mecanique-Entete-DSC05614-scaled-1-768x432.jpg) \"><\/div>\r\n\t\t<div class=\"container_texte\">\r\n\t\t\t\t\t\t\t\t\t\t<div class=\"container_titre black\" >\r\n\t\t\t\t\t<h2 class=\"titre\"> Adaptation de machines<\/h2>\r\n\t\t\t\t<\/div>\r\n\t\t\t\t\t\t\t\t\t\t<div class=\"texte_haut black\">\r\n\t\t\t\t\t<p>Nous transformons des postes de votre machine en y int\u00e9grant du mat\u00e9riel de pointe.<\/p>\r\n\t\t\t\t<\/div>\r\n\t\t\t\t\t\t\t\t\t\t<div class=\"container_button red\">\r\n\t\t\t\t\t<a href=\"https:\/\/www.sacmo.com\/fr\/services-et-support\/service-apres-vente\/adaptation\/\" >\r\n\t\t\t\t\t\t<div class=\"button\">\r\n\t\t\t\t\t\t\t<span>En savoir plus<\/span>\r\n\t\t\t\t\t\t<\/div>\r\n\t\t\t\t\t<\/a>\r\n\t\t\t\t<\/div>\r\n\t\t\t\t\t\t\t\t<\/div>\r\n\t<\/div>\r\n<\/div><\/div><\/div><\/div><div id=\"pgc-568-3-1\"  class=\"panel-grid-cell\" ><div id=\"panel-568-3-1-0\" class=\"so-panel widget widget_image-text panel-first-child panel-last-child\" data-index=\"6\" ><div\n\t\t\t\n\t\t\tclass=\"so-widget-image-text so-widget-image-text-default-40cd750bba98-568\"\n\t\t\t\n\t\t>\r\n<div class=\"container_image_texte\">\r\n\t<div class=\"image_texte\" style=\"background-image: url(https:\/\/www.sacmo.com\/fr\/wp-content\/uploads\/2020\/08\/sacmo_leader_ligne_de_conditionnement-1-768x512.jpg)\">\r\n\t\t<div class=\"filter \" style=\"background-color: #b91b1d; background-image: url(https:\/\/www.sacmo.com\/fr\/wp-content\/uploads\/2020\/08\/sacmo_leader_ligne_de_conditionnement-1-768x512.jpg) \"><\/div>\r\n\t\t<div class=\"container_texte\">\r\n\t\t\t\t\t\t\t\t\t\t<div class=\"container_titre white\" >\r\n\t\t\t\t\t<h2 class=\"titre\"> Assistance et d\u00e9pannage<\/h2>\r\n\t\t\t\t<\/div>\r\n\t\t\t\t\t\t\t\t\t\t<div class=\"texte_haut white\">\r\n\t\t\t\t\t<p>Nos \u00e9quipes interviennent \u00e0 distance ou se d\u00e9placent sur le site de nos clients pour tout diagnostic ou tout d\u00e9pannage.<\/p>\r\n\t\t\t\t<\/div>\r\n\t\t\t\t\t\t\t\t\t\t<div class=\"container_button white\">\r\n\t\t\t\t\t<a href=\"https:\/\/www.sacmo.com\/fr\/services-et-support\/service-apres-vente\/assistance\/\" >\r\n\t\t\t\t\t\t<div class=\"button\">\r\n\t\t\t\t\t\t\t<span>En savoir plus<\/span>\r\n\t\t\t\t\t\t<\/div>\r\n\t\t\t\t\t<\/a>\r\n\t\t\t\t<\/div>\r\n\t\t\t\t\t\t\t\t<\/div>\r\n\t<\/div>\r\n<\/div><\/div><\/div><\/div><\/div><\/div><div id=\"pg-568-4\"  class=\"panel-grid panel-has-style\" ><div class=\"panel-row-style panel-row-style-for-568-4\" ><div id=\"pgc-568-4-0\"  class=\"panel-grid-cell\" ><div id=\"panel-568-4-0-0\" class=\"so-panel widget widget_image-text panel-first-child panel-last-child\" data-index=\"7\" ><div\n\t\t\t\n\t\t\tclass=\"so-widget-image-text so-widget-image-text-default-40cd750bba98-568\"\n\t\t\t\n\t\t>\r\n<div class=\"container_image_texte\">\r\n\t<div class=\"image_texte\" style=\"background-image: url(https:\/\/www.sacmo.com\/fr\/wp-content\/uploads\/2020\/11\/sacom_atelier_usinage_2-1-768x512.jpg)\">\r\n\t\t<div class=\"filter \" style=\"background-color: #b91b1d; background-image: url(https:\/\/www.sacmo.com\/fr\/wp-content\/uploads\/2020\/11\/sacom_atelier_usinage_2-1-768x512.jpg) \"><\/div>\r\n\t\t<div class=\"container_texte\">\r\n\t\t\t\t\t\t\t\t\t\t<div class=\"container_titre white\" >\r\n\t\t\t\t\t<h2 class=\"titre\"> Pi\u00e8ces de formats<\/h2>\r\n\t\t\t\t<\/div>\r\n\t\t\t\t\t\t\t\t\t\t<div class=\"texte_haut white\">\r\n\t\t\t\t\t<p>Vous changez de contenant ? Nous dessinons et fabriquons l\u2019outillages pour permettre \u00e0 vos machines d\u2019admettre ce nouveau produit.<\/p>\r\n\t\t\t\t<\/div>\r\n\t\t\t\t\t\t\t\t\t\t<div class=\"container_button white\">\r\n\t\t\t\t\t<a href=\"https:\/\/www.sacmo.com\/fr\/services-et-support\/outillages-et-pieces-de-format\/\" >\r\n\t\t\t\t\t\t<div class=\"button\">\r\n\t\t\t\t\t\t\t<span>En savoir plus<\/span>\r\n\t\t\t\t\t\t<\/div>\r\n\t\t\t\t\t<\/a>\r\n\t\t\t\t<\/div>\r\n\t\t\t\t\t\t\t\t<\/div>\r\n\t<\/div>\r\n<\/div><\/div><\/div><\/div><div id=\"pgc-568-4-1\"  class=\"panel-grid-cell\" ><div id=\"panel-568-4-1-0\" class=\"so-panel widget widget_image-text panel-first-child panel-last-child\" data-index=\"8\" ><div\n\t\t\t\n\t\t\tclass=\"so-widget-image-text so-widget-image-text-default-40cd750bba98-568\"\n\t\t\t\n\t\t>\r\n<div class=\"container_image_texte\">\r\n\t<div class=\"image_texte\" style=\"background-image: url(https:\/\/www.sacmo.com\/fr\/wp-content\/uploads\/2021\/03\/Mise-au-point-01-scaled-1-768x1152.jpg)\">\r\n\t\t<div class=\"filter white-filter\" style=\"background-color: #fff; background-image: url(https:\/\/www.sacmo.com\/fr\/wp-content\/uploads\/2021\/03\/Mise-au-point-01-scaled-1-768x1152.jpg) \"><\/div>\r\n\t\t<div class=\"container_texte\">\r\n\t\t\t\t\t\t\t\t\t\t<div class=\"container_titre black\" >\r\n\t\t\t\t\t<h2 class=\"titre\"> Maintenance<\/h2>\r\n\t\t\t\t<\/div>\r\n\t\t\t\t\t\t\t\t\t\t<div class=\"texte_haut black\">\r\n\t\t\t\t\t<p>Nos techniciens effectuent des prestations de maintenance pr\u00e9ventive ou curative et vous conseillent pour l\u2019entretien de vos machines.<\/p>\r\n\t\t\t\t<\/div>\r\n\t\t\t\t\t\t\t\t\t\t<div class=\"container_button red\">\r\n\t\t\t\t\t<a href=\"https:\/\/www.sacmo.com\/fr\/services-et-support\/service-apres-vente\/maintenance\/\" >\r\n\t\t\t\t\t\t<div class=\"button\">\r\n\t\t\t\t\t\t\t<span>En savoir plus<\/span>\r\n\t\t\t\t\t\t<\/div>\r\n\t\t\t\t\t<\/a>\r\n\t\t\t\t<\/div>\r\n\t\t\t\t\t\t\t\t<\/div>\r\n\t<\/div>\r\n<\/div><\/div><\/div><\/div><\/div><\/div><div id=\"pg-568-5\"  class=\"panel-grid panel-has-style\" ><div class=\"panel-row-style panel-row-style-for-568-5\" ><div id=\"pgc-568-5-0\"  class=\"panel-grid-cell\" ><div id=\"panel-568-5-0-0\" class=\"so-panel widget widget_bouton panel-first-child panel-last-child\" data-index=\"9\" ><div\n\t\t\t\n\t\t\tclass=\"so-widget-bouton so-widget-bouton-default-40cd750bba98-568\"\n\t\t\t\n\t\t><div class=\"container_btn centre\">\r\n\t\t<a href=\"https:\/\/www.sacmo.com\/fr\/services-et-support\/service-apres-vente\/\">\t\r\n\t\t\t<div class=\"btn rouge\">\r\n\t\t\t<span>En savoir plus sur nos prestations S.A.V.<\/span>\r\n\t\t<\/div>\r\n\t<\/a>\r\n<\/div>\r\n<\/div><\/div><\/div><\/div><\/div><\/div>","protected":false},"excerpt":{"rendered":"<p>Sp\u00e9cialiste de la machine sur-mesure et des services pour lignes de conditionnement SACMO est une soci\u00e9t\u00e9 experte en solutions compl\u00e8tes [&hellip;]<\/p>\n","protected":false},"author":1,"featured_media":1104,"parent":0,"menu_order":0,"comment_status":"closed","ping_status":"closed","template":"","meta":{"content-type":"","footnotes":""},"class_list":["post-568","page","type-page","status-publish","has-post-thumbnail","hentry"],"_links":{"self":[{"href":"https:\/\/www.sacmo.com\/fr\/wp-json\/wp\/v2\/pages\/568","targetHints":{"allow":["GET"]}}],"collection":[{"href":"https:\/\/www.sacmo.com\/fr\/wp-json\/wp\/v2\/pages"}],"about":[{"href":"https:\/\/www.sacmo.com\/fr\/wp-json\/wp\/v2\/types\/page"}],"author":[{"embeddable":true,"href":"https:\/\/www.sacmo.com\/fr\/wp-json\/wp\/v2\/users\/1"}],"replies":[{"embeddable":true,"href":"https:\/\/www.sacmo.com\/fr\/wp-json\/wp\/v2\/comments?post=568"}],"version-history":[{"count":2,"href":"https:\/\/www.sacmo.com\/fr\/wp-json\/wp\/v2\/pages\/568\/revisions"}],"predecessor-version":[{"id":2337,"href":"https:\/\/www.sacmo.com\/fr\/wp-json\/wp\/v2\/pages\/568\/revisions\/2337"}],"wp:featuredmedia":[{"embeddable":true,"href":"https:\/\/www.sacmo.com\/fr\/wp-json\/wp\/v2\/media\/1104"}],"wp:attachment":[{"href":"https:\/\/www.sacmo.com\/fr\/wp-json\/wp\/v2\/media?parent=568"}],"curies":[{"name":"wp","href":"https:\/\/api.w.org\/{rel}","templated":true}]}}