{"id":556,"date":"2021-02-17T14:40:27","date_gmt":"2021-02-17T13:40:27","guid":{"rendered":"http:\/\/www.sacmo.com\/?page_id=556"},"modified":"2024-08-05T16:40:05","modified_gmt":"2024-08-05T14:40:05","slug":"references","status":"publish","type":"page","link":"https:\/\/www.sacmo.com\/fr\/specialiste-du-conditionnement\/references\/","title":{"rendered":"R\u00e9f\u00e9rences"},"content":{"rendered":"<div id=\"pl-556\"  class=\"panel-layout\" ><div id=\"pg-556-0\"  class=\"panel-grid panel-has-style\" ><div class=\"panel-row-style panel-row-style-for-556-0\" ><div id=\"pgc-556-0-0\"  class=\"panel-grid-cell\" ><div id=\"panel-556-0-0-0\" class=\"so-panel widget widget_editeur panel-first-child panel-last-child\" data-index=\"0\" ><div\n\t\t\t\n\t\t\tclass=\"so-widget-editeur so-widget-editeur-base\"\n\t\t\t\n\t\t>\t\t\t<div class=\"smarttheme_editeur\">\n\t\t<p>Depuis 1981, la SACMO a construit des relations de confiance avec ses clients. En quarante ans, le petit atelier d\u2019usinage est devenu un sp\u00e9cialiste de la machine de conditionnement sur-mesure. Nous avons accompagn\u00e9 nos clients dans leur d\u00e9veloppement en France et \u00e0 l\u2019\u00e9tranger ce qui a port\u00e9 aussi notre croissance. Entrain\u00e9 par l\u2019ambition des projets de nos clients, nous avons adapt\u00e9 nos comp\u00e9tences et capacit\u00e9s de production en fonction de leurs demandes.<br \/>\nLes t\u00e9moignages de nos clients sont la preuve irr\u00e9futable que SACMO est reconnue comme sp\u00e9cialiste de la machine de conditionnement sur-mesure et des services associ\u00e9s.<\/p>\n<\/div>\n<\/div><\/div><\/div><div id=\"pgc-556-0-1\"  class=\"panel-grid-cell\" ><div id=\"panel-556-0-1-0\" class=\"so-panel widget widget_smart-image panel-first-child panel-last-child\" data-index=\"1\" ><div\n\t\t\t\n\t\t\tclass=\"so-widget-smart-image so-widget-smart-image-default-40cd750bba98-556\"\n\t\t\t\n\t\t><div class=\"sow-image-container\">\n\t<div class=\"containerSmartImage center-center   ajuster\"><div class=\"chargementSmartImage\"><div class=\"containerLoader\"><div class=\"loader\"><\/div><\/div><\/div><div style=\"background-image: url(https:\/\/www.sacmo.com\/fr\/wp-content\/uploads\/2021\/03\/Mise-au-point-01-scaled-1-768x1152.jpg);\" class=\"smartImage carre \"><\/div><\/div>\t<\/div>\n\n<\/div><\/div><\/div><\/div><\/div><div id=\"pg-556-1\"  class=\"panel-grid panel-has-style\" ><div class=\"panel-row-style panel-row-style-for-556-1\" ><div id=\"pgc-556-1-0\"  class=\"panel-grid-cell\" ><div id=\"panel-556-1-0-0\" class=\"so-panel widget widget_smart-image panel-first-child panel-last-child\" data-index=\"2\" ><div\n\t\t\t\n\t\t\tclass=\"so-widget-smart-image so-widget-smart-image-default-40cd750bba98-556\"\n\t\t\t\n\t\t><div class=\"sow-image-container\">\n\t<div class=\"containerSmartImage center-center   ajuster\"><div class=\"chargementSmartImage\"><div class=\"containerLoader\"><div class=\"loader\"><\/div><\/div><\/div><div style=\"background-image: url(https:\/\/www.sacmo.com\/fr\/wp-content\/uploads\/2020\/08\/sacmo_leader_ligne_de_conditionnement-1-768x512.jpg);\" class=\"smartImage carre \"><\/div><\/div>\t<\/div>\n\n<\/div><\/div><\/div><div id=\"pgc-556-1-1\"  class=\"panel-grid-cell\" ><div id=\"panel-556-1-1-0\" class=\"so-panel widget widget_editeur panel-first-child panel-last-child\" data-index=\"3\" ><div\n\t\t\t\n\t\t\tclass=\"so-widget-editeur so-widget-editeur-base\"\n\t\t\t\n\t\t>\t\t\t<div class=\"smarttheme_editeur\">\n\t\t<p><em>\u00ab [...] Votre r\u00e9activit\u00e9 et la qualit\u00e9 d\u2019ex\u00e9cution ont permis d\u2019assurer le lancement de ce nouveau produit dans un timing tr\u00e8s court.<\/em><br \/>\n<em>Le travail collaboratif avec [nos] \u00e9quipes sur ce projet est sans doute \u00e9galement une clef de la r\u00e9ussite. <\/em><em>Nul doute que vous allez \u00eatre sollicit\u00e9s pour d\u2019autres projets de ce type dans un monde o\u00f9 tout va de plus en plus vite. Nous comptons sur votre soci\u00e9t\u00e9 pour nous accompagner de mani\u00e8re moderne et comp\u00e9titive sur ces projets. \u00bb<\/em><\/p>\n<p>Monsieur G., Groupe L\u2019Or\u00e9al.<\/p>\n<\/div>\n<\/div><\/div><\/div><\/div><\/div><div id=\"pg-556-2\"  class=\"panel-grid panel-has-style\" ><div class=\"panel-row-style panel-row-style-for-556-2\" ><div id=\"pgc-556-2-0\"  class=\"panel-grid-cell\" ><div id=\"panel-556-2-0-0\" class=\"so-panel widget widget_smartheme_titre_widget panel-first-child\" data-index=\"4\" ><div\n\t\t\t\n\t\t\tclass=\"so-widget-smartheme_titre_widget so-widget-smartheme_titre_widget-default-d75171398898-556\"\n\t\t\t\n\t\t><div class=\"container_titre center\">\n\t<div class=\"titre\">\n\t\t\t\t<h3>Cosm\u00e9tique et hygi\u00e8ne<\/h3>\n\t<\/div>\n\t<\/div><\/div><\/div><div id=\"panel-556-2-0-1\" class=\"so-panel widget widget_smarttheme_carrousel_logos_widget panel-last-child\" data-index=\"5\" ><div\n\t\t\t\n\t\t\tclass=\"so-widget-smarttheme_carrousel_logos_widget so-widget-smarttheme_carrousel_logos_widget-default-d75171398898-556\"\n\t\t\t\n\t\t><div class=\"container_carrousel_logos\">\r\n\t\t<div class=\"swiper-container \">\r\n\t\t<div class=\"swiper-wrapper\">\t\r\n\t\t\t\t\t\t\t\t<div class=\"container_logo_parent swiper-slide\">\r\n\t\t\t\t\t\t\t\t<div class=\"container_logo\">\r\n\t\t\t\t\t<div class=\"logo\" title=\"L'Or\u00e9al\" style=\"background-image: url(https:\/\/www.sacmo.com\/fr\/wp-content\/uploads\/2020\/08\/loreal-1.png)\"><\/div>\r\n\t\t\t\t<\/div>\r\n\t\t\t\t\t\t\t<\/div>\r\n\t\t\t\t\t\t\t\t<div class=\"container_logo_parent swiper-slide\">\r\n\t\t\t\t\t\t\t\t<div class=\"container_logo\">\r\n\t\t\t\t\t<div class=\"logo\" title=\"L.V.M.H\" style=\"background-image: url(https:\/\/www.sacmo.com\/fr\/wp-content\/uploads\/2020\/08\/lvmh-1.png)\"><\/div>\r\n\t\t\t\t<\/div>\r\n\t\t\t\t\t\t\t<\/div>\r\n\t\t\t\t\t\t\t\t<div class=\"container_logo_parent swiper-slide\">\r\n\t\t\t\t\t\t\t\t<div class=\"container_logo\">\r\n\t\t\t\t\t<div class=\"logo\" title=\"Chanel\" style=\"background-image: url(https:\/\/www.sacmo.com\/fr\/wp-content\/uploads\/2020\/08\/coco-chanel-1.png)\"><\/div>\r\n\t\t\t\t<\/div>\r\n\t\t\t\t\t\t\t<\/div>\r\n\t\t\t\t\t\t\t\t<div class=\"container_logo_parent swiper-slide\">\r\n\t\t\t\t\t\t\t\t<div class=\"container_logo\">\r\n\t\t\t\t\t<div class=\"logo\" title=\"Clarins\" style=\"background-image: url(https:\/\/www.sacmo.com\/fr\/wp-content\/uploads\/2020\/08\/clarins-1.png)\"><\/div>\r\n\t\t\t\t<\/div>\r\n\t\t\t\t\t\t\t<\/div>\r\n\t\t\t\t\t\t\t\t<div class=\"container_logo_parent swiper-slide\">\r\n\t\t\t\t\t\t\t\t<div class=\"container_logo\">\r\n\t\t\t\t\t<div class=\"logo\" title=\"Herm\u00e8s\" style=\"background-image: url(https:\/\/www.sacmo.com\/fr\/wp-content\/uploads\/2021\/02\/hermes-1.svg)\"><\/div>\r\n\t\t\t\t<\/div>\r\n\t\t\t\t\t\t\t<\/div>\r\n\t\t\t\t\t\t\t\t<div class=\"container_logo_parent swiper-slide\">\r\n\t\t\t\t\t\t\t\t<div class=\"container_logo\">\r\n\t\t\t\t\t<div class=\"logo\" title=\"Janssen-Cilag\" style=\"background-image: url(https:\/\/www.sacmo.com\/fr\/wp-content\/uploads\/2020\/08\/janssen-cilag-1.png)\"><\/div>\r\n\t\t\t\t<\/div>\r\n\t\t\t\t\t\t\t<\/div>\r\n\t\t\t\r\n\t\t<\/div>\r\n\t<\/div>\r\n\t<div class=\"swiper-button-next\">\r\n\t\t<div class=\"container_nav_next\">\r\n\t\t\t<div class=\"nav_next\">\r\n\t\t\t\t<span><\/span>\r\n\t\t\t<\/div>\r\n\t\t<\/div>\r\n\t<\/div>\r\n\t<div class=\"swiper-button-prev\">\r\n\t\t<div class=\"container_nav_prev\">\r\n\t\t\t<div class=\"nav_prev\">\r\n\t\t\t\t<span><\/span>\r\n\t\t\t<\/div>\r\n\t\t<\/div>\r\n\t<\/div>\r\n\t<div class=\"container_carrousel_logos-pagination\"><\/div>\r\n<\/div><\/div><\/div><\/div><\/div><\/div><div id=\"pg-556-3\"  class=\"panel-grid panel-has-style\" ><div class=\"panel-row-style panel-row-style-for-556-3\" ><div id=\"pgc-556-3-0\"  class=\"panel-grid-cell\" ><div id=\"panel-556-3-0-0\" class=\"so-panel widget widget_smartheme_titre_widget panel-first-child\" data-index=\"6\" ><div\n\t\t\t\n\t\t\tclass=\"so-widget-smartheme_titre_widget so-widget-smartheme_titre_widget-default-d75171398898-556\"\n\t\t\t\n\t\t><div class=\"container_titre center\">\n\t<div class=\"titre\">\n\t\t\t\t<h3>Pharmaceutique<\/h3>\n\t<\/div>\n\t<\/div><\/div><\/div><div id=\"panel-556-3-0-1\" class=\"so-panel widget widget_smarttheme_carrousel_logos_widget panel-last-child\" data-index=\"7\" ><div\n\t\t\t\n\t\t\tclass=\"so-widget-smarttheme_carrousel_logos_widget so-widget-smarttheme_carrousel_logos_widget-default-d75171398898-556\"\n\t\t\t\n\t\t><div class=\"container_carrousel_logos\">\r\n\t\t<div class=\"swiper-container \">\r\n\t\t<div class=\"swiper-wrapper\">\t\r\n\t\t\t\t\t\t\t\t<div class=\"container_logo_parent swiper-slide\">\r\n\t\t\t\t\t\t\t\t<div class=\"container_logo\">\r\n\t\t\t\t\t<div class=\"logo\" title=\"Astra Zeneca\" style=\"background-image: url(https:\/\/www.sacmo.com\/fr\/wp-content\/uploads\/2020\/08\/astrazeneca-1.png)\"><\/div>\r\n\t\t\t\t<\/div>\r\n\t\t\t\t\t\t\t<\/div>\r\n\t\t\t\t\t\t\t\t<div class=\"container_logo_parent swiper-slide\">\r\n\t\t\t\t\t\t\t\t<div class=\"container_logo\">\r\n\t\t\t\t\t<div class=\"logo\" title=\"Laboratoires Guerbet\" style=\"background-image: url(https:\/\/www.sacmo.com\/fr\/wp-content\/uploads\/2024\/08\/logo-guerbet.png)\"><\/div>\r\n\t\t\t\t<\/div>\r\n\t\t\t\t\t\t\t<\/div>\r\n\t\t\t\t\t\t\t\t<div class=\"container_logo_parent swiper-slide\">\r\n\t\t\t\t\t\t\t\t<div class=\"container_logo\">\r\n\t\t\t\t\t<div class=\"logo\" title=\"Glaxosmithkline\" style=\"background-image: url(https:\/\/www.sacmo.com\/fr\/wp-content\/uploads\/2021\/02\/gsk-1.png)\"><\/div>\r\n\t\t\t\t<\/div>\r\n\t\t\t\t\t\t\t<\/div>\r\n\t\t\t\t\t\t\t\t<div class=\"container_logo_parent swiper-slide\">\r\n\t\t\t\t\t\t\t\t<div class=\"container_logo\">\r\n\t\t\t\t\t<div class=\"logo\" title=\"West Pharmaceuticals\" style=\"background-image: url(https:\/\/www.sacmo.com\/fr\/wp-content\/uploads\/2021\/02\/west-1.png)\"><\/div>\r\n\t\t\t\t<\/div>\r\n\t\t\t\t\t\t\t<\/div>\r\n\t\t\t\r\n\t\t<\/div>\r\n\t<\/div>\r\n\t<div class=\"swiper-button-next\">\r\n\t\t<div class=\"container_nav_next\">\r\n\t\t\t<div class=\"nav_next\">\r\n\t\t\t\t<span><\/span>\r\n\t\t\t<\/div>\r\n\t\t<\/div>\r\n\t<\/div>\r\n\t<div class=\"swiper-button-prev\">\r\n\t\t<div class=\"container_nav_prev\">\r\n\t\t\t<div class=\"nav_prev\">\r\n\t\t\t\t<span><\/span>\r\n\t\t\t<\/div>\r\n\t\t<\/div>\r\n\t<\/div>\r\n\t<div class=\"container_carrousel_logos-pagination\"><\/div>\r\n<\/div><\/div><\/div><\/div><\/div><\/div><div id=\"pg-556-4\"  class=\"panel-grid panel-has-style\" ><div class=\"panel-row-style panel-row-style-for-556-4\" ><div id=\"pgc-556-4-0\"  class=\"panel-grid-cell\" ><div id=\"panel-556-4-0-0\" class=\"so-panel widget widget_smartheme_titre_widget panel-first-child\" data-index=\"8\" ><div\n\t\t\t\n\t\t\tclass=\"so-widget-smartheme_titre_widget so-widget-smartheme_titre_widget-default-d75171398898-556\"\n\t\t\t\n\t\t><div class=\"container_titre center\">\n\t<div class=\"titre\">\n\t\t\t\t<h3>Autres secteurs<\/h3>\n\t<\/div>\n\t<\/div><\/div><\/div><div id=\"panel-556-4-0-1\" class=\"so-panel widget widget_smarttheme_carrousel_logos_widget panel-last-child\" data-index=\"9\" ><div\n\t\t\t\n\t\t\tclass=\"so-widget-smarttheme_carrousel_logos_widget so-widget-smarttheme_carrousel_logos_widget-default-d75171398898-556\"\n\t\t\t\n\t\t><div class=\"container_carrousel_logos\">\r\n\t\t<div class=\"swiper-container \">\r\n\t\t<div class=\"swiper-wrapper\">\t\r\n\t\t\t\t\t\t\t\t<div class=\"container_logo_parent swiper-slide\">\r\n\t\t\t\t\t\t\t\t<div class=\"container_logo\">\r\n\t\t\t\t\t<div class=\"logo\" title=\"Sulzer\" style=\"background-image: url(https:\/\/www.sacmo.com\/fr\/wp-content\/uploads\/2021\/02\/sulzer-1.png)\"><\/div>\r\n\t\t\t\t<\/div>\r\n\t\t\t\t\t\t\t<\/div>\r\n\t\t\t\t\t\t\t\t<div class=\"container_logo_parent swiper-slide\">\r\n\t\t\t\t\t\t\t\t<div class=\"container_logo\">\r\n\t\t\t\t\t<div class=\"logo\" title=\"Fleury Michon\" style=\"background-image: url(https:\/\/www.sacmo.com\/fr\/wp-content\/uploads\/2021\/02\/fleurymichon-1.svg)\"><\/div>\r\n\t\t\t\t<\/div>\r\n\t\t\t\t\t\t\t<\/div>\r\n\t\t\t\t\t\t\t\t<div class=\"container_logo_parent swiper-slide\">\r\n\t\t\t\t\t\t\t\t<div class=\"container_logo\">\r\n\t\t\t\t\t<div class=\"logo\" title=\"Lu\" style=\"background-image: url(https:\/\/www.sacmo.com\/fr\/wp-content\/uploads\/2021\/02\/lu-1.svg)\"><\/div>\r\n\t\t\t\t<\/div>\r\n\t\t\t\t\t\t\t<\/div>\r\n\t\t\t\r\n\t\t<\/div>\r\n\t<\/div>\r\n\t<div class=\"swiper-button-next\">\r\n\t\t<div class=\"container_nav_next\">\r\n\t\t\t<div class=\"nav_next\">\r\n\t\t\t\t<span><\/span>\r\n\t\t\t<\/div>\r\n\t\t<\/div>\r\n\t<\/div>\r\n\t<div class=\"swiper-button-prev\">\r\n\t\t<div class=\"container_nav_prev\">\r\n\t\t\t<div class=\"nav_prev\">\r\n\t\t\t\t<span><\/span>\r\n\t\t\t<\/div>\r\n\t\t<\/div>\r\n\t<\/div>\r\n\t<div class=\"container_carrousel_logos-pagination\"><\/div>\r\n<\/div><\/div><\/div><\/div><\/div><\/div><\/div>","protected":false},"excerpt":{"rendered":"<p>Depuis 1981, la SACMO a construit des relations de confiance avec ses clients. En quarante ans, le petit atelier d\u2019usinage [&hellip;]<\/p>\n","protected":false},"author":1,"featured_media":1083,"parent":129,"menu_order":0,"comment_status":"closed","ping_status":"closed","template":"","meta":{"content-type":"","footnotes":""},"class_list":["post-556","page","type-page","status-publish","has-post-thumbnail","hentry"],"_links":{"self":[{"href":"https:\/\/www.sacmo.com\/fr\/wp-json\/wp\/v2\/pages\/556","targetHints":{"allow":["GET"]}}],"collection":[{"href":"https:\/\/www.sacmo.com\/fr\/wp-json\/wp\/v2\/pages"}],"about":[{"href":"https:\/\/www.sacmo.com\/fr\/wp-json\/wp\/v2\/types\/page"}],"author":[{"embeddable":true,"href":"https:\/\/www.sacmo.com\/fr\/wp-json\/wp\/v2\/users\/1"}],"replies":[{"embeddable":true,"href":"https:\/\/www.sacmo.com\/fr\/wp-json\/wp\/v2\/comments?post=556"}],"version-history":[{"count":11,"href":"https:\/\/www.sacmo.com\/fr\/wp-json\/wp\/v2\/pages\/556\/revisions"}],"predecessor-version":[{"id":5130,"href":"https:\/\/www.sacmo.com\/fr\/wp-json\/wp\/v2\/pages\/556\/revisions\/5130"}],"up":[{"embeddable":true,"href":"https:\/\/www.sacmo.com\/fr\/wp-json\/wp\/v2\/pages\/129"}],"wp:featuredmedia":[{"embeddable":true,"href":"https:\/\/www.sacmo.com\/fr\/wp-json\/wp\/v2\/media\/1083"}],"wp:attachment":[{"href":"https:\/\/www.sacmo.com\/fr\/wp-json\/wp\/v2\/media?parent=556"}],"curies":[{"name":"wp","href":"https:\/\/api.w.org\/{rel}","templated":true}]}}