{"id":535,"date":"2021-02-17T11:45:59","date_gmt":"2021-02-17T10:45:59","guid":{"rendered":"http:\/\/www.sacmo.com\/?page_id=535"},"modified":"2021-06-14T17:18:25","modified_gmt":"2021-06-14T15:18:25","slug":"retrofit","status":"publish","type":"page","link":"https:\/\/www.sacmo.com\/fr\/services-et-support\/retrofit\/","title":{"rendered":"Retrofit de machine de conditionnement"},"content":{"rendered":"<div id=\"pl-535\"  class=\"panel-layout\" ><div id=\"pg-535-0\"  class=\"panel-grid panel-has-style\" ><div class=\"panel-row-style panel-row-style-for-535-0\" ><div id=\"pgc-535-0-0\"  class=\"panel-grid-cell\" ><div id=\"panel-535-0-0-0\" class=\"so-panel widget widget_smartheme_titre_widget panel-first-child\" data-index=\"0\" ><div\n\t\t\t\n\t\t\tclass=\"so-widget-smartheme_titre_widget so-widget-smartheme_titre_widget-default-d75171398898-535\"\n\t\t\t\n\t\t><div class=\"container_titre center\">\n\t<div class=\"titre\">\n\t\t\t\t<h2>NOTRE EXPERIENCE AU SERVICE DE VOTRE PERFORMANCE<\/h2>\n\t<\/div>\n\t<\/div><\/div><\/div><div id=\"panel-535-0-0-1\" class=\"so-panel widget widget_editeur panel-last-child\" data-index=\"1\" ><div\n\t\t\t\n\t\t\tclass=\"so-widget-editeur so-widget-editeur-base\"\n\t\t\t\n\t\t>\t\t\t<div class=\"smarttheme_editeur\">\n\t\t<p><span style=\"font-size: 14pt;\">Le cycle de vie des produits est de plus en plus court. En tant qu\u2019industriel vous devez adapter les formules aux nouvelles r\u00e9glementations et modifier vos packagings selon les tendances de consommation de vos clients. Vous devez \u00e9galement vous assurer des capacit\u00e9s de vos \u00e9quipements quand vous faites \u00e9voluer votre produit. Si vous constatez alors qu\u2019une de vos machines ne r\u00e9pond plus \u00e0 vos besoins, il est possible de la transformer en nous confiant son retrofit. <\/span><\/p>\n<p>&nbsp;<\/p>\n<p><span style=\"font-size: 14pt;\">Le retrofit d\u2019une machine de conditionnement peut \u00eatre aussi une option dans le cadre d\u2019un projet avec une contrainte de budget ou de d\u00e9lais. Gr\u00e2ce \u00e0 la m\u00e9thode de r\u00e9novation SACMO, vous avez l\u2019assurance de r\u00e9ceptionner une machine au fonctionnement optimis\u00e9 pour votre ligne de conditionnement. Nos \u00e9quipes de m\u00e9caniciens diagnostiquent les \u00e9l\u00e9ments n\u00e9cessitant d\u2019\u00eatre remplac\u00e9s ou reconditionn\u00e9s. Nos dessinateurs con\u00e7oivent les nouvelles fonctions \u00e0 int\u00e9grer afin que la machine corresponde \u00e0 votre cahier des charges. Tous les \u00e9l\u00e9ments obsol\u00e8tes sont remplac\u00e9s et nous d\u00e9livrons un certificat de conformit\u00e9 qui vous garantit le respect des normes en vigueur.<\/span><\/p>\n<\/div>\n<\/div><\/div><\/div><\/div><\/div><div id=\"pg-535-1\"  class=\"panel-grid panel-has-style\" ><div class=\"panel-row-style panel-row-style-for-535-1\" ><div id=\"pgc-535-1-0\"  class=\"panel-grid-cell\" ><div id=\"panel-535-1-0-0\" class=\"so-panel widget widget_editeur panel-first-child\" data-index=\"2\" ><div\n\t\t\t\n\t\t\tclass=\"so-widget-editeur so-widget-editeur-base\"\n\t\t\t\n\t\t>\t\t\t<div class=\"smarttheme_editeur\">\n\t\t<p style=\"text-align: center;\"><b>Vous avez un projet de retrofit de vos machines ? Vous souhaitez acqu\u00e9rir une machine r\u00e9nov\u00e9e ? Contactez-nous d\u00e8s \u00e0 pr\u00e9sent.<\/b><\/p>\n<\/div>\n<\/div><\/div><div id=\"panel-535-1-0-1\" class=\"so-panel widget widget_bouton panel-last-child\" data-index=\"3\" ><div\n\t\t\t\n\t\t\tclass=\"so-widget-bouton so-widget-bouton-default-40cd750bba98-535\"\n\t\t\t\n\t\t><div class=\"container_btn centre\">\r\n\t\t<a href=\"https:\/\/www.sacmo.com\/fr\/contact\/\">\t\r\n\t\t\t<div class=\"btn rouge\">\r\n\t\t\t<span>Demandez plus d\u2019informations<\/span>\r\n\t\t<\/div>\r\n\t<\/a>\r\n<\/div>\r\n<\/div><\/div><\/div><\/div><\/div><div id=\"pg-535-2\"  class=\"panel-grid panel-has-style\" ><div class=\"panel-row-style panel-row-style-for-535-2\" ><div id=\"pgc-535-2-0\"  class=\"panel-grid-cell\" ><div id=\"panel-535-2-0-0\" class=\"so-panel widget widget_smartheme_titre_widget panel-first-child\" data-index=\"4\" ><div\n\t\t\t\n\t\t\tclass=\"so-widget-smartheme_titre_widget so-widget-smartheme_titre_widget-default-d75171398898-535\"\n\t\t\t\n\t\t><div class=\"container_titre left\">\n\t<div class=\"titre\">\n\t\t\t\t<h3>LE RETROFIT PAR SACMO<\/h3>\n\t<\/div>\n\t<\/div><\/div><\/div><div id=\"panel-535-2-0-1\" class=\"so-panel widget widget_editeur\" data-index=\"5\" ><div\n\t\t\t\n\t\t\tclass=\"so-widget-editeur so-widget-editeur-base\"\n\t\t\t\n\t\t>\t\t\t<div class=\"smarttheme_editeur\">\n\t\t<p style=\"text-align: center;\">SACMO propose une m\u00e9thode compl\u00e8te de r\u00e9novation qui remet \u00e0 neuf les machines de conditionnement en y int\u00e9grant des nouvelles technologies<\/p>\n<\/div>\n<\/div><\/div><div id=\"panel-535-2-0-2\" class=\"so-panel widget widget_vignette panel-last-child\" data-index=\"6\" ><div\n\t\t\t\n\t\t\tclass=\"so-widget-vignette so-widget-vignette-default-40cd750bba98-535\"\n\t\t\t\n\t\t><div class=\"container_vignettes\">\r\n\t<div class=\"swiper-container\">\r\n\t\t<div class=\"swiper-wrapper\">\t\r\n\t\t\t\t\t\t\t\t\t\t<div class=\"container_vignette swiper-slide without_url\">\r\n\t\t\t\t\t\t\t\t\t\t\t\t\t\t\t\t<div class=\"display_bock\">\r\n\t\t\t\t\r\n\t\t\t\t\t\t\t\t\t\t\t\t\t\t<div class=\"display_bock\">\r\n\t\t\t\t\t\t\t\t\t\t<div class=\"vignette\" style=\"background-image: url(https:\/\/www.sacmo.com\/fr\/wp-content\/uploads\/2021\/06\/Chiffre1-768x768.png)\">\r\n\t\t\t\t<div class=\"filter \" style=\"background-color: ; background-image: url(https:\/\/www.sacmo.com\/fr\/wp-content\/uploads\/2021\/06\/Chiffre1-768x768.png) \"><\/div>\r\n\t\t\t\t\t\t\t\t\t\t\t\t\t\t\t<\/div>\r\n\t\t\t\t\t\t\t<div class=\"container_texte\">\r\n\t\t\t\t\t<div class=\"container_titre\" >\r\n\t\t\t\t\t\t<span>SELECTIONNER<\/span>\r\n\t\t\t\t\t<\/div>\r\n\t\t\t\t\t<div class=\"container_description\">\r\n\t\t\t\t\t\t<p>S\u00e9lection et analyse de la machine afin d\u2019\u00eatre en ad\u00e9quation avec votre cahier des charges (format, cadence, outillages\u2026)<\/p>\r\n\t\t\t\t\t<\/div>\r\n\t\t\t\t<\/div>\r\n\t\t\t\t\t\t\t\t\t\t<\/div>\r\n\t\t\t\t\t\t\t\t\t\t<\/div>\r\n\t\t\t\t\t<\/div>\r\n\t\t\t\t\t\t\t\t\t\t<div class=\"container_vignette swiper-slide without_url\">\r\n\t\t\t\t\t\t\t\t\t\t\t\t\t\t\t\t<div class=\"display_bock\">\r\n\t\t\t\t\r\n\t\t\t\t\t\t\t\t\t\t\t\t\t\t<div class=\"display_bock\">\r\n\t\t\t\t\t\t\t\t\t\t<div class=\"vignette\" style=\"background-image: url(https:\/\/www.sacmo.com\/fr\/wp-content\/uploads\/2021\/06\/Chiffre2-768x768.png)\">\r\n\t\t\t\t<div class=\"filter \" style=\"background-color: ; background-image: url(https:\/\/www.sacmo.com\/fr\/wp-content\/uploads\/2021\/06\/Chiffre2-768x768.png) \"><\/div>\r\n\t\t\t\t\t\t\t\t\t\t\t\t\t\t\t<\/div>\r\n\t\t\t\t\t\t\t<div class=\"container_texte\">\r\n\t\t\t\t\t<div class=\"container_titre\" >\r\n\t\t\t\t\t\t<span>DIAGNOSTIQUER<\/span>\r\n\t\t\t\t\t<\/div>\r\n\t\t\t\t\t<div class=\"container_description\">\r\n\t\t\t\t\t\t<p>D\u00e9montage complet de la machine permettant d\u2019\u00e9valuer les composants \u00e0 remplacer (pi\u00e8ces m\u00e9caniques, pneumatiques, \u00e9lectriques...) et conception des nouvelles fonctions \u00e0 int\u00e9grer.<\/p>\r\n\t\t\t\t\t<\/div>\r\n\t\t\t\t<\/div>\r\n\t\t\t\t\t\t\t\t\t\t<\/div>\r\n\t\t\t\t\t\t\t\t\t\t<\/div>\r\n\t\t\t\t\t<\/div>\r\n\t\t\t\t\t\t\t\t\t\t<div class=\"container_vignette swiper-slide without_url\">\r\n\t\t\t\t\t\t\t\t\t\t\t\t\t\t\t\t<div class=\"display_bock\">\r\n\t\t\t\t\r\n\t\t\t\t\t\t\t\t\t\t\t\t\t\t<div class=\"display_bock\">\r\n\t\t\t\t\t\t\t\t\t\t<div class=\"vignette\" style=\"background-image: url(https:\/\/www.sacmo.com\/fr\/wp-content\/uploads\/2021\/06\/Chiffre3-768x768.png)\">\r\n\t\t\t\t<div class=\"filter \" style=\"background-color: ; background-image: url(https:\/\/www.sacmo.com\/fr\/wp-content\/uploads\/2021\/06\/Chiffre3-768x768.png) \"><\/div>\r\n\t\t\t\t\t\t\t\t\t\t\t\t\t\t\t<\/div>\r\n\t\t\t\t\t\t\t<div class=\"container_texte\">\r\n\t\t\t\t\t<div class=\"container_titre\" >\r\n\t\t\t\t\t\t<span>RENOVER<\/span>\r\n\t\t\t\t\t<\/div>\r\n\t\t\t\t\t<div class=\"container_description\">\r\n\t\t\t\t\t\t<p>Nettoyage et pr\u00e9paration du ch\u00e2ssis puis mise en peinture en cabine standardis\u00e9e<\/p>\r\n\t\t\t\t\t<\/div>\r\n\t\t\t\t<\/div>\r\n\t\t\t\t\t\t\t\t\t\t<\/div>\r\n\t\t\t\t\t\t\t\t\t\t<\/div>\r\n\t\t\t\t\t<\/div>\r\n\t\t\t\t\t\t\t\t\t\t<div class=\"container_vignette swiper-slide without_url\">\r\n\t\t\t\t\t\t\t\t\t\t\t\t\t\t\t\t<div class=\"display_bock\">\r\n\t\t\t\t\r\n\t\t\t\t\t\t\t\t\t\t\t\t\t\t<div class=\"display_bock\">\r\n\t\t\t\t\t\t\t\t\t\t<div class=\"vignette\" style=\"background-image: url(https:\/\/www.sacmo.com\/fr\/wp-content\/uploads\/2021\/06\/Chiffre4-768x768.png)\">\r\n\t\t\t\t<div class=\"filter \" style=\"background-color: ; background-image: url(https:\/\/www.sacmo.com\/fr\/wp-content\/uploads\/2021\/06\/Chiffre4-768x768.png) \"><\/div>\r\n\t\t\t\t\t\t\t\t\t\t\t\t\t\t\t<\/div>\r\n\t\t\t\t\t\t\t<div class=\"container_texte\">\r\n\t\t\t\t\t<div class=\"container_titre\" >\r\n\t\t\t\t\t\t<span>DEMARRER<\/span>\r\n\t\t\t\t\t<\/div>\r\n\t\t\t\t\t<div class=\"container_description\">\r\n\t\t\t\t\t\t<p>Assemblage m\u00e9canique et \u00e9lectrique, mise en conformit\u00e9 et programmation de la machine.<\/p>\r\n\t\t\t\t\t<\/div>\r\n\t\t\t\t<\/div>\r\n\t\t\t\t\t\t\t\t\t\t<\/div>\r\n\t\t\t\t\t\t\t\t\t\t<\/div>\r\n\t\t\t\t\t<\/div>\r\n\t\t\t\t\t\t\t\t\t\t<div class=\"container_vignette swiper-slide without_url\">\r\n\t\t\t\t\t\t\t\t\t\t\t\t\t\t\t\t<div class=\"display_bock\">\r\n\t\t\t\t\r\n\t\t\t\t\t\t\t\t\t\t\t\t\t\t<div class=\"display_bock\">\r\n\t\t\t\t\t\t\t\t\t\t<div class=\"vignette\" style=\"background-image: url(https:\/\/www.sacmo.com\/fr\/wp-content\/uploads\/2021\/06\/Chiffre5-768x768.png)\">\r\n\t\t\t\t<div class=\"filter \" style=\"background-color: ; background-image: url(https:\/\/www.sacmo.com\/fr\/wp-content\/uploads\/2021\/06\/Chiffre5-768x768.png) \"><\/div>\r\n\t\t\t\t\t\t\t\t\t\t\t\t\t\t\t<\/div>\r\n\t\t\t\t\t\t\t<div class=\"container_texte\">\r\n\t\t\t\t\t<div class=\"container_titre\" >\r\n\t\t\t\t\t\t<span>VALIDER<\/span>\r\n\t\t\t\t\t<\/div>\r\n\t\t\t\t\t<div class=\"container_description\">\r\n\t\t\t\t\t\t<p>Essais de validation et r\u00e9ception de la machine dans nos ateliers en condition de production<\/p>\r\n\t\t\t\t\t<\/div>\r\n\t\t\t\t<\/div>\r\n\t\t\t\t\t\t\t\t\t\t<\/div>\r\n\t\t\t\t\t\t\t\t\t\t<\/div>\r\n\t\t\t\t\t<\/div>\r\n\t\t\t\t<\/div>\r\n\t<\/div>\r\n\t<div class=\"swiper-button-next\">\r\n\t\t<div class=\"container_nav_next\">\r\n\t\t\t<div class=\"nav_next\">\r\n\t\t\t\t<span><\/span>\r\n\t\t\t<\/div>\r\n\t\t<\/div>\r\n\t<\/div>\r\n\t<div class=\"swiper-button-prev\">\r\n\t\t<div class=\"container_nav_prev\">\r\n\t\t\t<div class=\"nav_prev\">\r\n\t\t\t\t<span><\/span>\r\n\t\t\t<\/div>\r\n\t\t<\/div>\r\n\t<\/div>\r\n\t<div class=\"container_vignettes-pagination\"><\/div>\r\n\r\n\t<div class=\"fond_popup_image fond_popup_vignette\"><\/div>\r\n\t<div id=\"popup_image\" class=\"popup_vignette\">\r\n\t\t<div class=\"container-prevPopup\"><div class=\"prevPopup\"><\/div><\/div>\r\n\t\t<div class=\"container-nextPopup\"><div class=\"nextPopup\"><\/div><\/div>\r\n\t\t<div class=\"popup containerPopup\">\r\n\t\t\t<div class=\"container_exit\"><div class=\"exit\"><\/div><\/div>\r\n\t\t\t<div class=\"contenuPopup container\">\r\n\t\t\t\t<div class=\"row\">\r\n\t\t\t\t\t<div class=\"col-md-12\">\r\n\t\t\t\t\t\t<img decoding=\"async\" src=\"\">\r\n\t\t\t\t\t<\/div>\r\n\t\t\t\t<\/div>\r\n\t\t\t<\/div>\r\n\t\t<\/div>\r\n\t<\/div>\r\n<\/div>\r\n\r\n<\/div><\/div><\/div><\/div><\/div><div id=\"pg-535-3\"  class=\"panel-grid panel-has-style\" ><div class=\"panel-row-style panel-row-style-for-535-3\" ><div id=\"pgc-535-3-0\"  class=\"panel-grid-cell\" ><div id=\"panel-535-3-0-0\" class=\"so-panel widget widget_editeur panel-first-child panel-last-child\" data-index=\"7\" ><div\n\t\t\t\n\t\t\tclass=\"so-widget-editeur so-widget-editeur-base\"\n\t\t\t\n\t\t>\t\t\t<div class=\"smarttheme_editeur\">\n\t\t<p>Nos prestations de r\u00e9trofit permettent d\u2019optimiser les performances des machines de conditionnement.<\/p>\n<p>&nbsp;<\/p>\n<p>Acqu\u00e9rir une machine r\u00e9nov\u00e9e, c\u2019est prolonger sa dur\u00e9e d\u2019exploitation et faire le choix d\u2019une solution \u00e9co-responsable qui s\u2019int\u00e8gre parfaitement dans votre d\u00e9marche de protection environnementale.<\/p>\n<p>&nbsp;<\/p>\n<p>Gr\u00e2ce \u00e0 notre atelier d\u2019usinage, chaque pi\u00e8ce m\u00e9canique est fabriqu\u00e9e chez SACMO. Nous ma\u00eetrisons en interne l\u2019ensemble des comp\u00e9tences n\u00e9cessaires au r\u00e9trofit de machines de conditionnement.<\/p>\n<\/div>\n<\/div><\/div><\/div><div id=\"pgc-535-3-1\"  class=\"panel-grid-cell\" ><div id=\"panel-535-3-1-0\" class=\"so-panel widget widget_smart-image panel-first-child panel-last-child\" data-index=\"8\" ><div\n\t\t\t\n\t\t\tclass=\"so-widget-smart-image so-widget-smart-image-default-40cd750bba98-535\"\n\t\t\t\n\t\t><div class=\"sow-image-container\">\n\t<div class=\"containerSmartImage right-center   ajuster\"><div class=\"chargementSmartImage\"><div class=\"containerLoader\"><div class=\"loader\"><\/div><\/div><\/div><div style=\"background-image: url(https:\/\/www.sacmo.com\/fr\/wp-content\/uploads\/2021\/05\/Retrofit-Encartonneuse-01-768x512.jpg);\" class=\"smartImage carre \"><\/div><\/div>\t<\/div>\n\n<\/div><\/div><\/div><\/div><\/div><div id=\"pg-535-4\"  class=\"panel-grid panel-has-style\" ><div class=\"panel-row-style panel-row-style-for-535-4\" ><div id=\"pgc-535-4-0\"  class=\"panel-grid-cell\" ><div id=\"panel-535-4-0-0\" class=\"so-panel widget widget_smart-image panel-first-child panel-last-child\" data-index=\"9\" ><div\n\t\t\t\n\t\t\tclass=\"so-widget-smart-image so-widget-smart-image-default-40cd750bba98-535\"\n\t\t\t\n\t\t><div class=\"sow-image-container\">\n\t<div class=\"containerSmartImage right-center   ajuster\"><div class=\"chargementSmartImage\"><div class=\"containerLoader\"><div class=\"loader\"><\/div><\/div><\/div><div style=\"background-image: url(https:\/\/www.sacmo.com\/fr\/wp-content\/uploads\/2021\/05\/DSC04023L-768x432.png);\" class=\"smartImage carre \"><\/div><\/div>\t<\/div>\n\n<\/div><\/div><\/div><div id=\"pgc-535-4-1\"  class=\"panel-grid-cell\" ><div id=\"panel-535-4-1-0\" class=\"so-panel widget widget_smartheme_titre_widget panel-first-child\" data-index=\"10\" ><div\n\t\t\t\n\t\t\tclass=\"so-widget-smartheme_titre_widget so-widget-smartheme_titre_widget-default-d75171398898-535\"\n\t\t\t\n\t\t><div class=\"container_titre left\">\n\t<div class=\"titre\">\n\t\t\t\t<h3>SACMO propose des prestations de r\u00e9trofit pour les machines de conditionnement de type :<\/h3>\n\t<\/div>\n\t<\/div><\/div><\/div><div id=\"panel-535-4-1-1\" class=\"so-panel widget widget_editeur panel-last-child\" data-index=\"11\" ><div\n\t\t\t\n\t\t\tclass=\"so-widget-editeur so-widget-editeur-base\"\n\t\t\t\n\t\t>\t\t\t<div class=\"smarttheme_editeur\">\n\t\t<ul>\n<li><span style=\"font-size: 16px;\">Distributeurs<\/span><\/li>\n<li><span style=\"font-size: 16px;\">Remplisseuses de tubes, flacons ou pots.<\/span><\/li>\n<li><span style=\"font-size: 16px;\">Visseuses ou boucheuses<\/span><\/li>\n<li><span style=\"font-size: 16px;\">Remplisseuses-visseuses<\/span><\/li>\n<li><span style=\"font-size: 16px;\">Etiqueteuses<\/span><\/li>\n<li><span style=\"font-size: 16px;\">Encartonneuses ou \u00e9tuyeuses (verticales ou horizontales)<\/span><\/li>\n<li><span style=\"font-size: 16px;\">Cellophaneuse<\/span><\/li>\n<li><span style=\"font-size: 16px;\">Encaisseuses<\/span><\/li>\n<li><span style=\"font-size: 16px;\">Palettiseurs<\/span><\/li>\n<\/ul>\n<\/div>\n<\/div><\/div><\/div><\/div><\/div><div id=\"pg-535-5\"  class=\"panel-grid panel-has-style\" ><div class=\"panel-row-style panel-row-style-for-535-5\" ><div id=\"pgc-535-5-0\"  class=\"panel-grid-cell\" ><div id=\"panel-535-5-0-0\" class=\"so-panel widget widget_smartheme_titre_widget panel-first-child\" data-index=\"12\" ><div\n\t\t\t\n\t\t\tclass=\"so-widget-smartheme_titre_widget so-widget-smartheme_titre_widget-default-d75171398898-535\"\n\t\t\t\n\t\t><div class=\"container_titre left\">\n\t<div class=\"titre\">\n\t\t\t\t<h3>Remplisseuse de tubes type Kalix r\u00e9nov\u00e9e par SACMO<\/h3>\n\t<\/div>\n\t<\/div><\/div><\/div><div id=\"panel-535-5-0-1\" class=\"so-panel widget widget_editeur panel-last-child\" data-index=\"13\" ><div\n\t\t\t\n\t\t\tclass=\"so-widget-editeur so-widget-editeur-base\"\n\t\t\t\n\t\t>\t\t\t<div class=\"smarttheme_editeur\">\n\t\t<p>Ont notamment \u00e9t\u00e9 r\u00e9alis\u00e9s, l\u2019augmentation de la capacit\u00e9 du magasin et sa connexion \u00e0 l\u2019\u00e9tiqueteuse de tubes SACMO, l\u2019int\u00e9gration d\u2019un nouveau poste de d\u00e9coupe en forme de vague des tubes, le remplacement complet des \u00e9quipements \u00e9lectriques et automatis\u00e9s.<\/p>\n<\/div>\n<\/div><\/div><\/div><div id=\"pgc-535-5-1\"  class=\"panel-grid-cell\" ><div id=\"panel-535-5-1-0\" class=\"so-panel widget widget_smart-image panel-first-child panel-last-child\" data-index=\"14\" ><div\n\t\t\t\n\t\t\tclass=\"so-widget-smart-image so-widget-smart-image-default-40cd750bba98-535\"\n\t\t\t\n\t\t><div class=\"sow-image-container\">\n\t<div class=\"containerSmartImage center-center zoom  \"><div style=\"background-image:url(https:\/\/www.sacmo.com\/fr\/wp-content\/uploads\/2021\/04\/remplisseuse-etiqueteuse-tubes-sacmo-1-768x432.jpg);\" class=\"smartImage verticale center-center\"><\/div><\/div>\t\t\t<div class=\"fond_popup_image\"><\/div>\n\t\t<div id=\"popup_image\">\n\t\t\t<div class=\"container-prevPopup\"><div class=\"prevPopup\"><\/div><\/div>\n\t\t\t<div class=\"container-nextPopup\"><div class=\"nextPopup\"><\/div><\/div>\n\t\t\t<div class=\"popup containerPopup\">\n\t\t\t\t<div class=\"container_exit\"><div class=\"exit\"><\/div><\/div>\n\t\t\t\t<div class=\"contenuPopup container\">\n\t\t\t\t\t<div class=\"row\">\n\t\t\t\t\t\t<div class=\"col-md-12\">\n\t\t\t\t\t\t\t<img decoding=\"async\" src=\"https:\/\/www.sacmo.com\/fr\/wp-content\/uploads\/2021\/04\/remplisseuse-etiqueteuse-tubes-sacmo-1-768x432.jpg\">\n\t\t\t\t\t\t<\/div>\n\t\t\t\t\t<\/div>\n\t\t\t\t<\/div>\n\t\t\t<\/div>\n\t\t<\/div>\n\t<\/div>\n\n<\/div><\/div><\/div><\/div><\/div><div id=\"pg-535-6\"  class=\"panel-grid panel-no-style\" ><div id=\"pgc-535-6-0\"  class=\"panel-grid-cell\" ><div id=\"panel-535-6-0-0\" class=\"so-panel widget widget_smartheme_titre_widget panel-first-child\" data-index=\"15\" ><div\n\t\t\t\n\t\t\tclass=\"so-widget-smartheme_titre_widget so-widget-smartheme_titre_widget-default-d75171398898-535\"\n\t\t\t\n\t\t><div class=\"container_titre left\">\n\t<div class=\"titre\">\n\t\t\t\t<h3>Remplisseuse \u00e9chantillons de parfum type Groninger KFVG 202<\/h3>\n\t<\/div>\n\t<\/div><\/div><\/div><div id=\"panel-535-6-0-1\" class=\"so-panel widget widget_editeur panel-last-child\" data-index=\"16\" ><div\n\t\t\t\n\t\t\tclass=\"so-widget-editeur so-widget-editeur-base\"\n\t\t\t\n\t\t>\t\t\t<div class=\"smarttheme_editeur\">\n\t\t<p>Ont notamment \u00e9t\u00e9 r\u00e9alis\u00e9s, le remplacement complet du syst\u00e8me de distribution, l\u2019am\u00e9lioration des postes de remplissage, l\u2019optimisation du syst\u00e8me de vidange de la machine et le remplacement complet des \u00e9quipement \u00e9lectriques et automatis\u00e9s.<\/p>\n<\/div>\n<\/div><\/div><\/div><div id=\"pgc-535-6-1\"  class=\"panel-grid-cell\" ><div id=\"panel-535-6-1-0\" class=\"so-panel widget widget_smart-image panel-first-child panel-last-child\" data-index=\"17\" ><div\n\t\t\t\n\t\t\tclass=\"so-widget-smart-image so-widget-smart-image-default-40cd750bba98-535\"\n\t\t\t\n\t\t><div class=\"sow-image-container\">\n\t<div class=\"containerSmartImage center-center zoom  \"><div style=\"background-image:url(https:\/\/www.sacmo.com\/fr\/wp-content\/uploads\/2021\/04\/remplisseuse-echantillons-retrofit-sacmo-1-768x512.jpg);\" class=\"smartImage verticale center-center\"><\/div><\/div>\t\t\t<div class=\"fond_popup_image\"><\/div>\n\t\t<div id=\"popup_image\">\n\t\t\t<div class=\"container-prevPopup\"><div class=\"prevPopup\"><\/div><\/div>\n\t\t\t<div class=\"container-nextPopup\"><div class=\"nextPopup\"><\/div><\/div>\n\t\t\t<div class=\"popup containerPopup\">\n\t\t\t\t<div class=\"container_exit\"><div class=\"exit\"><\/div><\/div>\n\t\t\t\t<div class=\"contenuPopup container\">\n\t\t\t\t\t<div class=\"row\">\n\t\t\t\t\t\t<div class=\"col-md-12\">\n\t\t\t\t\t\t\t<img decoding=\"async\" src=\"https:\/\/www.sacmo.com\/fr\/wp-content\/uploads\/2021\/04\/remplisseuse-echantillons-retrofit-sacmo-1-768x512.jpg\">\n\t\t\t\t\t\t<\/div>\n\t\t\t\t\t<\/div>\n\t\t\t\t<\/div>\n\t\t\t<\/div>\n\t\t<\/div>\n\t<\/div>\n\n<\/div><\/div><\/div><\/div><\/div>","protected":false},"excerpt":{"rendered":"<p>NOTRE EXPERIENCE AU SERVICE DE VOTRE PERFORMANCE Le cycle de vie des produits est de plus en plus court. En [&hellip;]<\/p>\n","protected":false},"author":1,"featured_media":905,"parent":568,"menu_order":0,"comment_status":"closed","ping_status":"closed","template":"","meta":{"content-type":"","footnotes":""},"class_list":["post-535","page","type-page","status-publish","has-post-thumbnail","hentry"],"_links":{"self":[{"href":"https:\/\/www.sacmo.com\/fr\/wp-json\/wp\/v2\/pages\/535","targetHints":{"allow":["GET"]}}],"collection":[{"href":"https:\/\/www.sacmo.com\/fr\/wp-json\/wp\/v2\/pages"}],"about":[{"href":"https:\/\/www.sacmo.com\/fr\/wp-json\/wp\/v2\/types\/page"}],"author":[{"embeddable":true,"href":"https:\/\/www.sacmo.com\/fr\/wp-json\/wp\/v2\/users\/1"}],"replies":[{"embeddable":true,"href":"https:\/\/www.sacmo.com\/fr\/wp-json\/wp\/v2\/comments?post=535"}],"version-history":[{"count":47,"href":"https:\/\/www.sacmo.com\/fr\/wp-json\/wp\/v2\/pages\/535\/revisions"}],"predecessor-version":[{"id":3137,"href":"https:\/\/www.sacmo.com\/fr\/wp-json\/wp\/v2\/pages\/535\/revisions\/3137"}],"up":[{"embeddable":true,"href":"https:\/\/www.sacmo.com\/fr\/wp-json\/wp\/v2\/pages\/568"}],"wp:featuredmedia":[{"embeddable":true,"href":"https:\/\/www.sacmo.com\/fr\/wp-json\/wp\/v2\/media\/905"}],"wp:attachment":[{"href":"https:\/\/www.sacmo.com\/fr\/wp-json\/wp\/v2\/media?parent=535"}],"curies":[{"name":"wp","href":"https:\/\/api.w.org\/{rel}","templated":true}]}}