{"id":518,"date":"2021-02-12T09:48:13","date_gmt":"2021-02-12T08:48:13","guid":{"rendered":"http:\/\/www.sacmo.com\/?page_id=518"},"modified":"2021-06-03T12:27:13","modified_gmt":"2021-06-03T10:27:13","slug":"votre-secteur-dactivites","status":"publish","type":"page","link":"https:\/\/www.sacmo.com\/fr\/secteurs-dactivites\/","title":{"rendered":"Secteurs d&rsquo;activit\u00e9s"},"content":{"rendered":"<div id=\"pl-518\"  class=\"panel-layout\" ><div id=\"pg-518-0\"  class=\"panel-grid panel-has-style\" ><div class=\"panel-row-style panel-row-style-for-518-0\" ><div id=\"pgc-518-0-0\"  class=\"panel-grid-cell\" ><div id=\"panel-518-0-0-0\" class=\"so-panel widget widget_smartheme_titre_widget panel-first-child\" data-index=\"0\" ><div\n\t\t\t\n\t\t\tclass=\"so-widget-smartheme_titre_widget so-widget-smartheme_titre_widget-default-d75171398898-518\"\n\t\t\t\n\t\t><div class=\"container_titre center\">\n\t<div class=\"titre\">\n\t\t\t\t<h3>REALISEZ VOS PROJETS AVEC UN SPECIALISTE DES SOLUTIONS INDUSTRIELLES<\/h3>\n\t<\/div>\n\t\t\t<span class=\"soustitre\">Nos \u00e9quipements s'adaptent \u00e0 votre activit\u00e9<\/span>\n\t<\/div><\/div><\/div><div id=\"panel-518-0-0-1\" class=\"so-panel widget widget_editeur panel-last-child\" data-index=\"1\" ><div\n\t\t\t\n\t\t\tclass=\"so-widget-editeur so-widget-editeur-base\"\n\t\t\t\n\t\t>\t<div class=\"smarttheme_editeur column_text\">\n\t<p>Du simple module d\u2019emballage \u00e0 la ligne de conditionnement compl\u00e8te, SACMO est \u00e0 vos c\u00f4t\u00e9s pour r\u00e9aliser vos projets industriels quel que soit votre secteur d\u2019activit\u00e9s. SACMO con\u00e7oit et r\u00e9alise des \u00e9quipements flexibles pour lignes d\u2019emballage et de conditionnement. Gr\u00e2ce \u00e0 nos comp\u00e9tences robotiques et notre savoir-faire m\u00e9canique, nous adaptons chacune de nos machines selon vos sp\u00e9cifications. Que vous soyez industriel de la cosm\u00e9tique, fabricant de produits d\u2019hygi\u00e8ne, entreprise pharmaceutique ou professionnel de l\u2019agro-alimentaire, nous avons des machines et des services pour r\u00e9pondre \u00e0 vos besoins.<\/p>\n<\/div>\n<\/div><\/div><\/div><\/div><\/div><div id=\"pg-518-1\"  class=\"panel-grid panel-has-style\" ><div class=\"panel-row-style panel-row-style-for-518-1\" ><div id=\"pgc-518-1-0\"  class=\"panel-grid-cell\" ><div id=\"panel-518-1-0-0\" class=\"so-panel widget widget_smartheme_titre_widget panel-first-child\" data-index=\"2\" ><div\n\t\t\t\n\t\t\tclass=\"so-widget-smartheme_titre_widget so-widget-smartheme_titre_widget-default-d75171398898-518\"\n\t\t\t\n\t\t><div class=\"container_titre left\">\n\t<div class=\"titre\">\n\t\t\t\t<h3>SACMO, des solutions automatiques<br \/>\npour des produits uniques.<\/h3>\n\t<\/div>\n\t<\/div><\/div><\/div><div id=\"panel-518-1-0-1\" class=\"so-panel widget widget_editeur\" data-index=\"3\" ><div\n\t\t\t\n\t\t\tclass=\"so-widget-editeur so-widget-editeur-base\"\n\t\t\t\n\t\t>\t\t\t<div class=\"smarttheme_editeur\">\n\t\t<p>Votre produit refl\u00e8te votre image, c\u2019est pourquoi SACMO s\u2019engage \u00e0 vous apporter :<\/p>\n<p>&nbsp;<\/p>\n<ul>\n<li><span style=\"font-size: 16px;\">Innovation<\/span><\/li>\n<li><span style=\"font-size: 16px;\">Flexibilit\u00e9<\/span><\/li>\n<li><span style=\"font-size: 16px;\">R\u00e9activit\u00e9<\/span><\/li>\n<\/ul>\n<\/div>\n<\/div><\/div><div id=\"panel-518-1-0-2\" class=\"so-panel widget widget_editeur panel-last-child\" data-index=\"4\" ><div\n\t\t\t\n\t\t\tclass=\"so-widget-editeur so-widget-editeur-base\"\n\t\t\t\n\t\t>\t\t\t<div class=\"smarttheme_editeur\">\n\t\t<p>En confiant votre projet d\u2019automatisation industrielle \u00e0 SACMO, vous avez la garantie d\u2019\u00eatre \u00e9cout\u00e9 et accompagn\u00e9 \u00e0 chaque \u00e9tape. Vous avez aussi la certitude d\u2019obtenir une solution unique et sp\u00e9cialement con\u00e7ue pour votre besoin. Que vous cherchiez \u00e0 robotiser votre unit\u00e9 de production ou automatiser vos lignes de conditionnement, SACMO vous r\u00e9pond avec une solution performante et sur-mesure.<\/p>\n<\/div>\n<\/div><\/div><\/div><div id=\"pgc-518-1-1\"  class=\"panel-grid-cell\" ><div id=\"panel-518-1-1-0\" class=\"so-panel widget widget_smart-image panel-first-child panel-last-child\" data-index=\"5\" ><div\n\t\t\t\n\t\t\tclass=\"so-widget-smart-image so-widget-smart-image-default-40cd750bba98-518\"\n\t\t\t\n\t\t><div class=\"sow-image-container\">\n\t<div class=\"containerSmartImage center-center zoom  ajuster\"><div class=\"chargementSmartImage\"><div class=\"containerLoader\"><div class=\"loader\"><\/div><\/div><\/div><div style=\"background-image: url(https:\/\/www.sacmo.com\/fr\/wp-content\/uploads\/2021\/03\/Robot-marquage-laser01-scaled-1-768x432.jpg);\" class=\"smartImage carre \"><\/div><\/div>\t\t\t<div class=\"fond_popup_image\"><\/div>\n\t\t<div id=\"popup_image\">\n\t\t\t<div class=\"container-prevPopup\"><div class=\"prevPopup\"><\/div><\/div>\n\t\t\t<div class=\"container-nextPopup\"><div class=\"nextPopup\"><\/div><\/div>\n\t\t\t<div class=\"popup containerPopup\">\n\t\t\t\t<div class=\"container_exit\"><div class=\"exit\"><\/div><\/div>\n\t\t\t\t<div class=\"contenuPopup container\">\n\t\t\t\t\t<div class=\"row\">\n\t\t\t\t\t\t<div class=\"col-md-12\">\n\t\t\t\t\t\t\t<img decoding=\"async\" src=\"https:\/\/www.sacmo.com\/fr\/wp-content\/uploads\/2021\/03\/Robot-marquage-laser01-scaled-1-768x432.jpg\">\n\t\t\t\t\t\t<\/div>\n\t\t\t\t\t<\/div>\n\t\t\t\t<\/div>\n\t\t\t<\/div>\n\t\t<\/div>\n\t<\/div>\n\n<\/div><\/div><\/div><\/div><\/div><div id=\"pg-518-2\"  class=\"panel-grid panel-has-style\" ><div class=\"panel-row-style panel-row-style-for-518-2\" ><div id=\"pgc-518-2-0\"  class=\"panel-grid-cell\" ><div id=\"panel-518-2-0-0\" class=\"so-panel widget widget_smartheme_titre_widget panel-first-child\" data-index=\"6\" ><div\n\t\t\t\n\t\t\tclass=\"so-widget-smartheme_titre_widget so-widget-smartheme_titre_widget-default-d75171398898-518\"\n\t\t\t\n\t\t><div class=\"container_titre center\">\n\t<div class=\"titre\">\n\t\t\t\t<h3>NOTRE EXP\u00c9RIENCE AU SERVICE DE VOTRE SECTEUR D\u2019ACTIVIT\u00c9S<\/h3>\n\t<\/div>\n\t<\/div><\/div><\/div><div id=\"panel-518-2-0-1\" class=\"so-panel widget widget_smarttheme_carousel_pictos_widget panel-last-child\" data-index=\"7\" ><div\n\t\t\t\n\t\t\tclass=\"so-widget-smarttheme_carousel_pictos_widget so-widget-smarttheme_carousel_pictos_widget-default-d75171398898-518\"\n\t\t\t\n\t\t><div class=\"container_carousel_pictos\">\r\n\t\t<div class=\"swiper-container  linear\">\r\n\t\t<div class=\"swiper-wrapper\">\t\r\n\t\t\t\t\t\t\t\t<div class=\"container_picto_titre swiper-slide\">\r\n\t\t\t\t\t\t\t\t\t\t\t\t<a href=\"https:\/\/www.sacmo.com\/fr\/votre-secteur-dactivite\/cosmetique\/\">\r\n\t\t\t\t\t\t\t\t<div class=\"container_picto\">\r\n\t\t\t\t\t<div class=\"picto\" style=\"background-image: url(https:\/\/www.sacmo.com\/fr\/wp-content\/uploads\/2020\/08\/cosmetique-1.svg)\"><\/div>\r\n\t\t\t\t<\/div>\r\n\t\t\t\t<div class=\"container_titre\">\r\n\t\t\t\t\t<span class=\"titre\">Cosm\u00e9tique<\/span>\r\n\t\t\t\t<\/div>\r\n\t\t\t\t\t\t\t\t\t\t\t\t<\/a>\r\n\t\t\t\t\t\t\t<\/div>\r\n\t\t\t\t\t\t\t\t<div class=\"container_picto_titre swiper-slide\">\r\n\t\t\t\t\t\t\t\t\t\t\t\t<a href=\"https:\/\/www.sacmo.com\/fr\/votre-secteur-dactivite\/hygiene\/\">\r\n\t\t\t\t\t\t\t\t<div class=\"container_picto\">\r\n\t\t\t\t\t<div class=\"picto\" style=\"background-image: url(https:\/\/www.sacmo.com\/fr\/wp-content\/uploads\/2020\/08\/hygiene-1.svg)\"><\/div>\r\n\t\t\t\t<\/div>\r\n\t\t\t\t<div class=\"container_titre\">\r\n\t\t\t\t\t<span class=\"titre\">Hygi\u00e8ne<\/span>\r\n\t\t\t\t<\/div>\r\n\t\t\t\t\t\t\t\t\t\t\t\t<\/a>\r\n\t\t\t\t\t\t\t<\/div>\r\n\t\t\t\t\t\t\t\t<div class=\"container_picto_titre swiper-slide\">\r\n\t\t\t\t\t\t\t\t\t\t\t\t<a href=\"https:\/\/www.sacmo.com\/fr\/nos-solutions-de-conditionnement\/produits-pharmaceutiques\/\">\r\n\t\t\t\t\t\t\t\t<div class=\"container_picto\">\r\n\t\t\t\t\t<div class=\"picto\" style=\"background-image: url(https:\/\/www.sacmo.com\/fr\/wp-content\/uploads\/2020\/08\/pharmaceutique-1.svg)\"><\/div>\r\n\t\t\t\t<\/div>\r\n\t\t\t\t<div class=\"container_titre\">\r\n\t\t\t\t\t<span class=\"titre\">Pharmaceutique<\/span>\r\n\t\t\t\t<\/div>\r\n\t\t\t\t\t\t\t\t\t\t\t\t<\/a>\r\n\t\t\t\t\t\t\t<\/div>\r\n\t\t\t\t\t\t\t\t<div class=\"container_picto_titre swiper-slide\">\r\n\t\t\t\t\t\t\t\t\t\t\t\t<a href=\"https:\/\/www.sacmo.com\/fr\/votre-secteur-dactivite\/agroalimentaire\/\">\r\n\t\t\t\t\t\t\t\t<div class=\"container_picto\">\r\n\t\t\t\t\t<div class=\"picto\" style=\"background-image: url(https:\/\/www.sacmo.com\/fr\/wp-content\/uploads\/2020\/08\/agroalimentaire-1.svg)\"><\/div>\r\n\t\t\t\t<\/div>\r\n\t\t\t\t<div class=\"container_titre\">\r\n\t\t\t\t\t<span class=\"titre\">Agroalimentaire<\/span>\r\n\t\t\t\t<\/div>\r\n\t\t\t\t\t\t\t\t\t\t\t\t<\/a>\r\n\t\t\t\t\t\t\t<\/div>\r\n\t\t\t\t\t\t\t\t<div class=\"container_picto_titre swiper-slide\">\r\n\t\t\t\t\t\t\t\t\t\t\t\t<a href=\"https:\/\/www.sacmo.com\/fr\/votre-secteur-dactivite\/chimie\/\">\r\n\t\t\t\t\t\t\t\t<div class=\"container_picto\">\r\n\t\t\t\t\t<div class=\"picto\" style=\"background-image: url(https:\/\/www.sacmo.com\/fr\/wp-content\/uploads\/2020\/08\/chimie-1.svg)\"><\/div>\r\n\t\t\t\t<\/div>\r\n\t\t\t\t<div class=\"container_titre\">\r\n\t\t\t\t\t<span class=\"titre\">Chimie<\/span>\r\n\t\t\t\t<\/div>\r\n\t\t\t\t\t\t\t\t\t\t\t\t<\/a>\r\n\t\t\t\t\t\t\t<\/div>\r\n\t\t\t\r\n\t\t<\/div>\r\n\t<\/div>\r\n\t<div class=\"swiper-button-next\">\r\n\t\t<div class=\"container_nav_next\">\r\n\t\t\t<div class=\"nav_next\">\r\n\t\t\t\t<span><\/span>\r\n\t\t\t<\/div>\r\n\t\t<\/div>\r\n\t<\/div>\r\n\t<div class=\"swiper-button-prev\">\r\n\t\t<div class=\"container_nav_prev\">\r\n\t\t\t<div class=\"nav_prev\">\r\n\t\t\t\t<span><\/span>\r\n\t\t\t<\/div>\r\n\t\t<\/div>\r\n\t<\/div>\r\n\t<div class=\"container_carousel_pictos-pagination\"><\/div>\r\n<\/div><\/div><\/div><\/div><\/div><\/div><div id=\"pg-518-3\"  class=\"panel-grid panel-has-style\" ><div class=\"panel-row-style panel-row-style-for-518-3\" ><div id=\"pgc-518-3-0\"  class=\"panel-grid-cell\" ><div id=\"panel-518-3-0-0\" class=\"so-panel widget widget_smartheme_titre_widget panel-first-child\" data-index=\"8\" ><div\n\t\t\t\n\t\t\tclass=\"so-widget-smartheme_titre_widget so-widget-smartheme_titre_widget-default-d75171398898-518\"\n\t\t\t\n\t\t><div class=\"container_titre center\">\n\t<div class=\"titre\">\n\t\t\t\t<h3>Nous vous accompagnons pour relever les nouveaux d\u00e9fis de l\u2019emballage et du conditionnement.<br \/>\n<\/h3>\n\t<\/div>\n\t\t\t<span class=\"soustitre\">Alliez productivit\u00e9 et \u00e9co-responsabilit\u00e9 gr\u00e2ce aux solutions innovantes de SACMO.<\/span>\n\t<\/div><\/div><\/div><div id=\"panel-518-3-0-1\" class=\"so-panel widget widget_bouton panel-last-child\" data-index=\"9\" ><div\n\t\t\t\n\t\t\tclass=\"so-widget-bouton so-widget-bouton-default-40cd750bba98-518\"\n\t\t\t\n\t\t><div class=\"container_btn centre\">\r\n\t\t<a href=\"https:\/\/www.sacmo.com\/fr\/solutions-de-conditionnement\/\">\t\r\n\t\t\t<div class=\"btn rouge\">\r\n\t\t\t<span>RETROUVEZ TOUTES NOS SOLUTIONS<\/span>\r\n\t\t<\/div>\r\n\t<\/a>\r\n<\/div>\r\n<\/div><\/div><\/div><\/div><\/div><\/div>","protected":false},"excerpt":{"rendered":"<p>REALISEZ VOS PROJETS AVEC UN SPECIALISTE DES SOLUTIONS INDUSTRIELLES Nos \u00e9quipements s&rsquo;adaptent \u00e0 votre activit\u00e9 Du simple module d\u2019emballage \u00e0 [&hellip;]<\/p>\n","protected":false},"author":1,"featured_media":1085,"parent":0,"menu_order":0,"comment_status":"closed","ping_status":"closed","template":"","meta":{"content-type":"","footnotes":""},"class_list":["post-518","page","type-page","status-publish","has-post-thumbnail","hentry"],"_links":{"self":[{"href":"https:\/\/www.sacmo.com\/fr\/wp-json\/wp\/v2\/pages\/518","targetHints":{"allow":["GET"]}}],"collection":[{"href":"https:\/\/www.sacmo.com\/fr\/wp-json\/wp\/v2\/pages"}],"about":[{"href":"https:\/\/www.sacmo.com\/fr\/wp-json\/wp\/v2\/types\/page"}],"author":[{"embeddable":true,"href":"https:\/\/www.sacmo.com\/fr\/wp-json\/wp\/v2\/users\/1"}],"replies":[{"embeddable":true,"href":"https:\/\/www.sacmo.com\/fr\/wp-json\/wp\/v2\/comments?post=518"}],"version-history":[{"count":10,"href":"https:\/\/www.sacmo.com\/fr\/wp-json\/wp\/v2\/pages\/518\/revisions"}],"predecessor-version":[{"id":2758,"href":"https:\/\/www.sacmo.com\/fr\/wp-json\/wp\/v2\/pages\/518\/revisions\/2758"}],"wp:featuredmedia":[{"embeddable":true,"href":"https:\/\/www.sacmo.com\/fr\/wp-json\/wp\/v2\/media\/1085"}],"wp:attachment":[{"href":"https:\/\/www.sacmo.com\/fr\/wp-json\/wp\/v2\/media?parent=518"}],"curies":[{"name":"wp","href":"https:\/\/api.w.org\/{rel}","templated":true}]}}