{"id":498,"date":"2021-02-09T20:05:38","date_gmt":"2021-02-09T19:05:38","guid":{"rendered":"http:\/\/www.sacmo.com\/?page_id=498"},"modified":"2021-05-18T19:16:04","modified_gmt":"2021-05-18T17:16:04","slug":"integrateur-de-solutions","status":"publish","type":"page","link":"https:\/\/www.sacmo.com\/fr\/specialiste-du-conditionnement\/integrateur-de-solutions\/","title":{"rendered":"Int\u00e9grateur de solutions"},"content":{"rendered":"<div id=\"pl-498\"  class=\"panel-layout\" ><div id=\"pg-498-0\"  class=\"panel-grid panel-has-style\" ><div class=\"panel-row-style panel-row-style-for-498-0\" ><div id=\"pgc-498-0-0\"  class=\"panel-grid-cell\" ><div id=\"panel-498-0-0-0\" class=\"so-panel widget widget_smartheme_titre_widget panel-first-child\" data-index=\"0\" ><div\n\t\t\t\n\t\t\tclass=\"so-widget-smartheme_titre_widget so-widget-smartheme_titre_widget-default-d75171398898-498\"\n\t\t\t\n\t\t><div class=\"container_titre center\">\n\t<div class=\"titre\">\n\t\t\t\t<h2>NOTRE ROLE D\u2019INTEGRATEUR DE SOLUTIONS<\/h2>\n\t<\/div>\n\t<\/div><\/div><\/div><div id=\"panel-498-0-0-1\" class=\"so-panel widget widget_editeur panel-last-child\" data-index=\"1\" ><div\n\t\t\t\n\t\t\tclass=\"so-widget-editeur so-widget-editeur-base\"\n\t\t\t\n\t\t>\t\t\t<div class=\"smarttheme_editeur\">\n\t\t<p>Afin de faire b\u00e9n\u00e9ficier nos clients des toutes derni\u00e8res technologies, nous nous entourons de partenaires de confiance pour int\u00e9grer dans chaque projet les \u00e9quipements les plus performants. Notre r\u00f4le d\u2019int\u00e9grateur consiste \u00e0 cr\u00e9er le lien entre le besoin de nos clients et la technologie correspondante.<\/p>\n<\/div>\n<\/div><\/div><\/div><\/div><\/div><div id=\"pg-498-1\"  class=\"panel-grid panel-has-style\" ><div class=\"panel-row-style panel-row-style-for-498-1\" ><div id=\"pgc-498-1-0\"  class=\"panel-grid-cell\" ><div id=\"panel-498-1-0-0\" class=\"so-panel widget widget_smart-image panel-first-child panel-last-child\" data-index=\"2\" ><div\n\t\t\t\n\t\t\tclass=\"so-widget-smart-image so-widget-smart-image-default-40cd750bba98-498\"\n\t\t\t\n\t\t><div class=\"sow-image-container\">\n\t<div class=\"containerSmartImage right-center zoom filtre ajuster\"><div class=\"chargementSmartImage\"><div class=\"containerLoader\"><div class=\"loader\"><\/div><\/div><\/div><div style=\"background-image: linear-gradient(rgba(0,0,0,0) calc(100% - 40px), #b91b1d 0), url(https:\/\/www.sacmo.com\/fr\/wp-content\/uploads\/2020\/12\/sacmo_capteur_photoelectrique-1-768x432.jpg);\" class=\"filtre smartImage carre \"><\/div><\/div>\t\t\t<div class=\"fond_popup_image\"><\/div>\n\t\t<div id=\"popup_image\">\n\t\t\t<div class=\"container-prevPopup\"><div class=\"prevPopup\"><\/div><\/div>\n\t\t\t<div class=\"container-nextPopup\"><div class=\"nextPopup\"><\/div><\/div>\n\t\t\t<div class=\"popup containerPopup\">\n\t\t\t\t<div class=\"container_exit\"><div class=\"exit\"><\/div><\/div>\n\t\t\t\t<div class=\"contenuPopup container\">\n\t\t\t\t\t<div class=\"row\">\n\t\t\t\t\t\t<div class=\"col-md-12\">\n\t\t\t\t\t\t\t<img decoding=\"async\" src=\"https:\/\/www.sacmo.com\/fr\/wp-content\/uploads\/2020\/12\/sacmo_capteur_photoelectrique-1-768x432.jpg\">\n\t\t\t\t\t\t<\/div>\n\t\t\t\t\t<\/div>\n\t\t\t\t<\/div>\n\t\t\t<\/div>\n\t\t<\/div>\n\t<\/div>\n\n<\/div><\/div><\/div><div id=\"pgc-498-1-1\"  class=\"panel-grid-cell\" ><div id=\"panel-498-1-1-0\" class=\"so-panel widget widget_editeur panel-first-child panel-last-child\" data-index=\"3\" ><div\n\t\t\t\n\t\t\tclass=\"so-widget-editeur so-widget-editeur-base\"\n\t\t\t\n\t\t>\t\t\t<div class=\"smarttheme_editeur\">\n\t\t<p>Gr\u00e2ce aux relations que nous entretenons avec nos fournisseurs, nos \u00e9quipes sont form\u00e9es aux toutes derni\u00e8res innovations dans les domaines des composants \u00e9lectroniques et des solutions m\u00e9catroniques ou robotiques.<br \/>\nNotre laboratoire de Recherche &amp; D\u00e9veloppement est un espace o\u00f9 nous testons et combinons des solutions de nos diff\u00e9rents partenaires pour cr\u00e9er des applications innovantes qui seront int\u00e9gr\u00e9s dans vos futurs projets.<\/p>\n<\/div>\n<\/div><\/div><\/div><\/div><\/div><div id=\"pg-498-2\"  class=\"panel-grid panel-has-style\" ><div class=\"panel-row-style panel-row-style-for-498-2\" ><div id=\"pgc-498-2-0\"  class=\"panel-grid-cell\" ><div id=\"panel-498-2-0-0\" class=\"so-panel widget widget_smartheme_titre_widget panel-first-child\" data-index=\"4\" ><div\n\t\t\t\n\t\t\tclass=\"so-widget-smartheme_titre_widget so-widget-smartheme_titre_widget-default-d75171398898-498\"\n\t\t\t\n\t\t><div class=\"container_titre center\">\n\t<div class=\"titre\">\n\t\t\t\t<h3>NOS PARTENAIRES<\/h3>\n\t<\/div>\n\t<\/div><\/div><\/div><div id=\"panel-498-2-0-1\" class=\"so-panel widget widget_smarttheme_carrousel_logos_widget panel-last-child\" data-index=\"5\" ><div\n\t\t\t\n\t\t\tclass=\"so-widget-smarttheme_carrousel_logos_widget so-widget-smarttheme_carrousel_logos_widget-default-d75171398898-498\"\n\t\t\t\n\t\t><div class=\"container_carrousel_logos\">\r\n\t\t<div class=\"swiper-container \">\r\n\t\t<div class=\"swiper-wrapper\">\t\r\n\t\t\t\t\t\t\t\t<div class=\"container_logo_parent swiper-slide\">\r\n\t\t\t\t\t\t\t\t<a href=\"https:\/\/www.keyence.fr\/\" target=\"_blank\">\r\n\t\t\t\t\t\t\t\t<div class=\"container_logo\">\r\n\t\t\t\t\t<div class=\"logo\" title=\"Keyence\" style=\"background-image: url(https:\/\/www.sacmo.com\/fr\/wp-content\/uploads\/2021\/02\/keyence-1.svg)\"><\/div>\r\n\t\t\t\t<\/div>\r\n\t\t\t\t\t\t\t\t<\/a>\r\n\t\t\t\t\t\t\t<\/div>\r\n\t\t\t\t\t\t\t\t<div class=\"container_logo_parent swiper-slide\">\r\n\t\t\t\t\t\t\t\t<a href=\"https:\/\/www.fanuc.eu\/fr\/fr\" target=\"_blank\">\r\n\t\t\t\t\t\t\t\t<div class=\"container_logo\">\r\n\t\t\t\t\t<div class=\"logo\" title=\"Fanuc\" style=\"background-image: url(https:\/\/www.sacmo.com\/fr\/wp-content\/uploads\/2021\/02\/fanuc-1.svg)\"><\/div>\r\n\t\t\t\t<\/div>\r\n\t\t\t\t\t\t\t\t<\/a>\r\n\t\t\t\t\t\t\t<\/div>\r\n\t\t\t\t\t\t\t\t<div class=\"container_logo_parent swiper-slide\">\r\n\t\t\t\t\t\t\t\t<a href=\"https:\/\/www.yaskawa.fr\/\" target=\"_blank\">\r\n\t\t\t\t\t\t\t\t<div class=\"container_logo\">\r\n\t\t\t\t\t<div class=\"logo\" title=\"Yaskawa\" style=\"background-image: url(https:\/\/www.sacmo.com\/fr\/wp-content\/uploads\/2021\/02\/yaskawa-1.svg)\"><\/div>\r\n\t\t\t\t<\/div>\r\n\t\t\t\t\t\t\t\t<\/a>\r\n\t\t\t\t\t\t\t<\/div>\r\n\t\t\t\t\t\t\t\t<div class=\"container_logo_parent swiper-slide\">\r\n\t\t\t\t\t\t\t\t<a href=\"https:\/\/industrial.omron.fr\/fr\/home\" target=\"_blank\">\r\n\t\t\t\t\t\t\t\t<div class=\"container_logo\">\r\n\t\t\t\t\t<div class=\"logo\" title=\"Omron\" style=\"background-image: url(https:\/\/www.sacmo.com\/fr\/wp-content\/uploads\/2021\/02\/omron-1.svg)\"><\/div>\r\n\t\t\t\t<\/div>\r\n\t\t\t\t\t\t\t\t<\/a>\r\n\t\t\t\t\t\t\t<\/div>\r\n\t\t\t\t\t\t\t\t<div class=\"container_logo_parent swiper-slide\">\r\n\t\t\t\t\t\t\t\t<a href=\"https:\/\/new.siemens.com\/fr\/fr\/produits\/automatisation-entrainements.html\" target=\"_blank\">\r\n\t\t\t\t\t\t\t\t<div class=\"container_logo\">\r\n\t\t\t\t\t<div class=\"logo\" title=\"Siemens\" style=\"background-image: url(https:\/\/www.sacmo.com\/fr\/wp-content\/uploads\/2021\/02\/siemens-1.svg)\"><\/div>\r\n\t\t\t\t<\/div>\r\n\t\t\t\t\t\t\t\t<\/a>\r\n\t\t\t\t\t\t\t<\/div>\r\n\t\t\t\t\t\t\t\t<div class=\"container_logo_parent swiper-slide\">\r\n\t\t\t\t\t\t\t\t<a href=\"https:\/\/www.beckhoff.fr\/\" target=\"_blank\">\r\n\t\t\t\t\t\t\t\t<div class=\"container_logo\">\r\n\t\t\t\t\t<div class=\"logo\" title=\"Beckhoff\" style=\"background-image: url(https:\/\/www.sacmo.com\/fr\/wp-content\/uploads\/2021\/02\/beckhoff-1.svg)\"><\/div>\r\n\t\t\t\t<\/div>\r\n\t\t\t\t\t\t\t\t<\/a>\r\n\t\t\t\t\t\t\t<\/div>\r\n\t\t\t\t\t\t\t\t<div class=\"container_logo_parent swiper-slide\">\r\n\t\t\t\t\t\t\t\t<a href=\"https:\/\/schunk.com\/fr_fr\/page-daccueil\/\" target=\"_blank\">\r\n\t\t\t\t\t\t\t\t<div class=\"container_logo\">\r\n\t\t\t\t\t<div class=\"logo\" title=\"Shunk\" style=\"background-image: url(https:\/\/www.sacmo.com\/fr\/wp-content\/uploads\/2021\/02\/schunk-1.svg)\"><\/div>\r\n\t\t\t\t<\/div>\r\n\t\t\t\t\t\t\t\t<\/a>\r\n\t\t\t\t\t\t\t<\/div>\r\n\t\t\t\t\t\t\t\t<div class=\"container_logo_parent swiper-slide\">\r\n\t\t\t\t\t\t\t\t<a href=\"http:\/\/www.transtechnik.fr\/\" target=\"_blank\">\r\n\t\t\t\t\t\t\t\t<div class=\"container_logo\">\r\n\t\t\t\t\t<div class=\"logo\" title=\"Transtechnik\" style=\"background-image: url(https:\/\/www.sacmo.com\/fr\/wp-content\/uploads\/2021\/02\/transtechnik-1.png)\"><\/div>\r\n\t\t\t\t<\/div>\r\n\t\t\t\t\t\t\t\t<\/a>\r\n\t\t\t\t\t\t\t<\/div>\r\n\t\t\t\t\t\t\t\t<div class=\"container_logo_parent swiper-slide\">\r\n\t\t\t\t\t\t\t\t<a href=\"https:\/\/www.herma.fr\/\" target=\"_blank\">\r\n\t\t\t\t\t\t\t\t<div class=\"container_logo\">\r\n\t\t\t\t\t<div class=\"logo\" title=\"Herma\" style=\"background-image: url(https:\/\/www.sacmo.com\/fr\/wp-content\/uploads\/2021\/02\/herma-1.svg)\"><\/div>\r\n\t\t\t\t<\/div>\r\n\t\t\t\t\t\t\t\t<\/a>\r\n\t\t\t\t\t\t\t<\/div>\r\n\t\t\t\t\t\t\t\t<div class=\"container_logo_parent swiper-slide\">\r\n\t\t\t\t\t\t\t\t<a href=\"https:\/\/www.att-fr.com\/fr\/att\" target=\"_blank\">\r\n\t\t\t\t\t\t\t\t<div class=\"container_logo\">\r\n\t\t\t\t\t<div class=\"logo\" title=\"Advanced track and trace\" style=\"background-image: url(https:\/\/www.sacmo.com\/fr\/wp-content\/uploads\/2021\/02\/advanced_track_and_trace-1.png)\"><\/div>\r\n\t\t\t\t<\/div>\r\n\t\t\t\t\t\t\t\t<\/a>\r\n\t\t\t\t\t\t\t<\/div>\r\n\t\t\t\t\t\t\t\t<div class=\"container_logo_parent swiper-slide\">\r\n\t\t\t\t\t\t\t\t<a href=\"https:\/\/www.keyence.fr\/\" target=\"_blank\">\r\n\t\t\t\t\t\t\t\t<div class=\"container_logo\">\r\n\t\t\t\t\t<div class=\"logo\" title=\"Keyence\" style=\"background-image: url(https:\/\/www.sacmo.com\/fr\/wp-content\/uploads\/2021\/02\/keyence-1.svg)\"><\/div>\r\n\t\t\t\t<\/div>\r\n\t\t\t\t\t\t\t\t<\/a>\r\n\t\t\t\t\t\t\t<\/div>\r\n\t\t\t\r\n\t\t<\/div>\r\n\t<\/div>\r\n\t<div class=\"swiper-button-next\">\r\n\t\t<div class=\"container_nav_next\">\r\n\t\t\t<div class=\"nav_next\">\r\n\t\t\t\t<span><\/span>\r\n\t\t\t<\/div>\r\n\t\t<\/div>\r\n\t<\/div>\r\n\t<div class=\"swiper-button-prev\">\r\n\t\t<div class=\"container_nav_prev\">\r\n\t\t\t<div class=\"nav_prev\">\r\n\t\t\t\t<span><\/span>\r\n\t\t\t<\/div>\r\n\t\t<\/div>\r\n\t<\/div>\r\n\t<div class=\"container_carrousel_logos-pagination\"><\/div>\r\n<\/div><\/div><\/div><\/div><\/div><\/div><div id=\"pg-498-3\"  class=\"panel-grid panel-has-style\" ><div class=\"panel-row-style panel-row-style-for-498-3\" ><div id=\"pgc-498-3-0\"  class=\"panel-grid-cell\" ><div id=\"panel-498-3-0-0\" class=\"so-panel widget widget_smartheme_titre_widget panel-first-child\" data-index=\"6\" ><div\n\t\t\t\n\t\t\tclass=\"so-widget-smartheme_titre_widget so-widget-smartheme_titre_widget-default-d75171398898-498\"\n\t\t\t\n\t\t><div class=\"container_titre center\">\n\t<div class=\"titre\">\n\t\t\t\t<h3>L\u2019ALLIANCE DE NOS COMPETENCES ET DE LEURS INNOVATIONS CR\u00c9E DES MACHINES ULTRA-PERFORMANTES<\/h3>\n\t<\/div>\n\t<\/div><\/div><\/div><div id=\"panel-498-3-0-1\" class=\"so-panel widget widget_editeur\" data-index=\"7\" ><div\n\t\t\t\n\t\t\tclass=\"so-widget-editeur so-widget-editeur-base\"\n\t\t\t\n\t\t>\t\t\t<div class=\"smarttheme_editeur\">\n\t\t<p>Lorsque nous \u00e9tudions vos projets, nous concevons une solution sur-mesure pour r\u00e9pondre \u00e0 votre besoin. Nous anticipons les \u00e9volutions de votre march\u00e9 en nous effor\u00e7ant de rendre chaque machine flexible afin de pouvoir l\u2019adapter facilement \u00e0 un nouveau produit. Nos \u00e9quipes de conception et de programmation mettent en commun tout leur savoir-faire et leurs connaissances pour r\u00e9aliser des machines automatiques int\u00e9grant les meilleures technologies. Ainsi, de nombreuses applications industrielles d\u00e9velopp\u00e9es par nos \u00e9quipes en collaboration avec nos fournisseurs ont \u00e9t\u00e9 int\u00e9gr\u00e9es aux projets de clients :<\/p>\n<\/div>\n<\/div><\/div><div id=\"panel-498-3-0-2\" class=\"so-panel widget widget_smarttheme_carousel_pictos_widget panel-last-child\" data-index=\"8\" ><div\n\t\t\t\n\t\t\tclass=\"so-widget-smarttheme_carousel_pictos_widget so-widget-smarttheme_carousel_pictos_widget-default-d75171398898-498\"\n\t\t\t\n\t\t><div class=\"container_carousel_pictos\">\r\n\t\t<div class=\"swiper-container color_logo linear\">\r\n\t\t<div class=\"swiper-wrapper\">\t\r\n\t\t\t\t\t\t\t\t<div class=\"container_picto_titre swiper-slide\">\r\n\t\t\t\t\t\t\t\t<div class=\"container_picto\">\r\n\t\t\t\t\t<div class=\"picto\" style=\"background-image: url(https:\/\/www.sacmo.com\/fr\/wp-content\/uploads\/2020\/11\/implentation_de_ligne_2d-1.svg)\"><\/div>\r\n\t\t\t\t<\/div>\r\n\t\t\t\t<div class=\"container_titre\">\r\n\t\t\t\t\t<span class=\"titre\">Vision 2D et 3D<\/span>\r\n\t\t\t\t<\/div>\r\n\t\t\t\t\t\t\t\t\t\t\t<\/div>\r\n\t\t\t\t\t\t\t\t<div class=\"container_picto_titre swiper-slide\">\r\n\t\t\t\t\t\t\t\t<div class=\"container_picto\">\r\n\t\t\t\t\t<div class=\"picto\" style=\"background-image: url(https:\/\/www.sacmo.com\/fr\/wp-content\/uploads\/2021\/02\/devracage-1.svg)\"><\/div>\r\n\t\t\t\t<\/div>\r\n\t\t\t\t<div class=\"container_titre\">\r\n\t\t\t\t\t<span class=\"titre\">D\u00e9vracage<\/span>\r\n\t\t\t\t<\/div>\r\n\t\t\t\t\t\t\t\t\t\t\t<\/div>\r\n\t\t\t\t\t\t\t\t<div class=\"container_picto_titre swiper-slide\">\r\n\t\t\t\t\t\t\t\t<div class=\"container_picto\">\r\n\t\t\t\t\t<div class=\"picto\" style=\"background-image: url(https:\/\/www.sacmo.com\/fr\/wp-content\/uploads\/2021\/02\/distribution_flexible-1.svg)\"><\/div>\r\n\t\t\t\t<\/div>\r\n\t\t\t\t<div class=\"container_titre\">\r\n\t\t\t\t\t<span class=\"titre\">Distribution flexible<\/span>\r\n\t\t\t\t<\/div>\r\n\t\t\t\t\t\t\t\t\t\t\t<\/div>\r\n\t\t\t\t\t\t\t\t<div class=\"container_picto_titre swiper-slide\">\r\n\t\t\t\t\t\t\t\t<div class=\"container_picto\">\r\n\t\t\t\t\t<div class=\"picto\" style=\"background-image: url(https:\/\/www.sacmo.com\/fr\/wp-content\/uploads\/2020\/12\/track_and_trace-1.svg)\"><\/div>\r\n\t\t\t\t<\/div>\r\n\t\t\t\t<div class=\"container_titre\">\r\n\t\t\t\t\t<span class=\"titre\">Track &amp; Trace<\/span>\r\n\t\t\t\t<\/div>\r\n\t\t\t\t\t\t\t\t\t\t\t<\/div>\r\n\t\t\t\t\t\t\t\t<div class=\"container_picto_titre swiper-slide\">\r\n\t\t\t\t\t\t\t\t<div class=\"container_picto\">\r\n\t\t\t\t\t<div class=\"picto\" style=\"background-image: url(https:\/\/www.sacmo.com\/fr\/wp-content\/uploads\/2020\/12\/electromagnetique-1.svg)\"><\/div>\r\n\t\t\t\t<\/div>\r\n\t\t\t\t<div class=\"container_titre\">\r\n\t\t\t\t\t<span class=\"titre\">Transport par convoyeurs <br \/>\n\u00e9lectromagn\u00e9tiques<\/span>\r\n\t\t\t\t<\/div>\r\n\t\t\t\t\t\t\t\t\t\t\t<\/div>\r\n\t\t\t\t\t\t\t\t<div class=\"container_picto_titre swiper-slide\">\r\n\t\t\t\t\t\t\t\t<div class=\"container_picto\">\r\n\t\t\t\t\t<div class=\"picto\" style=\"background-image: url(https:\/\/www.sacmo.com\/fr\/wp-content\/uploads\/2020\/12\/renovation_partielle-1.svg)\"><\/div>\r\n\t\t\t\t<\/div>\r\n\t\t\t\t<div class=\"container_titre\">\r\n\t\t\t\t\t<span class=\"titre\">Personnalisation <br \/>\ndes produits sur ligne <br \/>\n(late stage customization)<\/span>\r\n\t\t\t\t<\/div>\r\n\t\t\t\t\t\t\t\t\t\t\t<\/div>\r\n\t\t\t\t\t\t\t\t<div class=\"container_picto_titre swiper-slide\">\r\n\t\t\t\t\t\t\t\t<div class=\"container_picto\">\r\n\t\t\t\t\t<div class=\"picto\" style=\"background-image: url(https:\/\/www.sacmo.com\/fr\/wp-content\/uploads\/2021\/02\/robotic_collaborative-1.svg)\"><\/div>\r\n\t\t\t\t<\/div>\r\n\t\t\t\t<div class=\"container_titre\">\r\n\t\t\t\t\t<span class=\"titre\">Robotique collaborative<\/span>\r\n\t\t\t\t<\/div>\r\n\t\t\t\t\t\t\t\t\t\t\t<\/div>\r\n\t\t\t\t\t\t\t\t<div class=\"container_picto_titre swiper-slide\">\r\n\t\t\t\t\t\t\t\t<div class=\"container_picto\">\r\n\t\t\t\t\t<div class=\"picto\" style=\"background-image: url(https:\/\/www.sacmo.com\/fr\/wp-content\/uploads\/2021\/02\/smed-1.svg)\"><\/div>\r\n\t\t\t\t<\/div>\r\n\t\t\t\t<div class=\"container_titre\">\r\n\t\t\t\t\t<span class=\"titre\">Solutions SMED<\/span>\r\n\t\t\t\t<\/div>\r\n\t\t\t\t\t\t\t\t\t\t\t<\/div>\r\n\t\t\t\t\t\t\t\t<div class=\"container_picto_titre swiper-slide\">\r\n\t\t\t\t\t\t\t\t<div class=\"container_picto\">\r\n\t\t\t\t\t<div class=\"picto\" style=\"background-image: url(https:\/\/www.sacmo.com\/fr\/wp-content\/uploads\/2021\/02\/mecatronic-1.svg)\"><\/div>\r\n\t\t\t\t<\/div>\r\n\t\t\t\t<div class=\"container_titre\">\r\n\t\t\t\t\t<span class=\"titre\">Applications m\u00e9catroniques<\/span>\r\n\t\t\t\t<\/div>\r\n\t\t\t\t\t\t\t\t\t\t\t<\/div>\r\n\t\t\t\r\n\t\t<\/div>\r\n\t<\/div>\r\n\t<div class=\"swiper-button-next\">\r\n\t\t<div class=\"container_nav_next\">\r\n\t\t\t<div class=\"nav_next\">\r\n\t\t\t\t<span><\/span>\r\n\t\t\t<\/div>\r\n\t\t<\/div>\r\n\t<\/div>\r\n\t<div class=\"swiper-button-prev\">\r\n\t\t<div class=\"container_nav_prev\">\r\n\t\t\t<div class=\"nav_prev\">\r\n\t\t\t\t<span><\/span>\r\n\t\t\t<\/div>\r\n\t\t<\/div>\r\n\t<\/div>\r\n\t<div class=\"container_carousel_pictos-pagination\"><\/div>\r\n<\/div><\/div><\/div><\/div><\/div><\/div><\/div>","protected":false},"excerpt":{"rendered":"<p>NOTRE ROLE D\u2019INTEGRATEUR DE SOLUTIONS Afin de faire b\u00e9n\u00e9ficier nos clients des toutes derni\u00e8res technologies, nous nous entourons de partenaires [&hellip;]<\/p>\n","protected":false},"author":1,"featured_media":1078,"parent":129,"menu_order":0,"comment_status":"closed","ping_status":"closed","template":"","meta":{"content-type":"","footnotes":""},"class_list":["post-498","page","type-page","status-publish","has-post-thumbnail","hentry"],"_links":{"self":[{"href":"https:\/\/www.sacmo.com\/fr\/wp-json\/wp\/v2\/pages\/498","targetHints":{"allow":["GET"]}}],"collection":[{"href":"https:\/\/www.sacmo.com\/fr\/wp-json\/wp\/v2\/pages"}],"about":[{"href":"https:\/\/www.sacmo.com\/fr\/wp-json\/wp\/v2\/types\/page"}],"author":[{"embeddable":true,"href":"https:\/\/www.sacmo.com\/fr\/wp-json\/wp\/v2\/users\/1"}],"replies":[{"embeddable":true,"href":"https:\/\/www.sacmo.com\/fr\/wp-json\/wp\/v2\/comments?post=498"}],"version-history":[{"count":5,"href":"https:\/\/www.sacmo.com\/fr\/wp-json\/wp\/v2\/pages\/498\/revisions"}],"predecessor-version":[{"id":2558,"href":"https:\/\/www.sacmo.com\/fr\/wp-json\/wp\/v2\/pages\/498\/revisions\/2558"}],"up":[{"embeddable":true,"href":"https:\/\/www.sacmo.com\/fr\/wp-json\/wp\/v2\/pages\/129"}],"wp:featuredmedia":[{"embeddable":true,"href":"https:\/\/www.sacmo.com\/fr\/wp-json\/wp\/v2\/media\/1078"}],"wp:attachment":[{"href":"https:\/\/www.sacmo.com\/fr\/wp-json\/wp\/v2\/media?parent=498"}],"curies":[{"name":"wp","href":"https:\/\/api.w.org\/{rel}","templated":true}]}}