{"id":486,"date":"2021-02-09T19:13:13","date_gmt":"2021-02-09T18:13:13","guid":{"rendered":"http:\/\/www.sacmo.com\/?page_id=486"},"modified":"2026-02-25T17:44:23","modified_gmt":"2026-02-25T16:44:23","slug":"nous-rejoindre","status":"publish","type":"page","link":"https:\/\/www.sacmo.com\/fr\/contact\/nous-rejoindre\/","title":{"rendered":"Travailler chez SACMO"},"content":{"rendered":"<div id=\"pl-486\"  class=\"panel-layout\" ><div id=\"pg-486-0\"  class=\"panel-grid panel-no-style\" ><div id=\"pgc-486-0-0\"  class=\"panel-grid-cell\" ><div id=\"panel-486-0-0-0\" class=\"so-panel widget widget_smartheme_titre_widget panel-first-child panel-last-child\" data-index=\"0\" ><div\n\t\t\t\n\t\t\tclass=\"so-widget-smartheme_titre_widget so-widget-smartheme_titre_widget-default-d75171398898-486\"\n\t\t\t\n\t\t><div class=\"container_titre center\">\n\t<div class=\"titre\">\n\t\t\t\t<h1>Vous \u00eates passionn\u00e9(e) par l\u2019industrie, la robotique ou la m\u00e9canique ?<\/h1>\n\t<\/div>\n\t\t\t<span class=\"soustitre\">Rejoignez SACMO, le sp\u00e9cialiste de la machine de conditionnement depuis 1981. Int\u00e9grez une \u00e9quipe dynamique qui rel\u00e8ve des d\u00e9fis technologiques au quotidien.<\/span>\n\t<\/div><\/div><\/div><\/div><\/div><div id=\"pg-486-1\"  class=\"panel-grid panel-has-style\" ><div class=\"panel-row-style panel-row-style-for-486-1\" ><div id=\"pgc-486-1-0\"  class=\"panel-grid-cell\" ><div id=\"panel-486-1-0-0\" class=\"so-panel widget widget_editeur panel-first-child\" data-index=\"1\" ><div\n\t\t\t\n\t\t\tclass=\"so-widget-editeur so-widget-editeur-base\"\n\t\t\t\n\t\t>\t\t\t<div class=\"smarttheme_editeur\">\n\t\t<p><span style=\"font-size: 14pt;\">La SACMO, Soci\u00e9t\u00e9 des Ateliers de Construction M\u00e9canique d'Holnon, est une entreprise implant\u00e9e \u00e0 Holnon pr\u00e8s de Saint-Quentin dans l\u2019Aisne. Nous concevons et r\u00e9alisons des machines de conditionnement sur-mesure et fournissons des prestations de services apr\u00e8s-vente nous permettant de proposer des solutions industrielles compl\u00e8tes \u00e0 nos clients.<\/span><\/p>\n<\/div>\n<\/div><\/div><div id=\"panel-486-1-0-1\" class=\"so-panel widget widget_editeur\" data-index=\"2\" ><div\n\t\t\t\n\t\t\tclass=\"so-widget-editeur so-widget-editeur-base\"\n\t\t\t\n\t\t><h3 class=\"widget-title\">SACMO CHERCHE DE NOUVEAUX COLLABORATEURS.<\/h3>\t\t\t<div class=\"smarttheme_editeur\">\n\t\t<p><span style=\"font-size: 18.6667px;\">Pour accompagner notre d\u00e9veloppement, nous ouvrons au recrutement les postes suivants :<\/span><\/p>\n<ul>\n<li>M\u00e9canicien \/ monteur (H\/F)<\/li>\n<li>Electricien \/ c\u00e2bleur (H\/F)<\/li>\n<\/ul>\n<\/div>\n<\/div><\/div><div id=\"panel-486-1-0-2\" class=\"so-panel widget widget_bouton panel-last-child\" data-index=\"3\" ><div\n\t\t\t\n\t\t\tclass=\"so-widget-bouton so-widget-bouton-default-40cd750bba98-486\"\n\t\t\t\n\t\t><div class=\"container_btn gauche\">\r\n\t\t<a href=\"https:\/\/www.sacmo.com\/fr\/contact\/\" target=\"_blank\">\t\r\n\t\t\t<div class=\"btn rouge\">\r\n\t\t\t<span>Pour postuler, c'est ici<\/span>\r\n\t\t<\/div>\r\n\t<\/a>\r\n<\/div>\r\n<\/div><\/div><\/div><div id=\"pgc-486-1-1\"  class=\"panel-grid-cell\" ><div id=\"panel-486-1-1-0\" class=\"so-panel widget widget_smart-image panel-first-child panel-last-child\" data-index=\"4\" ><div\n\t\t\t\n\t\t\tclass=\"so-widget-smart-image so-widget-smart-image-default-40cd750bba98-486\"\n\t\t\t\n\t\t><div class=\"sow-image-container\">\n\t<div class=\"containerSmartImage center-center   ajuster\"><div class=\"chargementSmartImage\"><div class=\"containerLoader\"><div class=\"loader\"><\/div><\/div><\/div><div style=\"background-image: url(https:\/\/www.sacmo.com\/fr\/wp-content\/uploads\/2022\/04\/Convoyeur-electro-magnetique-Programmation02-min-768x513.jpg);\" class=\"smartImage carre \"><\/div><\/div>\t<\/div>\n\n<\/div><\/div><\/div><\/div><\/div><div id=\"pg-486-2\"  class=\"panel-grid panel-has-style\" ><div class=\"panel-row-style panel-row-style-for-486-2\" ><div id=\"pgc-486-2-0\"  class=\"panel-grid-cell\" ><div id=\"panel-486-2-0-0\" class=\"so-panel widget widget_smart-image panel-first-child panel-last-child\" data-index=\"5\" ><div\n\t\t\t\n\t\t\tclass=\"so-widget-smart-image so-widget-smart-image-default-40cd750bba98-486\"\n\t\t\t\n\t\t><div class=\"sow-image-container\">\n\t<div class=\"containerSmartImage center-center   ajuster\"><div class=\"chargementSmartImage\"><div class=\"containerLoader\"><div class=\"loader\"><\/div><\/div><\/div><div style=\"background-image: url(https:\/\/www.sacmo.com\/fr\/wp-content\/uploads\/2020\/11\/sacmo_bureau_detudes-2-768x512.jpg);\" class=\"smartImage carre \"><\/div><\/div>\t<\/div>\n\n<\/div><\/div><\/div><div id=\"pgc-486-2-1\"  class=\"panel-grid-cell\" ><div id=\"panel-486-2-1-0\" class=\"so-panel widget widget_editeur panel-first-child\" data-index=\"6\" ><div\n\t\t\t\n\t\t\tclass=\"so-widget-editeur so-widget-editeur-base\"\n\t\t\t\n\t\t>\t\t\t<div class=\"smarttheme_editeur\">\n\t\t<p><span style=\"font-size: 14pt;\">Nos clients sont principalement les industriels de la cosm\u00e9tique et de la pharmaceutique. Nous sommes \u00e9galement pr\u00e9sents dans les secteurs automobiles, agro-alimentaires et chimiques.<\/span><\/p>\n<p><span style=\"font-size: 14pt;\">Que vous soyez jeunes travailleurs ou exp\u00e9riment\u00e9s d\u00e8s lors que vous avez un esprit novateur et que vous \u00eates curieux, vous avez des atouts que nous recherchons.<\/span><\/p>\n<p><span style=\"font-size: 14pt;\">D\u00e9posez votre candidature spontan\u00e9e en joignant votre C.V. <\/span><span style=\"font-size: 14pt;\">et votre lettre de motivation en cliquant ici :<\/span><\/p>\n<\/div>\n<\/div><\/div><div id=\"panel-486-2-1-1\" class=\"so-panel widget widget_bouton panel-last-child\" data-index=\"7\" ><div\n\t\t\t\n\t\t\tclass=\"so-widget-bouton so-widget-bouton-default-40cd750bba98-486\"\n\t\t\t\n\t\t><div class=\"container_btn gauche\">\r\n\t\t<a href=\"https:\/\/www.sacmo.com\/fr\/contact\/\">\t\r\n\t\t\t<div class=\"btn rouge\">\r\n\t\t\t<span>Nous contacter<\/span>\r\n\t\t<\/div>\r\n\t<\/a>\r\n<\/div>\r\n<\/div><\/div><\/div><\/div><\/div><div id=\"pg-486-3\"  class=\"panel-grid panel-has-style\" ><div class=\"panel-row-style panel-row-style-for-486-3\" ><div id=\"pgc-486-3-0\"  class=\"panel-grid-cell\" ><div id=\"panel-486-3-0-0\" class=\"so-panel widget widget_smartheme_titre_widget panel-first-child\" data-index=\"8\" ><div\n\t\t\t\n\t\t\tclass=\"so-widget-smartheme_titre_widget so-widget-smartheme_titre_widget-default-d75171398898-486\"\n\t\t\t\n\t\t><div class=\"container_titre left\">\n\t<div class=\"titre\">\n\t\t\t\t<h1>INDEX EGALITE PROFESSIONNELLE ENTRE LES HOMMES ET LES FEMMES<\/h1>\n\t<\/div>\n\t<\/div><\/div><\/div><div id=\"panel-486-3-0-1\" class=\"so-panel widget widget_editeur\" data-index=\"9\" ><div\n\t\t\t\n\t\t\tclass=\"so-widget-editeur so-widget-editeur-base\"\n\t\t\t\n\t\t>\t\t\t<div class=\"smarttheme_editeur\">\n\t\t<p>Conform\u00e9ment aux obligations l\u00e9gales des entreprises, SACMO est soumise au calcul et \u00e0 la diffusion publique de l\u2019index relatif \u00e0 l\u2019\u00e9galit\u00e9 professionnelle entre les hommes et les femmes.<\/p>\n<p>L\u2019index est d\u00e9termin\u00e9 \u00e0 partir des donn\u00e9es issues des 4 indicateurs suivants :<\/p>\n<\/div>\n<\/div><\/div><div id=\"panel-486-3-0-2\" class=\"so-panel widget widget_editeur\" data-index=\"10\" ><div\n\t\t\t\n\t\t\tclass=\"so-widget-editeur so-widget-editeur-base\"\n\t\t\t\n\t\t>\t\t\t<div class=\"smarttheme_editeur\">\n\t\t<ul>\n<li>Indicateur relatif \u00e0 l'\u00e9cart de r\u00e9mun\u00e9ration<\/li>\n<li>Indicateur relatif \u00e0 l'\u00e9cart de taux d'augmentations individuelles<\/li>\n<li>Indicateur relatif au % de salari\u00e9es ayant b\u00e9n\u00e9fici\u00e9 d'une augmentation dans l'ann\u00e9e suivant leur retour de cong\u00e9 maternit\u00e9<\/li>\n<li>Indicateur relatif au nombre de salari\u00e9s du sexe sous-repr\u00e9sent\u00e9 parmi les 10 salari\u00e9s ayant per\u00e7u les plus hautes r\u00e9mun\u00e9rations<\/li>\n<\/ul>\n<\/div>\n<\/div><\/div><div id=\"panel-486-3-0-3\" class=\"so-panel widget widget_bouton panel-last-child\" data-index=\"11\" ><div\n\t\t\t\n\t\t\tclass=\"so-widget-bouton so-widget-bouton-default-40cd750bba98-486\"\n\t\t\t\n\t\t><div class=\"container_btn gauche\">\r\n\t\t<a href=\"https:\/\/www.sacmo.com\/fr\/indexpro2025\">\t\r\n\t\t\t<div class=\"btn rouge\">\r\n\t\t\t<span>En savoir plus<\/span>\r\n\t\t<\/div>\r\n\t<\/a>\r\n<\/div>\r\n<\/div><\/div><\/div><div id=\"pgc-486-3-1\"  class=\"panel-grid-cell\" ><div id=\"panel-486-3-1-0\" class=\"so-panel widget widget_smart-image panel-first-child panel-last-child\" data-index=\"12\" ><div\n\t\t\t\n\t\t\tclass=\"so-widget-smart-image so-widget-smart-image-default-40cd750bba98-486\"\n\t\t\t\n\t\t><div class=\"sow-image-container\">\n\t<div class=\"containerSmartImage center-center   ajuster\"><div class=\"chargementSmartImage\"><div class=\"containerLoader\"><div class=\"loader\"><\/div><\/div><\/div><div style=\"background-image: url(https:\/\/www.sacmo.com\/fr\/wp-content\/uploads\/2022\/04\/jonathan-pendleton-rewyZqUwAqY-unsplash-min-768x768.jpg);\" class=\"smartImage carre \"><\/div><\/div>\t<\/div>\n\n<\/div><\/div><\/div><\/div><\/div><\/div>","protected":false},"excerpt":{"rendered":"<p>Vous \u00eates passionn\u00e9(e) par l\u2019industrie, la robotique ou la m\u00e9canique ? Rejoignez SACMO, le sp\u00e9cialiste de la machine de conditionnement [&hellip;]<\/p>\n","protected":false},"author":1,"featured_media":430,"parent":887,"menu_order":0,"comment_status":"closed","ping_status":"closed","template":"","meta":{"content-type":"","footnotes":""},"class_list":["post-486","page","type-page","status-publish","has-post-thumbnail","hentry"],"_links":{"self":[{"href":"https:\/\/www.sacmo.com\/fr\/wp-json\/wp\/v2\/pages\/486","targetHints":{"allow":["GET"]}}],"collection":[{"href":"https:\/\/www.sacmo.com\/fr\/wp-json\/wp\/v2\/pages"}],"about":[{"href":"https:\/\/www.sacmo.com\/fr\/wp-json\/wp\/v2\/types\/page"}],"author":[{"embeddable":true,"href":"https:\/\/www.sacmo.com\/fr\/wp-json\/wp\/v2\/users\/1"}],"replies":[{"embeddable":true,"href":"https:\/\/www.sacmo.com\/fr\/wp-json\/wp\/v2\/comments?post=486"}],"version-history":[{"count":72,"href":"https:\/\/www.sacmo.com\/fr\/wp-json\/wp\/v2\/pages\/486\/revisions"}],"predecessor-version":[{"id":5446,"href":"https:\/\/www.sacmo.com\/fr\/wp-json\/wp\/v2\/pages\/486\/revisions\/5446"}],"up":[{"embeddable":true,"href":"https:\/\/www.sacmo.com\/fr\/wp-json\/wp\/v2\/pages\/887"}],"wp:featuredmedia":[{"embeddable":true,"href":"https:\/\/www.sacmo.com\/fr\/wp-json\/wp\/v2\/media\/430"}],"wp:attachment":[{"href":"https:\/\/www.sacmo.com\/fr\/wp-json\/wp\/v2\/media?parent=486"}],"curies":[{"name":"wp","href":"https:\/\/api.w.org\/{rel}","templated":true}]}}