{"id":4713,"date":"2024-07-01T15:25:00","date_gmt":"2024-07-01T13:25:00","guid":{"rendered":"https:\/\/www.sacmo.com\/fr\/?page_id=4713"},"modified":"2025-09-12T09:08:25","modified_gmt":"2025-09-12T07:08:25","slug":"nos-machines-doccasion","status":"publish","type":"page","link":"https:\/\/www.sacmo.com\/fr\/liste-machines-doccasion","title":{"rendered":"Nos machines d&rsquo;occasion"},"content":{"rendered":"<div id=\"pl-4713\"  class=\"panel-layout\" ><div id=\"pg-4713-0\"  class=\"panel-grid panel-has-style\" ><div class=\"panel-row-style panel-row-style-for-4713-0\" ><div id=\"pgc-4713-0-0\"  class=\"panel-grid-cell\" ><div id=\"panel-4713-0-0-0\" class=\"so-panel widget widget_smartheme_titre_widget panel-first-child\" data-index=\"0\" ><div\n\t\t\t\n\t\t\tclass=\"so-widget-smartheme_titre_widget so-widget-smartheme_titre_widget-default-d75171398898-4713\"\n\t\t\t\n\t\t><div class=\"container_titre center\">\n\t<div class=\"titre\">\n\t\t\t\t<h2>D\u00e9couvrez les machines d'occasion disponibles<\/h2>\n\t<\/div>\n\t<\/div><\/div><\/div><div id=\"panel-4713-0-0-1\" class=\"so-panel widget widget_editeur panel-last-child\" data-index=\"1\" ><div\n\t\t\t\n\t\t\tclass=\"so-widget-editeur so-widget-editeur-base\"\n\t\t\t\n\t\t>\t\t\t<div class=\"smarttheme_editeur\">\n\t\t<p>Bienvenue dans notre section d\u00e9di\u00e9e aux machines d'occasion pour l'industrie cosm\u00e9tique, pharmaceutique, chimique et agroalimentaire. D\u00e9couvrez notre large s\u00e9lection de machines de conditionnement, allant de la remplisseuse au palettiseur, ainsi que des \u00e9quipements industriels de type robots. Tous nos \u00e9quipements sont soigneusement s\u00e9lectionn\u00e9s pour r\u00e9pondre \u00e0 vos besoins de production et d'optimisation. Profitez \u00e9galement de nos prestations de retrofit pour disposer de machines performantes et adapt\u00e9es \u00e0 vos sp\u00e9cifications. Transformez votre processus de fabrication avec des solutions d'occasion de qualit\u00e9 sup\u00e9rieure, offrant un retour sur investissement optimis\u00e9.<\/p>\n<\/div>\n<\/div><\/div><\/div><\/div><\/div><div id=\"pg-4713-1\"  class=\"panel-grid panel-has-style\" ><div class=\"panel-row-style panel-row-style-for-4713-1\" ><div id=\"pgc-4713-1-0\"  class=\"panel-grid-cell\" ><div id=\"panel-4713-1-0-0\" class=\"so-panel widget widget_galerie-produits-mini panel-first-child panel-last-child\" data-index=\"2\" ><div\n\t\t\t\n\t\t\tclass=\"so-widget-galerie-produits-mini so-widget-galerie-produits-mini-default-40cd750bba98-4713\"\n\t\t\t\n\t\t><div class=\"container_galerie_produits\">\r\n\t\t\r\n\t<div class=\"container_produit\">\r\n\t\t\t\t\t<a href=\"https:\/\/www.sacmo.com\/fr\/remplisseuse-flexible-alcool\" >\r\n\t\t\t\t<div class=\"produit rouge\" style=\"background-image: url(https:\/\/www.sacmo.com\/fr\/wp-content\/uploads\/2024\/07\/Remplisseuse-SACMO-01-768x512.jpg)\">\r\n\t\t\t<div class=\"filtre rouge\" style=\"background-image: url(https:\/\/www.sacmo.com\/fr\/wp-content\/uploads\/2024\/07\/Remplisseuse-SACMO-01-768x512.jpg)\"><\/div>\r\n\t\t\t<div class=\"container_titre_texte\">\r\n\t\t\t\t\t\t\t\t\t\t\t\t\t<div class=\"container_button white\">\r\n\t\t\t\t\t\t<div class=\"body_button\">\r\n\t\t\t\t\t\t\t<div class=\"button\">\r\n\t\t\t\t\t\t\t\t<span>Remplisseuse produits alcooliques SACMO<\/span>\r\n\t\t\t\t\t\t\t<\/div>\r\n\t\t\t\t\t\t<\/div>\r\n\t\t\t\t\t<\/div>\r\n\t\t\t\t\t\t\t<\/div>\r\n\t\t<\/div>\r\n\t\t\t\t\t<\/a>\r\n\t\t\t<\/div>\r\n\t\t\r\n\t<div class=\"container_produit\">\r\n\t\t\t\t\t<a href=\"https:\/\/www.sacmo.com\/fr\/KX800-tube-metal\" >\r\n\t\t\t\t<div class=\"produit rouge\" style=\"background-image: url(https:\/\/www.sacmo.com\/fr\/wp-content\/uploads\/2024\/07\/Kalix-KX800-SACMO-01-768x512.jpg)\">\r\n\t\t\t<div class=\"filtre rouge\" style=\"background-image: url(https:\/\/www.sacmo.com\/fr\/wp-content\/uploads\/2024\/07\/Kalix-KX800-SACMO-01-768x512.jpg)\"><\/div>\r\n\t\t\t<div class=\"container_titre_texte\">\r\n\t\t\t\t\t\t\t\t\t\t\t\t\t<div class=\"container_button white\">\r\n\t\t\t\t\t\t<div class=\"body_button\">\r\n\t\t\t\t\t\t\t<div class=\"button\">\r\n\t\t\t\t\t\t\t\t<span>Remplisseuse tube m\u00e9tal Kalix KX800<\/span>\r\n\t\t\t\t\t\t\t<\/div>\r\n\t\t\t\t\t\t<\/div>\r\n\t\t\t\t\t<\/div>\r\n\t\t\t\t\t\t\t<\/div>\r\n\t\t<\/div>\r\n\t\t\t\t\t<\/a>\r\n\t\t\t<\/div>\r\n\t\t\r\n\t<div class=\"container_produit\">\r\n\t\t\t\t\t<a href=\"https:\/\/www.sacmo.com\/fr\/elevateur-groninger-de-50\/\" >\r\n\t\t\t\t<div class=\"produit rouge\" style=\"background-image: url(https:\/\/www.sacmo.com\/fr\/wp-content\/uploads\/2024\/08\/Tremie-Groninger-DE50-01-768x512.jpg)\">\r\n\t\t\t<div class=\"filtre rouge\" style=\"background-image: url(https:\/\/www.sacmo.com\/fr\/wp-content\/uploads\/2024\/08\/Tremie-Groninger-DE50-01-768x512.jpg)\"><\/div>\r\n\t\t\t<div class=\"container_titre_texte\">\r\n\t\t\t\t\t\t\t\t\t\t\t\t\t<div class=\"container_button white\">\r\n\t\t\t\t\t\t<div class=\"body_button\">\r\n\t\t\t\t\t\t\t<div class=\"button\">\r\n\t\t\t\t\t\t\t\t<span>Elevateur Groninger DE 50<\/span>\r\n\t\t\t\t\t\t\t<\/div>\r\n\t\t\t\t\t\t<\/div>\r\n\t\t\t\t\t<\/div>\r\n\t\t\t\t\t\t\t<\/div>\r\n\t\t<\/div>\r\n\t\t\t\t\t<\/a>\r\n\t\t\t<\/div>\r\n\t\t\r\n\t<div class=\"container_produit\">\r\n\t\t\t\t\t<a href=\"https:\/\/www.sacmo.com\/fr\/distributeur-admv\/\" >\r\n\t\t\t\t<div class=\"produit rouge\" style=\"background-image: url(https:\/\/www.sacmo.com\/fr\/wp-content\/uploads\/2024\/08\/Pumpfeeder-ADMV-01--768x512.jpg)\">\r\n\t\t\t<div class=\"filtre rouge\" style=\"background-image: url(https:\/\/www.sacmo.com\/fr\/wp-content\/uploads\/2024\/08\/Pumpfeeder-ADMV-01--768x512.jpg)\"><\/div>\r\n\t\t\t<div class=\"container_titre_texte\">\r\n\t\t\t\t\t\t\t\t\t\t\t\t\t<div class=\"container_button white\">\r\n\t\t\t\t\t\t<div class=\"body_button\">\r\n\t\t\t\t\t\t\t<div class=\"button\">\r\n\t\t\t\t\t\t\t\t<span>Distributeur de pompes ADMV<\/span>\r\n\t\t\t\t\t\t\t<\/div>\r\n\t\t\t\t\t\t<\/div>\r\n\t\t\t\t\t<\/div>\r\n\t\t\t\t\t\t\t<\/div>\r\n\t\t<\/div>\r\n\t\t\t\t\t<\/a>\r\n\t\t\t<\/div>\r\n\t\t\r\n\t<div class=\"container_produit\">\r\n\t\t\t\t\t<a href=\"https:\/\/www.sacmo.com\/fr\/cellophaneuse-BFB-3711\" >\r\n\t\t\t\t<div class=\"produit rouge\" style=\"background-image: url(https:\/\/www.sacmo.com\/fr\/wp-content\/uploads\/2024\/08\/Cello-BFB-09-768x512.jpg)\">\r\n\t\t\t<div class=\"filtre rouge\" style=\"background-image: url(https:\/\/www.sacmo.com\/fr\/wp-content\/uploads\/2024\/08\/Cello-BFB-09-768x512.jpg)\"><\/div>\r\n\t\t\t<div class=\"container_titre_texte\">\r\n\t\t\t\t\t\t\t\t\t\t\t\t\t<div class=\"container_button white\">\r\n\t\t\t\t\t\t<div class=\"body_button\">\r\n\t\t\t\t\t\t\t<div class=\"button\">\r\n\t\t\t\t\t\t\t\t<span>Cellophaneuse BFB 3711<\/span>\r\n\t\t\t\t\t\t\t<\/div>\r\n\t\t\t\t\t\t<\/div>\r\n\t\t\t\t\t<\/div>\r\n\t\t\t\t\t\t\t<\/div>\r\n\t\t<\/div>\r\n\t\t\t\t\t<\/a>\r\n\t\t\t<\/div>\r\n\t\t\r\n\t<div class=\"container_produit\">\r\n\t\t\t\t\t<a href=\"https:\/\/www.sacmo.com\/fr\/cellophaneuse-BFB3711B\" >\r\n\t\t\t\t<div class=\"produit rouge\" style=\"background-image: url(https:\/\/www.sacmo.com\/fr\/wp-content\/uploads\/2024\/08\/Cello-BFB-3711B-01-768x512.jpg)\">\r\n\t\t\t<div class=\"filtre rouge\" style=\"background-image: url(https:\/\/www.sacmo.com\/fr\/wp-content\/uploads\/2024\/08\/Cello-BFB-3711B-01-768x512.jpg)\"><\/div>\r\n\t\t\t<div class=\"container_titre_texte\">\r\n\t\t\t\t\t\t\t\t\t\t\t\t\t<div class=\"container_button white\">\r\n\t\t\t\t\t\t<div class=\"body_button\">\r\n\t\t\t\t\t\t\t<div class=\"button\">\r\n\t\t\t\t\t\t\t\t<span>Cellophaneuse BFB 3711B<\/span>\r\n\t\t\t\t\t\t\t<\/div>\r\n\t\t\t\t\t\t<\/div>\r\n\t\t\t\t\t<\/div>\r\n\t\t\t\t\t\t\t<\/div>\r\n\t\t<\/div>\r\n\t\t\t\t\t<\/a>\r\n\t\t\t<\/div>\r\n\t\t\r\n\t<div class=\"container_produit\">\r\n\t\t\t\t\t<a href=\"https:\/\/www.sacmo.com\/fr\/encolleur-Nordson-Problue\" >\r\n\t\t\t\t<div class=\"produit rouge\" style=\"background-image: url(https:\/\/www.sacmo.com\/fr\/wp-content\/uploads\/2024\/07\/Encolleur-Nordson-001-min-768x512.png)\">\r\n\t\t\t<div class=\"filtre rouge\" style=\"background-image: url(https:\/\/www.sacmo.com\/fr\/wp-content\/uploads\/2024\/07\/Encolleur-Nordson-001-min-768x512.png)\"><\/div>\r\n\t\t\t<div class=\"container_titre_texte\">\r\n\t\t\t\t\t\t\t\t\t\t\t\t\t<div class=\"container_button white\">\r\n\t\t\t\t\t\t<div class=\"body_button\">\r\n\t\t\t\t\t\t\t<div class=\"button\">\r\n\t\t\t\t\t\t\t\t<span>Encolleur Nordson<\/span>\r\n\t\t\t\t\t\t\t<\/div>\r\n\t\t\t\t\t\t<\/div>\r\n\t\t\t\t\t<\/div>\r\n\t\t\t\t\t\t\t<\/div>\r\n\t\t<\/div>\r\n\t\t\t\t\t<\/a>\r\n\t\t\t<\/div>\r\n\t\t\r\n\t<div class=\"container_produit\">\r\n\t\t\t\t\t<a href=\"https:\/\/www.sacmo.com\/fr\/formeuse-de-caisses-cariba\/\" >\r\n\t\t\t\t<div class=\"produit rouge\" style=\"background-image: url(https:\/\/www.sacmo.com\/fr\/wp-content\/uploads\/2024\/07\/Cariba02-L-768x512.jpg)\">\r\n\t\t\t<div class=\"filtre rouge\" style=\"background-image: url(https:\/\/www.sacmo.com\/fr\/wp-content\/uploads\/2024\/07\/Cariba02-L-768x512.jpg)\"><\/div>\r\n\t\t\t<div class=\"container_titre_texte\">\r\n\t\t\t\t\t\t\t\t\t\t\t\t\t<div class=\"container_button white\">\r\n\t\t\t\t\t\t<div class=\"body_button\">\r\n\t\t\t\t\t\t\t<div class=\"button\">\r\n\t\t\t\t\t\t\t\t<span>Formeuse de caisses Cariba<\/span>\r\n\t\t\t\t\t\t\t<\/div>\r\n\t\t\t\t\t\t<\/div>\r\n\t\t\t\t\t<\/div>\r\n\t\t\t\t\t\t\t<\/div>\r\n\t\t<\/div>\r\n\t\t\t\t\t<\/a>\r\n\t\t\t<\/div>\r\n\t\t\r\n\t<div class=\"container_produit\">\r\n\t\t\t\t\t<a href=\"https:\/\/www.sacmo.com\/fr\/formeuse-de-caisses-cariba-2\/\" >\r\n\t\t\t\t<div class=\"produit rouge\" style=\"background-image: url(https:\/\/www.sacmo.com\/fr\/wp-content\/uploads\/2024\/07\/Cariba02-L-768x512.jpg)\">\r\n\t\t\t<div class=\"filtre rouge\" style=\"background-image: url(https:\/\/www.sacmo.com\/fr\/wp-content\/uploads\/2024\/07\/Cariba02-L-768x512.jpg)\"><\/div>\r\n\t\t\t<div class=\"container_titre_texte\">\r\n\t\t\t\t\t\t\t\t\t\t\t\t\t<div class=\"container_button white\">\r\n\t\t\t\t\t\t<div class=\"body_button\">\r\n\t\t\t\t\t\t\t<div class=\"button\">\r\n\t\t\t\t\t\t\t\t<span>Formeuse de caisses Cariba<\/span>\r\n\t\t\t\t\t\t\t<\/div>\r\n\t\t\t\t\t\t<\/div>\r\n\t\t\t\t\t<\/div>\r\n\t\t\t\t\t\t\t<\/div>\r\n\t\t<\/div>\r\n\t\t\t\t\t<\/a>\r\n\t\t\t<\/div>\r\n\t\t\r\n\t<div class=\"container_produit\">\r\n\t\t\t\t\t<a href=\"https:\/\/www.sacmo.com\/fr\/fermeuse-de-caisse-automatique-soco-t10\/\" >\r\n\t\t\t\t<div class=\"produit rouge\" style=\"background-image: url(https:\/\/www.sacmo.com\/fr\/wp-content\/uploads\/2025\/03\/Fermeuse-de-caisse-automatique-Soco-SACMO-web04-768x512.jpg)\">\r\n\t\t\t<div class=\"filtre rouge\" style=\"background-image: url(https:\/\/www.sacmo.com\/fr\/wp-content\/uploads\/2025\/03\/Fermeuse-de-caisse-automatique-Soco-SACMO-web04-768x512.jpg)\"><\/div>\r\n\t\t\t<div class=\"container_titre_texte\">\r\n\t\t\t\t\t\t\t\t\t\t\t\t\t<div class=\"container_button white\">\r\n\t\t\t\t\t\t<div class=\"body_button\">\r\n\t\t\t\t\t\t\t<div class=\"button\">\r\n\t\t\t\t\t\t\t\t<span>Fermeuse de caisses SOCO T10<\/span>\r\n\t\t\t\t\t\t\t<\/div>\r\n\t\t\t\t\t\t<\/div>\r\n\t\t\t\t\t<\/div>\r\n\t\t\t\t\t\t\t<\/div>\r\n\t\t<\/div>\r\n\t\t\t\t\t<\/a>\r\n\t\t\t<\/div>\r\n\t\t\r\n\t<div class=\"container_produit\">\r\n\t\t\t\t\t<a href=\"https:\/\/www.sacmo.com\/fr\/fermeuse-de-caisses-automatique-soco-t100-mini-1999\" >\r\n\t\t\t\t<div class=\"produit rouge\" style=\"background-image: url(https:\/\/www.sacmo.com\/fr\/wp-content\/uploads\/2025\/03\/VENDU-768x960.png)\">\r\n\t\t\t<div class=\"filtre rouge\" style=\"background-image: url(https:\/\/www.sacmo.com\/fr\/wp-content\/uploads\/2025\/03\/VENDU-768x960.png)\"><\/div>\r\n\t\t\t<div class=\"container_titre_texte\">\r\n\t\t\t\t\t\t\t\t\t\t\t\t\t<div class=\"container_button white\">\r\n\t\t\t\t\t\t<div class=\"body_button\">\r\n\t\t\t\t\t\t\t<div class=\"button\">\r\n\t\t\t\t\t\t\t\t<span>Fermeuse de caisses SOCO T100 Mini<\/span>\r\n\t\t\t\t\t\t\t<\/div>\r\n\t\t\t\t\t\t<\/div>\r\n\t\t\t\t\t<\/div>\r\n\t\t\t\t\t\t\t<\/div>\r\n\t\t<\/div>\r\n\t\t\t\t\t<\/a>\r\n\t\t\t<\/div>\r\n\t\t\r\n\t<div class=\"container_produit\">\r\n\t\t\t\t\t<a href=\"https:\/\/www.sacmo.com\/fr\/fermeuse-de-caisses-automatique-soco-t100-mini\/\" >\r\n\t\t\t\t<div class=\"produit rouge\" style=\"background-image: url(https:\/\/www.sacmo.com\/fr\/wp-content\/uploads\/2025\/03\/SOCO-T100-mini-SACMO-Web-01-768x512.jpg)\">\r\n\t\t\t<div class=\"filtre rouge\" style=\"background-image: url(https:\/\/www.sacmo.com\/fr\/wp-content\/uploads\/2025\/03\/SOCO-T100-mini-SACMO-Web-01-768x512.jpg)\"><\/div>\r\n\t\t\t<div class=\"container_titre_texte\">\r\n\t\t\t\t\t\t\t\t\t\t\t\t\t<div class=\"container_button white\">\r\n\t\t\t\t\t\t<div class=\"body_button\">\r\n\t\t\t\t\t\t\t<div class=\"button\">\r\n\t\t\t\t\t\t\t\t<span>Fermeuse de caisses SOCO T100 Mini<\/span>\r\n\t\t\t\t\t\t\t<\/div>\r\n\t\t\t\t\t\t<\/div>\r\n\t\t\t\t\t<\/div>\r\n\t\t\t\t\t\t\t<\/div>\r\n\t\t<\/div>\r\n\t\t\t\t\t<\/a>\r\n\t\t\t<\/div>\r\n\t\t\r\n\t<div class=\"container_produit\">\r\n\t\t\t\t\t<a href=\"https:\/\/www.sacmo.com\/fr\/palettiseur-cermex-P91110\" >\r\n\t\t\t\t<div class=\"produit rouge\" style=\"background-image: url(https:\/\/www.sacmo.com\/fr\/wp-content\/uploads\/2024\/07\/Palettiseur-Cermex-P911.10-SACMO-04-1-768x512.jpg)\">\r\n\t\t\t<div class=\"filtre rouge\" style=\"background-image: url(https:\/\/www.sacmo.com\/fr\/wp-content\/uploads\/2024\/07\/Palettiseur-Cermex-P911.10-SACMO-04-1-768x512.jpg)\"><\/div>\r\n\t\t\t<div class=\"container_titre_texte\">\r\n\t\t\t\t\t\t\t\t\t\t\t\t\t<div class=\"container_button white\">\r\n\t\t\t\t\t\t<div class=\"body_button\">\r\n\t\t\t\t\t\t\t<div class=\"button\">\r\n\t\t\t\t\t\t\t\t<span>Palettiseur CERMEX P911.10<\/span>\r\n\t\t\t\t\t\t\t<\/div>\r\n\t\t\t\t\t\t<\/div>\r\n\t\t\t\t\t<\/div>\r\n\t\t\t\t\t\t\t<\/div>\r\n\t\t<\/div>\r\n\t\t\t\t\t<\/a>\r\n\t\t\t<\/div>\r\n\t\t\r\n\t<div class=\"container_produit\">\r\n\t\t\t\t\t<a href=\"https:\/\/www.sacmo.com\/fr\/palettiseur-cermex-2013\" >\r\n\t\t\t\t<div class=\"produit rouge\" style=\"background-image: url(https:\/\/www.sacmo.com\/fr\/wp-content\/uploads\/2025\/02\/Palettiseur-CERMEX-VENDU-768x960.png)\">\r\n\t\t\t<div class=\"filtre rouge\" style=\"background-image: url(https:\/\/www.sacmo.com\/fr\/wp-content\/uploads\/2025\/02\/Palettiseur-CERMEX-VENDU-768x960.png)\"><\/div>\r\n\t\t\t<div class=\"container_titre_texte\">\r\n\t\t\t\t\t\t\t\t\t\t\t\t\t<div class=\"container_button white\">\r\n\t\t\t\t\t\t<div class=\"body_button\">\r\n\t\t\t\t\t\t\t<div class=\"button\">\r\n\t\t\t\t\t\t\t\t<span>Palettiseur CERMEX P911.10<\/span>\r\n\t\t\t\t\t\t\t<\/div>\r\n\t\t\t\t\t\t<\/div>\r\n\t\t\t\t\t<\/div>\r\n\t\t\t\t\t\t\t<\/div>\r\n\t\t<\/div>\r\n\t\t\t\t\t<\/a>\r\n\t\t\t<\/div>\r\n\t\t\r\n\t<div class=\"container_produit\">\r\n\t\t\t\t\t<a href=\"https:\/\/www.sacmo.com\/fr\/fardeleuse-pester-pewo-pack-250-compact-e10\/\" >\r\n\t\t\t\t<div class=\"produit rouge\" style=\"background-image: url(https:\/\/www.sacmo.com\/fr\/wp-content\/uploads\/2025\/02\/Fardeleuse-pester-pewo-250-6-768x512.jpg)\">\r\n\t\t\t<div class=\"filtre rouge\" style=\"background-image: url(https:\/\/www.sacmo.com\/fr\/wp-content\/uploads\/2025\/02\/Fardeleuse-pester-pewo-250-6-768x512.jpg)\"><\/div>\r\n\t\t\t<div class=\"container_titre_texte\">\r\n\t\t\t\t\t\t\t\t\t\t\t\t\t<div class=\"container_button white\">\r\n\t\t\t\t\t\t<div class=\"body_button\">\r\n\t\t\t\t\t\t\t<div class=\"button\">\r\n\t\t\t\t\t\t\t\t<span>Fardeleuse Pester PEWO Pack 250 Compact E10 <\/span>\r\n\t\t\t\t\t\t\t<\/div>\r\n\t\t\t\t\t\t<\/div>\r\n\t\t\t\t\t<\/div>\r\n\t\t\t\t\t\t\t<\/div>\r\n\t\t<\/div>\r\n\t\t\t\t\t<\/a>\r\n\t\t\t<\/div>\r\n\t\t\r\n\t<div class=\"container_produit\">\r\n\t\t\t\t\t<a href=\"https:\/\/www.sacmo.com\/fr\/encartonneuse-marchesini-ma-255\/\" >\r\n\t\t\t\t<div class=\"produit rouge\" style=\"background-image: url(https:\/\/www.sacmo.com\/fr\/wp-content\/uploads\/2025\/02\/Marchesini-MA-255.2-768x512.jpg)\">\r\n\t\t\t<div class=\"filtre rouge\" style=\"background-image: url(https:\/\/www.sacmo.com\/fr\/wp-content\/uploads\/2025\/02\/Marchesini-MA-255.2-768x512.jpg)\"><\/div>\r\n\t\t\t<div class=\"container_titre_texte\">\r\n\t\t\t\t\t\t\t\t\t\t\t\t\t<div class=\"container_button white\">\r\n\t\t\t\t\t\t<div class=\"body_button\">\r\n\t\t\t\t\t\t\t<div class=\"button\">\r\n\t\t\t\t\t\t\t\t<span>Encartonneuse Marchesini MA 255<\/span>\r\n\t\t\t\t\t\t\t<\/div>\r\n\t\t\t\t\t\t<\/div>\r\n\t\t\t\t\t<\/div>\r\n\t\t\t\t\t\t\t<\/div>\r\n\t\t<\/div>\r\n\t\t\t\t\t<\/a>\r\n\t\t\t<\/div>\r\n\t\t\r\n\t<div class=\"container_produit\">\r\n\t\t\t\t\t<a href=\"https:\/\/www.sacmo.com\/fr\/fardeleuse-pester-pewo-pack-250-compact-e10-2\/\" >\r\n\t\t\t\t<div class=\"produit rouge\" style=\"background-image: url(https:\/\/www.sacmo.com\/fr\/wp-content\/uploads\/2025\/02\/Fardeleuse-Pester-Pewo-Pack-250-Compact-768x512.jpg)\">\r\n\t\t\t<div class=\"filtre rouge\" style=\"background-image: url(https:\/\/www.sacmo.com\/fr\/wp-content\/uploads\/2025\/02\/Fardeleuse-Pester-Pewo-Pack-250-Compact-768x512.jpg)\"><\/div>\r\n\t\t\t<div class=\"container_titre_texte\">\r\n\t\t\t\t\t\t\t\t\t\t\t\t\t<div class=\"container_button white\">\r\n\t\t\t\t\t\t<div class=\"body_button\">\r\n\t\t\t\t\t\t\t<div class=\"button\">\r\n\t\t\t\t\t\t\t\t<span>Fardeleuse Pester Pewo Pack 250 Compact<\/span>\r\n\t\t\t\t\t\t\t<\/div>\r\n\t\t\t\t\t\t<\/div>\r\n\t\t\t\t\t<\/div>\r\n\t\t\t\t\t\t\t<\/div>\r\n\t\t<\/div>\r\n\t\t\t\t\t<\/a>\r\n\t\t\t<\/div>\r\n\t\t\r\n\t<div class=\"container_produit\">\r\n\t\t\t\t\t<a href=\"https:\/\/www.sacmo.com\/fr\/5264-2\/\" >\r\n\t\t\t\t<div class=\"produit rouge\" style=\"background-image: url(https:\/\/www.sacmo.com\/fr\/wp-content\/uploads\/2025\/02\/Fardeleuse-Pester-Pewo-Pack-250-Compact-768x512.jpg)\">\r\n\t\t\t<div class=\"filtre rouge\" style=\"background-image: url(https:\/\/www.sacmo.com\/fr\/wp-content\/uploads\/2025\/02\/Fardeleuse-Pester-Pewo-Pack-250-Compact-768x512.jpg)\"><\/div>\r\n\t\t\t<div class=\"container_titre_texte\">\r\n\t\t\t\t\t\t\t\t\t\t\t\t\t<div class=\"container_button white\">\r\n\t\t\t\t\t\t<div class=\"body_button\">\r\n\t\t\t\t\t\t\t<div class=\"button\">\r\n\t\t\t\t\t\t\t\t<span>Fardeleuse Pester Pewo Pack 250 Compact<\/span>\r\n\t\t\t\t\t\t\t<\/div>\r\n\t\t\t\t\t\t<\/div>\r\n\t\t\t\t\t<\/div>\r\n\t\t\t\t\t\t\t<\/div>\r\n\t\t<\/div>\r\n\t\t\t\t\t<\/a>\r\n\t\t\t<\/div>\r\n\t\t\r\n\t<div class=\"container_produit\">\r\n\t\t\t\t\t<a href=\"https:\/\/www.sacmo.com\/fr\/etiqueteuse-dinviolabilite-marchesini-neri-bl400-vte\/\" >\r\n\t\t\t\t<div class=\"produit rouge\" style=\"background-image: url(https:\/\/www.sacmo.com\/fr\/wp-content\/uploads\/2025\/02\/Etiqueteuse-Neri-BL-400-VTE-1-768x512.jpg)\">\r\n\t\t\t<div class=\"filtre rouge\" style=\"background-image: url(https:\/\/www.sacmo.com\/fr\/wp-content\/uploads\/2025\/02\/Etiqueteuse-Neri-BL-400-VTE-1-768x512.jpg)\"><\/div>\r\n\t\t\t<div class=\"container_titre_texte\">\r\n\t\t\t\t\t\t\t\t\t\t\t\t\t<div class=\"container_button white\">\r\n\t\t\t\t\t\t<div class=\"body_button\">\r\n\t\t\t\t\t\t\t<div class=\"button\">\r\n\t\t\t\t\t\t\t\t<span>\u00c9tiqueteuse d'inviolabilit\u00e9 Neri BL 400 VTE<\/span>\r\n\t\t\t\t\t\t\t<\/div>\r\n\t\t\t\t\t\t<\/div>\r\n\t\t\t\t\t<\/div>\r\n\t\t\t\t\t\t\t<\/div>\r\n\t\t<\/div>\r\n\t\t\t\t\t<\/a>\r\n\t\t\t<\/div>\r\n\t\t\r\n\t<div class=\"container_produit\">\r\n\t\t\t\t\t<a href=\"https:\/\/www.sacmo.com\/fr\/etiqueteuse-dinviolabilite-marchesini-neri-bl400-vte-2\/\" >\r\n\t\t\t\t<div class=\"produit rouge\" style=\"background-image: url(https:\/\/www.sacmo.com\/fr\/wp-content\/uploads\/2025\/02\/Etiqueteuse-Neri-BL-400-VTE-768x512.jpg)\">\r\n\t\t\t<div class=\"filtre rouge\" style=\"background-image: url(https:\/\/www.sacmo.com\/fr\/wp-content\/uploads\/2025\/02\/Etiqueteuse-Neri-BL-400-VTE-768x512.jpg)\"><\/div>\r\n\t\t\t<div class=\"container_titre_texte\">\r\n\t\t\t\t\t\t\t\t\t\t\t\t\t<div class=\"container_button white\">\r\n\t\t\t\t\t\t<div class=\"body_button\">\r\n\t\t\t\t\t\t\t<div class=\"button\">\r\n\t\t\t\t\t\t\t\t<span>\u00c9tiqueteuse d'inviolabilit\u00e9 Neri BL 400 VTE<\/span>\r\n\t\t\t\t\t\t\t<\/div>\r\n\t\t\t\t\t\t<\/div>\r\n\t\t\t\t\t<\/div>\r\n\t\t\t\t\t\t\t<\/div>\r\n\t\t<\/div>\r\n\t\t\t\t\t<\/a>\r\n\t\t\t<\/div>\r\n\t\t\r\n\t<div class=\"container_produit\">\r\n\t\t\t\t\t<a href=\"https:\/\/www.sacmo.com\/fr\/encartonneuse-kalix-kp-1000\/\" >\r\n\t\t\t\t<div class=\"produit rouge\" style=\"background-image: url(https:\/\/www.sacmo.com\/fr\/wp-content\/uploads\/2025\/09\/Kalix-KP1000-vendue-768x512.jpg)\">\r\n\t\t\t<div class=\"filtre rouge\" style=\"background-image: url(https:\/\/www.sacmo.com\/fr\/wp-content\/uploads\/2025\/09\/Kalix-KP1000-vendue-768x512.jpg)\"><\/div>\r\n\t\t\t<div class=\"container_titre_texte\">\r\n\t\t\t\t\t\t\t\t\t\t\t\t\t<div class=\"container_button white\">\r\n\t\t\t\t\t\t<div class=\"body_button\">\r\n\t\t\t\t\t\t\t<div class=\"button\">\r\n\t\t\t\t\t\t\t\t<span>Encartonneuse KALIX KP 1000<\/span>\r\n\t\t\t\t\t\t\t<\/div>\r\n\t\t\t\t\t\t<\/div>\r\n\t\t\t\t\t<\/div>\r\n\t\t\t\t\t\t\t<\/div>\r\n\t\t<\/div>\r\n\t\t\t\t\t<\/a>\r\n\t\t\t<\/div>\r\n\t\t\r\n\t<div class=\"container_produit\">\r\n\t\t\t\t\t<a href=\"https:\/\/www.sacmo.com\/fr\/fardeleuse-multipack-f40\/\" >\r\n\t\t\t\t<div class=\"produit rouge\" style=\"background-image: url(https:\/\/www.sacmo.com\/fr\/wp-content\/uploads\/2025\/02\/Fardeleuse-Multipack-F40-768x512.jpg)\">\r\n\t\t\t<div class=\"filtre rouge\" style=\"background-image: url(https:\/\/www.sacmo.com\/fr\/wp-content\/uploads\/2025\/02\/Fardeleuse-Multipack-F40-768x512.jpg)\"><\/div>\r\n\t\t\t<div class=\"container_titre_texte\">\r\n\t\t\t\t\t\t\t\t\t\t\t\t\t<div class=\"container_button white\">\r\n\t\t\t\t\t\t<div class=\"body_button\">\r\n\t\t\t\t\t\t\t<div class=\"button\">\r\n\t\t\t\t\t\t\t\t<span>Fardeleuse Multipack F40<\/span>\r\n\t\t\t\t\t\t\t<\/div>\r\n\t\t\t\t\t\t<\/div>\r\n\t\t\t\t\t<\/div>\r\n\t\t\t\t\t\t\t<\/div>\r\n\t\t<\/div>\r\n\t\t\t\t\t<\/a>\r\n\t\t\t<\/div>\r\n\t\t\r\n\t<div class=\"container_produit\">\r\n\t\t\t\t\t<a href=\"https:\/\/www.sacmo.com\/fr\/remplisseuse-pkb-synchro\/\" >\r\n\t\t\t\t<div class=\"produit rouge\" style=\"background-image: url(https:\/\/www.sacmo.com\/fr\/wp-content\/uploads\/2025\/02\/Remplisseuse-PKB-Synchro-768x512.jpg)\">\r\n\t\t\t<div class=\"filtre rouge\" style=\"background-image: url(https:\/\/www.sacmo.com\/fr\/wp-content\/uploads\/2025\/02\/Remplisseuse-PKB-Synchro-768x512.jpg)\"><\/div>\r\n\t\t\t<div class=\"container_titre_texte\">\r\n\t\t\t\t\t\t\t\t\t\t\t\t\t<div class=\"container_button white\">\r\n\t\t\t\t\t\t<div class=\"body_button\">\r\n\t\t\t\t\t\t\t<div class=\"button\">\r\n\t\t\t\t\t\t\t\t<span>Remplisseuse PKB Synchro<\/span>\r\n\t\t\t\t\t\t\t<\/div>\r\n\t\t\t\t\t\t<\/div>\r\n\t\t\t\t\t<\/div>\r\n\t\t\t\t\t\t\t<\/div>\r\n\t\t<\/div>\r\n\t\t\t\t\t<\/a>\r\n\t\t\t<\/div>\r\n\t<\/div><\/div><\/div><\/div><\/div><\/div><div id=\"pg-4713-2\"  class=\"panel-grid panel-has-style\" ><div class=\"panel-row-style panel-row-style-for-4713-2\" ><div id=\"pgc-4713-2-0\"  class=\"panel-grid-cell\" ><div id=\"panel-4713-2-0-0\" class=\"so-panel widget widget_smartheme_titre_widget panel-first-child\" data-index=\"3\" ><div\n\t\t\t\n\t\t\tclass=\"so-widget-smartheme_titre_widget so-widget-smartheme_titre_widget-default-d75171398898-4713\"\n\t\t\t\n\t\t><div class=\"container_titre center\">\n\t<div class=\"titre\">\n\t\t\t\t<h2>Faites confiance \u00e0 SACMO pour choisir une machine d'occasion<\/h2>\n\t<\/div>\n\t<\/div><\/div><\/div><div id=\"panel-4713-2-0-1\" class=\"so-panel widget widget_editeur\" data-index=\"4\" ><div\n\t\t\t\n\t\t\tclass=\"so-widget-editeur so-widget-editeur-base\"\n\t\t\t\n\t\t>\t\t\t<div class=\"smarttheme_editeur\">\n\t\t<p>Avec 40 ann\u00e9es de savoir-faire dans la machine sp\u00e9ciale, SACMO est un expert du r\u00e9emploi de machines de conditionnement. Nous disposons d'un grand stock de machines notamment pour l'industrie cosm\u00e9tique et la pharmaceutique. Et si vous ne trouvez pas la machine que vous recherchez, nous sollicitons notre r\u00e9seau pour satisfaire votre demande. Opter pour une machine d'occasion pr\u00e9sente de multiples avantages tant au niveau \u00e9conomique qu'\u00e9cologique.<\/p>\n<\/div>\n<\/div><\/div><div id=\"panel-4713-2-0-2\" class=\"so-panel widget widget_bouton panel-last-child\" data-index=\"5\" ><div\n\t\t\t\n\t\t\tclass=\"so-widget-bouton so-widget-bouton-default-40cd750bba98-4713\"\n\t\t\t\n\t\t><div class=\"container_btn centre\">\r\n\t\t<a href=\"https:\/\/www.sacmo.com\/fr\/avantages\">\t\r\n\t\t\t<div class=\"btn rouge\">\r\n\t\t\t<span>En savoir plus<\/span>\r\n\t\t<\/div>\r\n\t<\/a>\r\n<\/div>\r\n<\/div><\/div><\/div><\/div><\/div><\/div>","protected":false},"excerpt":{"rendered":"<p>D\u00e9couvrez les machines d&rsquo;occasion disponibles Bienvenue dans notre section d\u00e9di\u00e9e aux machines d&rsquo;occasion pour l&rsquo;industrie cosm\u00e9tique, pharmaceutique, chimique et agroalimentaire. [&hellip;]<\/p>\n","protected":false},"author":2,"featured_media":4838,"parent":0,"menu_order":0,"comment_status":"closed","ping_status":"closed","template":"","meta":{"content-type":"","footnotes":""},"class_list":["post-4713","page","type-page","status-publish","has-post-thumbnail","hentry"],"_links":{"self":[{"href":"https:\/\/www.sacmo.com\/fr\/wp-json\/wp\/v2\/pages\/4713","targetHints":{"allow":["GET"]}}],"collection":[{"href":"https:\/\/www.sacmo.com\/fr\/wp-json\/wp\/v2\/pages"}],"about":[{"href":"https:\/\/www.sacmo.com\/fr\/wp-json\/wp\/v2\/types\/page"}],"author":[{"embeddable":true,"href":"https:\/\/www.sacmo.com\/fr\/wp-json\/wp\/v2\/users\/2"}],"replies":[{"embeddable":true,"href":"https:\/\/www.sacmo.com\/fr\/wp-json\/wp\/v2\/comments?post=4713"}],"version-history":[{"count":118,"href":"https:\/\/www.sacmo.com\/fr\/wp-json\/wp\/v2\/pages\/4713\/revisions"}],"predecessor-version":[{"id":5393,"href":"https:\/\/www.sacmo.com\/fr\/wp-json\/wp\/v2\/pages\/4713\/revisions\/5393"}],"wp:featuredmedia":[{"embeddable":true,"href":"https:\/\/www.sacmo.com\/fr\/wp-json\/wp\/v2\/media\/4838"}],"wp:attachment":[{"href":"https:\/\/www.sacmo.com\/fr\/wp-json\/wp\/v2\/media?parent=4713"}],"curies":[{"name":"wp","href":"https:\/\/api.w.org\/{rel}","templated":true}]}}