{"id":447,"date":"2020-12-30T14:35:48","date_gmt":"2020-12-30T13:35:48","guid":{"rendered":"http:\/\/www.sacmo.com\/?page_id=447"},"modified":"2021-06-03T09:49:48","modified_gmt":"2021-06-03T07:49:48","slug":"programmation","status":"publish","type":"page","link":"https:\/\/www.sacmo.com\/fr\/specialiste-du-conditionnement\/programmation\/","title":{"rendered":"Automatisme et Robotique"},"content":{"rendered":"<div id=\"pl-447\"  class=\"panel-layout\" ><div id=\"pg-447-0\"  class=\"panel-grid panel-has-style\" ><div class=\"panel-row-style panel-row-style-for-447-0\" ><div id=\"pgc-447-0-0\"  class=\"panel-grid-cell\" ><div id=\"panel-447-0-0-0\" class=\"so-panel widget widget_smartheme_titre_widget panel-first-child panel-last-child\" data-index=\"0\" ><div\n\t\t\t\n\t\t\tclass=\"so-widget-smartheme_titre_widget so-widget-smartheme_titre_widget-default-d75171398898-447\"\n\t\t\t\n\t\t><div class=\"container_titre center\">\n\t<div class=\"titre\">\n\t\t\t\t<h2>NOS AUTOMATICIENS ET ROBOTICIENS PROGRAMMENT VOTRE MACHINE SELON VOS BESOINS.<\/h2>\n\t<\/div>\n\t<\/div><\/div><\/div><\/div><\/div><\/div><div id=\"pg-447-1\"  class=\"panel-grid panel-has-style\" ><div class=\"panel-row-style panel-row-style-for-447-1\" ><div id=\"pgc-447-1-0\"  class=\"panel-grid-cell\" ><div id=\"panel-447-1-0-0\" class=\"so-panel widget widget_editeur panel-first-child\" data-index=\"1\" ><div\n\t\t\t\n\t\t\tclass=\"so-widget-editeur so-widget-editeur-base\"\n\t\t\t\n\t\t>\t\t\t<div class=\"smarttheme_editeur\">\n\t\t<p>Nos machines de conditionnement sont int\u00e9gralement r\u00e9alis\u00e9es sur notre site. Nos \u00e9quipes mettent tout leur savoir-faire au service de vos projets. Ainsi conception, fabrication, assemblage, c\u00e2blage et programmation sont enti\u00e8rement effectu\u00e9s par les \u00e9quipes de SACMO. Nos automaticiens et roboticiens ma\u00eetrisent les outils de programmation qui permettent de maximiser les performances d\u2019une machine automatique ou d\u2019une cellule robotis\u00e9e. Notre \u00e9quipe est form\u00e9e sur plusieurs logiciels afin d\u2019\u00eatre polyvalente et de s\u2019adapter \u00e0 vos projets.<\/p>\n<\/div>\n<\/div><\/div><div id=\"panel-447-1-0-1\" class=\"so-panel widget widget_siteorigin-panels-builder panel-last-child\" data-index=\"2\" ><div id=\"pl-w60b8891fd2eb0\"  class=\"panel-layout\" ><div id=\"pg-w60b8891fd2eb0-0\"  class=\"panel-grid panel-no-style\" ><div id=\"pgc-w60b8891fd2eb0-0-0\"  class=\"panel-grid-cell\" ><div id=\"panel-w60b8891fd2eb0-0-0-0\" class=\"so-panel widget widget_editeur panel-first-child panel-last-child\" data-index=\"0\" ><div\n\t\t\t\n\t\t\tclass=\"so-widget-editeur so-widget-editeur-base\"\n\t\t\t\n\t\t>\t\t\t<div class=\"smarttheme_editeur\">\n\t\t<h4><span style=\"font-size: 20px;\">Programmation sur automates<\/span><\/h4>\n<ul>\n<li><span style=\"font-size: 16px;\">OMRON<\/span><\/li>\n<li><span style=\"font-size: 16px;\">SIEMENS<\/span><\/li>\n<li><span style=\"font-size: 16px;\">BECKHOFF<\/span><\/li>\n<li><span style=\"font-size: 16px;\">SCHNEIDER<\/span><\/li>\n<\/ul>\n<\/div>\n<\/div><\/div><\/div><div id=\"pgc-w60b8891fd2eb0-0-1\"  class=\"panel-grid-cell\" ><div id=\"panel-w60b8891fd2eb0-0-1-0\" class=\"so-panel widget widget_editeur panel-first-child panel-last-child\" data-index=\"1\" ><div\n\t\t\t\n\t\t\tclass=\"so-widget-editeur so-widget-editeur-base\"\n\t\t\t\n\t\t>\t\t\t<div class=\"smarttheme_editeur\">\n\t\t<h4><span style=\"font-size: 20px;\">Programmation de robots<\/span><\/h4>\n<ul>\n<li><span style=\"font-size: 16px;\">FANUC<\/span><\/li>\n<li><span style=\"font-size: 16px;\">ABB<\/span><\/li>\n<li><span style=\"font-size: 16px;\">YASKAWA<\/span><\/li>\n<li><span style=\"font-size: 16px;\">UNIVERSAL ROBOTS<\/span><\/li>\n<li><span style=\"font-size: 16px;\">OMRON<\/span><\/li>\n<li><span style=\"font-size: 16px;\">KUKA<\/span><\/li>\n<li><span style=\"font-size: 16px;\">STAUBLI<\/span><\/li>\n<\/ul>\n<\/div>\n<\/div><\/div><\/div><\/div><\/div><\/div><\/div><div id=\"pgc-447-1-1\"  class=\"panel-grid-cell\" ><div id=\"panel-447-1-1-0\" class=\"so-panel widget widget_smart-image panel-first-child panel-last-child\" data-index=\"3\" ><div\n\t\t\t\n\t\t\tclass=\"so-widget-smart-image so-widget-smart-image-default-40cd750bba98-447\"\n\t\t\t\n\t\t><div class=\"sow-image-container\">\n\t<div class=\"containerSmartImage center-center   ajuster\"><div class=\"chargementSmartImage\"><div class=\"containerLoader\"><div class=\"loader\"><\/div><\/div><\/div><div style=\"background-image: url(https:\/\/www.sacmo.com\/fr\/wp-content\/uploads\/2020\/12\/sacmo_automatisme-1-768x432.jpg);\" class=\"smartImage carre \"><\/div><\/div>\t<\/div>\n\n<\/div><\/div><\/div><\/div><\/div><div id=\"pg-447-2\"  class=\"panel-grid panel-has-style\" ><div class=\"panel-row-style panel-row-style-for-447-2\" ><div id=\"pgc-447-2-0\"  class=\"panel-grid-cell\" ><div id=\"panel-447-2-0-0\" class=\"so-panel widget widget_smart-image panel-first-child panel-last-child\" data-index=\"4\" ><div\n\t\t\t\n\t\t\tclass=\"so-widget-smart-image so-widget-smart-image-default-40cd750bba98-447\"\n\t\t\t\n\t\t><div class=\"sow-image-container\">\n\t<div class=\"containerSmartImage right-center   ajuster\"><div class=\"chargementSmartImage\"><div class=\"containerLoader\"><div class=\"loader\"><\/div><\/div><\/div><div style=\"background-image: url(https:\/\/www.sacmo.com\/fr\/wp-content\/uploads\/2021\/04\/assistance-depannage-sacmo-1-768x432.jpg);\" class=\"smartImage carre \"><\/div><\/div>\t<\/div>\n\n<\/div><\/div><\/div><div id=\"pgc-447-2-1\"  class=\"panel-grid-cell\" ><div id=\"panel-447-2-1-0\" class=\"so-panel widget widget_smartheme_titre_widget panel-first-child\" data-index=\"5\" ><div\n\t\t\t\n\t\t\tclass=\"so-widget-smartheme_titre_widget so-widget-smartheme_titre_widget-default-d75171398898-447\"\n\t\t\t\n\t\t><div class=\"container_titre left\">\n\t<div class=\"titre\">\n\t\t\t\t<h3>DES INTERFACES INTUITIVES ET CONVIVIALES<\/h3>\n\t<\/div>\n\t<\/div><\/div><\/div><div id=\"panel-447-2-1-1\" class=\"so-panel widget widget_editeur\" data-index=\"6\" ><div\n\t\t\t\n\t\t\tclass=\"so-widget-editeur so-widget-editeur-base\"\n\t\t\t\n\t\t>\t\t\t<div class=\"smarttheme_editeur\">\n\t\t<p>Les probl\u00e9matiques que nos clients rencontrent trouvent une r\u00e9ponse dans nos machines. Nos techniciens sont form\u00e9s pour programmer des automates de diff\u00e9rents types et de diff\u00e9rentes marques telles que Omron, Siemens, Beckhoff, Telemechanics\/Schneider. Nous portons une attention particuli\u00e8re au d\u00e9veloppement des Interfaces Hommes-Machines en les rendant intuitives et conviviales. Nos automaticiens ont une expertise incontestable dans l\u2019utilisation des suites logiciels tels que Omron-CX Programmer, Siemens-TIA Portal (Simatic Step7), Beckhoff-TwinCAT, Telemechanics\/Schneider-Eco Struxure.<\/p>\n<\/div>\n<\/div><\/div><div id=\"panel-447-2-1-2\" class=\"so-panel widget widget_editeur panel-last-child\" data-index=\"7\" ><div\n\t\t\t\n\t\t\tclass=\"so-widget-editeur so-widget-editeur-base\"\n\t\t\t\n\t\t>\t\t\t<div class=\"smarttheme_editeur\">\n\t\t<h4><span style=\"font-size: 20px;\">Des petits + qui changent tout<\/span><\/h4>\n<ul>\n<li><span style=\"font-size: 16px;\">Afficheurs tactiles et ergonomiques<\/span><\/li>\n<li><span style=\"font-size: 16px;\">Applications intuitives pour vos \u00e9quipes<\/span><\/li>\n<li><span style=\"font-size: 16px;\">Eclairage programm\u00e9 en fonction du statut de la machine<\/span><\/li>\n<li><span style=\"font-size: 16px;\">Intervention \u00e0 distance<\/span><\/li>\n<li><span style=\"font-size: 16px;\">Formation op\u00e9rateur<\/span><\/li>\n<\/ul>\n<\/div>\n<\/div><\/div><\/div><\/div><\/div><div id=\"pg-447-3\"  class=\"panel-grid panel-has-style\" ><div class=\"panel-row-style panel-row-style-for-447-3\" ><div id=\"pgc-447-3-0\"  class=\"panel-grid-cell\" ><div id=\"panel-447-3-0-0\" class=\"so-panel widget widget_smartheme_titre_widget panel-first-child\" data-index=\"8\" ><div\n\t\t\t\n\t\t\tclass=\"so-widget-smartheme_titre_widget so-widget-smartheme_titre_widget-default-d75171398898-447\"\n\t\t\t\n\t\t><div class=\"container_titre left\">\n\t<div class=\"titre\">\n\t\t\t\t<h3>NOS INNOVATIONS EN AUTOMATISME ET ROBOTIQUE<\/h3>\n\t<\/div>\n\t<\/div><\/div><\/div><div id=\"panel-447-3-0-1\" class=\"so-panel widget widget_editeur panel-last-child\" data-index=\"9\" ><div\n\t\t\t\n\t\t\tclass=\"so-widget-editeur so-widget-editeur-base\"\n\t\t\t\n\t\t>\t\t\t<div class=\"smarttheme_editeur\">\n\t\t<ul>\n<li><span style=\"font-size: 16px;\">Programmation des machines sous profil de came avec modification sur afficheur<\/span><br \/>\n<span style=\"font-size: 16px;\">(sous SIEMENS et BECKHOFF)<\/span><\/li>\n<li><span style=\"font-size: 16px;\">Programmation des machines avec convoyeurs et chariots \u00e9lectromagn\u00e9tiques<\/span><\/li>\n<li><span style=\"font-size: 16px;\">D\u00e9vracage 3D<\/span><\/li>\n<li><span style=\"font-size: 16px;\">Vision 2D<\/span><\/li>\n<\/ul>\n<\/div>\n<\/div><\/div><\/div><div id=\"pgc-447-3-1\"  class=\"panel-grid-cell\" ><div id=\"panel-447-3-1-0\" class=\"so-panel widget widget_smart-image panel-first-child panel-last-child\" data-index=\"10\" ><div\n\t\t\t\n\t\t\tclass=\"so-widget-smart-image so-widget-smart-image-default-40cd750bba98-447\"\n\t\t\t\n\t\t><div class=\"sow-image-container\">\n\t<div class=\"containerSmartImage center-center zoom  ajuster\"><div class=\"chargementSmartImage\"><div class=\"containerLoader\"><div class=\"loader\"><\/div><\/div><\/div><div style=\"background-image: url(https:\/\/www.sacmo.com\/fr\/wp-content\/uploads\/2020\/12\/sacmo_supervision-1-768x513.jpg);\" class=\"smartImage carre \"><\/div><\/div>\t\t\t<div class=\"fond_popup_image\"><\/div>\n\t\t<div id=\"popup_image\">\n\t\t\t<div class=\"container-prevPopup\"><div class=\"prevPopup\"><\/div><\/div>\n\t\t\t<div class=\"container-nextPopup\"><div class=\"nextPopup\"><\/div><\/div>\n\t\t\t<div class=\"popup containerPopup\">\n\t\t\t\t<div class=\"container_exit\"><div class=\"exit\"><\/div><\/div>\n\t\t\t\t<div class=\"contenuPopup container\">\n\t\t\t\t\t<div class=\"row\">\n\t\t\t\t\t\t<div class=\"col-md-12\">\n\t\t\t\t\t\t\t<img decoding=\"async\" src=\"https:\/\/www.sacmo.com\/fr\/wp-content\/uploads\/2020\/12\/sacmo_supervision-1-768x513.jpg\">\n\t\t\t\t\t\t<\/div>\n\t\t\t\t\t<\/div>\n\t\t\t\t<\/div>\n\t\t\t<\/div>\n\t\t<\/div>\n\t<\/div>\n\n<\/div><\/div><\/div><\/div><\/div><div id=\"pg-447-4\"  class=\"panel-grid panel-has-style\" ><div class=\"panel-row-style panel-row-style-for-447-4\" ><div id=\"pgc-447-4-0\"  class=\"panel-grid-cell\" ><div id=\"panel-447-4-0-0\" class=\"so-panel widget widget_smartheme_titre_widget panel-first-child panel-last-child\" data-index=\"11\" ><div\n\t\t\t\n\t\t\tclass=\"so-widget-smartheme_titre_widget so-widget-smartheme_titre_widget-default-d75171398898-447\"\n\t\t\t\n\t\t><div class=\"container_titre center\">\n\t<div class=\"titre\">\n\t\t\t\t<h3>Robots industriels ou collaboratifs, ils n\u2019ont aucun secret pour nous !<\/h3>\n\t<\/div>\n\t<\/div><\/div><\/div><\/div><\/div><\/div><div id=\"pg-447-5\"  class=\"panel-grid panel-has-style\" ><div class=\"panel-row-style panel-row-style-for-447-5\" ><div id=\"pgc-447-5-0\"  class=\"panel-grid-cell\" ><div id=\"panel-447-5-0-0\" class=\"so-panel widget widget_smart-image panel-first-child panel-last-child\" data-index=\"12\" ><div\n\t\t\t\n\t\t\tclass=\"so-widget-smart-image so-widget-smart-image-default-40cd750bba98-447\"\n\t\t\t\n\t\t><div class=\"sow-image-container\">\n\t<div class=\"containerSmartImage center-center   ajuster\"><div class=\"chargementSmartImage\"><div class=\"containerLoader\"><div class=\"loader\"><\/div><\/div><\/div><div style=\"background-image: url(https:\/\/www.sacmo.com\/fr\/wp-content\/uploads\/2021\/05\/ADSC05801L-e1621252168396-768x447.png);\" class=\"smartImage carre \"><\/div><\/div>\t<\/div>\n\n<\/div><\/div><\/div><div id=\"pgc-447-5-1\"  class=\"panel-grid-cell\" ><div id=\"panel-447-5-1-0\" class=\"so-panel widget widget_editeur panel-first-child panel-last-child\" data-index=\"13\" ><div\n\t\t\t\n\t\t\tclass=\"so-widget-editeur so-widget-editeur-base\"\n\t\t\t\n\t\t>\t\t\t<div class=\"smarttheme_editeur\">\n\t\t<p>De la simulation \u00e0 la programmation, nos roboticiens sont impliqu\u00e9s dans chaque phase des projets robotiques pour vous livrer la plus agile des machines robotis\u00e9es.<\/p>\n<p>&nbsp;<\/p>\n<p>En \u00e9tant form\u00e9s \u00e0 diff\u00e9rentes m\u00e9thodes de programmation, nos roboticiens sont capables de programmer tous types de robots des marques Yaskawa, Fanuc, ABB, Omron ou encore Universal Robots.<\/p>\n<p>&nbsp;<\/p>\n<p>Ainsi, nous adaptons nos solutions selon vos choix de standards. Industriels ou collaboratifs, Delta ou Scara, les robots sont aujourd\u2019hui un outil indispensable pour rendre vos lignes de conditionnement flexibles. Si votre march\u00e9 \u00e9volue rapidement, nos solutions robotiques vous permettront d\u2019adapter facilement vos lignes de production.<\/p>\n<p>&nbsp;<\/p>\n<p>Vous souhaitez rendre vos lignes autonomes ? L\u00e0 encore, nous concevons et r\u00e9alisons des cellules robotis\u00e9es performantes qui vous permettront d\u2019atteindre vos objectifs.<\/p>\n<\/div>\n<\/div><\/div><\/div><\/div><\/div><div id=\"pg-447-6\"  class=\"panel-grid panel-has-style\" ><div class=\"panel-row-style panel-row-style-for-447-6\" ><div id=\"pgc-447-6-0\"  class=\"panel-grid-cell\" ><div id=\"panel-447-6-0-0\" class=\"so-panel widget widget_editeur panel-first-child\" data-index=\"14\" ><div\n\t\t\t\n\t\t\tclass=\"so-widget-editeur so-widget-editeur-base\"\n\t\t\t\n\t\t>\t\t\t<div class=\"smarttheme_editeur\">\n\t\t<p>Gr\u00e2ce \u00e0 notre bureau d\u2019\u00e9tudes et notre atelier de fabrication, les outils de pr\u00e9hension mont\u00e9s sur nos robots sont int\u00e9gralement con\u00e7us, r\u00e9alis\u00e9s et programm\u00e9s dans nos locaux par nos \u00e9quipes. Nous int\u00e9grons des \u00e9quipements compl\u00e9mentaires pour cr\u00e9er des cellules robotiques polyvalentes et flexibles. Gr\u00e2ce \u00e0 nos partenaires, nous proposons des fonctions compl\u00e9mentaires telles que :<\/p>\n<\/div>\n<\/div><\/div><div id=\"panel-447-6-0-1\" class=\"so-panel widget widget_smarttheme_carousel_pictos_widget panel-last-child\" data-index=\"15\" ><div\n\t\t\t\n\t\t\tclass=\"so-widget-smarttheme_carousel_pictos_widget so-widget-smarttheme_carousel_pictos_widget-default-d75171398898-447\"\n\t\t\t\n\t\t><div class=\"container_carousel_pictos\">\r\n\t\t<div class=\"swiper-container color_logo linear\">\r\n\t\t<div class=\"swiper-wrapper\">\t\r\n\t\t\t\t\t\t\t\t<div class=\"container_picto_titre swiper-slide\">\r\n\t\t\t\t\t\t\t\t<div class=\"container_picto\">\r\n\t\t\t\t\t<div class=\"picto\" style=\"background-image: url(https:\/\/www.sacmo.com\/fr\/wp-content\/uploads\/2020\/12\/electromagnetique-1.svg)\"><\/div>\r\n\t\t\t\t<\/div>\r\n\t\t\t\t<div class=\"container_titre\">\r\n\t\t\t\t\t<span class=\"titre\">Transfert par convoyeurs \u00e9lectromagn\u00e9tiques<\/span>\r\n\t\t\t\t<\/div>\r\n\t\t\t\t\t\t\t\t\t\t\t<\/div>\r\n\t\t\t\t\t\t\t\t<div class=\"container_picto_titre swiper-slide\">\r\n\t\t\t\t\t\t\t\t<div class=\"container_picto\">\r\n\t\t\t\t\t<div class=\"picto\" style=\"background-image: url(https:\/\/www.sacmo.com\/fr\/wp-content\/uploads\/2020\/12\/vison_industrielle-1.svg)\"><\/div>\r\n\t\t\t\t<\/div>\r\n\t\t\t\t<div class=\"container_titre\">\r\n\t\t\t\t\t<span class=\"titre\">Vision industrielle en 2D et en 3D<\/span>\r\n\t\t\t\t<\/div>\r\n\t\t\t\t\t\t\t\t\t\t\t<\/div>\r\n\t\t\t\t\t\t\t\t<div class=\"container_picto_titre swiper-slide\">\r\n\t\t\t\t\t\t\t\t<div class=\"container_picto\">\r\n\t\t\t\t\t<div class=\"picto\" style=\"background-image: url(https:\/\/www.sacmo.com\/fr\/wp-content\/uploads\/2020\/12\/supervision-1.svg)\"><\/div>\r\n\t\t\t\t<\/div>\r\n\t\t\t\t<div class=\"container_titre\">\r\n\t\t\t\t\t<span class=\"titre\">Syst\u00e8me de supervision<\/span>\r\n\t\t\t\t<\/div>\r\n\t\t\t\t\t\t\t\t\t\t\t<\/div>\r\n\t\t\t\t\t\t\t\t<div class=\"container_picto_titre swiper-slide\">\r\n\t\t\t\t\t\t\t\t<div class=\"container_picto\">\r\n\t\t\t\t\t<div class=\"picto\" style=\"background-image: url(https:\/\/www.sacmo.com\/fr\/wp-content\/uploads\/2020\/12\/track_and_trace-1.svg)\"><\/div>\r\n\t\t\t\t<\/div>\r\n\t\t\t\t<div class=\"container_titre\">\r\n\t\t\t\t\t<span class=\"titre\">Syst\u00e8me de track &amp; trace<\/span>\r\n\t\t\t\t<\/div>\r\n\t\t\t\t\t\t\t\t\t\t\t<\/div>\r\n\t\t\t\t\t\t\t\t<div class=\"container_picto_titre swiper-slide\">\r\n\t\t\t\t\t\t\t\t<div class=\"container_picto\">\r\n\t\t\t\t\t<div class=\"picto\" style=\"background-image: url(https:\/\/www.sacmo.com\/fr\/wp-content\/uploads\/2020\/12\/laser-1.svg)\"><\/div>\r\n\t\t\t\t<\/div>\r\n\t\t\t\t<div class=\"container_titre\">\r\n\t\t\t\t\t<span class=\"titre\">Marquage laser<\/span>\r\n\t\t\t\t<\/div>\r\n\t\t\t\t\t\t\t\t\t\t\t<\/div>\r\n\t\t\t\r\n\t\t<\/div>\r\n\t<\/div>\r\n\t<div class=\"swiper-button-next\">\r\n\t\t<div class=\"container_nav_next\">\r\n\t\t\t<div class=\"nav_next\">\r\n\t\t\t\t<span><\/span>\r\n\t\t\t<\/div>\r\n\t\t<\/div>\r\n\t<\/div>\r\n\t<div class=\"swiper-button-prev\">\r\n\t\t<div class=\"container_nav_prev\">\r\n\t\t\t<div class=\"nav_prev\">\r\n\t\t\t\t<span><\/span>\r\n\t\t\t<\/div>\r\n\t\t<\/div>\r\n\t<\/div>\r\n\t<div class=\"container_carousel_pictos-pagination\"><\/div>\r\n<\/div><\/div><\/div><\/div><\/div><\/div><\/div>","protected":false},"excerpt":{"rendered":"<p>NOS AUTOMATICIENS ET ROBOTICIENS PROGRAMMENT VOTRE MACHINE SELON VOS BESOINS. Nos machines de conditionnement sont int\u00e9gralement r\u00e9alis\u00e9es sur notre site. [&hellip;]<\/p>\n","protected":false},"author":1,"featured_media":1082,"parent":129,"menu_order":0,"comment_status":"closed","ping_status":"closed","template":"","meta":{"content-type":"","footnotes":""},"class_list":["post-447","page","type-page","status-publish","has-post-thumbnail","hentry"],"_links":{"self":[{"href":"https:\/\/www.sacmo.com\/fr\/wp-json\/wp\/v2\/pages\/447","targetHints":{"allow":["GET"]}}],"collection":[{"href":"https:\/\/www.sacmo.com\/fr\/wp-json\/wp\/v2\/pages"}],"about":[{"href":"https:\/\/www.sacmo.com\/fr\/wp-json\/wp\/v2\/types\/page"}],"author":[{"embeddable":true,"href":"https:\/\/www.sacmo.com\/fr\/wp-json\/wp\/v2\/users\/1"}],"replies":[{"embeddable":true,"href":"https:\/\/www.sacmo.com\/fr\/wp-json\/wp\/v2\/comments?post=447"}],"version-history":[{"count":47,"href":"https:\/\/www.sacmo.com\/fr\/wp-json\/wp\/v2\/pages\/447\/revisions"}],"predecessor-version":[{"id":2692,"href":"https:\/\/www.sacmo.com\/fr\/wp-json\/wp\/v2\/pages\/447\/revisions\/2692"}],"up":[{"embeddable":true,"href":"https:\/\/www.sacmo.com\/fr\/wp-json\/wp\/v2\/pages\/129"}],"wp:featuredmedia":[{"embeddable":true,"href":"https:\/\/www.sacmo.com\/fr\/wp-json\/wp\/v2\/media\/1082"}],"wp:attachment":[{"href":"https:\/\/www.sacmo.com\/fr\/wp-json\/wp\/v2\/media?parent=447"}],"curies":[{"name":"wp","href":"https:\/\/api.w.org\/{rel}","templated":true}]}}