{"id":4320,"date":"2024-03-26T14:44:22","date_gmt":"2024-03-26T13:44:22","guid":{"rendered":"https:\/\/www.sacmo.com\/fr\/?page_id=4320"},"modified":"2024-08-01T15:22:36","modified_gmt":"2024-08-01T13:22:36","slug":"machines-doccasion","status":"publish","type":"page","link":"https:\/\/www.sacmo.com\/fr\/avantages","title":{"rendered":"Bien choisir sa machine d&rsquo;occasion"},"content":{"rendered":"<div id=\"pl-4320\"  class=\"panel-layout\" ><div id=\"pg-4320-0\"  class=\"panel-grid panel-has-style\" ><div class=\"panel-row-style panel-row-style-for-4320-0\" ><div id=\"pgc-4320-0-0\"  class=\"panel-grid-cell\" ><div id=\"panel-4320-0-0-0\" class=\"so-panel widget widget_smartheme_titre_widget panel-first-child\" data-index=\"0\" ><div\n\t\t\t\n\t\t\tclass=\"so-widget-smartheme_titre_widget so-widget-smartheme_titre_widget-default-d75171398898-4320\"\n\t\t\t\n\t\t><div class=\"container_titre left\">\n\t<div class=\"titre\">\n\t\t\t\t<h2>OPTEZ POUR LA DURABILITE : CHOISISSEZ LES MACHINES D\u2019OCCASION.<\/h2>\n\t<\/div>\n\t<\/div><\/div><\/div><div id=\"panel-4320-0-0-1\" class=\"so-panel widget widget_editeur panel-last-child\" data-index=\"1\" ><div\n\t\t\t\n\t\t\tclass=\"so-widget-editeur so-widget-editeur-base\"\n\t\t\t\n\t\t>\t\t\t<div class=\"smarttheme_editeur\">\n\t\t<p>Produire de fa\u00e7on durable est aujourd\u2019hui un enjeu incontournable pour les industriels. Si les produits finis respectent de plus en plus les principes du d\u00e9veloppement durable, les m\u00e9thodes de production doivent encore progresser pour rendre l\u2019industrie plus verte. Avec 40 ann\u00e9es de savoir-faire dans la machine sp\u00e9ciale, SACMO est un expert du r\u00e9emploi de machines de conditionnement\u00a0: Nettoyer, diagnostiquer, r\u00e9parer, remplacer et optimiser les \u00e9quipements d\u2019occasion sont autant d\u2019op\u00e9rations r\u00e9alis\u00e9es par nos \u00e9quipes pour donner une seconde vie aux machines automatiques.<\/p>\n<p>Nous proposons des machines d\u2019occasion destin\u00e9es aux industriels de la cosm\u00e9tique, de la pharmaceutique, de l\u2019agroalimentaire ou de la chimie. Nous proposons des prestations de retrofit \u00e0 la carte dans le but de r\u00e9nover m\u00e9caniquement et\/ou \u00e9lectriquement la machine que vous avez choisie. Nous pouvons \u00e9galement r\u00e9aliser des pi\u00e8ces de formats afin de rendre la machine compatible avec vos produits.<\/p>\n<p>Vous souhaitez faire adapter une machine \u00e0 vos sp\u00e9cifications\u00a0? Notre \u00e9quipe est sp\u00e9cialis\u00e9e dans le retrofit. Nous pr\u00e9parerons la machine pour qu\u2019elle fonctionne selon votre besoin en respectant les normes de conformit\u00e9 en vigueur. Nous disposons d\u2019un large stock de machines d\u2019occasion disponibles d\u00e8s \u00e0 pr\u00e9sent. Du distributeur au palettiseur en passant par les remplisseuses ou les encartonneuses, nos machines d\u2019occasion<\/p>\n<\/div>\n<\/div><\/div><\/div><div id=\"pgc-4320-0-1\"  class=\"panel-grid-cell\" ><div id=\"panel-4320-0-1-0\" class=\"so-panel widget widget_smart-image panel-first-child panel-last-child\" data-index=\"2\" ><div\n\t\t\t\n\t\t\tclass=\"so-widget-smart-image so-widget-smart-image-default-40cd750bba98-4320\"\n\t\t\t\n\t\t><div class=\"sow-image-container\">\n\t<div class=\"containerSmartImage center-center  filtre ajuster\"><div class=\"chargementSmartImage\"><div class=\"containerLoader\"><div class=\"loader\"><\/div><\/div><\/div><div style=\"background-image: linear-gradient(rgba(0,0,0,0) calc(100% - 40px), #b91b1d 0), url(https:\/\/www.sacmo.com\/fr\/wp-content\/uploads\/2024\/05\/ADSCN0036-min-768x576.jpg);\" class=\"filtre smartImage carre \"><\/div><\/div>\t<\/div>\n\n<\/div><\/div><\/div><\/div><\/div><div id=\"pg-4320-1\"  class=\"panel-grid panel-has-style\" ><div class=\"panel-row-style panel-row-style-for-4320-1\" ><div id=\"pgc-4320-1-0\"  class=\"panel-grid-cell\" ><div id=\"panel-4320-1-0-0\" class=\"so-panel widget widget_smartheme_titre_widget panel-first-child panel-last-child\" data-index=\"3\" ><div\n\t\t\t\n\t\t\tclass=\"so-widget-smartheme_titre_widget so-widget-smartheme_titre_widget-default-d75171398898-4320\"\n\t\t\t\n\t\t><div class=\"container_titre left\">\n\t<div class=\"titre\">\n\t\t\t\t<h2>4 BONNES RAISONS DE CHOISIR UNE MACHINE D\u2019OCCASION<\/h2>\n\t<\/div>\n\t<\/div><\/div><\/div><\/div><\/div><\/div><div id=\"pg-4320-2\"  class=\"panel-grid panel-no-style\" ><div id=\"pgc-4320-2-0\"  class=\"panel-grid-cell\" ><div id=\"panel-4320-2-0-0\" class=\"so-panel widget widget_editeur panel-first-child panel-last-child\" data-index=\"4\" ><div\n\t\t\t\n\t\t\tclass=\"so-widget-editeur so-widget-editeur-base\"\n\t\t\t\n\t\t>\t\t\t<div class=\"smarttheme_editeur\">\n\t\t<ul>\n<li><strong><span style=\"color: #b91b1d;\">REDUCTION DES COUTS<\/span><\/strong><\/li>\n<\/ul>\n<p style=\"text-align: left;\"><span style=\"font-size: 14px;\">L\u2019achat d\u2019une machine d\u2019occasion permet \u00e0 nos clients de r\u00e9aliser des \u00e9conomies significatives. En optant pour une machine d\u00e9j\u00e0 utilis\u00e9e, ils limitent leurs budgets d\u2019investissement en machines. De plus, nos machines d\u2019occasion sont soigneusement inspect\u00e9es et remises en \u00e9tat pour garantir leur bon fonctionnement.<\/span><\/p>\n<\/div>\n<\/div><\/div><\/div><div id=\"pgc-4320-2-1\"  class=\"panel-grid-cell\" ><div id=\"panel-4320-2-1-0\" class=\"so-panel widget widget_editeur panel-first-child panel-last-child\" data-index=\"5\" ><div\n\t\t\t\n\t\t\tclass=\"so-widget-editeur so-widget-editeur-base\"\n\t\t\t\n\t\t>\t\t\t<div class=\"smarttheme_editeur\">\n\t\t<ul>\n<li><span style=\"color: #b91b1d; font-size: 16px;\"><strong>DISPONIBILIT\u00c9<\/strong><\/span><\/li>\n<\/ul>\n<p style=\"text-align: left;\"><span style=\"font-size: 14px;\">Lorsqu\u2019un client a besoin d\u2019une machine rapidement, l\u2019achat d\u2019une machine d\u2019occasion est la solution id\u00e9ale. Contrairement aux machines neuves qui peuvent n\u00e9cessiter des mois de d\u00e9veloppement et des d\u00e9lais de fabrication, nos machines d\u2019occasion sont disponibles imm\u00e9diatement. Cela permet \u00e0 nos clients de d\u00e9marrer leur production sans attendre.<\/span><\/p>\n<\/div>\n<\/div><\/div><\/div><div id=\"pgc-4320-2-2\"  class=\"panel-grid-cell\" ><div id=\"panel-4320-2-2-0\" class=\"so-panel widget widget_editeur panel-first-child panel-last-child\" data-index=\"6\" ><div\n\t\t\t\n\t\t\tclass=\"so-widget-editeur so-widget-editeur-base\"\n\t\t\t\n\t\t>\t\t\t<div class=\"smarttheme_editeur\">\n\t\t<ul>\n<li><span style=\"color: #b91b1d; font-size: 16px;\"><strong>FIABILIT\u00c9<\/strong><\/span><\/li>\n<\/ul>\n<p><span style=\"font-size: 14px;\">Nos machines d\u2019occasion ont d\u00e9j\u00e0 fait leurs preuves sur le terrain. Elles ont \u00e9t\u00e9 utilis\u00e9es avec succ\u00e8s par d\u2019autres entreprises, ce qui atteste de leur qualit\u00e9 et de leur fiabilit\u00e9. Nos clients peuvent donc avoir confiance en ces machines pour leurs op\u00e9rations de conditionnement.<\/span><\/p>\n<\/div>\n<\/div><\/div><\/div><div id=\"pgc-4320-2-3\"  class=\"panel-grid-cell\" ><div id=\"panel-4320-2-3-0\" class=\"so-panel widget widget_editeur panel-first-child panel-last-child\" data-index=\"7\" ><div\n\t\t\t\n\t\t\tclass=\"so-widget-editeur so-widget-editeur-base\"\n\t\t\t\n\t\t>\t\t\t<div class=\"smarttheme_editeur\">\n\t\t<ul>\n<li><span style=\"color: #b91b1d; font-size: 16px;\"><strong>ECOLOGIE<\/strong><\/span><\/li>\n<\/ul>\n<p><span style=\"font-size: 14px;\">En choisissant une machine d\u2019occasion, nos clients participent \u00e0 la pr\u00e9servation de l\u2019environnement. R\u00e9utiliser des machines existantes r\u00e9duit la demande de nouvelles ressources et limite les d\u00e9chets. C\u2019est un choix responsable et durable.<\/span><\/p>\n<\/div>\n<\/div><\/div><\/div><\/div><div id=\"pg-4320-3\"  class=\"panel-grid panel-has-style\" ><div class=\"panel-row-style panel-row-style-for-4320-3\" ><div id=\"pgc-4320-3-0\"  class=\"panel-grid-cell\" ><div id=\"panel-4320-3-0-0\" class=\"so-panel widget widget_smartheme_titre_widget panel-first-child\" data-index=\"8\" ><div\n\t\t\t\n\t\t\tclass=\"so-widget-smartheme_titre_widget so-widget-smartheme_titre_widget-default-d75171398898-4320\"\n\t\t\t\n\t\t><div class=\"container_titre left\">\n\t<div class=\"titre\">\n\t\t\t\t<h2>ALLEZ PLUS LOIN AVEC NOS EXPERTS DU RETROFIT<\/h2>\n\t<\/div>\n\t\t\t<span class=\"soustitre\">Moderniser et adapter une machine d\u2019occasion selon vos besoins<\/span>\n\t<\/div><\/div><\/div><div id=\"panel-4320-3-0-1\" class=\"so-panel widget widget_editeur\" data-index=\"9\" ><div\n\t\t\t\n\t\t\tclass=\"so-widget-editeur so-widget-editeur-base\"\n\t\t\t\n\t\t>\t\t\t<div class=\"smarttheme_editeur\">\n\t\t<p>Confier une prestation de retrofit aux \u00e9quipes de SACMO, c\u2019est \u00eatre certain d\u2019obtenir un diagnostic d\u00e9taill\u00e9 de l\u2019\u00e9tat m\u00e9canique et \u00e9lectrique de la machine d\u2019occasion. Nos sp\u00e9cialistes r\u00e9alisent le remplacement des pi\u00e8ces us\u00e9es ou obsol\u00e8tes et vous proposent les adaptations pertinentes pour votre projet.<\/p>\n<p>Le Retrofit permet de mettre \u00e0 niveau les machines d\u2019occasion en leur int\u00e9grant les derni\u00e8res technologies. Nous pouvons ajouter des capteurs, des syst\u00e8mes de contr\u00f4le avanc\u00e9s et int\u00e9grer des interfaces conviviales.<\/p>\n<p>Chaque machine peut ainsi \u00eatre adapt\u00e9e pour r\u00e9pondre aux besoins sp\u00e9cifiques de chaque client. Des modifications sont apport\u00e9es pour r\u00e9aliser des processus sp\u00e9cifiques, se conformer \u00e0 des normes de s\u00e9curit\u00e9 ou optimiser des performances. Les machines r\u00e9trofit\u00e9es sont adapt\u00e9es sur mesure par nos sp\u00e9cialistes.<\/p>\n<p>Les clients peuvent obtenir des fonctionnalit\u00e9s suppl\u00e9mentaires ou des configurations sp\u00e9cifiques pour r\u00e9pondre \u00e0 leurs besoins uniques.<\/p>\n<\/div>\n<\/div><\/div><div id=\"panel-4320-3-0-2\" class=\"so-panel widget widget_editeur\" data-index=\"10\" ><div\n\t\t\t\n\t\t\tclass=\"so-widget-editeur so-widget-editeur-base\"\n\t\t\t\n\t\t>\t\t\t<div class=\"smarttheme_editeur\">\n\t\t<ul>\n<li><span style=\"color: #b91b1d;\"><strong>MODERNISATION<\/strong><\/span><\/li>\n<\/ul>\n<p>Le Retrofit apporte une mise \u00e0 niveau technologique significative. Les machines obsol\u00e8tes peuvent \u00eatre \u00e9quip\u00e9es de syst\u00e8mes de contr\u00f4le modernes, d\u2019automates derni\u00e8re g\u00e9n\u00e9ration et de composants plus efficaces. On obtient ainsi des r\u00e9sultats tels qu\u2019une meilleure pr\u00e9cision, une productivit\u00e9 accrue et une r\u00e9duction des temps d\u2019arr\u00eat.<\/p>\n<\/div>\n<\/div><\/div><div id=\"panel-4320-3-0-3\" class=\"so-panel widget widget_editeur panel-last-child\" data-index=\"11\" ><div\n\t\t\t\n\t\t\tclass=\"so-widget-editeur so-widget-editeur-base\"\n\t\t\t\n\t\t>\t\t\t<div class=\"smarttheme_editeur\">\n\t\t<ul>\n<li><strong><span style=\"color: #b91b1d;\">DURABILIT\u00c9<\/span><\/strong><\/li>\n<\/ul>\n<p>En modernisant les machines vieillissantes, le Retrofit prolonge leur dur\u00e9e d\u2019exploitation. Plut\u00f4t que de remplacer enti\u00e8rement une machine, les clients peuvent la maintenir op\u00e9rationnelle plus longtemps. Cela r\u00e9duit \u00e9galement l\u2019impact environnemental en \u00e9vitant la production de nouvelles machines.<\/p>\n<\/div>\n<\/div><\/div><\/div><div id=\"pgc-4320-3-1\"  class=\"panel-grid-cell\" ><div id=\"panel-4320-3-1-0\" class=\"so-panel widget widget_smart-image panel-first-child\" data-index=\"12\" ><div\n\t\t\t\n\t\t\tclass=\"so-widget-smart-image so-widget-smart-image-default-40cd750bba98-4320\"\n\t\t\t\n\t\t><div class=\"sow-image-container\">\n\t<div class=\"containerSmartImage center-center\"><div class=\"chargementSmartImage\"><div class=\"containerLoader\"><div class=\"loader\"><\/div><\/div><\/div><img decoding=\"async\" src=\"https:\/\/www.sacmo.com\/fr\/wp-content\/uploads\/2021\/08\/13-Remplisseuse-parfum.JPG.jpg\" title=\"13-Remplisseuse parfum.JPG\" alt=\"13-Remplisseuse parfum.JPG\" class=\"smartImage\"><\/div>\t<\/div>\n\n<\/div><\/div><div id=\"panel-4320-3-1-1\" class=\"so-panel widget widget_editeur\" data-index=\"13\" ><div\n\t\t\t\n\t\t\tclass=\"so-widget-editeur so-widget-editeur-base\"\n\t\t\t\n\t\t>\t\t\t<div class=\"smarttheme_editeur\">\n\t\t<p style=\"text-align: left;\"><span style=\"font-size: 14pt;\"><strong>Vous cherchez une machine d'occasion ? Prenez contact avec notre \u00e9quipe.<\/strong><\/span><\/p>\n<\/div>\n<\/div><\/div><div id=\"panel-4320-3-1-2\" class=\"so-panel widget widget_bouton panel-last-child\" data-index=\"14\" ><div\n\t\t\t\n\t\t\tclass=\"so-widget-bouton so-widget-bouton-default-40cd750bba98-4320\"\n\t\t\t\n\t\t><div class=\"container_btn gauche\">\r\n\t\t<a href=\"https:\/\/www.sacmo.com\/fr\/contact\/\">\t\r\n\t\t\t<div class=\"btn rouge\">\r\n\t\t\t<span>Contactez-nous<\/span>\r\n\t\t<\/div>\r\n\t<\/a>\r\n<\/div>\r\n<\/div><\/div><\/div><\/div><\/div><\/div>","protected":false},"excerpt":{"rendered":"<p>OPTEZ POUR LA DURABILITE : CHOISISSEZ LES MACHINES D\u2019OCCASION. Produire de fa\u00e7on durable est aujourd\u2019hui un enjeu incontournable pour les [&hellip;]<\/p>\n","protected":false},"author":2,"featured_media":4611,"parent":0,"menu_order":0,"comment_status":"closed","ping_status":"closed","template":"","meta":{"content-type":"","footnotes":""},"class_list":["post-4320","page","type-page","status-publish","has-post-thumbnail","hentry"],"_links":{"self":[{"href":"https:\/\/www.sacmo.com\/fr\/wp-json\/wp\/v2\/pages\/4320","targetHints":{"allow":["GET"]}}],"collection":[{"href":"https:\/\/www.sacmo.com\/fr\/wp-json\/wp\/v2\/pages"}],"about":[{"href":"https:\/\/www.sacmo.com\/fr\/wp-json\/wp\/v2\/types\/page"}],"author":[{"embeddable":true,"href":"https:\/\/www.sacmo.com\/fr\/wp-json\/wp\/v2\/users\/2"}],"replies":[{"embeddable":true,"href":"https:\/\/www.sacmo.com\/fr\/wp-json\/wp\/v2\/comments?post=4320"}],"version-history":[{"count":43,"href":"https:\/\/www.sacmo.com\/fr\/wp-json\/wp\/v2\/pages\/4320\/revisions"}],"predecessor-version":[{"id":5053,"href":"https:\/\/www.sacmo.com\/fr\/wp-json\/wp\/v2\/pages\/4320\/revisions\/5053"}],"wp:featuredmedia":[{"embeddable":true,"href":"https:\/\/www.sacmo.com\/fr\/wp-json\/wp\/v2\/media\/4611"}],"wp:attachment":[{"href":"https:\/\/www.sacmo.com\/fr\/wp-json\/wp\/v2\/media?parent=4320"}],"curies":[{"name":"wp","href":"https:\/\/api.w.org\/{rel}","templated":true}]}}