{"id":4166,"date":"2022-10-17T16:33:48","date_gmt":"2022-10-17T14:33:48","guid":{"rendered":"https:\/\/www.sacmo.com\/fr\/?page_id=4166"},"modified":"2022-10-17T17:30:34","modified_gmt":"2022-10-17T15:30:34","slug":"encaisseuse-automatique-robotisee","status":"publish","type":"page","link":"https:\/\/www.sacmo.com\/fr\/encaisseuse-automatique-robotisee-tubes","title":{"rendered":"Encaisseuse automatique robotis\u00e9e"},"content":{"rendered":"<div id=\"pl-4166\"  class=\"panel-layout\" ><div id=\"pg-4166-0\"  class=\"panel-grid panel-has-style\" ><div class=\"panel-row-style panel-row-style-for-4166-0\" ><div id=\"pgc-4166-0-0\"  class=\"panel-grid-cell\" ><div id=\"panel-4166-0-0-0\" class=\"so-panel widget widget_smartheme_titre_widget panel-first-child\" data-index=\"0\" ><div\n\t\t\t\n\t\t\tclass=\"so-widget-smartheme_titre_widget so-widget-smartheme_titre_widget-default-d75171398898-4166\"\n\t\t\t\n\t\t><div class=\"container_titre left\">\n\t<div class=\"titre\">\n\t\t\t\t<h2>Encaisseuse de tubes automatique<\/h2>\n\t<\/div>\n\t\t\t<span class=\"soustitre\">avec formeuse de caisses int\u00e9gr\u00e9e<\/span>\n\t<\/div><\/div><\/div><div id=\"panel-4166-0-0-1\" class=\"so-panel widget widget_editeur panel-last-child\" data-index=\"1\" ><div\n\t\t\t\n\t\t\tclass=\"so-widget-editeur so-widget-editeur-base\"\n\t\t\t\n\t\t>\t\t\t<div class=\"smarttheme_editeur\">\n\t\t<p>Pour automatiser la fin d\u2019une ligne de conditionnement, SACMO propose plusieurs solutions de mise en caisse de type semi-automatique, compl\u00e8tement automatique, robotique ou encore collaborative. Chaque encaisseuse sign\u00e9e SACMO est sp\u00e9cialement adapt\u00e9e aux sp\u00e9cifications de chaque projet afin de r\u00e9pondre avec exactitude aux besoins de chaque client qu\u2019il soit issu du secteur cosm\u00e9tique, pharmaceutique, chimique, agroalimentaire ou d\u2019autres secteurs industriels.<\/p>\n<p>Dans cette optique de solutions sur-mesure, SACMO a con\u00e7u et r\u00e9alis\u00e9 une encaisseuse robotis\u00e9e enti\u00e8rement automatique et parfaitement adapt\u00e9e \u00e0 la mise en caisse de tubes cosm\u00e9tiques. Cette machine int\u00e8gre un module robotis\u00e9 permettant de former les caisses en carton \u00e0 fond automatique et d\u2019alimenter l\u2019encaisseuse en caisses. Les tubes sont amen\u00e9s depuis la remplisseuse de tubes vers l\u2019encaisseuse en position horizontale par un convoyeur \u00e0 bande. Une cam\u00e9ra effectue un contr\u00f4le de chaque tube et communique avec le robot. Le robot saisit ensuite chaque tube conforme pour le transf\u00e9rer en position verticale sur les alv\u00e9oles du plateau rotatif. Les tubes non-conformes sont \u00e9ject\u00e9s. Le plateau tourne afin d\u2019amener les tubes en position verticale vers la zone de mise en caisse. Un autre robot \u00e9quip\u00e9 d\u2019un outil de pr\u00e9hension adapt\u00e9 saisit un ensemble de tubes pour les transf\u00e9rer verticalement dans la caisse. La caisse ainsi charg\u00e9e est ensuite amen\u00e9e vers la zone de fermeture de caisses o\u00f9 est int\u00e9gr\u00e9e ici une scotcheuse de caisses.<\/p>\n<p>L\u2019encaisseuse robotis\u00e9e SACMO permet d\u2019emballer 60 tubes par minute. Elle peut \u00eatre fournie avec diff\u00e9rents modules compl\u00e9mentaires comme une \u00e9tiqueteuse de tubes, une \u00e9tiqueteuse de caisses, une banderoleuse de caisses ou encore un palettiseur.<\/p>\n<\/div>\n<\/div><\/div><\/div><div id=\"pgc-4166-0-1\"  class=\"panel-grid-cell\" ><div id=\"panel-4166-0-1-0\" class=\"so-panel widget widget_smart-image panel-first-child panel-last-child\" data-index=\"2\" ><div\n\t\t\t\n\t\t\tclass=\"so-widget-smart-image so-widget-smart-image-default-40cd750bba98-4166\"\n\t\t\t\n\t\t><div class=\"sow-image-container\">\n\t<div class=\"containerSmartImage center-center   ajuster\"><div class=\"chargementSmartImage\"><div class=\"containerLoader\"><div class=\"loader\"><\/div><\/div><\/div><div style=\"background-image: url(https:\/\/www.sacmo.com\/fr\/wp-content\/uploads\/2021\/04\/sacmo_solution_encaissage-1-768x432.png);\" class=\"smartImage carre \"><\/div><\/div>\t<\/div>\n\n<\/div><\/div><\/div><\/div><\/div><div id=\"pg-4166-1\"  class=\"panel-grid panel-has-style\" ><div class=\"panel-row-style panel-row-style-for-4166-1\" ><div id=\"pgc-4166-1-0\"  class=\"panel-grid-cell\" ><div id=\"panel-4166-1-0-0\" class=\"so-panel widget widget_smartheme_titre_widget panel-first-child panel-last-child\" data-index=\"3\" ><div\n\t\t\t\n\t\t\tclass=\"so-widget-smartheme_titre_widget so-widget-smartheme_titre_widget-default-d75171398898-4166\"\n\t\t\t\n\t\t><div class=\"container_titre left\">\n\t<div class=\"titre\">\n\t\t\t\t<h2>FONCTIONS DISPONIBLES<\/h2>\n\t<\/div>\n\t<\/div><\/div><\/div><\/div><\/div><\/div><div id=\"pg-4166-2\"  class=\"panel-grid panel-no-style\" ><div id=\"pgc-4166-2-0\"  class=\"panel-grid-cell\" ><div id=\"panel-4166-2-0-0\" class=\"so-panel widget widget_editeur panel-first-child panel-last-child\" data-index=\"4\" ><div\n\t\t\t\n\t\t\tclass=\"so-widget-editeur so-widget-editeur-base\"\n\t\t\t\n\t\t>\t\t\t<div class=\"smarttheme_editeur\">\n\t\t<ul>\n<li><span style=\"color: #b91b1d; font-size: 18px;\"><strong>FORMER<\/strong><\/span><\/li>\n<\/ul>\n<p>Module robotis\u00e9 pour former les caisses \u00e9quip\u00e9 d\u2019une magasin de caisses grande capacit\u00e9.<\/p>\n<\/div>\n<\/div><\/div><\/div><div id=\"pgc-4166-2-1\"  class=\"panel-grid-cell\" ><div id=\"panel-4166-2-1-0\" class=\"so-panel widget widget_editeur panel-first-child panel-last-child\" data-index=\"5\" ><div\n\t\t\t\n\t\t\tclass=\"so-widget-editeur so-widget-editeur-base\"\n\t\t\t\n\t\t>\t\t\t<div class=\"smarttheme_editeur\">\n\t\t<ul>\n<li><span style=\"color: #b91b1d; font-size: 18px;\"><strong>PREPARER<\/strong><\/span><\/li>\n<\/ul>\n<p>Convoyeur pour l\u2019accumulation de caisse form\u00e9e en attente de chargement.<\/p>\n<\/div>\n<\/div><\/div><\/div><\/div><div id=\"pg-4166-3\"  class=\"panel-grid panel-no-style\" ><div id=\"pgc-4166-3-0\"  class=\"panel-grid-cell\" ><div id=\"panel-4166-3-0-0\" class=\"so-panel widget widget_editeur panel-first-child panel-last-child\" data-index=\"6\" ><div\n\t\t\t\n\t\t\tclass=\"so-widget-editeur so-widget-editeur-base\"\n\t\t\t\n\t\t>\t\t\t<div class=\"smarttheme_editeur\">\n\t\t<ul>\n<li><span style=\"color: #b91b1d; font-size: 18px;\"><strong>ACCUMULER<\/strong><\/span><\/li>\n<\/ul>\n<p>Entr\u00e9e automatique des tubes \u00e0 l\u2019horizontale sur convoyeur \u00e0 bande.<\/p>\n<\/div>\n<\/div><\/div><\/div><div id=\"pgc-4166-3-1\"  class=\"panel-grid-cell\" ><div id=\"panel-4166-3-1-0\" class=\"so-panel widget widget_editeur panel-first-child panel-last-child\" data-index=\"7\" ><div\n\t\t\t\n\t\t\tclass=\"so-widget-editeur so-widget-editeur-base\"\n\t\t\t\n\t\t>\t\t\t<div class=\"smarttheme_editeur\">\n\t\t<ul>\n<li><span style=\"color: #b91b1d; font-size: 18px;\"><strong>CONTROLER<\/strong><\/span><\/li>\n<\/ul>\n<p>Cam\u00e9ra de contr\u00f4le des tubes en entr\u00e9e de l\u2019encaisseuse<\/p>\n<\/div>\n<\/div><\/div><\/div><\/div><div id=\"pg-4166-4\"  class=\"panel-grid panel-no-style\" ><div id=\"pgc-4166-4-0\"  class=\"panel-grid-cell\" ><div id=\"panel-4166-4-0-0\" class=\"so-panel widget widget_editeur panel-first-child panel-last-child\" data-index=\"8\" ><div\n\t\t\t\n\t\t\tclass=\"so-widget-editeur so-widget-editeur-base\"\n\t\t\t\n\t\t>\t\t\t<div class=\"smarttheme_editeur\">\n\t\t<ul>\n<li><span style=\"color: #b91b1d; font-size: 18px;\"><strong>METTRE EN CAISSE<\/strong><\/span><\/li>\n<\/ul>\n<p>Sortie des caisses par un convoyeur \u00e0 rouleaux ou gravitaire.<\/p>\n<\/div>\n<\/div><\/div><\/div><div id=\"pgc-4166-4-1\"  class=\"panel-grid-cell\" ><div id=\"panel-4166-4-1-0\" class=\"so-panel widget widget_editeur panel-first-child panel-last-child\" data-index=\"9\" ><div\n\t\t\t\n\t\t\tclass=\"so-widget-editeur so-widget-editeur-base\"\n\t\t\t\n\t\t>\t\t\t<div class=\"smarttheme_editeur\">\n\t\t<ul>\n<li><span style=\"color: #b91b1d; font-size: 18px;\"><strong>TRANSFERER<\/strong><\/span><\/li>\n<\/ul>\n<p>Sortie des caisses par un convoyeur vers une scotcheuse de caisses.<\/p>\n<\/div>\n<\/div><\/div><\/div><\/div><div id=\"pg-4166-5\"  class=\"panel-grid panel-no-style\" ><div id=\"pgc-4166-5-0\"  class=\"panel-grid-cell\" ><div id=\"panel-4166-5-0-0\" class=\"so-panel widget widget_editeur panel-first-child panel-last-child\" data-index=\"10\" ><div\n\t\t\t\n\t\t\tclass=\"so-widget-editeur so-widget-editeur-base\"\n\t\t\t\n\t\t>\t\t\t<div class=\"smarttheme_editeur\">\n\t\t<ul>\n<li><span style=\"color: #b91b1d; font-size: 18px;\"><strong>CHANGER DE FORMAT<\/strong><\/span><\/li>\n<\/ul>\n<p>Gr\u00e2ce aux outillages SMED, le passage d\u2019un format \u00e0 un autre se fait en toute simplicit\u00e9 et sans outil.<\/p>\n<\/div>\n<\/div><\/div><\/div><div id=\"pgc-4166-5-1\"  class=\"panel-grid-cell\" ><div id=\"panel-4166-5-1-0\" class=\"so-panel widget widget_editeur panel-first-child\" data-index=\"11\" ><div\n\t\t\t\n\t\t\tclass=\"so-widget-editeur so-widget-editeur-base\"\n\t\t\t\n\t\t>\t\t\t<div class=\"smarttheme_editeur\">\n\t\t<p style=\"text-align: left;\"><span style=\"font-size: 14pt;\"><strong>Vous souhaitez d\u2019autres fonctions ? Nous \u00e9tudions votre projet.<\/strong><\/span><\/p>\n<\/div>\n<\/div><\/div><div id=\"panel-4166-5-1-1\" class=\"so-panel widget widget_bouton panel-last-child\" data-index=\"12\" ><div\n\t\t\t\n\t\t\tclass=\"so-widget-bouton so-widget-bouton-default-40cd750bba98-4166\"\n\t\t\t\n\t\t><div class=\"container_btn gauche\">\r\n\t\t<a href=\"https:\/\/www.sacmo.com\/fr\/contact\/\">\t\r\n\t\t\t<div class=\"btn rouge\">\r\n\t\t\t<span>Contactez-nous<\/span>\r\n\t\t<\/div>\r\n\t<\/a>\r\n<\/div>\r\n<\/div><\/div><\/div><\/div><div id=\"pg-4166-6\"  class=\"panel-grid panel-has-style\" ><div class=\"panel-row-style panel-row-style-for-4166-6\" ><div id=\"pgc-4166-6-0\"  class=\"panel-grid-cell\" ><div id=\"panel-4166-6-0-0\" class=\"so-panel widget widget_smart-image panel-first-child panel-last-child\" data-index=\"13\" ><div\n\t\t\t\n\t\t\tclass=\"so-widget-smart-image so-widget-smart-image-default-40cd750bba98-4166\"\n\t\t\t\n\t\t><div class=\"sow-image-container\">\n\t<div class=\"containerSmartImage right-bottom   \"><div style=\"background-image:url(https:\/\/www.sacmo.com\/fr\/wp-content\/uploads\/2022\/10\/Encaisseuse01L-min-768x432.jpg);\" class=\"smartImage verticale right-bottom\"><\/div><\/div>\t<\/div>\n\n<\/div><\/div><\/div><div id=\"pgc-4166-6-1\"  class=\"panel-grid-cell\" ><div id=\"panel-4166-6-1-0\" class=\"so-panel widget widget_smart-image panel-first-child panel-last-child\" data-index=\"14\" ><div\n\t\t\t\n\t\t\tclass=\"so-widget-smart-image so-widget-smart-image-default-40cd750bba98-4166\"\n\t\t\t\n\t\t><div class=\"sow-image-container\">\n\t<div class=\"containerSmartImage center-bottom   \"><div style=\"background-image:url(https:\/\/www.sacmo.com\/fr\/wp-content\/uploads\/2021\/04\/Encaisseuse-automatique-Photo02-scaled-1-768x432.jpg);\" class=\"smartImage verticale center-bottom\"><\/div><\/div>\t<\/div>\n\n<\/div><\/div><\/div><\/div><\/div><div id=\"pg-4166-7\"  class=\"panel-grid panel-has-style\" ><div class=\"panel-row-style panel-row-style-for-4166-7\" ><div id=\"pgc-4166-7-0\"  class=\"panel-grid-cell\" ><div id=\"panel-4166-7-0-0\" class=\"so-panel widget widget_smart-image panel-first-child panel-last-child\" data-index=\"15\" ><div\n\t\t\t\n\t\t\tclass=\"so-widget-smart-image so-widget-smart-image-default-40cd750bba98-4166\"\n\t\t\t\n\t\t><div class=\"sow-image-container\">\n\t<div class=\"containerSmartImage center-center   ajuster\"><div class=\"chargementSmartImage\"><div class=\"containerLoader\"><div class=\"loader\"><\/div><\/div><\/div><div style=\"background-image: url(https:\/\/www.sacmo.com\/fr\/wp-content\/uploads\/2022\/10\/Encaisseuse02-min-768x436.jpg);\" class=\"smartImage carre \"><\/div><\/div>\t<\/div>\n\n<\/div><\/div><\/div><div id=\"pgc-4166-7-1\"  class=\"panel-grid-cell\" ><div id=\"panel-4166-7-1-0\" class=\"so-panel widget widget_avantages panel-first-child\" data-index=\"16\" ><div\n\t\t\t\n\t\t\tclass=\"so-widget-avantages so-widget-avantages-default-40cd750bba98-4166\"\n\t\t\t\n\t\t><div class=\"container_avantages\">\r\n\t<div class=\"avantages\">\r\n\t\t<span class=\"plus\">+<\/span>\r\n\t\t<span class=\"plus_min\">+<\/span>\r\n\t\t<div class=\"container_titre\">\r\n\t\t\t<h2>Avantages<\/h2>\r\n\t\t<\/div>\r\n\t\t<div class=\"container_liste_avantages\">\r\n\t\t\t<div class=\"liste_avantage\">\r\n\t\t\t\t<ul>\n<li>Solution enti\u00e8rement personnalisable<\/li>\n<li>Options multiples pour une configuration personnalis\u00e9e<\/li>\n<li>Machine automatique<\/li>\n<li>Multiformat<\/li>\n<\/ul>\n\t\t\t<\/div>\r\n\t\t<\/div>\r\n\t<\/div>\r\n<\/div><\/div><\/div><div id=\"panel-4166-7-1-1\" class=\"so-panel widget widget_smartheme_titre_widget\" data-index=\"17\" ><div\n\t\t\t\n\t\t\tclass=\"so-widget-smartheme_titre_widget so-widget-smartheme_titre_widget-default-d75171398898-4166\"\n\t\t\t\n\t\t><div class=\"container_titre left\">\n\t<div class=\"titre\">\n\t\t\t\t<h2>APPLICATIONS<\/h2>\n\t<\/div>\n\t<\/div><\/div><\/div><div id=\"panel-4166-7-1-2\" class=\"so-panel widget widget_editeur panel-last-child\" data-index=\"18\" ><div\n\t\t\t\n\t\t\tclass=\"so-widget-editeur so-widget-editeur-base\"\n\t\t\t\n\t\t>\t\t\t<div class=\"smarttheme_editeur\">\n\t\t<ul>\n<li>Tubes<\/li>\n<li>Etuis<\/li>\n<li>Boites<\/li>\n<li>Caisses<\/li>\n<li>Cartons<\/li>\n<\/ul>\n<\/div>\n<\/div><\/div><\/div><\/div><\/div><div id=\"pg-4166-8\"  class=\"panel-grid panel-has-style\" ><div class=\"panel-row-style panel-row-style-for-4166-8\" ><div id=\"pgc-4166-8-0\"  class=\"panel-grid-cell\" ><div id=\"panel-4166-8-0-0\" class=\"so-panel widget widget_smartheme_titre_widget panel-first-child\" data-index=\"19\" ><div\n\t\t\t\n\t\t\tclass=\"so-widget-smartheme_titre_widget so-widget-smartheme_titre_widget-default-d75171398898-4166\"\n\t\t\t\n\t\t><div class=\"container_titre left\">\n\t<div class=\"titre\">\n\t\t\t\t\t\t\t\t <div class=\"container_picto\">\n\t\t\t \t<div class=\"picto\" style=\"background-image: url(https:\/\/www.sacmo.com\/fr\/wp-content\/uploads\/2021\/06\/play-1173551.svg)\"><\/div>\n\t\t\t <\/div>\n\t\t\t\t<h2>D\u00c9MONSTRATION EN VID\u00c9O<\/h2>\n\t<\/div>\n\t<\/div><\/div><\/div><div id=\"panel-4166-8-0-1\" class=\"so-panel widget widget_media_video panel-last-child\" data-index=\"20\" ><div style=\"width:100%;\" class=\"wp-video\"><!--[if lt IE 9]><script>document.createElement('video');<\/script><![endif]-->\n<video class=\"wp-video-shortcode\" id=\"video-4166-1\" preload=\"metadata\" controls=\"controls\"><source type=\"video\/youtube\" src=\"https:\/\/www.youtube.com\/watch?v=vJ-AxMNc2V0&#038;t=1s&#038;_=1\" \/><a href=\"https:\/\/www.youtube.com\/watch?v=vJ-AxMNc2V0&#038;t=1s\">https:\/\/www.youtube.com\/watch?v=vJ-AxMNc2V0&#038;t=1s<\/a><\/video><\/div><\/div><\/div><\/div><\/div><div id=\"pg-4166-9\"  class=\"panel-grid panel-no-style\" ><div id=\"pgc-4166-9-0\"  class=\"panel-grid-cell\" ><div id=\"panel-4166-9-0-0\" class=\"so-panel widget widget_smartheme_titre_widget panel-first-child\" data-index=\"21\" ><div\n\t\t\t\n\t\t\tclass=\"so-widget-smartheme_titre_widget so-widget-smartheme_titre_widget-default-d75171398898-4166\"\n\t\t\t\n\t\t><div class=\"container_titre center\">\n\t<div class=\"titre\">\n\t\t\t\t<h2>Ces solutions peuvent vous int\u00e9resser\u2026<\/h2>\n\t<\/div>\n\t<\/div><\/div><\/div><div id=\"panel-4166-9-0-1\" class=\"so-panel widget widget_vignette panel-last-child\" data-index=\"22\" ><div\n\t\t\t\n\t\t\tclass=\"so-widget-vignette so-widget-vignette-default-40cd750bba98-4166\"\n\t\t\t\n\t\t><div class=\"container_vignettes\">\r\n\t<div class=\"swiper-container\">\r\n\t\t<div class=\"swiper-wrapper\">\t\r\n\t\t\t\t\t\t\t\t\t\t<div class=\"container_vignette swiper-slide fix_height\">\r\n\t\t\t\t\t\t\t\t\t\t\t\t<a href=\"https:\/\/www.sacmo.com\/fr\/nos-machines-de-conditionnement\/etiqueteuses\/etiqueteuse-de-tubes-automatique\/\" >\r\n\t\t\t\t\t\t\t\t\t\t\t\t\t\t<div class=\"display_bock_height\">\r\n\t\t\t\t\t\t\t\t\t\t<div class=\"vignette\" style=\"background-image: url(https:\/\/www.sacmo.com\/fr\/wp-content\/uploads\/2021\/04\/encaisseuse_tubes2_sacmo-1-768x432.png)\">\r\n\t\t\t\t<div class=\"filter \" style=\"background-color: #b91b1d; background-image: url(https:\/\/www.sacmo.com\/fr\/wp-content\/uploads\/2021\/04\/encaisseuse_tubes2_sacmo-1-768x432.png) \"><\/div>\r\n\t\t\t\t\t\t\t\t\t<div class=\"container_texte\">\r\n\t\t\t\t\t\t<div class=\"container_titre white\" >\r\n\t\t\t\t\t\t\t<span>Etiqueteuse<\/span>\r\n\t\t\t\t\t\t<\/div>\r\n\t\t\t\t\t<\/div>\r\n\t\t\t\t\t\t\t\t\t\t\t\t\t<div class=\"container_button white\">\r\n\t\t\t\t\t\t<div class=\"body_button\">\r\n\t\t\t\t\t\t\t<div class=\"button\">\r\n\t\t\t\t\t\t\t\t<span><\/span>\r\n\t\t\t\t\t\t\t\t<span><\/span>\r\n\t\t\t\t\t\t\t<\/div>\r\n\t\t\t\t\t\t<\/div>\r\n\t\t\t\t\t<\/div>\r\n\t\t\t\t\t\t\t\t\t\t\t<\/div>\r\n\t\t\t\t\t\t\t\t\t\t<\/div>\r\n\t\t\t\t\t\t\t\t\t<\/a>\r\n\t\t\t\t\t<\/div>\r\n\t\t\t\t\t\t\t\t\t\t<div class=\"container_vignette swiper-slide fix_height\">\r\n\t\t\t\t\t\t\t\t\t\t\t\t<a href=\"https:\/\/www.sacmo.com\/fr\/nos-machines-de-conditionnement\/marqueurs-laser\/\" >\r\n\t\t\t\t\t\t\t\t\t\t\t\t\t\t<div class=\"display_bock_height\">\r\n\t\t\t\t\t\t\t\t\t\t<div class=\"vignette\" style=\"background-image: url(https:\/\/www.sacmo.com\/fr\/wp-content\/uploads\/2021\/04\/015-MODULE-DE-MARQUAGE-LASER-ET-ETIQUETAGE-1-768x432.png)\">\r\n\t\t\t\t<div class=\"filter \" style=\"background-color: #b91b1d; background-image: url(https:\/\/www.sacmo.com\/fr\/wp-content\/uploads\/2021\/04\/015-MODULE-DE-MARQUAGE-LASER-ET-ETIQUETAGE-1-768x432.png) \"><\/div>\r\n\t\t\t\t\t\t\t\t\t<div class=\"container_texte\">\r\n\t\t\t\t\t\t<div class=\"container_titre white\" >\r\n\t\t\t\t\t\t\t<span>Marqueur laser<\/span>\r\n\t\t\t\t\t\t<\/div>\r\n\t\t\t\t\t<\/div>\r\n\t\t\t\t\t\t\t\t\t\t\t\t\t<div class=\"container_button white\">\r\n\t\t\t\t\t\t<div class=\"body_button\">\r\n\t\t\t\t\t\t\t<div class=\"button\">\r\n\t\t\t\t\t\t\t\t<span><\/span>\r\n\t\t\t\t\t\t\t\t<span><\/span>\r\n\t\t\t\t\t\t\t<\/div>\r\n\t\t\t\t\t\t<\/div>\r\n\t\t\t\t\t<\/div>\r\n\t\t\t\t\t\t\t\t\t\t\t<\/div>\r\n\t\t\t\t\t\t\t\t\t\t<\/div>\r\n\t\t\t\t\t\t\t\t\t<\/a>\r\n\t\t\t\t\t<\/div>\r\n\t\t\t\t\t\t\t\t\t\t<div class=\"container_vignette swiper-slide fix_height\">\r\n\t\t\t\t\t\t\t\t\t\t\t\t<a href=\"https:\/\/www.sacmo.com\/fr\/nos-machines-de-conditionnement\/palettiseurs\/\" >\r\n\t\t\t\t\t\t\t\t\t\t\t\t\t\t<div class=\"display_bock_height\">\r\n\t\t\t\t\t\t\t\t\t\t<div class=\"vignette\" style=\"background-image: url(https:\/\/www.sacmo.com\/fr\/wp-content\/uploads\/2021\/04\/palettiseur_sacmo-1-768x432.jpg)\">\r\n\t\t\t\t<div class=\"filter \" style=\"background-color: #b91b1d; background-image: url(https:\/\/www.sacmo.com\/fr\/wp-content\/uploads\/2021\/04\/palettiseur_sacmo-1-768x432.jpg) \"><\/div>\r\n\t\t\t\t\t\t\t\t\t<div class=\"container_texte\">\r\n\t\t\t\t\t\t<div class=\"container_titre white\" >\r\n\t\t\t\t\t\t\t<span>Palettiseur<\/span>\r\n\t\t\t\t\t\t<\/div>\r\n\t\t\t\t\t<\/div>\r\n\t\t\t\t\t\t\t\t\t\t\t\t\t<div class=\"container_button white\">\r\n\t\t\t\t\t\t<div class=\"body_button\">\r\n\t\t\t\t\t\t\t<div class=\"button\">\r\n\t\t\t\t\t\t\t\t<span><\/span>\r\n\t\t\t\t\t\t\t\t<span><\/span>\r\n\t\t\t\t\t\t\t<\/div>\r\n\t\t\t\t\t\t<\/div>\r\n\t\t\t\t\t<\/div>\r\n\t\t\t\t\t\t\t\t\t\t\t<\/div>\r\n\t\t\t\t\t\t\t\t\t\t<\/div>\r\n\t\t\t\t\t\t\t\t\t<\/a>\r\n\t\t\t\t\t<\/div>\r\n\t\t\t\t\t\t\t\t\t\t<div class=\"container_vignette swiper-slide fix_height\">\r\n\t\t\t\t\t\t\t\t\t\t\t\t<a href=\"https:\/\/www.sacmo.com\/fr\/nos-machines-de-conditionnement\/distributeurs\/chargeur-de-tubes\/\" >\r\n\t\t\t\t\t\t\t\t\t\t\t\t\t\t<div class=\"display_bock_height\">\r\n\t\t\t\t\t\t\t\t\t\t<div class=\"vignette\" style=\"background-image: url(https:\/\/www.sacmo.com\/fr\/wp-content\/uploads\/2021\/04\/chargeur_tubes_sacmo-1-768x432.png)\">\r\n\t\t\t\t<div class=\"filter \" style=\"background-color: #b91b1d; background-image: url(https:\/\/www.sacmo.com\/fr\/wp-content\/uploads\/2021\/04\/chargeur_tubes_sacmo-1-768x432.png) \"><\/div>\r\n\t\t\t\t\t\t\t\t\t<div class=\"container_texte\">\r\n\t\t\t\t\t\t<div class=\"container_titre white\" >\r\n\t\t\t\t\t\t\t<span>Chargeur de tubes<\/span>\r\n\t\t\t\t\t\t<\/div>\r\n\t\t\t\t\t<\/div>\r\n\t\t\t\t\t\t\t\t\t\t\t\t\t<div class=\"container_button white\">\r\n\t\t\t\t\t\t<div class=\"body_button\">\r\n\t\t\t\t\t\t\t<div class=\"button\">\r\n\t\t\t\t\t\t\t\t<span><\/span>\r\n\t\t\t\t\t\t\t\t<span><\/span>\r\n\t\t\t\t\t\t\t<\/div>\r\n\t\t\t\t\t\t<\/div>\r\n\t\t\t\t\t<\/div>\r\n\t\t\t\t\t\t\t\t\t\t\t<\/div>\r\n\t\t\t\t\t\t\t\t\t\t<\/div>\r\n\t\t\t\t\t\t\t\t\t<\/a>\r\n\t\t\t\t\t<\/div>\r\n\t\t\t\t\t\t\t\t\t\t<div class=\"container_vignette swiper-slide fix_height\">\r\n\t\t\t\t\t\t\t\t\t\t\t\t<a href=\"https:\/\/www.sacmo.com\/fr\/nos-machines-de-conditionnement\/manipulateur\/\" >\r\n\t\t\t\t\t\t\t\t\t\t\t\t\t\t<div class=\"display_bock_height\">\r\n\t\t\t\t\t\t\t\t\t\t<div class=\"vignette\" style=\"background-image: url(https:\/\/www.sacmo.com\/fr\/wp-content\/uploads\/2021\/04\/manipulateur_boucheuse_sacmo-1-768x480.png)\">\r\n\t\t\t\t<div class=\"filter \" style=\"background-color: #b91b1d; background-image: url(https:\/\/www.sacmo.com\/fr\/wp-content\/uploads\/2021\/04\/manipulateur_boucheuse_sacmo-1-768x480.png) \"><\/div>\r\n\t\t\t\t\t\t\t\t\t<div class=\"container_texte\">\r\n\t\t\t\t\t\t<div class=\"container_titre white\" >\r\n\t\t\t\t\t\t\t<span>Manipulateur<\/span>\r\n\t\t\t\t\t\t<\/div>\r\n\t\t\t\t\t<\/div>\r\n\t\t\t\t\t\t\t\t\t\t\t\t\t<div class=\"container_button white\">\r\n\t\t\t\t\t\t<div class=\"body_button\">\r\n\t\t\t\t\t\t\t<div class=\"button\">\r\n\t\t\t\t\t\t\t\t<span><\/span>\r\n\t\t\t\t\t\t\t\t<span><\/span>\r\n\t\t\t\t\t\t\t<\/div>\r\n\t\t\t\t\t\t<\/div>\r\n\t\t\t\t\t<\/div>\r\n\t\t\t\t\t\t\t\t\t\t\t<\/div>\r\n\t\t\t\t\t\t\t\t\t\t<\/div>\r\n\t\t\t\t\t\t\t\t\t<\/a>\r\n\t\t\t\t\t<\/div>\r\n\t\t\t\t\t\t\t\t\t\t<div class=\"container_vignette swiper-slide fix_height\">\r\n\t\t\t\t\t\t\t\t\t\t\t\t<a href=\"https:\/\/www.sacmo.com\/fr\/nos-machines-de-conditionnement\/remplisseuses\/\" >\r\n\t\t\t\t\t\t\t\t\t\t\t\t\t\t<div class=\"display_bock_height\">\r\n\t\t\t\t\t\t\t\t\t\t<div class=\"vignette\" style=\"background-image: url(https:\/\/www.sacmo.com\/fr\/wp-content\/uploads\/2021\/04\/remplisseuse_lineaire_sacmo-1-768x432.png)\">\r\n\t\t\t\t<div class=\"filter \" style=\"background-color: #b91b1d; background-image: url(https:\/\/www.sacmo.com\/fr\/wp-content\/uploads\/2021\/04\/remplisseuse_lineaire_sacmo-1-768x432.png) \"><\/div>\r\n\t\t\t\t\t\t\t\t\t<div class=\"container_texte\">\r\n\t\t\t\t\t\t<div class=\"container_titre white\" >\r\n\t\t\t\t\t\t\t<span>Remplisseuse<\/span>\r\n\t\t\t\t\t\t<\/div>\r\n\t\t\t\t\t<\/div>\r\n\t\t\t\t\t\t\t\t\t\t\t\t\t<div class=\"container_button white\">\r\n\t\t\t\t\t\t<div class=\"body_button\">\r\n\t\t\t\t\t\t\t<div class=\"button\">\r\n\t\t\t\t\t\t\t\t<span><\/span>\r\n\t\t\t\t\t\t\t\t<span><\/span>\r\n\t\t\t\t\t\t\t<\/div>\r\n\t\t\t\t\t\t<\/div>\r\n\t\t\t\t\t<\/div>\r\n\t\t\t\t\t\t\t\t\t\t\t<\/div>\r\n\t\t\t\t\t\t\t\t\t\t<\/div>\r\n\t\t\t\t\t\t\t\t\t<\/a>\r\n\t\t\t\t\t<\/div>\r\n\t\t\t\t\t\t\t\t\t\t<div class=\"container_vignette swiper-slide fix_height\">\r\n\t\t\t\t\t\t\t\t\t\t\t\t<a href=\"https:\/\/www.sacmo.com\/fr\/nos-machines-de-conditionnement\/visseuses-boucheuses\/\" >\r\n\t\t\t\t\t\t\t\t\t\t\t\t\t\t<div class=\"display_bock_height\">\r\n\t\t\t\t\t\t\t\t\t\t<div class=\"vignette\" style=\"background-image: url(https:\/\/www.sacmo.com\/fr\/wp-content\/uploads\/2021\/04\/manipulateur_boucheuse_sacmo-1-768x480.png)\">\r\n\t\t\t\t<div class=\"filter \" style=\"background-color: #b91b1d; background-image: url(https:\/\/www.sacmo.com\/fr\/wp-content\/uploads\/2021\/04\/manipulateur_boucheuse_sacmo-1-768x480.png) \"><\/div>\r\n\t\t\t\t\t\t\t\t\t<div class=\"container_texte\">\r\n\t\t\t\t\t\t<div class=\"container_titre white\" >\r\n\t\t\t\t\t\t\t<span>Visseuse - boucheuse<\/span>\r\n\t\t\t\t\t\t<\/div>\r\n\t\t\t\t\t<\/div>\r\n\t\t\t\t\t\t\t\t\t\t\t\t\t<div class=\"container_button white\">\r\n\t\t\t\t\t\t<div class=\"body_button\">\r\n\t\t\t\t\t\t\t<div class=\"button\">\r\n\t\t\t\t\t\t\t\t<span><\/span>\r\n\t\t\t\t\t\t\t\t<span><\/span>\r\n\t\t\t\t\t\t\t<\/div>\r\n\t\t\t\t\t\t<\/div>\r\n\t\t\t\t\t<\/div>\r\n\t\t\t\t\t\t\t\t\t\t\t<\/div>\r\n\t\t\t\t\t\t\t\t\t\t<\/div>\r\n\t\t\t\t\t\t\t\t\t<\/a>\r\n\t\t\t\t\t<\/div>\r\n\t\t\t\t<\/div>\r\n\t<\/div>\r\n\t<div class=\"swiper-button-next\">\r\n\t\t<div class=\"container_nav_next\">\r\n\t\t\t<div class=\"nav_next\">\r\n\t\t\t\t<span><\/span>\r\n\t\t\t<\/div>\r\n\t\t<\/div>\r\n\t<\/div>\r\n\t<div class=\"swiper-button-prev\">\r\n\t\t<div class=\"container_nav_prev\">\r\n\t\t\t<div class=\"nav_prev\">\r\n\t\t\t\t<span><\/span>\r\n\t\t\t<\/div>\r\n\t\t<\/div>\r\n\t<\/div>\r\n\t<div class=\"container_vignettes-pagination\"><\/div>\r\n\r\n\t<div class=\"fond_popup_image fond_popup_vignette\"><\/div>\r\n\t<div id=\"popup_image\" class=\"popup_vignette\">\r\n\t\t<div class=\"container-prevPopup\"><div class=\"prevPopup\"><\/div><\/div>\r\n\t\t<div class=\"container-nextPopup\"><div class=\"nextPopup\"><\/div><\/div>\r\n\t\t<div class=\"popup containerPopup\">\r\n\t\t\t<div class=\"container_exit\"><div class=\"exit\"><\/div><\/div>\r\n\t\t\t<div class=\"contenuPopup container\">\r\n\t\t\t\t<div class=\"row\">\r\n\t\t\t\t\t<div class=\"col-md-12\">\r\n\t\t\t\t\t\t<img decoding=\"async\" src=\"\">\r\n\t\t\t\t\t<\/div>\r\n\t\t\t\t<\/div>\r\n\t\t\t<\/div>\r\n\t\t<\/div>\r\n\t<\/div>\r\n<\/div>\r\n\r\n<\/div><\/div><\/div><\/div><\/div>","protected":false},"excerpt":{"rendered":"<p>Encaisseuse de tubes automatique avec formeuse de caisses int\u00e9gr\u00e9e Pour automatiser la fin d\u2019une ligne de conditionnement, SACMO propose plusieurs [&hellip;]<\/p>\n","protected":false},"author":2,"featured_media":1379,"parent":3046,"menu_order":0,"comment_status":"closed","ping_status":"closed","template":"","meta":{"content-type":"","footnotes":""},"class_list":["post-4166","page","type-page","status-publish","has-post-thumbnail","hentry"],"_links":{"self":[{"href":"https:\/\/www.sacmo.com\/fr\/wp-json\/wp\/v2\/pages\/4166","targetHints":{"allow":["GET"]}}],"collection":[{"href":"https:\/\/www.sacmo.com\/fr\/wp-json\/wp\/v2\/pages"}],"about":[{"href":"https:\/\/www.sacmo.com\/fr\/wp-json\/wp\/v2\/types\/page"}],"author":[{"embeddable":true,"href":"https:\/\/www.sacmo.com\/fr\/wp-json\/wp\/v2\/users\/2"}],"replies":[{"embeddable":true,"href":"https:\/\/www.sacmo.com\/fr\/wp-json\/wp\/v2\/comments?post=4166"}],"version-history":[{"count":13,"href":"https:\/\/www.sacmo.com\/fr\/wp-json\/wp\/v2\/pages\/4166\/revisions"}],"predecessor-version":[{"id":4183,"href":"https:\/\/www.sacmo.com\/fr\/wp-json\/wp\/v2\/pages\/4166\/revisions\/4183"}],"up":[{"embeddable":true,"href":"https:\/\/www.sacmo.com\/fr\/wp-json\/wp\/v2\/pages\/3046"}],"wp:featuredmedia":[{"embeddable":true,"href":"https:\/\/www.sacmo.com\/fr\/wp-json\/wp\/v2\/media\/1379"}],"wp:attachment":[{"href":"https:\/\/www.sacmo.com\/fr\/wp-json\/wp\/v2\/media?parent=4166"}],"curies":[{"name":"wp","href":"https:\/\/api.w.org\/{rel}","templated":true}]}}