{"id":397,"date":"2020-12-30T10:27:52","date_gmt":"2020-12-30T09:27:52","guid":{"rendered":"http:\/\/www.sacmo.com\/?page_id=397"},"modified":"2021-06-03T09:37:48","modified_gmt":"2021-06-03T07:37:48","slug":"atelier-dassemblage","status":"publish","type":"page","link":"https:\/\/www.sacmo.com\/fr\/specialiste-du-conditionnement\/atelier-dassemblage\/","title":{"rendered":"Atelier d&rsquo;assemblage"},"content":{"rendered":"<div id=\"pl-397\"  class=\"panel-layout\" ><div id=\"pg-397-0\"  class=\"panel-grid panel-has-style\" ><div class=\"panel-row-style panel-row-style-for-397-0\" ><div id=\"pgc-397-0-0\"  class=\"panel-grid-cell\" ><div id=\"panel-397-0-0-0\" class=\"so-panel widget widget_smartheme_titre_widget panel-first-child\" data-index=\"0\" ><div\n\t\t\t\n\t\t\tclass=\"so-widget-smartheme_titre_widget so-widget-smartheme_titre_widget-default-d75171398898-397\"\n\t\t\t\n\t\t><div class=\"container_titre center\">\n\t<div class=\"titre\">\n\t\t\t\t<h2>Toutes les machines SACMO sont c\u00e2bl\u00e9es, mont\u00e9es et mises au point sur notre site par nos techniciens.<\/h2>\n\t<\/div>\n\t<\/div><\/div><\/div><div id=\"panel-397-0-0-1\" class=\"so-panel widget widget_editeur panel-last-child\" data-index=\"1\" ><div\n\t\t\t\n\t\t\tclass=\"so-widget-editeur so-widget-editeur-base\"\n\t\t\t\n\t\t>\t\t\t<div class=\"smarttheme_editeur\">\n\t\t<p><span style=\"font-size: 14pt;\">R\u00e9parti sur plus de 2000m\u00b2, notre atelier d\u2019assemblage rassemble \u00e0 la fois notre atelier de c\u00e2blage et notre atelier de montage. L\u2019ensemble des machines que nous r\u00e9alisons est int\u00e9gralement c\u00e2bl\u00e9, mont\u00e9 et mis au point dans notre atelier d\u2019assemblage par nos techniciens exp\u00e9riment\u00e9s. Le montage de chaque machine respecte rigoureusement les sp\u00e9cifications de nos clients. Nous garantissons que nos installations sont conformes aux normes de s\u00e9curit\u00e9 en vigueur gr\u00e2ce \u00e0 une auto-certification de nos machines.<\/span><\/p>\n<\/div>\n<\/div><\/div><\/div><\/div><\/div><div id=\"pg-397-1\"  class=\"panel-grid panel-has-style\" ><div class=\"panel-row-style panel-row-style-for-397-1\" ><div id=\"pgc-397-1-0\"  class=\"panel-grid-cell\" ><div id=\"panel-397-1-0-0\" class=\"so-panel widget widget_smart-image panel-first-child panel-last-child\" data-index=\"2\" ><div\n\t\t\t\n\t\t\tclass=\"so-widget-smart-image so-widget-smart-image-default-40cd750bba98-397\"\n\t\t\t\n\t\t><div class=\"sow-image-container\">\n\t<div class=\"containerSmartImage right-center zoom  ajuster\"><div class=\"chargementSmartImage\"><div class=\"containerLoader\"><div class=\"loader\"><\/div><\/div><\/div><div style=\"background-image: url(https:\/\/www.sacmo.com\/fr\/wp-content\/uploads\/2020\/12\/sacmo_assemblage_armoir_electrique-1-768x576.jpg);\" class=\"smartImage carre \"><\/div><\/div>\t\t\t<div class=\"fond_popup_image\"><\/div>\n\t\t<div id=\"popup_image\">\n\t\t\t<div class=\"container-prevPopup\"><div class=\"prevPopup\"><\/div><\/div>\n\t\t\t<div class=\"container-nextPopup\"><div class=\"nextPopup\"><\/div><\/div>\n\t\t\t<div class=\"popup containerPopup\">\n\t\t\t\t<div class=\"container_exit\"><div class=\"exit\"><\/div><\/div>\n\t\t\t\t<div class=\"contenuPopup container\">\n\t\t\t\t\t<div class=\"row\">\n\t\t\t\t\t\t<div class=\"col-md-12\">\n\t\t\t\t\t\t\t<img decoding=\"async\" src=\"https:\/\/www.sacmo.com\/fr\/wp-content\/uploads\/2020\/12\/sacmo_assemblage_armoir_electrique-1-768x576.jpg\">\n\t\t\t\t\t\t<\/div>\n\t\t\t\t\t<\/div>\n\t\t\t\t<\/div>\n\t\t\t<\/div>\n\t\t<\/div>\n\t<\/div>\n\n<\/div><\/div><\/div><div id=\"pgc-397-1-1\"  class=\"panel-grid-cell\" ><div id=\"panel-397-1-1-0\" class=\"so-panel widget widget_smartheme_titre_widget panel-first-child\" data-index=\"3\" ><div\n\t\t\t\n\t\t\tclass=\"so-widget-smartheme_titre_widget so-widget-smartheme_titre_widget-default-d75171398898-397\"\n\t\t\t\n\t\t><div class=\"container_titre left\">\n\t<div class=\"titre\">\n\t\t\t\t<h3>ELECTRICIENS, METTEURS AU POINT ET MECANICIENS SE COORDONNENT A CHAQUE PHASE DE VOTRE PROJET<\/h3>\n\t<\/div>\n\t<\/div><\/div><\/div><div id=\"panel-397-1-1-1\" class=\"so-panel widget widget_editeur panel-last-child\" data-index=\"4\" ><div\n\t\t\t\n\t\t\tclass=\"so-widget-editeur so-widget-editeur-base\"\n\t\t\t\n\t\t>\t\t\t<div class=\"smarttheme_editeur\">\n\t\t<p><span style=\"font-size: 12pt;\">Chaque sous-ensemble est assembl\u00e9 par nos \u00e9quipes selon les plans de notre Bureau d\u2019\u00e9tudes. Les \u00e9l\u00e9ments m\u00e9caniques, pneumatiques et \u00e9lectriques sont int\u00e9gr\u00e9s au fur et \u00e0 mesure sur la structure de base de la machine. Nos \u00e9quipes travaillent en synergie pour maximiser les performances de votre machine. D\u00e8s la mise sous tension, nos automaticiens et roboticiens communiquent avec nos monteurs qui affinent la mise au point des installations.<\/span><\/p>\n<p><span style=\"font-size: 12pt;\">Votre charg\u00e9 d\u2019affaires vous invite \u00e0 assister \u00e0 la r\u00e9ception de votre machine dans notre atelier. En votre pr\u00e9sence, nous r\u00e9alisons une r\u00e9ception type F.A.T. (Factory Acceptance Test) en condition r\u00e9elle de production. Apr\u00e8s validation de la F.A.T., nous organisons l\u2019exp\u00e9dition de la machine sur votre site. Nos monteurs r\u00e9alisent l\u2019emballage et le chargement de la machine. A l\u2019arriv\u00e9e sur votre site, nos \u00e9quipes sont habilit\u00e9s \u00e0 d\u00e9charger la machine et \u00e0 l\u2019amener sur son pav\u00e9 d\u2019implantation en toute s\u00e9curit\u00e9. L\u2019\u00e9quipe qui intervient sur votre site est compos\u00e9 des m\u00eames personnes qui ont assembl\u00e9 votre machine dans nos locaux. Fort de notre exp\u00e9rience, nous nous adaptons \u00e0 votre environnement afin de ne pas perturber votre production. Une fois la machine install\u00e9e, nous r\u00e9alisons la phase finale de r\u00e9ception appel\u00e9e S.A.T. (Site Acceptance Test) en pr\u00e9sence de votre charg\u00e9 d\u2019affaires, vos \u00e9quipes et nos techniciens. Nos \u00e9quipes dispensent ensuite une formation \u00e0 vos \u00e9quipes.<\/span><\/p>\n<\/div>\n<\/div><\/div><\/div><\/div><\/div><div id=\"pg-397-2\"  class=\"panel-grid panel-has-style\" ><div class=\"panel-row-style panel-row-style-for-397-2\" ><div id=\"pgc-397-2-0\"  class=\"panel-grid-cell\" ><div id=\"panel-397-2-0-0\" class=\"so-panel widget widget_smartheme_titre_widget panel-first-child\" data-index=\"5\" ><div\n\t\t\t\n\t\t\tclass=\"so-widget-smartheme_titre_widget so-widget-smartheme_titre_widget-default-d75171398898-397\"\n\t\t\t\n\t\t><div class=\"container_titre left\">\n\t<div class=\"titre\">\n\t\t\t\t<h3>NOS EQUIPES INTERVIENNENT EN FRANCE ET A L\u2019ETRANGER<\/h3>\n\t<\/div>\n\t<\/div><\/div><\/div><div id=\"panel-397-2-0-1\" class=\"so-panel widget widget_editeur panel-last-child\" data-index=\"6\" ><div\n\t\t\t\n\t\t\tclass=\"so-widget-editeur so-widget-editeur-base\"\n\t\t\t\n\t\t>\t\t\t<div class=\"smarttheme_editeur\">\n\t\t<p><span style=\"font-size: 16px;\">Nos techniciens sont sp\u00e9cialis\u00e9s dans les interventions sur les sites de nos clients. Notre organisation flexible et la polyvalence de nos \u00e9quipes nous permettent d\u2019\u00eatre r\u00e9actif et d\u2019intervenir sur votre site dans les plus brefs d\u00e9lais. Ces interventions concernent notamment :<\/span><\/p>\n<ul>\n<li><span style=\"font-size: 16px;\"><a href=\"https:\/\/www.sacmo.com\/fr\/services-et-support\/demenagement\/\">Le d\u00e9m\u00e9nagement de lignes de conditionnement<\/a><\/span><\/li>\n<li><span style=\"font-size: 16px;\"><a href=\"https:\/\/www.sacmo.com\/fr\/services-et-support\/ligne-de-conditionnement-cle-en-main\/\">L\u2019implantation et la modification de lignes de conditionnement<\/a><\/span><\/li>\n<li><span style=\"font-size: 16px;\"><a href=\"https:\/\/www.sacmo.com\/fr\/services-et-support\/\">L\u2019installation de machines<\/a><\/span><\/li>\n<li><span style=\"font-size: 16px;\"><a href=\"https:\/\/www.sacmo.com\/fr\/services-et-support\/service-apres-vente\/maintenance\/\">Les op\u00e9rations de maintenances pr\u00e9ventives et curatives de machines<\/a><\/span><\/li>\n<li><span style=\"font-size: 16px;\"><a href=\"https:\/\/www.sacmo.com\/fr\/services-et-support\/service-apres-vente\/\">Les prestations de services-apr\u00e8s-vente<\/a> (par exemple : l\u2019adaptation de machines, l\u2019installation d\u2019outillages et de pi\u00e8ces de format)<\/span><\/li>\n<li><span style=\"font-size: 16px;\"><a href=\"https:\/\/www.sacmo.com\/fr\/services-et-support\/service-apres-vente\/assistance\/\">Les d\u00e9pannages<\/a><\/span><\/li>\n<\/ul>\n<\/div>\n<\/div><\/div><\/div><div id=\"pgc-397-2-1\"  class=\"panel-grid-cell\" ><div id=\"panel-397-2-1-0\" class=\"so-panel widget widget_smart-image panel-first-child panel-last-child\" data-index=\"7\" ><div\n\t\t\t\n\t\t\tclass=\"so-widget-smart-image so-widget-smart-image-default-40cd750bba98-397\"\n\t\t\t\n\t\t><div class=\"sow-image-container\">\n\t<div class=\"containerSmartImage center-center\"><div class=\"chargementSmartImage\"><div class=\"containerLoader\"><div class=\"loader\"><\/div><\/div><\/div><img decoding=\"async\" src=\"https:\/\/www.sacmo.com\/fr\/wp-content\/uploads\/2021\/03\/Retrofit-1.jpg\" title=\"Retrofit\" alt=\"Retrofit\" class=\"smartImage\"><\/div>\t<\/div>\n\n<\/div><\/div><\/div><\/div><\/div><div id=\"pg-397-3\"  class=\"panel-grid panel-has-style\" ><div class=\"panel-row-style panel-row-style-for-397-3\" ><div id=\"pgc-397-3-0\"  class=\"panel-grid-cell\" ><div id=\"panel-397-3-0-0\" class=\"so-panel widget widget_smartheme_titre_widget panel-first-child\" data-index=\"8\" ><div\n\t\t\t\n\t\t\tclass=\"so-widget-smartheme_titre_widget so-widget-smartheme_titre_widget-default-d75171398898-397\"\n\t\t\t\n\t\t><div class=\"container_titre center\">\n\t<div class=\"titre\">\n\t\t\t\t<h3>Donnez une deuxi\u00e8me vie aux machines de conditionnement gr\u00e2ce au retrofit<\/h3>\n\t<\/div>\n\t<\/div><\/div><\/div><div id=\"panel-397-3-0-1\" class=\"so-panel widget widget_editeur\" data-index=\"9\" ><div\n\t\t\t\n\t\t\tclass=\"so-widget-editeur so-widget-editeur-base\"\n\t\t\t\n\t\t>\t\t\t<div class=\"smarttheme_editeur\">\n\t\t<p><span style=\"font-size: 12pt;\">Un lancement produit \u00e0 courte \u00e9ch\u00e9ance ? Un budget limit\u00e9 ? Optez pour le retrofit d\u2019une machine de conditionnement ! Notre exp\u00e9rience en mati\u00e8re de r\u00e9novation de machines vous permettra de r\u00e9aliser vos projets en limitant les d\u00e9lais et les co\u00fbts. Nous pouvons r\u00e9nover une machine d\u00e9j\u00e0 en votre possession ou vous en proposer une issue de nos r\u00e9seaux.<\/span><br \/>\n<span style=\"font-size: 12pt;\">Nous adaptons nos prestations \u00e0 votre projet :<\/span><\/p>\n<\/div>\n<\/div><\/div><div id=\"panel-397-3-0-2\" class=\"so-panel widget widget_smarttheme_carousel_pictos_widget\" data-index=\"10\" ><div\n\t\t\t\n\t\t\tclass=\"so-widget-smarttheme_carousel_pictos_widget so-widget-smarttheme_carousel_pictos_widget-default-d75171398898-397\"\n\t\t\t\n\t\t><div class=\"container_carousel_pictos\">\r\n\t\t<div class=\"swiper-container color_logo \">\r\n\t\t<div class=\"swiper-wrapper\">\t\r\n\t\t\t\t\t\t\t\t<div class=\"container_picto_titre swiper-slide\">\r\n\t\t\t\t\t\t\t\t\t\t\t\t<a href=\"https:\/\/www.sacmo.com\/fr\/services-et-support\/retrofit\/\">\r\n\t\t\t\t\t\t\t\t<div class=\"container_picto\">\r\n\t\t\t\t\t<div class=\"picto\" style=\"background-image: url(https:\/\/www.sacmo.com\/fr\/wp-content\/uploads\/2020\/12\/retrofit_complet-1.svg)\"><\/div>\r\n\t\t\t\t<\/div>\r\n\t\t\t\t<div class=\"container_titre\">\r\n\t\t\t\t\t<span class=\"titre\">Retrofit complet<\/span>\r\n\t\t\t\t<\/div>\r\n\t\t\t\t\t\t\t\t\t\t\t\t<\/a>\r\n\t\t\t\t\t\t\t<\/div>\r\n\t\t\t\t\t\t\t\t<div class=\"container_picto_titre swiper-slide\">\r\n\t\t\t\t\t\t\t\t<div class=\"container_picto\">\r\n\t\t\t\t\t<div class=\"picto\" style=\"background-image: url(https:\/\/www.sacmo.com\/fr\/wp-content\/uploads\/2020\/12\/renovation_partielle-1.svg)\"><\/div>\r\n\t\t\t\t<\/div>\r\n\t\t\t\t<div class=\"container_titre\">\r\n\t\t\t\t\t<span class=\"titre\">R\u00e9novation partielle<br \/>\n(m\u00e9canique ou \u00e9lectrique)<\/span>\r\n\t\t\t\t<\/div>\r\n\t\t\t\t\t\t\t\t\t\t\t<\/div>\r\n\t\t\t\t\t\t\t\t<div class=\"container_picto_titre swiper-slide\">\r\n\t\t\t\t\t\t\t\t<div class=\"container_picto\">\r\n\t\t\t\t\t<div class=\"picto\" style=\"background-image: url(https:\/\/www.sacmo.com\/fr\/wp-content\/uploads\/2020\/12\/integration_nouvelle_techno-1.svg)\"><\/div>\r\n\t\t\t\t<\/div>\r\n\t\t\t\t<div class=\"container_titre\">\r\n\t\t\t\t\t<span class=\"titre\">Int\u00e9gration de nouvelles <br \/>\ntechnologies<\/span>\r\n\t\t\t\t<\/div>\r\n\t\t\t\t\t\t\t\t\t\t\t<\/div>\r\n\t\t\t\t\t\t\t\t<div class=\"container_picto_titre swiper-slide\">\r\n\t\t\t\t\t\t\t\t<div class=\"container_picto\">\r\n\t\t\t\t\t<div class=\"picto\" style=\"background-image: url(https:\/\/www.sacmo.com\/fr\/wp-content\/uploads\/2020\/12\/mise_en_conformite-1.svg)\"><\/div>\r\n\t\t\t\t<\/div>\r\n\t\t\t\t<div class=\"container_titre\">\r\n\t\t\t\t\t<span class=\"titre\">Mise en conformit\u00e9<\/span>\r\n\t\t\t\t<\/div>\r\n\t\t\t\t\t\t\t\t\t\t\t<\/div>\r\n\t\t\t\r\n\t\t<\/div>\r\n\t<\/div>\r\n\t<div class=\"swiper-button-next\">\r\n\t\t<div class=\"container_nav_next\">\r\n\t\t\t<div class=\"nav_next\">\r\n\t\t\t\t<span><\/span>\r\n\t\t\t<\/div>\r\n\t\t<\/div>\r\n\t<\/div>\r\n\t<div class=\"swiper-button-prev\">\r\n\t\t<div class=\"container_nav_prev\">\r\n\t\t\t<div class=\"nav_prev\">\r\n\t\t\t\t<span><\/span>\r\n\t\t\t<\/div>\r\n\t\t<\/div>\r\n\t<\/div>\r\n\t<div class=\"container_carousel_pictos-pagination\"><\/div>\r\n<\/div><\/div><\/div><div id=\"panel-397-3-0-3\" class=\"so-panel widget widget_bouton panel-last-child\" data-index=\"11\" ><div\n\t\t\t\n\t\t\tclass=\"so-widget-bouton so-widget-bouton-default-40cd750bba98-397\"\n\t\t\t\n\t\t><div class=\"container_btn centre\">\r\n\t\t<a href=\"https:\/\/www.sacmo.com\/fr\/services-et-support\/retrofit\/\">\t\r\n\t\t\t<div class=\"btn rouge\">\r\n\t\t\t<span>D\u00e9couvrez nos machines de conditionnement r\u00e9nov\u00e9es<\/span>\r\n\t\t<\/div>\r\n\t<\/a>\r\n<\/div>\r\n<\/div><\/div><\/div><\/div><\/div><div id=\"pg-397-4\"  class=\"panel-grid panel-has-style\" ><div class=\"panel-row-style panel-row-style-for-397-4\" ><div id=\"pgc-397-4-0\"  class=\"panel-grid-cell\" ><div id=\"panel-397-4-0-0\" class=\"so-panel widget widget_smartheme_titre_widget panel-first-child\" data-index=\"12\" ><div class=\"panel-widget-style panel-widget-style-for-397-4-0-0\" ><div\n\t\t\t\n\t\t\tclass=\"so-widget-smartheme_titre_widget so-widget-smartheme_titre_widget-default-d75171398898-397\"\n\t\t\t\n\t\t><div class=\"container_titre left\">\n\t<div class=\"titre\">\n\t\t\t\t<h3>DES LOCAUX RIEN QUE POUR VOUS<\/h3>\n\t<\/div>\n\t<\/div><\/div><\/div><\/div><div id=\"panel-397-4-0-1\" class=\"so-panel widget widget_smartheme_titre_widget\" data-index=\"13\" ><div class=\"panel-widget-style panel-widget-style-for-397-4-0-1\" ><div\n\t\t\t\n\t\t\tclass=\"so-widget-smartheme_titre_widget so-widget-smartheme_titre_widget-default-d75171398898-397\"\n\t\t\t\n\t\t><div class=\"container_titre left\">\n\t<div class=\"titre\">\n\t\t\t\t<h3>C'EST UNE GARANTIE DE CONFIDENTIALIT\u00c9<\/h3>\n\t<\/div>\n\t<\/div><\/div><\/div><\/div><div id=\"panel-397-4-0-2\" class=\"so-panel widget widget_editeur panel-last-child\" data-index=\"14\" ><div\n\t\t\t\n\t\t\tclass=\"so-widget-editeur so-widget-editeur-base\"\n\t\t\t\n\t\t>\t\t\t<div class=\"smarttheme_editeur\">\n\t\t<p><span style=\"font-size: 12pt;\">Afin de respecter la confidentialit\u00e9 des projets de nos clients, nous pouvons attribuer des espaces clos et \u00e0 l\u2019abri des visiteurs pour r\u00e9aliser le c\u00e2blage, le montage, la mise au point, les essais et la r\u00e9ception des machines.<\/span><\/p>\n<\/div>\n<\/div><\/div><\/div><div id=\"pgc-397-4-1\"  class=\"panel-grid-cell\" ><div id=\"panel-397-4-1-0\" class=\"so-panel widget widget_smart-image panel-first-child panel-last-child\" data-index=\"15\" ><div\n\t\t\t\n\t\t\tclass=\"so-widget-smart-image so-widget-smart-image-default-40cd750bba98-397\"\n\t\t\t\n\t\t><div class=\"sow-image-container\">\n\t<div class=\"containerSmartImage center-center zoom filtre \"><div style=\"background-image:url(https:\/\/www.sacmo.com\/fr\/wp-content\/uploads\/2020\/12\/sacmo_chaine_machine-1-768x432.jpg);\" class=\"smartImage verticale center-center\"><\/div><\/div>\t\t\t<div class=\"fond_popup_image\"><\/div>\n\t\t<div id=\"popup_image\">\n\t\t\t<div class=\"container-prevPopup\"><div class=\"prevPopup\"><\/div><\/div>\n\t\t\t<div class=\"container-nextPopup\"><div class=\"nextPopup\"><\/div><\/div>\n\t\t\t<div class=\"popup containerPopup\">\n\t\t\t\t<div class=\"container_exit\"><div class=\"exit\"><\/div><\/div>\n\t\t\t\t<div class=\"contenuPopup container\">\n\t\t\t\t\t<div class=\"row\">\n\t\t\t\t\t\t<div class=\"col-md-12\">\n\t\t\t\t\t\t\t<img decoding=\"async\" src=\"https:\/\/www.sacmo.com\/fr\/wp-content\/uploads\/2020\/12\/sacmo_chaine_machine-1-768x432.jpg\">\n\t\t\t\t\t\t<\/div>\n\t\t\t\t\t<\/div>\n\t\t\t\t<\/div>\n\t\t\t<\/div>\n\t\t<\/div>\n\t<\/div>\n\n<\/div><\/div><\/div><\/div><\/div><\/div>","protected":false},"excerpt":{"rendered":"<p>Toutes les machines SACMO sont c\u00e2bl\u00e9es, mont\u00e9es et mises au point sur notre site par nos techniciens. R\u00e9parti sur plus [&hellip;]<\/p>\n","protected":false},"author":1,"featured_media":402,"parent":129,"menu_order":0,"comment_status":"closed","ping_status":"closed","template":"","meta":{"content-type":"","footnotes":""},"class_list":["post-397","page","type-page","status-publish","has-post-thumbnail","hentry"],"_links":{"self":[{"href":"https:\/\/www.sacmo.com\/fr\/wp-json\/wp\/v2\/pages\/397","targetHints":{"allow":["GET"]}}],"collection":[{"href":"https:\/\/www.sacmo.com\/fr\/wp-json\/wp\/v2\/pages"}],"about":[{"href":"https:\/\/www.sacmo.com\/fr\/wp-json\/wp\/v2\/types\/page"}],"author":[{"embeddable":true,"href":"https:\/\/www.sacmo.com\/fr\/wp-json\/wp\/v2\/users\/1"}],"replies":[{"embeddable":true,"href":"https:\/\/www.sacmo.com\/fr\/wp-json\/wp\/v2\/comments?post=397"}],"version-history":[{"count":12,"href":"https:\/\/www.sacmo.com\/fr\/wp-json\/wp\/v2\/pages\/397\/revisions"}],"predecessor-version":[{"id":2682,"href":"https:\/\/www.sacmo.com\/fr\/wp-json\/wp\/v2\/pages\/397\/revisions\/2682"}],"up":[{"embeddable":true,"href":"https:\/\/www.sacmo.com\/fr\/wp-json\/wp\/v2\/pages\/129"}],"wp:featuredmedia":[{"embeddable":true,"href":"https:\/\/www.sacmo.com\/fr\/wp-json\/wp\/v2\/media\/402"}],"wp:attachment":[{"href":"https:\/\/www.sacmo.com\/fr\/wp-json\/wp\/v2\/media?parent=397"}],"curies":[{"name":"wp","href":"https:\/\/api.w.org\/{rel}","templated":true}]}}