{"id":3587,"date":"2021-09-23T16:02:13","date_gmt":"2021-09-23T14:02:13","guid":{"rendered":"https:\/\/www.sacmo.com\/fr\/?page_id=3587"},"modified":"2021-09-24T16:12:14","modified_gmt":"2021-09-24T14:12:14","slug":"machine-detiquetage-avec-triple-controles","status":"publish","type":"page","link":"https:\/\/www.sacmo.com\/fr\/nos-machines-de-conditionnement\/etiqueteuses\/machine-etiquetage-vision-controle\/","title":{"rendered":"Machine d&rsquo;\u00e9tiquetage avec triple contr\u00f4le"},"content":{"rendered":"<div id=\"pl-3587\"  class=\"panel-layout\" ><div id=\"pg-3587-0\"  class=\"panel-grid panel-has-style\" ><div class=\"panel-row-style panel-row-style-for-3587-0\" ><div id=\"pgc-3587-0-0\"  class=\"panel-grid-cell\" ><div id=\"panel-3587-0-0-0\" class=\"so-panel widget widget_smartheme_titre_widget panel-first-child\" data-index=\"0\" ><div\n\t\t\t\n\t\t\tclass=\"so-widget-smartheme_titre_widget so-widget-smartheme_titre_widget-default-d75171398898-3587\"\n\t\t\t\n\t\t><div class=\"container_titre left\">\n\t<div class=\"titre\">\n\t\t\t\t<h2>Etiqueteuse avec contr\u00f4le par cam\u00e9ras <\/h2>\n\t<\/div>\n\t<\/div><\/div><\/div><div id=\"panel-3587-0-0-1\" class=\"so-panel widget widget_editeur panel-last-child\" data-index=\"1\" ><div\n\t\t\t\n\t\t\tclass=\"so-widget-editeur so-widget-editeur-base\"\n\t\t\t\n\t\t>\t\t\t<div class=\"smarttheme_editeur\">\n\t\t<p>S\u00e9curit\u00e9 et qualit\u00e9 garanties gr\u00e2ce cette \u00e9tiqueteuse automatique avec triple contr\u00f4le int\u00e9gr\u00e9. Sp\u00e9cialement con\u00e7ue pour l\u2019industrie pharmaceutique, cette machine d\u2019\u00e9tiquetage et de contr\u00f4le assure la tra\u00e7abilit\u00e9 des produits. Les inhalateurs arrivent en position couch\u00e9e sur un convoyeur puis sont mis au pas. Trois cam\u00e9ras permettent de lire les diff\u00e9rentes donn\u00e9es de tra\u00e7abilit\u00e9 (code datamatrix imprim\u00e9 sur l\u2019\u00e9tiquette, code lot\u2026) ainsi que le nombre de doses indiqu\u00e9 sur le compteur. Les informations sont transmises \u00e0 l\u2019automate qui commande la validation des produits conformes, l\u2019\u00e9jection des inhalateurs non-conformes.<\/p>\n<\/div>\n<\/div><\/div><\/div><div id=\"pgc-3587-0-1\"  class=\"panel-grid-cell\" ><div id=\"panel-3587-0-1-0\" class=\"so-panel widget widget_smart-image panel-first-child panel-last-child\" data-index=\"2\" ><div\n\t\t\t\n\t\t\tclass=\"so-widget-smart-image so-widget-smart-image-default-40cd750bba98-3587\"\n\t\t\t\n\t\t><div class=\"sow-image-container\">\n\t<div class=\"containerSmartImage center-center   ajuster\"><div class=\"chargementSmartImage\"><div class=\"containerLoader\"><div class=\"loader\"><\/div><\/div><\/div><div style=\"background-image: url(https:\/\/www.sacmo.com\/fr\/wp-content\/uploads\/2021\/09\/LDSC04452-768x432.jpg);\" class=\"smartImage carre \"><\/div><\/div>\t<\/div>\n\n<\/div><\/div><\/div><\/div><\/div><div id=\"pg-3587-1\"  class=\"panel-grid panel-has-style\" ><div class=\"panel-row-style panel-row-style-for-3587-1\" ><div id=\"pgc-3587-1-0\"  class=\"panel-grid-cell\" ><div id=\"panel-3587-1-0-0\" class=\"so-panel widget widget_smartheme_titre_widget panel-first-child panel-last-child\" data-index=\"3\" ><div\n\t\t\t\n\t\t\tclass=\"so-widget-smartheme_titre_widget so-widget-smartheme_titre_widget-default-d75171398898-3587\"\n\t\t\t\n\t\t><div class=\"container_titre left\">\n\t<div class=\"titre\">\n\t\t\t\t<h2>FONCTIONS DISPONIBLES<\/h2>\n\t<\/div>\n\t<\/div><\/div><\/div><\/div><\/div><\/div><div id=\"pg-3587-2\"  class=\"panel-grid panel-no-style\" ><div id=\"pgc-3587-2-0\"  class=\"panel-grid-cell\" ><div id=\"panel-3587-2-0-0\" class=\"so-panel widget widget_editeur panel-first-child panel-last-child\" data-index=\"4\" ><div\n\t\t\t\n\t\t\tclass=\"so-widget-editeur so-widget-editeur-base\"\n\t\t\t\n\t\t>\t\t\t<div class=\"smarttheme_editeur\">\n\t\t<ul>\n<li><span style=\"color: #b91b1d; font-size: 18px;\"><strong>AMENER<\/strong><\/span><\/li>\n<\/ul>\n<p>Les produits arrivent sur convoyeur et sont amen\u00e9s sur les diff\u00e9rents postes par des bandes lat\u00e9rales.<\/p>\n<\/div>\n<\/div><\/div><\/div><div id=\"pgc-3587-2-1\"  class=\"panel-grid-cell\" ><div id=\"panel-3587-2-1-0\" class=\"so-panel widget widget_editeur panel-first-child panel-last-child\" data-index=\"5\" ><div\n\t\t\t\n\t\t\tclass=\"so-widget-editeur so-widget-editeur-base\"\n\t\t\t\n\t\t>\t\t\t<div class=\"smarttheme_editeur\">\n\t\t<ul>\n<li><span style=\"color: #b91b1d; font-size: 18px;\"><strong>IDENTIFIER<\/strong><\/span><\/li>\n<\/ul>\n<p>Un syst\u00e8me automatique permet d\u2019appliquer une \u00e9tiquette sur le produit.<\/p>\n<\/div>\n<\/div><\/div><\/div><div id=\"pgc-3587-2-2\"  class=\"panel-grid-cell\" ><div id=\"panel-3587-2-2-0\" class=\"so-panel widget widget_editeur panel-first-child panel-last-child\" data-index=\"6\" ><div\n\t\t\t\n\t\t\tclass=\"so-widget-editeur so-widget-editeur-base\"\n\t\t\t\n\t\t>\t\t\t<div class=\"smarttheme_editeur\">\n\t\t<ul>\n<li><span style=\"color: #b91b1d; font-size: 18px;\"><strong>CONTROLER<\/strong><\/span><\/li>\n<\/ul>\n<p>Les cam\u00e9ras int\u00e9gr\u00e9es \u00e0 la machine permettent de v\u00e9rifier trois points de contr\u00f4le tels que le nombre de dose sur le compteur, la conformit\u00e9 de l\u2019\u00e9tiquette et le code datamatrix.<\/p>\n<\/div>\n<\/div><\/div><\/div><\/div><div id=\"pg-3587-3\"  class=\"panel-grid panel-no-style\" ><div id=\"pgc-3587-3-0\"  class=\"panel-grid-cell\" ><div id=\"panel-3587-3-0-0\" class=\"so-panel widget widget_editeur panel-first-child panel-last-child\" data-index=\"7\" ><div\n\t\t\t\n\t\t\tclass=\"so-widget-editeur so-widget-editeur-base\"\n\t\t\t\n\t\t>\t\t\t<div class=\"smarttheme_editeur\">\n\t\t<ul>\n<li><span style=\"color: #b91b1d; font-size: 18px;\"><strong>VALIDER<\/strong><\/span><\/li>\n<\/ul>\n<p>Les cam\u00e9ras permettent de valider la conformit\u00e9 du produit afin qu\u2019il soit transf\u00e9r\u00e9 vers la machine en aval type ensacheuse ou encartonneuse.<\/p>\n<\/div>\n<\/div><\/div><\/div><div id=\"pgc-3587-3-1\"  class=\"panel-grid-cell\" ><div id=\"panel-3587-3-1-0\" class=\"so-panel widget widget_editeur panel-first-child panel-last-child\" data-index=\"8\" ><div\n\t\t\t\n\t\t\tclass=\"so-widget-editeur so-widget-editeur-base\"\n\t\t\t\n\t\t>\t\t\t<div class=\"smarttheme_editeur\">\n\t\t<ul>\n<li><span style=\"color: #b91b1d; font-size: 18px;\"><strong>EJECTER<\/strong><\/span><\/li>\n<\/ul>\n<p>Les produits d\u00e9tect\u00e9s comme non-conformes sont tri\u00e9s et \u00e9ject\u00e9s vers un bac \u00e0 articles d\u00e9fectueux.<\/p>\n<\/div>\n<\/div><\/div><\/div><\/div><div id=\"pg-3587-4\"  class=\"panel-grid panel-has-style\" ><div class=\"panel-row-style panel-row-style-for-3587-4\" ><div id=\"pgc-3587-4-0\"  class=\"panel-grid-cell\" ><div id=\"panel-3587-4-0-0\" class=\"so-panel widget widget_smart-image panel-first-child\" data-index=\"9\" ><div\n\t\t\t\n\t\t\tclass=\"so-widget-smart-image so-widget-smart-image-default-40cd750bba98-3587\"\n\t\t\t\n\t\t><div class=\"sow-image-container\">\n\t<div class=\"containerSmartImage right-bottom   \"><div style=\"background-image:url(https:\/\/www.sacmo.com\/fr\/wp-content\/uploads\/2021\/09\/LModule-etiquetage-controle-04472-768x432.jpg);\" class=\"smartImage verticale right-bottom\"><\/div><\/div>\t<\/div>\n\n<\/div><\/div><div id=\"panel-3587-4-0-1\" class=\"so-panel widget widget_editeur\" data-index=\"10\" ><div\n\t\t\t\n\t\t\tclass=\"so-widget-editeur so-widget-editeur-base\"\n\t\t\t\n\t\t>\t\t\t<div class=\"smarttheme_editeur\">\n\t\t<p style=\"text-align: left;\"><span style=\"font-size: 14pt;\"><strong>Vous souhaitez d\u2019autres fonctions ? Nous \u00e9tudions votre projet.<\/strong><\/span><\/p>\n<\/div>\n<\/div><\/div><div id=\"panel-3587-4-0-2\" class=\"so-panel widget widget_bouton panel-last-child\" data-index=\"11\" ><div\n\t\t\t\n\t\t\tclass=\"so-widget-bouton so-widget-bouton-default-40cd750bba98-3587\"\n\t\t\t\n\t\t><div class=\"container_btn gauche\">\r\n\t\t<a href=\"https:\/\/www.sacmo.com\/fr\/contact\/\">\t\r\n\t\t\t<div class=\"btn rouge\">\r\n\t\t\t<span>Contactez-nous<\/span>\r\n\t\t<\/div>\r\n\t<\/a>\r\n<\/div>\r\n<\/div><\/div><\/div><div id=\"pgc-3587-4-1\"  class=\"panel-grid-cell\" ><div id=\"panel-3587-4-1-0\" class=\"so-panel widget widget_smart-image panel-first-child panel-last-child\" data-index=\"12\" ><div\n\t\t\t\n\t\t\tclass=\"so-widget-smart-image so-widget-smart-image-default-40cd750bba98-3587\"\n\t\t\t\n\t\t><div class=\"sow-image-container\">\n\t<div class=\"containerSmartImage center-bottom   \"><div style=\"background-image:url(https:\/\/www.sacmo.com\/fr\/wp-content\/uploads\/2021\/09\/LDSC04466-768x432.jpg);\" class=\"smartImage verticale center-bottom\"><\/div><\/div>\t<\/div>\n\n<\/div><\/div><\/div><\/div><\/div><div id=\"pg-3587-5\"  class=\"panel-grid panel-has-style\" ><div class=\"panel-row-style panel-row-style-for-3587-5\" ><div id=\"pgc-3587-5-0\"  class=\"panel-grid-cell\" ><div id=\"panel-3587-5-0-0\" class=\"so-panel widget widget_smart-image panel-first-child panel-last-child\" data-index=\"13\" ><div\n\t\t\t\n\t\t\tclass=\"so-widget-smart-image so-widget-smart-image-default-40cd750bba98-3587\"\n\t\t\t\n\t\t><div class=\"sow-image-container\">\n\t<div class=\"containerSmartImage center-center   ajuster\"><div class=\"chargementSmartImage\"><div class=\"containerLoader\"><div class=\"loader\"><\/div><\/div><\/div><div style=\"background-image: url(https:\/\/www.sacmo.com\/fr\/wp-content\/uploads\/2021\/04\/Module-etiquetage-controle-04519-scaled-1-768x432.jpg);\" class=\"smartImage carre \"><\/div><\/div>\t<\/div>\n\n<\/div><\/div><\/div><div id=\"pgc-3587-5-1\"  class=\"panel-grid-cell\" ><div id=\"panel-3587-5-1-0\" class=\"so-panel widget widget_avantages panel-first-child\" data-index=\"14\" ><div\n\t\t\t\n\t\t\tclass=\"so-widget-avantages so-widget-avantages-default-40cd750bba98-3587\"\n\t\t\t\n\t\t><div class=\"container_avantages\">\r\n\t<div class=\"avantages\">\r\n\t\t<span class=\"plus\">+<\/span>\r\n\t\t<span class=\"plus_min\">+<\/span>\r\n\t\t<div class=\"container_titre\">\r\n\t\t\t<h2>Avantages<\/h2>\r\n\t\t<\/div>\r\n\t\t<div class=\"container_liste_avantages\">\r\n\t\t\t<div class=\"liste_avantage\">\r\n\t\t\t\t<ul>\n<li>Ergonomique<\/li>\n<li>Jusqu\u2019\u00e0 120 upm<\/li>\n<li>Contr\u00f4le automatique<\/li>\n<li>Equipement fiable<\/li>\n<li>Maintenance simplifi\u00e9e.<\/li>\n<\/ul>\n\t\t\t<\/div>\r\n\t\t<\/div>\r\n\t<\/div>\r\n<\/div><\/div><\/div><div id=\"panel-3587-5-1-1\" class=\"so-panel widget widget_smartheme_titre_widget\" data-index=\"15\" ><div\n\t\t\t\n\t\t\tclass=\"so-widget-smartheme_titre_widget so-widget-smartheme_titre_widget-default-d75171398898-3587\"\n\t\t\t\n\t\t><div class=\"container_titre left\">\n\t<div class=\"titre\">\n\t\t\t\t<h2>APPLICATIONS<\/h2>\n\t<\/div>\n\t<\/div><\/div><\/div><div id=\"panel-3587-5-1-2\" class=\"so-panel widget widget_editeur panel-last-child\" data-index=\"16\" ><div\n\t\t\t\n\t\t\tclass=\"so-widget-editeur so-widget-editeur-base\"\n\t\t\t\n\t\t>\t\t\t<div class=\"smarttheme_editeur\">\n\t\t<ul>\n<li>Inhalateurs<\/li>\n<li>Produits pharmaceutiques<\/li>\n<li>Produits cosm\u00e9tiques<\/li>\n<\/ul>\n<\/div>\n<\/div><\/div><\/div><\/div><\/div><div id=\"pg-3587-6\"  class=\"panel-grid panel-has-style\" ><div class=\"panel-row-style panel-row-style-for-3587-6\" ><div id=\"pgc-3587-6-0\"  class=\"panel-grid-cell\" ><div id=\"panel-3587-6-0-0\" class=\"so-panel widget widget_smartheme_titre_widget panel-first-child\" data-index=\"17\" ><div\n\t\t\t\n\t\t\tclass=\"so-widget-smartheme_titre_widget so-widget-smartheme_titre_widget-default-d75171398898-3587\"\n\t\t\t\n\t\t><div class=\"container_titre left\">\n\t<div class=\"titre\">\n\t\t\t\t\t\t\t\t <div class=\"container_picto\">\n\t\t\t \t<div class=\"picto\" style=\"background-image: url(https:\/\/www.sacmo.com\/fr\/wp-content\/uploads\/2021\/06\/play-1173551.svg)\"><\/div>\n\t\t\t <\/div>\n\t\t\t\t<h2>D\u00c9MONSTRATION EN VID\u00c9O<\/h2>\n\t<\/div>\n\t<\/div><\/div><\/div><div id=\"panel-3587-6-0-1\" class=\"so-panel widget widget_media_video panel-last-child\" data-index=\"18\" ><div style=\"width:100%;\" class=\"wp-video\"><!--[if lt IE 9]><script>document.createElement('video');<\/script><![endif]-->\n<video class=\"wp-video-shortcode\" id=\"video-3587-1\" preload=\"metadata\" controls=\"controls\"><source type=\"video\/youtube\" src=\"https:\/\/youtu.be\/5KLrlaZzLzM?_=1\" \/><a href=\"https:\/\/youtu.be\/5KLrlaZzLzM\">https:\/\/youtu.be\/5KLrlaZzLzM<\/a><\/video><\/div><\/div><\/div><\/div><\/div><div id=\"pg-3587-7\"  class=\"panel-grid panel-no-style\" ><div id=\"pgc-3587-7-0\"  class=\"panel-grid-cell\" ><div id=\"panel-3587-7-0-0\" class=\"so-panel widget widget_smartheme_titre_widget panel-first-child\" data-index=\"19\" ><div\n\t\t\t\n\t\t\tclass=\"so-widget-smartheme_titre_widget so-widget-smartheme_titre_widget-default-d75171398898-3587\"\n\t\t\t\n\t\t><div class=\"container_titre center\">\n\t<div class=\"titre\">\n\t\t\t\t<h2>Ces solutions peuvent vous int\u00e9resser\u2026<\/h2>\n\t<\/div>\n\t<\/div><\/div><\/div><div id=\"panel-3587-7-0-1\" class=\"so-panel widget widget_vignette panel-last-child\" data-index=\"20\" ><div\n\t\t\t\n\t\t\tclass=\"so-widget-vignette so-widget-vignette-default-40cd750bba98-3587\"\n\t\t\t\n\t\t><div class=\"container_vignettes\">\r\n\t<div class=\"swiper-container\">\r\n\t\t<div class=\"swiper-wrapper\">\t\r\n\t\t\t\t\t\t\t\t\t\t<div class=\"container_vignette swiper-slide fix_height\">\r\n\t\t\t\t\t\t\t\t\t\t\t\t<a href=\"https:\/\/www.sacmo.com\/fr\/nos-machines-de-conditionnement\/distributeurs\/\" >\r\n\t\t\t\t\t\t\t\t\t\t\t\t\t\t<div class=\"display_bock_height\">\r\n\t\t\t\t\t\t\t\t\t\t<div class=\"vignette\" style=\"background-image: url(https:\/\/www.sacmo.com\/fr\/wp-content\/uploads\/2021\/04\/devracage_sacmo-1-768x432.png)\">\r\n\t\t\t\t<div class=\"filter \" style=\"background-color: #b91b1d; background-image: url(https:\/\/www.sacmo.com\/fr\/wp-content\/uploads\/2021\/04\/devracage_sacmo-1-768x432.png) \"><\/div>\r\n\t\t\t\t\t\t\t\t\t<div class=\"container_texte\">\r\n\t\t\t\t\t\t<div class=\"container_titre white\" >\r\n\t\t\t\t\t\t\t<span>Distributeur<\/span>\r\n\t\t\t\t\t\t<\/div>\r\n\t\t\t\t\t<\/div>\r\n\t\t\t\t\t\t\t\t\t\t\t\t\t<div class=\"container_button white\">\r\n\t\t\t\t\t\t<div class=\"body_button\">\r\n\t\t\t\t\t\t\t<div class=\"button\">\r\n\t\t\t\t\t\t\t\t<span><\/span>\r\n\t\t\t\t\t\t\t\t<span><\/span>\r\n\t\t\t\t\t\t\t<\/div>\r\n\t\t\t\t\t\t<\/div>\r\n\t\t\t\t\t<\/div>\r\n\t\t\t\t\t\t\t\t\t\t\t<\/div>\r\n\t\t\t\t\t\t\t\t\t\t<\/div>\r\n\t\t\t\t\t\t\t\t\t<\/a>\r\n\t\t\t\t\t<\/div>\r\n\t\t\t\t\t\t\t\t\t\t<div class=\"container_vignette swiper-slide fix_height\">\r\n\t\t\t\t\t\t\t\t\t\t\t\t<a href=\"https:\/\/www.sacmo.com\/fr\/nos-machines-de-conditionnement\/manipulateur\/\" >\r\n\t\t\t\t\t\t\t\t\t\t\t\t\t\t<div class=\"display_bock_height\">\r\n\t\t\t\t\t\t\t\t\t\t<div class=\"vignette\" style=\"background-image: url(https:\/\/www.sacmo.com\/fr\/wp-content\/uploads\/2021\/04\/manipulateur_boucheuse_sacmo-1-768x480.png)\">\r\n\t\t\t\t<div class=\"filter \" style=\"background-color: #b91b1d; background-image: url(https:\/\/www.sacmo.com\/fr\/wp-content\/uploads\/2021\/04\/manipulateur_boucheuse_sacmo-1-768x480.png) \"><\/div>\r\n\t\t\t\t\t\t\t\t\t<div class=\"container_texte\">\r\n\t\t\t\t\t\t<div class=\"container_titre white\" >\r\n\t\t\t\t\t\t\t<span>Manipulateur<\/span>\r\n\t\t\t\t\t\t<\/div>\r\n\t\t\t\t\t<\/div>\r\n\t\t\t\t\t\t\t\t\t\t\t\t\t<div class=\"container_button white\">\r\n\t\t\t\t\t\t<div class=\"body_button\">\r\n\t\t\t\t\t\t\t<div class=\"button\">\r\n\t\t\t\t\t\t\t\t<span><\/span>\r\n\t\t\t\t\t\t\t\t<span><\/span>\r\n\t\t\t\t\t\t\t<\/div>\r\n\t\t\t\t\t\t<\/div>\r\n\t\t\t\t\t<\/div>\r\n\t\t\t\t\t\t\t\t\t\t\t<\/div>\r\n\t\t\t\t\t\t\t\t\t\t<\/div>\r\n\t\t\t\t\t\t\t\t\t<\/a>\r\n\t\t\t\t\t<\/div>\r\n\t\t\t\t\t\t\t\t\t\t<div class=\"container_vignette swiper-slide fix_height\">\r\n\t\t\t\t\t\t\t\t\t\t\t\t<a href=\"https:\/\/www.sacmo.com\/fr\/nos-machines-de-conditionnement\/remplisseuses\/\" >\r\n\t\t\t\t\t\t\t\t\t\t\t\t\t\t<div class=\"display_bock_height\">\r\n\t\t\t\t\t\t\t\t\t\t<div class=\"vignette\" style=\"background-image: url(https:\/\/www.sacmo.com\/fr\/wp-content\/uploads\/2021\/04\/remplisseuse_lineaire_sacmo-1-768x432.png)\">\r\n\t\t\t\t<div class=\"filter \" style=\"background-color: #b91b1d; background-image: url(https:\/\/www.sacmo.com\/fr\/wp-content\/uploads\/2021\/04\/remplisseuse_lineaire_sacmo-1-768x432.png) \"><\/div>\r\n\t\t\t\t\t\t\t\t\t<div class=\"container_texte\">\r\n\t\t\t\t\t\t<div class=\"container_titre white\" >\r\n\t\t\t\t\t\t\t<span>Remplisseuse<\/span>\r\n\t\t\t\t\t\t<\/div>\r\n\t\t\t\t\t<\/div>\r\n\t\t\t\t\t\t\t\t\t\t\t\t\t<div class=\"container_button white\">\r\n\t\t\t\t\t\t<div class=\"body_button\">\r\n\t\t\t\t\t\t\t<div class=\"button\">\r\n\t\t\t\t\t\t\t\t<span><\/span>\r\n\t\t\t\t\t\t\t\t<span><\/span>\r\n\t\t\t\t\t\t\t<\/div>\r\n\t\t\t\t\t\t<\/div>\r\n\t\t\t\t\t<\/div>\r\n\t\t\t\t\t\t\t\t\t\t\t<\/div>\r\n\t\t\t\t\t\t\t\t\t\t<\/div>\r\n\t\t\t\t\t\t\t\t\t<\/a>\r\n\t\t\t\t\t<\/div>\r\n\t\t\t\t\t\t\t\t\t\t<div class=\"container_vignette swiper-slide fix_height\">\r\n\t\t\t\t\t\t\t\t\t\t\t\t<a href=\"https:\/\/www.sacmo.com\/fr\/nos-machines-de-conditionnement\/visseuses-boucheuses\/\" >\r\n\t\t\t\t\t\t\t\t\t\t\t\t\t\t<div class=\"display_bock_height\">\r\n\t\t\t\t\t\t\t\t\t\t<div class=\"vignette\" style=\"background-image: url(https:\/\/www.sacmo.com\/fr\/wp-content\/uploads\/2021\/04\/manipulateur_boucheuse_sacmo-1-768x480.png)\">\r\n\t\t\t\t<div class=\"filter \" style=\"background-color: #b91b1d; background-image: url(https:\/\/www.sacmo.com\/fr\/wp-content\/uploads\/2021\/04\/manipulateur_boucheuse_sacmo-1-768x480.png) \"><\/div>\r\n\t\t\t\t\t\t\t\t\t<div class=\"container_texte\">\r\n\t\t\t\t\t\t<div class=\"container_titre white\" >\r\n\t\t\t\t\t\t\t<span>Visseuse - boucheuse<\/span>\r\n\t\t\t\t\t\t<\/div>\r\n\t\t\t\t\t<\/div>\r\n\t\t\t\t\t\t\t\t\t\t\t\t\t<div class=\"container_button white\">\r\n\t\t\t\t\t\t<div class=\"body_button\">\r\n\t\t\t\t\t\t\t<div class=\"button\">\r\n\t\t\t\t\t\t\t\t<span><\/span>\r\n\t\t\t\t\t\t\t\t<span><\/span>\r\n\t\t\t\t\t\t\t<\/div>\r\n\t\t\t\t\t\t<\/div>\r\n\t\t\t\t\t<\/div>\r\n\t\t\t\t\t\t\t\t\t\t\t<\/div>\r\n\t\t\t\t\t\t\t\t\t\t<\/div>\r\n\t\t\t\t\t\t\t\t\t<\/a>\r\n\t\t\t\t\t<\/div>\r\n\t\t\t\t\t\t\t\t\t\t<div class=\"container_vignette swiper-slide fix_height\">\r\n\t\t\t\t\t\t\t\t\t\t\t\t<a href=\"https:\/\/www.sacmo.com\/fr\/nos-machines-de-conditionnement\/etiqueteuses\/\" >\r\n\t\t\t\t\t\t\t\t\t\t\t\t\t\t<div class=\"display_bock_height\">\r\n\t\t\t\t\t\t\t\t\t\t<div class=\"vignette\" style=\"background-image: url(https:\/\/www.sacmo.com\/fr\/wp-content\/uploads\/2021\/04\/encaisseuse_tubes2_sacmo-1-768x432.png)\">\r\n\t\t\t\t<div class=\"filter \" style=\"background-color: #b91b1d; background-image: url(https:\/\/www.sacmo.com\/fr\/wp-content\/uploads\/2021\/04\/encaisseuse_tubes2_sacmo-1-768x432.png) \"><\/div>\r\n\t\t\t\t\t\t\t\t\t<div class=\"container_texte\">\r\n\t\t\t\t\t\t<div class=\"container_titre white\" >\r\n\t\t\t\t\t\t\t<span>Etiqueteuse<\/span>\r\n\t\t\t\t\t\t<\/div>\r\n\t\t\t\t\t<\/div>\r\n\t\t\t\t\t\t\t\t\t\t\t\t\t<div class=\"container_button white\">\r\n\t\t\t\t\t\t<div class=\"body_button\">\r\n\t\t\t\t\t\t\t<div class=\"button\">\r\n\t\t\t\t\t\t\t\t<span><\/span>\r\n\t\t\t\t\t\t\t\t<span><\/span>\r\n\t\t\t\t\t\t\t<\/div>\r\n\t\t\t\t\t\t<\/div>\r\n\t\t\t\t\t<\/div>\r\n\t\t\t\t\t\t\t\t\t\t\t<\/div>\r\n\t\t\t\t\t\t\t\t\t\t<\/div>\r\n\t\t\t\t\t\t\t\t\t<\/a>\r\n\t\t\t\t\t<\/div>\r\n\t\t\t\t\t\t\t\t\t\t<div class=\"container_vignette swiper-slide fix_height\">\r\n\t\t\t\t\t\t\t\t\t\t\t\t<a href=\"https:\/\/www.sacmo.com\/fr\/nos-machines-de-conditionnement\/marqueurs-laser\/\" >\r\n\t\t\t\t\t\t\t\t\t\t\t\t\t\t<div class=\"display_bock_height\">\r\n\t\t\t\t\t\t\t\t\t\t<div class=\"vignette\" style=\"background-image: url(https:\/\/www.sacmo.com\/fr\/wp-content\/uploads\/2021\/04\/015-MODULE-DE-MARQUAGE-LASER-ET-ETIQUETAGE-1-768x432.png)\">\r\n\t\t\t\t<div class=\"filter \" style=\"background-color: #b91b1d; background-image: url(https:\/\/www.sacmo.com\/fr\/wp-content\/uploads\/2021\/04\/015-MODULE-DE-MARQUAGE-LASER-ET-ETIQUETAGE-1-768x432.png) \"><\/div>\r\n\t\t\t\t\t\t\t\t\t<div class=\"container_texte\">\r\n\t\t\t\t\t\t<div class=\"container_titre white\" >\r\n\t\t\t\t\t\t\t<span>Marqueur laser<\/span>\r\n\t\t\t\t\t\t<\/div>\r\n\t\t\t\t\t<\/div>\r\n\t\t\t\t\t\t\t\t\t\t\t\t\t<div class=\"container_button white\">\r\n\t\t\t\t\t\t<div class=\"body_button\">\r\n\t\t\t\t\t\t\t<div class=\"button\">\r\n\t\t\t\t\t\t\t\t<span><\/span>\r\n\t\t\t\t\t\t\t\t<span><\/span>\r\n\t\t\t\t\t\t\t<\/div>\r\n\t\t\t\t\t\t<\/div>\r\n\t\t\t\t\t<\/div>\r\n\t\t\t\t\t\t\t\t\t\t\t<\/div>\r\n\t\t\t\t\t\t\t\t\t\t<\/div>\r\n\t\t\t\t\t\t\t\t\t<\/a>\r\n\t\t\t\t\t<\/div>\r\n\t\t\t\t\t\t\t\t\t\t<div class=\"container_vignette swiper-slide fix_height\">\r\n\t\t\t\t\t\t\t\t\t\t\t\t<a href=\"https:\/\/www.sacmo.com\/fr\/nos-machines-de-conditionnement\/palettiseurs\/\" >\r\n\t\t\t\t\t\t\t\t\t\t\t\t\t\t<div class=\"display_bock_height\">\r\n\t\t\t\t\t\t\t\t\t\t<div class=\"vignette\" style=\"background-image: url(https:\/\/www.sacmo.com\/fr\/wp-content\/uploads\/2021\/04\/palettiseur_sacmo-1-768x432.jpg)\">\r\n\t\t\t\t<div class=\"filter \" style=\"background-color: #b91b1d; background-image: url(https:\/\/www.sacmo.com\/fr\/wp-content\/uploads\/2021\/04\/palettiseur_sacmo-1-768x432.jpg) \"><\/div>\r\n\t\t\t\t\t\t\t\t\t<div class=\"container_texte\">\r\n\t\t\t\t\t\t<div class=\"container_titre white\" >\r\n\t\t\t\t\t\t\t<span>Palettiseur<\/span>\r\n\t\t\t\t\t\t<\/div>\r\n\t\t\t\t\t<\/div>\r\n\t\t\t\t\t\t\t\t\t\t\t\t\t<div class=\"container_button white\">\r\n\t\t\t\t\t\t<div class=\"body_button\">\r\n\t\t\t\t\t\t\t<div class=\"button\">\r\n\t\t\t\t\t\t\t\t<span><\/span>\r\n\t\t\t\t\t\t\t\t<span><\/span>\r\n\t\t\t\t\t\t\t<\/div>\r\n\t\t\t\t\t\t<\/div>\r\n\t\t\t\t\t<\/div>\r\n\t\t\t\t\t\t\t\t\t\t\t<\/div>\r\n\t\t\t\t\t\t\t\t\t\t<\/div>\r\n\t\t\t\t\t\t\t\t\t<\/a>\r\n\t\t\t\t\t<\/div>\r\n\t\t\t\t<\/div>\r\n\t<\/div>\r\n\t<div class=\"swiper-button-next\">\r\n\t\t<div class=\"container_nav_next\">\r\n\t\t\t<div class=\"nav_next\">\r\n\t\t\t\t<span><\/span>\r\n\t\t\t<\/div>\r\n\t\t<\/div>\r\n\t<\/div>\r\n\t<div class=\"swiper-button-prev\">\r\n\t\t<div class=\"container_nav_prev\">\r\n\t\t\t<div class=\"nav_prev\">\r\n\t\t\t\t<span><\/span>\r\n\t\t\t<\/div>\r\n\t\t<\/div>\r\n\t<\/div>\r\n\t<div class=\"container_vignettes-pagination\"><\/div>\r\n\r\n\t<div class=\"fond_popup_image fond_popup_vignette\"><\/div>\r\n\t<div id=\"popup_image\" class=\"popup_vignette\">\r\n\t\t<div class=\"container-prevPopup\"><div class=\"prevPopup\"><\/div><\/div>\r\n\t\t<div class=\"container-nextPopup\"><div class=\"nextPopup\"><\/div><\/div>\r\n\t\t<div class=\"popup containerPopup\">\r\n\t\t\t<div class=\"container_exit\"><div class=\"exit\"><\/div><\/div>\r\n\t\t\t<div class=\"contenuPopup container\">\r\n\t\t\t\t<div class=\"row\">\r\n\t\t\t\t\t<div class=\"col-md-12\">\r\n\t\t\t\t\t\t<img decoding=\"async\" src=\"\">\r\n\t\t\t\t\t<\/div>\r\n\t\t\t\t<\/div>\r\n\t\t\t<\/div>\r\n\t\t<\/div>\r\n\t<\/div>\r\n<\/div>\r\n\r\n<\/div><\/div><\/div><\/div><\/div>","protected":false},"excerpt":{"rendered":"<p>Etiqueteuse avec contr\u00f4le par cam\u00e9ras S\u00e9curit\u00e9 et qualit\u00e9 garanties gr\u00e2ce cette \u00e9tiqueteuse automatique avec triple contr\u00f4le int\u00e9gr\u00e9. Sp\u00e9cialement con\u00e7ue pour [&hellip;]<\/p>\n","protected":false},"author":2,"featured_media":3600,"parent":3012,"menu_order":0,"comment_status":"closed","ping_status":"closed","template":"","meta":{"content-type":"","footnotes":""},"class_list":["post-3587","page","type-page","status-publish","has-post-thumbnail","hentry"],"_links":{"self":[{"href":"https:\/\/www.sacmo.com\/fr\/wp-json\/wp\/v2\/pages\/3587","targetHints":{"allow":["GET"]}}],"collection":[{"href":"https:\/\/www.sacmo.com\/fr\/wp-json\/wp\/v2\/pages"}],"about":[{"href":"https:\/\/www.sacmo.com\/fr\/wp-json\/wp\/v2\/types\/page"}],"author":[{"embeddable":true,"href":"https:\/\/www.sacmo.com\/fr\/wp-json\/wp\/v2\/users\/2"}],"replies":[{"embeddable":true,"href":"https:\/\/www.sacmo.com\/fr\/wp-json\/wp\/v2\/comments?post=3587"}],"version-history":[{"count":17,"href":"https:\/\/www.sacmo.com\/fr\/wp-json\/wp\/v2\/pages\/3587\/revisions"}],"predecessor-version":[{"id":3609,"href":"https:\/\/www.sacmo.com\/fr\/wp-json\/wp\/v2\/pages\/3587\/revisions\/3609"}],"up":[{"embeddable":true,"href":"https:\/\/www.sacmo.com\/fr\/wp-json\/wp\/v2\/pages\/3012"}],"wp:featuredmedia":[{"embeddable":true,"href":"https:\/\/www.sacmo.com\/fr\/wp-json\/wp\/v2\/media\/3600"}],"wp:attachment":[{"href":"https:\/\/www.sacmo.com\/fr\/wp-json\/wp\/v2\/media?parent=3587"}],"curies":[{"name":"wp","href":"https:\/\/api.w.org\/{rel}","templated":true}]}}