{"id":3311,"date":"2021-07-02T11:59:42","date_gmt":"2021-07-02T09:59:42","guid":{"rendered":"https:\/\/www.sacmo.com\/fr\/?page_id=3311"},"modified":"2021-07-12T12:16:27","modified_gmt":"2021-07-12T10:16:27","slug":"remplisseuse-monobloc-pour-pots","status":"publish","type":"page","link":"https:\/\/www.sacmo.com\/fr\/nos-machines-de-conditionnement\/remplisseuse\/remplisseuse-monobloc-pour-pots\/","title":{"rendered":"Remplisseuse monobloc pour pots"},"content":{"rendered":"<div id=\"pl-3311\"  class=\"panel-layout\" ><div id=\"pg-3311-0\"  class=\"panel-grid panel-has-style\" ><div class=\"panel-row-style panel-row-style-for-3311-0\" ><div id=\"pgc-3311-0-0\"  class=\"panel-grid-cell\" ><div id=\"panel-3311-0-0-0\" class=\"so-panel widget widget_smartheme_titre_widget panel-first-child\" data-index=\"0\" ><div\n\t\t\t\n\t\t\tclass=\"so-widget-smartheme_titre_widget so-widget-smartheme_titre_widget-default-d75171398898-3311\"\n\t\t\t\n\t\t><div class=\"container_titre left\">\n\t<div class=\"titre\">\n\t\t\t\t<h2>Remplisseuse monobloc haute cadence pour pots cosm\u00e9tique<\/h2>\n\t<\/div>\n\t<\/div><\/div><\/div><div id=\"panel-3311-0-0-1\" class=\"so-panel widget widget_editeur panel-last-child\" data-index=\"1\" ><div\n\t\t\t\n\t\t\tclass=\"so-widget-editeur so-widget-editeur-base\"\n\t\t\t\n\t\t>\t\t\t<div class=\"smarttheme_editeur\">\n\t\t<p>Cette remplisseuse enti\u00e8rement automatique rassemble les fonctions de d\u00e9poussi\u00e9rage des contenants, de remplissage, de d\u00e9pose topettes, de vissage des capots ou des couvercles et de gravage laser. En int\u00e9grant des \u00e9quipements m\u00e9catroniques ultra-performants, cette remplisseuse-visseuse a la capacit\u00e9 de conditionner environ 120 pots par minute. Le point fort principal de cette machine r\u00e9side dans le syst\u00e8me de remplissage qui permet de transf\u00e9rer la mati\u00e8re pendant la rotation du pot. La distribution de la cr\u00e8me dans le pot est ainsi parfaitement homog\u00e8ne. Pour une flexibilit\u00e9 totale, les becs de remplissage sont mont\u00e9s directement sur un robot. Ce monobloc a \u00e9t\u00e9 con\u00e7u de fa\u00e7on \u00e0 simplifier au maximum le changement de format de produits. L\u2019acc\u00e8s aux pompes de remplissage est ergonomique afin de r\u00e9duire les contraintes notamment lors du changement des pompes ou le nettoyage des lasers.<\/p>\n<\/div>\n<\/div><\/div><\/div><div id=\"pgc-3311-0-1\"  class=\"panel-grid-cell\" ><div id=\"panel-3311-0-1-0\" class=\"so-panel widget widget_smart-image panel-first-child panel-last-child\" data-index=\"2\" ><div\n\t\t\t\n\t\t\tclass=\"so-widget-smart-image so-widget-smart-image-default-40cd750bba98-3311\"\n\t\t\t\n\t\t><div class=\"sow-image-container\">\n\t<div class=\"containerSmartImage center-center   ajuster\"><div class=\"chargementSmartImage\"><div class=\"containerLoader\"><div class=\"loader\"><\/div><\/div><\/div><div style=\"background-image: url(https:\/\/www.sacmo.com\/fr\/wp-content\/uploads\/2021\/07\/Remplisseuse-pot02-768x512.jpg);\" class=\"smartImage carre \"><\/div><\/div>\t<\/div>\n\n<\/div><\/div><\/div><\/div><\/div><div id=\"pg-3311-1\"  class=\"panel-grid panel-has-style\" ><div class=\"panel-row-style panel-row-style-for-3311-1\" ><div id=\"pgc-3311-1-0\"  class=\"panel-grid-cell\" ><div id=\"panel-3311-1-0-0\" class=\"so-panel widget widget_smartheme_titre_widget panel-first-child panel-last-child\" data-index=\"3\" ><div\n\t\t\t\n\t\t\tclass=\"so-widget-smartheme_titre_widget so-widget-smartheme_titre_widget-default-d75171398898-3311\"\n\t\t\t\n\t\t><div class=\"container_titre left\">\n\t<div class=\"titre\">\n\t\t\t\t<h2>FONCTIONS DISPONIBLES<\/h2>\n\t<\/div>\n\t<\/div><\/div><\/div><\/div><\/div><\/div><div id=\"pg-3311-2\"  class=\"panel-grid panel-no-style\" ><div id=\"pgc-3311-2-0\"  class=\"panel-grid-cell\" ><div id=\"panel-3311-2-0-0\" class=\"so-panel widget widget_editeur panel-first-child panel-last-child\" data-index=\"4\" ><div\n\t\t\t\n\t\t\tclass=\"so-widget-editeur so-widget-editeur-base\"\n\t\t\t\n\t\t>\t\t\t<div class=\"smarttheme_editeur\">\n\t\t<ul>\n<li><span style=\"color: #b91b1d; font-size: 18px;\"><strong>NETTOYER<\/strong><\/span><\/li>\n<\/ul>\n<p>Un syst\u00e8me de soufflage et aspiration d\u00e9poussi\u00e8re l\u2019int\u00e9rieur des contenants avant leur entr\u00e9e dans la remplisseuse.<\/p>\n<\/div>\n<\/div><\/div><\/div><div id=\"pgc-3311-2-1\"  class=\"panel-grid-cell\" ><div id=\"panel-3311-2-1-0\" class=\"so-panel widget widget_editeur panel-first-child panel-last-child\" data-index=\"5\" ><div\n\t\t\t\n\t\t\tclass=\"so-widget-editeur so-widget-editeur-base\"\n\t\t\t\n\t\t>\t\t\t<div class=\"smarttheme_editeur\">\n\t\t<ul>\n<li><span style=\"color: #b91b1d; font-size: 18px;\"><strong>REMPLIR<\/strong><\/span><\/li>\n<\/ul>\n<p>Chaque contenant est rempli en rotation afin d\u2019assurer un remplissage homog\u00e8ne et pr\u00e9cis. Un ensemble de becs et pompe est sp\u00e9cialement adapt\u00e9 \u00e0 la viscosit\u00e9 de la mati\u00e8re \u00e0 transf\u00e9rer.<\/p>\n<\/div>\n<\/div><\/div><\/div><div id=\"pgc-3311-2-2\"  class=\"panel-grid-cell\" ><div id=\"panel-3311-2-2-0\" class=\"so-panel widget widget_editeur panel-first-child panel-last-child\" data-index=\"6\" ><div\n\t\t\t\n\t\t\tclass=\"so-widget-editeur so-widget-editeur-base\"\n\t\t\t\n\t\t>\t\t\t<div class=\"smarttheme_editeur\">\n\t\t<ul>\n<li><span style=\"color: #b91b1d; font-size: 18px;\"><strong>PROTEGER<\/strong><\/span><\/li>\n<\/ul>\n<p>Un poste de d\u00e9pose-objet permet de positionner une topette entre le pot et le couvercle ou le capot.<\/p>\n<\/div>\n<\/div><\/div><\/div><\/div><div id=\"pg-3311-3\"  class=\"panel-grid panel-no-style\" ><div id=\"pgc-3311-3-0\"  class=\"panel-grid-cell\" ><div id=\"panel-3311-3-0-0\" class=\"so-panel widget widget_editeur panel-first-child panel-last-child\" data-index=\"7\" ><div\n\t\t\t\n\t\t\tclass=\"so-widget-editeur so-widget-editeur-base\"\n\t\t\t\n\t\t>\t\t\t<div class=\"smarttheme_editeur\">\n\t\t<ul>\n<li><span style=\"color: #b91b1d; font-size: 18px;\"><strong>FERMER<\/strong><\/span><\/li>\n<\/ul>\n<p>Chaque capot est saisi et engag\u00e9 dans le filet de vissage du pot sur un premier poste puis le pot est herm\u00e9tiquement ferm\u00e9 au poste de vissage.<\/p>\n<\/div>\n<\/div><\/div><\/div><div id=\"pgc-3311-3-1\"  class=\"panel-grid-cell\" ><div id=\"panel-3311-3-1-0\" class=\"so-panel widget widget_editeur panel-first-child panel-last-child\" data-index=\"8\" ><div\n\t\t\t\n\t\t\tclass=\"so-widget-editeur so-widget-editeur-base\"\n\t\t\t\n\t\t>\t\t\t<div class=\"smarttheme_editeur\">\n\t\t<ul>\n<li><span style=\"color: #b91b1d; font-size: 18px;\"><strong>IDENTIFIER<\/strong><\/span><\/li>\n<\/ul>\n<p>Un poste de marquage laser grave les informations de tra\u00e7abilit\u00e9 sur les produits pour faciliter le contr\u00f4le qualit\u00e9. Le marqueur laser est mont\u00e9 sur tiroir coulissant afin de faciliter l\u2019entretien.<\/p>\n<\/div>\n<\/div><\/div><\/div><div id=\"pgc-3311-3-2\"  class=\"panel-grid-cell\" ><div id=\"panel-3311-3-2-0\" class=\"so-panel widget widget_editeur panel-first-child panel-last-child\" data-index=\"9\" ><div\n\t\t\t\n\t\t\tclass=\"so-widget-editeur so-widget-editeur-base\"\n\t\t\t\n\t\t>\t\t\t<div class=\"smarttheme_editeur\">\n\t\t<ul>\n<li><span style=\"color: #b91b1d; font-size: 16px;\"><strong><span style=\"font-size: 18px;\">SIMPLIFIER<\/span><br \/>\n<\/strong><\/span><\/li>\n<\/ul>\n<p>Chaque poste a \u00e9t\u00e9 con\u00e7u en privil\u00e9giant l\u2019ergonomie des op\u00e9rateurs. Les changements de formats et les protocoles de maintenance sont facilement r\u00e9alisables.<\/p>\n<\/div>\n<\/div><\/div><\/div><\/div><div id=\"pg-3311-4\"  class=\"panel-grid panel-has-style\" ><div class=\"panel-row-style panel-row-style-for-3311-4\" ><div id=\"pgc-3311-4-0\"  class=\"panel-grid-cell\" ><div id=\"panel-3311-4-0-0\" class=\"so-panel widget widget_smart-image panel-first-child\" data-index=\"10\" ><div\n\t\t\t\n\t\t\tclass=\"so-widget-smart-image so-widget-smart-image-default-40cd750bba98-3311\"\n\t\t\t\n\t\t><div class=\"sow-image-container\">\n\t<div class=\"containerSmartImage center-center   \"><div style=\"background-image:url(https:\/\/www.sacmo.com\/fr\/wp-content\/uploads\/2021\/07\/ADSC06052-1-768x432.jpg);\" class=\"smartImage verticale center-center\"><\/div><\/div>\t<\/div>\n\n<\/div><\/div><div id=\"panel-3311-4-0-1\" class=\"so-panel widget widget_editeur\" data-index=\"11\" ><div\n\t\t\t\n\t\t\tclass=\"so-widget-editeur so-widget-editeur-base\"\n\t\t\t\n\t\t>\t\t\t<div class=\"smarttheme_editeur\">\n\t\t<p style=\"text-align: left;\"><span style=\"font-size: 14pt;\"><strong>Vous souhaitez d\u2019autres fonctions ? Nous \u00e9tudions votre projet.<\/strong><\/span><\/p>\n<\/div>\n<\/div><\/div><div id=\"panel-3311-4-0-2\" class=\"so-panel widget widget_bouton panel-last-child\" data-index=\"12\" ><div\n\t\t\t\n\t\t\tclass=\"so-widget-bouton so-widget-bouton-default-40cd750bba98-3311\"\n\t\t\t\n\t\t><div class=\"container_btn gauche\">\r\n\t\t<a href=\"https:\/\/www.sacmo.com\/fr\/contact\/\">\t\r\n\t\t\t<div class=\"btn rouge\">\r\n\t\t\t<span>Contactez-nous<\/span>\r\n\t\t<\/div>\r\n\t<\/a>\r\n<\/div>\r\n<\/div><\/div><\/div><div id=\"pgc-3311-4-1\"  class=\"panel-grid-cell\" ><div id=\"panel-3311-4-1-0\" class=\"so-panel widget widget_smart-image panel-first-child panel-last-child\" data-index=\"13\" ><div\n\t\t\t\n\t\t\tclass=\"so-widget-smart-image so-widget-smart-image-default-40cd750bba98-3311\"\n\t\t\t\n\t\t><div class=\"sow-image-container\">\n\t<div class=\"containerSmartImage center-center   \"><div style=\"background-image:url(https:\/\/www.sacmo.com\/fr\/wp-content\/uploads\/2021\/07\/ADSC06074l-768x432.jpg);\" class=\"smartImage verticale center-center\"><\/div><\/div>\t<\/div>\n\n<\/div><\/div><\/div><\/div><\/div><div id=\"pg-3311-5\"  class=\"panel-grid panel-has-style\" ><div class=\"panel-row-style panel-row-style-for-3311-5\" ><div id=\"pgc-3311-5-0\"  class=\"panel-grid-cell\" ><div id=\"panel-3311-5-0-0\" class=\"so-panel widget widget_smart-image panel-first-child panel-last-child\" data-index=\"14\" ><div\n\t\t\t\n\t\t\tclass=\"so-widget-smart-image so-widget-smart-image-default-40cd750bba98-3311\"\n\t\t\t\n\t\t><div class=\"sow-image-container\">\n\t<div class=\"containerSmartImage center-center   ajuster\"><div class=\"chargementSmartImage\"><div class=\"containerLoader\"><div class=\"loader\"><\/div><\/div><\/div><div style=\"background-image: url(https:\/\/www.sacmo.com\/fr\/wp-content\/uploads\/2021\/07\/ADSC06010_1-768x432.jpg);\" class=\"smartImage carre \"><\/div><\/div>\t<\/div>\n\n<\/div><\/div><\/div><div id=\"pgc-3311-5-1\"  class=\"panel-grid-cell\" ><div id=\"panel-3311-5-1-0\" class=\"so-panel widget widget_avantages panel-first-child\" data-index=\"15\" ><div\n\t\t\t\n\t\t\tclass=\"so-widget-avantages so-widget-avantages-default-40cd750bba98-3311\"\n\t\t\t\n\t\t><div class=\"container_avantages\">\r\n\t<div class=\"avantages\">\r\n\t\t<span class=\"plus\">+<\/span>\r\n\t\t<span class=\"plus_min\">+<\/span>\r\n\t\t<div class=\"container_titre\">\r\n\t\t\t<h2>Avantages<\/h2>\r\n\t\t<\/div>\r\n\t\t<div class=\"container_liste_avantages\">\r\n\t\t\t<div class=\"liste_avantage\">\r\n\t\t\t\t<ul>\n<li>Ligne cosm\u00e9tique monobloc automatique<\/li>\n<li>Cadence de 120 upm<\/li>\n<li>Remplissage pr\u00e9cis et homog\u00e8ne<\/li>\n<li>Changement de format rapide<\/li>\n<\/ul>\n\t\t\t<\/div>\r\n\t\t<\/div>\r\n\t<\/div>\r\n<\/div><\/div><\/div><div id=\"panel-3311-5-1-1\" class=\"so-panel widget widget_smartheme_titre_widget\" data-index=\"16\" ><div\n\t\t\t\n\t\t\tclass=\"so-widget-smartheme_titre_widget so-widget-smartheme_titre_widget-default-d75171398898-3311\"\n\t\t\t\n\t\t><div class=\"container_titre left\">\n\t<div class=\"titre\">\n\t\t\t\t<h2>APPLICATIONS<\/h2>\n\t<\/div>\n\t<\/div><\/div><\/div><div id=\"panel-3311-5-1-2\" class=\"so-panel widget widget_editeur panel-last-child\" data-index=\"17\" ><div\n\t\t\t\n\t\t\tclass=\"so-widget-editeur so-widget-editeur-base\"\n\t\t\t\n\t\t>\t\t\t<div class=\"smarttheme_editeur\">\n\t\t<ul>\n<li>Pots<\/li>\n<li>Pots ronds<\/li>\n<li>Pots carr\u00e9s<\/li>\n<li>Pots asym\u00e9triques<\/li>\n<li>Flacons<\/li>\n<li>Contenants en verre<\/li>\n<li>Contenants en plastique<\/li>\n<\/ul>\n<\/div>\n<\/div><\/div><\/div><\/div><\/div><div id=\"pg-3311-6\"  class=\"panel-grid panel-has-style\" ><div class=\"panel-row-style panel-row-style-for-3311-6\" ><div id=\"pgc-3311-6-0\"  class=\"panel-grid-cell\" ><div id=\"panel-3311-6-0-0\" class=\"so-panel widget widget_smartheme_titre_widget panel-first-child\" data-index=\"18\" ><div\n\t\t\t\n\t\t\tclass=\"so-widget-smartheme_titre_widget so-widget-smartheme_titre_widget-default-d75171398898-3311\"\n\t\t\t\n\t\t><div class=\"container_titre left\">\n\t<div class=\"titre\">\n\t\t\t\t\t\t\t\t <div class=\"container_picto\">\n\t\t\t \t<div class=\"picto\" style=\"background-image: url(https:\/\/www.sacmo.com\/fr\/wp-content\/uploads\/2021\/06\/play-1173551.svg)\"><\/div>\n\t\t\t <\/div>\n\t\t\t\t<h2>D\u00c9MONSTRATION EN VID\u00c9O<\/h2>\n\t<\/div>\n\t<\/div><\/div><\/div><div id=\"panel-3311-6-0-1\" class=\"so-panel widget widget_media_video panel-last-child\" data-index=\"19\" ><div style=\"width:100%;\" class=\"wp-video\"><!--[if lt IE 9]><script>document.createElement('video');<\/script><![endif]-->\n<video class=\"wp-video-shortcode\" id=\"video-3311-1\" preload=\"metadata\" controls=\"controls\"><source type=\"video\/youtube\" src=\"https:\/\/www.youtube.com\/watch?v=ouiQDlaujzM&#038;_=1\" \/><a href=\"https:\/\/www.youtube.com\/watch?v=ouiQDlaujzM\">https:\/\/www.youtube.com\/watch?v=ouiQDlaujzM<\/a><\/video><\/div><\/div><\/div><\/div><\/div><div id=\"pg-3311-7\"  class=\"panel-grid panel-no-style\" ><div id=\"pgc-3311-7-0\"  class=\"panel-grid-cell\" ><div id=\"panel-3311-7-0-0\" class=\"so-panel widget widget_smartheme_titre_widget panel-first-child\" data-index=\"20\" ><div\n\t\t\t\n\t\t\tclass=\"so-widget-smartheme_titre_widget so-widget-smartheme_titre_widget-default-d75171398898-3311\"\n\t\t\t\n\t\t><div class=\"container_titre center\">\n\t<div class=\"titre\">\n\t\t\t\t<h2>Ces solutions peuvent vous int\u00e9resser\u2026<\/h2>\n\t<\/div>\n\t<\/div><\/div><\/div><div id=\"panel-3311-7-0-1\" class=\"so-panel widget widget_vignette panel-last-child\" data-index=\"21\" ><div\n\t\t\t\n\t\t\tclass=\"so-widget-vignette so-widget-vignette-default-40cd750bba98-3311\"\n\t\t\t\n\t\t><div class=\"container_vignettes\">\r\n\t<div class=\"swiper-container\">\r\n\t\t<div class=\"swiper-wrapper\">\t\r\n\t\t\t\t\t\t\t\t\t\t<div class=\"container_vignette swiper-slide fix_height\">\r\n\t\t\t\t\t\t\t\t\t\t\t\t<a href=\"https:\/\/www.sacmo.com\/fr\/nos-machines-de-conditionnement\/distributeurs\/\" >\r\n\t\t\t\t\t\t\t\t\t\t\t\t\t\t<div class=\"display_bock_height\">\r\n\t\t\t\t\t\t\t\t\t\t<div class=\"vignette\" style=\"background-image: url(https:\/\/www.sacmo.com\/fr\/wp-content\/uploads\/2021\/04\/devracage_sacmo-1-768x432.png)\">\r\n\t\t\t\t<div class=\"filter \" style=\"background-color: #b91b1d; background-image: url(https:\/\/www.sacmo.com\/fr\/wp-content\/uploads\/2021\/04\/devracage_sacmo-1-768x432.png) \"><\/div>\r\n\t\t\t\t\t\t\t\t\t<div class=\"container_texte\">\r\n\t\t\t\t\t\t<div class=\"container_titre white\" >\r\n\t\t\t\t\t\t\t<span>Distributeur<\/span>\r\n\t\t\t\t\t\t<\/div>\r\n\t\t\t\t\t<\/div>\r\n\t\t\t\t\t\t\t\t\t\t\t\t\t<div class=\"container_button white\">\r\n\t\t\t\t\t\t<div class=\"body_button\">\r\n\t\t\t\t\t\t\t<div class=\"button\">\r\n\t\t\t\t\t\t\t\t<span><\/span>\r\n\t\t\t\t\t\t\t\t<span><\/span>\r\n\t\t\t\t\t\t\t<\/div>\r\n\t\t\t\t\t\t<\/div>\r\n\t\t\t\t\t<\/div>\r\n\t\t\t\t\t\t\t\t\t\t\t<\/div>\r\n\t\t\t\t\t\t\t\t\t\t<\/div>\r\n\t\t\t\t\t\t\t\t\t<\/a>\r\n\t\t\t\t\t<\/div>\r\n\t\t\t\t\t\t\t\t\t\t<div class=\"container_vignette swiper-slide fix_height\">\r\n\t\t\t\t\t\t\t\t\t\t\t\t<a href=\"https:\/\/www.sacmo.com\/fr\/nos-machines-de-conditionnement\/manipulateur\/\" >\r\n\t\t\t\t\t\t\t\t\t\t\t\t\t\t<div class=\"display_bock_height\">\r\n\t\t\t\t\t\t\t\t\t\t<div class=\"vignette\" style=\"background-image: url(https:\/\/www.sacmo.com\/fr\/wp-content\/uploads\/2021\/04\/manipulateur_boucheuse_sacmo-1-768x480.png)\">\r\n\t\t\t\t<div class=\"filter \" style=\"background-color: #b91b1d; background-image: url(https:\/\/www.sacmo.com\/fr\/wp-content\/uploads\/2021\/04\/manipulateur_boucheuse_sacmo-1-768x480.png) \"><\/div>\r\n\t\t\t\t\t\t\t\t\t<div class=\"container_texte\">\r\n\t\t\t\t\t\t<div class=\"container_titre white\" >\r\n\t\t\t\t\t\t\t<span>Manipulateur<\/span>\r\n\t\t\t\t\t\t<\/div>\r\n\t\t\t\t\t<\/div>\r\n\t\t\t\t\t\t\t\t\t\t\t\t\t<div class=\"container_button white\">\r\n\t\t\t\t\t\t<div class=\"body_button\">\r\n\t\t\t\t\t\t\t<div class=\"button\">\r\n\t\t\t\t\t\t\t\t<span><\/span>\r\n\t\t\t\t\t\t\t\t<span><\/span>\r\n\t\t\t\t\t\t\t<\/div>\r\n\t\t\t\t\t\t<\/div>\r\n\t\t\t\t\t<\/div>\r\n\t\t\t\t\t\t\t\t\t\t\t<\/div>\r\n\t\t\t\t\t\t\t\t\t\t<\/div>\r\n\t\t\t\t\t\t\t\t\t<\/a>\r\n\t\t\t\t\t<\/div>\r\n\t\t\t\t\t\t\t\t\t\t<div class=\"container_vignette swiper-slide fix_height\">\r\n\t\t\t\t\t\t\t\t\t\t\t\t<a href=\"https:\/\/www.sacmo.com\/fr\/nos-machines-de-conditionnement\/remplisseuses\/\" >\r\n\t\t\t\t\t\t\t\t\t\t\t\t\t\t<div class=\"display_bock_height\">\r\n\t\t\t\t\t\t\t\t\t\t<div class=\"vignette\" style=\"background-image: url(https:\/\/www.sacmo.com\/fr\/wp-content\/uploads\/2021\/04\/remplisseuse_lineaire_sacmo-1-768x432.png)\">\r\n\t\t\t\t<div class=\"filter \" style=\"background-color: #b91b1d; background-image: url(https:\/\/www.sacmo.com\/fr\/wp-content\/uploads\/2021\/04\/remplisseuse_lineaire_sacmo-1-768x432.png) \"><\/div>\r\n\t\t\t\t\t\t\t\t\t<div class=\"container_texte\">\r\n\t\t\t\t\t\t<div class=\"container_titre white\" >\r\n\t\t\t\t\t\t\t<span>Remplisseuse<\/span>\r\n\t\t\t\t\t\t<\/div>\r\n\t\t\t\t\t<\/div>\r\n\t\t\t\t\t\t\t\t\t\t\t\t\t<div class=\"container_button white\">\r\n\t\t\t\t\t\t<div class=\"body_button\">\r\n\t\t\t\t\t\t\t<div class=\"button\">\r\n\t\t\t\t\t\t\t\t<span><\/span>\r\n\t\t\t\t\t\t\t\t<span><\/span>\r\n\t\t\t\t\t\t\t<\/div>\r\n\t\t\t\t\t\t<\/div>\r\n\t\t\t\t\t<\/div>\r\n\t\t\t\t\t\t\t\t\t\t\t<\/div>\r\n\t\t\t\t\t\t\t\t\t\t<\/div>\r\n\t\t\t\t\t\t\t\t\t<\/a>\r\n\t\t\t\t\t<\/div>\r\n\t\t\t\t\t\t\t\t\t\t<div class=\"container_vignette swiper-slide fix_height\">\r\n\t\t\t\t\t\t\t\t\t\t\t\t<a href=\"https:\/\/www.sacmo.com\/fr\/nos-machines-de-conditionnement\/visseuses-boucheuses\/\" >\r\n\t\t\t\t\t\t\t\t\t\t\t\t\t\t<div class=\"display_bock_height\">\r\n\t\t\t\t\t\t\t\t\t\t<div class=\"vignette\" style=\"background-image: url(https:\/\/www.sacmo.com\/fr\/wp-content\/uploads\/2021\/04\/manipulateur_boucheuse_sacmo-1-768x480.png)\">\r\n\t\t\t\t<div class=\"filter \" style=\"background-color: #b91b1d; background-image: url(https:\/\/www.sacmo.com\/fr\/wp-content\/uploads\/2021\/04\/manipulateur_boucheuse_sacmo-1-768x480.png) \"><\/div>\r\n\t\t\t\t\t\t\t\t\t<div class=\"container_texte\">\r\n\t\t\t\t\t\t<div class=\"container_titre white\" >\r\n\t\t\t\t\t\t\t<span>Visseuse - boucheuse<\/span>\r\n\t\t\t\t\t\t<\/div>\r\n\t\t\t\t\t<\/div>\r\n\t\t\t\t\t\t\t\t\t\t\t\t\t<div class=\"container_button white\">\r\n\t\t\t\t\t\t<div class=\"body_button\">\r\n\t\t\t\t\t\t\t<div class=\"button\">\r\n\t\t\t\t\t\t\t\t<span><\/span>\r\n\t\t\t\t\t\t\t\t<span><\/span>\r\n\t\t\t\t\t\t\t<\/div>\r\n\t\t\t\t\t\t<\/div>\r\n\t\t\t\t\t<\/div>\r\n\t\t\t\t\t\t\t\t\t\t\t<\/div>\r\n\t\t\t\t\t\t\t\t\t\t<\/div>\r\n\t\t\t\t\t\t\t\t\t<\/a>\r\n\t\t\t\t\t<\/div>\r\n\t\t\t\t\t\t\t\t\t\t<div class=\"container_vignette swiper-slide fix_height\">\r\n\t\t\t\t\t\t\t\t\t\t\t\t<a href=\"https:\/\/www.sacmo.com\/fr\/nos-machines-de-conditionnement\/etiqueteuses\/\" >\r\n\t\t\t\t\t\t\t\t\t\t\t\t\t\t<div class=\"display_bock_height\">\r\n\t\t\t\t\t\t\t\t\t\t<div class=\"vignette\" style=\"background-image: url(https:\/\/www.sacmo.com\/fr\/wp-content\/uploads\/2021\/04\/encaisseuse_tubes2_sacmo-1-768x432.png)\">\r\n\t\t\t\t<div class=\"filter \" style=\"background-color: #b91b1d; background-image: url(https:\/\/www.sacmo.com\/fr\/wp-content\/uploads\/2021\/04\/encaisseuse_tubes2_sacmo-1-768x432.png) \"><\/div>\r\n\t\t\t\t\t\t\t\t\t<div class=\"container_texte\">\r\n\t\t\t\t\t\t<div class=\"container_titre white\" >\r\n\t\t\t\t\t\t\t<span>Etiqueteuse<\/span>\r\n\t\t\t\t\t\t<\/div>\r\n\t\t\t\t\t<\/div>\r\n\t\t\t\t\t\t\t\t\t\t\t\t\t<div class=\"container_button white\">\r\n\t\t\t\t\t\t<div class=\"body_button\">\r\n\t\t\t\t\t\t\t<div class=\"button\">\r\n\t\t\t\t\t\t\t\t<span><\/span>\r\n\t\t\t\t\t\t\t\t<span><\/span>\r\n\t\t\t\t\t\t\t<\/div>\r\n\t\t\t\t\t\t<\/div>\r\n\t\t\t\t\t<\/div>\r\n\t\t\t\t\t\t\t\t\t\t\t<\/div>\r\n\t\t\t\t\t\t\t\t\t\t<\/div>\r\n\t\t\t\t\t\t\t\t\t<\/a>\r\n\t\t\t\t\t<\/div>\r\n\t\t\t\t\t\t\t\t\t\t<div class=\"container_vignette swiper-slide fix_height\">\r\n\t\t\t\t\t\t\t\t\t\t\t\t<a href=\"https:\/\/www.sacmo.com\/fr\/nos-machines-de-conditionnement\/marqueurs-laser\/\" >\r\n\t\t\t\t\t\t\t\t\t\t\t\t\t\t<div class=\"display_bock_height\">\r\n\t\t\t\t\t\t\t\t\t\t<div class=\"vignette\" style=\"background-image: url(https:\/\/www.sacmo.com\/fr\/wp-content\/uploads\/2021\/04\/015-MODULE-DE-MARQUAGE-LASER-ET-ETIQUETAGE-1-768x432.png)\">\r\n\t\t\t\t<div class=\"filter \" style=\"background-color: #b91b1d; background-image: url(https:\/\/www.sacmo.com\/fr\/wp-content\/uploads\/2021\/04\/015-MODULE-DE-MARQUAGE-LASER-ET-ETIQUETAGE-1-768x432.png) \"><\/div>\r\n\t\t\t\t\t\t\t\t\t<div class=\"container_texte\">\r\n\t\t\t\t\t\t<div class=\"container_titre white\" >\r\n\t\t\t\t\t\t\t<span>Marqueur laser<\/span>\r\n\t\t\t\t\t\t<\/div>\r\n\t\t\t\t\t<\/div>\r\n\t\t\t\t\t\t\t\t\t\t\t\t\t<div class=\"container_button white\">\r\n\t\t\t\t\t\t<div class=\"body_button\">\r\n\t\t\t\t\t\t\t<div class=\"button\">\r\n\t\t\t\t\t\t\t\t<span><\/span>\r\n\t\t\t\t\t\t\t\t<span><\/span>\r\n\t\t\t\t\t\t\t<\/div>\r\n\t\t\t\t\t\t<\/div>\r\n\t\t\t\t\t<\/div>\r\n\t\t\t\t\t\t\t\t\t\t\t<\/div>\r\n\t\t\t\t\t\t\t\t\t\t<\/div>\r\n\t\t\t\t\t\t\t\t\t<\/a>\r\n\t\t\t\t\t<\/div>\r\n\t\t\t\t\t\t\t\t\t\t<div class=\"container_vignette swiper-slide fix_height\">\r\n\t\t\t\t\t\t\t\t\t\t\t\t<a href=\"https:\/\/www.sacmo.com\/fr\/nos-machines-de-conditionnement\/palettiseurs\/\" >\r\n\t\t\t\t\t\t\t\t\t\t\t\t\t\t<div class=\"display_bock_height\">\r\n\t\t\t\t\t\t\t\t\t\t<div class=\"vignette\" style=\"background-image: url(https:\/\/www.sacmo.com\/fr\/wp-content\/uploads\/2021\/04\/palettiseur_sacmo-1-768x432.jpg)\">\r\n\t\t\t\t<div class=\"filter \" style=\"background-color: #b91b1d; background-image: url(https:\/\/www.sacmo.com\/fr\/wp-content\/uploads\/2021\/04\/palettiseur_sacmo-1-768x432.jpg) \"><\/div>\r\n\t\t\t\t\t\t\t\t\t<div class=\"container_texte\">\r\n\t\t\t\t\t\t<div class=\"container_titre white\" >\r\n\t\t\t\t\t\t\t<span>Palettiseur<\/span>\r\n\t\t\t\t\t\t<\/div>\r\n\t\t\t\t\t<\/div>\r\n\t\t\t\t\t\t\t\t\t\t\t\t\t<div class=\"container_button white\">\r\n\t\t\t\t\t\t<div class=\"body_button\">\r\n\t\t\t\t\t\t\t<div class=\"button\">\r\n\t\t\t\t\t\t\t\t<span><\/span>\r\n\t\t\t\t\t\t\t\t<span><\/span>\r\n\t\t\t\t\t\t\t<\/div>\r\n\t\t\t\t\t\t<\/div>\r\n\t\t\t\t\t<\/div>\r\n\t\t\t\t\t\t\t\t\t\t\t<\/div>\r\n\t\t\t\t\t\t\t\t\t\t<\/div>\r\n\t\t\t\t\t\t\t\t\t<\/a>\r\n\t\t\t\t\t<\/div>\r\n\t\t\t\t<\/div>\r\n\t<\/div>\r\n\t<div class=\"swiper-button-next\">\r\n\t\t<div class=\"container_nav_next\">\r\n\t\t\t<div class=\"nav_next\">\r\n\t\t\t\t<span><\/span>\r\n\t\t\t<\/div>\r\n\t\t<\/div>\r\n\t<\/div>\r\n\t<div class=\"swiper-button-prev\">\r\n\t\t<div class=\"container_nav_prev\">\r\n\t\t\t<div class=\"nav_prev\">\r\n\t\t\t\t<span><\/span>\r\n\t\t\t<\/div>\r\n\t\t<\/div>\r\n\t<\/div>\r\n\t<div class=\"container_vignettes-pagination\"><\/div>\r\n\r\n\t<div class=\"fond_popup_image fond_popup_vignette\"><\/div>\r\n\t<div id=\"popup_image\" class=\"popup_vignette\">\r\n\t\t<div class=\"container-prevPopup\"><div class=\"prevPopup\"><\/div><\/div>\r\n\t\t<div class=\"container-nextPopup\"><div class=\"nextPopup\"><\/div><\/div>\r\n\t\t<div class=\"popup containerPopup\">\r\n\t\t\t<div class=\"container_exit\"><div class=\"exit\"><\/div><\/div>\r\n\t\t\t<div class=\"contenuPopup container\">\r\n\t\t\t\t<div class=\"row\">\r\n\t\t\t\t\t<div class=\"col-md-12\">\r\n\t\t\t\t\t\t<img decoding=\"async\" src=\"\">\r\n\t\t\t\t\t<\/div>\r\n\t\t\t\t<\/div>\r\n\t\t\t<\/div>\r\n\t\t<\/div>\r\n\t<\/div>\r\n<\/div>\r\n\r\n<\/div><\/div><\/div><\/div><\/div>","protected":false},"excerpt":{"rendered":"<p>Remplisseuse monobloc haute cadence pour pots cosm\u00e9tique Cette remplisseuse enti\u00e8rement automatique rassemble les fonctions de d\u00e9poussi\u00e9rage des contenants, de remplissage, [&hellip;]<\/p>\n","protected":false},"author":2,"featured_media":3339,"parent":1528,"menu_order":0,"comment_status":"closed","ping_status":"closed","template":"","meta":{"content-type":"","footnotes":""},"class_list":["post-3311","page","type-page","status-publish","has-post-thumbnail","hentry"],"_links":{"self":[{"href":"https:\/\/www.sacmo.com\/fr\/wp-json\/wp\/v2\/pages\/3311","targetHints":{"allow":["GET"]}}],"collection":[{"href":"https:\/\/www.sacmo.com\/fr\/wp-json\/wp\/v2\/pages"}],"about":[{"href":"https:\/\/www.sacmo.com\/fr\/wp-json\/wp\/v2\/types\/page"}],"author":[{"embeddable":true,"href":"https:\/\/www.sacmo.com\/fr\/wp-json\/wp\/v2\/users\/2"}],"replies":[{"embeddable":true,"href":"https:\/\/www.sacmo.com\/fr\/wp-json\/wp\/v2\/comments?post=3311"}],"version-history":[{"count":25,"href":"https:\/\/www.sacmo.com\/fr\/wp-json\/wp\/v2\/pages\/3311\/revisions"}],"predecessor-version":[{"id":3331,"href":"https:\/\/www.sacmo.com\/fr\/wp-json\/wp\/v2\/pages\/3311\/revisions\/3331"}],"up":[{"embeddable":true,"href":"https:\/\/www.sacmo.com\/fr\/wp-json\/wp\/v2\/pages\/1528"}],"wp:featuredmedia":[{"embeddable":true,"href":"https:\/\/www.sacmo.com\/fr\/wp-json\/wp\/v2\/media\/3339"}],"wp:attachment":[{"href":"https:\/\/www.sacmo.com\/fr\/wp-json\/wp\/v2\/media?parent=3311"}],"curies":[{"name":"wp","href":"https:\/\/api.w.org\/{rel}","templated":true}]}}