{"id":3238,"date":"2021-06-24T11:30:09","date_gmt":"2021-06-24T09:30:09","guid":{"rendered":"https:\/\/www.sacmo.com\/fr\/?page_id=3238"},"modified":"2021-06-24T17:27:18","modified_gmt":"2021-06-24T15:27:18","slug":"palettiseur-robotise","status":"publish","type":"page","link":"https:\/\/www.sacmo.com\/fr\/nos-machines-de-conditionnement\/palettiseurs\/palettiseur-robotise\/","title":{"rendered":"Palettiseur robotis\u00e9"},"content":{"rendered":"<div id=\"pl-3238\"  class=\"panel-layout\" ><div id=\"pg-3238-0\"  class=\"panel-grid panel-has-style\" ><div class=\"panel-row-style panel-row-style-for-3238-0\" ><div id=\"pgc-3238-0-0\"  class=\"panel-grid-cell\" ><div id=\"panel-3238-0-0-0\" class=\"so-panel widget widget_smartheme_titre_widget panel-first-child\" data-index=\"0\" ><div\n\t\t\t\n\t\t\tclass=\"so-widget-smartheme_titre_widget so-widget-smartheme_titre_widget-default-d75171398898-3238\"\n\t\t\t\n\t\t><div class=\"container_titre left\">\n\t<div class=\"titre\">\n\t\t\t\t<h2>Palettiseur robotis\u00e9<\/h2>\n\t<\/div>\n\t<\/div><\/div><\/div><div id=\"panel-3238-0-0-1\" class=\"so-panel widget widget_editeur panel-last-child\" data-index=\"1\" ><div\n\t\t\t\n\t\t\tclass=\"so-widget-editeur so-widget-editeur-base\"\n\t\t\t\n\t\t>\t\t\t<div class=\"smarttheme_editeur\">\n\t\t<p>Le palettiseur robotis\u00e9 est une solution enti\u00e8rement automatique qui permet de ranger des cartons sur palette. Un \u00e9cran tactile permet de s\u00e9lectionner le format ou de changer les param\u00e8tres de palettisation. Cette cellule compacte int\u00e8gre un convoyeur d\u2019entr\u00e9e, un robot avec outil de pr\u00e9hension sur-mesure ainsi qu\u2019une zone de palettisation (simple ou double) et une armoire \u00e9lectrique compl\u00e8te. Tout le process de palettisation est s\u00e9curis\u00e9 par des \u00e9quipements tels que des barri\u00e8res immat\u00e9rielles, des arr\u00eats d\u2019urgence et des relais de s\u00e9curit\u00e9. Il est possible d\u2019adapter le palettiseur aux normes ATEX.<\/p>\n<\/div>\n<\/div><\/div><\/div><div id=\"pgc-3238-0-1\"  class=\"panel-grid-cell\" ><div id=\"panel-3238-0-1-0\" class=\"so-panel widget widget_smart-image panel-first-child panel-last-child\" data-index=\"2\" ><div\n\t\t\t\n\t\t\tclass=\"so-widget-smart-image so-widget-smart-image-default-40cd750bba98-3238\"\n\t\t\t\n\t\t><div class=\"sow-image-container\">\n\t<div class=\"containerSmartImage center-center   ajuster\"><div class=\"chargementSmartImage\"><div class=\"containerLoader\"><div class=\"loader\"><\/div><\/div><\/div><div style=\"background-image: url(https:\/\/www.sacmo.com\/fr\/wp-content\/uploads\/2021\/06\/Palettiseur-robotise002-768x1024.jpg);\" class=\"smartImage carre \"><\/div><\/div>\t<\/div>\n\n<\/div><\/div><\/div><\/div><\/div><div id=\"pg-3238-1\"  class=\"panel-grid panel-has-style\" ><div class=\"panel-row-style panel-row-style-for-3238-1\" ><div id=\"pgc-3238-1-0\"  class=\"panel-grid-cell\" ><div id=\"panel-3238-1-0-0\" class=\"so-panel widget widget_smartheme_titre_widget panel-first-child panel-last-child\" data-index=\"3\" ><div\n\t\t\t\n\t\t\tclass=\"so-widget-smartheme_titre_widget so-widget-smartheme_titre_widget-default-d75171398898-3238\"\n\t\t\t\n\t\t><div class=\"container_titre left\">\n\t<div class=\"titre\">\n\t\t\t\t<h2>FONCTIONS DISPONIBLES<\/h2>\n\t<\/div>\n\t<\/div><\/div><\/div><\/div><\/div><\/div><div id=\"pg-3238-2\"  class=\"panel-grid panel-no-style\" ><div id=\"pgc-3238-2-0\"  class=\"panel-grid-cell\" ><div id=\"panel-3238-2-0-0\" class=\"so-panel widget widget_editeur panel-first-child panel-last-child\" data-index=\"4\" ><div\n\t\t\t\n\t\t\tclass=\"so-widget-editeur so-widget-editeur-base\"\n\t\t\t\n\t\t>\t\t\t<div class=\"smarttheme_editeur\">\n\t\t<ul>\n<li><span style=\"color: #b91b1d; font-size: 18px;\"><strong>SAISIR<\/strong><\/span><\/li>\n<\/ul>\n<p>Prise des caisses par un pr\u00e9henseur adapt\u00e9 et r\u00e9alis\u00e9 sur-mesure.<\/p>\n<\/div>\n<\/div><\/div><\/div><div id=\"pgc-3238-2-1\"  class=\"panel-grid-cell\" ><div id=\"panel-3238-2-1-0\" class=\"so-panel widget widget_editeur panel-first-child panel-last-child\" data-index=\"5\" ><div\n\t\t\t\n\t\t\tclass=\"so-widget-editeur so-widget-editeur-base\"\n\t\t\t\n\t\t>\t\t\t<div class=\"smarttheme_editeur\">\n\t\t<ul>\n<li><span style=\"color: #b91b1d; font-size: 18px;\"><strong>POSITIONNER<\/strong><\/span><\/li>\n<\/ul>\n<p>Orientation et placement des caisses sur la palette.<\/p>\n<\/div>\n<\/div><\/div><\/div><div id=\"pgc-3238-2-2\"  class=\"panel-grid-cell\" ><div id=\"panel-3238-2-2-0\" class=\"so-panel widget widget_editeur panel-first-child panel-last-child\" data-index=\"6\" ><div\n\t\t\t\n\t\t\tclass=\"so-widget-editeur so-widget-editeur-base\"\n\t\t\t\n\t\t>\t\t\t<div class=\"smarttheme_editeur\">\n\t\t<ul>\n<li><span style=\"color: #b91b1d; font-size: 18px;\"><strong>CHANGER<\/strong><\/span><\/li>\n<\/ul>\n<p>Changement automatique entre le pr\u00e9henseur de caisse et celui de palette<\/p>\n<\/div>\n<\/div><\/div><\/div><div id=\"pgc-3238-2-3\"  class=\"panel-grid-cell\" ><div id=\"panel-3238-2-3-0\" class=\"so-panel widget widget_editeur panel-first-child panel-last-child\" data-index=\"7\" ><div\n\t\t\t\n\t\t\tclass=\"so-widget-editeur so-widget-editeur-base\"\n\t\t\t\n\t\t>\t\t\t<div class=\"smarttheme_editeur\">\n\t\t<ul>\n<li><span style=\"color: #b91b1d; font-size: 16px;\"><strong><span style=\"font-size: 18px;\">MANIPULER<\/span><br \/>\n<\/strong><\/span><\/li>\n<\/ul>\n<p>Prise et d\u00e9pose d\u2019intercalaires et de palette vide.<\/p>\n<\/div>\n<\/div><\/div><\/div><\/div><div id=\"pg-3238-3\"  class=\"panel-grid panel-has-style\" ><div class=\"panel-row-style panel-row-style-for-3238-3\" ><div id=\"pgc-3238-3-0\"  class=\"panel-grid-cell\" ><div id=\"panel-3238-3-0-0\" class=\"so-panel widget widget_editeur panel-first-child\" data-index=\"8\" ><div\n\t\t\t\n\t\t\tclass=\"so-widget-editeur so-widget-editeur-base\"\n\t\t\t\n\t\t>\t\t\t<div class=\"smarttheme_editeur\">\n\t\t<p style=\"text-align: left;\"><span style=\"font-size: 14pt;\"><strong>Vous souhaitez d\u2019autres fonctions ? Nous \u00e9tudions votre projet.<\/strong><\/span><\/p>\n<\/div>\n<\/div><\/div><div id=\"panel-3238-3-0-1\" class=\"so-panel widget widget_bouton panel-last-child\" data-index=\"9\" ><div\n\t\t\t\n\t\t\tclass=\"so-widget-bouton so-widget-bouton-default-40cd750bba98-3238\"\n\t\t\t\n\t\t><div class=\"container_btn gauche\">\r\n\t\t<a href=\"https:\/\/www.sacmo.com\/fr\/contact\/\">\t\r\n\t\t\t<div class=\"btn rouge\">\r\n\t\t\t<span>Contactez-nous<\/span>\r\n\t\t<\/div>\r\n\t<\/a>\r\n<\/div>\r\n<\/div><\/div><\/div><\/div><\/div><div id=\"pg-3238-4\"  class=\"panel-grid panel-has-style\" ><div class=\"panel-row-style panel-row-style-for-3238-4\" ><div id=\"pgc-3238-4-0\"  class=\"panel-grid-cell\" ><div id=\"panel-3238-4-0-0\" class=\"so-panel widget widget_avantages panel-first-child\" data-index=\"10\" ><div\n\t\t\t\n\t\t\tclass=\"so-widget-avantages so-widget-avantages-default-40cd750bba98-3238\"\n\t\t\t\n\t\t><div class=\"container_avantages\">\r\n\t<div class=\"avantages\">\r\n\t\t<span class=\"plus\">+<\/span>\r\n\t\t<span class=\"plus_min\">+<\/span>\r\n\t\t<div class=\"container_titre\">\r\n\t\t\t<h2>Avantages<\/h2>\r\n\t\t<\/div>\r\n\t\t<div class=\"container_liste_avantages\">\r\n\t\t\t<div class=\"liste_avantage\">\r\n\t\t\t\t<ul>\n<li>Pr\u00e9henseur adapt\u00e9 \u00e0 votre projet<\/li>\n<li>Palettisation enti\u00e8rement automatique<\/li>\n<li>Faible encombrement au sol<\/li>\n<li>Changement de format simple et rapide<\/li>\n<\/ul>\n\t\t\t<\/div>\r\n\t\t<\/div>\r\n\t<\/div>\r\n<\/div><\/div><\/div><div id=\"panel-3238-4-0-1\" class=\"so-panel widget widget_smartheme_titre_widget\" data-index=\"11\" ><div\n\t\t\t\n\t\t\tclass=\"so-widget-smartheme_titre_widget so-widget-smartheme_titre_widget-default-d75171398898-3238\"\n\t\t\t\n\t\t><div class=\"container_titre left\">\n\t<div class=\"titre\">\n\t\t\t\t<h2>APPLICATIONS<\/h2>\n\t<\/div>\n\t<\/div><\/div><\/div><div id=\"panel-3238-4-0-2\" class=\"so-panel widget widget_editeur panel-last-child\" data-index=\"12\" ><div\n\t\t\t\n\t\t\tclass=\"so-widget-editeur so-widget-editeur-base\"\n\t\t\t\n\t\t>\t\t\t<div class=\"smarttheme_editeur\">\n\t\t<ul>\n<li>Caisses<\/li>\n<li>Cartons<\/li>\n<li>Boites<\/li>\n<\/ul>\n<\/div>\n<\/div><\/div><\/div><div id=\"pgc-3238-4-1\"  class=\"panel-grid-cell\" ><div id=\"panel-3238-4-1-0\" class=\"so-panel widget widget_smart-image panel-first-child panel-last-child\" data-index=\"13\" ><div\n\t\t\t\n\t\t\tclass=\"so-widget-smart-image so-widget-smart-image-default-40cd750bba98-3238\"\n\t\t\t\n\t\t><div class=\"sow-image-container\">\n\t<div class=\"containerSmartImage center-center   ajuster\"><div class=\"chargementSmartImage\"><div class=\"containerLoader\"><div class=\"loader\"><\/div><\/div><\/div><div style=\"background-image: url(https:\/\/www.sacmo.com\/fr\/wp-content\/uploads\/2021\/06\/Palettiseur-robotise001-768x432.jpg);\" class=\"smartImage carre \"><\/div><\/div>\t<\/div>\n\n<\/div><\/div><\/div><\/div><\/div><div id=\"pg-3238-5\"  class=\"panel-grid panel-has-style\" ><div class=\"panel-row-style panel-row-style-for-3238-5\" ><div id=\"pgc-3238-5-0\"  class=\"panel-grid-cell\" ><div id=\"panel-3238-5-0-0\" class=\"so-panel widget widget_smartheme_titre_widget panel-first-child\" data-index=\"14\" ><div\n\t\t\t\n\t\t\tclass=\"so-widget-smartheme_titre_widget so-widget-smartheme_titre_widget-default-d75171398898-3238\"\n\t\t\t\n\t\t><div class=\"container_titre left\">\n\t<div class=\"titre\">\n\t\t\t\t\t\t\t\t <div class=\"container_picto\">\n\t\t\t \t<div class=\"picto\" style=\"background-image: url(https:\/\/www.sacmo.com\/fr\/wp-content\/uploads\/2021\/06\/play-1173551.svg)\"><\/div>\n\t\t\t <\/div>\n\t\t\t\t<h2>D\u00c9MONSTRATION EN VID\u00c9O<\/h2>\n\t<\/div>\n\t<\/div><\/div><\/div><div id=\"panel-3238-5-0-1\" class=\"so-panel widget widget_media_video panel-last-child\" data-index=\"15\" ><div style=\"width:100%;\" class=\"wp-video\"><!--[if lt IE 9]><script>document.createElement('video');<\/script><![endif]-->\n<video class=\"wp-video-shortcode\" id=\"video-3238-1\" preload=\"metadata\" controls=\"controls\"><source type=\"video\/youtube\" src=\"https:\/\/www.youtube.com\/watch?v=UWIQuQ8zyC0&#038;_=1\" \/><a href=\"https:\/\/www.youtube.com\/watch?v=UWIQuQ8zyC0\">https:\/\/www.youtube.com\/watch?v=UWIQuQ8zyC0<\/a><\/video><\/div><\/div><\/div><\/div><\/div><div id=\"pg-3238-6\"  class=\"panel-grid panel-no-style\" ><div id=\"pgc-3238-6-0\"  class=\"panel-grid-cell\" ><div id=\"panel-3238-6-0-0\" class=\"so-panel widget widget_smartheme_titre_widget panel-first-child\" data-index=\"16\" ><div\n\t\t\t\n\t\t\tclass=\"so-widget-smartheme_titre_widget so-widget-smartheme_titre_widget-default-d75171398898-3238\"\n\t\t\t\n\t\t><div class=\"container_titre center\">\n\t<div class=\"titre\">\n\t\t\t\t<h2>Ces solutions peuvent vous int\u00e9resser\u2026<\/h2>\n\t<\/div>\n\t<\/div><\/div><\/div><div id=\"panel-3238-6-0-1\" class=\"so-panel widget widget_vignette panel-last-child\" data-index=\"17\" ><div\n\t\t\t\n\t\t\tclass=\"so-widget-vignette so-widget-vignette-default-40cd750bba98-3238\"\n\t\t\t\n\t\t><div class=\"container_vignettes\">\r\n\t<div class=\"swiper-container\">\r\n\t\t<div class=\"swiper-wrapper\">\t\r\n\t\t\t\t\t\t\t\t\t\t<div class=\"container_vignette swiper-slide fix_height\">\r\n\t\t\t\t\t\t\t\t\t\t\t\t<a href=\"https:\/\/www.sacmo.com\/fr\/nos-machines-de-conditionnement\/distributeurs\/\" >\r\n\t\t\t\t\t\t\t\t\t\t\t\t\t\t<div class=\"display_bock_height\">\r\n\t\t\t\t\t\t\t\t\t\t<div class=\"vignette\" style=\"background-image: url(https:\/\/www.sacmo.com\/fr\/wp-content\/uploads\/2021\/04\/devracage_sacmo-1-768x432.png)\">\r\n\t\t\t\t<div class=\"filter \" style=\"background-color: #b91b1d; background-image: url(https:\/\/www.sacmo.com\/fr\/wp-content\/uploads\/2021\/04\/devracage_sacmo-1-768x432.png) \"><\/div>\r\n\t\t\t\t\t\t\t\t\t<div class=\"container_texte\">\r\n\t\t\t\t\t\t<div class=\"container_titre white\" >\r\n\t\t\t\t\t\t\t<span>Distributeur<\/span>\r\n\t\t\t\t\t\t<\/div>\r\n\t\t\t\t\t<\/div>\r\n\t\t\t\t\t\t\t\t\t\t\t\t\t<div class=\"container_button white\">\r\n\t\t\t\t\t\t<div class=\"body_button\">\r\n\t\t\t\t\t\t\t<div class=\"button\">\r\n\t\t\t\t\t\t\t\t<span><\/span>\r\n\t\t\t\t\t\t\t\t<span><\/span>\r\n\t\t\t\t\t\t\t<\/div>\r\n\t\t\t\t\t\t<\/div>\r\n\t\t\t\t\t<\/div>\r\n\t\t\t\t\t\t\t\t\t\t\t<\/div>\r\n\t\t\t\t\t\t\t\t\t\t<\/div>\r\n\t\t\t\t\t\t\t\t\t<\/a>\r\n\t\t\t\t\t<\/div>\r\n\t\t\t\t\t\t\t\t\t\t<div class=\"container_vignette swiper-slide fix_height\">\r\n\t\t\t\t\t\t\t\t\t\t\t\t<a href=\"https:\/\/www.sacmo.com\/fr\/nos-machines-de-conditionnement\/manipulateur\/\" >\r\n\t\t\t\t\t\t\t\t\t\t\t\t\t\t<div class=\"display_bock_height\">\r\n\t\t\t\t\t\t\t\t\t\t<div class=\"vignette\" style=\"background-image: url(https:\/\/www.sacmo.com\/fr\/wp-content\/uploads\/2021\/04\/manipulateur_boucheuse_sacmo-1-768x480.png)\">\r\n\t\t\t\t<div class=\"filter \" style=\"background-color: #b91b1d; background-image: url(https:\/\/www.sacmo.com\/fr\/wp-content\/uploads\/2021\/04\/manipulateur_boucheuse_sacmo-1-768x480.png) \"><\/div>\r\n\t\t\t\t\t\t\t\t\t<div class=\"container_texte\">\r\n\t\t\t\t\t\t<div class=\"container_titre white\" >\r\n\t\t\t\t\t\t\t<span>Manipulateur<\/span>\r\n\t\t\t\t\t\t<\/div>\r\n\t\t\t\t\t<\/div>\r\n\t\t\t\t\t\t\t\t\t\t\t\t\t<div class=\"container_button white\">\r\n\t\t\t\t\t\t<div class=\"body_button\">\r\n\t\t\t\t\t\t\t<div class=\"button\">\r\n\t\t\t\t\t\t\t\t<span><\/span>\r\n\t\t\t\t\t\t\t\t<span><\/span>\r\n\t\t\t\t\t\t\t<\/div>\r\n\t\t\t\t\t\t<\/div>\r\n\t\t\t\t\t<\/div>\r\n\t\t\t\t\t\t\t\t\t\t\t<\/div>\r\n\t\t\t\t\t\t\t\t\t\t<\/div>\r\n\t\t\t\t\t\t\t\t\t<\/a>\r\n\t\t\t\t\t<\/div>\r\n\t\t\t\t\t\t\t\t\t\t<div class=\"container_vignette swiper-slide fix_height\">\r\n\t\t\t\t\t\t\t\t\t\t\t\t<a href=\"https:\/\/www.sacmo.com\/fr\/nos-machines-de-conditionnement\/remplisseuses\/\" >\r\n\t\t\t\t\t\t\t\t\t\t\t\t\t\t<div class=\"display_bock_height\">\r\n\t\t\t\t\t\t\t\t\t\t<div class=\"vignette\" style=\"background-image: url(https:\/\/www.sacmo.com\/fr\/wp-content\/uploads\/2021\/04\/remplisseuse_lineaire_sacmo-1-768x432.png)\">\r\n\t\t\t\t<div class=\"filter \" style=\"background-color: #b91b1d; background-image: url(https:\/\/www.sacmo.com\/fr\/wp-content\/uploads\/2021\/04\/remplisseuse_lineaire_sacmo-1-768x432.png) \"><\/div>\r\n\t\t\t\t\t\t\t\t\t<div class=\"container_texte\">\r\n\t\t\t\t\t\t<div class=\"container_titre white\" >\r\n\t\t\t\t\t\t\t<span>Remplisseuse<\/span>\r\n\t\t\t\t\t\t<\/div>\r\n\t\t\t\t\t<\/div>\r\n\t\t\t\t\t\t\t\t\t\t\t\t\t<div class=\"container_button white\">\r\n\t\t\t\t\t\t<div class=\"body_button\">\r\n\t\t\t\t\t\t\t<div class=\"button\">\r\n\t\t\t\t\t\t\t\t<span><\/span>\r\n\t\t\t\t\t\t\t\t<span><\/span>\r\n\t\t\t\t\t\t\t<\/div>\r\n\t\t\t\t\t\t<\/div>\r\n\t\t\t\t\t<\/div>\r\n\t\t\t\t\t\t\t\t\t\t\t<\/div>\r\n\t\t\t\t\t\t\t\t\t\t<\/div>\r\n\t\t\t\t\t\t\t\t\t<\/a>\r\n\t\t\t\t\t<\/div>\r\n\t\t\t\t\t\t\t\t\t\t<div class=\"container_vignette swiper-slide fix_height\">\r\n\t\t\t\t\t\t\t\t\t\t\t\t<a href=\"https:\/\/www.sacmo.com\/fr\/nos-machines-de-conditionnement\/visseuses-boucheuses\/\" >\r\n\t\t\t\t\t\t\t\t\t\t\t\t\t\t<div class=\"display_bock_height\">\r\n\t\t\t\t\t\t\t\t\t\t<div class=\"vignette\" style=\"background-image: url(https:\/\/www.sacmo.com\/fr\/wp-content\/uploads\/2021\/04\/manipulateur_boucheuse_sacmo-1-768x480.png)\">\r\n\t\t\t\t<div class=\"filter \" style=\"background-color: #b91b1d; background-image: url(https:\/\/www.sacmo.com\/fr\/wp-content\/uploads\/2021\/04\/manipulateur_boucheuse_sacmo-1-768x480.png) \"><\/div>\r\n\t\t\t\t\t\t\t\t\t<div class=\"container_texte\">\r\n\t\t\t\t\t\t<div class=\"container_titre white\" >\r\n\t\t\t\t\t\t\t<span>Visseuse - boucheuse<\/span>\r\n\t\t\t\t\t\t<\/div>\r\n\t\t\t\t\t<\/div>\r\n\t\t\t\t\t\t\t\t\t\t\t\t\t<div class=\"container_button white\">\r\n\t\t\t\t\t\t<div class=\"body_button\">\r\n\t\t\t\t\t\t\t<div class=\"button\">\r\n\t\t\t\t\t\t\t\t<span><\/span>\r\n\t\t\t\t\t\t\t\t<span><\/span>\r\n\t\t\t\t\t\t\t<\/div>\r\n\t\t\t\t\t\t<\/div>\r\n\t\t\t\t\t<\/div>\r\n\t\t\t\t\t\t\t\t\t\t\t<\/div>\r\n\t\t\t\t\t\t\t\t\t\t<\/div>\r\n\t\t\t\t\t\t\t\t\t<\/a>\r\n\t\t\t\t\t<\/div>\r\n\t\t\t\t\t\t\t\t\t\t<div class=\"container_vignette swiper-slide fix_height\">\r\n\t\t\t\t\t\t\t\t\t\t\t\t<a href=\"https:\/\/www.sacmo.com\/fr\/nos-machines-de-conditionnement\/etiqueteuses\/\" >\r\n\t\t\t\t\t\t\t\t\t\t\t\t\t\t<div class=\"display_bock_height\">\r\n\t\t\t\t\t\t\t\t\t\t<div class=\"vignette\" style=\"background-image: url(https:\/\/www.sacmo.com\/fr\/wp-content\/uploads\/2021\/04\/encaisseuse_tubes2_sacmo-1-768x432.png)\">\r\n\t\t\t\t<div class=\"filter \" style=\"background-color: #b91b1d; background-image: url(https:\/\/www.sacmo.com\/fr\/wp-content\/uploads\/2021\/04\/encaisseuse_tubes2_sacmo-1-768x432.png) \"><\/div>\r\n\t\t\t\t\t\t\t\t\t<div class=\"container_texte\">\r\n\t\t\t\t\t\t<div class=\"container_titre white\" >\r\n\t\t\t\t\t\t\t<span>Etiqueteuse<\/span>\r\n\t\t\t\t\t\t<\/div>\r\n\t\t\t\t\t<\/div>\r\n\t\t\t\t\t\t\t\t\t\t\t\t\t<div class=\"container_button white\">\r\n\t\t\t\t\t\t<div class=\"body_button\">\r\n\t\t\t\t\t\t\t<div class=\"button\">\r\n\t\t\t\t\t\t\t\t<span><\/span>\r\n\t\t\t\t\t\t\t\t<span><\/span>\r\n\t\t\t\t\t\t\t<\/div>\r\n\t\t\t\t\t\t<\/div>\r\n\t\t\t\t\t<\/div>\r\n\t\t\t\t\t\t\t\t\t\t\t<\/div>\r\n\t\t\t\t\t\t\t\t\t\t<\/div>\r\n\t\t\t\t\t\t\t\t\t<\/a>\r\n\t\t\t\t\t<\/div>\r\n\t\t\t\t\t\t\t\t\t\t<div class=\"container_vignette swiper-slide fix_height\">\r\n\t\t\t\t\t\t\t\t\t\t\t\t<a href=\"https:\/\/www.sacmo.com\/fr\/nos-machines-de-conditionnement\/marqueurs-laser\/\" >\r\n\t\t\t\t\t\t\t\t\t\t\t\t\t\t<div class=\"display_bock_height\">\r\n\t\t\t\t\t\t\t\t\t\t<div class=\"vignette\" style=\"background-image: url(https:\/\/www.sacmo.com\/fr\/wp-content\/uploads\/2021\/04\/015-MODULE-DE-MARQUAGE-LASER-ET-ETIQUETAGE-1-768x432.png)\">\r\n\t\t\t\t<div class=\"filter \" style=\"background-color: #b91b1d; background-image: url(https:\/\/www.sacmo.com\/fr\/wp-content\/uploads\/2021\/04\/015-MODULE-DE-MARQUAGE-LASER-ET-ETIQUETAGE-1-768x432.png) \"><\/div>\r\n\t\t\t\t\t\t\t\t\t<div class=\"container_texte\">\r\n\t\t\t\t\t\t<div class=\"container_titre white\" >\r\n\t\t\t\t\t\t\t<span>Marqueur laser<\/span>\r\n\t\t\t\t\t\t<\/div>\r\n\t\t\t\t\t<\/div>\r\n\t\t\t\t\t\t\t\t\t\t\t\t\t<div class=\"container_button white\">\r\n\t\t\t\t\t\t<div class=\"body_button\">\r\n\t\t\t\t\t\t\t<div class=\"button\">\r\n\t\t\t\t\t\t\t\t<span><\/span>\r\n\t\t\t\t\t\t\t\t<span><\/span>\r\n\t\t\t\t\t\t\t<\/div>\r\n\t\t\t\t\t\t<\/div>\r\n\t\t\t\t\t<\/div>\r\n\t\t\t\t\t\t\t\t\t\t\t<\/div>\r\n\t\t\t\t\t\t\t\t\t\t<\/div>\r\n\t\t\t\t\t\t\t\t\t<\/a>\r\n\t\t\t\t\t<\/div>\r\n\t\t\t\t\t\t\t\t\t\t<div class=\"container_vignette swiper-slide fix_height\">\r\n\t\t\t\t\t\t\t\t\t\t\t\t<a href=\"https:\/\/www.sacmo.com\/fr\/nos-machines-de-conditionnement\/palettiseurs\/\" >\r\n\t\t\t\t\t\t\t\t\t\t\t\t\t\t<div class=\"display_bock_height\">\r\n\t\t\t\t\t\t\t\t\t\t<div class=\"vignette\" style=\"background-image: url(https:\/\/www.sacmo.com\/fr\/wp-content\/uploads\/2021\/04\/palettiseur_sacmo-1-768x432.jpg)\">\r\n\t\t\t\t<div class=\"filter \" style=\"background-color: #b91b1d; background-image: url(https:\/\/www.sacmo.com\/fr\/wp-content\/uploads\/2021\/04\/palettiseur_sacmo-1-768x432.jpg) \"><\/div>\r\n\t\t\t\t\t\t\t\t\t<div class=\"container_texte\">\r\n\t\t\t\t\t\t<div class=\"container_titre white\" >\r\n\t\t\t\t\t\t\t<span>Palettiseur<\/span>\r\n\t\t\t\t\t\t<\/div>\r\n\t\t\t\t\t<\/div>\r\n\t\t\t\t\t\t\t\t\t\t\t\t\t<div class=\"container_button white\">\r\n\t\t\t\t\t\t<div class=\"body_button\">\r\n\t\t\t\t\t\t\t<div class=\"button\">\r\n\t\t\t\t\t\t\t\t<span><\/span>\r\n\t\t\t\t\t\t\t\t<span><\/span>\r\n\t\t\t\t\t\t\t<\/div>\r\n\t\t\t\t\t\t<\/div>\r\n\t\t\t\t\t<\/div>\r\n\t\t\t\t\t\t\t\t\t\t\t<\/div>\r\n\t\t\t\t\t\t\t\t\t\t<\/div>\r\n\t\t\t\t\t\t\t\t\t<\/a>\r\n\t\t\t\t\t<\/div>\r\n\t\t\t\t<\/div>\r\n\t<\/div>\r\n\t<div class=\"swiper-button-next\">\r\n\t\t<div class=\"container_nav_next\">\r\n\t\t\t<div class=\"nav_next\">\r\n\t\t\t\t<span><\/span>\r\n\t\t\t<\/div>\r\n\t\t<\/div>\r\n\t<\/div>\r\n\t<div class=\"swiper-button-prev\">\r\n\t\t<div class=\"container_nav_prev\">\r\n\t\t\t<div class=\"nav_prev\">\r\n\t\t\t\t<span><\/span>\r\n\t\t\t<\/div>\r\n\t\t<\/div>\r\n\t<\/div>\r\n\t<div class=\"container_vignettes-pagination\"><\/div>\r\n\r\n\t<div class=\"fond_popup_image fond_popup_vignette\"><\/div>\r\n\t<div id=\"popup_image\" class=\"popup_vignette\">\r\n\t\t<div class=\"container-prevPopup\"><div class=\"prevPopup\"><\/div><\/div>\r\n\t\t<div class=\"container-nextPopup\"><div class=\"nextPopup\"><\/div><\/div>\r\n\t\t<div class=\"popup containerPopup\">\r\n\t\t\t<div class=\"container_exit\"><div class=\"exit\"><\/div><\/div>\r\n\t\t\t<div class=\"contenuPopup container\">\r\n\t\t\t\t<div class=\"row\">\r\n\t\t\t\t\t<div class=\"col-md-12\">\r\n\t\t\t\t\t\t<img decoding=\"async\" src=\"\">\r\n\t\t\t\t\t<\/div>\r\n\t\t\t\t<\/div>\r\n\t\t\t<\/div>\r\n\t\t<\/div>\r\n\t<\/div>\r\n<\/div>\r\n\r\n<\/div><\/div><\/div><\/div><\/div>","protected":false},"excerpt":{"rendered":"<p>Palettiseur robotis\u00e9 Le palettiseur robotis\u00e9 est une solution enti\u00e8rement automatique qui permet de ranger des cartons sur palette. Un \u00e9cran [&hellip;]<\/p>\n","protected":false},"author":2,"featured_media":3259,"parent":1532,"menu_order":0,"comment_status":"closed","ping_status":"closed","template":"","meta":{"content-type":"","footnotes":""},"class_list":["post-3238","page","type-page","status-publish","has-post-thumbnail","hentry"],"_links":{"self":[{"href":"https:\/\/www.sacmo.com\/fr\/wp-json\/wp\/v2\/pages\/3238","targetHints":{"allow":["GET"]}}],"collection":[{"href":"https:\/\/www.sacmo.com\/fr\/wp-json\/wp\/v2\/pages"}],"about":[{"href":"https:\/\/www.sacmo.com\/fr\/wp-json\/wp\/v2\/types\/page"}],"author":[{"embeddable":true,"href":"https:\/\/www.sacmo.com\/fr\/wp-json\/wp\/v2\/users\/2"}],"replies":[{"embeddable":true,"href":"https:\/\/www.sacmo.com\/fr\/wp-json\/wp\/v2\/comments?post=3238"}],"version-history":[{"count":21,"href":"https:\/\/www.sacmo.com\/fr\/wp-json\/wp\/v2\/pages\/3238\/revisions"}],"predecessor-version":[{"id":3268,"href":"https:\/\/www.sacmo.com\/fr\/wp-json\/wp\/v2\/pages\/3238\/revisions\/3268"}],"up":[{"embeddable":true,"href":"https:\/\/www.sacmo.com\/fr\/wp-json\/wp\/v2\/pages\/1532"}],"wp:featuredmedia":[{"embeddable":true,"href":"https:\/\/www.sacmo.com\/fr\/wp-json\/wp\/v2\/media\/3259"}],"wp:attachment":[{"href":"https:\/\/www.sacmo.com\/fr\/wp-json\/wp\/v2\/media?parent=3238"}],"curies":[{"name":"wp","href":"https:\/\/api.w.org\/{rel}","templated":true}]}}