{"id":3105,"date":"2021-06-14T16:23:17","date_gmt":"2021-06-14T14:23:17","guid":{"rendered":"https:\/\/www.sacmo.com\/fr\/?page_id=3105"},"modified":"2021-06-14T17:11:41","modified_gmt":"2021-06-14T15:11:41","slug":"convoyeurs","status":"publish","type":"page","link":"https:\/\/www.sacmo.com\/fr\/convoyeurs","title":{"rendered":"Convoyeurs"},"content":{"rendered":"<div id=\"pl-3105\"  class=\"panel-layout\" ><div id=\"pg-3105-0\"  class=\"panel-grid panel-has-style\" ><div class=\"panel-row-style panel-row-style-for-3105-0\" ><div id=\"pgc-3105-0-0\"  class=\"panel-grid-cell\" ><div id=\"panel-3105-0-0-0\" class=\"so-panel widget widget_smartheme_titre_widget panel-first-child\" data-index=\"0\" ><div\n\t\t\t\n\t\t\tclass=\"so-widget-smartheme_titre_widget so-widget-smartheme_titre_widget-default-d75171398898-3105\"\n\t\t\t\n\t\t><div class=\"container_titre center\">\n\t<div class=\"titre\">\n\t\t\t\t<h2>Des ensembles de convoyeurs sur-mesure<\/h2>\n\t<\/div>\n\t<\/div><\/div><\/div><div id=\"panel-3105-0-0-1\" class=\"so-panel widget widget_editeur\" data-index=\"1\" ><div\n\t\t\t\n\t\t\tclass=\"so-widget-editeur so-widget-editeur-base\"\n\t\t\t\n\t\t>\t<div class=\"smarttheme_editeur column_text\">\n\t<p>Sur une ligne de production industrielle, le flux physique des produits doit \u00eatre constant et homog\u00e8ne. Cette r\u00e9gularit\u00e9 est une condition essentielle \u00e0 la performance globale de la ligne. G\u00e9rer les accumulations de produits permet ainsi d\u2019\u00e9viter les engorgements en entr\u00e9e et en sortie des machines. Il existe diff\u00e9rents types de syst\u00e8mes pour transporter m\u00e9caniquement les produits d\u2019un point \u00e0 un autre sur la ligne de production. Convoyeurs \u00e0 chaines, bandes transporteuses, tapis modulaires ou encore convoyeurs \u00e9lectro-magn\u00e9tiques, ces \u00e9quipements sont autant de solutions pour optimiser le transfert physique des produits sur une ligne de production ou de conditionnement.<\/p>\n<\/div>\n<\/div><\/div><div id=\"panel-3105-0-0-2\" class=\"so-panel widget widget_smartheme_titre_widget\" data-index=\"2\" ><div\n\t\t\t\n\t\t\tclass=\"so-widget-smartheme_titre_widget so-widget-smartheme_titre_widget-default-d75171398898-3105\"\n\t\t\t\n\t\t><div class=\"container_titre center\">\n\t<div class=\"titre\">\n\t\t\t\t<h2>Des syst\u00e8mes de transports adapt\u00e9s \u00e0 vos produits<\/h2>\n\t<\/div>\n\t\t\t<span class=\"soustitre\">Une prestation compl\u00e8te de la conception \u00e0 l\u2019installation<\/span>\n\t<\/div><\/div><\/div><div id=\"panel-3105-0-0-3\" class=\"so-panel widget widget_editeur panel-last-child\" data-index=\"3\" ><div\n\t\t\t\n\t\t\tclass=\"so-widget-editeur so-widget-editeur-base\"\n\t\t\t\n\t\t>\t<div class=\"smarttheme_editeur column_text\">\n\t<p>Chez SACMO, nous proposons de r\u00e9aliser des solutions de convoyage cl\u00e9s en main. De la conception \u00e0 l\u2019installation, nous maitrisons toutes les comp\u00e9tences en interne pour vous fournir un syst\u00e8me de transfert de produits sur-mesure. Notre Bureau d\u2019\u00e9tudes vous conseille pour d\u00e9terminer le syst\u00e8me de convoyage qui r\u00e9pond \u00e0 votre besoin. En \u00e9tudiant votre process, nos dessinateurs d\u00e9terminent les convoyeurs et les configurent selon l\u2019implantation de votre ligne de production. Chaque solution est pr\u00e9alablement assembl\u00e9e et essay\u00e9e dans notre atelier de montage. Apr\u00e8s les tests, les \u00e9quipements sont emball\u00e9s et exp\u00e9di\u00e9s vers le site du client. Pour l\u2019installation sur votre site, nos \u00e9quipes de monteurs r\u00e9alisent les travaux conform\u00e9ment au plan d\u2019implantation \u00e9labor\u00e9 par notre Bureau d\u2019Etudes. Notre \u00e9quipe effectue toutes les connexions m\u00e9caniques, \u00e9lectriques et pneumatiques des convoyeurs. Nos techniciens sont pr\u00e9sents en phase de d\u00e9marrage pour vous apporter toute assistance technique n\u00e9cessaire.<\/p>\n<\/div>\n<\/div><\/div><\/div><\/div><\/div><div id=\"pg-3105-1\"  class=\"panel-grid panel-has-style\" ><div class=\"panel-row-style panel-row-style-for-3105-1\" ><div id=\"pgc-3105-1-0\"  class=\"panel-grid-cell\" ><div id=\"panel-3105-1-0-0\" class=\"so-panel widget widget_smartheme_titre_widget panel-first-child panel-last-child\" data-index=\"4\" ><div\n\t\t\t\n\t\t\tclass=\"so-widget-smartheme_titre_widget so-widget-smartheme_titre_widget-default-d75171398898-3105\"\n\t\t\t\n\t\t><div class=\"container_titre center\">\n\t<div class=\"titre\">\n\t\t\t\t<h2>D\u00e9couvrez diff\u00e9rentes r\u00e9alisations de syst\u00e8mes de convoyage<\/h2>\n\t<\/div>\n\t\t\t<span class=\"soustitre\">Convoyeurs \u00e0 chaine plane, convoyeurs \u00e0 palette, convoyeurs aspirant, convoyeurs \u00e0 bande, convoyeurs \u00e0 taquets<\/span>\n\t<\/div><\/div><\/div><\/div><\/div><\/div><div id=\"pg-3105-2\"  class=\"panel-grid panel-has-style\" ><div class=\"panel-row-style panel-row-style-for-3105-2\" ><div id=\"pgc-3105-2-0\"  class=\"panel-grid-cell\" ><div id=\"panel-3105-2-0-0\" class=\"so-panel widget widget_smartheme_titre_widget panel-first-child\" data-index=\"5\" ><div\n\t\t\t\n\t\t\tclass=\"so-widget-smartheme_titre_widget so-widget-smartheme_titre_widget-default-d75171398898-3105\"\n\t\t\t\n\t\t><div class=\"container_titre center\">\n\t<div class=\"titre\">\n\t\t\t\t<h3>Convoyeurs pour ligne de conditionnement <\/h3>\n\t<\/div>\n\t<\/div><\/div><\/div><div id=\"panel-3105-2-0-1\" class=\"so-panel widget widget_smarttheme_media_gallery_masonry panel-last-child\" data-index=\"6\" ><div\n\t\t\t\n\t\t\tclass=\"so-widget-smarttheme_media_gallery_masonry so-widget-smarttheme_media_gallery_masonry-default-d75171398898-3105\"\n\t\t\t\n\t\t><div class=\"container_galerie_masonry\">\r\n\t<div class=\"galerie_masonry one_column\">\r\n\t\t\t\t\t\t\t\t<div class=\"container_image rectangle center\" attr-image=\"https:\/\/www.sacmo.com\/fr\/wp-content\/uploads\/2021\/03\/Coloration03-scaled-1.jpg\">\r\n\t\t\t\t<div class=\"image center\" style=\"background-image: url(https:\/\/www.sacmo.com\/fr\/wp-content\/uploads\/2021\/03\/Coloration03-scaled-1.jpg)\"><\/div>\r\n\t\t\t\t<div class=\"filtre center\" style=\"background-image: linear-gradient(#b91b1d, #b91b1d), url(https:\/\/www.sacmo.com\/fr\/wp-content\/uploads\/2021\/03\/Coloration03-scaled-1.jpg);\"><\/div>\r\n\t\t\t\t\t\t\t<\/div>\r\n\t\t\t<\/div>\r\n<\/div>\r\n\r\n<div class=\"fond_popup_masonry\"><\/div>\r\n<div class=\"popup_masonry\">\r\n\t<div class=\"container-prevPopup\"><div class=\"prevPopup\"><\/div><\/div>\r\n\t<div class=\"container-nextPopup\"><div class=\"nextPopup\"><\/div><\/div>\r\n\t<div class=\"popup containerPopup\">\r\n\t\t<div class=\"container_exit\"><div class=\"exit\"><\/div><\/div>\r\n\t\t<div class=\"contenuPopup container\">\r\n\t\t\t<div class=\"row\">\r\n\t\t\t\t<div class=\"col-md-12\">\r\n\t\t\t\t\t<img decoding=\"async\" src=\"\">\r\n\t\t\t\t<\/div>\r\n\t\t\t<\/div>\r\n\t\t<\/div>\r\n\t<\/div>\r\n<\/div><\/div><\/div><\/div><\/div><\/div><div id=\"pg-3105-3\"  class=\"panel-grid panel-has-style\" ><div class=\"panel-row-style panel-row-style-for-3105-3\" ><div id=\"pgc-3105-3-0\"  class=\"panel-grid-cell\" ><div id=\"panel-3105-3-0-0\" class=\"so-panel widget widget_smartheme_titre_widget panel-first-child\" data-index=\"7\" ><div\n\t\t\t\n\t\t\tclass=\"so-widget-smartheme_titre_widget so-widget-smartheme_titre_widget-default-d75171398898-3105\"\n\t\t\t\n\t\t><div class=\"container_titre center\">\n\t<div class=\"titre\">\n\t\t\t\t<h3>Convoyeurs type alpins<\/h3>\n\t<\/div>\n\t<\/div><\/div><\/div><div id=\"panel-3105-3-0-1\" class=\"so-panel widget widget_smarttheme_media_gallery_masonry panel-last-child\" data-index=\"8\" ><div\n\t\t\t\n\t\t\tclass=\"so-widget-smarttheme_media_gallery_masonry so-widget-smarttheme_media_gallery_masonry-default-d75171398898-3105\"\n\t\t\t\n\t\t><div class=\"container_galerie_masonry\">\r\n\t<div class=\"galerie_masonry one_column\">\r\n\t\t\t\t\t\t\t\t<div class=\"container_image rectangle center\" attr-image=\"https:\/\/www.sacmo.com\/fr\/wp-content\/uploads\/2021\/06\/convoyeurs-alpins01-e1623680001228.jpg\">\r\n\t\t\t\t<div class=\"image center\" style=\"background-image: url(https:\/\/www.sacmo.com\/fr\/wp-content\/uploads\/2021\/06\/convoyeurs-alpins01-e1623680001228.jpg)\"><\/div>\r\n\t\t\t\t<div class=\"filtre center\" style=\"background-image: linear-gradient(#b91b1d, #b91b1d), url(https:\/\/www.sacmo.com\/fr\/wp-content\/uploads\/2021\/06\/convoyeurs-alpins01-e1623680001228.jpg);\"><\/div>\r\n\t\t\t\t\t\t\t<\/div>\r\n\t\t\t<\/div>\r\n<\/div>\r\n\r\n<div class=\"fond_popup_masonry\"><\/div>\r\n<div class=\"popup_masonry\">\r\n\t<div class=\"container-prevPopup\"><div class=\"prevPopup\"><\/div><\/div>\r\n\t<div class=\"container-nextPopup\"><div class=\"nextPopup\"><\/div><\/div>\r\n\t<div class=\"popup containerPopup\">\r\n\t\t<div class=\"container_exit\"><div class=\"exit\"><\/div><\/div>\r\n\t\t<div class=\"contenuPopup container\">\r\n\t\t\t<div class=\"row\">\r\n\t\t\t\t<div class=\"col-md-12\">\r\n\t\t\t\t\t<img decoding=\"async\" src=\"\">\r\n\t\t\t\t<\/div>\r\n\t\t\t<\/div>\r\n\t\t<\/div>\r\n\t<\/div>\r\n<\/div><\/div><\/div><\/div><\/div><\/div><div id=\"pg-3105-4\"  class=\"panel-grid panel-has-style\" ><div class=\"panel-row-style panel-row-style-for-3105-4\" ><div id=\"pgc-3105-4-0\"  class=\"panel-grid-cell\" ><div id=\"panel-3105-4-0-0\" class=\"so-panel widget widget_smartheme_titre_widget panel-first-child\" data-index=\"9\" ><div\n\t\t\t\n\t\t\tclass=\"so-widget-smartheme_titre_widget so-widget-smartheme_titre_widget-default-d75171398898-3105\"\n\t\t\t\n\t\t><div class=\"container_titre center\">\n\t<div class=\"titre\">\n\t\t\t\t<h3>Convoyeurs \u00e9lectro-magn\u00e9tiques<\/h3>\n\t<\/div>\n\t<\/div><\/div><\/div><div id=\"panel-3105-4-0-1\" class=\"so-panel widget widget_smarttheme_media_gallery_masonry panel-last-child\" data-index=\"10\" ><div\n\t\t\t\n\t\t\tclass=\"so-widget-smarttheme_media_gallery_masonry so-widget-smarttheme_media_gallery_masonry-default-d75171398898-3105\"\n\t\t\t\n\t\t><div class=\"container_galerie_masonry\">\r\n\t<div class=\"galerie_masonry one_column\">\r\n\t\t\t\t\t\t\t\t<div class=\"container_image rectangle center\" attr-image=\"https:\/\/www.sacmo.com\/fr\/wp-content\/uploads\/2021\/06\/convoyeur-electromagnetique-poudre-DSC06272.jpg\">\r\n\t\t\t\t<div class=\"image center\" style=\"background-image: url(https:\/\/www.sacmo.com\/fr\/wp-content\/uploads\/2021\/06\/convoyeur-electromagnetique-poudre-DSC06272.jpg)\"><\/div>\r\n\t\t\t\t<div class=\"filtre center\" style=\"background-image: linear-gradient(#b91b1d, #b91b1d), url(https:\/\/www.sacmo.com\/fr\/wp-content\/uploads\/2021\/06\/convoyeur-electromagnetique-poudre-DSC06272.jpg);\"><\/div>\r\n\t\t\t\t\t\t\t<\/div>\r\n\t\t\t<\/div>\r\n<\/div>\r\n\r\n<div class=\"fond_popup_masonry\"><\/div>\r\n<div class=\"popup_masonry\">\r\n\t<div class=\"container-prevPopup\"><div class=\"prevPopup\"><\/div><\/div>\r\n\t<div class=\"container-nextPopup\"><div class=\"nextPopup\"><\/div><\/div>\r\n\t<div class=\"popup containerPopup\">\r\n\t\t<div class=\"container_exit\"><div class=\"exit\"><\/div><\/div>\r\n\t\t<div class=\"contenuPopup container\">\r\n\t\t\t<div class=\"row\">\r\n\t\t\t\t<div class=\"col-md-12\">\r\n\t\t\t\t\t<img decoding=\"async\" src=\"\">\r\n\t\t\t\t<\/div>\r\n\t\t\t<\/div>\r\n\t\t<\/div>\r\n\t<\/div>\r\n<\/div><\/div><\/div><\/div><\/div><\/div><div id=\"pg-3105-5\"  class=\"panel-grid panel-has-style\" ><div class=\"panel-row-style panel-row-style-for-3105-5\" ><div id=\"pgc-3105-5-0\"  class=\"panel-grid-cell\" ><div id=\"panel-3105-5-0-0\" class=\"so-panel widget widget_smartheme_titre_widget panel-first-child\" data-index=\"11\" ><div\n\t\t\t\n\t\t\tclass=\"so-widget-smartheme_titre_widget so-widget-smartheme_titre_widget-default-d75171398898-3105\"\n\t\t\t\n\t\t><div class=\"container_titre center\">\n\t<div class=\"titre\">\n\t\t\t\t<h3>Convoyeurs de stockage tampon<\/h3>\n\t<\/div>\n\t<\/div><\/div><\/div><div id=\"panel-3105-5-0-1\" class=\"so-panel widget widget_smarttheme_media_gallery_masonry panel-last-child\" data-index=\"12\" ><div\n\t\t\t\n\t\t\tclass=\"so-widget-smarttheme_media_gallery_masonry so-widget-smarttheme_media_gallery_masonry-default-d75171398898-3105\"\n\t\t\t\n\t\t><div class=\"container_galerie_masonry\">\r\n\t<div class=\"galerie_masonry one_column\">\r\n\t\t\t\t\t\t\t\t<div class=\"container_image rectangle center\" attr-image=\"https:\/\/www.sacmo.com\/fr\/wp-content\/uploads\/2021\/06\/04-Robot-pick-and-place-stockage-tampon-DSC08830-scaled-e1623680121617.jpg\">\r\n\t\t\t\t<div class=\"image center\" style=\"background-image: url(https:\/\/www.sacmo.com\/fr\/wp-content\/uploads\/2021\/06\/04-Robot-pick-and-place-stockage-tampon-DSC08830-scaled-e1623680121617.jpg)\"><\/div>\r\n\t\t\t\t<div class=\"filtre center\" style=\"background-image: linear-gradient(#b91b1d, #b91b1d), url(https:\/\/www.sacmo.com\/fr\/wp-content\/uploads\/2021\/06\/04-Robot-pick-and-place-stockage-tampon-DSC08830-scaled-e1623680121617.jpg);\"><\/div>\r\n\t\t\t\t\t\t\t<\/div>\r\n\t\t\t<\/div>\r\n<\/div>\r\n\r\n<div class=\"fond_popup_masonry\"><\/div>\r\n<div class=\"popup_masonry\">\r\n\t<div class=\"container-prevPopup\"><div class=\"prevPopup\"><\/div><\/div>\r\n\t<div class=\"container-nextPopup\"><div class=\"nextPopup\"><\/div><\/div>\r\n\t<div class=\"popup containerPopup\">\r\n\t\t<div class=\"container_exit\"><div class=\"exit\"><\/div><\/div>\r\n\t\t<div class=\"contenuPopup container\">\r\n\t\t\t<div class=\"row\">\r\n\t\t\t\t<div class=\"col-md-12\">\r\n\t\t\t\t\t<img decoding=\"async\" src=\"\">\r\n\t\t\t\t<\/div>\r\n\t\t\t<\/div>\r\n\t\t<\/div>\r\n\t<\/div>\r\n<\/div><\/div><\/div><\/div><\/div><\/div><div id=\"pg-3105-6\"  class=\"panel-grid panel-has-style\" ><div class=\"panel-row-style panel-row-style-for-3105-6\" ><div id=\"pgc-3105-6-0\"  class=\"panel-grid-cell\" ><div id=\"panel-3105-6-0-0\" class=\"so-panel widget widget_smartheme_titre_widget panel-first-child\" data-index=\"13\" ><div\n\t\t\t\n\t\t\tclass=\"so-widget-smartheme_titre_widget so-widget-smartheme_titre_widget-default-d75171398898-3105\"\n\t\t\t\n\t\t><div class=\"container_titre center\">\n\t<div class=\"titre\">\n\t\t\t\t<h3>Table d'accumulation type First In First Out (FiFo)<\/h3>\n\t<\/div>\n\t<\/div><\/div><\/div><div id=\"panel-3105-6-0-1\" class=\"so-panel widget widget_smarttheme_media_gallery_masonry panel-last-child\" data-index=\"14\" ><div\n\t\t\t\n\t\t\tclass=\"so-widget-smarttheme_media_gallery_masonry so-widget-smarttheme_media_gallery_masonry-default-d75171398898-3105\"\n\t\t\t\n\t\t><div class=\"container_galerie_masonry\">\r\n\t<div class=\"galerie_masonry one_column\">\r\n\t\t\t\t\t\t\t\t<div class=\"container_image rectangle center\" attr-image=\"https:\/\/www.sacmo.com\/fr\/wp-content\/uploads\/2021\/03\/sacmo_nos_solutions-1.jpg\">\r\n\t\t\t\t<div class=\"image center\" style=\"background-image: url(https:\/\/www.sacmo.com\/fr\/wp-content\/uploads\/2021\/03\/sacmo_nos_solutions-1.jpg)\"><\/div>\r\n\t\t\t\t<div class=\"filtre center\" style=\"background-image: linear-gradient(#b91b1d, #b91b1d), url(https:\/\/www.sacmo.com\/fr\/wp-content\/uploads\/2021\/03\/sacmo_nos_solutions-1.jpg);\"><\/div>\r\n\t\t\t\t\t\t\t<\/div>\r\n\t\t\t<\/div>\r\n<\/div>\r\n\r\n<div class=\"fond_popup_masonry\"><\/div>\r\n<div class=\"popup_masonry\">\r\n\t<div class=\"container-prevPopup\"><div class=\"prevPopup\"><\/div><\/div>\r\n\t<div class=\"container-nextPopup\"><div class=\"nextPopup\"><\/div><\/div>\r\n\t<div class=\"popup containerPopup\">\r\n\t\t<div class=\"container_exit\"><div class=\"exit\"><\/div><\/div>\r\n\t\t<div class=\"contenuPopup container\">\r\n\t\t\t<div class=\"row\">\r\n\t\t\t\t<div class=\"col-md-12\">\r\n\t\t\t\t\t<img decoding=\"async\" src=\"\">\r\n\t\t\t\t<\/div>\r\n\t\t\t<\/div>\r\n\t\t<\/div>\r\n\t<\/div>\r\n<\/div><\/div><\/div><\/div><\/div><\/div><div id=\"pg-3105-7\"  class=\"panel-grid panel-has-style\" ><div class=\"panel-row-style panel-row-style-for-3105-7\" ><div id=\"pgc-3105-7-0\"  class=\"panel-grid-cell\" ><div id=\"panel-3105-7-0-0\" class=\"so-panel widget widget_smartheme_titre_widget panel-first-child\" data-index=\"15\" ><div\n\t\t\t\n\t\t\tclass=\"so-widget-smartheme_titre_widget so-widget-smartheme_titre_widget-default-d75171398898-3105\"\n\t\t\t\n\t\t><div class=\"container_titre center\">\n\t<div class=\"titre\">\n\t\t\t\t<h3>Outillage pour convoyeurs<\/h3>\n\t<\/div>\n\t\t\t<span class=\"soustitre\">Godets, guides lat\u00e9raux, guides de courbes, protection, outillages SMED...<\/span>\n\t<\/div><\/div><\/div><div id=\"panel-3105-7-0-1\" class=\"so-panel widget widget_smarttheme_media_gallery_masonry panel-last-child\" data-index=\"16\" ><div\n\t\t\t\n\t\t\tclass=\"so-widget-smarttheme_media_gallery_masonry so-widget-smarttheme_media_gallery_masonry-default-d75171398898-3105\"\n\t\t\t\n\t\t><div class=\"container_galerie_masonry\">\r\n\t<div class=\"galerie_masonry three_column\">\r\n\t\t\t\t\t\t\t\t<div class=\"container_image rectangle center\" attr-image=\"https:\/\/www.sacmo.com\/fr\/wp-content\/uploads\/2021\/06\/godet-convoyeur-pot01-e1623683109361.jpg\">\r\n\t\t\t\t<div class=\"image center\" style=\"background-image: url(https:\/\/www.sacmo.com\/fr\/wp-content\/uploads\/2021\/06\/godet-convoyeur-pot01-e1623683109361.jpg)\"><\/div>\r\n\t\t\t\t<div class=\"filtre center\" style=\"background-image: linear-gradient(#b91b1d, #b91b1d), url(https:\/\/www.sacmo.com\/fr\/wp-content\/uploads\/2021\/06\/godet-convoyeur-pot01-e1623683109361.jpg);\"><\/div>\r\n\t\t\t\t\t\t\t<\/div>\r\n\t\t\t\t\t\t\t\t<div class=\"container_image rectangle center\" attr-image=\"https:\/\/www.sacmo.com\/fr\/wp-content\/uploads\/2021\/04\/guide-convoyeurs-1.jpg\">\r\n\t\t\t\t<div class=\"image center\" style=\"background-image: url(https:\/\/www.sacmo.com\/fr\/wp-content\/uploads\/2021\/04\/guide-convoyeurs-1.jpg)\"><\/div>\r\n\t\t\t\t<div class=\"filtre center\" style=\"background-image: linear-gradient(#b91b1d, #b91b1d), url(https:\/\/www.sacmo.com\/fr\/wp-content\/uploads\/2021\/04\/guide-convoyeurs-1.jpg);\"><\/div>\r\n\t\t\t\t\t\t\t<\/div>\r\n\t\t\t\t\t\t\t\t<div class=\"container_image rectangle center\" attr-image=\"https:\/\/www.sacmo.com\/fr\/wp-content\/uploads\/2021\/02\/sacmo_tubes-1.jpg\">\r\n\t\t\t\t<div class=\"image center\" style=\"background-image: url(https:\/\/www.sacmo.com\/fr\/wp-content\/uploads\/2021\/02\/sacmo_tubes-1.jpg)\"><\/div>\r\n\t\t\t\t<div class=\"filtre center\" style=\"background-image: linear-gradient(#b91b1d, #b91b1d), url(https:\/\/www.sacmo.com\/fr\/wp-content\/uploads\/2021\/02\/sacmo_tubes-1.jpg);\"><\/div>\r\n\t\t\t\t\t\t\t<\/div>\r\n\t\t\t<\/div>\r\n<\/div>\r\n\r\n<div class=\"fond_popup_masonry\"><\/div>\r\n<div class=\"popup_masonry\">\r\n\t<div class=\"container-prevPopup\"><div class=\"prevPopup\"><\/div><\/div>\r\n\t<div class=\"container-nextPopup\"><div class=\"nextPopup\"><\/div><\/div>\r\n\t<div class=\"popup containerPopup\">\r\n\t\t<div class=\"container_exit\"><div class=\"exit\"><\/div><\/div>\r\n\t\t<div class=\"contenuPopup container\">\r\n\t\t\t<div class=\"row\">\r\n\t\t\t\t<div class=\"col-md-12\">\r\n\t\t\t\t\t<img decoding=\"async\" src=\"\">\r\n\t\t\t\t<\/div>\r\n\t\t\t<\/div>\r\n\t\t<\/div>\r\n\t<\/div>\r\n<\/div><\/div><\/div><\/div><\/div><\/div><\/div>","protected":false},"excerpt":{"rendered":"<p>Des ensembles de convoyeurs sur-mesure Sur une ligne de production industrielle, le flux physique des produits doit \u00eatre constant et [&hellip;]<\/p>\n","protected":false},"author":2,"featured_media":3114,"parent":641,"menu_order":0,"comment_status":"closed","ping_status":"closed","template":"","meta":{"content-type":"","footnotes":""},"class_list":["post-3105","page","type-page","status-publish","has-post-thumbnail","hentry"],"_links":{"self":[{"href":"https:\/\/www.sacmo.com\/fr\/wp-json\/wp\/v2\/pages\/3105","targetHints":{"allow":["GET"]}}],"collection":[{"href":"https:\/\/www.sacmo.com\/fr\/wp-json\/wp\/v2\/pages"}],"about":[{"href":"https:\/\/www.sacmo.com\/fr\/wp-json\/wp\/v2\/types\/page"}],"author":[{"embeddable":true,"href":"https:\/\/www.sacmo.com\/fr\/wp-json\/wp\/v2\/users\/2"}],"replies":[{"embeddable":true,"href":"https:\/\/www.sacmo.com\/fr\/wp-json\/wp\/v2\/comments?post=3105"}],"version-history":[{"count":19,"href":"https:\/\/www.sacmo.com\/fr\/wp-json\/wp\/v2\/pages\/3105\/revisions"}],"predecessor-version":[{"id":3133,"href":"https:\/\/www.sacmo.com\/fr\/wp-json\/wp\/v2\/pages\/3105\/revisions\/3133"}],"up":[{"embeddable":true,"href":"https:\/\/www.sacmo.com\/fr\/wp-json\/wp\/v2\/pages\/641"}],"wp:featuredmedia":[{"embeddable":true,"href":"https:\/\/www.sacmo.com\/fr\/wp-json\/wp\/v2\/media\/3114"}],"wp:attachment":[{"href":"https:\/\/www.sacmo.com\/fr\/wp-json\/wp\/v2\/media?parent=3105"}],"curies":[{"name":"wp","href":"https:\/\/api.w.org\/{rel}","templated":true}]}}