{"id":3012,"date":"2021-06-10T15:29:33","date_gmt":"2021-06-10T13:29:33","guid":{"rendered":"https:\/\/www.sacmo.com\/fr\/?page_id=3012"},"modified":"2021-09-27T17:14:09","modified_gmt":"2021-09-27T15:14:09","slug":"etiqueteuses","status":"publish","type":"page","link":"https:\/\/www.sacmo.com\/fr\/nos-machines-de-conditionnement\/etiqueteuses\/","title":{"rendered":"Etiqueteuses"},"content":{"rendered":"<div id=\"pl-3012\"  class=\"panel-layout\" ><div id=\"pg-3012-0\"  class=\"panel-grid panel-has-style\" ><div class=\"panel-row-style panel-row-style-for-3012-0\" ><div id=\"pgc-3012-0-0\"  class=\"panel-grid-cell\" ><div id=\"panel-3012-0-0-0\" class=\"so-panel widget widget_smartheme_titre_widget panel-first-child\" data-index=\"0\" ><div\n\t\t\t\n\t\t\tclass=\"so-widget-smartheme_titre_widget so-widget-smartheme_titre_widget-default-d75171398898-3012\"\n\t\t\t\n\t\t><div class=\"container_titre center\">\n\t<div class=\"titre\">\n\t\t\t\t<h2>Machine d'\u00e9tiquetage automatique <\/h2>\n\t<\/div>\n\t<\/div><\/div><\/div><div id=\"panel-3012-0-0-1\" class=\"so-panel widget widget_editeur panel-last-child\" data-index=\"1\" ><div\n\t\t\t\n\t\t\tclass=\"so-widget-editeur so-widget-editeur-base\"\n\t\t\t\n\t\t>\t<div class=\"smarttheme_editeur column_text\">\n\t<p>Les standards de tra\u00e7abilit\u00e9, les exigences d\u2019inviolabilit\u00e9, le souhait de personnaliser ou encore de d\u00e9corer des produits expliquent la n\u00e9cessit\u00e9 d\u2019int\u00e9grer des syst\u00e8mes d\u2019\u00e9tiquetage automatiques sur les lignes d\u2019emballage dans de multiples secteurs industriels. Dans le secteur de la pharmaceutique, une \u00e9tiquette peut comporter des informations relatives \u00e0 la tra\u00e7abilit\u00e9, \u00e0 la s\u00e9rialisation ou encore garantir l\u2019inviolabilit\u00e9 du m\u00e9dicament. Dans d\u2019autres secteurs industriels tels que la cosm\u00e9tique, l\u2019application d\u2019\u00e9tiquettes renforce la tra\u00e7abilit\u00e9 des produits et les prot\u00e8ge des contrefa\u00e7ons.Les syst\u00e8mes d\u2019\u00e9tiquetage automatiques permettent d\u2019appliquer les \u00e9tiquettes en face sup\u00e9rieure et\/ou inf\u00e9rieure, lat\u00e9ralement ou de fa\u00e7on circulaire. Si la qualit\u00e9 des adh\u00e9sifs est importante, la m\u00e9thode de pose d\u2019une \u00e9tiquette est primordiale pour garantir un r\u00e9sultat pr\u00e9cis et uniforme. SACMO con\u00e7oit et r\u00e9alise des machines d\u2019\u00e9tiquetage automatiques qui sont \u00e9quip\u00e9es de syst\u00e8mes de contr\u00f4le par cam\u00e9ra afin de garantir la validit\u00e9 des informations inscrites sur les \u00e9tiquettes. SACMO propose \u00e9galement d\u2019int\u00e9grer des fonctions de marquage laser \u00e0 ses \u00e9tiqueteuses. Pour la protection des produits ou la tra\u00e7abilit\u00e9 des cartons, SACMO r\u00e9alise des \u00e9tiqueteuses adapt\u00e9es \u00e0 de multiples applications du d\u00e9but \u00e0 la fin de ligne.<\/p>\n<\/div>\n<\/div><\/div><\/div><\/div><\/div><div id=\"pg-3012-1\"  class=\"panel-grid panel-has-style\" ><div class=\"panel-row-style panel-row-style-for-3012-1\" ><div id=\"pgc-3012-1-0\"  class=\"panel-grid-cell\" ><div id=\"panel-3012-1-0-0\" class=\"so-panel widget widget_smartheme_titre_widget panel-first-child\" data-index=\"2\" ><div\n\t\t\t\n\t\t\tclass=\"so-widget-smartheme_titre_widget so-widget-smartheme_titre_widget-default-d75171398898-3012\"\n\t\t\t\n\t\t><div class=\"container_titre center\">\n\t<div class=\"titre\">\n\t\t\t\t<h2>D\u00e9corez vos tubes avec notre \u00e9tiqueteuse automatique.<\/h2>\n\t<\/div>\n\t<\/div><\/div><\/div><div id=\"panel-3012-1-0-1\" class=\"so-panel widget widget_editeur\" data-index=\"3\" ><div\n\t\t\t\n\t\t\tclass=\"so-widget-editeur so-widget-editeur-base\"\n\t\t\t\n\t\t>\t<div class=\"smarttheme_editeur column_text\">\n\t<p>L\u2019\u00e9tiquetage est aussi un outil de flexibilit\u00e9 puisqu\u2019il permet de personnaliser et de d\u00e9corer des produits directement sur la ligne de conditionnement. SACMO a d\u00e9velopp\u00e9 une \u00e9tiqueteuse capable de d\u00e9corer les tubes en plastique ou en m\u00e9tal en appliquant une \u00e9tiquette auto-adh\u00e9sive de fa\u00e7on circulaire sur toute la surface du tube.<\/p>\n<\/div>\n<\/div><\/div><div id=\"panel-3012-1-0-2\" class=\"so-panel widget widget_smartheme_titre_widget\" data-index=\"4\" ><div\n\t\t\t\n\t\t\tclass=\"so-widget-smartheme_titre_widget so-widget-smartheme_titre_widget-default-d75171398898-3012\"\n\t\t\t\n\t\t><div class=\"container_titre center\">\n\t<div class=\"titre\">\n\t\t\t\t<h3>Etiqueteuse de tubes<\/h3>\n\t<\/div>\n\t<\/div><\/div><\/div><div id=\"panel-3012-1-0-3\" class=\"so-panel widget widget_smarttheme_media_gallery_masonry\" data-index=\"5\" ><div\n\t\t\t\n\t\t\tclass=\"so-widget-smarttheme_media_gallery_masonry so-widget-smarttheme_media_gallery_masonry-default-d75171398898-3012\"\n\t\t\t\n\t\t><div class=\"container_galerie_masonry\">\r\n\t<div class=\"galerie_masonry one_column\">\r\n\t\t\t\t\t\t\t\t<div class=\"container_image rectangle center\" attr-image=\"https:\/\/www.sacmo.com\/fr\/wp-content\/uploads\/2021\/04\/018-ETIQUETEUSE-TUBE-2-1.png\">\r\n\t\t\t\t<div class=\"image center\" style=\"background-image: url(https:\/\/www.sacmo.com\/fr\/wp-content\/uploads\/2021\/04\/018-ETIQUETEUSE-TUBE-2-1.png)\"><\/div>\r\n\t\t\t\t<div class=\"filtre center\" style=\"background-image: linear-gradient(#b91b1d, #b91b1d), url(https:\/\/www.sacmo.com\/fr\/wp-content\/uploads\/2021\/04\/018-ETIQUETEUSE-TUBE-2-1.png);\"><\/div>\r\n\t\t\t\t\t\t\t<\/div>\r\n\t\t\t<\/div>\r\n<\/div>\r\n\r\n<div class=\"fond_popup_masonry\"><\/div>\r\n<div class=\"popup_masonry\">\r\n\t<div class=\"container-prevPopup\"><div class=\"prevPopup\"><\/div><\/div>\r\n\t<div class=\"container-nextPopup\"><div class=\"nextPopup\"><\/div><\/div>\r\n\t<div class=\"popup containerPopup\">\r\n\t\t<div class=\"container_exit\"><div class=\"exit\"><\/div><\/div>\r\n\t\t<div class=\"contenuPopup container\">\r\n\t\t\t<div class=\"row\">\r\n\t\t\t\t<div class=\"col-md-12\">\r\n\t\t\t\t\t<img decoding=\"async\" src=\"\">\r\n\t\t\t\t<\/div>\r\n\t\t\t<\/div>\r\n\t\t<\/div>\r\n\t<\/div>\r\n<\/div><\/div><\/div><div id=\"panel-3012-1-0-4\" class=\"so-panel widget widget_bouton panel-last-child\" data-index=\"6\" ><div\n\t\t\t\n\t\t\tclass=\"so-widget-bouton so-widget-bouton-default-40cd750bba98-3012\"\n\t\t\t\n\t\t><div class=\"container_btn centre\">\r\n\t\t<a href=\"https:\/\/www.sacmo.com\/fr\/nos-machines-de-conditionnement\/etiqueteuses\/etiqueteuse-de-tubes-automatique\/\">\t\r\n\t\t\t<div class=\"btn rouge\">\r\n\t\t\t<span>En savoir plus<\/span>\r\n\t\t<\/div>\r\n\t<\/a>\r\n<\/div>\r\n<\/div><\/div><\/div><\/div><\/div><div id=\"pg-3012-2\"  class=\"panel-grid panel-has-style\" ><div class=\"panel-row-style panel-row-style-for-3012-2\" ><div id=\"pgc-3012-2-0\"  class=\"panel-grid-cell\" ><div id=\"panel-3012-2-0-0\" class=\"so-panel widget widget_smartheme_titre_widget panel-first-child panel-last-child\" data-index=\"7\" ><div\n\t\t\t\n\t\t\tclass=\"so-widget-smartheme_titre_widget so-widget-smartheme_titre_widget-default-d75171398898-3012\"\n\t\t\t\n\t\t><div class=\"container_titre center\">\n\t<div class=\"titre\">\n\t\t\t\t<h2>D\u00e9couvrez nos diff\u00e9rentes machines d\u2019\u00e9tiquetage<\/h2>\n\t<\/div>\n\t<\/div><\/div><\/div><\/div><\/div><\/div><div id=\"pg-3012-3\"  class=\"panel-grid panel-has-style\" ><div class=\"panel-row-style panel-row-style-for-3012-3\" ><div id=\"pgc-3012-3-0\"  class=\"panel-grid-cell\" ><div id=\"panel-3012-3-0-0\" class=\"so-panel widget widget_smartheme_titre_widget panel-first-child\" data-index=\"8\" ><div\n\t\t\t\n\t\t\tclass=\"so-widget-smartheme_titre_widget so-widget-smartheme_titre_widget-default-d75171398898-3012\"\n\t\t\t\n\t\t><div class=\"container_titre center\">\n\t<div class=\"titre\">\n\t\t\t\t<h3>Module d'\u00e9tiquetage avec triple contr\u00f4les<\/h3>\n\t<\/div>\n\t<\/div><\/div><\/div><div id=\"panel-3012-3-0-1\" class=\"so-panel widget widget_smarttheme_media_gallery_masonry\" data-index=\"9\" ><div\n\t\t\t\n\t\t\tclass=\"so-widget-smarttheme_media_gallery_masonry so-widget-smarttheme_media_gallery_masonry-default-d75171398898-3012\"\n\t\t\t\n\t\t><div class=\"container_galerie_masonry\">\r\n\t<div class=\"galerie_masonry one_column\">\r\n\t\t\t\t\t\t\t\t<div class=\"container_image rectangle center\" attr-image=\"https:\/\/www.sacmo.com\/fr\/wp-content\/uploads\/2021\/04\/015-MODULE-DE-MARQUAGE-LASER-ET-ETIQUETAGE-1.png\">\r\n\t\t\t\t<div class=\"image center\" style=\"background-image: url(https:\/\/www.sacmo.com\/fr\/wp-content\/uploads\/2021\/04\/015-MODULE-DE-MARQUAGE-LASER-ET-ETIQUETAGE-1.png)\"><\/div>\r\n\t\t\t\t<div class=\"filtre center\" style=\"background-image: linear-gradient(#b91b1d, #b91b1d), url(https:\/\/www.sacmo.com\/fr\/wp-content\/uploads\/2021\/04\/015-MODULE-DE-MARQUAGE-LASER-ET-ETIQUETAGE-1.png);\"><\/div>\r\n\t\t\t\t\t\t\t<\/div>\r\n\t\t\t<\/div>\r\n<\/div>\r\n\r\n<div class=\"fond_popup_masonry\"><\/div>\r\n<div class=\"popup_masonry\">\r\n\t<div class=\"container-prevPopup\"><div class=\"prevPopup\"><\/div><\/div>\r\n\t<div class=\"container-nextPopup\"><div class=\"nextPopup\"><\/div><\/div>\r\n\t<div class=\"popup containerPopup\">\r\n\t\t<div class=\"container_exit\"><div class=\"exit\"><\/div><\/div>\r\n\t\t<div class=\"contenuPopup container\">\r\n\t\t\t<div class=\"row\">\r\n\t\t\t\t<div class=\"col-md-12\">\r\n\t\t\t\t\t<img decoding=\"async\" src=\"\">\r\n\t\t\t\t<\/div>\r\n\t\t\t<\/div>\r\n\t\t<\/div>\r\n\t<\/div>\r\n<\/div><\/div><\/div><div id=\"panel-3012-3-0-2\" class=\"so-panel widget widget_bouton panel-last-child\" data-index=\"10\" ><div\n\t\t\t\n\t\t\tclass=\"so-widget-bouton so-widget-bouton-default-40cd750bba98-3012\"\n\t\t\t\n\t\t><div class=\"container_btn centre\">\r\n\t\t<a href=\"https:\/\/www.sacmo.com\/fr\/nos-machines-de-conditionnement\/etiqueteuses\/machine-etiquetage-vision-controle\/\">\t\r\n\t\t\t<div class=\"btn rouge\">\r\n\t\t\t<span>En savoir plus<\/span>\r\n\t\t<\/div>\r\n\t<\/a>\r\n<\/div>\r\n<\/div><\/div><\/div><\/div><\/div><div id=\"pg-3012-4\"  class=\"panel-grid panel-has-style\" ><div class=\"panel-row-style panel-row-style-for-3012-4\" ><div id=\"pgc-3012-4-0\"  class=\"panel-grid-cell\" ><div id=\"panel-3012-4-0-0\" class=\"so-panel widget widget_smartheme_titre_widget panel-first-child\" data-index=\"11\" ><div\n\t\t\t\n\t\t\tclass=\"so-widget-smartheme_titre_widget so-widget-smartheme_titre_widget-default-d75171398898-3012\"\n\t\t\t\n\t\t><div class=\"container_titre center\">\n\t<div class=\"titre\">\n\t\t\t\t<h3>Etiqueteuse de fond de flacons<\/h3>\n\t<\/div>\n\t<\/div><\/div><\/div><div id=\"panel-3012-4-0-1\" class=\"so-panel widget widget_smarttheme_media_gallery_masonry\" data-index=\"12\" ><div\n\t\t\t\n\t\t\tclass=\"so-widget-smarttheme_media_gallery_masonry so-widget-smarttheme_media_gallery_masonry-default-d75171398898-3012\"\n\t\t\t\n\t\t><div class=\"container_galerie_masonry\">\r\n\t<div class=\"galerie_masonry one_column\">\r\n\t\t\t\t\t\t\t\t<div class=\"container_image rectangle center\" attr-image=\"https:\/\/www.sacmo.com\/fr\/wp-content\/uploads\/2021\/04\/009-ETIQUETEUSE-FOND-FLACONS-1.png\">\r\n\t\t\t\t<div class=\"image center\" style=\"background-image: url(https:\/\/www.sacmo.com\/fr\/wp-content\/uploads\/2021\/04\/009-ETIQUETEUSE-FOND-FLACONS-1.png)\"><\/div>\r\n\t\t\t\t<div class=\"filtre center\" style=\"background-image: linear-gradient(#b91b1d, #b91b1d), url(https:\/\/www.sacmo.com\/fr\/wp-content\/uploads\/2021\/04\/009-ETIQUETEUSE-FOND-FLACONS-1.png);\"><\/div>\r\n\t\t\t\t\t\t\t<\/div>\r\n\t\t\t<\/div>\r\n<\/div>\r\n\r\n<div class=\"fond_popup_masonry\"><\/div>\r\n<div class=\"popup_masonry\">\r\n\t<div class=\"container-prevPopup\"><div class=\"prevPopup\"><\/div><\/div>\r\n\t<div class=\"container-nextPopup\"><div class=\"nextPopup\"><\/div><\/div>\r\n\t<div class=\"popup containerPopup\">\r\n\t\t<div class=\"container_exit\"><div class=\"exit\"><\/div><\/div>\r\n\t\t<div class=\"contenuPopup container\">\r\n\t\t\t<div class=\"row\">\r\n\t\t\t\t<div class=\"col-md-12\">\r\n\t\t\t\t\t<img decoding=\"async\" src=\"\">\r\n\t\t\t\t<\/div>\r\n\t\t\t<\/div>\r\n\t\t<\/div>\r\n\t<\/div>\r\n<\/div><\/div><\/div><div id=\"panel-3012-4-0-2\" class=\"so-panel widget widget_bouton panel-last-child\" data-index=\"13\" ><div\n\t\t\t\n\t\t\tclass=\"so-widget-bouton so-widget-bouton-default-40cd750bba98-3012\"\n\t\t\t\n\t\t><div class=\"container_btn centre\">\r\n\t\t<a href=\"https:\/\/www.sacmo.com\/fr\/nos-machines-de-conditionnement\/etiqueteuses\/etiqueteuse-automatique-dessous-flacons-parfums\/\">\t\r\n\t\t\t<div class=\"btn rouge\">\r\n\t\t\t<span>En savoir plus<\/span>\r\n\t\t<\/div>\r\n\t<\/a>\r\n<\/div>\r\n<\/div><\/div><\/div><\/div><\/div><div id=\"pg-3012-5\"  class=\"panel-grid panel-has-style\" ><div class=\"panel-row-style panel-row-style-for-3012-5\" ><div id=\"pgc-3012-5-0\"  class=\"panel-grid-cell\" ><div id=\"panel-3012-5-0-0\" class=\"so-panel widget widget_smartheme_titre_widget panel-first-child\" data-index=\"14\" ><div\n\t\t\t\n\t\t\tclass=\"so-widget-smartheme_titre_widget so-widget-smartheme_titre_widget-default-d75171398898-3012\"\n\t\t\t\n\t\t><div class=\"container_titre center\">\n\t<div class=\"titre\">\n\t\t\t\t<h3>Manipulateur avec \u00e9tiquetage<\/h3>\n\t<\/div>\n\t<\/div><\/div><\/div><div id=\"panel-3012-5-0-1\" class=\"so-panel widget widget_smarttheme_media_gallery_masonry\" data-index=\"15\" ><div\n\t\t\t\n\t\t\tclass=\"so-widget-smarttheme_media_gallery_masonry so-widget-smarttheme_media_gallery_masonry-default-d75171398898-3012\"\n\t\t\t\n\t\t><div class=\"container_galerie_masonry\">\r\n\t<div class=\"galerie_masonry one_column\">\r\n\t\t\t\t\t\t\t\t<div class=\"container_image rectangle center\" attr-image=\"https:\/\/www.sacmo.com\/fr\/wp-content\/uploads\/2021\/04\/004-MANIPULATEUR-3EN1-1.png\">\r\n\t\t\t\t<div class=\"image center\" style=\"background-image: url(https:\/\/www.sacmo.com\/fr\/wp-content\/uploads\/2021\/04\/004-MANIPULATEUR-3EN1-1.png)\"><\/div>\r\n\t\t\t\t<div class=\"filtre center\" style=\"background-image: linear-gradient(#b91b1d, #b91b1d), url(https:\/\/www.sacmo.com\/fr\/wp-content\/uploads\/2021\/04\/004-MANIPULATEUR-3EN1-1.png);\"><\/div>\r\n\t\t\t\t\t\t\t<\/div>\r\n\t\t\t<\/div>\r\n<\/div>\r\n\r\n<div class=\"fond_popup_masonry\"><\/div>\r\n<div class=\"popup_masonry\">\r\n\t<div class=\"container-prevPopup\"><div class=\"prevPopup\"><\/div><\/div>\r\n\t<div class=\"container-nextPopup\"><div class=\"nextPopup\"><\/div><\/div>\r\n\t<div class=\"popup containerPopup\">\r\n\t\t<div class=\"container_exit\"><div class=\"exit\"><\/div><\/div>\r\n\t\t<div class=\"contenuPopup container\">\r\n\t\t\t<div class=\"row\">\r\n\t\t\t\t<div class=\"col-md-12\">\r\n\t\t\t\t\t<img decoding=\"async\" src=\"\">\r\n\t\t\t\t<\/div>\r\n\t\t\t<\/div>\r\n\t\t<\/div>\r\n\t<\/div>\r\n<\/div><\/div><\/div><div id=\"panel-3012-5-0-2\" class=\"so-panel widget widget_bouton panel-last-child\" data-index=\"16\" ><div\n\t\t\t\n\t\t\tclass=\"so-widget-bouton so-widget-bouton-default-40cd750bba98-3012\"\n\t\t\t\n\t\t><div class=\"container_btn centre\">\r\n\t\t<a href=\"https:\/\/www.sacmo.com\/fr\/nos-machines-de-conditionnement\/manipulateur-de-capot\/manipulateur-etiqueteuse\/\">\t\r\n\t\t\t<div class=\"btn rouge\">\r\n\t\t\t<span>En savoir plus<\/span>\r\n\t\t<\/div>\r\n\t<\/a>\r\n<\/div>\r\n<\/div><\/div><\/div><\/div><\/div><\/div>","protected":false},"excerpt":{"rendered":"<p>Machine d&rsquo;\u00e9tiquetage automatique Les standards de tra\u00e7abilit\u00e9, les exigences d\u2019inviolabilit\u00e9, le souhait de personnaliser ou encore de d\u00e9corer des produits [&hellip;]<\/p>\n","protected":false},"author":2,"featured_media":3016,"parent":641,"menu_order":0,"comment_status":"closed","ping_status":"closed","template":"","meta":{"content-type":"","footnotes":""},"class_list":["post-3012","page","type-page","status-publish","has-post-thumbnail","hentry"],"_links":{"self":[{"href":"https:\/\/www.sacmo.com\/fr\/wp-json\/wp\/v2\/pages\/3012","targetHints":{"allow":["GET"]}}],"collection":[{"href":"https:\/\/www.sacmo.com\/fr\/wp-json\/wp\/v2\/pages"}],"about":[{"href":"https:\/\/www.sacmo.com\/fr\/wp-json\/wp\/v2\/types\/page"}],"author":[{"embeddable":true,"href":"https:\/\/www.sacmo.com\/fr\/wp-json\/wp\/v2\/users\/2"}],"replies":[{"embeddable":true,"href":"https:\/\/www.sacmo.com\/fr\/wp-json\/wp\/v2\/comments?post=3012"}],"version-history":[{"count":29,"href":"https:\/\/www.sacmo.com\/fr\/wp-json\/wp\/v2\/pages\/3012\/revisions"}],"predecessor-version":[{"id":3627,"href":"https:\/\/www.sacmo.com\/fr\/wp-json\/wp\/v2\/pages\/3012\/revisions\/3627"}],"up":[{"embeddable":true,"href":"https:\/\/www.sacmo.com\/fr\/wp-json\/wp\/v2\/pages\/641"}],"wp:featuredmedia":[{"embeddable":true,"href":"https:\/\/www.sacmo.com\/fr\/wp-json\/wp\/v2\/media\/3016"}],"wp:attachment":[{"href":"https:\/\/www.sacmo.com\/fr\/wp-json\/wp\/v2\/media?parent=3012"}],"curies":[{"name":"wp","href":"https:\/\/api.w.org\/{rel}","templated":true}]}}