{"id":246,"date":"2020-11-06T11:32:57","date_gmt":"2020-11-06T10:32:57","guid":{"rendered":"http:\/\/www.sacmo.com\/?page_id=246"},"modified":"2025-03-13T11:12:37","modified_gmt":"2025-03-13T10:12:37","slug":"atelier-dusinage","status":"publish","type":"page","link":"https:\/\/www.sacmo.com\/fr\/specialiste-du-conditionnement\/atelier-dusinage\/","title":{"rendered":"Atelier d&rsquo;usinage"},"content":{"rendered":"<div id=\"pl-246\"  class=\"panel-layout\" ><div id=\"pg-246-0\"  class=\"panel-grid panel-has-style\" ><div class=\"panel-row-style panel-row-style-for-246-0\" ><div id=\"pgc-246-0-0\"  class=\"panel-grid-cell\" ><div id=\"panel-246-0-0-0\" class=\"so-panel widget widget_smartheme_titre_widget panel-first-child\" data-index=\"0\" ><div\n\t\t\t\n\t\t\tclass=\"so-widget-smartheme_titre_widget so-widget-smartheme_titre_widget-default-d75171398898-246\"\n\t\t\t\n\t\t><div class=\"container_titre center\">\n\t<div class=\"titre\">\n\t\t\t\t<h2>Vous \u00eates industriels et cherchez un sous-traitant en usinage pour fabriquer vos pi\u00e8ces m\u00e9caniques ? Nous disposons de toutes les comp\u00e9tences pour vous satisfaire.<\/h2>\n\t<\/div>\n\t<\/div><\/div><\/div><div id=\"panel-246-0-0-1\" class=\"so-panel widget widget_editeur panel-last-child\" data-index=\"1\" ><div\n\t\t\t\n\t\t\tclass=\"so-widget-editeur so-widget-editeur-base\"\n\t\t\t\n\t\t>\t\t\t<div class=\"smarttheme_editeur\">\n\t\t<p><span style=\"font-size: 14pt;\">La m\u00e9canique de pr\u00e9cision est au c\u0153ur des activit\u00e9s de la SACMO depuis sa cr\u00e9ation en 1981. Notre atelier d\u2019usinage est compos\u00e9 aujourd\u2019hui d\u2019environ 20 techniciens exp\u00e9riment\u00e9s et pr\u00e8s de 40 machines d\u2019usinage. Nos \u00e9quipes font preuve d\u2019une expertise incontestable dans les diff\u00e9rentes techniques d\u2019usinage en m\u00e9thode conventionnelle ou \u00e0 commande num\u00e9rique. Ils r\u00e9alisent les pi\u00e8ces d\u2019outillage des plus simples aux plus complexes. Nous produisons les pi\u00e8ces pour notre activit\u00e9 de machines de conditionnement et nous fabriquons \u00e9galement des pi\u00e8ces unitaires, en petites ou moyennes s\u00e9ries pour d\u2019autres industriels.<\/span><\/p>\n<\/div>\n<\/div><\/div><\/div><\/div><\/div><div id=\"pg-246-1\"  class=\"panel-grid panel-no-style\" ><div id=\"pgc-246-1-0\"  class=\"panel-grid-cell\" ><div id=\"panel-246-1-0-0\" class=\"so-panel widget widget_image-text panel-first-child panel-last-child\" data-index=\"2\" ><div class=\"panel-widget-style panel-widget-style-for-246-1-0-0\" ><div\n\t\t\t\n\t\t\tclass=\"so-widget-image-text so-widget-image-text-default-40cd750bba98-246\"\n\t\t\t\n\t\t>\r\n<div class=\"container_image_texte\">\r\n\t<div class=\"image_texte\" style=\"background-image: url(https:\/\/www.sacmo.com\/fr\/wp-content\/uploads\/2025\/03\/Retouches-Nouveaux-tours-3-768x512.jpg)\">\r\n\t\t<div class=\"filter white-filter\" style=\"background-color: #fff; background-image: url(https:\/\/www.sacmo.com\/fr\/wp-content\/uploads\/2025\/03\/Retouches-Nouveaux-tours-3-768x512.jpg) \"><\/div>\r\n\t\t<div class=\"container_texte\">\r\n\t\t\t\t\t\t\t\t\t\t\t\t\t\t\t\t<div class=\"container_button red\">\r\n\t\t\t\t\t<a href=\"https:\/\/www.sacmo.com\/fr\/blog\/2025\/03\/13\/sacmo-redynamise-son-atelier-avec-des-machines-de-haute-precision\/\" >\r\n\t\t\t\t\t\t<div class=\"button\">\r\n\t\t\t\t\t\t\t<span>D\u00e9couvrez nos nouveaux tours num\u00e9riques<\/span>\r\n\t\t\t\t\t\t<\/div>\r\n\t\t\t\t\t<\/a>\r\n\t\t\t\t<\/div>\r\n\t\t\t\t\t\t\t\t<\/div>\r\n\t<\/div>\r\n<\/div><\/div><\/div><\/div><\/div><\/div><div id=\"pg-246-2\"  class=\"panel-grid panel-has-style\" ><div class=\"panel-row-style panel-row-style-for-246-2\" ><div id=\"pgc-246-2-0\"  class=\"panel-grid-cell\" ><div id=\"panel-246-2-0-0\" class=\"so-panel widget widget_smart-image panel-first-child panel-last-child\" data-index=\"3\" ><div\n\t\t\t\n\t\t\tclass=\"so-widget-smart-image so-widget-smart-image-default-40cd750bba98-246\"\n\t\t\t\n\t\t><div class=\"sow-image-container\">\n\t<div class=\"containerSmartImage right-center   ajuster\"><div class=\"chargementSmartImage\"><div class=\"containerLoader\"><div class=\"loader\"><\/div><\/div><\/div><div style=\"background-image: url(https:\/\/www.sacmo.com\/fr\/wp-content\/uploads\/2020\/11\/sacom_atelier_usinage_2-1-768x512.jpg);\" class=\"smartImage carre \"><\/div><\/div>\t<\/div>\n\n<\/div><\/div><\/div><div id=\"pgc-246-2-1\"  class=\"panel-grid-cell\" ><div id=\"panel-246-2-1-0\" class=\"so-panel widget widget_smartheme_titre_widget panel-first-child\" data-index=\"4\" ><div\n\t\t\t\n\t\t\tclass=\"so-widget-smartheme_titre_widget so-widget-smartheme_titre_widget-default-d75171398898-246\"\n\t\t\t\n\t\t><div class=\"container_titre left\">\n\t<div class=\"titre\">\n\t\t\t\t<h3>NOS SERVICES<\/h3>\n\t<\/div>\n\t<\/div><\/div><\/div><div id=\"panel-246-2-1-1\" class=\"so-panel widget widget_editeur panel-last-child\" data-index=\"5\" ><div\n\t\t\t\n\t\t\tclass=\"so-widget-editeur so-widget-editeur-base\"\n\t\t\t\n\t\t>\t\t\t<div class=\"smarttheme_editeur\">\n\t\t<ul>\n<li><span style=\"font-size: 16px;\">Devis rapides et gratuits<\/span><\/li>\n<li><span style=\"font-size: 16px;\">\u00c9tude, conseils et solutions de fabrication adapt\u00e9s \u00e0 votre demande<\/span><\/li>\n<li><span style=\"font-size: 16px;\">Large stock de mati\u00e8res premi\u00e8res<\/span><\/li>\n<li><span style=\"font-size: 16px;\">R\u00e9alisation de prototypes<\/span><\/li>\n<li><span style=\"font-size: 16px;\">Modification de pi\u00e8ces existantes<\/span><\/li>\n<li><span style=\"font-size: 16px;\">Assemblage et mise au point de sous-ensembles et de pi\u00e8ces m\u00e9cano-soud\u00e9s<\/span><\/li>\n<li><span style=\"font-size: 16px;\">Traitements thermiques et traitements de surfaces possibles<\/span><\/li>\n<li><span style=\"font-size: 16px;\">Emballage soign\u00e9 et calages adapt\u00e9s<\/span><\/li>\n<li><span style=\"font-size: 16px;\">Livraison et montage sur votre site<\/span><\/li>\n<\/ul>\n<\/div>\n<\/div><\/div><\/div><\/div><\/div><div id=\"pg-246-3\"  class=\"panel-grid panel-has-style\" ><div class=\"panel-row-style panel-row-style-for-246-3\" ><div id=\"pgc-246-3-0\"  class=\"panel-grid-cell\" ><div id=\"panel-246-3-0-0\" class=\"so-panel widget widget_image-text panel-first-child panel-last-child\" data-index=\"6\" ><div\n\t\t\t\n\t\t\tclass=\"so-widget-image-text so-widget-image-text-default-40cd750bba98-246\"\n\t\t\t\n\t\t>\r\n<div class=\"container_image_texte\">\r\n\t<div class=\"image_texte\" style=\"background-image: url(https:\/\/www.sacmo.com\/fr\/wp-content\/uploads\/2020\/11\/sacmo_dessinateurs-1-768x432.jpg)\">\r\n\t\t<div class=\"filter white-filter\" style=\"background-color: #fff; background-image: url(https:\/\/www.sacmo.com\/fr\/wp-content\/uploads\/2020\/11\/sacmo_dessinateurs-1-768x432.jpg) \"><\/div>\r\n\t\t<div class=\"container_texte\">\r\n\t\t\t\t\t\t\t\t\t\t\t\t\t<div class=\"texte_haut black\">\r\n\t\t\t\t\t<p>Vous ne disposez pas de plans pour vos pi\u00e8ces \u00e0 fabriquer ? <br \/>\nNotre bureau d\u2019\u00e9tudes peut dessiner les pi\u00e8ces dont vous avez besoin <br \/>\net vous conseiller en cas de besoin.<\/p>\r\n\t\t\t\t<\/div>\r\n\t\t\t\t\t\t\t\t\t\t<div class=\"container_button red\">\r\n\t\t\t\t\t<a href=\"https:\/\/www.sacmo.com\/fr\/specialiste-du-conditionnement\/bureau-detudes\/\" >\r\n\t\t\t\t\t\t<div class=\"button\">\r\n\t\t\t\t\t\t\t<span>d\u00e9couvrez le bureau d\u2019\u00e9tudes<\/span>\r\n\t\t\t\t\t\t<\/div>\r\n\t\t\t\t\t<\/a>\r\n\t\t\t\t<\/div>\r\n\t\t\t\t\t\t\t\t\t\t<div class=\"texte_bas black\">\r\n\t\t\t\t\t<p>Nous respectons la confidentialit\u00e9 des plans que vous nous transmettez.<\/p>\r\n\t\t\t\t<\/div>\r\n\t\t\t\t\t<\/div>\r\n\t<\/div>\r\n<\/div><\/div><\/div><\/div><div id=\"pgc-246-3-1\"  class=\"panel-grid-cell\" ><div id=\"panel-246-3-1-0\" class=\"so-panel widget widget_image-text panel-first-child panel-last-child\" data-index=\"7\" ><div\n\t\t\t\n\t\t\tclass=\"so-widget-image-text so-widget-image-text-default-40cd750bba98-246\"\n\t\t\t\n\t\t>\r\n<div class=\"container_image_texte\">\r\n\t<div class=\"image_texte\" style=\"background-image: url(https:\/\/www.sacmo.com\/fr\/wp-content\/uploads\/2020\/08\/sacmo_leader_ligne_de_conditionnement-1-768x512.jpg)\">\r\n\t\t<div class=\"filter \" style=\"background-color: #b91b1d; background-image: url(https:\/\/www.sacmo.com\/fr\/wp-content\/uploads\/2020\/08\/sacmo_leader_ligne_de_conditionnement-1-768x512.jpg) \"><\/div>\r\n\t\t<div class=\"container_texte\">\r\n\t\t\t\t\t\t\t\t\t\t\t\t\t<div class=\"texte_haut white\">\r\n\t\t\t\t\t<p>Nous assurons le montage et la mise au point des sous-ensembles m\u00e9caniques <br \/>\ndans notre atelier d\u2019assemblage.<\/p>\r\n\t\t\t\t<\/div>\r\n\t\t\t\t\t\t\t\t\t\t<div class=\"container_button white\">\r\n\t\t\t\t\t<a href=\"https:\/\/www.sacmo.com\/fr\/specialiste-du-conditionnement\/atelier-dassemblage\/\" >\r\n\t\t\t\t\t\t<div class=\"button\">\r\n\t\t\t\t\t\t\t<span>d\u00e9couvrez l\u2019atelier d\u2019assemblage<\/span>\r\n\t\t\t\t\t\t<\/div>\r\n\t\t\t\t\t<\/a>\r\n\t\t\t\t<\/div>\r\n\t\t\t\t\t\t\t\t\t\t<div class=\"texte_bas white\">\r\n\t\t\t\t\t<p>Un contr\u00f4le de qualit\u00e9 vous assure pr\u00e9cision et conformit\u00e9 de r\u00e9alisation.<\/p>\r\n\t\t\t\t<\/div>\r\n\t\t\t\t\t<\/div>\r\n\t<\/div>\r\n<\/div><\/div><\/div><\/div><\/div><\/div><div id=\"pg-246-4\"  class=\"panel-grid panel-has-style\" ><div class=\"panel-row-style panel-row-style-for-246-4\" ><div id=\"pgc-246-4-0\"  class=\"panel-grid-cell\" ><div id=\"panel-246-4-0-0\" class=\"so-panel widget widget_smartheme_titre_widget panel-first-child\" data-index=\"8\" ><div\n\t\t\t\n\t\t\tclass=\"so-widget-smartheme_titre_widget so-widget-smartheme_titre_widget-default-d75171398898-246\"\n\t\t\t\n\t\t><div class=\"container_titre left\">\n\t<div class=\"titre\">\n\t\t\t\t<h3>NOS TECHNIQUES<\/h3>\n\t<\/div>\n\t<\/div><\/div><\/div><div id=\"panel-246-4-0-1\" class=\"so-panel widget widget_editeur panel-last-child\" data-index=\"9\" ><div\n\t\t\t\n\t\t\tclass=\"so-widget-editeur so-widget-editeur-base\"\n\t\t\t\n\t\t>\t<div class=\"smarttheme_editeur column_text\">\n\t<ul>\n<li><span style=\"font-size: 16px;\">CAO<\/span><\/li>\n<li><span style=\"font-size: 16px;\">Fraisage \u00e0 commande num\u00e9rique<\/span><\/li>\n<li><span style=\"font-size: 16px;\">Tournage \u00e0 commande num\u00e9rique<\/span><\/li>\n<li><span style=\"font-size: 16px;\">Fraisage CNC avec plateau aspirant<\/span><\/li>\n<li><span style=\"font-size: 16px;\">Electro\u00e9rosion \u00e0 fil<\/span><\/li>\n<li><span style=\"font-size: 16px;\">Fraisage conventionnel<\/span><\/li>\n<li><span style=\"font-size: 16px;\">Al\u00e9sage<\/span><\/li>\n<li><span style=\"font-size: 16px;\">Tournage conventionnel<\/span><\/li>\n<li><span style=\"font-size: 16px;\">Sciage<\/span><\/li>\n<li><span style=\"font-size: 16px;\">Per\u00e7age<\/span><\/li>\n<li><span style=\"font-size: 16px;\">Rectification<\/span><\/li>\n<li><span style=\"font-size: 16px;\">Soudure<\/span><\/li>\n<\/ul>\n<\/div>\n<\/div><\/div><\/div><div id=\"pgc-246-4-1\"  class=\"panel-grid-cell\" ><div id=\"panel-246-4-1-0\" class=\"so-panel widget widget_smart-image panel-first-child panel-last-child\" data-index=\"10\" ><div\n\t\t\t\n\t\t\tclass=\"so-widget-smart-image so-widget-smart-image-default-40cd750bba98-246\"\n\t\t\t\n\t\t><div class=\"sow-image-container\">\n\t<div class=\"containerSmartImage center-center   ajuster\"><div class=\"chargementSmartImage\"><div class=\"containerLoader\"><div class=\"loader\"><\/div><\/div><\/div><div style=\"background-image: url(https:\/\/www.sacmo.com\/fr\/wp-content\/uploads\/2020\/12\/sacom_atelier_usinage_6-1-768x432.jpg);\" class=\"smartImage carre \"><\/div><\/div>\t<\/div>\n\n<\/div><\/div><\/div><\/div><\/div><div id=\"pg-246-5\"  class=\"panel-grid panel-has-style\" ><div class=\"panel-row-style panel-row-style-for-246-5\" ><div id=\"pgc-246-5-0\"  class=\"panel-grid-cell\" ><div id=\"panel-246-5-0-0\" class=\"so-panel widget widget_smart-image panel-first-child panel-last-child\" data-index=\"11\" ><div\n\t\t\t\n\t\t\tclass=\"so-widget-smart-image so-widget-smart-image-default-40cd750bba98-246\"\n\t\t\t\n\t\t><div class=\"sow-image-container\">\n\t<div class=\"containerSmartImage center-center   ajuster\"><div class=\"chargementSmartImage\"><div class=\"containerLoader\"><div class=\"loader\"><\/div><\/div><\/div><div style=\"background-image: url(https:\/\/www.sacmo.com\/fr\/wp-content\/uploads\/2020\/11\/sacom_atelier_usinage_6-1-768x432.jpg);\" class=\"smartImage carre \"><\/div><\/div>\t<\/div>\n\n<\/div><\/div><\/div><div id=\"pgc-246-5-1\"  class=\"panel-grid-cell\" ><div id=\"panel-246-5-1-0\" class=\"so-panel widget widget_smartheme_titre_widget panel-first-child\" data-index=\"12\" ><div\n\t\t\t\n\t\t\tclass=\"so-widget-smartheme_titre_widget so-widget-smartheme_titre_widget-default-d75171398898-246\"\n\t\t\t\n\t\t><div class=\"container_titre left\">\n\t<div class=\"titre\">\n\t\t\t\t<h3>NOTRE PARC DE MACHINES<\/h3>\n\t<\/div>\n\t<\/div><\/div><\/div><div id=\"panel-246-5-1-1\" class=\"so-panel widget widget_editeur panel-last-child\" data-index=\"13\" ><div\n\t\t\t\n\t\t\tclass=\"so-widget-editeur so-widget-editeur-base\"\n\t\t\t\n\t\t>\t<div class=\"smarttheme_editeur column_text\">\n\t<ul>\n<li><span style=\"font-size: 16px\">Imprimante 3D<\/span><\/li>\n<li><span style=\"font-size: 16px\">Bras de contr\u00f4le 3D<\/span><\/li>\n<li><span style=\"font-size: 16px\">Scies<\/span><\/li>\n<li><span style=\"font-size: 16px\">Machines \u00e0 \u00e9lectro\u00e9rosion<\/span><\/li>\n<li><span style=\"font-size: 16px\">Centres d\u2019usinage \u00e0 commande num\u00e9rique (4, 5 et 6 axes)<\/span><\/li>\n<li><span style=\"font-size: 16px\">Al\u00e9seuse<\/span><\/li>\n<li><span style=\"font-size: 16px\">Fraiseuses<\/span><\/li>\n<li><span style=\"font-size: 16px\">Tours num\u00e9riques<\/span><\/li>\n<li><span style=\"font-size: 16px\">Table aspirante<\/span><\/li>\n<li><span style=\"font-size: 16px\">Perceuses<\/span><\/li>\n<li><span style=\"font-size: 16px\">Rectifieuse plane<\/span><\/li>\n<li><span style=\"font-size: 16px\">Presse<\/span><\/li>\n<li><span style=\"font-size: 16px\">Poste de soudure<\/span><\/li>\n<li><span style=\"font-size: 16px\">Graveuse laser<\/span><\/li>\n<\/ul>\n<\/div>\n<\/div><\/div><\/div><\/div><\/div><div id=\"pg-246-6\"  class=\"panel-grid panel-has-style\" ><div class=\"panel-row-style panel-row-style-for-246-6\" ><div id=\"pgc-246-6-0\"  class=\"panel-grid-cell panel-grid-cell-mobile-last\" ><div id=\"panel-246-6-0-0\" class=\"so-panel widget widget_smartheme_titre_widget panel-first-child\" data-index=\"14\" ><div\n\t\t\t\n\t\t\tclass=\"so-widget-smartheme_titre_widget so-widget-smartheme_titre_widget-default-d75171398898-246\"\n\t\t\t\n\t\t><div class=\"container_titre left\">\n\t<div class=\"titre\">\n\t\t\t\t<h3>NOS LOGICIELS<\/h3>\n\t<\/div>\n\t<\/div><\/div><\/div><div id=\"panel-246-6-0-1\" class=\"so-panel widget widget_editeur panel-last-child\" data-index=\"15\" ><div\n\t\t\t\n\t\t\tclass=\"so-widget-editeur so-widget-editeur-base\"\n\t\t\t\n\t\t>\t\t\t<div class=\"smarttheme_editeur\">\n\t\t<ul>\n<li><span style=\"font-size: 16px;\">Solidworks<\/span><\/li>\n<li><span style=\"font-size: 16px;\">Solidcam<\/span><\/li>\n<\/ul>\n<\/div>\n<\/div><\/div><\/div><div id=\"pgc-246-6-1\"  class=\"panel-grid-cell panel-grid-cell-empty\" ><\/div><\/div><\/div><div id=\"pg-246-7\"  class=\"panel-grid panel-has-style\" ><div class=\"panel-row-style panel-row-style-for-246-7\" ><div id=\"pgc-246-7-0\"  class=\"panel-grid-cell\" ><div id=\"panel-246-7-0-0\" class=\"so-panel widget widget_smartheme_titre_widget panel-first-child\" data-index=\"16\" ><div\n\t\t\t\n\t\t\tclass=\"so-widget-smartheme_titre_widget so-widget-smartheme_titre_widget-default-d75171398898-246\"\n\t\t\t\n\t\t><div class=\"container_titre center\">\n\t<div class=\"titre\">\n\t\t\t\t<h3>MATI\u00c8RES TRAVAILL\u00c9ES<\/h3>\n\t<\/div>\n\t<\/div><\/div><\/div><div id=\"panel-246-7-0-1\" class=\"so-panel widget widget_editeur panel-last-child\" data-index=\"17\" ><div\n\t\t\t\n\t\t\tclass=\"so-widget-editeur so-widget-editeur-base\"\n\t\t\t\n\t\t>\t\t\t<div class=\"smarttheme_editeur\">\n\t\t<p style=\"text-align: center;\"><span style=\"font-size: 16px;\">Notre priorit\u00e9 \u00e9tant de servir nos clients dans les plus brefs d\u00e9lais, nous disposons d\u2019un stock \u00e9tendu de mati\u00e8res et de nuances dans des dimensions multiples.<\/span><\/p>\n<\/div>\n<\/div><\/div><\/div><\/div><\/div><div id=\"pg-246-8\"  class=\"panel-grid panel-has-style\" ><div class=\"panel-row-style panel-row-style-for-246-8\" ><div id=\"pgc-246-8-0\"  class=\"panel-grid-cell\" ><div id=\"panel-246-8-0-0\" class=\"so-panel widget widget_smartheme_titre_widget panel-first-child\" data-index=\"18\" ><div\n\t\t\t\n\t\t\tclass=\"so-widget-smartheme_titre_widget so-widget-smartheme_titre_widget-default-d75171398898-246\"\n\t\t\t\n\t\t><div class=\"container_titre left\">\n\t<div class=\"titre\">\n\t\t\t\t<h4>M\u00e9taux<\/h4>\n\t<\/div>\n\t<\/div><\/div><\/div><div id=\"panel-246-8-0-1\" class=\"so-panel widget widget_editeur panel-last-child\" data-index=\"19\" ><div\n\t\t\t\n\t\t\tclass=\"so-widget-editeur so-widget-editeur-base\"\n\t\t\t\n\t\t>\t\t\t<div class=\"smarttheme_editeur column_three_text\">\n\t\t<ul>\n<li style=\"text-align: left;\">Aciers standards et sp\u00e9ciaux<\/li>\n<li style=\"text-align: left;\">Aciers inoxydables<\/li>\n<li>Fonte<\/li>\n<li>Aluminium<\/li>\n<li>Bronze<\/li>\n<li>Laiton<\/li>\n<\/ul>\n<\/div>\n<\/div><\/div><\/div><div id=\"pgc-246-8-1\"  class=\"panel-grid-cell\" ><div id=\"panel-246-8-1-0\" class=\"so-panel widget widget_smartheme_titre_widget panel-first-child\" data-index=\"20\" ><div\n\t\t\t\n\t\t\tclass=\"so-widget-smartheme_titre_widget so-widget-smartheme_titre_widget-default-d75171398898-246\"\n\t\t\t\n\t\t><div class=\"container_titre left\">\n\t<div class=\"titre\">\n\t\t\t\t<h4>Plastiques<\/h4>\n\t<\/div>\n\t<\/div><\/div><\/div><div id=\"panel-246-8-1-1\" class=\"so-panel widget widget_editeur panel-last-child\" data-index=\"21\" ><div\n\t\t\t\n\t\t\tclass=\"so-widget-editeur so-widget-editeur-base\"\n\t\t\t\n\t\t>\t<div class=\"smarttheme_editeur column_text\">\n\t<ul>\n<li>PEHD<\/li>\n<li>Polycarbonate<\/li>\n<li>MSoft<\/li>\n<li>POM<\/li>\n<\/ul>\n<\/div>\n<\/div><\/div><\/div><div id=\"pgc-246-8-2\"  class=\"panel-grid-cell\" ><div id=\"panel-246-8-2-0\" class=\"so-panel widget widget_smartheme_titre_widget panel-first-child\" data-index=\"22\" ><div\n\t\t\t\n\t\t\tclass=\"so-widget-smartheme_titre_widget so-widget-smartheme_titre_widget-default-d75171398898-246\"\n\t\t\t\n\t\t><div class=\"container_titre left\">\n\t<div class=\"titre\">\n\t\t\t\t<h4>Mati\u00e8res sp\u00e9ciales<\/h4>\n\t<\/div>\n\t<\/div><\/div><\/div><div id=\"panel-246-8-2-1\" class=\"so-panel widget widget_editeur panel-last-child\" data-index=\"23\" ><div\n\t\t\t\n\t\t\tclass=\"so-widget-editeur so-widget-editeur-base\"\n\t\t\t\n\t\t>\t\t\t<div class=\"smarttheme_editeur column_three_text\">\n\t\t<ul>\n<li>Celoron<\/li>\n<li>Vulkollan<\/li>\n<li>Silicone<\/li>\n<\/ul>\n<\/div>\n<\/div><\/div><\/div><\/div><\/div><div id=\"pg-246-9\"  class=\"panel-grid panel-has-style\" ><div class=\"panel-row-style panel-row-style-for-246-9\" ><div id=\"pgc-246-9-0\"  class=\"panel-grid-cell\" ><div id=\"panel-246-9-0-0\" class=\"so-panel widget widget_smartheme_titre_widget panel-first-child\" data-index=\"24\" ><div\n\t\t\t\n\t\t\tclass=\"so-widget-smartheme_titre_widget so-widget-smartheme_titre_widget-default-d75171398898-246\"\n\t\t\t\n\t\t><div class=\"container_titre center\">\n\t<div class=\"titre\">\n\t\t\t\t<h3>R\u00e9alisations<\/h3>\n\t<\/div>\n\t<\/div><\/div><\/div><div id=\"panel-246-9-0-1\" class=\"so-panel widget widget_smarttheme_media_gallery_masonry panel-last-child\" data-index=\"25\" ><div\n\t\t\t\n\t\t\tclass=\"so-widget-smarttheme_media_gallery_masonry so-widget-smarttheme_media_gallery_masonry-default-d75171398898-246\"\n\t\t\t\n\t\t><div class=\"container_galerie_masonry\">\r\n\t<div class=\"galerie_masonry three_column\">\r\n\t\t\t\t\t\t\t\t<div class=\"container_image carre center\" attr-image=\"https:\/\/www.sacmo.com\/fr\/wp-content\/uploads\/2020\/11\/sacmo_chaine_guide_de_convoyeur-1.jpg\">\r\n\t\t\t\t<div class=\"image center\" style=\"background-image: url(https:\/\/www.sacmo.com\/fr\/wp-content\/uploads\/2020\/11\/sacmo_chaine_guide_de_convoyeur-1.jpg)\"><\/div>\r\n\t\t\t\t<div class=\"filtre center\" style=\"background-image: linear-gradient(#b91b1d, #b91b1d), url(https:\/\/www.sacmo.com\/fr\/wp-content\/uploads\/2020\/11\/sacmo_chaine_guide_de_convoyeur-1.jpg);\"><\/div>\r\n\t\t\t\t\t\t\t\t\t<div class=\"container_titre\">\r\n\t\t\t\t\t\t<h3 class=\"titre\">Guides de convoyeurs<\/h3>\r\n\t\t\t\t\t<\/div>\r\n\t\t\t\t\t\t\t<\/div>\r\n\t\t\t\t\t\t\t\t<div class=\"container_image rectangle center\" attr-image=\"https:\/\/www.sacmo.com\/fr\/wp-content\/uploads\/2020\/11\/sacmo_arbres_mecaniques-1.jpg\">\r\n\t\t\t\t<div class=\"image center\" style=\"background-image: url(https:\/\/www.sacmo.com\/fr\/wp-content\/uploads\/2020\/11\/sacmo_arbres_mecaniques-1.jpg)\"><\/div>\r\n\t\t\t\t<div class=\"filtre center\" style=\"background-image: linear-gradient(#b91b1d, #b91b1d), url(https:\/\/www.sacmo.com\/fr\/wp-content\/uploads\/2020\/11\/sacmo_arbres_mecaniques-1.jpg);\"><\/div>\r\n\t\t\t\t\t\t\t\t\t<div class=\"container_titre\">\r\n\t\t\t\t\t\t<h3 class=\"titre\">T\u00eate de vissage avec garniture<\/h3>\r\n\t\t\t\t\t<\/div>\r\n\t\t\t\t\t\t\t<\/div>\r\n\t\t\t\t\t\t\t\t<div class=\"container_image carre center\" attr-image=\"https:\/\/www.sacmo.com\/fr\/wp-content\/uploads\/2020\/11\/sacmo_vis-d-alimentation-1.jpg\">\r\n\t\t\t\t<div class=\"image center\" style=\"background-image: url(https:\/\/www.sacmo.com\/fr\/wp-content\/uploads\/2020\/11\/sacmo_vis-d-alimentation-1.jpg)\"><\/div>\r\n\t\t\t\t<div class=\"filtre center\" style=\"background-image: linear-gradient(#b91b1d, #b91b1d), url(https:\/\/www.sacmo.com\/fr\/wp-content\/uploads\/2020\/11\/sacmo_vis-d-alimentation-1.jpg);\"><\/div>\r\n\t\t\t\t\t\t\t\t\t<div class=\"container_titre\">\r\n\t\t\t\t\t\t<h3 class=\"titre\">Vis d'alimentation<\/h3>\r\n\t\t\t\t\t<\/div>\r\n\t\t\t\t\t\t\t<\/div>\r\n\t\t\t\t\t\t\t\t<div class=\"container_image rectangle center\" attr-image=\"https:\/\/www.sacmo.com\/fr\/wp-content\/uploads\/2020\/11\/sacmo_guides_de_convoyeurs-1-e1621259248103.jpg\">\r\n\t\t\t\t<div class=\"image center\" style=\"background-image: url(https:\/\/www.sacmo.com\/fr\/wp-content\/uploads\/2020\/11\/sacmo_guides_de_convoyeurs-1-e1621259248103.jpg)\"><\/div>\r\n\t\t\t\t<div class=\"filtre center\" style=\"background-image: linear-gradient(#b91b1d, #b91b1d), url(https:\/\/www.sacmo.com\/fr\/wp-content\/uploads\/2020\/11\/sacmo_guides_de_convoyeurs-1-e1621259248103.jpg);\"><\/div>\r\n\t\t\t\t\t\t\t\t\t<div class=\"container_titre\">\r\n\t\t\t\t\t\t<h3 class=\"titre\">Godet anti-rayures<\/h3>\r\n\t\t\t\t\t<\/div>\r\n\t\t\t\t\t\t\t<\/div>\r\n\t\t\t<\/div>\r\n<\/div>\r\n\r\n<div class=\"fond_popup_masonry\"><\/div>\r\n<div class=\"popup_masonry\">\r\n\t<div class=\"container-prevPopup\"><div class=\"prevPopup\"><\/div><\/div>\r\n\t<div class=\"container-nextPopup\"><div class=\"nextPopup\"><\/div><\/div>\r\n\t<div class=\"popup containerPopup\">\r\n\t\t<div class=\"container_exit\"><div class=\"exit\"><\/div><\/div>\r\n\t\t<div class=\"contenuPopup container\">\r\n\t\t\t<div class=\"row\">\r\n\t\t\t\t<div class=\"col-md-12\">\r\n\t\t\t\t\t<img decoding=\"async\" src=\"\">\r\n\t\t\t\t<\/div>\r\n\t\t\t<\/div>\r\n\t\t<\/div>\r\n\t<\/div>\r\n<\/div><\/div><\/div><\/div><\/div><\/div><\/div>","protected":false},"excerpt":{"rendered":"<p>Vous \u00eates industriels et cherchez un sous-traitant en usinage pour fabriquer vos pi\u00e8ces m\u00e9caniques ? Nous disposons de toutes les [&hellip;]<\/p>\n","protected":false},"author":1,"featured_media":248,"parent":129,"menu_order":0,"comment_status":"closed","ping_status":"closed","template":"","meta":{"content-type":"","footnotes":""},"class_list":["post-246","page","type-page","status-publish","has-post-thumbnail","hentry"],"_links":{"self":[{"href":"https:\/\/www.sacmo.com\/fr\/wp-json\/wp\/v2\/pages\/246","targetHints":{"allow":["GET"]}}],"collection":[{"href":"https:\/\/www.sacmo.com\/fr\/wp-json\/wp\/v2\/pages"}],"about":[{"href":"https:\/\/www.sacmo.com\/fr\/wp-json\/wp\/v2\/types\/page"}],"author":[{"embeddable":true,"href":"https:\/\/www.sacmo.com\/fr\/wp-json\/wp\/v2\/users\/1"}],"replies":[{"embeddable":true,"href":"https:\/\/www.sacmo.com\/fr\/wp-json\/wp\/v2\/comments?post=246"}],"version-history":[{"count":39,"href":"https:\/\/www.sacmo.com\/fr\/wp-json\/wp\/v2\/pages\/246\/revisions"}],"predecessor-version":[{"id":5305,"href":"https:\/\/www.sacmo.com\/fr\/wp-json\/wp\/v2\/pages\/246\/revisions\/5305"}],"up":[{"embeddable":true,"href":"https:\/\/www.sacmo.com\/fr\/wp-json\/wp\/v2\/pages\/129"}],"wp:featuredmedia":[{"embeddable":true,"href":"https:\/\/www.sacmo.com\/fr\/wp-json\/wp\/v2\/media\/248"}],"wp:attachment":[{"href":"https:\/\/www.sacmo.com\/fr\/wp-json\/wp\/v2\/media?parent=246"}],"curies":[{"name":"wp","href":"https:\/\/api.w.org\/{rel}","templated":true}]}}