{"id":1842,"date":"2021-04-20T14:34:31","date_gmt":"2021-04-20T12:34:31","guid":{"rendered":"http:\/\/www.sacmo.com\/?page_id=1842"},"modified":"2021-06-22T16:22:35","modified_gmt":"2021-06-22T14:22:35","slug":"table-dalimentation","status":"publish","type":"page","link":"https:\/\/www.sacmo.com\/fr\/nos-machines-de-conditionnement\/distributeurs\/table-dalimentation\/","title":{"rendered":"Table rotative"},"content":{"rendered":"<div id=\"pl-1842\"  class=\"panel-layout\" ><div id=\"pg-1842-0\"  class=\"panel-grid panel-has-style\" ><div class=\"panel-row-style panel-row-style-for-1842-0\" ><div id=\"pgc-1842-0-0\"  class=\"panel-grid-cell\" ><div id=\"panel-1842-0-0-0\" class=\"so-panel widget widget_smartheme_titre_widget panel-first-child\" data-index=\"0\" ><div\n\t\t\t\n\t\t\tclass=\"so-widget-smartheme_titre_widget so-widget-smartheme_titre_widget-default-d75171398898-1842\"\n\t\t\t\n\t\t><div class=\"container_titre left\">\n\t<div class=\"titre\">\n\t\t\t\t<h2>TABLE DE CHARGEMENT - DECHARGEMENT<\/h2>\n\t<\/div>\n\t<\/div><\/div><\/div><div id=\"panel-1842-0-0-1\" class=\"so-panel widget widget_editeur panel-last-child\" data-index=\"1\" ><div\n\t\t\t\n\t\t\tclass=\"so-widget-editeur so-widget-editeur-base\"\n\t\t\t\n\t\t>\t\t\t<div class=\"smarttheme_editeur\">\n\t\t<p>Plac\u00e9e en d\u00e9but de ligne, la table d\u2019accumulation rotative assure une alimentation en continue et s\u00e9curis\u00e9e de la ligne.<\/p>\n<p>L\u2019op\u00e9rateur pousse les pots ou flacons vides de leur caisse et les fait avancer vers le plateau rotatif o\u00f9 ils s\u2019accumulent avant d\u2019\u00eatre transf\u00e9r\u00e9s sur la ligne de conditionnement.<\/p>\n<\/div>\n<\/div><\/div><\/div><\/div><\/div><div id=\"pg-1842-1\"  class=\"panel-grid panel-has-style\" ><div class=\"panel-row-style panel-row-style-for-1842-1\" ><div id=\"pgc-1842-1-0\"  class=\"panel-grid-cell\" ><div id=\"panel-1842-1-0-0\" class=\"so-panel widget widget_smartheme_titre_widget panel-first-child panel-last-child\" data-index=\"2\" ><div\n\t\t\t\n\t\t\tclass=\"so-widget-smartheme_titre_widget so-widget-smartheme_titre_widget-default-d75171398898-1842\"\n\t\t\t\n\t\t><div class=\"container_titre left\">\n\t<div class=\"titre\">\n\t\t\t\t<h2>FONCTIONS DISPONIBLES<\/h2>\n\t<\/div>\n\t<\/div><\/div><\/div><\/div><\/div><\/div><div id=\"pg-1842-2\"  class=\"panel-grid panel-no-style\" ><div id=\"pgc-1842-2-0\"  class=\"panel-grid-cell\" ><div id=\"panel-1842-2-0-0\" class=\"so-panel widget widget_editeur panel-first-child panel-last-child\" data-index=\"3\" ><div\n\t\t\t\n\t\t\tclass=\"so-widget-editeur so-widget-editeur-base\"\n\t\t\t\n\t\t>\t\t\t<div class=\"smarttheme_editeur\">\n\t\t<ul>\n<li><span style=\"color: #b91b1d; font-size: 18px;\"><strong>ALIMENTER<\/strong><\/span><\/li>\n<\/ul>\n<p>L\u2019op\u00e9rateur vide la barquette en poussant les produits vers la table rotative.<\/p>\n<\/div>\n<\/div><\/div><\/div><div id=\"pgc-1842-2-1\"  class=\"panel-grid-cell\" ><div id=\"panel-1842-2-1-0\" class=\"so-panel widget widget_editeur panel-first-child panel-last-child\" data-index=\"4\" ><div\n\t\t\t\n\t\t\tclass=\"so-widget-editeur so-widget-editeur-base\"\n\t\t\t\n\t\t>\t\t\t<div class=\"smarttheme_editeur\">\n\t\t<ul>\n<li><span style=\"color: #b91b1d; font-size: 18px;\"><strong>DISTRIBUER<\/strong><\/span><\/li>\n<\/ul>\n<p>Transfert automatique des produits sur convoyeur pour approvisionner la ligne de conditionnement<\/p>\n<\/div>\n<\/div><\/div><\/div><div id=\"pgc-1842-2-2\"  class=\"panel-grid-cell\" ><div id=\"panel-1842-2-2-0\" class=\"so-panel widget widget_editeur panel-first-child panel-last-child\" data-index=\"5\" ><div\n\t\t\t\n\t\t\tclass=\"so-widget-editeur so-widget-editeur-base\"\n\t\t\t\n\t\t>\t\t\t<div class=\"smarttheme_editeur\">\n\t\t<ul>\n<li><span style=\"color: #b91b1d; font-size: 18px;\"><strong>PROTEGER<\/strong><\/span><\/li>\n<\/ul>\n<p>Possibilit\u00e9 d\u2019ajout d\u2019une protection sup\u00e9rieure en polycarbonate.<\/p>\n<\/div>\n<\/div><\/div><\/div><\/div><div id=\"pg-1842-3\"  class=\"panel-grid panel-has-style\" ><div class=\"panel-row-style panel-row-style-for-1842-3\" ><div id=\"pgc-1842-3-0\"  class=\"panel-grid-cell\" ><div id=\"panel-1842-3-0-0\" class=\"so-panel widget widget_editeur panel-first-child\" data-index=\"6\" ><div\n\t\t\t\n\t\t\tclass=\"so-widget-editeur so-widget-editeur-base\"\n\t\t\t\n\t\t>\t\t\t<div class=\"smarttheme_editeur\">\n\t\t<p style=\"text-align: left;\"><span style=\"font-size: 14pt;\"><strong>Vous souhaitez d\u2019autres fonctions ? Nous \u00e9tudions votre projet.<\/strong><\/span><\/p>\n<\/div>\n<\/div><\/div><div id=\"panel-1842-3-0-1\" class=\"so-panel widget widget_bouton panel-last-child\" data-index=\"7\" ><div\n\t\t\t\n\t\t\tclass=\"so-widget-bouton so-widget-bouton-default-40cd750bba98-1842\"\n\t\t\t\n\t\t><div class=\"container_btn gauche\">\r\n\t\t<a href=\"https:\/\/www.sacmo.com\/fr\/contact\/\">\t\r\n\t\t\t<div class=\"btn rouge\">\r\n\t\t\t<span>Contactez-nous<\/span>\r\n\t\t<\/div>\r\n\t<\/a>\r\n<\/div>\r\n<\/div><\/div><\/div><\/div><\/div><div id=\"pg-1842-4\"  class=\"panel-grid panel-has-style\" ><div class=\"panel-row-style panel-row-style-for-1842-4\" ><div id=\"pgc-1842-4-0\"  class=\"panel-grid-cell\" ><div id=\"panel-1842-4-0-0\" class=\"so-panel widget widget_avantages panel-first-child\" data-index=\"8\" ><div\n\t\t\t\n\t\t\tclass=\"so-widget-avantages so-widget-avantages-default-40cd750bba98-1842\"\n\t\t\t\n\t\t><div class=\"container_avantages\">\r\n\t<div class=\"avantages\">\r\n\t\t<span class=\"plus\">+<\/span>\r\n\t\t<span class=\"plus_min\">+<\/span>\r\n\t\t<div class=\"container_titre\">\r\n\t\t\t<h2>Avantages<\/h2>\r\n\t\t<\/div>\r\n\t\t<div class=\"container_liste_avantages\">\r\n\t\t\t<div class=\"liste_avantage\">\r\n\t\t\t\t<ul>\n<li>Faible encombrement au sol<\/li>\n<li>Multi-format<\/li>\n<li>Solution semi-automatique<\/li>\n<\/ul>\n\t\t\t<\/div>\r\n\t\t<\/div>\r\n\t<\/div>\r\n<\/div><\/div><\/div><div id=\"panel-1842-4-0-1\" class=\"so-panel widget widget_smartheme_titre_widget\" data-index=\"9\" ><div\n\t\t\t\n\t\t\tclass=\"so-widget-smartheme_titre_widget so-widget-smartheme_titre_widget-default-d75171398898-1842\"\n\t\t\t\n\t\t><div class=\"container_titre left\">\n\t<div class=\"titre\">\n\t\t\t\t<h2>APPLICATIONS<\/h2>\n\t<\/div>\n\t<\/div><\/div><\/div><div id=\"panel-1842-4-0-2\" class=\"so-panel widget widget_editeur panel-last-child\" data-index=\"10\" ><div\n\t\t\t\n\t\t\tclass=\"so-widget-editeur so-widget-editeur-base\"\n\t\t\t\n\t\t>\t\t\t<div class=\"smarttheme_editeur\">\n\t\t<ul>\n<li>Pots<\/li>\n<li>Flacons<\/li>\n<\/ul>\n<\/div>\n<\/div><\/div><\/div><div id=\"pgc-1842-4-1\"  class=\"panel-grid-cell\" ><div id=\"panel-1842-4-1-0\" class=\"so-panel widget widget_smart-image panel-first-child panel-last-child\" data-index=\"11\" ><div\n\t\t\t\n\t\t\tclass=\"so-widget-smart-image so-widget-smart-image-default-40cd750bba98-1842\"\n\t\t\t\n\t\t><div class=\"sow-image-container\">\n\t<div class=\"containerSmartImage left-center   ajuster\"><div class=\"chargementSmartImage\"><div class=\"containerLoader\"><div class=\"loader\"><\/div><\/div><\/div><div style=\"background-image: url(https:\/\/www.sacmo.com\/fr\/wp-content\/uploads\/2021\/06\/LIGNE-GRANDS-FLACONS-030-768x576.jpg);\" class=\"smartImage carre \"><\/div><\/div>\t<\/div>\n\n<\/div><\/div><\/div><\/div><\/div><div id=\"pg-1842-5\"  class=\"panel-grid panel-no-style\" ><div id=\"pgc-1842-5-0\"  class=\"panel-grid-cell\" ><div id=\"panel-1842-5-0-0\" class=\"so-panel widget widget_smartheme_titre_widget panel-first-child\" data-index=\"12\" ><div\n\t\t\t\n\t\t\tclass=\"so-widget-smartheme_titre_widget so-widget-smartheme_titre_widget-default-d75171398898-1842\"\n\t\t\t\n\t\t><div class=\"container_titre center\">\n\t<div class=\"titre\">\n\t\t\t\t<h2>Ces solutions peuvent vous int\u00e9resser\u2026<\/h2>\n\t<\/div>\n\t<\/div><\/div><\/div><div id=\"panel-1842-5-0-1\" class=\"so-panel widget widget_vignette panel-last-child\" data-index=\"13\" ><div\n\t\t\t\n\t\t\tclass=\"so-widget-vignette so-widget-vignette-default-40cd750bba98-1842\"\n\t\t\t\n\t\t><div class=\"container_vignettes\">\r\n\t<div class=\"swiper-container\">\r\n\t\t<div class=\"swiper-wrapper\">\t\r\n\t\t\t\t\t\t\t\t\t\t<div class=\"container_vignette swiper-slide fix_height\">\r\n\t\t\t\t\t\t\t\t\t\t\t\t<a href=\"https:\/\/www.sacmo.com\/fr\/nos-machines-de-conditionnement\/distributeurs\/depalettiseur2\/\" >\r\n\t\t\t\t\t\t\t\t\t\t\t\t\t\t<div class=\"display_bock_height\">\r\n\t\t\t\t\t\t\t\t\t\t<div class=\"vignette\" style=\"background-image: url(https:\/\/www.sacmo.com\/fr\/wp-content\/uploads\/2021\/04\/depalletiseur_collaboratif_sacmo-1-768x432.png)\">\r\n\t\t\t\t<div class=\"filter \" style=\"background-color: #b91b1d; background-image: url(https:\/\/www.sacmo.com\/fr\/wp-content\/uploads\/2021\/04\/depalletiseur_collaboratif_sacmo-1-768x432.png) \"><\/div>\r\n\t\t\t\t\t\t\t\t\t<div class=\"container_texte\">\r\n\t\t\t\t\t\t<div class=\"container_titre white\" >\r\n\t\t\t\t\t\t\t<span>Depalettiseur<\/span>\r\n\t\t\t\t\t\t<\/div>\r\n\t\t\t\t\t<\/div>\r\n\t\t\t\t\t\t\t\t\t\t\t\t\t<div class=\"container_button white\">\r\n\t\t\t\t\t\t<div class=\"body_button\">\r\n\t\t\t\t\t\t\t<div class=\"button\">\r\n\t\t\t\t\t\t\t\t<span><\/span>\r\n\t\t\t\t\t\t\t\t<span><\/span>\r\n\t\t\t\t\t\t\t<\/div>\r\n\t\t\t\t\t\t<\/div>\r\n\t\t\t\t\t<\/div>\r\n\t\t\t\t\t\t\t\t\t\t\t<\/div>\r\n\t\t\t\t\t\t\t\t\t\t<\/div>\r\n\t\t\t\t\t\t\t\t\t<\/a>\r\n\t\t\t\t\t<\/div>\r\n\t\t\t\t\t\t\t\t\t\t<div class=\"container_vignette swiper-slide fix_height\">\r\n\t\t\t\t\t\t\t\t\t\t\t\t<a href=\"https:\/\/www.sacmo.com\/fr\/nos-machines-de-conditionnement\/remplisseuses\/\" >\r\n\t\t\t\t\t\t\t\t\t\t\t\t\t\t<div class=\"display_bock_height\">\r\n\t\t\t\t\t\t\t\t\t\t<div class=\"vignette\" style=\"background-image: url(https:\/\/www.sacmo.com\/fr\/wp-content\/uploads\/2021\/04\/remplisseuse_lineaire_sacmo-1-768x432.png)\">\r\n\t\t\t\t<div class=\"filter \" style=\"background-color: #b91b1d; background-image: url(https:\/\/www.sacmo.com\/fr\/wp-content\/uploads\/2021\/04\/remplisseuse_lineaire_sacmo-1-768x432.png) \"><\/div>\r\n\t\t\t\t\t\t\t\t\t<div class=\"container_texte\">\r\n\t\t\t\t\t\t<div class=\"container_titre white\" >\r\n\t\t\t\t\t\t\t<span>Remplisseuse<\/span>\r\n\t\t\t\t\t\t<\/div>\r\n\t\t\t\t\t<\/div>\r\n\t\t\t\t\t\t\t\t\t\t\t\t\t<div class=\"container_button white\">\r\n\t\t\t\t\t\t<div class=\"body_button\">\r\n\t\t\t\t\t\t\t<div class=\"button\">\r\n\t\t\t\t\t\t\t\t<span><\/span>\r\n\t\t\t\t\t\t\t\t<span><\/span>\r\n\t\t\t\t\t\t\t<\/div>\r\n\t\t\t\t\t\t<\/div>\r\n\t\t\t\t\t<\/div>\r\n\t\t\t\t\t\t\t\t\t\t\t<\/div>\r\n\t\t\t\t\t\t\t\t\t\t<\/div>\r\n\t\t\t\t\t\t\t\t\t<\/a>\r\n\t\t\t\t\t<\/div>\r\n\t\t\t\t\t\t\t\t\t\t<div class=\"container_vignette swiper-slide fix_height\">\r\n\t\t\t\t\t\t\t\t\t\t\t\t<a href=\"https:\/\/www.sacmo.com\/fr\/nos-machines-de-conditionnement\/visseuses-boucheuses\/\" >\r\n\t\t\t\t\t\t\t\t\t\t\t\t\t\t<div class=\"display_bock_height\">\r\n\t\t\t\t\t\t\t\t\t\t<div class=\"vignette\" style=\"background-image: url(https:\/\/www.sacmo.com\/fr\/wp-content\/uploads\/2021\/04\/visseuse_x3_sacmo-1-768x432.png)\">\r\n\t\t\t\t<div class=\"filter \" style=\"background-color: #b91b1d; background-image: url(https:\/\/www.sacmo.com\/fr\/wp-content\/uploads\/2021\/04\/visseuse_x3_sacmo-1-768x432.png) \"><\/div>\r\n\t\t\t\t\t\t\t\t\t<div class=\"container_texte\">\r\n\t\t\t\t\t\t<div class=\"container_titre white\" >\r\n\t\t\t\t\t\t\t<span>Visseuse<\/span>\r\n\t\t\t\t\t\t<\/div>\r\n\t\t\t\t\t<\/div>\r\n\t\t\t\t\t\t\t\t\t\t\t\t\t<div class=\"container_button white\">\r\n\t\t\t\t\t\t<div class=\"body_button\">\r\n\t\t\t\t\t\t\t<div class=\"button\">\r\n\t\t\t\t\t\t\t\t<span><\/span>\r\n\t\t\t\t\t\t\t\t<span><\/span>\r\n\t\t\t\t\t\t\t<\/div>\r\n\t\t\t\t\t\t<\/div>\r\n\t\t\t\t\t<\/div>\r\n\t\t\t\t\t\t\t\t\t\t\t<\/div>\r\n\t\t\t\t\t\t\t\t\t\t<\/div>\r\n\t\t\t\t\t\t\t\t\t<\/a>\r\n\t\t\t\t\t<\/div>\r\n\t\t\t\t\t\t\t\t\t\t<div class=\"container_vignette swiper-slide fix_height\">\r\n\t\t\t\t\t\t\t\t\t\t\t\t<a href=\"https:\/\/www.sacmo.com\/fr\/nos-machines-de-conditionnement\/marqueurs-laser\/\" >\r\n\t\t\t\t\t\t\t\t\t\t\t\t\t\t<div class=\"display_bock_height\">\r\n\t\t\t\t\t\t\t\t\t\t<div class=\"vignette\" style=\"background-image: url(https:\/\/www.sacmo.com\/fr\/wp-content\/uploads\/2021\/04\/module_de_marquage_lazer_et_etiquetage_sacmo-1.png-1-768x432.png)\">\r\n\t\t\t\t<div class=\"filter \" style=\"background-color: #b91b1d; background-image: url(https:\/\/www.sacmo.com\/fr\/wp-content\/uploads\/2021\/04\/module_de_marquage_lazer_et_etiquetage_sacmo-1.png-1-768x432.png) \"><\/div>\r\n\t\t\t\t\t\t\t\t\t<div class=\"container_texte\">\r\n\t\t\t\t\t\t<div class=\"container_titre white\" >\r\n\t\t\t\t\t\t\t<span>Marqueur laser<\/span>\r\n\t\t\t\t\t\t<\/div>\r\n\t\t\t\t\t<\/div>\r\n\t\t\t\t\t\t\t\t\t\t\t\t\t<div class=\"container_button white\">\r\n\t\t\t\t\t\t<div class=\"body_button\">\r\n\t\t\t\t\t\t\t<div class=\"button\">\r\n\t\t\t\t\t\t\t\t<span><\/span>\r\n\t\t\t\t\t\t\t\t<span><\/span>\r\n\t\t\t\t\t\t\t<\/div>\r\n\t\t\t\t\t\t<\/div>\r\n\t\t\t\t\t<\/div>\r\n\t\t\t\t\t\t\t\t\t\t\t<\/div>\r\n\t\t\t\t\t\t\t\t\t\t<\/div>\r\n\t\t\t\t\t\t\t\t\t<\/a>\r\n\t\t\t\t\t<\/div>\r\n\t\t\t\t\t\t\t\t\t\t<div class=\"container_vignette swiper-slide fix_height\">\r\n\t\t\t\t\t\t\t\t\t\t\t\t<a href=\"https:\/\/www.sacmo.com\/fr\/nos-machines-de-conditionnement\/etiqueteuses\/\" >\r\n\t\t\t\t\t\t\t\t\t\t\t\t\t\t<div class=\"display_bock_height\">\r\n\t\t\t\t\t\t\t\t\t\t<div class=\"vignette\" style=\"background-image: url(https:\/\/www.sacmo.com\/fr\/wp-content\/uploads\/2021\/04\/sacmo_solution_etiquetage-1-768x614.png)\">\r\n\t\t\t\t<div class=\"filter \" style=\"background-color: #b91b1d; background-image: url(https:\/\/www.sacmo.com\/fr\/wp-content\/uploads\/2021\/04\/sacmo_solution_etiquetage-1-768x614.png) \"><\/div>\r\n\t\t\t\t\t\t\t\t\t<div class=\"container_texte\">\r\n\t\t\t\t\t\t<div class=\"container_titre white\" >\r\n\t\t\t\t\t\t\t<span>Etiqueteuse<\/span>\r\n\t\t\t\t\t\t<\/div>\r\n\t\t\t\t\t<\/div>\r\n\t\t\t\t\t\t\t\t\t\t\t\t\t<div class=\"container_button white\">\r\n\t\t\t\t\t\t<div class=\"body_button\">\r\n\t\t\t\t\t\t\t<div class=\"button\">\r\n\t\t\t\t\t\t\t\t<span><\/span>\r\n\t\t\t\t\t\t\t\t<span><\/span>\r\n\t\t\t\t\t\t\t<\/div>\r\n\t\t\t\t\t\t<\/div>\r\n\t\t\t\t\t<\/div>\r\n\t\t\t\t\t\t\t\t\t\t\t<\/div>\r\n\t\t\t\t\t\t\t\t\t\t<\/div>\r\n\t\t\t\t\t\t\t\t\t<\/a>\r\n\t\t\t\t\t<\/div>\r\n\t\t\t\t\t\t\t\t\t\t<div class=\"container_vignette swiper-slide fix_height\">\r\n\t\t\t\t\t\t\t\t\t\t\t\t<a href=\"https:\/\/www.sacmo.com\/fr\/nos-machines-de-conditionnement\/encaisseuses\/\" >\r\n\t\t\t\t\t\t\t\t\t\t\t\t\t\t<div class=\"display_bock_height\">\r\n\t\t\t\t\t\t\t\t\t\t<div class=\"vignette\" style=\"background-image: url(https:\/\/www.sacmo.com\/fr\/wp-content\/uploads\/2021\/04\/sacmo_solution_encaissage-1-768x432.png)\">\r\n\t\t\t\t<div class=\"filter \" style=\"background-color: #b91b1d; background-image: url(https:\/\/www.sacmo.com\/fr\/wp-content\/uploads\/2021\/04\/sacmo_solution_encaissage-1-768x432.png) \"><\/div>\r\n\t\t\t\t\t\t\t\t\t<div class=\"container_texte\">\r\n\t\t\t\t\t\t<div class=\"container_titre white\" >\r\n\t\t\t\t\t\t\t<span>Encaisseuse<\/span>\r\n\t\t\t\t\t\t<\/div>\r\n\t\t\t\t\t<\/div>\r\n\t\t\t\t\t\t\t\t\t\t\t\t\t<div class=\"container_button white\">\r\n\t\t\t\t\t\t<div class=\"body_button\">\r\n\t\t\t\t\t\t\t<div class=\"button\">\r\n\t\t\t\t\t\t\t\t<span><\/span>\r\n\t\t\t\t\t\t\t\t<span><\/span>\r\n\t\t\t\t\t\t\t<\/div>\r\n\t\t\t\t\t\t<\/div>\r\n\t\t\t\t\t<\/div>\r\n\t\t\t\t\t\t\t\t\t\t\t<\/div>\r\n\t\t\t\t\t\t\t\t\t\t<\/div>\r\n\t\t\t\t\t\t\t\t\t<\/a>\r\n\t\t\t\t\t<\/div>\r\n\t\t\t\t\t\t\t\t\t\t<div class=\"container_vignette swiper-slide fix_height\">\r\n\t\t\t\t\t\t\t\t\t\t\t\t<a href=\"https:\/\/www.sacmo.com\/fr\/nos-machines-de-conditionnement\/palettiseurs\/\" >\r\n\t\t\t\t\t\t\t\t\t\t\t\t\t\t<div class=\"display_bock_height\">\r\n\t\t\t\t\t\t\t\t\t\t<div class=\"vignette\" style=\"background-image: url(https:\/\/www.sacmo.com\/fr\/wp-content\/uploads\/2021\/04\/palettiseur_sacmo-1-768x432.jpg)\">\r\n\t\t\t\t<div class=\"filter \" style=\"background-color: #b91b1d; background-image: url(https:\/\/www.sacmo.com\/fr\/wp-content\/uploads\/2021\/04\/palettiseur_sacmo-1-768x432.jpg) \"><\/div>\r\n\t\t\t\t\t\t\t\t\t<div class=\"container_texte\">\r\n\t\t\t\t\t\t<div class=\"container_titre white\" >\r\n\t\t\t\t\t\t\t<span>Palettiseur<\/span>\r\n\t\t\t\t\t\t<\/div>\r\n\t\t\t\t\t<\/div>\r\n\t\t\t\t\t\t\t\t\t\t\t\t\t<div class=\"container_button white\">\r\n\t\t\t\t\t\t<div class=\"body_button\">\r\n\t\t\t\t\t\t\t<div class=\"button\">\r\n\t\t\t\t\t\t\t\t<span><\/span>\r\n\t\t\t\t\t\t\t\t<span><\/span>\r\n\t\t\t\t\t\t\t<\/div>\r\n\t\t\t\t\t\t<\/div>\r\n\t\t\t\t\t<\/div>\r\n\t\t\t\t\t\t\t\t\t\t\t<\/div>\r\n\t\t\t\t\t\t\t\t\t\t<\/div>\r\n\t\t\t\t\t\t\t\t\t<\/a>\r\n\t\t\t\t\t<\/div>\r\n\t\t\t\t\t\t\t\t\t\t<div class=\"container_vignette swiper-slide fix_height\">\r\n\t\t\t\t\t\t\t\t\t\t\t\t<a href=\"https:\/\/www.sacmo.com\/fr\/convoyeurs\" >\r\n\t\t\t\t\t\t\t\t\t\t\t\t\t\t<div class=\"display_bock_height\">\r\n\t\t\t\t\t\t\t\t\t\t<div class=\"vignette\" style=\"background-image: url(https:\/\/www.sacmo.com\/fr\/wp-content\/uploads\/2021\/04\/sacmo_solution_gestion_flux-1-768x432.png)\">\r\n\t\t\t\t<div class=\"filter \" style=\"background-color: #b91b1d; background-image: url(https:\/\/www.sacmo.com\/fr\/wp-content\/uploads\/2021\/04\/sacmo_solution_gestion_flux-1-768x432.png) \"><\/div>\r\n\t\t\t\t\t\t\t\t\t<div class=\"container_texte\">\r\n\t\t\t\t\t\t<div class=\"container_titre white\" >\r\n\t\t\t\t\t\t\t<span>Convoyeurs<\/span>\r\n\t\t\t\t\t\t<\/div>\r\n\t\t\t\t\t<\/div>\r\n\t\t\t\t\t\t\t\t\t\t\t\t\t<div class=\"container_button white\">\r\n\t\t\t\t\t\t<div class=\"body_button\">\r\n\t\t\t\t\t\t\t<div class=\"button\">\r\n\t\t\t\t\t\t\t\t<span><\/span>\r\n\t\t\t\t\t\t\t\t<span><\/span>\r\n\t\t\t\t\t\t\t<\/div>\r\n\t\t\t\t\t\t<\/div>\r\n\t\t\t\t\t<\/div>\r\n\t\t\t\t\t\t\t\t\t\t\t<\/div>\r\n\t\t\t\t\t\t\t\t\t\t<\/div>\r\n\t\t\t\t\t\t\t\t\t<\/a>\r\n\t\t\t\t\t<\/div>\r\n\t\t\t\t<\/div>\r\n\t<\/div>\r\n\t<div class=\"swiper-button-next\">\r\n\t\t<div class=\"container_nav_next\">\r\n\t\t\t<div class=\"nav_next\">\r\n\t\t\t\t<span><\/span>\r\n\t\t\t<\/div>\r\n\t\t<\/div>\r\n\t<\/div>\r\n\t<div class=\"swiper-button-prev\">\r\n\t\t<div class=\"container_nav_prev\">\r\n\t\t\t<div class=\"nav_prev\">\r\n\t\t\t\t<span><\/span>\r\n\t\t\t<\/div>\r\n\t\t<\/div>\r\n\t<\/div>\r\n\t<div class=\"container_vignettes-pagination\"><\/div>\r\n\r\n\t<div class=\"fond_popup_image fond_popup_vignette\"><\/div>\r\n\t<div id=\"popup_image\" class=\"popup_vignette\">\r\n\t\t<div class=\"container-prevPopup\"><div class=\"prevPopup\"><\/div><\/div>\r\n\t\t<div class=\"container-nextPopup\"><div class=\"nextPopup\"><\/div><\/div>\r\n\t\t<div class=\"popup containerPopup\">\r\n\t\t\t<div class=\"container_exit\"><div class=\"exit\"><\/div><\/div>\r\n\t\t\t<div class=\"contenuPopup container\">\r\n\t\t\t\t<div class=\"row\">\r\n\t\t\t\t\t<div class=\"col-md-12\">\r\n\t\t\t\t\t\t<img decoding=\"async\" src=\"\">\r\n\t\t\t\t\t<\/div>\r\n\t\t\t\t<\/div>\r\n\t\t\t<\/div>\r\n\t\t<\/div>\r\n\t<\/div>\r\n<\/div>\r\n\r\n<\/div><\/div><\/div><\/div><\/div>","protected":false},"excerpt":{"rendered":"<p>TABLE DE CHARGEMENT &#8211; DECHARGEMENT Plac\u00e9e en d\u00e9but de ligne, la table d\u2019accumulation rotative assure une alimentation en continue et [&hellip;]<\/p>\n","protected":false},"author":1,"featured_media":2953,"parent":1129,"menu_order":0,"comment_status":"closed","ping_status":"closed","template":"","meta":{"content-type":"","footnotes":""},"class_list":["post-1842","page","type-page","status-publish","has-post-thumbnail","hentry"],"_links":{"self":[{"href":"https:\/\/www.sacmo.com\/fr\/wp-json\/wp\/v2\/pages\/1842","targetHints":{"allow":["GET"]}}],"collection":[{"href":"https:\/\/www.sacmo.com\/fr\/wp-json\/wp\/v2\/pages"}],"about":[{"href":"https:\/\/www.sacmo.com\/fr\/wp-json\/wp\/v2\/types\/page"}],"author":[{"embeddable":true,"href":"https:\/\/www.sacmo.com\/fr\/wp-json\/wp\/v2\/users\/1"}],"replies":[{"embeddable":true,"href":"https:\/\/www.sacmo.com\/fr\/wp-json\/wp\/v2\/comments?post=1842"}],"version-history":[{"count":11,"href":"https:\/\/www.sacmo.com\/fr\/wp-json\/wp\/v2\/pages\/1842\/revisions"}],"predecessor-version":[{"id":3207,"href":"https:\/\/www.sacmo.com\/fr\/wp-json\/wp\/v2\/pages\/1842\/revisions\/3207"}],"up":[{"embeddable":true,"href":"https:\/\/www.sacmo.com\/fr\/wp-json\/wp\/v2\/pages\/1129"}],"wp:featuredmedia":[{"embeddable":true,"href":"https:\/\/www.sacmo.com\/fr\/wp-json\/wp\/v2\/media\/2953"}],"wp:attachment":[{"href":"https:\/\/www.sacmo.com\/fr\/wp-json\/wp\/v2\/media?parent=1842"}],"curies":[{"name":"wp","href":"https:\/\/api.w.org\/{rel}","templated":true}]}}