{"id":1703,"date":"2021-04-13T14:29:18","date_gmt":"2021-04-13T12:29:18","guid":{"rendered":"http:\/\/www.sacmo.com\/?page_id=1703"},"modified":"2021-05-17T12:03:03","modified_gmt":"2021-05-17T10:03:03","slug":"maintenance","status":"publish","type":"page","link":"https:\/\/www.sacmo.com\/fr\/services-et-support\/service-apres-vente\/maintenance\/","title":{"rendered":"Maintenance"},"content":{"rendered":"<div id=\"pl-1703\"  class=\"panel-layout\" ><div id=\"pg-1703-0\"  class=\"panel-grid panel-has-style\" ><div class=\"panel-row-style panel-row-style-for-1703-0\" ><div id=\"pgc-1703-0-0\"  class=\"panel-grid-cell\" ><div id=\"panel-1703-0-0-0\" class=\"so-panel widget widget_smartheme_titre_widget panel-first-child\" data-index=\"0\" ><div\n\t\t\t\n\t\t\tclass=\"so-widget-smartheme_titre_widget so-widget-smartheme_titre_widget-default-d75171398898-1703\"\n\t\t\t\n\t\t><div class=\"container_titre left\">\n\t<div class=\"titre\">\n\t\t\t\t<h2>Nous prenons soin de vos \u00e9quipements.<\/h2>\n\t<\/div>\n\t<\/div><\/div><\/div><div id=\"panel-1703-0-0-1\" class=\"so-panel widget widget_editeur\" data-index=\"1\" ><div\n\t\t\t\n\t\t\tclass=\"so-widget-editeur so-widget-editeur-base\"\n\t\t\t\n\t\t>\t\t\t<div class=\"smarttheme_editeur\">\n\t\t<p>SACMO est expert en machines de conditionnement depuis pr\u00e8s de 40 ans.<br \/>\nLes comp\u00e9tences techniques de nos \u00e9quipes vous assurent la qualit\u00e9 et la fiabilit\u00e9 des prestations de maintenance que nous proposons.<\/p>\n<ul>\n<li>Diagnostic de travaux<\/li>\n<li>Maintenance pr\u00e9ventive<\/li>\n<li>Maintenance curative<\/li>\n<li>Mise en conformit\u00e9<\/li>\n<li>Entretien des convoyeurs<\/li>\n<\/ul>\n<\/div>\n<\/div><\/div><div id=\"panel-1703-0-0-2\" class=\"so-panel widget widget_bouton\" data-index=\"2\" ><div class=\"panel-widget-style panel-widget-style-for-1703-0-0-2\" ><div\n\t\t\t\n\t\t\tclass=\"so-widget-bouton so-widget-bouton-default-40cd750bba98-1703\"\n\t\t\t\n\t\t><div class=\"container_btn droite\">\r\n\t\t<a href=\"https:\/\/www.sacmo.com\/fr\/contact\/\">\t\r\n\t\t\t<div class=\"btn rouge\">\r\n\t\t\t<span>Contactez notre service technique<\/span>\r\n\t\t<\/div>\r\n\t<\/a>\r\n<\/div>\r\n<\/div><\/div><\/div><div id=\"panel-1703-0-0-3\" class=\"so-panel widget widget_editeur panel-last-child\" data-index=\"3\" ><div\n\t\t\t\n\t\t\tclass=\"so-widget-editeur so-widget-editeur-base\"\n\t\t\t\n\t\t>\t\t\t<div class=\"smarttheme_editeur\">\n\t\t<p style=\"text-align: right;\">Ou par t\u00e9l\u00e9phone au <a href=\"tel:0323093060\">03.23.09.30.60<\/a><\/p>\n<\/div>\n<\/div><\/div><\/div><div id=\"pgc-1703-0-1\"  class=\"panel-grid-cell\" ><div id=\"panel-1703-0-1-0\" class=\"so-panel widget widget_smart-image panel-first-child panel-last-child\" data-index=\"4\" ><div\n\t\t\t\n\t\t\tclass=\"so-widget-smart-image so-widget-smart-image-default-40cd750bba98-1703\"\n\t\t\t\n\t\t><div class=\"sow-image-container\">\n\t<div class=\"containerSmartImage center-center zoom filtre ajuster\"><div class=\"chargementSmartImage\"><div class=\"containerLoader\"><div class=\"loader\"><\/div><\/div><\/div><div style=\"background-image: linear-gradient(rgba(0,0,0,0) calc(100% - 40px), #b91b1d 0), url(https:\/\/www.sacmo.com\/fr\/wp-content\/uploads\/2021\/03\/Retrofit-1-768x512.jpg);\" class=\"filtre smartImage carre \"><\/div><\/div>\t\t\t<div class=\"fond_popup_image\"><\/div>\n\t\t<div id=\"popup_image\">\n\t\t\t<div class=\"container-prevPopup\"><div class=\"prevPopup\"><\/div><\/div>\n\t\t\t<div class=\"container-nextPopup\"><div class=\"nextPopup\"><\/div><\/div>\n\t\t\t<div class=\"popup containerPopup\">\n\t\t\t\t<div class=\"container_exit\"><div class=\"exit\"><\/div><\/div>\n\t\t\t\t<div class=\"contenuPopup container\">\n\t\t\t\t\t<div class=\"row\">\n\t\t\t\t\t\t<div class=\"col-md-12\">\n\t\t\t\t\t\t\t<img decoding=\"async\" src=\"https:\/\/www.sacmo.com\/fr\/wp-content\/uploads\/2021\/03\/Retrofit-1-768x512.jpg\">\n\t\t\t\t\t\t<\/div>\n\t\t\t\t\t<\/div>\n\t\t\t\t<\/div>\n\t\t\t<\/div>\n\t\t<\/div>\n\t<\/div>\n\n<\/div><\/div><\/div><\/div><\/div><\/div>","protected":false},"excerpt":{"rendered":"<p>Nous prenons soin de vos \u00e9quipements. SACMO est expert en machines de conditionnement depuis pr\u00e8s de 40 ans. Les comp\u00e9tences [&hellip;]<\/p>\n","protected":false},"author":1,"featured_media":1704,"parent":1671,"menu_order":0,"comment_status":"closed","ping_status":"closed","template":"","meta":{"content-type":"","footnotes":""},"class_list":["post-1703","page","type-page","status-publish","has-post-thumbnail","hentry"],"_links":{"self":[{"href":"https:\/\/www.sacmo.com\/fr\/wp-json\/wp\/v2\/pages\/1703","targetHints":{"allow":["GET"]}}],"collection":[{"href":"https:\/\/www.sacmo.com\/fr\/wp-json\/wp\/v2\/pages"}],"about":[{"href":"https:\/\/www.sacmo.com\/fr\/wp-json\/wp\/v2\/types\/page"}],"author":[{"embeddable":true,"href":"https:\/\/www.sacmo.com\/fr\/wp-json\/wp\/v2\/users\/1"}],"replies":[{"embeddable":true,"href":"https:\/\/www.sacmo.com\/fr\/wp-json\/wp\/v2\/comments?post=1703"}],"version-history":[{"count":2,"href":"https:\/\/www.sacmo.com\/fr\/wp-json\/wp\/v2\/pages\/1703\/revisions"}],"predecessor-version":[{"id":2399,"href":"https:\/\/www.sacmo.com\/fr\/wp-json\/wp\/v2\/pages\/1703\/revisions\/2399"}],"up":[{"embeddable":true,"href":"https:\/\/www.sacmo.com\/fr\/wp-json\/wp\/v2\/pages\/1671"}],"wp:featuredmedia":[{"embeddable":true,"href":"https:\/\/www.sacmo.com\/fr\/wp-json\/wp\/v2\/media\/1704"}],"wp:attachment":[{"href":"https:\/\/www.sacmo.com\/fr\/wp-json\/wp\/v2\/media?parent=1703"}],"curies":[{"name":"wp","href":"https:\/\/api.w.org\/{rel}","templated":true}]}}