{"id":1691,"date":"2021-04-13T14:12:00","date_gmt":"2021-04-13T12:12:00","guid":{"rendered":"http:\/\/www.sacmo.com\/?page_id=1691"},"modified":"2021-05-17T12:02:15","modified_gmt":"2021-05-17T10:02:15","slug":"outillage","status":"publish","type":"page","link":"https:\/\/www.sacmo.com\/fr\/services-et-support\/service-apres-vente\/outillage\/","title":{"rendered":"Outillage"},"content":{"rendered":"<div id=\"pl-1691\"  class=\"panel-layout\" ><div id=\"pg-1691-0\"  class=\"panel-grid panel-has-style\" ><div class=\"panel-row-style panel-row-style-for-1691-0\" ><div id=\"pgc-1691-0-0\"  class=\"panel-grid-cell\" ><div id=\"panel-1691-0-0-0\" class=\"so-panel widget widget_smartheme_titre_widget panel-first-child\" data-index=\"0\" ><div\n\t\t\t\n\t\t\tclass=\"so-widget-smartheme_titre_widget so-widget-smartheme_titre_widget-default-d75171398898-1691\"\n\t\t\t\n\t\t><div class=\"container_titre left\">\n\t<div class=\"titre\">\n\t\t\t\t<h2>Recevez vos pi\u00e8ces de rechange en un clin d\u2019\u0153il !<\/h2>\n\t<\/div>\n\t<\/div><\/div><\/div><div id=\"panel-1691-0-0-1\" class=\"so-panel widget widget_editeur\" data-index=\"1\" ><div\n\t\t\t\n\t\t\tclass=\"so-widget-editeur so-widget-editeur-base\"\n\t\t\t\n\t\t>\t\t\t<div class=\"smarttheme_editeur\">\n\t\t<p>Notre atelier d\u2019usinage<\/a> nous rend tr\u00e8s r\u00e9actifs dans la fourniture de pi\u00e8ces de rechange pour machines de conditionnement.<br \/>\nAinsi, votre machine peut \u00eatre rapidement remise en fonction si des pi\u00e8ces sont cass\u00e9es.<br \/>\nEn cas de n\u00e9cessit\u00e9, notre bureau d\u2019\u00e9tudes peut modifier des \u00e9l\u00e9ments pour les adapter aux diff\u00e9rentes contraintes.<br \/>\nPar ailleurs, nous r\u00e9alisons des outillages complets et des pi\u00e8ces de format sur-mesure pour permettre \u00e0 vos machines de conditionner diff\u00e9rents types de produits.<\/p>\n<\/div>\n<\/div><\/div><div id=\"panel-1691-0-0-2\" class=\"so-panel widget widget_bouton panel-last-child\" data-index=\"2\" ><div\n\t\t\t\n\t\t\tclass=\"so-widget-bouton so-widget-bouton-default-40cd750bba98-1691\"\n\t\t\t\n\t\t><div class=\"container_btn droite\">\r\n\t\t<a href=\"https:\/\/www.sacmo.com\/fr\/services-et-support\/outillages-et-pieces-de-format\/\">\t\r\n\t\t\t<div class=\"btn rouge\">\r\n\t\t\t<span>En savoir plus<\/span>\r\n\t\t<\/div>\r\n\t<\/a>\r\n<\/div>\r\n<\/div><\/div><\/div><div id=\"pgc-1691-0-1\"  class=\"panel-grid-cell\" ><div id=\"panel-1691-0-1-0\" class=\"so-panel widget widget_smart-image panel-first-child panel-last-child\" data-index=\"3\" ><div\n\t\t\t\n\t\t\tclass=\"so-widget-smart-image so-widget-smart-image-default-40cd750bba98-1691\"\n\t\t\t\n\t\t><div class=\"sow-image-container\">\n\t<div class=\"containerSmartImage center-center zoom filtre ajuster\"><div class=\"chargementSmartImage\"><div class=\"containerLoader\"><div class=\"loader\"><\/div><\/div><\/div><div style=\"background-image: linear-gradient(rgba(0,0,0,0) calc(100% - 40px), #b91b1d 0), url(https:\/\/www.sacmo.com\/fr\/wp-content\/uploads\/2021\/03\/sacmo_visseuse-1-768x512.jpg);\" class=\"filtre smartImage carre \"><\/div><\/div>\t\t\t<div class=\"fond_popup_image\"><\/div>\n\t\t<div id=\"popup_image\">\n\t\t\t<div class=\"container-prevPopup\"><div class=\"prevPopup\"><\/div><\/div>\n\t\t\t<div class=\"container-nextPopup\"><div class=\"nextPopup\"><\/div><\/div>\n\t\t\t<div class=\"popup containerPopup\">\n\t\t\t\t<div class=\"container_exit\"><div class=\"exit\"><\/div><\/div>\n\t\t\t\t<div class=\"contenuPopup container\">\n\t\t\t\t\t<div class=\"row\">\n\t\t\t\t\t\t<div class=\"col-md-12\">\n\t\t\t\t\t\t\t<img decoding=\"async\" src=\"https:\/\/www.sacmo.com\/fr\/wp-content\/uploads\/2021\/03\/sacmo_visseuse-1-768x512.jpg\">\n\t\t\t\t\t\t<\/div>\n\t\t\t\t\t<\/div>\n\t\t\t\t<\/div>\n\t\t\t<\/div>\n\t\t<\/div>\n\t<\/div>\n\n<\/div><\/div><\/div><\/div><\/div><\/div>","protected":false},"excerpt":{"rendered":"<p>Recevez vos pi\u00e8ces de rechange en un clin d\u2019\u0153il ! Notre atelier d\u2019usinage nous rend tr\u00e8s r\u00e9actifs dans la fourniture [&hellip;]<\/p>\n","protected":false},"author":1,"featured_media":1694,"parent":1671,"menu_order":0,"comment_status":"closed","ping_status":"closed","template":"","meta":{"content-type":"","footnotes":""},"class_list":["post-1691","page","type-page","status-publish","has-post-thumbnail","hentry"],"_links":{"self":[{"href":"https:\/\/www.sacmo.com\/fr\/wp-json\/wp\/v2\/pages\/1691","targetHints":{"allow":["GET"]}}],"collection":[{"href":"https:\/\/www.sacmo.com\/fr\/wp-json\/wp\/v2\/pages"}],"about":[{"href":"https:\/\/www.sacmo.com\/fr\/wp-json\/wp\/v2\/types\/page"}],"author":[{"embeddable":true,"href":"https:\/\/www.sacmo.com\/fr\/wp-json\/wp\/v2\/users\/1"}],"replies":[{"embeddable":true,"href":"https:\/\/www.sacmo.com\/fr\/wp-json\/wp\/v2\/comments?post=1691"}],"version-history":[{"count":3,"href":"https:\/\/www.sacmo.com\/fr\/wp-json\/wp\/v2\/pages\/1691\/revisions"}],"predecessor-version":[{"id":2393,"href":"https:\/\/www.sacmo.com\/fr\/wp-json\/wp\/v2\/pages\/1691\/revisions\/2393"}],"up":[{"embeddable":true,"href":"https:\/\/www.sacmo.com\/fr\/wp-json\/wp\/v2\/pages\/1671"}],"wp:featuredmedia":[{"embeddable":true,"href":"https:\/\/www.sacmo.com\/fr\/wp-json\/wp\/v2\/media\/1694"}],"wp:attachment":[{"href":"https:\/\/www.sacmo.com\/fr\/wp-json\/wp\/v2\/media?parent=1691"}],"curies":[{"name":"wp","href":"https:\/\/api.w.org\/{rel}","templated":true}]}}