{"id":1671,"date":"2021-04-13T12:32:02","date_gmt":"2021-04-13T10:32:02","guid":{"rendered":"http:\/\/www.sacmo.com\/?page_id=1671"},"modified":"2021-05-17T12:03:26","modified_gmt":"2021-05-17T10:03:26","slug":"service-apres-vente","status":"publish","type":"page","link":"https:\/\/www.sacmo.com\/fr\/services-et-support\/service-apres-vente\/","title":{"rendered":"Service apr\u00e8s vente"},"content":{"rendered":"<div id=\"pl-1671\"  class=\"panel-layout\" ><div id=\"pg-1671-0\"  class=\"panel-grid panel-has-style\" ><div class=\"panel-row-style panel-row-style-for-1671-0\" ><div id=\"pgc-1671-0-0\"  class=\"panel-grid-cell\" ><div id=\"panel-1671-0-0-0\" class=\"so-panel widget widget_editeur panel-first-child panel-last-child\" data-index=\"0\" ><div\n\t\t\t\n\t\t\tclass=\"so-widget-editeur so-widget-editeur-base\"\n\t\t\t\n\t\t>\t<div class=\"smarttheme_editeur column_text\">\n\t<p>La satisfaction de nos clients est notre principal objectif, c\u2019est pourquoi nos prestations vont bien au-del\u00e0 de la r\u00e9alisation de machines sp\u00e9ciales. C\u2019est en vous apportant les solutions \u00e0 toutes les probl\u00e9matiques que vous pouvez rencontrer sur une ligne de conditionnement et en intervenant au moment pr\u00e9cis o\u00f9 vous en avez besoin que nous nous positionnons comme un v\u00e9ritable partenaire de vos performances.<br \/>\nUn appel \u00e0 votre charg\u00e9 d\u2019affaires et on vous trouve une solution !<br \/>\nVotre charg\u00e9 d\u2019affaires est \u00e0 votre \u00e9coute pour vous porter assistance dans l\u2019exploitation de votre machine. Gr\u00e2ce \u00e0 notre capacit\u00e9 de production, nous pouvons vous fournir tout type de pi\u00e8ces de remplacement dans des d\u00e9lais tr\u00e8s courts. L\u2019ensemble de nos \u00e9quipes peut effectuer des interventions de services apr\u00e8s-vente ce qui vous garantit notre r\u00e9activit\u00e9 pour vous apporter des solutions. Nos techniciens vous d\u00e9pannent \u00e0 distance ou directement sur votre site que ce soit en France ou \u00e0 l\u2019\u00e9tranger.<\/p>\n<\/div>\n<\/div><\/div><\/div><\/div><\/div><div id=\"pg-1671-1\"  class=\"panel-grid panel-has-style\" ><div class=\"panel-row-style panel-row-style-for-1671-1\" ><div id=\"pgc-1671-1-0\"  class=\"panel-grid-cell\" ><div id=\"panel-1671-1-0-0\" class=\"so-panel widget widget_smartheme_titre_widget panel-first-child\" data-index=\"1\" ><div\n\t\t\t\n\t\t\tclass=\"so-widget-smartheme_titre_widget so-widget-smartheme_titre_widget-default-d75171398898-1671\"\n\t\t\t\n\t\t><div class=\"container_titre center\">\n\t<div class=\"titre\">\n\t\t\t\t<h2>Pour vous d\u00e9panner ou faire \u00e9voluer votre machine, nous sommes votre assistance performance.<\/h2>\n\t<\/div>\n\t<\/div><\/div><\/div><div id=\"panel-1671-1-0-1\" class=\"so-panel widget widget_smarttheme_carousel_pictos_widget panel-last-child\" data-index=\"2\" ><div\n\t\t\t\n\t\t\tclass=\"so-widget-smarttheme_carousel_pictos_widget so-widget-smarttheme_carousel_pictos_widget-default-d75171398898-1671\"\n\t\t\t\n\t\t><div class=\"container_carousel_pictos\">\r\n\t\t<div class=\"swiper-container  \">\r\n\t\t<div class=\"swiper-wrapper\">\t\r\n\t\t\t\t\t\t\t\t<div class=\"container_picto_titre swiper-slide\">\r\n\t\t\t\t\t\t\t\t\t\t\t\t<a href=\"https:\/\/www.sacmo.com\/fr\/services-et-support\/service-apres-vente\/adaptation\/\">\r\n\t\t\t\t\t\t\t\t<div class=\"container_picto\">\r\n\t\t\t\t\t<div class=\"picto\" style=\"background-image: url(https:\/\/www.sacmo.com\/fr\/wp-content\/uploads\/2020\/12\/mise_en_conformite-1.svg)\"><\/div>\r\n\t\t\t\t<\/div>\r\n\t\t\t\t<div class=\"container_titre\">\r\n\t\t\t\t\t<span class=\"titre\">ADAPTATION<\/span>\r\n\t\t\t\t<\/div>\r\n\t\t\t\t\t\t\t\t\t<div class=\"container_description\">\r\n\t\t\t\t\t\t<p class=\"description\">Faites \u00e9voluer vos machines !<\/p>\r\n\t\t\t\t\t<\/div>\r\n\t\t\t\t\t\t\t\t\t\t\t\t<\/a>\r\n\t\t\t\t\t\t\t<\/div>\r\n\t\t\t\t\t\t\t\t<div class=\"container_picto_titre swiper-slide\">\r\n\t\t\t\t\t\t\t\t\t\t\t\t<a href=\"https:\/\/www.sacmo.com\/fr\/services-et-support\/service-apres-vente\/outillage\/\">\r\n\t\t\t\t\t\t\t\t<div class=\"container_picto\">\r\n\t\t\t\t\t<div class=\"picto\" style=\"background-image: url(https:\/\/www.sacmo.com\/fr\/wp-content\/uploads\/2020\/08\/outillage_et_pieces-1.svg)\"><\/div>\r\n\t\t\t\t<\/div>\r\n\t\t\t\t<div class=\"container_titre\">\r\n\t\t\t\t\t<span class=\"titre\">OUTILLAGES<\/span>\r\n\t\t\t\t<\/div>\r\n\t\t\t\t\t\t\t\t\t<div class=\"container_description\">\r\n\t\t\t\t\t\t<p class=\"description\">Recevez vos pi\u00e8ces de rechange en un clin d\u2019oeil !<\/p>\r\n\t\t\t\t\t<\/div>\r\n\t\t\t\t\t\t\t\t\t\t\t\t<\/a>\r\n\t\t\t\t\t\t\t<\/div>\r\n\t\t\t\t\t\t\t\t<div class=\"container_picto_titre swiper-slide\">\r\n\t\t\t\t\t\t\t\t\t\t\t\t<a href=\"https:\/\/www.sacmo.com\/fr\/services-et-support\/service-apres-vente\/assistance\/\">\r\n\t\t\t\t\t\t\t\t<div class=\"container_picto\">\r\n\t\t\t\t\t<div class=\"picto\" style=\"background-image: url(https:\/\/www.sacmo.com\/fr\/wp-content\/uploads\/2021\/02\/assistance_depannage-1.svg)\"><\/div>\r\n\t\t\t\t<\/div>\r\n\t\t\t\t<div class=\"container_titre\">\r\n\t\t\t\t\t<span class=\"titre\">ASSISTANCE<\/span>\r\n\t\t\t\t<\/div>\r\n\t\t\t\t\t\t\t\t\t<div class=\"container_description\">\r\n\t\t\t\t\t\t<p class=\"description\">Une \u00e9quipe r\u00e9active \u00e0 votre service.<\/p>\r\n\t\t\t\t\t<\/div>\r\n\t\t\t\t\t\t\t\t\t\t\t\t<\/a>\r\n\t\t\t\t\t\t\t<\/div>\r\n\t\t\t\t\t\t\t\t<div class=\"container_picto_titre swiper-slide\">\r\n\t\t\t\t\t\t\t\t\t\t\t\t<a href=\"https:\/\/www.sacmo.com\/fr\/services-et-support\/service-apres-vente\/maintenance\/\">\r\n\t\t\t\t\t\t\t\t<div class=\"container_picto\">\r\n\t\t\t\t\t<div class=\"picto\" style=\"background-image: url(https:\/\/www.sacmo.com\/fr\/wp-content\/uploads\/2021\/02\/maintenance-1.svg)\"><\/div>\r\n\t\t\t\t<\/div>\r\n\t\t\t\t<div class=\"container_titre\">\r\n\t\t\t\t\t<span class=\"titre\">MAINTENANCE<\/span>\r\n\t\t\t\t<\/div>\r\n\t\t\t\t\t\t\t\t\t<div class=\"container_description\">\r\n\t\t\t\t\t\t<p class=\"description\">Nous prenons soin de vos \u00e9quipements.<\/p>\r\n\t\t\t\t\t<\/div>\r\n\t\t\t\t\t\t\t\t\t\t\t\t<\/a>\r\n\t\t\t\t\t\t\t<\/div>\r\n\t\t\t\r\n\t\t<\/div>\r\n\t<\/div>\r\n\t<div class=\"swiper-button-next\">\r\n\t\t<div class=\"container_nav_next\">\r\n\t\t\t<div class=\"nav_next\">\r\n\t\t\t\t<span><\/span>\r\n\t\t\t<\/div>\r\n\t\t<\/div>\r\n\t<\/div>\r\n\t<div class=\"swiper-button-prev\">\r\n\t\t<div class=\"container_nav_prev\">\r\n\t\t\t<div class=\"nav_prev\">\r\n\t\t\t\t<span><\/span>\r\n\t\t\t<\/div>\r\n\t\t<\/div>\r\n\t<\/div>\r\n\t<div class=\"container_carousel_pictos-pagination\"><\/div>\r\n<\/div><\/div><\/div><\/div><\/div><\/div><\/div>","protected":false},"excerpt":{"rendered":"<p>La satisfaction de nos clients est notre principal objectif, c\u2019est pourquoi nos prestations vont bien au-del\u00e0 de la r\u00e9alisation de [&hellip;]<\/p>\n","protected":false},"author":1,"featured_media":0,"parent":568,"menu_order":0,"comment_status":"closed","ping_status":"closed","template":"","meta":{"content-type":"","footnotes":""},"class_list":["post-1671","page","type-page","status-publish","hentry"],"_links":{"self":[{"href":"https:\/\/www.sacmo.com\/fr\/wp-json\/wp\/v2\/pages\/1671","targetHints":{"allow":["GET"]}}],"collection":[{"href":"https:\/\/www.sacmo.com\/fr\/wp-json\/wp\/v2\/pages"}],"about":[{"href":"https:\/\/www.sacmo.com\/fr\/wp-json\/wp\/v2\/types\/page"}],"author":[{"embeddable":true,"href":"https:\/\/www.sacmo.com\/fr\/wp-json\/wp\/v2\/users\/1"}],"replies":[{"embeddable":true,"href":"https:\/\/www.sacmo.com\/fr\/wp-json\/wp\/v2\/comments?post=1671"}],"version-history":[{"count":3,"href":"https:\/\/www.sacmo.com\/fr\/wp-json\/wp\/v2\/pages\/1671\/revisions"}],"predecessor-version":[{"id":2401,"href":"https:\/\/www.sacmo.com\/fr\/wp-json\/wp\/v2\/pages\/1671\/revisions\/2401"}],"up":[{"embeddable":true,"href":"https:\/\/www.sacmo.com\/fr\/wp-json\/wp\/v2\/pages\/568"}],"wp:attachment":[{"href":"https:\/\/www.sacmo.com\/fr\/wp-json\/wp\/v2\/media?parent=1671"}],"curies":[{"name":"wp","href":"https:\/\/api.w.org\/{rel}","templated":true}]}}