{"id":1561,"date":"2021-04-12T18:37:33","date_gmt":"2021-04-12T16:37:33","guid":{"rendered":"http:\/\/www.sacmo.com\/?page_id=1561"},"modified":"2021-06-03T10:01:52","modified_gmt":"2021-06-03T08:01:52","slug":"conception","status":"publish","type":"page","link":"https:\/\/www.sacmo.com\/fr\/services-et-support\/conception\/","title":{"rendered":"Conception"},"content":{"rendered":"<div id=\"pl-1561\"  class=\"panel-layout\" ><div id=\"pg-1561-0\"  class=\"panel-grid panel-has-style\" ><div class=\"panel-row-style panel-row-style-for-1561-0\" ><div id=\"pgc-1561-0-0\"  class=\"panel-grid-cell\" ><div id=\"panel-1561-0-0-0\" class=\"so-panel widget widget_smartheme_titre_widget panel-first-child\" data-index=\"0\" ><div\n\t\t\t\n\t\t\tclass=\"so-widget-smartheme_titre_widget so-widget-smartheme_titre_widget-default-d75171398898-1561\"\n\t\t\t\n\t\t><div class=\"container_titre center\">\n\t<div class=\"titre\">\n\t\t\t\t<h2>CONCEPTION SUR-MESURE DE MACHINES ET SOLUTIONS POUR LIGNES DE CONDITIONNEMENT<\/h2>\n\t<\/div>\n\t\t\t<span class=\"soustitre\">SACMO con\u00e7oit des machines sp\u00e9ciales de conditionnement depuis pr\u00e8s de 40 ans. <\/span>\n\t<\/div><\/div><\/div><div id=\"panel-1561-0-0-1\" class=\"so-panel widget widget_editeur panel-last-child\" data-index=\"1\" ><div\n\t\t\t\n\t\t\tclass=\"so-widget-editeur so-widget-editeur-base\"\n\t\t\t\n\t\t>\t\t\t<div class=\"smarttheme_editeur\">\n\t\t<p><span style=\"font-size: 13pt;\">Notre Bureau d\u2019\u00e9tudes est fort de son savoir-faire et de son exp\u00e9rience pour d\u00e9velopper des solutions innovantes en respectant vos contraintes budg\u00e9taires et en surmontant les obstacles techniques. Nous ma\u00eetrisons toutes les comp\u00e9tences en interne pour concevoir int\u00e9gralement tous types de machines sp\u00e9ciales ou d\u2019ilots robotis\u00e9s pour les lignes de conditionnement. A l\u2019\u00e9coute de vos besoins, nous vous apportons des conseils techniques pour permettre la faisabilit\u00e9 de vos projets. En comprenant vos objectifs, nous cr\u00e9ons des solutions pour r\u00e9soudre les probl\u00e9matiques que vous rencontrez lors des op\u00e9rations de conditionnement. Votre charg\u00e9 d\u2019affaires SACMO vous accompagne et vous pr\u00e9sente les pr\u00e9-\u00e9tudes. Vous \u00eates impliqu\u00e9s \u00e0 chaque \u00e9tape de votre projet. Ensuite, votre charg\u00e9 d\u2019affaires vous explique le projet con\u00e7u par les dessinateurs et vous validez les \u00e9tudes pour lancer la fabrication.<\/span><br \/>\n<span style=\"font-size: 13pt;\">Rattach\u00e9 \u00e0 notre p\u00f4le Recherche &amp; D\u00e9veloppement, notre bureau d\u2019\u00e9tudes innove au quotidien pour vous satisfaire. En int\u00e9grant des \u00e9quipements de derni\u00e8res g\u00e9n\u00e9rations, notre bureau d\u2019\u00e9tudes d\u00e9veloppe des machines sur-mesure qui sont agiles et performantes.<\/span><\/p>\n<\/div>\n<\/div><\/div><\/div><\/div><\/div><div id=\"pg-1561-1\"  class=\"panel-grid panel-has-style\" ><div class=\"panel-row-style panel-row-style-for-1561-1\" ><div id=\"pgc-1561-1-0\"  class=\"panel-grid-cell\" ><div id=\"panel-1561-1-0-0\" class=\"so-panel widget widget_editeur panel-first-child panel-last-child\" data-index=\"2\" ><div\n\t\t\t\n\t\t\tclass=\"so-widget-editeur so-widget-editeur-base\"\n\t\t\t\n\t\t>\t\t\t<div class=\"smarttheme_editeur\">\n\t\t<p><span style=\"font-size: 16px;\"><strong>Gr\u00e2ce \u00e0 notre expertise en ing\u00e9nierie,<br \/>\nnous proposons des prestations de conception pour la r\u00e9alisation de :<\/strong><\/span><\/p>\n<p>&nbsp;<\/p>\n<ul>\n<li><span style=\"font-size: 16px;\">Machines sp\u00e9ciales<\/span><\/li>\n<li><span style=\"font-size: 16px;\">Syst\u00e8mes robotiques industriels<\/span><\/li>\n<li><span style=\"font-size: 16px;\">Il\u00f4ts robotis\u00e9s<\/span><\/li>\n<li><span style=\"font-size: 16px;\">Modules flexibles<\/span><\/li>\n<li><span style=\"font-size: 16px;\">Ensemble de convoyeurs<\/span><\/li>\n<li><span style=\"font-size: 16px;\">Retrofit de machines<\/span><\/li>\n<li><span style=\"font-size: 16px;\">Adaptation de machines existantes<\/span><\/li>\n<li><span style=\"font-size: 16px;\">Pi\u00e8ces de formats<\/span><\/li>\n<li><span style=\"font-size: 16px;\">Outillages<\/span><\/li>\n<li><span style=\"font-size: 16px;\">Implantation de lignes compl\u00e8tes<\/span><\/li>\n<\/ul>\n<\/div>\n<\/div><\/div><\/div><div id=\"pgc-1561-1-1\"  class=\"panel-grid-cell\" ><div id=\"panel-1561-1-1-0\" class=\"so-panel widget widget_smart-image panel-first-child panel-last-child\" data-index=\"3\" ><div\n\t\t\t\n\t\t\tclass=\"so-widget-smart-image so-widget-smart-image-default-40cd750bba98-1561\"\n\t\t\t\n\t\t><div class=\"sow-image-container\">\n\t<div class=\"containerSmartImage center-center zoom  ajuster\"><div class=\"chargementSmartImage\"><div class=\"containerLoader\"><div class=\"loader\"><\/div><\/div><\/div><div style=\"background-image: url(https:\/\/www.sacmo.com\/fr\/wp-content\/uploads\/2021\/03\/Atelier-de-montage01-scaled-1-768x1152.jpg);\" class=\"smartImage carre \"><\/div><\/div>\t\t\t<div class=\"fond_popup_image\"><\/div>\n\t\t<div id=\"popup_image\">\n\t\t\t<div class=\"container-prevPopup\"><div class=\"prevPopup\"><\/div><\/div>\n\t\t\t<div class=\"container-nextPopup\"><div class=\"nextPopup\"><\/div><\/div>\n\t\t\t<div class=\"popup containerPopup\">\n\t\t\t\t<div class=\"container_exit\"><div class=\"exit\"><\/div><\/div>\n\t\t\t\t<div class=\"contenuPopup container\">\n\t\t\t\t\t<div class=\"row\">\n\t\t\t\t\t\t<div class=\"col-md-12\">\n\t\t\t\t\t\t\t<img decoding=\"async\" src=\"https:\/\/www.sacmo.com\/fr\/wp-content\/uploads\/2021\/03\/Atelier-de-montage01-scaled-1-768x1152.jpg\">\n\t\t\t\t\t\t<\/div>\n\t\t\t\t\t<\/div>\n\t\t\t\t<\/div>\n\t\t\t<\/div>\n\t\t<\/div>\n\t<\/div>\n\n<\/div><\/div><\/div><\/div><\/div><\/div>","protected":false},"excerpt":{"rendered":"<p>CONCEPTION SUR-MESURE DE MACHINES ET SOLUTIONS POUR LIGNES DE CONDITIONNEMENT SACMO con\u00e7oit des machines sp\u00e9ciales de conditionnement depuis pr\u00e8s de [&hellip;]<\/p>\n","protected":false},"author":1,"featured_media":1694,"parent":568,"menu_order":0,"comment_status":"closed","ping_status":"closed","template":"","meta":{"content-type":"","footnotes":""},"class_list":["post-1561","page","type-page","status-publish","has-post-thumbnail","hentry"],"_links":{"self":[{"href":"https:\/\/www.sacmo.com\/fr\/wp-json\/wp\/v2\/pages\/1561","targetHints":{"allow":["GET"]}}],"collection":[{"href":"https:\/\/www.sacmo.com\/fr\/wp-json\/wp\/v2\/pages"}],"about":[{"href":"https:\/\/www.sacmo.com\/fr\/wp-json\/wp\/v2\/types\/page"}],"author":[{"embeddable":true,"href":"https:\/\/www.sacmo.com\/fr\/wp-json\/wp\/v2\/users\/1"}],"replies":[{"embeddable":true,"href":"https:\/\/www.sacmo.com\/fr\/wp-json\/wp\/v2\/comments?post=1561"}],"version-history":[{"count":6,"href":"https:\/\/www.sacmo.com\/fr\/wp-json\/wp\/v2\/pages\/1561\/revisions"}],"predecessor-version":[{"id":2726,"href":"https:\/\/www.sacmo.com\/fr\/wp-json\/wp\/v2\/pages\/1561\/revisions\/2726"}],"up":[{"embeddable":true,"href":"https:\/\/www.sacmo.com\/fr\/wp-json\/wp\/v2\/pages\/568"}],"wp:featuredmedia":[{"embeddable":true,"href":"https:\/\/www.sacmo.com\/fr\/wp-json\/wp\/v2\/media\/1694"}],"wp:attachment":[{"href":"https:\/\/www.sacmo.com\/fr\/wp-json\/wp\/v2\/media?parent=1561"}],"curies":[{"name":"wp","href":"https:\/\/api.w.org\/{rel}","templated":true}]}}