{"id":1528,"date":"2021-04-12T16:36:05","date_gmt":"2021-04-12T14:36:05","guid":{"rendered":"http:\/\/www.sacmo.com\/?page_id=1528"},"modified":"2021-09-07T17:44:58","modified_gmt":"2021-09-07T15:44:58","slug":"remplisseuse","status":"publish","type":"page","link":"https:\/\/www.sacmo.com\/fr\/nos-machines-de-conditionnement\/remplisseuses\/","title":{"rendered":"Remplisseuses"},"content":{"rendered":"<div id=\"pl-1528\"  class=\"panel-layout\" ><div id=\"pg-1528-0\"  class=\"panel-grid panel-has-style\" ><div class=\"panel-row-style panel-row-style-for-1528-0\" ><div id=\"pgc-1528-0-0\"  class=\"panel-grid-cell\" ><div id=\"panel-1528-0-0-0\" class=\"so-panel widget widget_smartheme_titre_widget panel-first-child\" data-index=\"0\" ><div\n\t\t\t\n\t\t\tclass=\"so-widget-smartheme_titre_widget so-widget-smartheme_titre_widget-default-d75171398898-1528\"\n\t\t\t\n\t\t><div class=\"container_titre center\">\n\t<div class=\"titre\">\n\t\t\t\t<h2>UNE GAMME DE REMPLISSEUSES AUTOMATIQUES POUR VOS FLACONS, POTS, TUBES OU ECHANTILLONS<\/h2>\n\t<\/div>\n\t\t\t<span class=\"soustitre\">Conception, r\u00e9alisation et retrofit<\/span>\n\t<\/div><\/div><\/div><div id=\"panel-1528-0-0-1\" class=\"so-panel widget widget_editeur panel-last-child\" data-index=\"1\" ><div\n\t\t\t\n\t\t\tclass=\"so-widget-editeur so-widget-editeur-base\"\n\t\t\t\n\t\t>\t<div class=\"smarttheme_editeur column_text\">\n\t<p>Dans les secteurs cosm\u00e9tiques et pharmaceutiques, le remplissage constitue une des \u00e9tapes les plus d\u00e9licates du processus d\u2019une ligne de conditionnement. Il est imp\u00e9ratif d\u2019assurer le transfert du produit dans le contenant en pr\u00e9servant l\u2019ensemble des qualit\u00e9s de la formulation et ce, afin de garantir \u00e0 l\u2019utilisateur final une s\u00e9curit\u00e9 optimale. Qu\u2019il s\u2019agisse du conditionnement de produit liquide ou p\u00e2teux, le dosage doit \u00eatre pr\u00e9cis et la distribution dans le contenant doit \u00eatre homog\u00e8ne. Consid\u00e9rant toutes ces sp\u00e9cifications, SACMO con\u00e7oit et r\u00e9alise des remplisseuses automatiques qui s\u2019adaptent aux contenants selon leurs tailles, leurs formes et leurs mati\u00e8res. De l\u2019\u00e9chantillon de 1,2ml au grand format de 700ml, nos remplisseuses sont des machines flexibles qui permettent de changer de format rapidement et simplement. Que votre flacon soit mis en godet ou non, que votre pot soit rond ou carr\u00e9, nous adaptons chaque remplisseuse \u00e0 vos sp\u00e9cifications. Nos machines de remplissage comportent une fonction de d\u00e9poussi\u00e9rage des contenants avec aspiration des particules, une fonction de dosage ; et peuvent int\u00e9grer des fonctions de d\u00e9pose (topettes, pipettes\u2026), de vissage (bouchons, capots\u2026), d\u2019\u00e9tiquetage (face ou dessous) ou encore de marquage au laser. Nous avons \u00e9galement \u00e9quip\u00e9 nos remplisseuses d\u2019un syst\u00e8me de changement de pompes rapides et ergonomiques pour r\u00e9duire les temps d\u2019arr\u00eats entre deux cycles de production.<\/p>\n<\/div>\n<\/div><\/div><\/div><\/div><\/div><div id=\"pg-1528-1\"  class=\"panel-grid panel-has-style\" ><div class=\"panel-row-style panel-row-style-for-1528-1\" ><div id=\"pgc-1528-1-0\"  class=\"panel-grid-cell\" ><div id=\"panel-1528-1-0-0\" class=\"so-panel widget widget_smartheme_titre_widget panel-first-child\" data-index=\"2\" ><div\n\t\t\t\n\t\t\tclass=\"so-widget-smartheme_titre_widget so-widget-smartheme_titre_widget-default-d75171398898-1528\"\n\t\t\t\n\t\t><div class=\"container_titre center\">\n\t<div class=\"titre\">\n\t\t\t\t<h3>Remplisseuse de pots lin\u00e9aire<\/h3>\n\t<\/div>\n\t<\/div><\/div><\/div><div id=\"panel-1528-1-0-1\" class=\"so-panel widget widget_smarttheme_media_gallery_masonry\" data-index=\"3\" ><div\n\t\t\t\n\t\t\tclass=\"so-widget-smarttheme_media_gallery_masonry so-widget-smarttheme_media_gallery_masonry-default-d75171398898-1528\"\n\t\t\t\n\t\t><div class=\"container_galerie_masonry\">\r\n\t<div class=\"galerie_masonry two_column\">\r\n\t\t\t\t\t\t\t\t<div class=\"container_image rectangle center\" attr-image=\"https:\/\/www.sacmo.com\/fr\/wp-content\/uploads\/2021\/04\/sacmo_solution_remplissage-1.jpg\">\r\n\t\t\t\t<div class=\"image center\" style=\"background-image: url(https:\/\/www.sacmo.com\/fr\/wp-content\/uploads\/2021\/04\/sacmo_solution_remplissage-1.jpg)\"><\/div>\r\n\t\t\t\t<div class=\"filtre center\" style=\"background-image: linear-gradient(#b91b1d, #b91b1d), url(https:\/\/www.sacmo.com\/fr\/wp-content\/uploads\/2021\/04\/sacmo_solution_remplissage-1.jpg);\"><\/div>\r\n\t\t\t\t\t\t\t<\/div>\r\n\t\t\t\t\t\t\t\t<div class=\"container_image rectangle center\" attr-image=\"https:\/\/www.sacmo.com\/fr\/wp-content\/uploads\/2021\/06\/Remplisseuse-pot01.jpg\">\r\n\t\t\t\t<div class=\"image center\" style=\"background-image: url(https:\/\/www.sacmo.com\/fr\/wp-content\/uploads\/2021\/06\/Remplisseuse-pot01.jpg)\"><\/div>\r\n\t\t\t\t<div class=\"filtre center\" style=\"background-image: linear-gradient(#b91b1d, #b91b1d), url(https:\/\/www.sacmo.com\/fr\/wp-content\/uploads\/2021\/06\/Remplisseuse-pot01.jpg);\"><\/div>\r\n\t\t\t\t\t\t\t<\/div>\r\n\t\t\t<\/div>\r\n<\/div>\r\n\r\n<div class=\"fond_popup_masonry\"><\/div>\r\n<div class=\"popup_masonry\">\r\n\t<div class=\"container-prevPopup\"><div class=\"prevPopup\"><\/div><\/div>\r\n\t<div class=\"container-nextPopup\"><div class=\"nextPopup\"><\/div><\/div>\r\n\t<div class=\"popup containerPopup\">\r\n\t\t<div class=\"container_exit\"><div class=\"exit\"><\/div><\/div>\r\n\t\t<div class=\"contenuPopup container\">\r\n\t\t\t<div class=\"row\">\r\n\t\t\t\t<div class=\"col-md-12\">\r\n\t\t\t\t\t<img decoding=\"async\" src=\"\">\r\n\t\t\t\t<\/div>\r\n\t\t\t<\/div>\r\n\t\t<\/div>\r\n\t<\/div>\r\n<\/div><\/div><\/div><div id=\"panel-1528-1-0-2\" class=\"so-panel widget widget_bouton panel-last-child\" data-index=\"4\" ><div\n\t\t\t\n\t\t\tclass=\"so-widget-bouton so-widget-bouton-default-40cd750bba98-1528\"\n\t\t\t\n\t\t><div class=\"container_btn centre\">\r\n\t\t<a href=\"https:\/\/www.sacmo.com\/fr\/nos-machines-de-conditionnement\/remplisseuse\/remplisseuse-monobloc-pour-pots\/\">\t\r\n\t\t\t<div class=\"btn rouge\">\r\n\t\t\t<span>En savoir plus<\/span>\r\n\t\t<\/div>\r\n\t<\/a>\r\n<\/div>\r\n<\/div><\/div><\/div><\/div><\/div><div id=\"pg-1528-2\"  class=\"panel-grid panel-has-style\" ><div class=\"panel-row-style panel-row-style-for-1528-2\" ><div id=\"pgc-1528-2-0\"  class=\"panel-grid-cell\" ><div id=\"panel-1528-2-0-0\" class=\"so-panel widget widget_smartheme_titre_widget panel-first-child\" data-index=\"5\" ><div\n\t\t\t\n\t\t\tclass=\"so-widget-smartheme_titre_widget so-widget-smartheme_titre_widget-default-d75171398898-1528\"\n\t\t\t\n\t\t><div class=\"container_titre center\">\n\t<div class=\"titre\">\n\t\t\t\t<h3>Remplisseuse de pots rotative<\/h3>\n\t<\/div>\n\t<\/div><\/div><\/div><div id=\"panel-1528-2-0-1\" class=\"so-panel widget widget_smarttheme_media_gallery_masonry\" data-index=\"6\" ><div\n\t\t\t\n\t\t\tclass=\"so-widget-smarttheme_media_gallery_masonry so-widget-smarttheme_media_gallery_masonry-default-d75171398898-1528\"\n\t\t\t\n\t\t><div class=\"container_galerie_masonry\">\r\n\t<div class=\"galerie_masonry two_column\">\r\n\t\t\t\t\t\t\t\t<div class=\"container_image rectangle center\" attr-image=\"https:\/\/www.sacmo.com\/fr\/wp-content\/uploads\/2021\/06\/remplisseuse-pot.jpg\">\r\n\t\t\t\t<div class=\"image center\" style=\"background-image: url(https:\/\/www.sacmo.com\/fr\/wp-content\/uploads\/2021\/06\/remplisseuse-pot.jpg)\"><\/div>\r\n\t\t\t\t<div class=\"filtre center\" style=\"background-image: linear-gradient(#b91b1d, #b91b1d), url(https:\/\/www.sacmo.com\/fr\/wp-content\/uploads\/2021\/06\/remplisseuse-pot.jpg);\"><\/div>\r\n\t\t\t\t\t\t\t<\/div>\r\n\t\t\t\t\t\t\t\t<div class=\"container_image rectangle center\" attr-image=\"https:\/\/www.sacmo.com\/fr\/wp-content\/uploads\/2021\/03\/Remplisseuse-Pots02-scaled-1.jpg\">\r\n\t\t\t\t<div class=\"image center\" style=\"background-image: url(https:\/\/www.sacmo.com\/fr\/wp-content\/uploads\/2021\/03\/Remplisseuse-Pots02-scaled-1.jpg)\"><\/div>\r\n\t\t\t\t<div class=\"filtre center\" style=\"background-image: linear-gradient(#b91b1d, #b91b1d), url(https:\/\/www.sacmo.com\/fr\/wp-content\/uploads\/2021\/03\/Remplisseuse-Pots02-scaled-1.jpg);\"><\/div>\r\n\t\t\t\t\t\t\t<\/div>\r\n\t\t\t<\/div>\r\n<\/div>\r\n\r\n<div class=\"fond_popup_masonry\"><\/div>\r\n<div class=\"popup_masonry\">\r\n\t<div class=\"container-prevPopup\"><div class=\"prevPopup\"><\/div><\/div>\r\n\t<div class=\"container-nextPopup\"><div class=\"nextPopup\"><\/div><\/div>\r\n\t<div class=\"popup containerPopup\">\r\n\t\t<div class=\"container_exit\"><div class=\"exit\"><\/div><\/div>\r\n\t\t<div class=\"contenuPopup container\">\r\n\t\t\t<div class=\"row\">\r\n\t\t\t\t<div class=\"col-md-12\">\r\n\t\t\t\t\t<img decoding=\"async\" src=\"\">\r\n\t\t\t\t<\/div>\r\n\t\t\t<\/div>\r\n\t\t<\/div>\r\n\t<\/div>\r\n<\/div><\/div><\/div><div id=\"panel-1528-2-0-2\" class=\"so-panel widget widget_bouton panel-last-child\" data-index=\"7\" ><div\n\t\t\t\n\t\t\tclass=\"so-widget-bouton so-widget-bouton-default-40cd750bba98-1528\"\n\t\t\t\n\t\t><div class=\"container_btn centre\">\r\n\t\t<a href=\"https:\/\/www.sacmo.com\/fr\/nos-machines-de-conditionnement\/remplisseuse\/remplisseuse-de-pots-rotative\/\">\t\r\n\t\t\t<div class=\"btn rouge\">\r\n\t\t\t<span>En savoir plus<\/span>\r\n\t\t<\/div>\r\n\t<\/a>\r\n<\/div>\r\n<\/div><\/div><\/div><\/div><\/div><div id=\"pg-1528-3\"  class=\"panel-grid panel-has-style\" ><div class=\"panel-row-style panel-row-style-for-1528-3\" ><div id=\"pgc-1528-3-0\"  class=\"panel-grid-cell\" ><div id=\"panel-1528-3-0-0\" class=\"so-panel widget widget_smartheme_titre_widget panel-first-child\" data-index=\"8\" ><div\n\t\t\t\n\t\t\tclass=\"so-widget-smartheme_titre_widget so-widget-smartheme_titre_widget-default-d75171398898-1528\"\n\t\t\t\n\t\t><div class=\"container_titre center\">\n\t<div class=\"titre\">\n\t\t\t\t<h3>Remplisseuse de flacons<\/h3>\n\t<\/div>\n\t<\/div><\/div><\/div><div id=\"panel-1528-3-0-1\" class=\"so-panel widget widget_smarttheme_media_gallery_masonry\" data-index=\"9\" ><div\n\t\t\t\n\t\t\tclass=\"so-widget-smarttheme_media_gallery_masonry so-widget-smarttheme_media_gallery_masonry-default-d75171398898-1528\"\n\t\t\t\n\t\t><div class=\"container_galerie_masonry\">\r\n\t<div class=\"galerie_masonry two_column\">\r\n\t\t\t\t\t\t\t\t<div class=\"container_image rectangle center\" attr-image=\"https:\/\/www.sacmo.com\/fr\/wp-content\/uploads\/2021\/06\/Perfume-filling-station.jpg\">\r\n\t\t\t\t<div class=\"image center\" style=\"background-image: url(https:\/\/www.sacmo.com\/fr\/wp-content\/uploads\/2021\/06\/Perfume-filling-station.jpg)\"><\/div>\r\n\t\t\t\t<div class=\"filtre center\" style=\"background-image: linear-gradient(#b91b1d, #b91b1d), url(https:\/\/www.sacmo.com\/fr\/wp-content\/uploads\/2021\/06\/Perfume-filling-station.jpg);\"><\/div>\r\n\t\t\t\t\t\t\t<\/div>\r\n\t\t\t\t\t\t\t\t<div class=\"container_image rectangle center\" attr-image=\"https:\/\/www.sacmo.com\/fr\/wp-content\/uploads\/2021\/06\/DSC06618.jpg\">\r\n\t\t\t\t<div class=\"image center\" style=\"background-image: url(https:\/\/www.sacmo.com\/fr\/wp-content\/uploads\/2021\/06\/DSC06618.jpg)\"><\/div>\r\n\t\t\t\t<div class=\"filtre center\" style=\"background-image: linear-gradient(#b91b1d, #b91b1d), url(https:\/\/www.sacmo.com\/fr\/wp-content\/uploads\/2021\/06\/DSC06618.jpg);\"><\/div>\r\n\t\t\t\t\t\t\t<\/div>\r\n\t\t\t<\/div>\r\n<\/div>\r\n\r\n<div class=\"fond_popup_masonry\"><\/div>\r\n<div class=\"popup_masonry\">\r\n\t<div class=\"container-prevPopup\"><div class=\"prevPopup\"><\/div><\/div>\r\n\t<div class=\"container-nextPopup\"><div class=\"nextPopup\"><\/div><\/div>\r\n\t<div class=\"popup containerPopup\">\r\n\t\t<div class=\"container_exit\"><div class=\"exit\"><\/div><\/div>\r\n\t\t<div class=\"contenuPopup container\">\r\n\t\t\t<div class=\"row\">\r\n\t\t\t\t<div class=\"col-md-12\">\r\n\t\t\t\t\t<img decoding=\"async\" src=\"\">\r\n\t\t\t\t<\/div>\r\n\t\t\t<\/div>\r\n\t\t<\/div>\r\n\t<\/div>\r\n<\/div><\/div><\/div><div id=\"panel-1528-3-0-2\" class=\"so-panel widget widget_bouton panel-last-child\" data-index=\"10\" ><div\n\t\t\t\n\t\t\tclass=\"so-widget-bouton so-widget-bouton-default-40cd750bba98-1528\"\n\t\t\t\n\t\t><div class=\"container_btn centre\">\r\n\t\t<a href=\"https:\/\/www.sacmo.com\/fr\/accueil\/nos-machines-de-conditionnement\/remplisseuse\/machine-remplissage-dosage-automatique\">\t\r\n\t\t\t<div class=\"btn rouge\">\r\n\t\t\t<span>En savoir plus<\/span>\r\n\t\t<\/div>\r\n\t<\/a>\r\n<\/div>\r\n<\/div><\/div><\/div><\/div><\/div><div id=\"pg-1528-4\"  class=\"panel-grid panel-has-style\" ><div class=\"panel-row-style panel-row-style-for-1528-4\" ><div id=\"pgc-1528-4-0\"  class=\"panel-grid-cell\" ><div id=\"panel-1528-4-0-0\" class=\"so-panel widget widget_smartheme_titre_widget panel-first-child\" data-index=\"11\" ><div\n\t\t\t\n\t\t\tclass=\"so-widget-smartheme_titre_widget so-widget-smartheme_titre_widget-default-d75171398898-1528\"\n\t\t\t\n\t\t><div class=\"container_titre center\">\n\t<div class=\"titre\">\n\t\t\t\t<h3>Remplisseuse de tubes<\/h3>\n\t<\/div>\n\t<\/div><\/div><\/div><div id=\"panel-1528-4-0-1\" class=\"so-panel widget widget_smarttheme_media_gallery_masonry\" data-index=\"12\" ><div\n\t\t\t\n\t\t\tclass=\"so-widget-smarttheme_media_gallery_masonry so-widget-smarttheme_media_gallery_masonry-default-d75171398898-1528\"\n\t\t\t\n\t\t><div class=\"container_galerie_masonry\">\r\n\t<div class=\"galerie_masonry two_column\">\r\n\t\t\t\t\t\t\t\t<div class=\"container_image rectangle center\" attr-image=\"https:\/\/www.sacmo.com\/fr\/wp-content\/uploads\/2021\/06\/DSC02288.jpg\">\r\n\t\t\t\t<div class=\"image center\" style=\"background-image: url(https:\/\/www.sacmo.com\/fr\/wp-content\/uploads\/2021\/06\/DSC02288.jpg)\"><\/div>\r\n\t\t\t\t<div class=\"filtre center\" style=\"background-image: linear-gradient(#b91b1d, #b91b1d), url(https:\/\/www.sacmo.com\/fr\/wp-content\/uploads\/2021\/06\/DSC02288.jpg);\"><\/div>\r\n\t\t\t\t\t\t\t<\/div>\r\n\t\t\t\t\t\t\t\t<div class=\"container_image rectangle center\" attr-image=\"https:\/\/www.sacmo.com\/fr\/wp-content\/uploads\/2021\/04\/remplisseuse-etiqueteuse-tubes-sacmo-1.jpg\">\r\n\t\t\t\t<div class=\"image center\" style=\"background-image: url(https:\/\/www.sacmo.com\/fr\/wp-content\/uploads\/2021\/04\/remplisseuse-etiqueteuse-tubes-sacmo-1.jpg)\"><\/div>\r\n\t\t\t\t<div class=\"filtre center\" style=\"background-image: linear-gradient(#b91b1d, #b91b1d), url(https:\/\/www.sacmo.com\/fr\/wp-content\/uploads\/2021\/04\/remplisseuse-etiqueteuse-tubes-sacmo-1.jpg);\"><\/div>\r\n\t\t\t\t\t\t\t<\/div>\r\n\t\t\t<\/div>\r\n<\/div>\r\n\r\n<div class=\"fond_popup_masonry\"><\/div>\r\n<div class=\"popup_masonry\">\r\n\t<div class=\"container-prevPopup\"><div class=\"prevPopup\"><\/div><\/div>\r\n\t<div class=\"container-nextPopup\"><div class=\"nextPopup\"><\/div><\/div>\r\n\t<div class=\"popup containerPopup\">\r\n\t\t<div class=\"container_exit\"><div class=\"exit\"><\/div><\/div>\r\n\t\t<div class=\"contenuPopup container\">\r\n\t\t\t<div class=\"row\">\r\n\t\t\t\t<div class=\"col-md-12\">\r\n\t\t\t\t\t<img decoding=\"async\" src=\"\">\r\n\t\t\t\t<\/div>\r\n\t\t\t<\/div>\r\n\t\t<\/div>\r\n\t<\/div>\r\n<\/div><\/div><\/div><div id=\"panel-1528-4-0-2\" class=\"so-panel widget widget_bouton panel-last-child\" data-index=\"13\" ><div\n\t\t\t\n\t\t\tclass=\"so-widget-bouton so-widget-bouton-default-40cd750bba98-1528\"\n\t\t\t\n\t\t><div class=\"container_btn centre\">\r\n\t\t<a href=\"https:\/\/www.sacmo.com\/fr\/nos-machines-de-conditionnement\/remplisseuse\/remplisseuse-de-tubes\/\">\t\r\n\t\t\t<div class=\"btn rouge\">\r\n\t\t\t<span>En savoir plus<\/span>\r\n\t\t<\/div>\r\n\t<\/a>\r\n<\/div>\r\n<\/div><\/div><\/div><\/div><\/div><div id=\"pg-1528-5\"  class=\"panel-grid panel-has-style\" ><div class=\"panel-row-style panel-row-style-for-1528-5\" ><div id=\"pgc-1528-5-0\"  class=\"panel-grid-cell\" ><div id=\"panel-1528-5-0-0\" class=\"so-panel widget widget_smartheme_titre_widget panel-first-child\" data-index=\"14\" ><div\n\t\t\t\n\t\t\tclass=\"so-widget-smartheme_titre_widget so-widget-smartheme_titre_widget-default-d75171398898-1528\"\n\t\t\t\n\t\t><div class=\"container_titre center\">\n\t<div class=\"titre\">\n\t\t\t\t<h3>Remplisseuse d'\u00e9chantillons<\/h3>\n\t<\/div>\n\t<\/div><\/div><\/div><div id=\"panel-1528-5-0-1\" class=\"so-panel widget widget_smarttheme_media_gallery_masonry\" data-index=\"15\" ><div\n\t\t\t\n\t\t\tclass=\"so-widget-smarttheme_media_gallery_masonry so-widget-smarttheme_media_gallery_masonry-default-d75171398898-1528\"\n\t\t\t\n\t\t><div class=\"container_galerie_masonry\">\r\n\t<div class=\"galerie_masonry one_column\">\r\n\t\t\t\t\t\t\t\t<div class=\"container_image rectangle center\" attr-image=\"https:\/\/www.sacmo.com\/fr\/wp-content\/uploads\/2021\/03\/03-Remplisseuse-echantillon-parfum-scaled-1.jpg\">\r\n\t\t\t\t<div class=\"image center\" style=\"background-image: url(https:\/\/www.sacmo.com\/fr\/wp-content\/uploads\/2021\/03\/03-Remplisseuse-echantillon-parfum-scaled-1.jpg)\"><\/div>\r\n\t\t\t\t<div class=\"filtre center\" style=\"background-image: linear-gradient(#b91b1d, #b91b1d), url(https:\/\/www.sacmo.com\/fr\/wp-content\/uploads\/2021\/03\/03-Remplisseuse-echantillon-parfum-scaled-1.jpg);\"><\/div>\r\n\t\t\t\t\t\t\t<\/div>\r\n\t\t\t<\/div>\r\n<\/div>\r\n\r\n<div class=\"fond_popup_masonry\"><\/div>\r\n<div class=\"popup_masonry\">\r\n\t<div class=\"container-prevPopup\"><div class=\"prevPopup\"><\/div><\/div>\r\n\t<div class=\"container-nextPopup\"><div class=\"nextPopup\"><\/div><\/div>\r\n\t<div class=\"popup containerPopup\">\r\n\t\t<div class=\"container_exit\"><div class=\"exit\"><\/div><\/div>\r\n\t\t<div class=\"contenuPopup container\">\r\n\t\t\t<div class=\"row\">\r\n\t\t\t\t<div class=\"col-md-12\">\r\n\t\t\t\t\t<img decoding=\"async\" src=\"\">\r\n\t\t\t\t<\/div>\r\n\t\t\t<\/div>\r\n\t\t<\/div>\r\n\t<\/div>\r\n<\/div><\/div><\/div><div id=\"panel-1528-5-0-2\" class=\"so-panel widget widget_bouton panel-last-child\" data-index=\"16\" ><div\n\t\t\t\n\t\t\tclass=\"so-widget-bouton so-widget-bouton-default-40cd750bba98-1528\"\n\t\t\t\n\t\t><div class=\"container_btn centre\">\r\n\t\t<a href=\"https:\/\/www.sacmo.com\/fr\/accueil\/nos-machines-de-conditionnement\/remplisseuse\/remplisseuse-echantillons-parfum\/\">\t\r\n\t\t\t<div class=\"btn rouge\">\r\n\t\t\t<span>En savoir plus<\/span>\r\n\t\t<\/div>\r\n\t<\/a>\r\n<\/div>\r\n<\/div><\/div><\/div><\/div><\/div><\/div>","protected":false},"excerpt":{"rendered":"<p>UNE GAMME DE REMPLISSEUSES AUTOMATIQUES POUR VOS FLACONS, POTS, TUBES OU ECHANTILLONS Conception, r\u00e9alisation et retrofit Dans les secteurs cosm\u00e9tiques [&hellip;]<\/p>\n","protected":false},"author":1,"featured_media":1091,"parent":641,"menu_order":0,"comment_status":"closed","ping_status":"closed","template":"","meta":{"content-type":"","footnotes":""},"class_list":["post-1528","page","type-page","status-publish","has-post-thumbnail","hentry"],"_links":{"self":[{"href":"https:\/\/www.sacmo.com\/fr\/wp-json\/wp\/v2\/pages\/1528","targetHints":{"allow":["GET"]}}],"collection":[{"href":"https:\/\/www.sacmo.com\/fr\/wp-json\/wp\/v2\/pages"}],"about":[{"href":"https:\/\/www.sacmo.com\/fr\/wp-json\/wp\/v2\/types\/page"}],"author":[{"embeddable":true,"href":"https:\/\/www.sacmo.com\/fr\/wp-json\/wp\/v2\/users\/1"}],"replies":[{"embeddable":true,"href":"https:\/\/www.sacmo.com\/fr\/wp-json\/wp\/v2\/comments?post=1528"}],"version-history":[{"count":31,"href":"https:\/\/www.sacmo.com\/fr\/wp-json\/wp\/v2\/pages\/1528\/revisions"}],"predecessor-version":[{"id":2957,"href":"https:\/\/www.sacmo.com\/fr\/wp-json\/wp\/v2\/pages\/1528\/revisions\/2957"}],"up":[{"embeddable":true,"href":"https:\/\/www.sacmo.com\/fr\/wp-json\/wp\/v2\/pages\/641"}],"wp:featuredmedia":[{"embeddable":true,"href":"https:\/\/www.sacmo.com\/fr\/wp-json\/wp\/v2\/media\/1091"}],"wp:attachment":[{"href":"https:\/\/www.sacmo.com\/fr\/wp-json\/wp\/v2\/media?parent=1528"}],"curies":[{"name":"wp","href":"https:\/\/api.w.org\/{rel}","templated":true}]}}