{"id":116,"date":"2020-09-02T11:54:17","date_gmt":"2020-09-02T09:54:17","guid":{"rendered":"http:\/\/www.sacmo.com\/?page_id=116"},"modified":"2026-02-16T16:15:54","modified_gmt":"2026-02-16T15:15:54","slug":"actualite","status":"publish","type":"page","link":"https:\/\/www.sacmo.com\/fr\/actualite\/","title":{"rendered":"Actualit\u00e9"},"content":{"rendered":"<div id=\"pl-116\"  class=\"panel-layout\" ><div id=\"pg-116-0\"  class=\"panel-grid panel-no-style\" ><div id=\"pgc-116-0-0\"  class=\"panel-grid-cell\" ><div id=\"panel-116-0-0-0\" class=\"so-panel widget widget_editeur panel-first-child panel-last-child\" data-index=\"0\" ><div\n\t\t\t\n\t\t\tclass=\"so-widget-editeur so-widget-editeur-base\"\n\t\t\t\n\t\t><h3 class=\"widget-title\">Pour \u00eatre invit\u00e9 \u00e0 nos \u00e9v\u00e8nements et d\u00e9couvrir nos nouveaut\u00e9s, inscrivez-vous \u00e0 notre newsletter !<\/h3>\t\t\t<div class=\"smarttheme_editeur\">\n\t\t<p>https:\/\/share-eu1.hsforms.com\/1akM5jn6cSCegDf8YwjRcGwf0wqg<\/p>\n<\/div>\n<\/div><\/div><\/div><\/div><\/div>","protected":false},"excerpt":{"rendered":"<p>Pour \u00eatre invit\u00e9 \u00e0 nos \u00e9v\u00e8nements et d\u00e9couvrir nos nouveaut\u00e9s, inscrivez-vous \u00e0 notre newsletter ! https:\/\/share-eu1.hsforms.com\/1akM5jn6cSCegDf8YwjRcGwf0wqg<\/p>\n","protected":false},"author":1,"featured_media":0,"parent":0,"menu_order":0,"comment_status":"closed","ping_status":"closed","template":"template-actualite.php","meta":{"content-type":"","footnotes":""},"class_list":["post-116","page","type-page","status-publish","hentry"],"_links":{"self":[{"href":"https:\/\/www.sacmo.com\/fr\/wp-json\/wp\/v2\/pages\/116","targetHints":{"allow":["GET"]}}],"collection":[{"href":"https:\/\/www.sacmo.com\/fr\/wp-json\/wp\/v2\/pages"}],"about":[{"href":"https:\/\/www.sacmo.com\/fr\/wp-json\/wp\/v2\/types\/page"}],"author":[{"embeddable":true,"href":"https:\/\/www.sacmo.com\/fr\/wp-json\/wp\/v2\/users\/1"}],"replies":[{"embeddable":true,"href":"https:\/\/www.sacmo.com\/fr\/wp-json\/wp\/v2\/comments?post=116"}],"version-history":[{"count":4,"href":"https:\/\/www.sacmo.com\/fr\/wp-json\/wp\/v2\/pages\/116\/revisions"}],"predecessor-version":[{"id":5413,"href":"https:\/\/www.sacmo.com\/fr\/wp-json\/wp\/v2\/pages\/116\/revisions\/5413"}],"wp:attachment":[{"href":"https:\/\/www.sacmo.com\/fr\/wp-json\/wp\/v2\/media?parent=116"}],"curies":[{"name":"wp","href":"https:\/\/api.w.org\/{rel}","templated":true}]}}