{"id":1013,"date":"2021-03-18T17:12:18","date_gmt":"2021-03-18T16:12:18","guid":{"rendered":"http:\/\/www.sacmo.com\/?page_id=1013"},"modified":"2021-03-18T17:12:18","modified_gmt":"2021-03-18T16:12:18","slug":"packaging","status":"publish","type":"page","link":"https:\/\/www.sacmo.com\/fr\/nos-solutions-de-conditionnement\/packaging\/","title":{"rendered":"Packaging"},"content":{"rendered":"<div id=\"pl-1013\"  class=\"panel-layout\" ><div id=\"pg-1013-0\"  class=\"panel-grid panel-has-style\" ><div class=\"panel-row-style panel-row-style-for-1013-0\" ><div id=\"pgc-1013-0-0\"  class=\"panel-grid-cell\" ><div id=\"panel-1013-0-0-0\" class=\"so-panel widget widget_smartheme_titre_widget panel-first-child\" data-index=\"0\" ><div\n\t\t\t\n\t\t\tclass=\"so-widget-smartheme_titre_widget so-widget-smartheme_titre_widget-default-d75171398898-1013\"\n\t\t\t\n\t\t><div class=\"container_titre left\">\n\t<div class=\"titre\">\n\t\t\t\t<h2>Pour toute autre application, contactez-nous directement.<\/h2>\n\t<\/div>\n\t<\/div><\/div><\/div><div id=\"panel-1013-0-0-1\" class=\"so-panel widget widget_editeur panel-last-child\" data-index=\"1\" ><div\n\t\t\t\n\t\t\tclass=\"so-widget-editeur so-widget-editeur-base\"\n\t\t\t\n\t\t>\t\t\t<div class=\"smarttheme_editeur\">\n\t\t<p>Expert en machines sur-mesure et services pour les lignes de conditionnement, SACMO rel\u00e8ve chaque jour de nouveaux d\u00e9fis. De la pi\u00e8ce de format \u00e0 la cellule robotis\u00e9e en passant par le d\u00e9m\u00e9nagement de lignes, SACMO met \u00e0 votre service toute sa polyvalence et ses 40 ann\u00e9es d\u2019exp\u00e9rience.<\/p>\n<\/div>\n<\/div><\/div><\/div><div id=\"pgc-1013-0-1\"  class=\"panel-grid-cell\" ><div id=\"panel-1013-0-1-0\" class=\"so-panel widget widget_smart-image panel-first-child panel-last-child\" data-index=\"2\" ><div\n\t\t\t\n\t\t\tclass=\"so-widget-smart-image so-widget-smart-image-default-40cd750bba98-1013\"\n\t\t\t\n\t\t><div class=\"sow-image-container\">\n\t<div class=\"containerSmartImage right-center zoom filtre ajuster\"><div class=\"chargementSmartImage\"><div class=\"containerLoader\"><div class=\"loader\"><\/div><\/div><\/div><div style=\"background-image: linear-gradient(rgba(0,0,0,0) calc(100% - 40px), #b91b1d 0), url(https:\/\/www.sacmo.com\/fr\/wp-content\/uploads\/2020\/11\/sacom_atelier_usinage_2-1-768x512.jpg);\" class=\"filtre smartImage carre \"><\/div><\/div>\t\t\t<div class=\"fond_popup_image\"><\/div>\n\t\t<div id=\"popup_image\">\n\t\t\t<div class=\"container-prevPopup\"><div class=\"prevPopup\"><\/div><\/div>\n\t\t\t<div class=\"container-nextPopup\"><div class=\"nextPopup\"><\/div><\/div>\n\t\t\t<div class=\"popup containerPopup\">\n\t\t\t\t<div class=\"container_exit\"><div class=\"exit\"><\/div><\/div>\n\t\t\t\t<div class=\"contenuPopup container\">\n\t\t\t\t\t<div class=\"row\">\n\t\t\t\t\t\t<div class=\"col-md-12\">\n\t\t\t\t\t\t\t<img decoding=\"async\" src=\"https:\/\/www.sacmo.com\/fr\/wp-content\/uploads\/2020\/11\/sacom_atelier_usinage_2-1-768x512.jpg\">\n\t\t\t\t\t\t<\/div>\n\t\t\t\t\t<\/div>\n\t\t\t\t<\/div>\n\t\t\t<\/div>\n\t\t<\/div>\n\t<\/div>\n\n<\/div><\/div><\/div><\/div><\/div><div id=\"pg-1013-1\"  class=\"panel-grid panel-has-style\" ><div class=\"panel-row-style panel-row-style-for-1013-1\" ><div id=\"pgc-1013-1-0\"  class=\"panel-grid-cell\" ><div id=\"panel-1013-1-0-0\" class=\"so-panel widget widget_smartheme_titre_widget panel-first-child\" data-index=\"3\" ><div\n\t\t\t\n\t\t\tclass=\"so-widget-smartheme_titre_widget so-widget-smartheme_titre_widget-default-d75171398898-1013\"\n\t\t\t\n\t\t><div class=\"container_titre left\">\n\t<div class=\"titre\">\n\t\t\t\t<h3>Nos services compl\u00e9mentaires<\/h3>\n\t<\/div>\n\t<\/div><\/div><\/div><div id=\"panel-1013-1-0-1\" class=\"so-panel widget widget_smarttheme_carousel_pictos_widget panel-last-child\" data-index=\"4\" ><div\n\t\t\t\n\t\t\tclass=\"so-widget-smarttheme_carousel_pictos_widget so-widget-smarttheme_carousel_pictos_widget-default-d75171398898-1013\"\n\t\t\t\n\t\t><div class=\"container_carousel_pictos\">\r\n\t\t<div class=\"swiper-container  \">\r\n\t\t<div class=\"swiper-wrapper\">\t\r\n\t\t\t\t\t\t\t\t<div class=\"container_picto_titre swiper-slide\">\r\n\t\t\t\t\t\t\t\t\t\t\t\t<a href=\"https:\/\/www.sacmo.com\/fr\/services-et-support\/retrofit\/\">\r\n\t\t\t\t\t\t\t\t<div class=\"container_picto\">\r\n\t\t\t\t\t<div class=\"picto\" style=\"background-image: url(https:\/\/www.sacmo.com\/fr\/wp-content\/uploads\/2020\/12\/retrofit_complet-1.svg)\"><\/div>\r\n\t\t\t\t<\/div>\r\n\t\t\t\t<div class=\"container_titre\">\r\n\t\t\t\t\t<span class=\"titre\">RETROFIT<\/span>\r\n\t\t\t\t<\/div>\r\n\t\t\t\t\t\t\t\t\t<div class=\"container_description\">\r\n\t\t\t\t\t\t<p class=\"description\">SACMO propose aussi de r\u00e9nover des machines de conditionnement.<\/p>\r\n\t\t\t\t\t<\/div>\r\n\t\t\t\t\t\t\t\t\t\t\t\t<\/a>\r\n\t\t\t\t\t\t\t<\/div>\r\n\t\t\t\t\t\t\t\t<div class=\"container_picto_titre swiper-slide\">\r\n\t\t\t\t\t\t\t\t\t\t\t\t<a href=\"https:\/\/www.sacmo.com\/fr\/services-et-support\/outillages-et-pieces-de-format\/\">\r\n\t\t\t\t\t\t\t\t<div class=\"container_picto\">\r\n\t\t\t\t\t<div class=\"picto\" style=\"background-image: url(https:\/\/www.sacmo.com\/fr\/wp-content\/uploads\/2020\/08\/outillage_et_pieces-1.svg)\"><\/div>\r\n\t\t\t\t<\/div>\r\n\t\t\t\t<div class=\"container_titre\">\r\n\t\t\t\t\t<span class=\"titre\">ADAPTATION<\/span>\r\n\t\t\t\t<\/div>\r\n\t\t\t\t\t\t\t\t\t<div class=\"container_description\">\r\n\t\t\t\t\t\t<p class=\"description\">Boostez vos machines en y int\u00e9grant de nouvelles technologies.<\/p>\r\n\t\t\t\t\t<\/div>\r\n\t\t\t\t\t\t\t\t\t\t\t\t<\/a>\r\n\t\t\t\t\t\t\t<\/div>\r\n\t\t\t\t\t\t\t\t<div class=\"container_picto_titre swiper-slide\">\r\n\t\t\t\t\t\t\t\t\t\t\t\t<a href=\"https:\/\/www.sacmo.com\/fr\/services-et-support\/outillages-et-pieces-de-format\/\">\r\n\t\t\t\t\t\t\t\t<div class=\"container_picto\">\r\n\t\t\t\t\t<div class=\"picto\" style=\"background-image: url(https:\/\/www.sacmo.com\/fr\/wp-content\/uploads\/2020\/08\/outillage_et_pieces-1.svg)\"><\/div>\r\n\t\t\t\t<\/div>\r\n\t\t\t\t<div class=\"container_titre\">\r\n\t\t\t\t\t<span class=\"titre\">OUTILLAGES <br \/>\nET PIECES DE FORMAT<\/span>\r\n\t\t\t\t<\/div>\r\n\t\t\t\t\t\t\t\t\t<div class=\"container_description\">\r\n\t\t\t\t\t\t<p class=\"description\">Nous concevons et r\u00e9alisons des outillages complets pour vos machines de conditionnement.<\/p>\r\n\t\t\t\t\t<\/div>\r\n\t\t\t\t\t\t\t\t\t\t\t\t<\/a>\r\n\t\t\t\t\t\t\t<\/div>\r\n\t\t\t\t\t\t\t\t<div class=\"container_picto_titre swiper-slide\">\r\n\t\t\t\t\t\t\t\t\t\t\t\t<a href=\"https:\/\/www.sacmo.com\/fr\/services-et-support\/demenagement-transfert-industriel\/\">\r\n\t\t\t\t\t\t\t\t<div class=\"container_picto\">\r\n\t\t\t\t\t<div class=\"picto\" style=\"background-image: url(https:\/\/www.sacmo.com\/fr\/wp-content\/uploads\/2020\/08\/demenagement_de_lignes-1.svg)\"><\/div>\r\n\t\t\t\t<\/div>\r\n\t\t\t\t<div class=\"container_titre\">\r\n\t\t\t\t\t<span class=\"titre\">D\u00c9M\u00c9NAGEMENT DE LIGNES <br \/>\nDE CONDITIONNEMENT<\/span>\r\n\t\t\t\t<\/div>\r\n\t\t\t\t\t\t\t\t\t<div class=\"container_description\">\r\n\t\t\t\t\t\t<p class=\"description\">Nous effectuons vos transferts de lignes intra ou inter-sites, en France et \u00e0 l\u2019\u00e9tranger.<\/p>\r\n\t\t\t\t\t<\/div>\r\n\t\t\t\t\t\t\t\t\t\t\t\t<\/a>\r\n\t\t\t\t\t\t\t<\/div>\r\n\t\t\t\r\n\t\t<\/div>\r\n\t<\/div>\r\n\t<div class=\"swiper-button-next\">\r\n\t\t<div class=\"container_nav_next\">\r\n\t\t\t<div class=\"nav_next\">\r\n\t\t\t\t<span><\/span>\r\n\t\t\t<\/div>\r\n\t\t<\/div>\r\n\t<\/div>\r\n\t<div class=\"swiper-button-prev\">\r\n\t\t<div class=\"container_nav_prev\">\r\n\t\t\t<div class=\"nav_prev\">\r\n\t\t\t\t<span><\/span>\r\n\t\t\t<\/div>\r\n\t\t<\/div>\r\n\t<\/div>\r\n\t<div class=\"container_carousel_pictos-pagination\"><\/div>\r\n<\/div><\/div><\/div><\/div><\/div><\/div><\/div>","protected":false},"excerpt":{"rendered":"<p>Pour toute autre application, contactez-nous directement. Expert en machines sur-mesure et services pour les lignes de conditionnement, SACMO rel\u00e8ve chaque [&hellip;]<\/p>\n","protected":false},"author":1,"featured_media":0,"parent":695,"menu_order":0,"comment_status":"closed","ping_status":"closed","template":"","meta":{"content-type":"","footnotes":""},"class_list":["post-1013","page","type-page","status-publish","hentry"],"_links":{"self":[{"href":"https:\/\/www.sacmo.com\/fr\/wp-json\/wp\/v2\/pages\/1013","targetHints":{"allow":["GET"]}}],"collection":[{"href":"https:\/\/www.sacmo.com\/fr\/wp-json\/wp\/v2\/pages"}],"about":[{"href":"https:\/\/www.sacmo.com\/fr\/wp-json\/wp\/v2\/types\/page"}],"author":[{"embeddable":true,"href":"https:\/\/www.sacmo.com\/fr\/wp-json\/wp\/v2\/users\/1"}],"replies":[{"embeddable":true,"href":"https:\/\/www.sacmo.com\/fr\/wp-json\/wp\/v2\/comments?post=1013"}],"version-history":[{"count":0,"href":"https:\/\/www.sacmo.com\/fr\/wp-json\/wp\/v2\/pages\/1013\/revisions"}],"up":[{"embeddable":true,"href":"https:\/\/www.sacmo.com\/fr\/wp-json\/wp\/v2\/pages\/695"}],"wp:attachment":[{"href":"https:\/\/www.sacmo.com\/fr\/wp-json\/wp\/v2\/media?parent=1013"}],"curies":[{"name":"wp","href":"https:\/\/api.w.org\/{rel}","templated":true}]}}